{"id":4173,"date":"2020-11-27T15:02:50","date_gmt":"2020-11-27T13:02:50","guid":{"rendered":"https:\/\/narvajoesuu.ee\/single\/"},"modified":"2026-02-26T13:17:08","modified_gmt":"2026-02-26T11:17:08","slug":"single","status":"publish","type":"page","link":"https:\/\/narvajoesuu.ee\/ru\/single\/","title":{"rendered":"SINGLE"},"content":{"rendered":"\n<div class=\"wp-block-columns is-layout-flex wp-container-core-columns-is-layout-9d6595d7 wp-block-columns-is-layout-flex\">\n<div class=\"wp-block-column is-layout-flow wp-block-column-is-layout-flow\">\n<p class=\"has-text-align-left wp-el\"><\/p>\n\n\n\n<div class=\"wp-block-group\"><div class=\"wp-block-group__inner-container is-layout-flow wp-block-group-is-layout-flow\">\n<h2 class=\"wp-el wp-block-heading\"><strong>85\u20ac<\/strong><\/h2>\n<\/div><\/div>\n\n\n\n<p class=\"wp-el\"><strong>Hind sisaldab:<\/strong>\u00a0buffet hommikus\u00f6\u00f6ki, Saunakeskuse, basseini ja j\u00f5usaali piiramatu kasutamine. Soojendusega v\u00e4libasseini kasutamine (isegi k\u00fclma ilmaga vee temperatuur on 27 \u00b0\u0421) \/ avatud aprillist oktoobrini). Hommikumantel, WiFi, parkimine.<\/p>\n\n\n\n<p class=\"wp-el\"><strong>Check in (sisseregistreerimine)\u00a0<\/strong>alates kell 16:00<br><strong>Check out (v\u00e4ljaregustreerimine)\u00a0<\/strong>kuni kell 12:00-ni<\/p>\n<\/div>\n\n\n\n<div class=\"wp-block-column is-layout-flow wp-block-column-is-layout-flow\">\n<figure class=\"wp-block-image size-large is-resized\"><img loading=\"lazy\" decoding=\"async\" src=\"https:\/\/narvajoesuu.ee\/wp-content\/uploads\/2020\/11\/single-001-1-1024x682.jpg\" alt=\"\" class=\"wp-image-943\" width=\"568\" height=\"378\"\/><\/figure>\n<\/div>\n<\/div>\n\n\n\n<div class=\"wp-block-columns is-layout-flex wp-container-core-columns-is-layout-9d6595d7 wp-block-columns-is-layout-flex\">\n<div class=\"wp-block-column is-layout-flow wp-block-column-is-layout-flow\">\n<figure class=\"wp-block-image size-large\"><img loading=\"lazy\" decoding=\"async\" width=\"1024\" height=\"682\" src=\"https:\/\/narvajoesuu.ee\/wp-content\/uploads\/2020\/11\/single-003-1-1024x682.jpg\" alt=\"\" class=\"wp-image-958\"\/><\/figure>\n<\/div>\n\n\n\n<div class=\"wp-block-column is-layout-flow wp-block-column-is-layout-flow\">\n<figure class=\"wp-block-image size-large\"><img loading=\"lazy\" decoding=\"async\" width=\"1024\" height=\"682\" src=\"https:\/\/narvajoesuu.ee\/wp-content\/uploads\/2020\/11\/single-002-2-1024x682.jpg\" alt=\"\" class=\"wp-image-994\"\/><\/figure>\n<\/div>\n<\/div>\n","protected":false},"excerpt":{"rendered":"<p>85\u20ac Hind sisaldab:\u00a0buffet hommikus\u00f6\u00f6ki, Saunakeskuse, basseini ja j\u00f5usaali piiramatu kasutamine. Soojendusega v\u00e4libasseini kasutamine (isegi k\u00fclma ilmaga vee temperatuur on 27&#8230;<\/p>\n","protected":false},"author":3,"featured_media":0,"parent":0,"menu_order":487,"comment_status":"closed","ping_status":"closed","template":"","meta":{"_acf_changed":false,"_uag_custom_page_level_css":"","_monsterinsights_skip_tracking":false,"_monsterinsights_sitenote_active":false,"_monsterinsights_sitenote_note":"","_monsterinsights_sitenote_category":0,"footnotes":""},"class_list":["post-4173","page","type-page","status-publish","hentry"],"acf":[],"yoast_head":"<!-- This site is optimized with the Yoast SEO plugin v27.5 - https:\/\/yoast.com\/product\/yoast-seo-wordpress\/ -->\n<title>SINGLE - MEDICAL SPA NARVA-J\u00d5ESUU<\/title>\n<meta name=\"robots\" content=\"index, follow, max-snippet:-1, max-image-preview:large, max-video-preview:-1\" \/>\n<link rel=\"canonical\" href=\"https:\/\/narvajoesuu.ee\/ru\/single\/\" \/>\n<meta property=\"og:locale\" content=\"ru_RU\" \/>\n<meta property=\"og:type\" content=\"article\" \/>\n<meta property=\"og:title\" content=\"SINGLE - MEDICAL SPA NARVA-J\u00d5ESUU\" \/>\n<meta property=\"og:description\" content=\"85\u20ac Hind sisaldab:\u00a0buffet hommikus\u00f6\u00f6ki, Saunakeskuse, basseini ja j\u00f5usaali piiramatu kasutamine. Soojendusega v\u00e4libasseini kasutamine (isegi k\u00fclma ilmaga vee temperatuur on 27...\" \/>\n<meta property=\"og:url\" content=\"https:\/\/narvajoesuu.ee\/ru\/single\/\" \/>\n<meta property=\"og:site_name\" content=\"MEDICAL SPA NARVA-J\u00d5ESUU\" \/>\n<meta property=\"article:modified_time\" content=\"2026-02-26T11:17:08+00:00\" \/>\n<meta property=\"og:image\" content=\"https:\/\/narvajoesuu.ee\/wp-content\/uploads\/2020\/11\/single-001-1-scaled.jpg\" \/>\n\t<meta property=\"og:image:width\" content=\"2560\" \/>\n\t<meta property=\"og:image:height\" content=\"1706\" \/>\n\t<meta property=\"og:image:type\" content=\"image\/jpeg\" \/>\n<meta name=\"twitter:card\" content=\"summary_large_image\" \/>\n<script type=\"application\/ld+json\" class=\"yoast-schema-graph\">{\"@context\":\"https:\\\/\\\/schema.org\",\"@graph\":[{\"@type\":\"WebPage\",\"@id\":\"https:\\\/\\\/narvajoesuu.ee\\\/ru\\\/single\\\/\",\"url\":\"https:\\\/\\\/narvajoesuu.ee\\\/ru\\\/single\\\/\",\"name\":\"SINGLE - MEDICAL SPA NARVA-J\u00d5ESUU\",\"isPartOf\":{\"@id\":\"https:\\\/\\\/narvajoesuu.ee\\\/#website\"},\"primaryImageOfPage\":{\"@id\":\"https:\\\/\\\/narvajoesuu.ee\\\/ru\\\/single\\\/#primaryimage\"},\"image\":{\"@id\":\"https:\\\/\\\/narvajoesuu.ee\\\/ru\\\/single\\\/#primaryimage\"},\"thumbnailUrl\":\"https:\\\/\\\/narvajoesuu.ee\\\/wp-content\\\/uploads\\\/2020\\\/11\\\/single-001-1-1024x682.jpg\",\"datePublished\":\"2020-11-27T13:02:50+00:00\",\"dateModified\":\"2026-02-26T11:17:08+00:00\",\"breadcrumb\":{\"@id\":\"https:\\\/\\\/narvajoesuu.ee\\\/ru\\\/single\\\/#breadcrumb\"},\"inLanguage\":\"ru-RU\",\"potentialAction\":[{\"@type\":\"ReadAction\",\"target\":[\"https:\\\/\\\/narvajoesuu.ee\\\/ru\\\/single\\\/\"]}]},{\"@type\":\"ImageObject\",\"inLanguage\":\"ru-RU\",\"@id\":\"https:\\\/\\\/narvajoesuu.ee\\\/ru\\\/single\\\/#primaryimage\",\"url\":\"https:\\\/\\\/narvajoesuu.ee\\\/wp-content\\\/uploads\\\/2020\\\/11\\\/single-001-1-1024x682.jpg\",\"contentUrl\":\"https:\\\/\\\/narvajoesuu.ee\\\/wp-content\\\/uploads\\\/2020\\\/11\\\/single-001-1-1024x682.jpg\"},{\"@type\":\"BreadcrumbList\",\"@id\":\"https:\\\/\\\/narvajoesuu.ee\\\/ru\\\/single\\\/#breadcrumb\",\"itemListElement\":[{\"@type\":\"ListItem\",\"position\":1,\"name\":\"Home\",\"item\":\"https:\\\/\\\/narvajoesuu.ee\\\/ru\\\/\"},{\"@type\":\"ListItem\",\"position\":2,\"name\":\"SINGLE\"}]},{\"@type\":\"WebSite\",\"@id\":\"https:\\\/\\\/narvajoesuu.ee\\\/#website\",\"url\":\"https:\\\/\\\/narvajoesuu.ee\\\/\",\"name\":\"MEDICAL SPA NARVA-J\u00d5ESUU\",\"description\":\"\",\"publisher\":{\"@id\":\"https:\\\/\\\/narvajoesuu.ee\\\/#organization\"},\"potentialAction\":[{\"@type\":\"SearchAction\",\"target\":{\"@type\":\"EntryPoint\",\"urlTemplate\":\"https:\\\/\\\/narvajoesuu.ee\\\/?s={search_term_string}\"},\"query-input\":{\"@type\":\"PropertyValueSpecification\",\"valueRequired\":true,\"valueName\":\"search_term_string\"}}],\"inLanguage\":\"ru-RU\"},{\"@type\":\"Organization\",\"@id\":\"https:\\\/\\\/narvajoesuu.ee\\\/#organization\",\"name\":\"Narva-J\u00f5esuu Medical SPA\",\"url\":\"https:\\\/\\\/narvajoesuu.ee\\\/\",\"logo\":{\"@type\":\"ImageObject\",\"inLanguage\":\"ru-RU\",\"@id\":\"https:\\\/\\\/narvajoesuu.ee\\\/#\\\/schema\\\/logo\\\/image\\\/\",\"url\":\"https:\\\/\\\/narvajoesuu.ee\\\/wp-content\\\/uploads\\\/2020\\\/10\\\/narvajoesuu-logo-small.png\",\"contentUrl\":\"https:\\\/\\\/narvajoesuu.ee\\\/wp-content\\\/uploads\\\/2020\\\/10\\\/narvajoesuu-logo-small.png\",\"width\":170,\"height\":170,\"caption\":\"Narva-J\u00f5esuu Medical SPA\"},\"image\":{\"@id\":\"https:\\\/\\\/narvajoesuu.ee\\\/#\\\/schema\\\/logo\\\/image\\\/\"}}]}<\/script>\n<!-- \/ Yoast SEO plugin. -->","yoast_head_json":{"title":"SINGLE - MEDICAL SPA NARVA-J\u00d5ESUU","robots":{"index":"index","follow":"follow","max-snippet":"max-snippet:-1","max-image-preview":"max-image-preview:large","max-video-preview":"max-video-preview:-1"},"canonical":"https:\/\/narvajoesuu.ee\/ru\/single\/","og_locale":"ru_RU","og_type":"article","og_title":"SINGLE - MEDICAL SPA NARVA-J\u00d5ESUU","og_description":"85\u20ac Hind sisaldab:\u00a0buffet hommikus\u00f6\u00f6ki, Saunakeskuse, basseini ja j\u00f5usaali piiramatu kasutamine. Soojendusega v\u00e4libasseini kasutamine (isegi k\u00fclma ilmaga vee temperatuur on 27...","og_url":"https:\/\/narvajoesuu.ee\/ru\/single\/","og_site_name":"MEDICAL SPA NARVA-J\u00d5ESUU","article_modified_time":"2026-02-26T11:17:08+00:00","og_image":[{"width":2560,"height":1706,"url":"https:\/\/narvajoesuu.ee\/wp-content\/uploads\/2020\/11\/single-001-1-scaled.jpg","type":"image\/jpeg"}],"twitter_card":"summary_large_image","schema":{"@context":"https:\/\/schema.org","@graph":[{"@type":"WebPage","@id":"https:\/\/narvajoesuu.ee\/ru\/single\/","url":"https:\/\/narvajoesuu.ee\/ru\/single\/","name":"SINGLE - MEDICAL SPA NARVA-J\u00d5ESUU","isPartOf":{"@id":"https:\/\/narvajoesuu.ee\/#website"},"primaryImageOfPage":{"@id":"https:\/\/narvajoesuu.ee\/ru\/single\/#primaryimage"},"image":{"@id":"https:\/\/narvajoesuu.ee\/ru\/single\/#primaryimage"},"thumbnailUrl":"https:\/\/narvajoesuu.ee\/wp-content\/uploads\/2020\/11\/single-001-1-1024x682.jpg","datePublished":"2020-11-27T13:02:50+00:00","dateModified":"2026-02-26T11:17:08+00:00","breadcrumb":{"@id":"https:\/\/narvajoesuu.ee\/ru\/single\/#breadcrumb"},"inLanguage":"ru-RU","potentialAction":[{"@type":"ReadAction","target":["https:\/\/narvajoesuu.ee\/ru\/single\/"]}]},{"@type":"ImageObject","inLanguage":"ru-RU","@id":"https:\/\/narvajoesuu.ee\/ru\/single\/#primaryimage","url":"https:\/\/narvajoesuu.ee\/wp-content\/uploads\/2020\/11\/single-001-1-1024x682.jpg","contentUrl":"https:\/\/narvajoesuu.ee\/wp-content\/uploads\/2020\/11\/single-001-1-1024x682.jpg"},{"@type":"BreadcrumbList","@id":"https:\/\/narvajoesuu.ee\/ru\/single\/#breadcrumb","itemListElement":[{"@type":"ListItem","position":1,"name":"Home","item":"https:\/\/narvajoesuu.ee\/ru\/"},{"@type":"ListItem","position":2,"name":"SINGLE"}]},{"@type":"WebSite","@id":"https:\/\/narvajoesuu.ee\/#website","url":"https:\/\/narvajoesuu.ee\/","name":"MEDICAL SPA NARVA-J\u00d5ESUU","description":"","publisher":{"@id":"https:\/\/narvajoesuu.ee\/#organization"},"potentialAction":[{"@type":"SearchAction","target":{"@type":"EntryPoint","urlTemplate":"https:\/\/narvajoesuu.ee\/?s={search_term_string}"},"query-input":{"@type":"PropertyValueSpecification","valueRequired":true,"valueName":"search_term_string"}}],"inLanguage":"ru-RU"},{"@type":"Organization","@id":"https:\/\/narvajoesuu.ee\/#organization","name":"Narva-J\u00f5esuu Medical SPA","url":"https:\/\/narvajoesuu.ee\/","logo":{"@type":"ImageObject","inLanguage":"ru-RU","@id":"https:\/\/narvajoesuu.ee\/#\/schema\/logo\/image\/","url":"https:\/\/narvajoesuu.ee\/wp-content\/uploads\/2020\/10\/narvajoesuu-logo-small.png","contentUrl":"https:\/\/narvajoesuu.ee\/wp-content\/uploads\/2020\/10\/narvajoesuu-logo-small.png","width":170,"height":170,"caption":"Narva-J\u00f5esuu Medical SPA"},"image":{"@id":"https:\/\/narvajoesuu.ee\/#\/schema\/logo\/image\/"}}]}},"uagb_featured_image_src":{"full":false,"thumbnail":false,"medium":false,"medium_large":false,"large":false,"1536x1536":false,"2048x2048":false,"img-1920x550":false,"img-1920x320":false,"img-1920x200":false,"img-670x480":false,"img-570x280":false,"img-507":false,"img-370x240":false,"img-400x250":false,"img-370x175":false,"img-370x120":false,"img-300":false,"img-170":false},"uagb_author_info":{"display_name":"Maksim Mitrofanov","author_link":"https:\/\/narvajoesuu.ee\/ru\/author\/maksim\/"},"uagb_comment_info":0,"uagb_excerpt":"85\u20ac Hind sisaldab:\u00a0buffet hommikus\u00f6\u00f6ki, Saunakeskuse, basseini ja j\u00f5usaali piiramatu kasutamine. Soojendusega v\u00e4libasseini kasutamine (isegi k\u00fclma ilmaga vee temperatuur on 27...","_links":{"self":[{"href":"https:\/\/narvajoesuu.ee\/ru\/wp-json\/wp\/v2\/pages\/4173","targetHints":{"allow":["GET"]}}],"collection":[{"href":"https:\/\/narvajoesuu.ee\/ru\/wp-json\/wp\/v2\/pages"}],"about":[{"href":"https:\/\/narvajoesuu.ee\/ru\/wp-json\/wp\/v2\/types\/page"}],"author":[{"embeddable":true,"href":"https:\/\/narvajoesuu.ee\/ru\/wp-json\/wp\/v2\/users\/3"}],"replies":[{"embeddable":true,"href":"https:\/\/narvajoesuu.ee\/ru\/wp-json\/wp\/v2\/comments?post=4173"}],"version-history":[{"count":1,"href":"https:\/\/narvajoesuu.ee\/ru\/wp-json\/wp\/v2\/pages\/4173\/revisions"}],"predecessor-version":[{"id":4369,"href":"https:\/\/narvajoesuu.ee\/ru\/wp-json\/wp\/v2\/pages\/4173\/revisions\/4369"}],"wp:attachment":[{"href":"https:\/\/narvajoesuu.ee\/ru\/wp-json\/wp\/v2\/media?parent=4173"}],"curies":[{"name":"wp","href":"https:\/\/api.w.org\/{rel}","templated":true}]}}