{"id":4101,"date":"2021-03-18T11:42:53","date_gmt":"2021-03-18T09:42:53","guid":{"rendered":"https:\/\/narvajoesuu.ee\/%d0%b2%d1%81%d0%b5-%d0%ba%d0%be%d0%bd%d1%82%d0%b0%d0%ba%d1%82%d1%8b\/"},"modified":"2026-02-04T14:29:51","modified_gmt":"2026-02-04T12:29:51","slug":"vse-kontakty","status":"publish","type":"page","link":"https:\/\/narvajoesuu.ee\/ru\/otel\/vse-kontakty\/","title":{"rendered":"\u0412\u0441\u0435 \u043a\u043e\u043d\u0442\u0430\u043a\u0442\u044b"},"content":{"rendered":"\n<figure class=\"wp-block-table is-style-regular\"><table><tbody><tr><td><em><strong>AS Narva-J\u00f5esuu Sanatoorium<\/strong><\/em><br>Aia 3,29023 Narva-J\u00f5esuu, ESTONIA<br><br>\u041d\u0430\u0437\u0432\u0430\u043d\u0438\u0435 \u0431\u0430\u043d\u043a\u0430:&nbsp;Swedbank<br>IBAN&nbsp;EE182200001120251026<br>SWIFT&nbsp;\u043a\u043e\u0434&nbsp;HABAEE2\u0425<br><strong>\u0420\u0435\u0433\u0438\u0441\u0442\u0440\u0430\u0446\u0438\u043e\u043d\u043d\u044b\u0439 \u043a\u043e\u0434: 10228767<\/strong><\/td><td><strong><em>\u041d\u0430\u0448\u0438 \u0440\u0435\u043a\u0432\u0438\u0437\u0438\u0442\u044b \u0434\u043b\u044f \u0437\u0430\u0440\u0443\u0431\u0435\u0436\u044c\u044f:<\/em><\/strong><br>\u041f\u043e\u043b\u0443\u0447\u0430\u0442\u0435\u043b\u044c: \u0410\u041e \u0421\u0430\u043d\u0430\u0442\u043e\u0440\u0438\u0439 \u041d\u0430\u0440\u0432\u0430-\u0419\u044b\u044d\u0441\u0443\u0443<br>\u0410\u0439\u0430 3, 29023 \u041d\u0430\u0440\u0432\u0430-\u0419\u044b\u044d\u0441\u0443\u0443, \u042d\u0441\u0442\u043e\u043d\u0438\u044f<br>\u041d\u0430\u0437\u0432\u0430\u043d\u0438\u0435 \u0431\u0430\u043d\u043a\u0430: SWEDBANK AS Liivalaia 8, 15040 Tallinn<br>IBAN EE182200001120251026<br>SWIFT \u043a\u043e\u0434 HABAEE2X<br>\u041a\u043e\u0434 \u0431\u0438\u0437\u043d\u0435\u0441\u0440\u0435\u0433\u0438\u0441\u0442\u0440\u0430: 10228767<br>\u041a\u043e\u0434 KMR: EE100416714<\/td><\/tr><tr><td><strong>\u0422\u0435\u043b (\u043e\u0442\u0435\u043b\u044c 24\u0447)<\/strong><br>+372 35 99 521<br>+372 53 44 7779<\/td><td><strong>\u041e\u0437\u0434\u043e\u0440\u043e\u0432\u0438\u0442\u0435\u043b\u044c\u043d\u044b\u0439&nbsp;\u0446\u0435\u043d\u0442\u0440 &amp; \u0411\u0430\u043d\u043d\u044b\u0439 \u043a\u043e\u043c\u043f\u043b\u0435\u043a\u0441<\/strong><br>\u041f\u043d-\u0412\u0441&nbsp;9:00-21:00<br>+372 56 91 5042<br>+372 35 99&nbsp;523<br><a href=\"mailto:ilu@narvajoesuu.ee\">ilu@narvajoesuu.ee<\/a><\/td><\/tr><tr><td><strong>\u0411\u0440\u043e\u043d\u0438\u0440\u043e\u0432\u0430\u043d\u0438\u0435 24\u0447<\/strong><br>+372 35 99 521<br>+372 53 44 7779<br><a href=\"mailto:info@narvajoesuu.ee\">info@narvajoesuu.ee<\/a><\/td><td><strong><strong>Detox &amp; Antistress \u0446\u0435\u043d\u0442\u0440<\/strong><br><\/strong>\u041f\u043d-\u0412\u0441&nbsp;9:00-21:00<br>+372 56 91 5042<br>+372 35 99&nbsp;523<br><a href=\"mailto:ilu@narvajoesuu.ee\">ilu@narvajoesuu.ee<\/a><\/td><\/tr><tr><td><strong>\u0410\u0441\u0441\u0438\u0441\u0442\u0435\u043d\u0442 \u043f\u043e \u043f\u0440\u043e\u0434\u0430\u0436\u0430\u043c<\/strong><br>\u041f\u043d-\u041f\u0442 8:30-16:30<br>+372 58 25 99 19<br>+372 35 99\u00a0529<br><a href=\"mailto:info@narvajoesuu.ee\">sales@narvajoesuu.ee<\/a><\/td><td><strong><strong>K\u0443\u0445\u043d\u044f<\/strong><br><\/strong>+372 53 031&nbsp;742<br>+372 35 99 526<br><a href=\"mailto:peakokk@narvajoesuu.ee\">peakokk@narvajoesuu.ee<\/a><\/td><\/tr><tr><td><strong>\u041a\u043e\u043d\u0444\u0435\u0440\u0435\u043d\u0446\u0438\u0438 \u0438 \u0441\u0435\u043c\u0438\u043d\u0430\u0440\u044b<\/strong><br>\u041f\u043d-\u041f\u0442 8:30-16:30<br>+372 58 25 99 19<br>+372 53 44 7779<br>+372 35 99\u00a0529<br><a href=\"mailto:info@narvajoesuu.ee\">sales@narvajoesuu.ee<\/a><\/td><td><strong>\u0424\u0438\u043d\u0430\u043d\u0441\u043e\u0432\u044b\u0439 \u043e\u0442\u0434\u0435\u043b<\/strong><br>\u041f\u043d-\u041f\u0442 8:00-16:00<br>+372 35 99 522<br><a href=\"mailto:raamatupidamine@narvajoesuu.ee\">raamatupidamine@narvajoesuu.ee<\/a><\/td><\/tr><\/tbody><\/table><figcaption class=\"wp-element-caption\"><br><\/figcaption><\/figure>\n\n\n\n<p class=\"wp-el\"><\/p>\n","protected":false},"excerpt":{"rendered":"<p>AS Narva-J\u00f5esuu SanatooriumAia 3,29023 Narva-J\u00f5esuu, ESTONIA \u041d\u0430\u0437\u0432\u0430\u043d\u0438\u0435 \u0431\u0430\u043d\u043a\u0430:&nbsp;SwedbankIBAN&nbsp;EE182200001120251026SWIFT&nbsp;\u043a\u043e\u0434&nbsp;HABAEE2\u0425\u0420\u0435\u0433\u0438\u0441\u0442\u0440\u0430\u0446\u0438\u043e\u043d\u043d\u044b\u0439 \u043a\u043e\u0434: 10228767 \u041d\u0430\u0448\u0438 \u0440\u0435\u043a\u0432\u0438\u0437\u0438\u0442\u044b \u0434\u043b\u044f \u0437\u0430\u0440\u0443\u0431\u0435\u0436\u044c\u044f:\u041f\u043e\u043b\u0443\u0447\u0430\u0442\u0435\u043b\u044c: \u0410\u041e \u0421\u0430\u043d\u0430\u0442\u043e\u0440\u0438\u0439 \u041d\u0430\u0440\u0432\u0430-\u0419\u044b\u044d\u0441\u0443\u0443\u0410\u0439\u0430 3, 29023 \u041d\u0430\u0440\u0432\u0430-\u0419\u044b\u044d\u0441\u0443\u0443,&#8230;<\/p>\n","protected":false},"author":2,"featured_media":0,"parent":4279,"menu_order":393,"comment_status":"closed","ping_status":"closed","template":"","meta":{"_acf_changed":false,"_uag_custom_page_level_css":"","_monsterinsights_skip_tracking":false,"_monsterinsights_sitenote_active":false,"_monsterinsights_sitenote_note":"","_monsterinsights_sitenote_category":0,"footnotes":""},"class_list":["post-4101","page","type-page","status-publish","hentry"],"acf":[],"yoast_head":"<!-- This site is optimized with the Yoast SEO plugin v27.3 - https:\/\/yoast.com\/product\/yoast-seo-wordpress\/ -->\n<title>\u0412\u0441\u0435 \u043a\u043e\u043d\u0442\u0430\u043a\u0442\u044b - MEDICAL SPA NARVA-J\u00d5ESUU<\/title>\n<meta name=\"robots\" content=\"index, follow, max-snippet:-1, max-image-preview:large, max-video-preview:-1\" \/>\n<link rel=\"canonical\" href=\"https:\/\/narvajoesuu.ee\/ru\/otel\/vse-kontakty\/\" \/>\n<meta property=\"og:locale\" content=\"ru_RU\" \/>\n<meta property=\"og:type\" content=\"article\" \/>\n<meta property=\"og:title\" content=\"\u0412\u0441\u0435 \u043a\u043e\u043d\u0442\u0430\u043a\u0442\u044b - MEDICAL SPA NARVA-J\u00d5ESUU\" \/>\n<meta property=\"og:description\" content=\"AS Narva-J\u00f5esuu SanatooriumAia 3,29023 Narva-J\u00f5esuu, ESTONIA \u041d\u0430\u0437\u0432\u0430\u043d\u0438\u0435 \u0431\u0430\u043d\u043a\u0430:&nbsp;SwedbankIBAN&nbsp;EE182200001120251026SWIFT&nbsp;\u043a\u043e\u0434&nbsp;HABAEE2\u0425\u0420\u0435\u0433\u0438\u0441\u0442\u0440\u0430\u0446\u0438\u043e\u043d\u043d\u044b\u0439 \u043a\u043e\u0434: 10228767 \u041d\u0430\u0448\u0438 \u0440\u0435\u043a\u0432\u0438\u0437\u0438\u0442\u044b \u0434\u043b\u044f \u0437\u0430\u0440\u0443\u0431\u0435\u0436\u044c\u044f:\u041f\u043e\u043b\u0443\u0447\u0430\u0442\u0435\u043b\u044c: \u0410\u041e \u0421\u0430\u043d\u0430\u0442\u043e\u0440\u0438\u0439 \u041d\u0430\u0440\u0432\u0430-\u0419\u044b\u044d\u0441\u0443\u0443\u0410\u0439\u0430 3, 29023 \u041d\u0430\u0440\u0432\u0430-\u0419\u044b\u044d\u0441\u0443\u0443,...\" \/>\n<meta property=\"og:url\" content=\"https:\/\/narvajoesuu.ee\/ru\/otel\/vse-kontakty\/\" \/>\n<meta property=\"og:site_name\" content=\"MEDICAL SPA NARVA-J\u00d5ESUU\" \/>\n<meta property=\"article:modified_time\" content=\"2026-02-04T12:29:51+00:00\" \/>\n<meta property=\"og:image\" content=\"https:\/\/narvajoesuu.ee\/wp-content\/uploads\/2021\/12\/Maja-pilt.png\" \/>\n\t<meta property=\"og:image:width\" content=\"1200\" \/>\n\t<meta property=\"og:image:height\" content=\"630\" \/>\n\t<meta property=\"og:image:type\" content=\"image\/png\" \/>\n<meta name=\"twitter:card\" content=\"summary_large_image\" \/>\n<meta name=\"twitter:label1\" content=\"\u041f\u0440\u0438\u043c\u0435\u0440\u043d\u043e\u0435 \u0432\u0440\u0435\u043c\u044f \u0434\u043b\u044f \u0447\u0442\u0435\u043d\u0438\u044f\" \/>\n\t<meta name=\"twitter:data1\" content=\"1 \u043c\u0438\u043d\u0443\u0442\u0430\" \/>\n<script type=\"application\/ld+json\" class=\"yoast-schema-graph\">{\"@context\":\"https:\\\/\\\/schema.org\",\"@graph\":[{\"@type\":\"WebPage\",\"@id\":\"https:\\\/\\\/narvajoesuu.ee\\\/ru\\\/otel\\\/vse-kontakty\\\/\",\"url\":\"https:\\\/\\\/narvajoesuu.ee\\\/ru\\\/otel\\\/vse-kontakty\\\/\",\"name\":\"\u0412\u0441\u0435 \u043a\u043e\u043d\u0442\u0430\u043a\u0442\u044b - MEDICAL SPA NARVA-J\u00d5ESUU\",\"isPartOf\":{\"@id\":\"https:\\\/\\\/narvajoesuu.ee\\\/#website\"},\"datePublished\":\"2021-03-18T09:42:53+00:00\",\"dateModified\":\"2026-02-04T12:29:51+00:00\",\"breadcrumb\":{\"@id\":\"https:\\\/\\\/narvajoesuu.ee\\\/ru\\\/otel\\\/vse-kontakty\\\/#breadcrumb\"},\"inLanguage\":\"ru-RU\",\"potentialAction\":[{\"@type\":\"ReadAction\",\"target\":[\"https:\\\/\\\/narvajoesuu.ee\\\/ru\\\/otel\\\/vse-kontakty\\\/\"]}]},{\"@type\":\"BreadcrumbList\",\"@id\":\"https:\\\/\\\/narvajoesuu.ee\\\/ru\\\/otel\\\/vse-kontakty\\\/#breadcrumb\",\"itemListElement\":[{\"@type\":\"ListItem\",\"position\":1,\"name\":\"Home\",\"item\":\"https:\\\/\\\/narvajoesuu.ee\\\/ru\\\/\"},{\"@type\":\"ListItem\",\"position\":2,\"name\":\"\u041e\u0442\u0435\u043b\u044c\",\"item\":\"https:\\\/\\\/narvajoesuu.ee\\\/ru\\\/otel\\\/\"},{\"@type\":\"ListItem\",\"position\":3,\"name\":\"\u0412\u0441\u0435 \u043a\u043e\u043d\u0442\u0430\u043a\u0442\u044b\"}]},{\"@type\":\"WebSite\",\"@id\":\"https:\\\/\\\/narvajoesuu.ee\\\/#website\",\"url\":\"https:\\\/\\\/narvajoesuu.ee\\\/\",\"name\":\"MEDICAL SPA NARVA-J\u00d5ESUU\",\"description\":\"\",\"publisher\":{\"@id\":\"https:\\\/\\\/narvajoesuu.ee\\\/#organization\"},\"potentialAction\":[{\"@type\":\"SearchAction\",\"target\":{\"@type\":\"EntryPoint\",\"urlTemplate\":\"https:\\\/\\\/narvajoesuu.ee\\\/?s={search_term_string}\"},\"query-input\":{\"@type\":\"PropertyValueSpecification\",\"valueRequired\":true,\"valueName\":\"search_term_string\"}}],\"inLanguage\":\"ru-RU\"},{\"@type\":\"Organization\",\"@id\":\"https:\\\/\\\/narvajoesuu.ee\\\/#organization\",\"name\":\"Narva-J\u00f5esuu Medical SPA\",\"url\":\"https:\\\/\\\/narvajoesuu.ee\\\/\",\"logo\":{\"@type\":\"ImageObject\",\"inLanguage\":\"ru-RU\",\"@id\":\"https:\\\/\\\/narvajoesuu.ee\\\/#\\\/schema\\\/logo\\\/image\\\/\",\"url\":\"https:\\\/\\\/narvajoesuu.ee\\\/wp-content\\\/uploads\\\/2020\\\/10\\\/narvajoesuu-logo-small.png\",\"contentUrl\":\"https:\\\/\\\/narvajoesuu.ee\\\/wp-content\\\/uploads\\\/2020\\\/10\\\/narvajoesuu-logo-small.png\",\"width\":170,\"height\":170,\"caption\":\"Narva-J\u00f5esuu Medical SPA\"},\"image\":{\"@id\":\"https:\\\/\\\/narvajoesuu.ee\\\/#\\\/schema\\\/logo\\\/image\\\/\"}}]}<\/script>\n<!-- \/ Yoast SEO plugin. -->","yoast_head_json":{"title":"\u0412\u0441\u0435 \u043a\u043e\u043d\u0442\u0430\u043a\u0442\u044b - MEDICAL SPA NARVA-J\u00d5ESUU","robots":{"index":"index","follow":"follow","max-snippet":"max-snippet:-1","max-image-preview":"max-image-preview:large","max-video-preview":"max-video-preview:-1"},"canonical":"https:\/\/narvajoesuu.ee\/ru\/otel\/vse-kontakty\/","og_locale":"ru_RU","og_type":"article","og_title":"\u0412\u0441\u0435 \u043a\u043e\u043d\u0442\u0430\u043a\u0442\u044b - MEDICAL SPA NARVA-J\u00d5ESUU","og_description":"AS Narva-J\u00f5esuu SanatooriumAia 3,29023 Narva-J\u00f5esuu, ESTONIA \u041d\u0430\u0437\u0432\u0430\u043d\u0438\u0435 \u0431\u0430\u043d\u043a\u0430:&nbsp;SwedbankIBAN&nbsp;EE182200001120251026SWIFT&nbsp;\u043a\u043e\u0434&nbsp;HABAEE2\u0425\u0420\u0435\u0433\u0438\u0441\u0442\u0440\u0430\u0446\u0438\u043e\u043d\u043d\u044b\u0439 \u043a\u043e\u0434: 10228767 \u041d\u0430\u0448\u0438 \u0440\u0435\u043a\u0432\u0438\u0437\u0438\u0442\u044b \u0434\u043b\u044f \u0437\u0430\u0440\u0443\u0431\u0435\u0436\u044c\u044f:\u041f\u043e\u043b\u0443\u0447\u0430\u0442\u0435\u043b\u044c: \u0410\u041e \u0421\u0430\u043d\u0430\u0442\u043e\u0440\u0438\u0439 \u041d\u0430\u0440\u0432\u0430-\u0419\u044b\u044d\u0441\u0443\u0443\u0410\u0439\u0430 3, 29023 \u041d\u0430\u0440\u0432\u0430-\u0419\u044b\u044d\u0441\u0443\u0443,...","og_url":"https:\/\/narvajoesuu.ee\/ru\/otel\/vse-kontakty\/","og_site_name":"MEDICAL SPA NARVA-J\u00d5ESUU","article_modified_time":"2026-02-04T12:29:51+00:00","og_image":[{"width":1200,"height":630,"url":"https:\/\/narvajoesuu.ee\/wp-content\/uploads\/2021\/12\/Maja-pilt.png","type":"image\/png"}],"twitter_card":"summary_large_image","twitter_misc":{"\u041f\u0440\u0438\u043c\u0435\u0440\u043d\u043e\u0435 \u0432\u0440\u0435\u043c\u044f \u0434\u043b\u044f \u0447\u0442\u0435\u043d\u0438\u044f":"1 \u043c\u0438\u043d\u0443\u0442\u0430"},"schema":{"@context":"https:\/\/schema.org","@graph":[{"@type":"WebPage","@id":"https:\/\/narvajoesuu.ee\/ru\/otel\/vse-kontakty\/","url":"https:\/\/narvajoesuu.ee\/ru\/otel\/vse-kontakty\/","name":"\u0412\u0441\u0435 \u043a\u043e\u043d\u0442\u0430\u043a\u0442\u044b - MEDICAL SPA NARVA-J\u00d5ESUU","isPartOf":{"@id":"https:\/\/narvajoesuu.ee\/#website"},"datePublished":"2021-03-18T09:42:53+00:00","dateModified":"2026-02-04T12:29:51+00:00","breadcrumb":{"@id":"https:\/\/narvajoesuu.ee\/ru\/otel\/vse-kontakty\/#breadcrumb"},"inLanguage":"ru-RU","potentialAction":[{"@type":"ReadAction","target":["https:\/\/narvajoesuu.ee\/ru\/otel\/vse-kontakty\/"]}]},{"@type":"BreadcrumbList","@id":"https:\/\/narvajoesuu.ee\/ru\/otel\/vse-kontakty\/#breadcrumb","itemListElement":[{"@type":"ListItem","position":1,"name":"Home","item":"https:\/\/narvajoesuu.ee\/ru\/"},{"@type":"ListItem","position":2,"name":"\u041e\u0442\u0435\u043b\u044c","item":"https:\/\/narvajoesuu.ee\/ru\/otel\/"},{"@type":"ListItem","position":3,"name":"\u0412\u0441\u0435 \u043a\u043e\u043d\u0442\u0430\u043a\u0442\u044b"}]},{"@type":"WebSite","@id":"https:\/\/narvajoesuu.ee\/#website","url":"https:\/\/narvajoesuu.ee\/","name":"MEDICAL SPA NARVA-J\u00d5ESUU","description":"","publisher":{"@id":"https:\/\/narvajoesuu.ee\/#organization"},"potentialAction":[{"@type":"SearchAction","target":{"@type":"EntryPoint","urlTemplate":"https:\/\/narvajoesuu.ee\/?s={search_term_string}"},"query-input":{"@type":"PropertyValueSpecification","valueRequired":true,"valueName":"search_term_string"}}],"inLanguage":"ru-RU"},{"@type":"Organization","@id":"https:\/\/narvajoesuu.ee\/#organization","name":"Narva-J\u00f5esuu Medical SPA","url":"https:\/\/narvajoesuu.ee\/","logo":{"@type":"ImageObject","inLanguage":"ru-RU","@id":"https:\/\/narvajoesuu.ee\/#\/schema\/logo\/image\/","url":"https:\/\/narvajoesuu.ee\/wp-content\/uploads\/2020\/10\/narvajoesuu-logo-small.png","contentUrl":"https:\/\/narvajoesuu.ee\/wp-content\/uploads\/2020\/10\/narvajoesuu-logo-small.png","width":170,"height":170,"caption":"Narva-J\u00f5esuu Medical SPA"},"image":{"@id":"https:\/\/narvajoesuu.ee\/#\/schema\/logo\/image\/"}}]}},"uagb_featured_image_src":{"full":false,"thumbnail":false,"medium":false,"medium_large":false,"large":false,"1536x1536":false,"2048x2048":false,"img-1920x550":false,"img-1920x320":false,"img-1920x200":false,"img-670x480":false,"img-570x280":false,"img-507":false,"img-370x240":false,"img-400x250":false,"img-370x175":false,"img-370x120":false,"img-300":false,"img-170":false},"uagb_author_info":{"display_name":"Darja","author_link":"https:\/\/narvajoesuu.ee\/ru\/author\/darja\/"},"uagb_comment_info":0,"uagb_excerpt":"AS Narva-J\u00f5esuu SanatooriumAia 3,29023 Narva-J\u00f5esuu, ESTONIA \u041d\u0430\u0437\u0432\u0430\u043d\u0438\u0435 \u0431\u0430\u043d\u043a\u0430:&nbsp;SwedbankIBAN&nbsp;EE182200001120251026SWIFT&nbsp;\u043a\u043e\u0434&nbsp;HABAEE2\u0425\u0420\u0435\u0433\u0438\u0441\u0442\u0440\u0430\u0446\u0438\u043e\u043d\u043d\u044b\u0439 \u043a\u043e\u0434: 10228767 \u041d\u0430\u0448\u0438 \u0440\u0435\u043a\u0432\u0438\u0437\u0438\u0442\u044b \u0434\u043b\u044f \u0437\u0430\u0440\u0443\u0431\u0435\u0436\u044c\u044f:\u041f\u043e\u043b\u0443\u0447\u0430\u0442\u0435\u043b\u044c: \u0410\u041e \u0421\u0430\u043d\u0430\u0442\u043e\u0440\u0438\u0439 \u041d\u0430\u0440\u0432\u0430-\u0419\u044b\u044d\u0441\u0443\u0443\u0410\u0439\u0430 3, 29023 \u041d\u0430\u0440\u0432\u0430-\u0419\u044b\u044d\u0441\u0443\u0443,...","_links":{"self":[{"href":"https:\/\/narvajoesuu.ee\/ru\/wp-json\/wp\/v2\/pages\/4101","targetHints":{"allow":["GET"]}}],"collection":[{"href":"https:\/\/narvajoesuu.ee\/ru\/wp-json\/wp\/v2\/pages"}],"about":[{"href":"https:\/\/narvajoesuu.ee\/ru\/wp-json\/wp\/v2\/types\/page"}],"author":[{"embeddable":true,"href":"https:\/\/narvajoesuu.ee\/ru\/wp-json\/wp\/v2\/users\/2"}],"replies":[{"embeddable":true,"href":"https:\/\/narvajoesuu.ee\/ru\/wp-json\/wp\/v2\/comments?post=4101"}],"version-history":[{"count":12,"href":"https:\/\/narvajoesuu.ee\/ru\/wp-json\/wp\/v2\/pages\/4101\/revisions"}],"predecessor-version":[{"id":23514,"href":"https:\/\/narvajoesuu.ee\/ru\/wp-json\/wp\/v2\/pages\/4101\/revisions\/23514"}],"up":[{"embeddable":true,"href":"https:\/\/narvajoesuu.ee\/ru\/wp-json\/wp\/v2\/pages\/4279"}],"wp:attachment":[{"href":"https:\/\/narvajoesuu.ee\/ru\/wp-json\/wp\/v2\/media?parent=4101"}],"curies":[{"name":"wp","href":"https:\/\/api.w.org\/{rel}","templated":true}]}}