{"id":23381,"date":"2026-01-20T22:09:30","date_gmt":"2026-01-20T20:09:30","guid":{"rendered":"https:\/\/narvajoesuu.ee\/blogi\/"},"modified":"2026-03-16T09:56:25","modified_gmt":"2026-03-16T07:56:25","slug":"blogi","status":"publish","type":"page","link":"https:\/\/narvajoesuu.ee\/ru\/blogi\/","title":{"rendered":"\u0411\u043b\u043e\u0433"},"content":{"rendered":"","protected":false},"excerpt":{"rendered":"","protected":false},"author":3,"featured_media":0,"parent":0,"menu_order":1,"comment_status":"closed","ping_status":"closed","template":"blog-list.php","meta":{"_acf_changed":false,"_uag_custom_page_level_css":"","_monsterinsights_skip_tracking":false,"_monsterinsights_sitenote_active":false,"_monsterinsights_sitenote_note":"","_monsterinsights_sitenote_category":0,"footnotes":""},"class_list":["post-23381","page","type-page","status-publish","hentry"],"acf":[],"yoast_head":"<!-- This site is optimized with the Yoast SEO plugin v27.4 - https:\/\/yoast.com\/product\/yoast-seo-wordpress\/ -->\n<title>Narva-J\u00f5esuu Medical SPA Blogi \u2013 Tervis &amp; Puhkus<\/title>\n<meta name=\"description\" content=\"Loe Narva-J\u00f5esuu Medical SPA blogi \u2013 tervisen\u00f5uanded, spaauudised, eripakkumised ja inspiratsioon l\u00f5\u00f5gastavaks ning teadusp\u00f5hiseks puhkuseks.\" \/>\n<meta name=\"robots\" content=\"index, follow, max-snippet:-1, max-image-preview:large, max-video-preview:-1\" \/>\n<link rel=\"canonical\" href=\"https:\/\/narvajoesuu.ee\/ru\/blogi\/\" \/>\n<meta property=\"og:locale\" content=\"ru_RU\" \/>\n<meta property=\"og:type\" content=\"article\" \/>\n<meta property=\"og:title\" content=\"Narva-J\u00f5esuu Medical SPA Blogi \u2013 Tervis &amp; Puhkus\" \/>\n<meta property=\"og:description\" content=\"Loe Narva-J\u00f5esuu Medical SPA blogi \u2013 tervisen\u00f5uanded, spaauudised, eripakkumised ja inspiratsioon l\u00f5\u00f5gastavaks ning teadusp\u00f5hiseks puhkuseks.\" \/>\n<meta property=\"og:url\" content=\"https:\/\/narvajoesuu.ee\/ru\/blogi\/\" \/>\n<meta property=\"og:site_name\" content=\"MEDICAL SPA NARVA-J\u00d5ESUU\" \/>\n<meta property=\"article:modified_time\" content=\"2026-03-16T07:56:25+00:00\" \/>\n<meta property=\"og:image\" content=\"https:\/\/narvajoesuu.ee\/wp-content\/uploads\/2021\/12\/Maja-pilt.png\" \/>\n\t<meta property=\"og:image:width\" content=\"1200\" \/>\n\t<meta property=\"og:image:height\" content=\"630\" \/>\n\t<meta property=\"og:image:type\" content=\"image\/png\" \/>\n<meta name=\"twitter:card\" content=\"summary_large_image\" \/>\n<script type=\"application\/ld+json\" class=\"yoast-schema-graph\">{\"@context\":\"https:\\\/\\\/schema.org\",\"@graph\":[{\"@type\":\"WebPage\",\"@id\":\"https:\\\/\\\/narvajoesuu.ee\\\/ru\\\/blogi\\\/\",\"url\":\"https:\\\/\\\/narvajoesuu.ee\\\/ru\\\/blogi\\\/\",\"name\":\"Narva-J\u00f5esuu Medical SPA Blogi \u2013 Tervis & Puhkus\",\"isPartOf\":{\"@id\":\"https:\\\/\\\/narvajoesuu.ee\\\/#website\"},\"datePublished\":\"2026-01-20T20:09:30+00:00\",\"dateModified\":\"2026-03-16T07:56:25+00:00\",\"description\":\"Loe Narva-J\u00f5esuu Medical SPA blogi \u2013 tervisen\u00f5uanded, spaauudised, eripakkumised ja inspiratsioon l\u00f5\u00f5gastavaks ning teadusp\u00f5hiseks puhkuseks.\",\"breadcrumb\":{\"@id\":\"https:\\\/\\\/narvajoesuu.ee\\\/ru\\\/blogi\\\/#breadcrumb\"},\"inLanguage\":\"ru-RU\",\"potentialAction\":[{\"@type\":\"ReadAction\",\"target\":[\"https:\\\/\\\/narvajoesuu.ee\\\/ru\\\/blogi\\\/\"]}]},{\"@type\":\"BreadcrumbList\",\"@id\":\"https:\\\/\\\/narvajoesuu.ee\\\/ru\\\/blogi\\\/#breadcrumb\",\"itemListElement\":[{\"@type\":\"ListItem\",\"position\":1,\"name\":\"Home\",\"item\":\"https:\\\/\\\/narvajoesuu.ee\\\/ru\\\/\"},{\"@type\":\"ListItem\",\"position\":2,\"name\":\"\u0411\u043b\u043e\u0433\"}]},{\"@type\":\"WebSite\",\"@id\":\"https:\\\/\\\/narvajoesuu.ee\\\/#website\",\"url\":\"https:\\\/\\\/narvajoesuu.ee\\\/\",\"name\":\"MEDICAL SPA NARVA-J\u00d5ESUU\",\"description\":\"\",\"publisher\":{\"@id\":\"https:\\\/\\\/narvajoesuu.ee\\\/#organization\"},\"potentialAction\":[{\"@type\":\"SearchAction\",\"target\":{\"@type\":\"EntryPoint\",\"urlTemplate\":\"https:\\\/\\\/narvajoesuu.ee\\\/?s={search_term_string}\"},\"query-input\":{\"@type\":\"PropertyValueSpecification\",\"valueRequired\":true,\"valueName\":\"search_term_string\"}}],\"inLanguage\":\"ru-RU\"},{\"@type\":\"Organization\",\"@id\":\"https:\\\/\\\/narvajoesuu.ee\\\/#organization\",\"name\":\"Narva-J\u00f5esuu Medical SPA\",\"url\":\"https:\\\/\\\/narvajoesuu.ee\\\/\",\"logo\":{\"@type\":\"ImageObject\",\"inLanguage\":\"ru-RU\",\"@id\":\"https:\\\/\\\/narvajoesuu.ee\\\/#\\\/schema\\\/logo\\\/image\\\/\",\"url\":\"https:\\\/\\\/narvajoesuu.ee\\\/wp-content\\\/uploads\\\/2020\\\/10\\\/narvajoesuu-logo-small.png\",\"contentUrl\":\"https:\\\/\\\/narvajoesuu.ee\\\/wp-content\\\/uploads\\\/2020\\\/10\\\/narvajoesuu-logo-small.png\",\"width\":170,\"height\":170,\"caption\":\"Narva-J\u00f5esuu Medical SPA\"},\"image\":{\"@id\":\"https:\\\/\\\/narvajoesuu.ee\\\/#\\\/schema\\\/logo\\\/image\\\/\"}}]}<\/script>\n<!-- \/ Yoast SEO plugin. -->","yoast_head_json":{"title":"Narva-J\u00f5esuu Medical SPA Blogi \u2013 Tervis & Puhkus","description":"Loe Narva-J\u00f5esuu Medical SPA blogi \u2013 tervisen\u00f5uanded, spaauudised, eripakkumised ja inspiratsioon l\u00f5\u00f5gastavaks ning teadusp\u00f5hiseks puhkuseks.","robots":{"index":"index","follow":"follow","max-snippet":"max-snippet:-1","max-image-preview":"max-image-preview:large","max-video-preview":"max-video-preview:-1"},"canonical":"https:\/\/narvajoesuu.ee\/ru\/blogi\/","og_locale":"ru_RU","og_type":"article","og_title":"Narva-J\u00f5esuu Medical SPA Blogi \u2013 Tervis & Puhkus","og_description":"Loe Narva-J\u00f5esuu Medical SPA blogi \u2013 tervisen\u00f5uanded, spaauudised, eripakkumised ja inspiratsioon l\u00f5\u00f5gastavaks ning teadusp\u00f5hiseks puhkuseks.","og_url":"https:\/\/narvajoesuu.ee\/ru\/blogi\/","og_site_name":"MEDICAL SPA NARVA-J\u00d5ESUU","article_modified_time":"2026-03-16T07:56:25+00:00","og_image":[{"width":1200,"height":630,"url":"https:\/\/narvajoesuu.ee\/wp-content\/uploads\/2021\/12\/Maja-pilt.png","type":"image\/png"}],"twitter_card":"summary_large_image","schema":{"@context":"https:\/\/schema.org","@graph":[{"@type":"WebPage","@id":"https:\/\/narvajoesuu.ee\/ru\/blogi\/","url":"https:\/\/narvajoesuu.ee\/ru\/blogi\/","name":"Narva-J\u00f5esuu Medical SPA Blogi \u2013 Tervis & Puhkus","isPartOf":{"@id":"https:\/\/narvajoesuu.ee\/#website"},"datePublished":"2026-01-20T20:09:30+00:00","dateModified":"2026-03-16T07:56:25+00:00","description":"Loe Narva-J\u00f5esuu Medical SPA blogi \u2013 tervisen\u00f5uanded, spaauudised, eripakkumised ja inspiratsioon l\u00f5\u00f5gastavaks ning teadusp\u00f5hiseks puhkuseks.","breadcrumb":{"@id":"https:\/\/narvajoesuu.ee\/ru\/blogi\/#breadcrumb"},"inLanguage":"ru-RU","potentialAction":[{"@type":"ReadAction","target":["https:\/\/narvajoesuu.ee\/ru\/blogi\/"]}]},{"@type":"BreadcrumbList","@id":"https:\/\/narvajoesuu.ee\/ru\/blogi\/#breadcrumb","itemListElement":[{"@type":"ListItem","position":1,"name":"Home","item":"https:\/\/narvajoesuu.ee\/ru\/"},{"@type":"ListItem","position":2,"name":"\u0411\u043b\u043e\u0433"}]},{"@type":"WebSite","@id":"https:\/\/narvajoesuu.ee\/#website","url":"https:\/\/narvajoesuu.ee\/","name":"MEDICAL SPA NARVA-J\u00d5ESUU","description":"","publisher":{"@id":"https:\/\/narvajoesuu.ee\/#organization"},"potentialAction":[{"@type":"SearchAction","target":{"@type":"EntryPoint","urlTemplate":"https:\/\/narvajoesuu.ee\/?s={search_term_string}"},"query-input":{"@type":"PropertyValueSpecification","valueRequired":true,"valueName":"search_term_string"}}],"inLanguage":"ru-RU"},{"@type":"Organization","@id":"https:\/\/narvajoesuu.ee\/#organization","name":"Narva-J\u00f5esuu Medical SPA","url":"https:\/\/narvajoesuu.ee\/","logo":{"@type":"ImageObject","inLanguage":"ru-RU","@id":"https:\/\/narvajoesuu.ee\/#\/schema\/logo\/image\/","url":"https:\/\/narvajoesuu.ee\/wp-content\/uploads\/2020\/10\/narvajoesuu-logo-small.png","contentUrl":"https:\/\/narvajoesuu.ee\/wp-content\/uploads\/2020\/10\/narvajoesuu-logo-small.png","width":170,"height":170,"caption":"Narva-J\u00f5esuu Medical SPA"},"image":{"@id":"https:\/\/narvajoesuu.ee\/#\/schema\/logo\/image\/"}}]}},"uagb_featured_image_src":{"full":false,"thumbnail":false,"medium":false,"medium_large":false,"large":false,"1536x1536":false,"2048x2048":false,"img-1920x550":false,"img-1920x320":false,"img-1920x200":false,"img-670x480":false,"img-570x280":false,"img-507":false,"img-370x240":false,"img-400x250":false,"img-370x175":false,"img-370x120":false,"img-300":false,"img-170":false},"uagb_author_info":{"display_name":"Maksim Mitrofanov","author_link":"https:\/\/narvajoesuu.ee\/ru\/author\/maksim\/"},"uagb_comment_info":0,"uagb_excerpt":null,"_links":{"self":[{"href":"https:\/\/narvajoesuu.ee\/ru\/wp-json\/wp\/v2\/pages\/23381","targetHints":{"allow":["GET"]}}],"collection":[{"href":"https:\/\/narvajoesuu.ee\/ru\/wp-json\/wp\/v2\/pages"}],"about":[{"href":"https:\/\/narvajoesuu.ee\/ru\/wp-json\/wp\/v2\/types\/page"}],"author":[{"embeddable":true,"href":"https:\/\/narvajoesuu.ee\/ru\/wp-json\/wp\/v2\/users\/3"}],"replies":[{"embeddable":true,"href":"https:\/\/narvajoesuu.ee\/ru\/wp-json\/wp\/v2\/comments?post=23381"}],"version-history":[{"count":3,"href":"https:\/\/narvajoesuu.ee\/ru\/wp-json\/wp\/v2\/pages\/23381\/revisions"}],"predecessor-version":[{"id":23867,"href":"https:\/\/narvajoesuu.ee\/ru\/wp-json\/wp\/v2\/pages\/23381\/revisions\/23867"}],"wp:attachment":[{"href":"https:\/\/narvajoesuu.ee\/ru\/wp-json\/wp\/v2\/media?parent=23381"}],"curies":[{"name":"wp","href":"https:\/\/api.w.org\/{rel}","templated":true}]}}