{"id":22452,"date":"2026-03-11T12:57:34","date_gmt":"2026-03-11T10:57:34","guid":{"rendered":"https:\/\/narvajoesuu.ee\/?page_id=22452"},"modified":"2026-03-11T13:44:57","modified_gmt":"2026-03-11T11:44:57","slug":"tiimimme","status":"publish","type":"page","link":"https:\/\/narvajoesuu.ee\/fi\/detox-keskus\/tiimimme\/","title":{"rendered":"Tiimimme"},"content":{"rendered":"\n<p class=\"wp-el\">Detox &amp; Antistress -keskuksen <strong>Narva-J\u00f5esuu Medical SPA<\/strong> -tiimi\u00e4 yhdist\u00e4\u00e4 yhteinen tavoite \u2014 tarjota vieraille tieteeseen perustuvia, turvallisia ja aidosti tehokkaita kokonaisvaltaisia ratkaisuja. Asiantuntijamme ovat ammattilaisia, joilla on syv\u00e4llinen osaaminen, monien vuosien kokemus sek\u00e4 vilpit\u00f6n sitoutuminen ihmisten terveyden ja el\u00e4m\u00e4nlaadun parantamiseen.<\/p>\n\n\n\n<div class=\"wp-block-media-text is-stacked-on-mobile\" style=\"grid-template-columns:40% auto\"><figure class=\"wp-block-media-text__media\"><img loading=\"lazy\" decoding=\"async\" width=\"819\" height=\"1024\" src=\"https:\/\/narvajoesuu.ee\/wp-content\/uploads\/2025\/12\/1-819x1024.png\" alt=\"\" class=\"wp-image-22454 size-full\" srcset=\"https:\/\/narvajoesuu.ee\/wp-content\/uploads\/2025\/12\/1-819x1024.png 819w, https:\/\/narvajoesuu.ee\/wp-content\/uploads\/2025\/12\/1.png 1080w\" sizes=\"auto, (max-width: 819px) 100vw, 819px\" \/><\/figure><div class=\"wp-block-media-text__content\">\n<p class=\"has-medium-font-size wp-el\"><strong>Karina K\u00fcppas \/ <\/strong>Narva-J\u00f5esuu Medical SPA:n johtaja \/ Antistress-keskuksen perustaja \/ Coach ja innovatiivisten, terveyden parantamiseen t\u00e4ht\u00e4\u00e4vien projektien luoja.<\/p>\n\n\n\n<p class=\"has-small-font-size wp-el\">Karina on johtaja, jolla on yli 20 vuoden kokemus johtamisen, matkailun ja l\u00e4\u00e4ketieteellisen wellnessin alalta. Vuodesta 2009 l\u00e4htien h\u00e4n on toiminut Narva-J\u00f5esuu Medical SPA:n johtajana. H\u00e4nen johdollaan kylpyl\u00e4st\u00e4 on kehittynyt yksi alueen innovatiivisimmista medical spa -keskuksista.<\/p>\n\n\n\n<p class=\"has-small-font-size wp-el\">Karina on ainutlaatuisen Antistress-keskuksen perustaja ja kehitt\u00e4j\u00e4. Kyseess\u00e4 on Baltian maiden ensimm\u00e4inen hermoston palautumiseen keskittyv\u00e4 kokonaisuus, joka on luotu Euroopan aluekehitysrahaston tuella ja toteutettu osana COVID-19-pandemian j\u00e4lkeisi\u00e4 elpymisohjelmia.<\/p>\n\n\n\n<p class=\"has-small-font-size wp-el\">Vuonna 2025 Karinan johdolla Narva-J\u00f5esuu Medical SPA sai \u201cInnovative Medical Spa\u201d -palkinnon European Spas and Balneology Congress -kongressissa \u2014 tunnustuksena tieteeseen perustuvalle, modernille ja tulokselliselle l\u00e4hestymistavalle terveyden palauttamiseen.<\/p>\n\n\n\n<p class=\"has-small-font-size wp-el\">Karina on my\u00f6s kokenut coach, kouluttaja ja inspiroiva puhuja. H\u00e4n pit\u00e4\u00e4 luentoja ja koulutusohjelmia, jotka k\u00e4sittelev\u00e4t ajattelutavan muuttamista, sis\u00e4isten esteiden voittamista sek\u00e4 terveellisen el\u00e4m\u00e4ntavan rakentamista. H\u00e4nen missionaan on auttaa ihmisi\u00e4 parantamaan el\u00e4m\u00e4nlaatuaan, l\u00f6yt\u00e4m\u00e4\u00e4n tasapainoa sek\u00e4 luomaan tietoisempaa ja kokonaisvaltaisempaa el\u00e4m\u00e4ntapaa.<\/p>\n\n\n\n<p class=\"has-small-font-size wp-el\">Syv\u00e4llisen metakognitiivisen coachingin ja terveyspsykologian osaamisensa ansiosta Karina osaa tukea sek\u00e4 asiakkaita ett\u00e4 tiimi\u00e4 positiivisten muutosten prosessissa j\u00e4rjestelm\u00e4llisesti, tieteellisesti ja inspiroivasti.<\/p>\n\n\n\n<hr class=\"wp-block-separator has-alpha-channel-opacity\"\/>\n<\/div><\/div>\n\n\n\n<div style=\"height:28px\" aria-hidden=\"true\" class=\"wp-block-spacer\"><\/div>\n\n\n\n<div class=\"wp-block-media-text is-stacked-on-mobile\" style=\"grid-template-columns:30% auto\"><figure class=\"wp-block-media-text__media\"><img loading=\"lazy\" decoding=\"async\" width=\"819\" height=\"1024\" src=\"https:\/\/narvajoesuu.ee\/wp-content\/uploads\/2025\/12\/2-1-819x1024.png\" alt=\"\" class=\"wp-image-22481 size-full\" srcset=\"https:\/\/narvajoesuu.ee\/wp-content\/uploads\/2025\/12\/2-1-819x1024.png 819w, https:\/\/narvajoesuu.ee\/wp-content\/uploads\/2025\/12\/2-1.png 1080w\" sizes=\"auto, (max-width: 819px) 100vw, 819px\" \/><\/figure><div class=\"wp-block-media-text__content\">\n<p class=\"has-medium-font-size wp-el\"><strong>Olga Kotova<\/strong> \/ Kuntoutusl\u00e4\u00e4k\u00e4ri Narva-J\u00f5esuu Medical SPA:ssa<\/p>\n\n\n\n<p class=\"has-small-font-size wp-el\">Tohtori Olga Kotova on l\u00e4\u00e4k\u00e4ri, jolla on syv\u00e4llinen osaaminen ja laaja kansainv\u00e4linen kokemus. H\u00e4nen ammatillinen ja potilaskeskeinen l\u00e4hestymistapansa tarjoaa vieraille l\u00e4\u00e4ketieteellisesti perusteltua ja luotettavaa tukea.<\/p>\n\n\n\n<p class=\"has-small-font-size wp-el\">H\u00e4n on opiskellut Tarton yliopistossa sek\u00e4 suorittanut lukuisia koulutuksia balneologian, ilmastohoidon, sis\u00e4tautien ja manuaalisen terapian aloilla.<\/p>\n\n\n\n<p class=\"has-small-font-size wp-el\">Vuodesta 1983 l\u00e4htien h\u00e4n on ty\u00f6skennellyt kylpyl\u00e4- ja kuntoutusl\u00e4\u00e4ketieteen alalla, joista yli 30 vuotta Narva-J\u00f5esuu Medical SPA:ssa kuntoutusl\u00e4\u00e4k\u00e4rin\u00e4.<\/p>\n\n\n\n<hr class=\"wp-block-separator has-alpha-channel-opacity\"\/>\n<\/div><\/div>\n\n\n\n<div style=\"height:28px\" aria-hidden=\"true\" class=\"wp-block-spacer\"><\/div>\n\n\n\n<div class=\"wp-block-media-text is-stacked-on-mobile\" style=\"grid-template-columns:30% auto\"><figure class=\"wp-block-media-text__media\"><img loading=\"lazy\" decoding=\"async\" width=\"819\" height=\"1024\" src=\"https:\/\/narvajoesuu.ee\/wp-content\/uploads\/2025\/12\/3-819x1024.png\" alt=\"\" class=\"wp-image-22464 size-full\" srcset=\"https:\/\/narvajoesuu.ee\/wp-content\/uploads\/2025\/12\/3-819x1024.png 819w, https:\/\/narvajoesuu.ee\/wp-content\/uploads\/2025\/12\/3.png 1080w\" sizes=\"auto, (max-width: 819px) 100vw, 819px\" \/><\/figure><div class=\"wp-block-media-text__content\">\n<p class=\"has-medium-font-size wp-el\"><strong>Tamara Dmitrijeva <\/strong>\/ Sairaanhoitaja \/ Detox-koordinaattori Narva-J\u00f5esuu Medical SPA:n hoitavassa spa-keskuksessa.<\/p>\n\n\n\n<p class=\"has-small-font-size wp-el\">H\u00e4nell\u00e4 on ty\u00f6kokemusta l\u00e4\u00e4ketieteen alalta vuodesta 1996 l\u00e4htien. H\u00e4nell\u00e4 on takanaan paitsi laaja l\u00e4\u00e4ketieteellinen osaaminen, my\u00f6s lukuisia koulutuksia ja kursseja, jotka liittyv\u00e4t psykologiaan, sy\u00f6mish\u00e4iri\u00f6ihin sek\u00e4 haastavien potilaiden tukemiseen ja hoitoon.<\/p>\n\n\n\n<p class=\"has-small-font-size wp-el\">Vuodesta 2012 l\u00e4htien Tamara on toiminut detox-koordinaattorina Narva-J\u00f5esuu Medical SPA:ssa, jossa h\u00e4n konsultoi asiakkaita, suorittaa l\u00e4\u00e4ketieteellisi\u00e4 hoitoja sek\u00e4 seuraa vieraiden vointia ohjelmien aikana.<\/p>\n\n\n\n<p class=\"has-small-font-size wp-el\">H\u00e4nen huomaavaisuutensa, l\u00e4mmin vuorovaikutustapansa ja korkea ammatillinen osaamisensa luovat jokaiselle asiakkaalle luottamuksen ja turvallisuuden tunteen.<\/p>\n\n\n\n<hr class=\"wp-block-separator has-alpha-channel-opacity\"\/>\n<\/div><\/div>\n\n\n\n<div style=\"height:28px\" aria-hidden=\"true\" class=\"wp-block-spacer\"><\/div>\n\n\n\n<div class=\"wp-block-media-text is-stacked-on-mobile\" style=\"grid-template-columns:30% auto\"><figure class=\"wp-block-media-text__media\"><img loading=\"lazy\" decoding=\"async\" width=\"1080\" height=\"1350\" src=\"https:\/\/narvajoesuu.ee\/wp-content\/uploads\/2025\/12\/4-819x1024.png\" alt=\"\" class=\"wp-image-22469 size-full\" srcset=\"https:\/\/narvajoesuu.ee\/wp-content\/uploads\/2025\/12\/4-819x1024.png 819w, https:\/\/narvajoesuu.ee\/wp-content\/uploads\/2025\/12\/4.png 1080w\" sizes=\"auto, (max-width: 1080px) 100vw, 1080px\" \/><\/figure><div class=\"wp-block-media-text__content\">\n<p class=\"has-medium-font-size wp-el\"><strong>Aleksandra Gagen<\/strong> \/ Ravitsemusterapeutti<\/p>\n\n\n\n<p class=\"has-small-font-size wp-el\">Aleksandra on ravitsemusterapeutti, kouluttaja ja puhuja. H\u00e4n esiintyy ammatillisissa konferensseissa, pit\u00e4\u00e4 luentoja Diabeedikoolissa ja Luwi Koolituskeskuksessa sek\u00e4 kommentoi s\u00e4\u00e4nn\u00f6llisesti ravitsemukseen liittyvi\u00e4 aiheita mediassa (ETV+, Raadio 4, Radio Maximum).<\/p>\n\n\n\n<p class=\"has-small-font-size wp-el\">H\u00e4n tarjoaa konsultaatioita terveellisest\u00e4 ravitsemuksesta, painonhallintaan t\u00e4ht\u00e4\u00e4v\u00e4st\u00e4 ruokavaliosta sek\u00e4 terapeuttisesta ravitsemuksesta erilaisten sairauksien yhteydess\u00e4. H\u00e4n on erikoistunut ylipainoon liittyvien ongelmien ratkaisemiseen, sill\u00e4 on itsekin kokenut saman haasteen. Terveellisen ja tasapainoisen ravitsemuksen avulla h\u00e4n onnistui pys\u00e4ytt\u00e4m\u00e4\u00e4n painonnousun ja pudottamaan 25 kiloa.<\/p>\n\n\n\n<p class=\"has-small-font-size wp-el\">H\u00e4nen asiantuntemuksensa terapeuttisessa ravitsemuksessa, metabolisen terveyden alalla sek\u00e4 psykososiaalisten tekij\u00f6iden ymm\u00e4rt\u00e4misess\u00e4 tekee h\u00e4nest\u00e4 keskeisen asiantuntijan Detox &amp; Antistress -keskuksen kokonaisvaltaisessa hoitomallissa.<\/p>\n\n\n\n<hr class=\"wp-block-separator has-alpha-channel-opacity\"\/>\n<\/div><\/div>\n\n\n\n<div style=\"height:28px\" aria-hidden=\"true\" class=\"wp-block-spacer\"><\/div>\n\n\n\n<div class=\"wp-block-media-text is-stacked-on-mobile\" style=\"grid-template-columns:30% auto\"><figure class=\"wp-block-media-text__media\"><img loading=\"lazy\" decoding=\"async\" width=\"819\" height=\"1024\" src=\"https:\/\/narvajoesuu.ee\/wp-content\/uploads\/2025\/12\/Meie-meeskond-819x1024.png\" alt=\"\" class=\"wp-image-22603 size-full\" srcset=\"https:\/\/narvajoesuu.ee\/wp-content\/uploads\/2025\/12\/Meie-meeskond-819x1024.png 819w, https:\/\/narvajoesuu.ee\/wp-content\/uploads\/2025\/12\/Meie-meeskond.png 1080w\" sizes=\"auto, (max-width: 819px) 100vw, 819px\" \/><\/figure><div class=\"wp-block-media-text__content\">\n<p class=\"has-medium-font-size wp-el\"><strong>Irina Tamme<\/strong> \/ Ravitsemusneuvoja \/ ravitsemuksen ja terveyden kouluttaja<\/p>\n\n\n\n<p class=\"has-small-font-size wp-el\">Irina Tamme on diplomoitu terveysalan asiantuntija (tervisekaitse spetsialist) ja aktiivisesti ty\u00f6skentelev\u00e4 ravitsemusasiantuntija, joka kehitt\u00e4\u00e4 jatkuvasti osaamistaan kansanterveyden, ravitsemuspsykologian ja urheiluravitsemuksen aloilla.<\/p>\n\n\n\n<p class=\"has-small-font-size wp-el\">H\u00e4nt\u00e4 kuvaa tieteellinen l\u00e4hestymistapa, syv\u00e4llinen analyysi sek\u00e4 kyky selitt\u00e4\u00e4 monimutkaisia terveyteen ja ravitsemukseen liittyvi\u00e4 aiheita selke\u00e4ll\u00e4 ja helposti ymm\u00e4rrett\u00e4v\u00e4ll\u00e4 tavalla. Asiakasty\u00f6n lis\u00e4ksi Irina opettaa Tarton terveydenhuollon korkeakoulussa (Tartu Tervishoiu K\u00f5rgkool) ja osallistuu uusien asiantuntijoiden kouluttamiseen.<\/p>\n\n\n\n<hr class=\"wp-block-separator has-alpha-channel-opacity\"\/>\n<\/div><\/div>\n","protected":false},"excerpt":{"rendered":"<p>Detox &amp; Antistress -keskuksen Narva-J\u00f5esuu Medical SPA -tiimi\u00e4 yhdist\u00e4\u00e4 yhteinen tavoite \u2014 tarjota vieraille tieteeseen perustuvia, turvallisia ja aidosti tehokkaita&#8230;<\/p>\n","protected":false},"author":2,"featured_media":0,"parent":10716,"menu_order":655,"comment_status":"closed","ping_status":"closed","template":"","meta":{"_acf_changed":false,"_uag_custom_page_level_css":"","_monsterinsights_skip_tracking":false,"_monsterinsights_sitenote_active":false,"_monsterinsights_sitenote_note":"","_monsterinsights_sitenote_category":0,"footnotes":""},"class_list":["post-22452","page","type-page","status-publish","hentry"],"acf":[],"yoast_head":"<!-- This site is optimized with the Yoast SEO plugin v27.3 - https:\/\/yoast.com\/product\/yoast-seo-wordpress\/ -->\n<title>Tiimimme - MEDICAL SPA NARVA-J\u00d5ESUU<\/title>\n<meta name=\"robots\" content=\"index, follow, max-snippet:-1, max-image-preview:large, max-video-preview:-1\" \/>\n<link rel=\"canonical\" href=\"https:\/\/narvajoesuu.ee\/fi\/detox-keskus\/tiimimme\/\" \/>\n<meta property=\"og:locale\" content=\"fi_FI\" \/>\n<meta property=\"og:type\" content=\"article\" \/>\n<meta property=\"og:title\" content=\"Tiimimme - MEDICAL SPA NARVA-J\u00d5ESUU\" \/>\n<meta property=\"og:description\" content=\"Detox &amp; Antistress -keskuksen Narva-J\u00f5esuu Medical SPA -tiimi\u00e4 yhdist\u00e4\u00e4 yhteinen tavoite \u2014 tarjota vieraille tieteeseen perustuvia, turvallisia ja aidosti tehokkaita...\" \/>\n<meta property=\"og:url\" content=\"https:\/\/narvajoesuu.ee\/fi\/detox-keskus\/tiimimme\/\" \/>\n<meta property=\"og:site_name\" content=\"MEDICAL SPA NARVA-J\u00d5ESUU\" \/>\n<meta property=\"article:modified_time\" content=\"2026-03-11T11:44:57+00:00\" \/>\n<meta property=\"og:image\" content=\"https:\/\/narvajoesuu.ee\/wp-content\/uploads\/2025\/12\/1.png\" \/>\n\t<meta property=\"og:image:width\" content=\"1080\" \/>\n\t<meta property=\"og:image:height\" content=\"1350\" \/>\n\t<meta property=\"og:image:type\" content=\"image\/png\" \/>\n<meta name=\"twitter:card\" content=\"summary_large_image\" \/>\n<script type=\"application\/ld+json\" class=\"yoast-schema-graph\">{\"@context\":\"https:\\\/\\\/schema.org\",\"@graph\":[{\"@type\":\"WebPage\",\"@id\":\"https:\\\/\\\/narvajoesuu.ee\\\/fi\\\/detox-keskus\\\/tiimimme\\\/\",\"url\":\"https:\\\/\\\/narvajoesuu.ee\\\/fi\\\/detox-keskus\\\/tiimimme\\\/\",\"name\":\"Tiimimme - MEDICAL SPA NARVA-J\u00d5ESUU\",\"isPartOf\":{\"@id\":\"https:\\\/\\\/narvajoesuu.ee\\\/#website\"},\"primaryImageOfPage\":{\"@id\":\"https:\\\/\\\/narvajoesuu.ee\\\/fi\\\/detox-keskus\\\/tiimimme\\\/#primaryimage\"},\"image\":{\"@id\":\"https:\\\/\\\/narvajoesuu.ee\\\/fi\\\/detox-keskus\\\/tiimimme\\\/#primaryimage\"},\"thumbnailUrl\":\"https:\\\/\\\/narvajoesuu.ee\\\/wp-content\\\/uploads\\\/2025\\\/12\\\/1-819x1024.png\",\"datePublished\":\"2026-03-11T10:57:34+00:00\",\"dateModified\":\"2026-03-11T11:44:57+00:00\",\"breadcrumb\":{\"@id\":\"https:\\\/\\\/narvajoesuu.ee\\\/fi\\\/detox-keskus\\\/tiimimme\\\/#breadcrumb\"},\"inLanguage\":\"fi\",\"potentialAction\":[{\"@type\":\"ReadAction\",\"target\":[\"https:\\\/\\\/narvajoesuu.ee\\\/fi\\\/detox-keskus\\\/tiimimme\\\/\"]}]},{\"@type\":\"ImageObject\",\"inLanguage\":\"fi\",\"@id\":\"https:\\\/\\\/narvajoesuu.ee\\\/fi\\\/detox-keskus\\\/tiimimme\\\/#primaryimage\",\"url\":\"https:\\\/\\\/narvajoesuu.ee\\\/wp-content\\\/uploads\\\/2025\\\/12\\\/1-819x1024.png\",\"contentUrl\":\"https:\\\/\\\/narvajoesuu.ee\\\/wp-content\\\/uploads\\\/2025\\\/12\\\/1-819x1024.png\"},{\"@type\":\"BreadcrumbList\",\"@id\":\"https:\\\/\\\/narvajoesuu.ee\\\/fi\\\/detox-keskus\\\/tiimimme\\\/#breadcrumb\",\"itemListElement\":[{\"@type\":\"ListItem\",\"position\":1,\"name\":\"Home\",\"item\":\"https:\\\/\\\/narvajoesuu.ee\\\/fi\\\/\"},{\"@type\":\"ListItem\",\"position\":2,\"name\":\"Detox &#038; Antistress keskus\",\"item\":\"https:\\\/\\\/narvajoesuu.ee\\\/fi\\\/detox-keskus\\\/\"},{\"@type\":\"ListItem\",\"position\":3,\"name\":\"Tiimimme\"}]},{\"@type\":\"WebSite\",\"@id\":\"https:\\\/\\\/narvajoesuu.ee\\\/#website\",\"url\":\"https:\\\/\\\/narvajoesuu.ee\\\/\",\"name\":\"MEDICAL SPA NARVA-J\u00d5ESUU\",\"description\":\"\",\"publisher\":{\"@id\":\"https:\\\/\\\/narvajoesuu.ee\\\/#organization\"},\"potentialAction\":[{\"@type\":\"SearchAction\",\"target\":{\"@type\":\"EntryPoint\",\"urlTemplate\":\"https:\\\/\\\/narvajoesuu.ee\\\/?s={search_term_string}\"},\"query-input\":{\"@type\":\"PropertyValueSpecification\",\"valueRequired\":true,\"valueName\":\"search_term_string\"}}],\"inLanguage\":\"fi\"},{\"@type\":\"Organization\",\"@id\":\"https:\\\/\\\/narvajoesuu.ee\\\/#organization\",\"name\":\"Narva-J\u00f5esuu Medical SPA\",\"url\":\"https:\\\/\\\/narvajoesuu.ee\\\/\",\"logo\":{\"@type\":\"ImageObject\",\"inLanguage\":\"fi\",\"@id\":\"https:\\\/\\\/narvajoesuu.ee\\\/#\\\/schema\\\/logo\\\/image\\\/\",\"url\":\"https:\\\/\\\/narvajoesuu.ee\\\/wp-content\\\/uploads\\\/2020\\\/10\\\/narvajoesuu-logo-small.png\",\"contentUrl\":\"https:\\\/\\\/narvajoesuu.ee\\\/wp-content\\\/uploads\\\/2020\\\/10\\\/narvajoesuu-logo-small.png\",\"width\":170,\"height\":170,\"caption\":\"Narva-J\u00f5esuu Medical SPA\"},\"image\":{\"@id\":\"https:\\\/\\\/narvajoesuu.ee\\\/#\\\/schema\\\/logo\\\/image\\\/\"}}]}<\/script>\n<!-- \/ Yoast SEO plugin. -->","yoast_head_json":{"title":"Tiimimme - MEDICAL SPA NARVA-J\u00d5ESUU","robots":{"index":"index","follow":"follow","max-snippet":"max-snippet:-1","max-image-preview":"max-image-preview:large","max-video-preview":"max-video-preview:-1"},"canonical":"https:\/\/narvajoesuu.ee\/fi\/detox-keskus\/tiimimme\/","og_locale":"fi_FI","og_type":"article","og_title":"Tiimimme - MEDICAL SPA NARVA-J\u00d5ESUU","og_description":"Detox &amp; Antistress -keskuksen Narva-J\u00f5esuu Medical SPA -tiimi\u00e4 yhdist\u00e4\u00e4 yhteinen tavoite \u2014 tarjota vieraille tieteeseen perustuvia, turvallisia ja aidosti tehokkaita...","og_url":"https:\/\/narvajoesuu.ee\/fi\/detox-keskus\/tiimimme\/","og_site_name":"MEDICAL SPA NARVA-J\u00d5ESUU","article_modified_time":"2026-03-11T11:44:57+00:00","og_image":[{"width":1080,"height":1350,"url":"https:\/\/narvajoesuu.ee\/wp-content\/uploads\/2025\/12\/1.png","type":"image\/png"}],"twitter_card":"summary_large_image","schema":{"@context":"https:\/\/schema.org","@graph":[{"@type":"WebPage","@id":"https:\/\/narvajoesuu.ee\/fi\/detox-keskus\/tiimimme\/","url":"https:\/\/narvajoesuu.ee\/fi\/detox-keskus\/tiimimme\/","name":"Tiimimme - MEDICAL SPA NARVA-J\u00d5ESUU","isPartOf":{"@id":"https:\/\/narvajoesuu.ee\/#website"},"primaryImageOfPage":{"@id":"https:\/\/narvajoesuu.ee\/fi\/detox-keskus\/tiimimme\/#primaryimage"},"image":{"@id":"https:\/\/narvajoesuu.ee\/fi\/detox-keskus\/tiimimme\/#primaryimage"},"thumbnailUrl":"https:\/\/narvajoesuu.ee\/wp-content\/uploads\/2025\/12\/1-819x1024.png","datePublished":"2026-03-11T10:57:34+00:00","dateModified":"2026-03-11T11:44:57+00:00","breadcrumb":{"@id":"https:\/\/narvajoesuu.ee\/fi\/detox-keskus\/tiimimme\/#breadcrumb"},"inLanguage":"fi","potentialAction":[{"@type":"ReadAction","target":["https:\/\/narvajoesuu.ee\/fi\/detox-keskus\/tiimimme\/"]}]},{"@type":"ImageObject","inLanguage":"fi","@id":"https:\/\/narvajoesuu.ee\/fi\/detox-keskus\/tiimimme\/#primaryimage","url":"https:\/\/narvajoesuu.ee\/wp-content\/uploads\/2025\/12\/1-819x1024.png","contentUrl":"https:\/\/narvajoesuu.ee\/wp-content\/uploads\/2025\/12\/1-819x1024.png"},{"@type":"BreadcrumbList","@id":"https:\/\/narvajoesuu.ee\/fi\/detox-keskus\/tiimimme\/#breadcrumb","itemListElement":[{"@type":"ListItem","position":1,"name":"Home","item":"https:\/\/narvajoesuu.ee\/fi\/"},{"@type":"ListItem","position":2,"name":"Detox &#038; Antistress keskus","item":"https:\/\/narvajoesuu.ee\/fi\/detox-keskus\/"},{"@type":"ListItem","position":3,"name":"Tiimimme"}]},{"@type":"WebSite","@id":"https:\/\/narvajoesuu.ee\/#website","url":"https:\/\/narvajoesuu.ee\/","name":"MEDICAL SPA NARVA-J\u00d5ESUU","description":"","publisher":{"@id":"https:\/\/narvajoesuu.ee\/#organization"},"potentialAction":[{"@type":"SearchAction","target":{"@type":"EntryPoint","urlTemplate":"https:\/\/narvajoesuu.ee\/?s={search_term_string}"},"query-input":{"@type":"PropertyValueSpecification","valueRequired":true,"valueName":"search_term_string"}}],"inLanguage":"fi"},{"@type":"Organization","@id":"https:\/\/narvajoesuu.ee\/#organization","name":"Narva-J\u00f5esuu Medical SPA","url":"https:\/\/narvajoesuu.ee\/","logo":{"@type":"ImageObject","inLanguage":"fi","@id":"https:\/\/narvajoesuu.ee\/#\/schema\/logo\/image\/","url":"https:\/\/narvajoesuu.ee\/wp-content\/uploads\/2020\/10\/narvajoesuu-logo-small.png","contentUrl":"https:\/\/narvajoesuu.ee\/wp-content\/uploads\/2020\/10\/narvajoesuu-logo-small.png","width":170,"height":170,"caption":"Narva-J\u00f5esuu Medical SPA"},"image":{"@id":"https:\/\/narvajoesuu.ee\/#\/schema\/logo\/image\/"}}]}},"uagb_featured_image_src":{"full":false,"thumbnail":false,"medium":false,"medium_large":false,"large":false,"1536x1536":false,"2048x2048":false,"img-1920x550":false,"img-1920x320":false,"img-1920x200":false,"img-670x480":false,"img-570x280":false,"img-507":false,"img-370x240":false,"img-400x250":false,"img-370x175":false,"img-370x120":false,"img-300":false,"img-170":false},"uagb_author_info":{"display_name":"Darja","author_link":"https:\/\/narvajoesuu.ee\/fi\/author\/darja\/"},"uagb_comment_info":0,"uagb_excerpt":"Detox &amp; Antistress -keskuksen Narva-J\u00f5esuu Medical SPA -tiimi\u00e4 yhdist\u00e4\u00e4 yhteinen tavoite \u2014 tarjota vieraille tieteeseen perustuvia, turvallisia ja aidosti tehokkaita...","_links":{"self":[{"href":"https:\/\/narvajoesuu.ee\/fi\/wp-json\/wp\/v2\/pages\/22452","targetHints":{"allow":["GET"]}}],"collection":[{"href":"https:\/\/narvajoesuu.ee\/fi\/wp-json\/wp\/v2\/pages"}],"about":[{"href":"https:\/\/narvajoesuu.ee\/fi\/wp-json\/wp\/v2\/types\/page"}],"author":[{"embeddable":true,"href":"https:\/\/narvajoesuu.ee\/fi\/wp-json\/wp\/v2\/users\/2"}],"replies":[{"embeddable":true,"href":"https:\/\/narvajoesuu.ee\/fi\/wp-json\/wp\/v2\/comments?post=22452"}],"version-history":[{"count":6,"href":"https:\/\/narvajoesuu.ee\/fi\/wp-json\/wp\/v2\/pages\/22452\/revisions"}],"predecessor-version":[{"id":23805,"href":"https:\/\/narvajoesuu.ee\/fi\/wp-json\/wp\/v2\/pages\/22452\/revisions\/23805"}],"up":[{"embeddable":true,"href":"https:\/\/narvajoesuu.ee\/fi\/wp-json\/wp\/v2\/pages\/10716"}],"wp:attachment":[{"href":"https:\/\/narvajoesuu.ee\/fi\/wp-json\/wp\/v2\/media?parent=22452"}],"curies":[{"name":"wp","href":"https:\/\/api.w.org\/{rel}","templated":true}]}}