{"id":22096,"date":"2026-03-04T16:05:44","date_gmt":"2026-03-04T14:05:44","guid":{"rendered":"https:\/\/narvajoesuu.ee\/?page_id=22096"},"modified":"2026-03-04T16:05:45","modified_gmt":"2026-03-04T14:05:45","slug":"antiage-ohjelma-7-yota","status":"publish","type":"page","link":"https:\/\/narvajoesuu.ee\/fi\/detox-keskus\/detox-ohjelmat\/antiage-ohjelma-7-yota\/","title":{"rendered":"ANTIAGE-ohjelma (7 y\u00f6t\u00e4)"},"content":{"rendered":"<div class=\"b-block pad-top-30 pad-bottom-20\"><div class=\"p-emphasis b-part container-p0 p-emphasis--info\"><p>Kutsumme sinut nauttimaan eksklusiivisesta ANTIAGE-ohjelmasta, joka on suunniteltu ihon, kehon ja mielen nuorentamiseen.<\/p>\n<p>Seitsem\u00e4n p\u00e4iv\u00e4n aikana yhdist\u00e4mme ammattimaiset spa- ja terveyshoidot sek\u00e4 terveellisen ravitsemuksen tarjotaksemme kokonaisvaltaisen nuorentumisen ja hyvinvoinnin kokemuksen.<\/p>\n<p>Ohjelma sis\u00e4lt\u00e4\u00e4 rentouttavia, nuorentavia, kiinteytt\u00e4vi\u00e4 ja detox-vaikutteisia hoitoja, jotka stimuloivat kollageenin tuotantoa, parantavat verenkiertoa ja nopeuttavat aineenvaihduntaa \u2013 tavoitteena, ett\u00e4 ihosi on kimmoisampi, s\u00e4vykk\u00e4\u00e4mpi ja hehkuvampi sek\u00e4 keho ja mieli tuntuvat energisilt\u00e4 ja raikkailta.<\/p>\n<\/div><\/div>\n\n\n<h4 class=\"wp-block-heading wp-el\" id=\"programm-sisaldab\"><strong>OHJELMA SIS\u00c4LT\u00c4\u00c4:<\/strong><\/h4>\n\n\n\n<ul class=\"wp-block-list wp-el\">\n<li>Keskustelu tietoisen terveyden keskuksemme asiantuntijan kanssa (20 min) + kehonkoostumusanalyysi<\/li>\n\n\n\n<li>Majoitus Superior-huoneessa 7 y\u00f6t\u00e4 (Sis\u00e4\u00e4nkirjautuminen klo 16.00 \/ Uloskirjautuminen klo 13.00)<\/li>\n\n\n\n<li>Ruokailu valintasi mukaan:<\/li>\n\n\n\n<li>\u2714\ufe0f T\u00e4ysihoito buffet-ravintolassa<\/li>\n\n\n\n<li>\u2714\ufe0f DETOX-menu<\/li>\n\n\n\n<li>\u2714\ufe0f Fitlap-menu<\/li>\n\n\n\n<li>\u2714\ufe0f DETOX-smoothiet<\/li>\n\n\n\n<li>Kylpytakit, WiFi ja pys\u00e4k\u00f6inti<\/li>\n\n\n\n<li>Saunakeskuksen, uima-altaan ja kuntosalin rajoittamaton k\u00e4ytt\u00f6 p\u00e4ivitt\u00e4in niiden aukioloaikoina<\/li>\n\n\n\n<li>L\u00e4mmitetyn ulkouima-altaan ja porealtaan k\u00e4ytt\u00f6 (veden l\u00e4mp\u00f6tila 30 \u00b0C my\u00f6s viile\u00e4ll\u00e4 s\u00e4\u00e4ll\u00e4, avoinna huhtikuusta lokakuuhun)<\/li>\n<\/ul>\n\n\n\n<h4 class=\"wp-block-heading wp-el\" id=\"programm-sisaldab\"><strong>HOITOSUUNNITELMA<\/strong>:<\/h4>\n\n\n\n<figure class=\"wp-block-table is-style-stripes\"><table><thead><tr><th class=\"has-text-align-left\" data-align=\"left\">Kiinte\u00e4t hoidot:<\/th><\/tr><tr><th class=\"has-text-align-left\" data-align=\"left\"><\/th><\/tr><\/thead><tbody><tr><td class=\"has-text-align-left\" data-align=\"left\"><strong>Anti-age spa-rituaali keholle ja kasvoille (90 min)<\/strong><br>Kasvoille ja keholle suunnattu ANTIAGE-spa-rituaali keskittyy ihon nuorentamiseen ja tarjoaa n\u00e4kyv\u00e4n anti-age-vaikutuksen. Hoito stimuloi kollageenin tuotantoa, parantaa aineenvaihduntaa, palauttaa ihon elastisuuden sek\u00e4 v\u00e4hent\u00e4\u00e4 selluliittia ja rasvakertymi\u00e4. Iho muuttuu kiinte\u00e4mm\u00e4ksi ja joustavammaksi, ja ik\u00e4\u00e4ntymisprosessi hidastuu.<\/td><\/tr><tr><td class=\"has-text-align-left\" data-align=\"left\"><strong>Kasvohoito \u201cAge Defence\u201d (40 min)<\/strong><br>Hoito aktivoi solujen luonnollisia prosesseja, v\u00e4hent\u00e4\u00e4 ihon ik\u00e4\u00e4ntymisen merkkej\u00e4 sek\u00e4 antaa iholle raikkautta ja hehkua. Hoito vahvistaa ihon luonnollisia suojamekanismeja ja auttaa s\u00e4ilytt\u00e4m\u00e4\u00e4n optimaalisen kosteustason pitk\u00e4\u00e4n. Tuloksena on tasaisempi, kimmoisampi ja uudistunut iho jo ensimm\u00e4isen hoitokerran j\u00e4lkeen.<\/td><\/tr><tr><td class=\"has-text-align-left\" data-align=\"left\"><strong>L\u00e4mmitt\u00e4v\u00e4 ANTIAGE-lev\u00e4k\u00e4\u00e4re Thermo Sculptor (40 min)<\/strong><br>L\u00e4mmitt\u00e4v\u00e4 lev\u00e4k\u00e4\u00e4re vaikuttaa ihoon kokonaisvaltaisesti ja tukee kiinte\u00e4mm\u00e4n ja nuorekkaamman ihon saavuttamista. Hoito hidastaa biologista ik\u00e4\u00e4ntymist\u00e4, rikastaa ihoa vitamiineilla ja mineraaleilla, v\u00e4hent\u00e4\u00e4 turvotusta ja rasvakertymi\u00e4 sek\u00e4 ravitsee ja kosteuttaa ihoa tehokkaasti.<\/td><\/tr><tr><td class=\"has-text-align-left\" data-align=\"left\"><strong>Merilev\u00e4vartalohoito (20 min) \u2013 3 hoitoa<br><\/strong>Merilev\u00e4hoito parantaa ihon kiinteytt\u00e4 ja elastisuutta, stimuloi kollageenin ja elastiinin tuotantoa sek\u00e4 tarjoaa voimakkaan antioksidanttisen suojan ja syv\u00e4kosteutuksen. Hoito edist\u00e4\u00e4 detox-vaikutusta, parantaa mikroverenkiertoa ja v\u00e4hent\u00e4\u00e4 turvotusta ja selluliittia.<\/td><\/tr><tr><td class=\"has-text-align-left\" data-align=\"left\"><strong>Valinnainen: aromahieronta (40 min) <\/strong>tai<strong> klassinen hieronta (40 min)<\/strong><br>Aromahieronnalla on ik\u00e4\u00e4ntymist\u00e4 hidastava vaikutus: se stimuloi verenkiertoa ja aineenvaihduntaa, parantaa ihon elastisuutta ja aktivoi solujen uusiutumista. K\u00e4ytett\u00e4v\u00e4t eteeriset \u00f6ljyt omaavat antioksidanttisia ominaisuuksia ja ravitsevat, kosteuttavat sek\u00e4 uudistavat ihoa.<\/td><\/tr><tr><td class=\"has-text-align-left\" data-align=\"left\"><em>+ <strong>10 hoitoa valintasi mukaan:<\/strong><\/em><\/td><\/tr><tr><td class=\"has-text-align-left\" data-align=\"left\"><strong>Stendo\u00aeFACE + NEW SKIN SYSTEM CELLS CAPRI Beauty Line-tehokonsentraatti (20 min)<\/strong><br>Stendo\u00aeFACE-hoito stimuloi imunestekiertoa ja kollageenin tuotantoa, tehden ihosta kiinte\u00e4mm\u00e4n ja nuorekkaamman. Iho muuttuu sile\u00e4mm\u00e4ksi, elastisemmaksi ja kirkkaammaksi; juonteet ja turvotus v\u00e4henev\u00e4t ja kasvojen piirteet erottuvat selke\u00e4mmin.<\/td><\/tr><tr><td class=\"has-text-align-left\" data-align=\"left\"><strong>Aurinkoinen hiekkahuone (15 min) **<\/strong><br>Rentouttava ja nuorentava hoito, joka stimuloi kollageenin tuotantoa, nopeuttaa aineenvaihduntaa ja parantaa ihon elastisuutta. Auttaa v\u00e4hent\u00e4m\u00e4\u00e4n selluliittia ja lievitt\u00e4\u00e4 hermostollista j\u00e4nnityst\u00e4.<\/td><\/tr><tr><td class=\"has-text-align-left\" data-align=\"left\"><strong>Trooppinen huone (20 min) **<br><\/strong>Rentoutusterapia emotionaalisen ja lihasj\u00e4nnityksen lievitt\u00e4miseen. Normalisoi hermoston toimintaa, v\u00e4hent\u00e4\u00e4 stressi\u00e4 ja tukee syvemp\u00e4\u00e4 unta.<\/td><\/tr><tr><td class=\"has-text-align-left\" data-align=\"left\"><strong>Omega Light + NEW SKIN SYSTEM CELLS CAPRI Beauty Line (20 min)<br><\/strong>Anti-age-valoterapia, joka kosteuttaa, silottaa ja kirkastaa ihoa jo ensimm\u00e4isen hoidon j\u00e4lkeen. Aktivoi kollageenin ja elastiinin tuotantoa ja parantaa ihon mikroverenkiertoa.<\/td><\/tr><tr><td class=\"has-text-align-left\" data-align=\"left\"><strong>N.O.logy\u00ae Stendo Pulsewave-hoito (kesto ohjelman mukaan)<br><\/strong>V\u00e4hent\u00e4\u00e4 stressihormonien haitallista vaikutusta, parantaa mikroverenkiertoa ja tukee kehon pitk\u00e4ik\u00e4isyytt\u00e4.<\/td><\/tr><tr><td class=\"has-text-align-left\" data-align=\"left\"><strong>Artesiavesi\u2013granaattiomenahierontakylpy (10 min)<br><\/strong>Antioksidanttinen hoito, joka stimuloi kollageenin ja elastiinin tuotantoa, parantaa ihon elastisuutta ja virkist\u00e4\u00e4 ihoa.<\/td><\/tr><tr><td class=\"has-text-align-left\" data-align=\"left\"><strong>Rentoutushuone (20 min)<br><\/strong>Edist\u00e4\u00e4 syv\u00e4\u00e4 rentoutumista, v\u00e4hent\u00e4\u00e4 kroonista v\u00e4symyst\u00e4 ja ahdistusta sek\u00e4 tukee psykoemotionaalista tasapainoa.<\/td><\/tr><tr><td class=\"has-text-align-left\" data-align=\"left\"><strong>Kuiva otsonikylpy (10 min)<\/strong><br>Normalisoi kehon biologisia toimintoja, vahvistaa vastustuskyky\u00e4 ja v\u00e4hent\u00e4\u00e4 stressi\u00e4 ja v\u00e4symyst\u00e4.<\/td><\/tr><tr><td class=\"has-text-align-left\" data-align=\"left\"><strong>Jalkapohjien laitehieronta (15 min)<\/strong><br>Parantaa verenkiertoa, lievitt\u00e4\u00e4 jalkojen turvotusta ja tukee hermoston toimintaa.<\/td><\/tr><tr><td class=\"has-text-align-left\" data-align=\"left\"><strong>Happihoito (5 min)<\/strong><br>Rikastaa aivoja hapella, parantaa keskittymist\u00e4 ja unen laatua.<\/td><\/tr><tr><td class=\"has-text-align-left\" data-align=\"left\"><strong>Vesisuihkuhieronta (Charcot\u2019n suihku) (10 min)<\/strong><br>Aktivoi aineenvaihduntaa, parantaa verenkiertoa ja ihon elastisuutta sek\u00e4 v\u00e4hent\u00e4\u00e4 selluliitin n\u00e4kyvyytt\u00e4.<\/td><\/tr><tr><td class=\"has-text-align-left\" data-align=\"left\"><strong>DETOX-seetritynnyri (10 min)<br><\/strong>Auttaa poistamaan toksiineja, parantaa ihon elastisuutta ja rauhoittaa hermostoa.<\/td><\/tr><tr><td class=\"has-text-align-left\" data-align=\"left\"><strong>Sculptor One S \u2013 valittu alue: k\u00e4sivarret, vatsa tai pakarat (30 min)<\/strong><br>Ei-kirurginen kehonmuokkaushoito, joka v\u00e4hent\u00e4\u00e4 rasvaa, kiinteytt\u00e4\u00e4 ja vahvistaa lihaksia nopeasti ja tehokkaasti.<\/td><\/tr><\/tbody><\/table><\/figure>\n\n\n\n<div class=\"wp-block-uagb-info-box uagb-block-3c208bbe uagb-infobox__content-wrap  uagb-infobox-icon-above-title uagb-infobox-image-valign-top\"><div class=\"uagb-ifb-content\"><div class=\"uagb-ifb-title-wrap\"><span class=\"uagb-ifb-title-prefix\"><strong>Lis\u00e4tiedot<\/strong><\/span><\/div><div class=\"uagb-ifb-separator\"><\/div><p class=\"uagb-ifb-desc\"><em><strong>**<\/strong> protseduur on valikus kaks korda<\/em><\/p><\/div><\/div>\n\n\n\n<div class=\"wp-block-uagb-marketing-button uagb-marketing-btn__align-left uagb-marketing-btn__align-text-left uagb-marketing-btn__icon-after uagb-block-4c678626 wp-block-button\"><a href=\"https:\/\/narvajoesuu.ee\/fi\/aqua-zumba\/\" class=\"uagb-marketing-btn__link wp-block-button__link\" target=\"\" rel=\"noopener noreferrer\"><span class=\"uagb-marketing-btn__title\">Lahjana<\/span><svg xmlns=\"https:\/\/www.w3.org\/2000\/svg\" viewBox=\"0 0 512 512\"><path d=\"M152 0H154.2C186.1 0 215.7 16.91 231.9 44.45L256 85.46L280.1 44.45C296.3 16.91 325.9 0 357.8 0H360C408.6 0 448 39.4 448 88C448 102.4 444.5 115.1 438.4 128H480C497.7 128 512 142.3 512 160V224C512 241.7 497.7 256 480 256H32C14.33 256 0 241.7 0 224V160C0 142.3 14.33 128 32 128H73.6C67.46 115.1 64 102.4 64 88C64 39.4 103.4 0 152 0zM190.5 68.78C182.9 55.91 169.1 48 154.2 48H152C129.9 48 112 65.91 112 88C112 110.1 129.9 128 152 128H225.3L190.5 68.78zM360 48H357.8C342.9 48 329.1 55.91 321.5 68.78L286.7 128H360C382.1 128 400 110.1 400 88C400 65.91 382.1 48 360 48V48zM32 288H224V512H80C53.49 512 32 490.5 32 464V288zM288 512V288H480V464C480 490.5 458.5 512 432 512H288z\"><\/path><\/svg><p class=\"uagb-marketing-btn__prefix\">Aqua Zumba sis\u00e4altaassa<\/p><\/a><\/div>\n\n\n\n<h3 class=\"wp-block-heading wp-el\" id=\"hind-kuni-30-12-2022\"> HIND KUNI 30.12.2026<\/h3>\n\n\n\n<figure class=\"wp-block-table is-style-stripes\"><table class=\"has-fixed-layout\"><thead><tr><th class=\"has-text-align-left\" data-align=\"left\">Majoitustyyppi<\/th><th class=\"has-text-align-center\" data-align=\"center\">Ohjelman hinta (7 y\u00f6t\u00e4)<\/th><\/tr><\/thead><tbody><tr><td class=\"has-text-align-left\" data-align=\"left\">Superior <\/td><td class=\"has-text-align-center\" data-align=\"center\"><em>1260 \u20ac<\/em><br><\/td><\/tr><\/tbody><\/table><\/figure>\n\n\n\n<hr class=\"wp-block-separator has-alpha-channel-opacity\"\/>\n\n\n\n<ul class=\"wp-block-list wp-el\">\n<li><a href=\"https:\/\/narvajoesuu.ee\/fi\/hotelli\/huoneet\/lisamaksu-majoituksesta-paketin-ostaneille\/\">Lis\u00e4maksu paketin ostaneille asiakkaille<\/a><\/li>\n\n\n\n<li><a href=\"https:\/\/narvajoesuu.ee\/fi\/hotelli\/huoneet\/lisamaksu-majoituksesta-paketin-ostaneille\/\"><\/a><a href=\"https:\/\/narvajoesuu.ee\/fi\/hotelli\/huoneet\/lisamaksu-majoituksesta-paketin-ostaneille\/\"><\/a><a href=\"https:\/\/narvajoesuu.ee\/fi\/hotelli\/asiakaskortti\/\">Asiakaskortti<\/a><\/li>\n\n\n\n<li><a href=\"https:\/\/narvajoesuu.ee\/fi\/hotelli\/huoneet\/lisamaksu-majoituksesta-paketin-ostaneille\/\"><\/a><a href=\"https:\/\/narvajoesuu.ee\/fi\/hotelli\/huoneet\/lisamaksu-majoituksesta-paketin-ostaneille\/\"><\/a><a href=\"https:\/\/narvajoesuu.ee\/fi\/kylpylaloma\/loma-lasten-kanssa\/\">Loma lasten kanssa<\/a><\/li>\n\n\n\n<li><a href=\"https:\/\/narvajoesuu.ee\/fi\/hotelli\/huoneet\/lisamaksu-majoituksesta-paketin-ostaneille\/\"><\/a><a href=\"https:\/\/narvajoesuu.ee\/fi\/hotelli\/huoneet\/lisamaksu-majoituksesta-paketin-ostaneille\/\"><\/a><a href=\"https:\/\/narvajoesuu.ee\/fi\/hotelli\/varausehdot\/\">Pakettien varausehdot<\/a><\/li>\n<\/ul>\n\n\n<div class=\"b-block pad-top-0 pad-bottom-20\"><div class=\"p-emphasis b-part container-p0 p-emphasis--warn\"><p>Huomio! Kylpyl\u00e4 pid\u00e4tt\u00e4\u00e4 itselleen oikeuden hinnanmuutoksiin ilman etuk\u00e4teen ilmoittamatta. Asiakkaille ei palauteta ennakkoa palveluista, jotka ovat j\u00e4\u00e4neet k\u00e4ytt\u00e4m\u00e4tt\u00e4 Narva-J\u00f5esuun kylpyl\u00e4st\u00e4 riippumattomista syist\u00e4.<\/p>\n<\/div><\/div>\n\n\n<p class=\"wp-el\"><\/p>\n","protected":false},"excerpt":{"rendered":"<p>OHJELMA SIS\u00c4LT\u00c4\u00c4: HOITOSUUNNITELMA: Kiinte\u00e4t hoidot: Anti-age spa-rituaali keholle ja kasvoille (90 min)Kasvoille ja keholle suunnattu ANTIAGE-spa-rituaali keskittyy ihon nuorentamiseen ja&#8230;<\/p>\n","protected":false},"author":2,"featured_media":0,"parent":10367,"menu_order":477,"comment_status":"closed","ping_status":"closed","template":"","meta":{"_acf_changed":false,"_uag_custom_page_level_css":"","_monsterinsights_skip_tracking":false,"_monsterinsights_sitenote_active":false,"_monsterinsights_sitenote_note":"","_monsterinsights_sitenote_category":0,"footnotes":""},"class_list":["post-22096","page","type-page","status-publish","hentry"],"acf":[],"yoast_head":"<!-- This site is optimized with the Yoast SEO plugin v27.3 - https:\/\/yoast.com\/product\/yoast-seo-wordpress\/ -->\n<title>ANTIAGE-ohjelma (7 y\u00f6t\u00e4) - MEDICAL SPA NARVA-J\u00d5ESUU<\/title>\n<meta name=\"robots\" content=\"index, follow, max-snippet:-1, max-image-preview:large, max-video-preview:-1\" \/>\n<link rel=\"canonical\" href=\"https:\/\/narvajoesuu.ee\/fi\/detox-keskus\/detox-ohjelmat\/antiage-ohjelma-7-yota\/\" \/>\n<meta property=\"og:locale\" content=\"fi_FI\" \/>\n<meta property=\"og:type\" content=\"article\" \/>\n<meta property=\"og:title\" content=\"ANTIAGE-ohjelma (7 y\u00f6t\u00e4) - MEDICAL SPA NARVA-J\u00d5ESUU\" \/>\n<meta property=\"og:description\" content=\"OHJELMA SIS\u00c4LT\u00c4\u00c4: HOITOSUUNNITELMA: Kiinte\u00e4t hoidot: Anti-age spa-rituaali keholle ja kasvoille (90 min)Kasvoille ja keholle suunnattu ANTIAGE-spa-rituaali keskittyy ihon nuorentamiseen ja...\" \/>\n<meta property=\"og:url\" content=\"https:\/\/narvajoesuu.ee\/fi\/detox-keskus\/detox-ohjelmat\/antiage-ohjelma-7-yota\/\" \/>\n<meta property=\"og:site_name\" content=\"MEDICAL SPA NARVA-J\u00d5ESUU\" \/>\n<meta property=\"article:modified_time\" content=\"2026-03-04T14:05:45+00:00\" \/>\n<meta property=\"og:image\" content=\"https:\/\/narvajoesuu.ee\/wp-content\/uploads\/2021\/12\/Maja-pilt.png\" \/>\n\t<meta property=\"og:image:width\" content=\"1200\" \/>\n\t<meta property=\"og:image:height\" content=\"630\" \/>\n\t<meta property=\"og:image:type\" content=\"image\/png\" \/>\n<meta name=\"twitter:card\" content=\"summary_large_image\" \/>\n<meta name=\"twitter:label1\" content=\"Arvioitu lukuaika\" \/>\n\t<meta name=\"twitter:data1\" content=\"2 minuuttia\" \/>\n<script type=\"application\/ld+json\" class=\"yoast-schema-graph\">{\"@context\":\"https:\\\/\\\/schema.org\",\"@graph\":[{\"@type\":\"WebPage\",\"@id\":\"https:\\\/\\\/narvajoesuu.ee\\\/fi\\\/detox-keskus\\\/detox-ohjelmat\\\/antiage-ohjelma-7-yota\\\/\",\"url\":\"https:\\\/\\\/narvajoesuu.ee\\\/fi\\\/detox-keskus\\\/detox-ohjelmat\\\/antiage-ohjelma-7-yota\\\/\",\"name\":\"ANTIAGE-ohjelma (7 y\u00f6t\u00e4) - MEDICAL SPA NARVA-J\u00d5ESUU\",\"isPartOf\":{\"@id\":\"https:\\\/\\\/narvajoesuu.ee\\\/#website\"},\"datePublished\":\"2026-03-04T14:05:44+00:00\",\"dateModified\":\"2026-03-04T14:05:45+00:00\",\"breadcrumb\":{\"@id\":\"https:\\\/\\\/narvajoesuu.ee\\\/fi\\\/detox-keskus\\\/detox-ohjelmat\\\/antiage-ohjelma-7-yota\\\/#breadcrumb\"},\"inLanguage\":\"fi\",\"potentialAction\":[{\"@type\":\"ReadAction\",\"target\":[\"https:\\\/\\\/narvajoesuu.ee\\\/fi\\\/detox-keskus\\\/detox-ohjelmat\\\/antiage-ohjelma-7-yota\\\/\"]}]},{\"@type\":\"BreadcrumbList\",\"@id\":\"https:\\\/\\\/narvajoesuu.ee\\\/fi\\\/detox-keskus\\\/detox-ohjelmat\\\/antiage-ohjelma-7-yota\\\/#breadcrumb\",\"itemListElement\":[{\"@type\":\"ListItem\",\"position\":1,\"name\":\"Home\",\"item\":\"https:\\\/\\\/narvajoesuu.ee\\\/fi\\\/\"},{\"@type\":\"ListItem\",\"position\":2,\"name\":\"Detox &#038; Antistress keskus\",\"item\":\"https:\\\/\\\/narvajoesuu.ee\\\/fi\\\/detox-keskus\\\/\"},{\"@type\":\"ListItem\",\"position\":3,\"name\":\"DETOX ja painonpudotuskeskus\",\"item\":\"https:\\\/\\\/narvajoesuu.ee\\\/fi\\\/detox-keskus\\\/detox-ohjelmat\\\/\"},{\"@type\":\"ListItem\",\"position\":4,\"name\":\"ANTIAGE-ohjelma (7 y\u00f6t\u00e4)\"}]},{\"@type\":\"WebSite\",\"@id\":\"https:\\\/\\\/narvajoesuu.ee\\\/#website\",\"url\":\"https:\\\/\\\/narvajoesuu.ee\\\/\",\"name\":\"MEDICAL SPA NARVA-J\u00d5ESUU\",\"description\":\"\",\"publisher\":{\"@id\":\"https:\\\/\\\/narvajoesuu.ee\\\/#organization\"},\"potentialAction\":[{\"@type\":\"SearchAction\",\"target\":{\"@type\":\"EntryPoint\",\"urlTemplate\":\"https:\\\/\\\/narvajoesuu.ee\\\/?s={search_term_string}\"},\"query-input\":{\"@type\":\"PropertyValueSpecification\",\"valueRequired\":true,\"valueName\":\"search_term_string\"}}],\"inLanguage\":\"fi\"},{\"@type\":\"Organization\",\"@id\":\"https:\\\/\\\/narvajoesuu.ee\\\/#organization\",\"name\":\"Narva-J\u00f5esuu Medical SPA\",\"url\":\"https:\\\/\\\/narvajoesuu.ee\\\/\",\"logo\":{\"@type\":\"ImageObject\",\"inLanguage\":\"fi\",\"@id\":\"https:\\\/\\\/narvajoesuu.ee\\\/#\\\/schema\\\/logo\\\/image\\\/\",\"url\":\"https:\\\/\\\/narvajoesuu.ee\\\/wp-content\\\/uploads\\\/2020\\\/10\\\/narvajoesuu-logo-small.png\",\"contentUrl\":\"https:\\\/\\\/narvajoesuu.ee\\\/wp-content\\\/uploads\\\/2020\\\/10\\\/narvajoesuu-logo-small.png\",\"width\":170,\"height\":170,\"caption\":\"Narva-J\u00f5esuu Medical SPA\"},\"image\":{\"@id\":\"https:\\\/\\\/narvajoesuu.ee\\\/#\\\/schema\\\/logo\\\/image\\\/\"}}]}<\/script>\n<!-- \/ Yoast SEO plugin. -->","yoast_head_json":{"title":"ANTIAGE-ohjelma (7 y\u00f6t\u00e4) - MEDICAL SPA NARVA-J\u00d5ESUU","robots":{"index":"index","follow":"follow","max-snippet":"max-snippet:-1","max-image-preview":"max-image-preview:large","max-video-preview":"max-video-preview:-1"},"canonical":"https:\/\/narvajoesuu.ee\/fi\/detox-keskus\/detox-ohjelmat\/antiage-ohjelma-7-yota\/","og_locale":"fi_FI","og_type":"article","og_title":"ANTIAGE-ohjelma (7 y\u00f6t\u00e4) - MEDICAL SPA NARVA-J\u00d5ESUU","og_description":"OHJELMA SIS\u00c4LT\u00c4\u00c4: HOITOSUUNNITELMA: Kiinte\u00e4t hoidot: Anti-age spa-rituaali keholle ja kasvoille (90 min)Kasvoille ja keholle suunnattu ANTIAGE-spa-rituaali keskittyy ihon nuorentamiseen ja...","og_url":"https:\/\/narvajoesuu.ee\/fi\/detox-keskus\/detox-ohjelmat\/antiage-ohjelma-7-yota\/","og_site_name":"MEDICAL SPA NARVA-J\u00d5ESUU","article_modified_time":"2026-03-04T14:05:45+00:00","og_image":[{"width":1200,"height":630,"url":"https:\/\/narvajoesuu.ee\/wp-content\/uploads\/2021\/12\/Maja-pilt.png","type":"image\/png"}],"twitter_card":"summary_large_image","twitter_misc":{"Arvioitu lukuaika":"2 minuuttia"},"schema":{"@context":"https:\/\/schema.org","@graph":[{"@type":"WebPage","@id":"https:\/\/narvajoesuu.ee\/fi\/detox-keskus\/detox-ohjelmat\/antiage-ohjelma-7-yota\/","url":"https:\/\/narvajoesuu.ee\/fi\/detox-keskus\/detox-ohjelmat\/antiage-ohjelma-7-yota\/","name":"ANTIAGE-ohjelma (7 y\u00f6t\u00e4) - MEDICAL SPA NARVA-J\u00d5ESUU","isPartOf":{"@id":"https:\/\/narvajoesuu.ee\/#website"},"datePublished":"2026-03-04T14:05:44+00:00","dateModified":"2026-03-04T14:05:45+00:00","breadcrumb":{"@id":"https:\/\/narvajoesuu.ee\/fi\/detox-keskus\/detox-ohjelmat\/antiage-ohjelma-7-yota\/#breadcrumb"},"inLanguage":"fi","potentialAction":[{"@type":"ReadAction","target":["https:\/\/narvajoesuu.ee\/fi\/detox-keskus\/detox-ohjelmat\/antiage-ohjelma-7-yota\/"]}]},{"@type":"BreadcrumbList","@id":"https:\/\/narvajoesuu.ee\/fi\/detox-keskus\/detox-ohjelmat\/antiage-ohjelma-7-yota\/#breadcrumb","itemListElement":[{"@type":"ListItem","position":1,"name":"Home","item":"https:\/\/narvajoesuu.ee\/fi\/"},{"@type":"ListItem","position":2,"name":"Detox &#038; Antistress keskus","item":"https:\/\/narvajoesuu.ee\/fi\/detox-keskus\/"},{"@type":"ListItem","position":3,"name":"DETOX ja painonpudotuskeskus","item":"https:\/\/narvajoesuu.ee\/fi\/detox-keskus\/detox-ohjelmat\/"},{"@type":"ListItem","position":4,"name":"ANTIAGE-ohjelma (7 y\u00f6t\u00e4)"}]},{"@type":"WebSite","@id":"https:\/\/narvajoesuu.ee\/#website","url":"https:\/\/narvajoesuu.ee\/","name":"MEDICAL SPA NARVA-J\u00d5ESUU","description":"","publisher":{"@id":"https:\/\/narvajoesuu.ee\/#organization"},"potentialAction":[{"@type":"SearchAction","target":{"@type":"EntryPoint","urlTemplate":"https:\/\/narvajoesuu.ee\/?s={search_term_string}"},"query-input":{"@type":"PropertyValueSpecification","valueRequired":true,"valueName":"search_term_string"}}],"inLanguage":"fi"},{"@type":"Organization","@id":"https:\/\/narvajoesuu.ee\/#organization","name":"Narva-J\u00f5esuu Medical SPA","url":"https:\/\/narvajoesuu.ee\/","logo":{"@type":"ImageObject","inLanguage":"fi","@id":"https:\/\/narvajoesuu.ee\/#\/schema\/logo\/image\/","url":"https:\/\/narvajoesuu.ee\/wp-content\/uploads\/2020\/10\/narvajoesuu-logo-small.png","contentUrl":"https:\/\/narvajoesuu.ee\/wp-content\/uploads\/2020\/10\/narvajoesuu-logo-small.png","width":170,"height":170,"caption":"Narva-J\u00f5esuu Medical SPA"},"image":{"@id":"https:\/\/narvajoesuu.ee\/#\/schema\/logo\/image\/"}}]}},"uagb_featured_image_src":{"full":false,"thumbnail":false,"medium":false,"medium_large":false,"large":false,"1536x1536":false,"2048x2048":false,"img-1920x550":false,"img-1920x320":false,"img-1920x200":false,"img-670x480":false,"img-570x280":false,"img-507":false,"img-370x240":false,"img-400x250":false,"img-370x175":false,"img-370x120":false,"img-300":false,"img-170":false},"uagb_author_info":{"display_name":"Darja","author_link":"https:\/\/narvajoesuu.ee\/fi\/author\/darja\/"},"uagb_comment_info":0,"uagb_excerpt":"OHJELMA SIS\u00c4LT\u00c4\u00c4: HOITOSUUNNITELMA: Kiinte\u00e4t hoidot: Anti-age spa-rituaali keholle ja kasvoille (90 min)Kasvoille ja keholle suunnattu ANTIAGE-spa-rituaali keskittyy ihon nuorentamiseen ja...","_links":{"self":[{"href":"https:\/\/narvajoesuu.ee\/fi\/wp-json\/wp\/v2\/pages\/22096","targetHints":{"allow":["GET"]}}],"collection":[{"href":"https:\/\/narvajoesuu.ee\/fi\/wp-json\/wp\/v2\/pages"}],"about":[{"href":"https:\/\/narvajoesuu.ee\/fi\/wp-json\/wp\/v2\/types\/page"}],"author":[{"embeddable":true,"href":"https:\/\/narvajoesuu.ee\/fi\/wp-json\/wp\/v2\/users\/2"}],"replies":[{"embeddable":true,"href":"https:\/\/narvajoesuu.ee\/fi\/wp-json\/wp\/v2\/comments?post=22096"}],"version-history":[{"count":3,"href":"https:\/\/narvajoesuu.ee\/fi\/wp-json\/wp\/v2\/pages\/22096\/revisions"}],"predecessor-version":[{"id":23708,"href":"https:\/\/narvajoesuu.ee\/fi\/wp-json\/wp\/v2\/pages\/22096\/revisions\/23708"}],"up":[{"embeddable":true,"href":"https:\/\/narvajoesuu.ee\/fi\/wp-json\/wp\/v2\/pages\/10367"}],"wp:attachment":[{"href":"https:\/\/narvajoesuu.ee\/fi\/wp-json\/wp\/v2\/media?parent=22096"}],"curies":[{"name":"wp","href":"https:\/\/api.w.org\/{rel}","templated":true}]}}