{"id":21801,"date":"2025-10-01T15:57:55","date_gmt":"2025-10-01T12:57:55","guid":{"rendered":"https:\/\/narvajoesuu.ee\/?page_id=21801"},"modified":"2025-10-01T15:57:56","modified_gmt":"2025-10-01T12:57:56","slug":"aqua-zumba","status":"publish","type":"page","link":"https:\/\/narvajoesuu.ee\/fi\/aqua-zumba\/","title":{"rendered":"Aqua Zumba"},"content":{"rendered":"\n<figure class=\"wp-block-gallery has-nested-images columns-default is-cropped wp-block-gallery-1 is-layout-flex wp-block-gallery-is-layout-flex\">\n<figure class=\"wp-block-image size-full\"><a href=\"https:\/\/narvajoesuu.ee\/wp-content\/uploads\/2025\/10\/\u0414\u0438\u0437\u0430\u0439\u043d-\u0431\u0435\u0437-\u043d\u0430\u0437\u0432\u0430\u043d\u0438\u044f-2025-10-01T154353.581.png\"><img loading=\"lazy\" decoding=\"async\" width=\"1024\" height=\"614\" data-id=\"21815\" src=\"https:\/\/narvajoesuu.ee\/wp-content\/uploads\/2025\/10\/\u0414\u0438\u0437\u0430\u0439\u043d-\u0431\u0435\u0437-\u043d\u0430\u0437\u0432\u0430\u043d\u0438\u044f-2025-10-01T154353.581.png\" alt=\"\" class=\"wp-image-21815\"\/><\/a><\/figure>\n\n\n\n<figure class=\"wp-block-image size-full\"><a href=\"https:\/\/narvajoesuu.ee\/wp-content\/uploads\/2025\/10\/\u0414\u0438\u0437\u0430\u0439\u043d-\u0431\u0435\u0437-\u043d\u0430\u0437\u0432\u0430\u043d\u0438\u044f-2025-10-01T154252.240.png\"><img loading=\"lazy\" decoding=\"async\" width=\"1024\" height=\"614\" data-id=\"21810\" src=\"https:\/\/narvajoesuu.ee\/wp-content\/uploads\/2025\/10\/\u0414\u0438\u0437\u0430\u0439\u043d-\u0431\u0435\u0437-\u043d\u0430\u0437\u0432\u0430\u043d\u0438\u044f-2025-10-01T154252.240.png\" alt=\"\" class=\"wp-image-21810\"\/><\/a><\/figure>\n\n\n\n<figure class=\"wp-block-image size-full\"><a href=\"https:\/\/narvajoesuu.ee\/wp-content\/uploads\/2025\/10\/\u0414\u0438\u0437\u0430\u0439\u043d-\u0431\u0435\u0437-\u043d\u0430\u0437\u0432\u0430\u043d\u0438\u044f-2025-10-01T154306.524.png\"><img loading=\"lazy\" decoding=\"async\" width=\"1024\" height=\"614\" data-id=\"21805\" src=\"https:\/\/narvajoesuu.ee\/wp-content\/uploads\/2025\/10\/\u0414\u0438\u0437\u0430\u0439\u043d-\u0431\u0435\u0437-\u043d\u0430\u0437\u0432\u0430\u043d\u0438\u044f-2025-10-01T154306.524.png\" alt=\"\" class=\"wp-image-21805\"\/><\/a><\/figure>\n<\/figure>\n\n\n\n<p class=\"wp-el\">Aqua Zumba eli vesijumppa j\u00e4rjestet\u00e4\u00e4n sis\u00e4uima-altaassa kolme kertaa viikossa \u2013 joka maanantai, keskiviikko ja perjantai. Kes\u00e4kaudella (hyv\u00e4ll\u00e4 s\u00e4\u00e4ll\u00e4) tunnit pidet\u00e4\u00e4n l\u00e4mmitetyss\u00e4 ulkouima-altaassa. Aqua Zumba sopii erinomaisesti niille, jotka etsiv\u00e4t vaihtelua p\u00e4ivitt\u00e4iseen treenirutiiniinsa. Harjoitukset ovat ainutlaatuisia \u2013 ne kuluttavat runsaasti energiaa, mutta eiv\u00e4t kuitenkaan rasita liikaa kehoa.<\/p>\n\n\n\n<p class=\"wp-el\"><strong>Miten se toimii?<\/strong><\/p>\n\n\n\n<p class=\"wp-el\">Aqua Zumba yhdist\u00e4\u00e4 Zumban filosofian ja veden hy\u00f6dylliset vaikutukset. Harjoittelussa kehon painon vaikutus niveliin on v\u00e4h\u00e4isempi. Vesi luo ymp\u00e4rist\u00f6n, jonka luonnollinen vastus tekee liikkeiden suorittamisesta haastavampaa ja auttaa samalla yll\u00e4pit\u00e4m\u00e4\u00e4n sek\u00e4 parantamaan lihaskuntoa.<\/p>\n\n\n\n<p class=\"wp-el\"><strong>Ohjaaja: Natalja Jakovleva<\/strong><\/p>\n\n\n<div class=\"b-block pad-top-30 pad-bottom-20\"><div class=\"p-emphasis b-part container-p0 p-emphasis--info\"><div><strong>Kauneus &#8211; ja terveyskeskus<\/strong><br \/>\n+372 35 99 523<br \/>\n+372 56 91 5042<br \/>\nilu@narvajoesuu.ee<\/div>\n<div><\/div>\n<div><\/div>\n<\/div><\/div>","protected":false},"excerpt":{"rendered":"<p>Aqua Zumba eli vesijumppa j\u00e4rjestet\u00e4\u00e4n sis\u00e4uima-altaassa kolme kertaa viikossa \u2013 joka maanantai, keskiviikko ja perjantai. Kes\u00e4kaudella (hyv\u00e4ll\u00e4 s\u00e4\u00e4ll\u00e4) tunnit pidet\u00e4\u00e4n&#8230;<\/p>\n","protected":false},"author":2,"featured_media":0,"parent":0,"menu_order":35,"comment_status":"closed","ping_status":"closed","template":"","meta":{"_acf_changed":false,"_uag_custom_page_level_css":"","_monsterinsights_skip_tracking":false,"_monsterinsights_sitenote_active":false,"_monsterinsights_sitenote_note":"","_monsterinsights_sitenote_category":0,"footnotes":""},"class_list":["post-21801","page","type-page","status-publish","hentry"],"acf":[],"yoast_head":"<!-- This site is optimized with the Yoast SEO plugin v27.3 - https:\/\/yoast.com\/product\/yoast-seo-wordpress\/ -->\n<title>Aqua Zumba - MEDICAL SPA NARVA-J\u00d5ESUU<\/title>\n<meta name=\"robots\" content=\"index, follow, max-snippet:-1, max-image-preview:large, max-video-preview:-1\" \/>\n<link rel=\"canonical\" href=\"https:\/\/narvajoesuu.ee\/fi\/aqua-zumba\/\" \/>\n<meta property=\"og:locale\" content=\"fi_FI\" \/>\n<meta property=\"og:type\" content=\"article\" \/>\n<meta property=\"og:title\" content=\"Aqua Zumba - MEDICAL SPA NARVA-J\u00d5ESUU\" \/>\n<meta property=\"og:description\" content=\"Aqua Zumba eli vesijumppa j\u00e4rjestet\u00e4\u00e4n sis\u00e4uima-altaassa kolme kertaa viikossa \u2013 joka maanantai, keskiviikko ja perjantai. Kes\u00e4kaudella (hyv\u00e4ll\u00e4 s\u00e4\u00e4ll\u00e4) tunnit pidet\u00e4\u00e4n...\" \/>\n<meta property=\"og:url\" content=\"https:\/\/narvajoesuu.ee\/fi\/aqua-zumba\/\" \/>\n<meta property=\"og:site_name\" content=\"MEDICAL SPA NARVA-J\u00d5ESUU\" \/>\n<meta property=\"article:modified_time\" content=\"2025-10-01T12:57:56+00:00\" \/>\n<meta property=\"og:image\" content=\"https:\/\/narvajoesuu.ee\/wp-content\/uploads\/2021\/12\/Maja-pilt.png\" \/>\n\t<meta property=\"og:image:width\" content=\"1200\" \/>\n\t<meta property=\"og:image:height\" content=\"630\" \/>\n\t<meta property=\"og:image:type\" content=\"image\/png\" \/>\n<meta name=\"twitter:card\" content=\"summary_large_image\" \/>\n<meta name=\"twitter:label1\" content=\"Arvioitu lukuaika\" \/>\n\t<meta name=\"twitter:data1\" content=\"2 minuuttia\" \/>\n<script type=\"application\/ld+json\" class=\"yoast-schema-graph\">{\"@context\":\"https:\\\/\\\/schema.org\",\"@graph\":[{\"@type\":\"WebPage\",\"@id\":\"https:\\\/\\\/narvajoesuu.ee\\\/fi\\\/aqua-zumba\\\/\",\"url\":\"https:\\\/\\\/narvajoesuu.ee\\\/fi\\\/aqua-zumba\\\/\",\"name\":\"Aqua Zumba - MEDICAL SPA NARVA-J\u00d5ESUU\",\"isPartOf\":{\"@id\":\"https:\\\/\\\/narvajoesuu.ee\\\/#website\"},\"datePublished\":\"2025-10-01T12:57:55+00:00\",\"dateModified\":\"2025-10-01T12:57:56+00:00\",\"breadcrumb\":{\"@id\":\"https:\\\/\\\/narvajoesuu.ee\\\/fi\\\/aqua-zumba\\\/#breadcrumb\"},\"inLanguage\":\"fi\",\"potentialAction\":[{\"@type\":\"ReadAction\",\"target\":[\"https:\\\/\\\/narvajoesuu.ee\\\/fi\\\/aqua-zumba\\\/\"]}]},{\"@type\":\"BreadcrumbList\",\"@id\":\"https:\\\/\\\/narvajoesuu.ee\\\/fi\\\/aqua-zumba\\\/#breadcrumb\",\"itemListElement\":[{\"@type\":\"ListItem\",\"position\":1,\"name\":\"Home\",\"item\":\"https:\\\/\\\/narvajoesuu.ee\\\/fi\\\/\"},{\"@type\":\"ListItem\",\"position\":2,\"name\":\"Aqua Zumba\"}]},{\"@type\":\"WebSite\",\"@id\":\"https:\\\/\\\/narvajoesuu.ee\\\/#website\",\"url\":\"https:\\\/\\\/narvajoesuu.ee\\\/\",\"name\":\"MEDICAL SPA NARVA-J\u00d5ESUU\",\"description\":\"\",\"publisher\":{\"@id\":\"https:\\\/\\\/narvajoesuu.ee\\\/#organization\"},\"potentialAction\":[{\"@type\":\"SearchAction\",\"target\":{\"@type\":\"EntryPoint\",\"urlTemplate\":\"https:\\\/\\\/narvajoesuu.ee\\\/?s={search_term_string}\"},\"query-input\":{\"@type\":\"PropertyValueSpecification\",\"valueRequired\":true,\"valueName\":\"search_term_string\"}}],\"inLanguage\":\"fi\"},{\"@type\":\"Organization\",\"@id\":\"https:\\\/\\\/narvajoesuu.ee\\\/#organization\",\"name\":\"Narva-J\u00f5esuu Medical SPA\",\"url\":\"https:\\\/\\\/narvajoesuu.ee\\\/\",\"logo\":{\"@type\":\"ImageObject\",\"inLanguage\":\"fi\",\"@id\":\"https:\\\/\\\/narvajoesuu.ee\\\/#\\\/schema\\\/logo\\\/image\\\/\",\"url\":\"https:\\\/\\\/narvajoesuu.ee\\\/wp-content\\\/uploads\\\/2020\\\/10\\\/narvajoesuu-logo-small.png\",\"contentUrl\":\"https:\\\/\\\/narvajoesuu.ee\\\/wp-content\\\/uploads\\\/2020\\\/10\\\/narvajoesuu-logo-small.png\",\"width\":170,\"height\":170,\"caption\":\"Narva-J\u00f5esuu Medical SPA\"},\"image\":{\"@id\":\"https:\\\/\\\/narvajoesuu.ee\\\/#\\\/schema\\\/logo\\\/image\\\/\"}}]}<\/script>\n<!-- \/ Yoast SEO plugin. -->","yoast_head_json":{"title":"Aqua Zumba - MEDICAL SPA NARVA-J\u00d5ESUU","robots":{"index":"index","follow":"follow","max-snippet":"max-snippet:-1","max-image-preview":"max-image-preview:large","max-video-preview":"max-video-preview:-1"},"canonical":"https:\/\/narvajoesuu.ee\/fi\/aqua-zumba\/","og_locale":"fi_FI","og_type":"article","og_title":"Aqua Zumba - MEDICAL SPA NARVA-J\u00d5ESUU","og_description":"Aqua Zumba eli vesijumppa j\u00e4rjestet\u00e4\u00e4n sis\u00e4uima-altaassa kolme kertaa viikossa \u2013 joka maanantai, keskiviikko ja perjantai. Kes\u00e4kaudella (hyv\u00e4ll\u00e4 s\u00e4\u00e4ll\u00e4) tunnit pidet\u00e4\u00e4n...","og_url":"https:\/\/narvajoesuu.ee\/fi\/aqua-zumba\/","og_site_name":"MEDICAL SPA NARVA-J\u00d5ESUU","article_modified_time":"2025-10-01T12:57:56+00:00","og_image":[{"width":1200,"height":630,"url":"https:\/\/narvajoesuu.ee\/wp-content\/uploads\/2021\/12\/Maja-pilt.png","type":"image\/png"}],"twitter_card":"summary_large_image","twitter_misc":{"Arvioitu lukuaika":"2 minuuttia"},"schema":{"@context":"https:\/\/schema.org","@graph":[{"@type":"WebPage","@id":"https:\/\/narvajoesuu.ee\/fi\/aqua-zumba\/","url":"https:\/\/narvajoesuu.ee\/fi\/aqua-zumba\/","name":"Aqua Zumba - MEDICAL SPA NARVA-J\u00d5ESUU","isPartOf":{"@id":"https:\/\/narvajoesuu.ee\/#website"},"datePublished":"2025-10-01T12:57:55+00:00","dateModified":"2025-10-01T12:57:56+00:00","breadcrumb":{"@id":"https:\/\/narvajoesuu.ee\/fi\/aqua-zumba\/#breadcrumb"},"inLanguage":"fi","potentialAction":[{"@type":"ReadAction","target":["https:\/\/narvajoesuu.ee\/fi\/aqua-zumba\/"]}]},{"@type":"BreadcrumbList","@id":"https:\/\/narvajoesuu.ee\/fi\/aqua-zumba\/#breadcrumb","itemListElement":[{"@type":"ListItem","position":1,"name":"Home","item":"https:\/\/narvajoesuu.ee\/fi\/"},{"@type":"ListItem","position":2,"name":"Aqua Zumba"}]},{"@type":"WebSite","@id":"https:\/\/narvajoesuu.ee\/#website","url":"https:\/\/narvajoesuu.ee\/","name":"MEDICAL SPA NARVA-J\u00d5ESUU","description":"","publisher":{"@id":"https:\/\/narvajoesuu.ee\/#organization"},"potentialAction":[{"@type":"SearchAction","target":{"@type":"EntryPoint","urlTemplate":"https:\/\/narvajoesuu.ee\/?s={search_term_string}"},"query-input":{"@type":"PropertyValueSpecification","valueRequired":true,"valueName":"search_term_string"}}],"inLanguage":"fi"},{"@type":"Organization","@id":"https:\/\/narvajoesuu.ee\/#organization","name":"Narva-J\u00f5esuu Medical SPA","url":"https:\/\/narvajoesuu.ee\/","logo":{"@type":"ImageObject","inLanguage":"fi","@id":"https:\/\/narvajoesuu.ee\/#\/schema\/logo\/image\/","url":"https:\/\/narvajoesuu.ee\/wp-content\/uploads\/2020\/10\/narvajoesuu-logo-small.png","contentUrl":"https:\/\/narvajoesuu.ee\/wp-content\/uploads\/2020\/10\/narvajoesuu-logo-small.png","width":170,"height":170,"caption":"Narva-J\u00f5esuu Medical SPA"},"image":{"@id":"https:\/\/narvajoesuu.ee\/#\/schema\/logo\/image\/"}}]}},"uagb_featured_image_src":{"full":false,"thumbnail":false,"medium":false,"medium_large":false,"large":false,"1536x1536":false,"2048x2048":false,"img-1920x550":false,"img-1920x320":false,"img-1920x200":false,"img-670x480":false,"img-570x280":false,"img-507":false,"img-370x240":false,"img-400x250":false,"img-370x175":false,"img-370x120":false,"img-300":false,"img-170":false},"uagb_author_info":{"display_name":"Darja","author_link":"https:\/\/narvajoesuu.ee\/fi\/author\/darja\/"},"uagb_comment_info":0,"uagb_excerpt":"Aqua Zumba eli vesijumppa j\u00e4rjestet\u00e4\u00e4n sis\u00e4uima-altaassa kolme kertaa viikossa \u2013 joka maanantai, keskiviikko ja perjantai. Kes\u00e4kaudella (hyv\u00e4ll\u00e4 s\u00e4\u00e4ll\u00e4) tunnit pidet\u00e4\u00e4n...","_links":{"self":[{"href":"https:\/\/narvajoesuu.ee\/fi\/wp-json\/wp\/v2\/pages\/21801","targetHints":{"allow":["GET"]}}],"collection":[{"href":"https:\/\/narvajoesuu.ee\/fi\/wp-json\/wp\/v2\/pages"}],"about":[{"href":"https:\/\/narvajoesuu.ee\/fi\/wp-json\/wp\/v2\/types\/page"}],"author":[{"embeddable":true,"href":"https:\/\/narvajoesuu.ee\/fi\/wp-json\/wp\/v2\/users\/2"}],"replies":[{"embeddable":true,"href":"https:\/\/narvajoesuu.ee\/fi\/wp-json\/wp\/v2\/comments?post=21801"}],"version-history":[{"count":1,"href":"https:\/\/narvajoesuu.ee\/fi\/wp-json\/wp\/v2\/pages\/21801\/revisions"}],"predecessor-version":[{"id":21821,"href":"https:\/\/narvajoesuu.ee\/fi\/wp-json\/wp\/v2\/pages\/21801\/revisions\/21821"}],"wp:attachment":[{"href":"https:\/\/narvajoesuu.ee\/fi\/wp-json\/wp\/v2\/media?parent=21801"}],"curies":[{"name":"wp","href":"https:\/\/api.w.org\/{rel}","templated":true}]}}