{"id":21517,"date":"2026-02-09T16:57:24","date_gmt":"2026-02-09T14:57:24","guid":{"rendered":"https:\/\/narvajoesuu.ee\/?page_id=21517"},"modified":"2026-02-09T17:00:50","modified_gmt":"2026-02-09T15:00:50","slug":"termoterapia","status":"publish","type":"page","link":"https:\/\/narvajoesuu.ee\/fi\/kylpylaloma\/tehokkaat-ja-ainutlaatuiset-laitehoidot-kasvoille-ja-vartalolle\/termoterapia\/","title":{"rendered":"Termoterapia &#8211; poistaa kehosta nopeasti ylim\u00e4\u00e4r\u00e4isen nesteen, v\u00e4hent\u00e4\u00e4 turvotusta ja polttaa kaloreita."},"content":{"rendered":"\n<figure class=\"wp-block-image size-full\"><img loading=\"lazy\" decoding=\"async\" width=\"1280\" height=\"451\" src=\"https:\/\/narvajoesuu.ee\/wp-content\/uploads\/2025\/09\/photo_2025-08-28_15-46-22-2.jpg\" alt=\"\" class=\"wp-image-21540\" srcset=\"https:\/\/narvajoesuu.ee\/wp-content\/uploads\/2025\/09\/photo_2025-08-28_15-46-22-2.jpg 1280w, https:\/\/narvajoesuu.ee\/wp-content\/uploads\/2025\/09\/photo_2025-08-28_15-46-22-2-1024x361.jpg 1024w\" sizes=\"auto, (max-width: 1280px) 100vw, 1280px\" \/><\/figure>\n\n\n\n<p class=\"wp-el\">\u201cMiten poistaa kehosta nopeasti ylim\u00e4\u00e4r\u00e4inen neste ja lievitt\u00e4\u00e4 turvotusta?\u201d<br>Meid\u00e4n vastauksemme t\u00e4h\u00e4n kysymykseen on termoterapia.<\/p>\n\n\n\n<p class=\"wp-el\">Termoterapia toteutetaan nykyaikaisella laitteella, joka mahdollistaa kaikkien t\u00e4ysimittaisen saunan hy\u00f6tyjen saavuttamisen kompaktissa ja mukavassa muodossa \u2013 saat syv\u00e4lle ulottuvan kudosten l\u00e4mpenemisen ilman tarvetta k\u00e4yd\u00e4 saunassa tai spa-keskuksessa.<\/p>\n\n\n\n<p class=\"wp-el\">\u2705 Poistaa kehosta nopeasti ylim\u00e4\u00e4r\u00e4isen nesteen<br>\u2705 V\u00e4hent\u00e4\u00e4 turvotusta<br>\u2705 Polttaa kaloreita ja pienent\u00e4\u00e4 vy\u00f6t\u00e4r\u00f6nymp\u00e4ryst\u00e4<br>\u2705 Lievitt\u00e4\u00e4 lihasj\u00e4nnityksi\u00e4<br>\u2705 Parantaa verenkiertoa<br>\u2705 Lievitt\u00e4\u00e4 kipua<\/p>\n\n\n\n<p class=\"wp-el\">Infrapunas\u00e4teily\u00e4 hy\u00f6dynt\u00e4v\u00e4 termoterapia l\u00e4mmitt\u00e4\u00e4 kehoa syv\u00e4lt\u00e4, auttaa lievitt\u00e4m\u00e4\u00e4n lihasj\u00e4nnityksi\u00e4, parantaa verenkiertoa ja nopeuttaa kehon palautumisprosessia. Hoito auttaa v\u00e4hent\u00e4m\u00e4\u00e4n stressi\u00e4 ja poistamaan kehosta ylim\u00e4\u00e4r\u00e4ist\u00e4 nestett\u00e4, parantaa vastustuskyky\u00e4 ja auttaa elimist\u00f6\u00e4 vapautumaan myrkyist\u00e4 kuormittamatta kehoa tai aiheuttamatta ylikuumenemista.<\/p>\n\n\n\n<p class=\"wp-el\">Hoidon j\u00e4lkeen tunnet t\u00e4ydellist\u00e4 rentoutumista ja virkistymist\u00e4. Huomaat hyvinvoinnin paranemisen, lis\u00e4\u00e4ntyneen energian sek\u00e4 ihon laadun ja kimmoisuuden kohentumisen \u2013 kaikki t\u00e4m\u00e4 mukavissa olosuhteissa ja ammattitaitoisten hierojiemme huolehtivissa k\u00e4siss\u00e4.<\/p>\n\n\n\n<p class=\"wp-el\">Salli itsellesi hetki, joka on sek\u00e4 hy\u00f6dyllinen ett\u00e4 nautinnollinen!<br>Termoterapia on ihanteellinen valinta terveyden ja mielialan kohentamiseen.<\/p>\n\n\n\n<hr class=\"wp-block-separator has-text-color has-black-color has-css-opacity has-black-background-color has-background is-style-wide\"\/>\n\n\n\n<figure class=\"wp-block-table is-style-stripes\"><table class=\"has-fixed-layout\"><tbody><tr><td>Termoterapia (60 min)<\/td><td class=\"has-text-align-center\" data-align=\"center\"><em>35 \u20ac<\/em><\/td><\/tr><tr><td>Kuuri \u2013 3 kertaa erikoishintaan (60 min)<\/td><td class=\"has-text-align-center\" data-align=\"center\"><em>65 \u20ac<\/em><\/td><\/tr><\/tbody><\/table><\/figure>\n\n\n<div class=\"b-block pad-top-30 pad-bottom-20\"><div class=\"p-emphasis b-part container-p0 p-emphasis--info\"><div>\n<div><b>Lis\u00e4tiedot ja varaukset:<\/b><\/div>\n<div>+372 35 99 523<br \/>\n+372 56 91 5042<br \/>\nilu@narvajoesuu.ee<\/div>\n<\/div>\n<div><\/div>\n<\/div><\/div>","protected":false},"excerpt":{"rendered":"<p>\u201cMiten poistaa kehosta nopeasti ylim\u00e4\u00e4r\u00e4inen neste ja lievitt\u00e4\u00e4 turvotusta?\u201dMeid\u00e4n vastauksemme t\u00e4h\u00e4n kysymykseen on termoterapia. Termoterapia toteutetaan nykyaikaisella laitteella, joka mahdollistaa&#8230;<\/p>\n","protected":false},"author":2,"featured_media":0,"parent":10271,"menu_order":235,"comment_status":"closed","ping_status":"closed","template":"","meta":{"_acf_changed":false,"_uag_custom_page_level_css":"","_monsterinsights_skip_tracking":false,"_monsterinsights_sitenote_active":false,"_monsterinsights_sitenote_note":"","_monsterinsights_sitenote_category":0,"footnotes":""},"class_list":["post-21517","page","type-page","status-publish","hentry"],"acf":[],"yoast_head":"<!-- This site is optimized with the Yoast SEO plugin v27.4 - https:\/\/yoast.com\/product\/yoast-seo-wordpress\/ -->\n<title>Termoterapia - poistaa kehosta nopeasti ylim\u00e4\u00e4r\u00e4isen nesteen, v\u00e4hent\u00e4\u00e4 turvotusta ja polttaa kaloreita. - MEDICAL SPA NARVA-J\u00d5ESUU<\/title>\n<meta name=\"robots\" content=\"index, follow, max-snippet:-1, max-image-preview:large, max-video-preview:-1\" \/>\n<link rel=\"canonical\" href=\"https:\/\/narvajoesuu.ee\/fi\/kylpylaloma\/tehokkaat-ja-ainutlaatuiset-laitehoidot-kasvoille-ja-vartalolle\/termoterapia\/\" \/>\n<meta property=\"og:locale\" content=\"fi_FI\" \/>\n<meta property=\"og:type\" content=\"article\" \/>\n<meta property=\"og:title\" content=\"Termoterapia - poistaa kehosta nopeasti ylim\u00e4\u00e4r\u00e4isen nesteen, v\u00e4hent\u00e4\u00e4 turvotusta ja polttaa kaloreita. - MEDICAL SPA NARVA-J\u00d5ESUU\" \/>\n<meta property=\"og:description\" content=\"\u201cMiten poistaa kehosta nopeasti ylim\u00e4\u00e4r\u00e4inen neste ja lievitt\u00e4\u00e4 turvotusta?\u201dMeid\u00e4n vastauksemme t\u00e4h\u00e4n kysymykseen on termoterapia. Termoterapia toteutetaan nykyaikaisella laitteella, joka mahdollistaa...\" \/>\n<meta property=\"og:url\" content=\"https:\/\/narvajoesuu.ee\/fi\/kylpylaloma\/tehokkaat-ja-ainutlaatuiset-laitehoidot-kasvoille-ja-vartalolle\/termoterapia\/\" \/>\n<meta property=\"og:site_name\" content=\"MEDICAL SPA NARVA-J\u00d5ESUU\" \/>\n<meta property=\"article:modified_time\" content=\"2026-02-09T15:00:50+00:00\" \/>\n<meta property=\"og:image\" content=\"https:\/\/narvajoesuu.ee\/wp-content\/uploads\/2025\/09\/photo_2025-08-28_15-46-22-2.jpg\" \/>\n\t<meta property=\"og:image:width\" content=\"1280\" \/>\n\t<meta property=\"og:image:height\" content=\"451\" \/>\n\t<meta property=\"og:image:type\" content=\"image\/jpeg\" \/>\n<meta name=\"twitter:card\" content=\"summary_large_image\" \/>\n<meta name=\"twitter:label1\" content=\"Arvioitu lukuaika\" \/>\n\t<meta name=\"twitter:data1\" content=\"2 minuuttia\" \/>\n<script type=\"application\/ld+json\" class=\"yoast-schema-graph\">{\"@context\":\"https:\\\/\\\/schema.org\",\"@graph\":[{\"@type\":\"WebPage\",\"@id\":\"https:\\\/\\\/narvajoesuu.ee\\\/fi\\\/kylpylaloma\\\/tehokkaat-ja-ainutlaatuiset-laitehoidot-kasvoille-ja-vartalolle\\\/termoterapia\\\/\",\"url\":\"https:\\\/\\\/narvajoesuu.ee\\\/fi\\\/kylpylaloma\\\/tehokkaat-ja-ainutlaatuiset-laitehoidot-kasvoille-ja-vartalolle\\\/termoterapia\\\/\",\"name\":\"Termoterapia - poistaa kehosta nopeasti ylim\u00e4\u00e4r\u00e4isen nesteen, v\u00e4hent\u00e4\u00e4 turvotusta ja polttaa kaloreita. - MEDICAL SPA NARVA-J\u00d5ESUU\",\"isPartOf\":{\"@id\":\"https:\\\/\\\/narvajoesuu.ee\\\/#website\"},\"primaryImageOfPage\":{\"@id\":\"https:\\\/\\\/narvajoesuu.ee\\\/fi\\\/kylpylaloma\\\/tehokkaat-ja-ainutlaatuiset-laitehoidot-kasvoille-ja-vartalolle\\\/termoterapia\\\/#primaryimage\"},\"image\":{\"@id\":\"https:\\\/\\\/narvajoesuu.ee\\\/fi\\\/kylpylaloma\\\/tehokkaat-ja-ainutlaatuiset-laitehoidot-kasvoille-ja-vartalolle\\\/termoterapia\\\/#primaryimage\"},\"thumbnailUrl\":\"https:\\\/\\\/narvajoesuu.ee\\\/wp-content\\\/uploads\\\/2025\\\/09\\\/photo_2025-08-28_15-46-22-2.jpg\",\"datePublished\":\"2026-02-09T14:57:24+00:00\",\"dateModified\":\"2026-02-09T15:00:50+00:00\",\"breadcrumb\":{\"@id\":\"https:\\\/\\\/narvajoesuu.ee\\\/fi\\\/kylpylaloma\\\/tehokkaat-ja-ainutlaatuiset-laitehoidot-kasvoille-ja-vartalolle\\\/termoterapia\\\/#breadcrumb\"},\"inLanguage\":\"fi\",\"potentialAction\":[{\"@type\":\"ReadAction\",\"target\":[\"https:\\\/\\\/narvajoesuu.ee\\\/fi\\\/kylpylaloma\\\/tehokkaat-ja-ainutlaatuiset-laitehoidot-kasvoille-ja-vartalolle\\\/termoterapia\\\/\"]}]},{\"@type\":\"ImageObject\",\"inLanguage\":\"fi\",\"@id\":\"https:\\\/\\\/narvajoesuu.ee\\\/fi\\\/kylpylaloma\\\/tehokkaat-ja-ainutlaatuiset-laitehoidot-kasvoille-ja-vartalolle\\\/termoterapia\\\/#primaryimage\",\"url\":\"https:\\\/\\\/narvajoesuu.ee\\\/wp-content\\\/uploads\\\/2025\\\/09\\\/photo_2025-08-28_15-46-22-2.jpg\",\"contentUrl\":\"https:\\\/\\\/narvajoesuu.ee\\\/wp-content\\\/uploads\\\/2025\\\/09\\\/photo_2025-08-28_15-46-22-2.jpg\"},{\"@type\":\"BreadcrumbList\",\"@id\":\"https:\\\/\\\/narvajoesuu.ee\\\/fi\\\/kylpylaloma\\\/tehokkaat-ja-ainutlaatuiset-laitehoidot-kasvoille-ja-vartalolle\\\/termoterapia\\\/#breadcrumb\",\"itemListElement\":[{\"@type\":\"ListItem\",\"position\":1,\"name\":\"Home\",\"item\":\"https:\\\/\\\/narvajoesuu.ee\\\/fi\\\/\"},{\"@type\":\"ListItem\",\"position\":2,\"name\":\"Kylpyl\u00e4loma\",\"item\":\"https:\\\/\\\/narvajoesuu.ee\\\/fi\\\/kylpylaloma\\\/\"},{\"@type\":\"ListItem\",\"position\":3,\"name\":\"Kosmeettisia ja l\u00e4\u00e4ketieteellisi\u00e4 uutuuksia nuoruuden, laihdutuksen, kauneuden ja terveyden tukemiseksi\",\"item\":\"https:\\\/\\\/narvajoesuu.ee\\\/fi\\\/kylpylaloma\\\/tehokkaat-ja-ainutlaatuiset-laitehoidot-kasvoille-ja-vartalolle\\\/\"},{\"@type\":\"ListItem\",\"position\":4,\"name\":\"Termoterapia &#8212; poistaa kehosta nopeasti ylim\u00e4\u00e4r\u00e4isen nesteen, v\u00e4hent\u00e4\u00e4 turvotusta ja polttaa kaloreita.\"}]},{\"@type\":\"WebSite\",\"@id\":\"https:\\\/\\\/narvajoesuu.ee\\\/#website\",\"url\":\"https:\\\/\\\/narvajoesuu.ee\\\/\",\"name\":\"MEDICAL SPA NARVA-J\u00d5ESUU\",\"description\":\"\",\"publisher\":{\"@id\":\"https:\\\/\\\/narvajoesuu.ee\\\/#organization\"},\"potentialAction\":[{\"@type\":\"SearchAction\",\"target\":{\"@type\":\"EntryPoint\",\"urlTemplate\":\"https:\\\/\\\/narvajoesuu.ee\\\/?s={search_term_string}\"},\"query-input\":{\"@type\":\"PropertyValueSpecification\",\"valueRequired\":true,\"valueName\":\"search_term_string\"}}],\"inLanguage\":\"fi\"},{\"@type\":\"Organization\",\"@id\":\"https:\\\/\\\/narvajoesuu.ee\\\/#organization\",\"name\":\"Narva-J\u00f5esuu Medical SPA\",\"url\":\"https:\\\/\\\/narvajoesuu.ee\\\/\",\"logo\":{\"@type\":\"ImageObject\",\"inLanguage\":\"fi\",\"@id\":\"https:\\\/\\\/narvajoesuu.ee\\\/#\\\/schema\\\/logo\\\/image\\\/\",\"url\":\"https:\\\/\\\/narvajoesuu.ee\\\/wp-content\\\/uploads\\\/2020\\\/10\\\/narvajoesuu-logo-small.png\",\"contentUrl\":\"https:\\\/\\\/narvajoesuu.ee\\\/wp-content\\\/uploads\\\/2020\\\/10\\\/narvajoesuu-logo-small.png\",\"width\":170,\"height\":170,\"caption\":\"Narva-J\u00f5esuu Medical SPA\"},\"image\":{\"@id\":\"https:\\\/\\\/narvajoesuu.ee\\\/#\\\/schema\\\/logo\\\/image\\\/\"}}]}<\/script>\n<!-- \/ Yoast SEO plugin. -->","yoast_head_json":{"title":"Termoterapia - poistaa kehosta nopeasti ylim\u00e4\u00e4r\u00e4isen nesteen, v\u00e4hent\u00e4\u00e4 turvotusta ja polttaa kaloreita. - MEDICAL SPA NARVA-J\u00d5ESUU","robots":{"index":"index","follow":"follow","max-snippet":"max-snippet:-1","max-image-preview":"max-image-preview:large","max-video-preview":"max-video-preview:-1"},"canonical":"https:\/\/narvajoesuu.ee\/fi\/kylpylaloma\/tehokkaat-ja-ainutlaatuiset-laitehoidot-kasvoille-ja-vartalolle\/termoterapia\/","og_locale":"fi_FI","og_type":"article","og_title":"Termoterapia - poistaa kehosta nopeasti ylim\u00e4\u00e4r\u00e4isen nesteen, v\u00e4hent\u00e4\u00e4 turvotusta ja polttaa kaloreita. - MEDICAL SPA NARVA-J\u00d5ESUU","og_description":"\u201cMiten poistaa kehosta nopeasti ylim\u00e4\u00e4r\u00e4inen neste ja lievitt\u00e4\u00e4 turvotusta?\u201dMeid\u00e4n vastauksemme t\u00e4h\u00e4n kysymykseen on termoterapia. Termoterapia toteutetaan nykyaikaisella laitteella, joka mahdollistaa...","og_url":"https:\/\/narvajoesuu.ee\/fi\/kylpylaloma\/tehokkaat-ja-ainutlaatuiset-laitehoidot-kasvoille-ja-vartalolle\/termoterapia\/","og_site_name":"MEDICAL SPA NARVA-J\u00d5ESUU","article_modified_time":"2026-02-09T15:00:50+00:00","og_image":[{"width":1280,"height":451,"url":"https:\/\/narvajoesuu.ee\/wp-content\/uploads\/2025\/09\/photo_2025-08-28_15-46-22-2.jpg","type":"image\/jpeg"}],"twitter_card":"summary_large_image","twitter_misc":{"Arvioitu lukuaika":"2 minuuttia"},"schema":{"@context":"https:\/\/schema.org","@graph":[{"@type":"WebPage","@id":"https:\/\/narvajoesuu.ee\/fi\/kylpylaloma\/tehokkaat-ja-ainutlaatuiset-laitehoidot-kasvoille-ja-vartalolle\/termoterapia\/","url":"https:\/\/narvajoesuu.ee\/fi\/kylpylaloma\/tehokkaat-ja-ainutlaatuiset-laitehoidot-kasvoille-ja-vartalolle\/termoterapia\/","name":"Termoterapia - poistaa kehosta nopeasti ylim\u00e4\u00e4r\u00e4isen nesteen, v\u00e4hent\u00e4\u00e4 turvotusta ja polttaa kaloreita. - MEDICAL SPA NARVA-J\u00d5ESUU","isPartOf":{"@id":"https:\/\/narvajoesuu.ee\/#website"},"primaryImageOfPage":{"@id":"https:\/\/narvajoesuu.ee\/fi\/kylpylaloma\/tehokkaat-ja-ainutlaatuiset-laitehoidot-kasvoille-ja-vartalolle\/termoterapia\/#primaryimage"},"image":{"@id":"https:\/\/narvajoesuu.ee\/fi\/kylpylaloma\/tehokkaat-ja-ainutlaatuiset-laitehoidot-kasvoille-ja-vartalolle\/termoterapia\/#primaryimage"},"thumbnailUrl":"https:\/\/narvajoesuu.ee\/wp-content\/uploads\/2025\/09\/photo_2025-08-28_15-46-22-2.jpg","datePublished":"2026-02-09T14:57:24+00:00","dateModified":"2026-02-09T15:00:50+00:00","breadcrumb":{"@id":"https:\/\/narvajoesuu.ee\/fi\/kylpylaloma\/tehokkaat-ja-ainutlaatuiset-laitehoidot-kasvoille-ja-vartalolle\/termoterapia\/#breadcrumb"},"inLanguage":"fi","potentialAction":[{"@type":"ReadAction","target":["https:\/\/narvajoesuu.ee\/fi\/kylpylaloma\/tehokkaat-ja-ainutlaatuiset-laitehoidot-kasvoille-ja-vartalolle\/termoterapia\/"]}]},{"@type":"ImageObject","inLanguage":"fi","@id":"https:\/\/narvajoesuu.ee\/fi\/kylpylaloma\/tehokkaat-ja-ainutlaatuiset-laitehoidot-kasvoille-ja-vartalolle\/termoterapia\/#primaryimage","url":"https:\/\/narvajoesuu.ee\/wp-content\/uploads\/2025\/09\/photo_2025-08-28_15-46-22-2.jpg","contentUrl":"https:\/\/narvajoesuu.ee\/wp-content\/uploads\/2025\/09\/photo_2025-08-28_15-46-22-2.jpg"},{"@type":"BreadcrumbList","@id":"https:\/\/narvajoesuu.ee\/fi\/kylpylaloma\/tehokkaat-ja-ainutlaatuiset-laitehoidot-kasvoille-ja-vartalolle\/termoterapia\/#breadcrumb","itemListElement":[{"@type":"ListItem","position":1,"name":"Home","item":"https:\/\/narvajoesuu.ee\/fi\/"},{"@type":"ListItem","position":2,"name":"Kylpyl\u00e4loma","item":"https:\/\/narvajoesuu.ee\/fi\/kylpylaloma\/"},{"@type":"ListItem","position":3,"name":"Kosmeettisia ja l\u00e4\u00e4ketieteellisi\u00e4 uutuuksia nuoruuden, laihdutuksen, kauneuden ja terveyden tukemiseksi","item":"https:\/\/narvajoesuu.ee\/fi\/kylpylaloma\/tehokkaat-ja-ainutlaatuiset-laitehoidot-kasvoille-ja-vartalolle\/"},{"@type":"ListItem","position":4,"name":"Termoterapia &#8212; poistaa kehosta nopeasti ylim\u00e4\u00e4r\u00e4isen nesteen, v\u00e4hent\u00e4\u00e4 turvotusta ja polttaa kaloreita."}]},{"@type":"WebSite","@id":"https:\/\/narvajoesuu.ee\/#website","url":"https:\/\/narvajoesuu.ee\/","name":"MEDICAL SPA NARVA-J\u00d5ESUU","description":"","publisher":{"@id":"https:\/\/narvajoesuu.ee\/#organization"},"potentialAction":[{"@type":"SearchAction","target":{"@type":"EntryPoint","urlTemplate":"https:\/\/narvajoesuu.ee\/?s={search_term_string}"},"query-input":{"@type":"PropertyValueSpecification","valueRequired":true,"valueName":"search_term_string"}}],"inLanguage":"fi"},{"@type":"Organization","@id":"https:\/\/narvajoesuu.ee\/#organization","name":"Narva-J\u00f5esuu Medical SPA","url":"https:\/\/narvajoesuu.ee\/","logo":{"@type":"ImageObject","inLanguage":"fi","@id":"https:\/\/narvajoesuu.ee\/#\/schema\/logo\/image\/","url":"https:\/\/narvajoesuu.ee\/wp-content\/uploads\/2020\/10\/narvajoesuu-logo-small.png","contentUrl":"https:\/\/narvajoesuu.ee\/wp-content\/uploads\/2020\/10\/narvajoesuu-logo-small.png","width":170,"height":170,"caption":"Narva-J\u00f5esuu Medical SPA"},"image":{"@id":"https:\/\/narvajoesuu.ee\/#\/schema\/logo\/image\/"}}]}},"uagb_featured_image_src":{"full":false,"thumbnail":false,"medium":false,"medium_large":false,"large":false,"1536x1536":false,"2048x2048":false,"img-1920x550":false,"img-1920x320":false,"img-1920x200":false,"img-670x480":false,"img-570x280":false,"img-507":false,"img-370x240":false,"img-400x250":false,"img-370x175":false,"img-370x120":false,"img-300":false,"img-170":false},"uagb_author_info":{"display_name":"Darja","author_link":"https:\/\/narvajoesuu.ee\/fi\/author\/darja\/"},"uagb_comment_info":0,"uagb_excerpt":"\u201cMiten poistaa kehosta nopeasti ylim\u00e4\u00e4r\u00e4inen neste ja lievitt\u00e4\u00e4 turvotusta?\u201dMeid\u00e4n vastauksemme t\u00e4h\u00e4n kysymykseen on termoterapia. Termoterapia toteutetaan nykyaikaisella laitteella, joka mahdollistaa...","_links":{"self":[{"href":"https:\/\/narvajoesuu.ee\/fi\/wp-json\/wp\/v2\/pages\/21517","targetHints":{"allow":["GET"]}}],"collection":[{"href":"https:\/\/narvajoesuu.ee\/fi\/wp-json\/wp\/v2\/pages"}],"about":[{"href":"https:\/\/narvajoesuu.ee\/fi\/wp-json\/wp\/v2\/types\/page"}],"author":[{"embeddable":true,"href":"https:\/\/narvajoesuu.ee\/fi\/wp-json\/wp\/v2\/users\/2"}],"replies":[{"embeddable":true,"href":"https:\/\/narvajoesuu.ee\/fi\/wp-json\/wp\/v2\/comments?post=21517"}],"version-history":[{"count":3,"href":"https:\/\/narvajoesuu.ee\/fi\/wp-json\/wp\/v2\/pages\/21517\/revisions"}],"predecessor-version":[{"id":23566,"href":"https:\/\/narvajoesuu.ee\/fi\/wp-json\/wp\/v2\/pages\/21517\/revisions\/23566"}],"up":[{"embeddable":true,"href":"https:\/\/narvajoesuu.ee\/fi\/wp-json\/wp\/v2\/pages\/10271"}],"wp:attachment":[{"href":"https:\/\/narvajoesuu.ee\/fi\/wp-json\/wp\/v2\/media?parent=21517"}],"curies":[{"name":"wp","href":"https:\/\/api.w.org\/{rel}","templated":true}]}}