{"id":16998,"date":"2023-09-21T13:36:08","date_gmt":"2023-09-21T10:36:08","guid":{"rendered":"https:\/\/narvajoesuu.ee\/?page_id=16998"},"modified":"2026-01-16T16:13:42","modified_gmt":"2026-01-16T14:13:42","slug":"eksklusiivinen-kylpylaohjlema-jossa-fitlap-ruokavalio-2-yosta-alkaen","status":"publish","type":"page","link":"https:\/\/narvajoesuu.ee\/fi\/detox-keskus\/painonpudotusohjelmat\/eksklusiivinen-kylpylaohjlema-jossa-fitlap-ruokavalio-2-yosta-alkaen\/","title":{"rendered":"Eksklusiivinen kylpyl\u00e4ohjlema, jossa FITLAP-ruokavalio (2 y\u00f6st\u00e4 alkaen)"},"content":{"rendered":"\n<h3 class=\"wp-block-heading wp-el\"><strong>TEIT\u00c4 ODOTTAA:<\/strong><\/h3>\n\n\n\n<ul class=\"wp-block-list wp-el\">\n<li>Majoitus (2 y\u00f6t\u00e4) yhden tai kahden hengen huoneessa (sis\u00e4\u00e4nkirjautuminen klo 16.00, uloskirjautuminen klo 12.00)<\/li>\n\n\n\n<li>Ruokailu <strong>erikoisella Fitlap-ruokavaliolla<\/strong><\/li>\n\n\n\n<li><a href=\"https:\/\/narvajoesuu.ee\/fi\/kylpylaloma\/saunakeskus\/galerii\/\">Saunakeskuksen<\/a>, uima-altaan ja kuntosalin rajoittamaton k\u00e4ytt\u00f6 (joka p\u00e4iv\u00e4 aukioloaikoina)<\/li>\n\n\n\n<li><a href=\"https:\/\/narvajoesuu.ee\/fi\/kylpylaloma\/arteesisella-vedella-taytetty-lammitetty-ulkoallas-ja-poreallas-aurinkoterassilla\/\">L\u00e4mmitetyn ulkoaltaan ja porealtaan k\u00e4ytt\u00f6<\/a>&nbsp;(veden l\u00e4mp\u00f6tila on kylm\u00e4ll\u00e4 s\u00e4\u00e4ll\u00e4kin 30\u00b0\u0421) \/ auki huhtikuusta lokakuuhun)<\/li>\n\n\n\n<li>Kylpytakit, WiFi, pys\u00e4k\u00f6inti&nbsp;<\/li>\n<\/ul>\n\n\n\n<h3 class=\"wp-block-heading wp-el\">KESKUSTELU TERVEYSKESKUKSEMME ASIANTUNTIJOIDEN KANSSA (15 MIN) JA 2 rentouttavaa hoitoa p\u00e4iv\u00e4ss\u00e4 valikosta:<\/h3>\n\n\n\n<figure class=\"wp-block-table is-style-stripes\"><table><tbody><tr><td>Rentouttav<a href=\"https:\/\/narvajoesuu.ee\/fi\/kylpylaloma\/tehokkaat-ja-ainutlaatuiset-laitehoidot-kasvoille-ja-vartalolle\/rentoutuva-hieronta-quattromano-vesihierontasangylla\/\">a hoito tehokkaassa QUATTROMANO-vesihierontas\u00e4ngyss\u00e4 (20 min)<\/a><\/td><\/tr><tr><td>Stressi\u00e4 est\u00e4v\u00e4 hierontakylpy, jossa arteesista vett\u00e4 ja yrtti\u00f6ljy\u00e4 (10 min)<\/td><\/tr><tr><td><a href=\"https:\/\/narvajoesuu.ee\/fi\/kylpylaloma\/tehokkaat-ja-ainutlaatuiset-laitehoidot-kasvoille-ja-vartalolle\/kromoterapia-himalayan-cube-suolakammiossa\/\">Kromoterapia Himalayan Cube-suolakammiossa (20 min)<\/a><\/td><\/tr><tr><td><a href=\"https:\/\/narvajoesuu.ee\/fi\/kylpylaloma\/tehokkaat-ja-ainutlaatuiset-laitehoidot-kasvoille-ja-vartalolle\/rentoutumishuone\/\">Rentoutumishuone (20 min)<\/a><\/td><\/tr><tr><td><a href=\"https:\/\/narvajoesuu.ee\/fi\/kylpylaloma\/tehokkaat-ja-ainutlaatuiset-laitehoidot-kasvoille-ja-vartalolle\/kuiva-otsonikylpy-kuiva-hiilihappokylpy\/\">Kuiva otsonikylpy (10 min)<\/a><\/td><\/tr><tr><td>Laihduttava magnesiumhierontakylpy (10 min)&nbsp;<\/td><\/tr><tr><td>Vesihierontasuihku eli Charcot-suihku<\/td><\/tr><tr><td>Happihoito<\/td><\/tr><tr><td>Jalkahieronta laitteella<\/td><\/tr><\/tbody><\/table><\/figure>\n\n\n\n<div class=\"wp-block-uagb-marketing-button uagb-marketing-btn__align-left uagb-marketing-btn__align-text-left uagb-marketing-btn__icon-after uagb-block-4c678626 wp-block-button\"><a href=\"https:\/\/narvajoesuu.ee\/fi\/aqua-zumba\/\" class=\"uagb-marketing-btn__link wp-block-button__link\" target=\"\" rel=\"noopener noreferrer\"><span class=\"uagb-marketing-btn__title\">Lahjaksi<\/span><svg xmlns=\"https:\/\/www.w3.org\/2000\/svg\" viewBox=\"0 0 512 512\"><path d=\"M152 0H154.2C186.1 0 215.7 16.91 231.9 44.45L256 85.46L280.1 44.45C296.3 16.91 325.9 0 357.8 0H360C408.6 0 448 39.4 448 88C448 102.4 444.5 115.1 438.4 128H480C497.7 128 512 142.3 512 160V224C512 241.7 497.7 256 480 256H32C14.33 256 0 241.7 0 224V160C0 142.3 14.33 128 32 128H73.6C67.46 115.1 64 102.4 64 88C64 39.4 103.4 0 152 0zM190.5 68.78C182.9 55.91 169.1 48 154.2 48H152C129.9 48 112 65.91 112 88C112 110.1 129.9 128 152 128H225.3L190.5 68.78zM360 48H357.8C342.9 48 329.1 55.91 321.5 68.78L286.7 128H360C382.1 128 400 110.1 400 88C400 65.91 382.1 48 360 48V48zM32 288H224V512H80C53.49 512 32 490.5 32 464V288zM288 512V288H480V464C480 490.5 458.5 512 432 512H288z\"><\/path><\/svg><p class=\"uagb-marketing-btn__prefix\">Aqua Zumba (40 min) eli vesijumppa&nbsp;<\/p><\/a><\/div>\n\n\n\n<hr class=\"wp-block-separator has-alpha-channel-opacity\"\/>\n\n\n\n<h3 class=\"wp-block-heading wp-el\">LIS\u00c4Y\u00d6N HINTAAN SIS\u00c4LTYY:<\/h3>\n\n\n\n<ul class=\"wp-block-list wp-el\">\n<li>Majoitus yhden tai kahden hengen huoneessa (sis\u00e4\u00e4nkirjautuminen klo 12.00, uloskirjautuminen klo 12.00)<\/li>\n\n\n\n<li>Ruokailu <strong><em>erikoisella Fitlap-ruokavaliolla<\/em><\/strong><\/li>\n\n\n\n<li>Kylpytakit, WiFi, pys\u00e4k\u00f6inti<\/li>\n\n\n\n<li>Rajoittamaton p\u00e4\u00e4sy saunakeskukseen, uima-altaalle ja kuntosalille (joka p\u00e4iv\u00e4 niiden aukioloaikoina)<\/li>\n\n\n\n<li>L\u00e4mmitetyt ulkouima-allas ja poreallas (veden l\u00e4mp\u00f6tila on 30\u00b0\u0421 kylm\u00e4ll\u00e4kin s\u00e4\u00e4ll\u00e4 \/ avoinna huhtikuusta lokakuuhun)<\/li>\n\n\n\n<li><strong>2 hoitoa listalta (valintasi mukaan)<\/strong><\/li>\n<\/ul>\n\n\n\n<figure class=\"wp-block-table is-style-stripes\"><table><thead><tr><th><\/th><th class=\"has-text-align-center\" data-align=\"center\">TWIN (hinta kahdelle)<\/th><th class=\"has-text-align-center\" data-align=\"center\">SINGLE <\/th><\/tr><\/thead><tbody><tr><td>Ohjelma (2 y\u00f6t\u00e4)<\/td><td class=\"has-text-align-center\" data-align=\"center\"><em><strong>356 \u20ac<\/strong>&nbsp;<\/em><br>(178 \u20ac \/ in)<\/td><td class=\"has-text-align-center\" data-align=\"center\"><em><strong>228 \u20ac<\/strong><\/em><\/td><\/tr><tr><td>Lis\u00e4y\u00f6n<\/td><td class=\"has-text-align-center\" data-align=\"center\"><em><strong>178 \u20ac<\/strong>&nbsp;<\/em><br>(89 \u20ac \/ in)<\/td><td class=\"has-text-align-center\" data-align=\"center\"><em><strong>114 \u20ac<\/strong><\/em><\/td><\/tr><\/tbody><\/table><figcaption class=\"wp-element-caption\"><em><em>Kanta-asiakaskortilla -10%! Tarjous on voimassa varaukseen ja majoitukseen ajanjakson\u00a0<strong><em><strong><em><em><em><strong>12.01.26\u00a0<em><strong>\u2013<\/strong><\/em><\/strong>\u00a0<strong>31.05.26<\/strong><\/em><\/em><\/em><\/strong><\/em><\/strong><\/em>\u00a0<em><em><strong>\/\u00a0<em>01.09.26 \u2013 22.12.2<\/em>6<\/strong><\/em> asti<\/em><br><\/em><\/figcaption><\/figure>\n\n\n\n<hr class=\"wp-block-separator has-alpha-channel-opacity is-style-wide\"\/>\n\n\n\n<ul class=\"wp-block-list wp-el\">\n<li><a href=\"https:\/\/narvajoesuu.ee\/fi\/hotelli\/huoneet\/lisamaksu-majoituksesta-paketin-ostaneille\/\">Lis\u00e4maksu paketin ostaneille asiakkaille<\/a><\/li>\n\n\n\n<li><a href=\"https:\/\/narvajoesuu.ee\/fi\/hotelli\/huoneet\/lisamaksu-majoituksesta-paketin-ostaneille\/\"><\/a><a href=\"https:\/\/narvajoesuu.ee\/fi\/hotelli\/asiakaskortti\/\">Asiakaskortti<\/a><\/li>\n\n\n\n<li><a href=\"https:\/\/narvajoesuu.ee\/fi\/hotelli\/huoneet\/lisamaksu-majoituksesta-paketin-ostaneille\/\"><\/a><a href=\"https:\/\/narvajoesuu.ee\/fi\/kylpylaloma\/loma-lasten-kanssa\/\">Loma lasten kanssa<\/a><\/li>\n\n\n\n<li><a href=\"https:\/\/narvajoesuu.ee\/fi\/hotelli\/huoneet\/lisamaksu-majoituksesta-paketin-ostaneille\/\"><\/a><a href=\"https:\/\/narvajoesuu.ee\/fi\/hotelli\/varausehdot\/\">Pakettien varausehdot<\/a><\/li>\n<\/ul>\n\n\n<div class=\"b-block pad-top-30 pad-bottom-20\"><div class=\"p-emphasis b-part container-p0 p-emphasis--warn\"><p>Huomio! Kylpyl\u00e4 pid\u00e4tt\u00e4\u00e4 itselleen oikeuden hinnanmuutoksiin ilman etuk\u00e4teen ilmoittamatta. Asiakkaille ei palauteta ennakkoa palveluista, jotka ovat j\u00e4\u00e4neet k\u00e4ytt\u00e4m\u00e4tt\u00e4 Narva-J\u00f5esuun kylpyl\u00e4st\u00e4 riippumattomista syist\u00e4.<\/p>\n<\/div><\/div>","protected":false},"excerpt":{"rendered":"<p>TEIT\u00c4 ODOTTAA: KESKUSTELU TERVEYSKESKUKSEMME ASIANTUNTIJOIDEN KANSSA (15 MIN) JA 2 rentouttavaa hoitoa p\u00e4iv\u00e4ss\u00e4 valikosta: Rentouttava hoito tehokkaassa QUATTROMANO-vesihierontas\u00e4ngyss\u00e4 (20 min)&#8230;<\/p>\n","protected":false},"author":2,"featured_media":0,"parent":10282,"menu_order":718,"comment_status":"closed","ping_status":"closed","template":"","meta":{"_acf_changed":false,"_uag_custom_page_level_css":"","_monsterinsights_skip_tracking":false,"_monsterinsights_sitenote_active":false,"_monsterinsights_sitenote_note":"","_monsterinsights_sitenote_category":0,"footnotes":""},"class_list":["post-16998","page","type-page","status-publish","hentry"],"acf":[],"yoast_head":"<!-- This site is optimized with the Yoast SEO plugin v27.4 - https:\/\/yoast.com\/product\/yoast-seo-wordpress\/ -->\n<title>Eksklusiivinen kylpyl\u00e4ohjlema, jossa FITLAP-ruokavalio (2 y\u00f6st\u00e4 alkaen) - MEDICAL SPA NARVA-J\u00d5ESUU<\/title>\n<meta name=\"robots\" content=\"index, follow, max-snippet:-1, max-image-preview:large, max-video-preview:-1\" \/>\n<link rel=\"canonical\" href=\"https:\/\/narvajoesuu.ee\/fi\/detox-keskus\/painonpudotusohjelmat\/eksklusiivinen-kylpylaohjlema-jossa-fitlap-ruokavalio-2-yosta-alkaen\/\" \/>\n<meta property=\"og:locale\" content=\"fi_FI\" \/>\n<meta property=\"og:type\" content=\"article\" \/>\n<meta property=\"og:title\" content=\"Eksklusiivinen kylpyl\u00e4ohjlema, jossa FITLAP-ruokavalio (2 y\u00f6st\u00e4 alkaen) - MEDICAL SPA NARVA-J\u00d5ESUU\" \/>\n<meta property=\"og:description\" content=\"TEIT\u00c4 ODOTTAA: KESKUSTELU TERVEYSKESKUKSEMME ASIANTUNTIJOIDEN KANSSA (15 MIN) JA 2 rentouttavaa hoitoa p\u00e4iv\u00e4ss\u00e4 valikosta: Rentouttava hoito tehokkaassa QUATTROMANO-vesihierontas\u00e4ngyss\u00e4 (20 min)...\" \/>\n<meta property=\"og:url\" content=\"https:\/\/narvajoesuu.ee\/fi\/detox-keskus\/painonpudotusohjelmat\/eksklusiivinen-kylpylaohjlema-jossa-fitlap-ruokavalio-2-yosta-alkaen\/\" \/>\n<meta property=\"og:site_name\" content=\"MEDICAL SPA NARVA-J\u00d5ESUU\" \/>\n<meta property=\"article:modified_time\" content=\"2026-01-16T14:13:42+00:00\" \/>\n<meta property=\"og:image\" content=\"https:\/\/narvajoesuu.ee\/wp-content\/uploads\/2021\/12\/Maja-pilt.png\" \/>\n\t<meta property=\"og:image:width\" content=\"1200\" \/>\n\t<meta property=\"og:image:height\" content=\"630\" \/>\n\t<meta property=\"og:image:type\" content=\"image\/png\" \/>\n<meta name=\"twitter:card\" content=\"summary_large_image\" \/>\n<meta name=\"twitter:label1\" content=\"Arvioitu lukuaika\" \/>\n\t<meta name=\"twitter:data1\" content=\"1 minuutti\" \/>\n<script type=\"application\/ld+json\" class=\"yoast-schema-graph\">{\"@context\":\"https:\\\/\\\/schema.org\",\"@graph\":[{\"@type\":\"WebPage\",\"@id\":\"https:\\\/\\\/narvajoesuu.ee\\\/fi\\\/detox-keskus\\\/painonpudotusohjelmat\\\/eksklusiivinen-kylpylaohjlema-jossa-fitlap-ruokavalio-2-yosta-alkaen\\\/\",\"url\":\"https:\\\/\\\/narvajoesuu.ee\\\/fi\\\/detox-keskus\\\/painonpudotusohjelmat\\\/eksklusiivinen-kylpylaohjlema-jossa-fitlap-ruokavalio-2-yosta-alkaen\\\/\",\"name\":\"Eksklusiivinen kylpyl\u00e4ohjlema, jossa FITLAP-ruokavalio (2 y\u00f6st\u00e4 alkaen) - MEDICAL SPA NARVA-J\u00d5ESUU\",\"isPartOf\":{\"@id\":\"https:\\\/\\\/narvajoesuu.ee\\\/#website\"},\"datePublished\":\"2023-09-21T10:36:08+00:00\",\"dateModified\":\"2026-01-16T14:13:42+00:00\",\"breadcrumb\":{\"@id\":\"https:\\\/\\\/narvajoesuu.ee\\\/fi\\\/detox-keskus\\\/painonpudotusohjelmat\\\/eksklusiivinen-kylpylaohjlema-jossa-fitlap-ruokavalio-2-yosta-alkaen\\\/#breadcrumb\"},\"inLanguage\":\"fi\",\"potentialAction\":[{\"@type\":\"ReadAction\",\"target\":[\"https:\\\/\\\/narvajoesuu.ee\\\/fi\\\/detox-keskus\\\/painonpudotusohjelmat\\\/eksklusiivinen-kylpylaohjlema-jossa-fitlap-ruokavalio-2-yosta-alkaen\\\/\"]}]},{\"@type\":\"BreadcrumbList\",\"@id\":\"https:\\\/\\\/narvajoesuu.ee\\\/fi\\\/detox-keskus\\\/painonpudotusohjelmat\\\/eksklusiivinen-kylpylaohjlema-jossa-fitlap-ruokavalio-2-yosta-alkaen\\\/#breadcrumb\",\"itemListElement\":[{\"@type\":\"ListItem\",\"position\":1,\"name\":\"Home\",\"item\":\"https:\\\/\\\/narvajoesuu.ee\\\/fi\\\/\"},{\"@type\":\"ListItem\",\"position\":2,\"name\":\"Detox &#038; Antistress keskus\",\"item\":\"https:\\\/\\\/narvajoesuu.ee\\\/fi\\\/detox-keskus\\\/\"},{\"@type\":\"ListItem\",\"position\":3,\"name\":\"Antistress-keskus\",\"item\":\"https:\\\/\\\/narvajoesuu.ee\\\/fi\\\/detox-keskus\\\/painonpudotusohjelmat\\\/\"},{\"@type\":\"ListItem\",\"position\":4,\"name\":\"Eksklusiivinen kylpyl\u00e4ohjlema, jossa FITLAP-ruokavalio (2 y\u00f6st\u00e4 alkaen)\"}]},{\"@type\":\"WebSite\",\"@id\":\"https:\\\/\\\/narvajoesuu.ee\\\/#website\",\"url\":\"https:\\\/\\\/narvajoesuu.ee\\\/\",\"name\":\"MEDICAL SPA NARVA-J\u00d5ESUU\",\"description\":\"\",\"publisher\":{\"@id\":\"https:\\\/\\\/narvajoesuu.ee\\\/#organization\"},\"potentialAction\":[{\"@type\":\"SearchAction\",\"target\":{\"@type\":\"EntryPoint\",\"urlTemplate\":\"https:\\\/\\\/narvajoesuu.ee\\\/?s={search_term_string}\"},\"query-input\":{\"@type\":\"PropertyValueSpecification\",\"valueRequired\":true,\"valueName\":\"search_term_string\"}}],\"inLanguage\":\"fi\"},{\"@type\":\"Organization\",\"@id\":\"https:\\\/\\\/narvajoesuu.ee\\\/#organization\",\"name\":\"Narva-J\u00f5esuu Medical SPA\",\"url\":\"https:\\\/\\\/narvajoesuu.ee\\\/\",\"logo\":{\"@type\":\"ImageObject\",\"inLanguage\":\"fi\",\"@id\":\"https:\\\/\\\/narvajoesuu.ee\\\/#\\\/schema\\\/logo\\\/image\\\/\",\"url\":\"https:\\\/\\\/narvajoesuu.ee\\\/wp-content\\\/uploads\\\/2020\\\/10\\\/narvajoesuu-logo-small.png\",\"contentUrl\":\"https:\\\/\\\/narvajoesuu.ee\\\/wp-content\\\/uploads\\\/2020\\\/10\\\/narvajoesuu-logo-small.png\",\"width\":170,\"height\":170,\"caption\":\"Narva-J\u00f5esuu Medical SPA\"},\"image\":{\"@id\":\"https:\\\/\\\/narvajoesuu.ee\\\/#\\\/schema\\\/logo\\\/image\\\/\"}}]}<\/script>\n<!-- \/ Yoast SEO plugin. -->","yoast_head_json":{"title":"Eksklusiivinen kylpyl\u00e4ohjlema, jossa FITLAP-ruokavalio (2 y\u00f6st\u00e4 alkaen) - MEDICAL SPA NARVA-J\u00d5ESUU","robots":{"index":"index","follow":"follow","max-snippet":"max-snippet:-1","max-image-preview":"max-image-preview:large","max-video-preview":"max-video-preview:-1"},"canonical":"https:\/\/narvajoesuu.ee\/fi\/detox-keskus\/painonpudotusohjelmat\/eksklusiivinen-kylpylaohjlema-jossa-fitlap-ruokavalio-2-yosta-alkaen\/","og_locale":"fi_FI","og_type":"article","og_title":"Eksklusiivinen kylpyl\u00e4ohjlema, jossa FITLAP-ruokavalio (2 y\u00f6st\u00e4 alkaen) - MEDICAL SPA NARVA-J\u00d5ESUU","og_description":"TEIT\u00c4 ODOTTAA: KESKUSTELU TERVEYSKESKUKSEMME ASIANTUNTIJOIDEN KANSSA (15 MIN) JA 2 rentouttavaa hoitoa p\u00e4iv\u00e4ss\u00e4 valikosta: Rentouttava hoito tehokkaassa QUATTROMANO-vesihierontas\u00e4ngyss\u00e4 (20 min)...","og_url":"https:\/\/narvajoesuu.ee\/fi\/detox-keskus\/painonpudotusohjelmat\/eksklusiivinen-kylpylaohjlema-jossa-fitlap-ruokavalio-2-yosta-alkaen\/","og_site_name":"MEDICAL SPA NARVA-J\u00d5ESUU","article_modified_time":"2026-01-16T14:13:42+00:00","og_image":[{"width":1200,"height":630,"url":"https:\/\/narvajoesuu.ee\/wp-content\/uploads\/2021\/12\/Maja-pilt.png","type":"image\/png"}],"twitter_card":"summary_large_image","twitter_misc":{"Arvioitu lukuaika":"1 minuutti"},"schema":{"@context":"https:\/\/schema.org","@graph":[{"@type":"WebPage","@id":"https:\/\/narvajoesuu.ee\/fi\/detox-keskus\/painonpudotusohjelmat\/eksklusiivinen-kylpylaohjlema-jossa-fitlap-ruokavalio-2-yosta-alkaen\/","url":"https:\/\/narvajoesuu.ee\/fi\/detox-keskus\/painonpudotusohjelmat\/eksklusiivinen-kylpylaohjlema-jossa-fitlap-ruokavalio-2-yosta-alkaen\/","name":"Eksklusiivinen kylpyl\u00e4ohjlema, jossa FITLAP-ruokavalio (2 y\u00f6st\u00e4 alkaen) - MEDICAL SPA NARVA-J\u00d5ESUU","isPartOf":{"@id":"https:\/\/narvajoesuu.ee\/#website"},"datePublished":"2023-09-21T10:36:08+00:00","dateModified":"2026-01-16T14:13:42+00:00","breadcrumb":{"@id":"https:\/\/narvajoesuu.ee\/fi\/detox-keskus\/painonpudotusohjelmat\/eksklusiivinen-kylpylaohjlema-jossa-fitlap-ruokavalio-2-yosta-alkaen\/#breadcrumb"},"inLanguage":"fi","potentialAction":[{"@type":"ReadAction","target":["https:\/\/narvajoesuu.ee\/fi\/detox-keskus\/painonpudotusohjelmat\/eksklusiivinen-kylpylaohjlema-jossa-fitlap-ruokavalio-2-yosta-alkaen\/"]}]},{"@type":"BreadcrumbList","@id":"https:\/\/narvajoesuu.ee\/fi\/detox-keskus\/painonpudotusohjelmat\/eksklusiivinen-kylpylaohjlema-jossa-fitlap-ruokavalio-2-yosta-alkaen\/#breadcrumb","itemListElement":[{"@type":"ListItem","position":1,"name":"Home","item":"https:\/\/narvajoesuu.ee\/fi\/"},{"@type":"ListItem","position":2,"name":"Detox &#038; Antistress keskus","item":"https:\/\/narvajoesuu.ee\/fi\/detox-keskus\/"},{"@type":"ListItem","position":3,"name":"Antistress-keskus","item":"https:\/\/narvajoesuu.ee\/fi\/detox-keskus\/painonpudotusohjelmat\/"},{"@type":"ListItem","position":4,"name":"Eksklusiivinen kylpyl\u00e4ohjlema, jossa FITLAP-ruokavalio (2 y\u00f6st\u00e4 alkaen)"}]},{"@type":"WebSite","@id":"https:\/\/narvajoesuu.ee\/#website","url":"https:\/\/narvajoesuu.ee\/","name":"MEDICAL SPA NARVA-J\u00d5ESUU","description":"","publisher":{"@id":"https:\/\/narvajoesuu.ee\/#organization"},"potentialAction":[{"@type":"SearchAction","target":{"@type":"EntryPoint","urlTemplate":"https:\/\/narvajoesuu.ee\/?s={search_term_string}"},"query-input":{"@type":"PropertyValueSpecification","valueRequired":true,"valueName":"search_term_string"}}],"inLanguage":"fi"},{"@type":"Organization","@id":"https:\/\/narvajoesuu.ee\/#organization","name":"Narva-J\u00f5esuu Medical SPA","url":"https:\/\/narvajoesuu.ee\/","logo":{"@type":"ImageObject","inLanguage":"fi","@id":"https:\/\/narvajoesuu.ee\/#\/schema\/logo\/image\/","url":"https:\/\/narvajoesuu.ee\/wp-content\/uploads\/2020\/10\/narvajoesuu-logo-small.png","contentUrl":"https:\/\/narvajoesuu.ee\/wp-content\/uploads\/2020\/10\/narvajoesuu-logo-small.png","width":170,"height":170,"caption":"Narva-J\u00f5esuu Medical SPA"},"image":{"@id":"https:\/\/narvajoesuu.ee\/#\/schema\/logo\/image\/"}}]}},"uagb_featured_image_src":{"full":false,"thumbnail":false,"medium":false,"medium_large":false,"large":false,"1536x1536":false,"2048x2048":false,"img-1920x550":false,"img-1920x320":false,"img-1920x200":false,"img-670x480":false,"img-570x280":false,"img-507":false,"img-370x240":false,"img-400x250":false,"img-370x175":false,"img-370x120":false,"img-300":false,"img-170":false},"uagb_author_info":{"display_name":"Darja","author_link":"https:\/\/narvajoesuu.ee\/fi\/author\/darja\/"},"uagb_comment_info":0,"uagb_excerpt":"TEIT\u00c4 ODOTTAA: KESKUSTELU TERVEYSKESKUKSEMME ASIANTUNTIJOIDEN KANSSA (15 MIN) JA 2 rentouttavaa hoitoa p\u00e4iv\u00e4ss\u00e4 valikosta: Rentouttava hoito tehokkaassa QUATTROMANO-vesihierontas\u00e4ngyss\u00e4 (20 min)...","_links":{"self":[{"href":"https:\/\/narvajoesuu.ee\/fi\/wp-json\/wp\/v2\/pages\/16998","targetHints":{"allow":["GET"]}}],"collection":[{"href":"https:\/\/narvajoesuu.ee\/fi\/wp-json\/wp\/v2\/pages"}],"about":[{"href":"https:\/\/narvajoesuu.ee\/fi\/wp-json\/wp\/v2\/types\/page"}],"author":[{"embeddable":true,"href":"https:\/\/narvajoesuu.ee\/fi\/wp-json\/wp\/v2\/users\/2"}],"replies":[{"embeddable":true,"href":"https:\/\/narvajoesuu.ee\/fi\/wp-json\/wp\/v2\/comments?post=16998"}],"version-history":[{"count":18,"href":"https:\/\/narvajoesuu.ee\/fi\/wp-json\/wp\/v2\/pages\/16998\/revisions"}],"predecessor-version":[{"id":23340,"href":"https:\/\/narvajoesuu.ee\/fi\/wp-json\/wp\/v2\/pages\/16998\/revisions\/23340"}],"up":[{"embeddable":true,"href":"https:\/\/narvajoesuu.ee\/fi\/wp-json\/wp\/v2\/pages\/10282"}],"wp:attachment":[{"href":"https:\/\/narvajoesuu.ee\/fi\/wp-json\/wp\/v2\/media?parent=16998"}],"curies":[{"name":"wp","href":"https:\/\/api.w.org\/{rel}","templated":true}]}}