{"id":16885,"date":"2023-09-21T12:01:11","date_gmt":"2023-09-21T09:01:11","guid":{"rendered":"https:\/\/narvajoesuu.ee\/?page_id=16885"},"modified":"2026-03-23T16:06:19","modified_gmt":"2026-03-23T14:06:19","slug":"antistress-ohjelma-stressia-vastaan","status":"publish","type":"page","link":"https:\/\/narvajoesuu.ee\/fi\/detox-keskus\/painonpudotusohjelmat\/antistress-ohjelma-stressia-vastaan\/","title":{"rendered":"\u201dANTISTRESS\u201d- ohjelma stressi\u00e4 vastaan (3 y\u00f6t\u00e4)"},"content":{"rendered":"<div class=\"b-block pad-top-30 pad-bottom-20\"><div class=\"p-emphasis b-part container-p0 p-emphasis--info\"><p>Kun stressi vie el\u00e4m\u00e4st\u00e4 ilon ja v\u00e4rit, loma Narva-J\u00f5esuu Medical Spa -keskuksessa auttaa sinua. Spa-ohjelma \u201cAntistress\u201d tarjoaa sinulle t\u00e4ydellisen loman, rentouttavia hoitoja ja saunakeskuksen k\u00e4ytt\u00f6mahdollisuuden.<\/p>\n<\/div><\/div>\n\n\n<h3 class=\"wp-block-heading wp-el\">SPA-OHJELMA SIS\u00c4LT\u00c4\u00c4:<\/h3>\n\n\n\n<ul class=\"wp-block-list wp-el\">\n<li>Stressitason testi<\/li>\n\n\n\n<li>Keskustelu hyvinvointikeskuksemme asiantuntijahenkil\u00f6kunnan kanssa, jonka aikana laaditaan testitulosten perusteella henkil\u00f6kohtainen hoitosuunnitelma<\/li>\n<\/ul>\n\n\n\n<h3 class=\"wp-block-heading wp-el\">Henkil\u00f6kohtainen hoitosuunnitelma sis\u00e4lt\u00e4\u00e4 2 hoitoa p\u00e4iv\u00e4ss\u00e4 seuraavasta valikoimasta:<\/h3>\n\n\n\n<div class=\"wp-block-group\"><div class=\"wp-block-group__inner-container is-layout-constrained wp-block-group-is-layout-constrained\">\n<div class=\"wp-block-columns is-layout-flex wp-container-core-columns-is-layout-9d6595d7 wp-block-columns-is-layout-flex\">\n<div class=\"wp-block-column is-layout-flow wp-block-column-is-layout-flow\" style=\"flex-basis:100%\">\n<ul class=\"wp-block-list wp-el\">\n<li>Rentouttava hoito tehokkaalla vesihierontavuoteella QUATTROMANO (20 min)<\/li>\n\n\n\n<li>Hierontaterapia Stimawell Relax -laitteella (30 min)<\/li>\n\n\n\n<li>Kromoterapia Himalayan Cube VIP -suolahuoneessa (20 min)<\/li>\n\n\n\n<li>Rentoutumishuone (20 min)<\/li>\n\n\n\n<li>Happihoito<\/li>\n\n\n\n<li>Jalkapohjien laitehieronta<\/li>\n\n\n\n<li>DETOX-hoito setritynnyriss\u00e4<\/li>\n\n\n\n<li>Stressi\u00e4 lievitt\u00e4v\u00e4 hierontakylpy arteesisella vedell\u00e4 ja yrtti\u00f6ljyill\u00e4 (10 min)<\/li>\n<\/ul>\n<\/div>\n\n\n\n<div class=\"wp-block-column is-layout-flow wp-block-column-is-layout-flow\" style=\"flex-basis:100%\">\n<ul class=\"wp-block-list wp-el\">\n<li>Kuiva otsonikylpy (10 min)<\/li>\n\n\n\n<li>Kuiva hiilidioksidikylpy (10 min)<\/li>\n\n\n\n<li>Hoito N.O.logy\u00ae Stendo Pulsewave -laitteella (uudenlainen pneumokompressiomenetelm\u00e4)<\/li>\n\n\n\n<li>Anti-age-valoterapia Omega Light -laitteella<\/li>\n\n\n\n<li>Vesihieronta \u2013 suihkuhieronta eli Charcot\u2019n suihku<\/li>\n\n\n\n<li><em>* <\/em>Trooppinen huone<\/li>\n\n\n\n<li><em>** <\/em>VR-el\u00e4mys<\/li>\n\n\n\n<li><em>** <\/em>Aurinkoinen hiekkahuone<\/li>\n<\/ul>\n<\/div>\n<\/div>\n<\/div><\/div>\n\n\n\n<div class=\"wp-block-uagb-info-box uagb-block-3c208bbe uagb-infobox__content-wrap  uagb-infobox-icon-above-title uagb-infobox-image-valign-top\"><div class=\"uagb-ifb-content\"><div class=\"uagb-ifb-title-wrap\"><span class=\"uagb-ifb-title-prefix\"><strong>Lis\u00e4tiedot<\/strong><\/span><\/div><div class=\"uagb-ifb-separator\"><\/div><p class=\"uagb-ifb-desc\"><em>* hoito on valittavissa yhden kerran<br>** hoito on valittavissa kerran kolmessa p\u00e4iv\u00e4ss\u00e4<\/em><\/p><\/div><\/div>\n\n\n\n<div class=\"wp-block-uagb-marketing-button uagb-marketing-btn__align-left uagb-marketing-btn__align-text-left uagb-marketing-btn__icon-after uagb-block-4c678626 wp-block-button\"><a href=\"https:\/\/narvajoesuu.ee\/fi\/aqua-zumba\/\" class=\"uagb-marketing-btn__link wp-block-button__link\" target=\"\" rel=\"noopener noreferrer\"><span class=\"uagb-marketing-btn__title\">Lahjaksi<\/span><svg xmlns=\"https:\/\/www.w3.org\/2000\/svg\" viewBox=\"0 0 512 512\"><path d=\"M152 0H154.2C186.1 0 215.7 16.91 231.9 44.45L256 85.46L280.1 44.45C296.3 16.91 325.9 0 357.8 0H360C408.6 0 448 39.4 448 88C448 102.4 444.5 115.1 438.4 128H480C497.7 128 512 142.3 512 160V224C512 241.7 497.7 256 480 256H32C14.33 256 0 241.7 0 224V160C0 142.3 14.33 128 32 128H73.6C67.46 115.1 64 102.4 64 88C64 39.4 103.4 0 152 0zM190.5 68.78C182.9 55.91 169.1 48 154.2 48H152C129.9 48 112 65.91 112 88C112 110.1 129.9 128 152 128H225.3L190.5 68.78zM360 48H357.8C342.9 48 329.1 55.91 321.5 68.78L286.7 128H360C382.1 128 400 110.1 400 88C400 65.91 382.1 48 360 48V48zM32 288H224V512H80C53.49 512 32 490.5 32 464V288zM288 512V288H480V464C480 490.5 458.5 512 432 512H288z\"><\/path><\/svg><p class=\"uagb-marketing-btn__prefix\">Aqua Zumba (40 min) eli vesijumppa&nbsp;<\/p><\/a><\/div>\n\n\n\n<hr class=\"wp-block-separator has-alpha-channel-opacity\"\/>\n\n\n\n<h3 class=\"wp-block-heading wp-el\"><strong><strong>Hoitotoimenpiteiden lis\u00e4ksi ohjelmaan sis\u00e4ltyy:<\/strong><\/strong><\/h3>\n\n\n\n<ul class=\"wp-block-list wp-el\">\n<li>Majoitus yhden tai kahden hengen huoneessa (Check-in: klo 16:00, Check-out: klo 12:00)<\/li>\n\n\n\n<li>T\u00e4ysihoito buffet-ravintolassa<\/li>\n\n\n\n<li>P\u00e4ivitt\u00e4in terveellinen smoothie<\/li>\n\n\n\n<li>Saunakeskuksen, uima-altaan ja kuntosalin rajaton k\u00e4ytt\u00f6 p\u00e4ivitt\u00e4in aukioloaikojen puitteissa<\/li>\n\n\n\n<li>Kylpytakki, WiFi, pys\u00e4k\u00f6inti<\/li>\n<\/ul>\n\n\n\n<details class=\"wp-block-details is-layout-flow wp-block-details-is-layout-flow\"><summary>Halutessasi voit lis\u00e4maksusta vaihtaa buffet-ateriat seuraaviin vaihtoehtoihin:<\/summary>\n<ul class=\"wp-block-list wp-el\">\n<li>Fitlap-menun annoksiin<\/li>\n\n\n\n<li>Detox-menun annoksiin<\/li>\n<\/ul>\n<\/details>\n\n\n\n<div style=\"height:7px\" aria-hidden=\"true\" class=\"wp-block-spacer\"><\/div>\n\n\n\n<div style=\"height:9px\" aria-hidden=\"true\" class=\"wp-block-spacer\"><\/div>\n\n\n\n<h3 class=\"wp-block-heading wp-el\">Hinta voimassa 30.12.2026 asti<\/h3>\n\n\n\n<figure class=\"wp-block-table is-style-stripes\"><table class=\"has-fixed-layout\"><thead><tr><th class=\"has-text-align-left\" data-align=\"left\"><\/th><th class=\"has-text-align-center\" data-align=\"center\">Normaalihinta<br><strong>23.12.26-30.12.26<\/strong><\/th><th class=\"has-text-align-center\" data-align=\"center\">Erikoishinta<br><strong>31.05.26 asti<\/strong><br><strong><strong>01.09.26-22.12.2<\/strong>6<\/strong><\/th><\/tr><\/thead><tbody><tr><td class=\"has-text-align-left\" data-align=\"left\">SINGLE<\/td><td class=\"has-text-align-center\" data-align=\"center\"><strong>99 \u20ac<\/strong>\u00a0\/ 1 y\u00f6<\/td><td class=\"has-text-align-center\" data-align=\"center\"><em><strong>82 \u20ac<\/strong>\u00a0\/ 1 y\u00f6<\/em><\/td><\/tr><tr><td class=\"has-text-align-left\" data-align=\"left\">\u00bd TWIN<\/td><td class=\"has-text-align-center\" data-align=\"center\"><strong>72 \u20ac<\/strong> \/ 1 y\u00f6<\/td><td class=\"has-text-align-center\" data-align=\"center\"><em><strong>67 \u20ac<\/strong> \/ 1 y\u00f6<\/em><\/td><\/tr><\/tbody><\/table><figcaption class=\"wp-element-caption\"><em>Erikoishinta on voimassa asiakaskortilla!<\/em><\/figcaption><\/figure>\n\n\n\n<figure class=\"wp-block-table is-style-stripes\"><table class=\"has-fixed-layout\"><thead><tr><th class=\"has-text-align-left\" data-align=\"left\"><\/th><th class=\"has-text-align-center\" data-align=\"center\">Normaalihinta<br><strong>01.06.26-31.08.26<\/strong><\/th><\/tr><\/thead><tbody><tr><td class=\"has-text-align-left\" data-align=\"left\">SINGLE<\/td><td class=\"has-text-align-center\" data-align=\"center\"><strong>109 \u20ac<\/strong>\u00a0\/ 1 y\u00f6<\/td><\/tr><tr><td class=\"has-text-align-left\" data-align=\"left\">\u00bd TWIN<\/td><td class=\"has-text-align-center\" data-align=\"center\"><strong>99 \u20ac<\/strong> \/ 1 y\u00f6<\/td><\/tr><\/tbody><\/table><\/figure>\n\n\n\n<hr class=\"wp-block-separator has-alpha-channel-opacity\"\/>\n\n\n\n<div style=\"height:19px\" aria-hidden=\"true\" class=\"wp-block-spacer\"><\/div>\n\n\n\n<ul class=\"wp-block-list wp-el\">\n<li><a href=\"https:\/\/narvajoesuu.ee\/fi\/hotelli\/huoneet\/lisamaksu-majoituksesta-paketin-ostaneille\/\">Lis\u00e4maksu paketin ostaneille asiakkaille<\/a><\/li>\n\n\n\n<li><a href=\"https:\/\/narvajoesuu.ee\/fi\/hotelli\/huoneet\/lisamaksu-majoituksesta-paketin-ostaneille\/\"><\/a><a href=\"https:\/\/narvajoesuu.ee\/fi\/hotelli\/huoneet\/lisamaksu-majoituksesta-paketin-ostaneille\/\"><\/a><a href=\"https:\/\/narvajoesuu.ee\/fi\/hotelli\/asiakaskortti\/\">Asiakaskortti<\/a><\/li>\n\n\n\n<li><a href=\"https:\/\/narvajoesuu.ee\/fi\/hotelli\/huoneet\/lisamaksu-majoituksesta-paketin-ostaneille\/\"><\/a><a href=\"https:\/\/narvajoesuu.ee\/fi\/hotelli\/huoneet\/lisamaksu-majoituksesta-paketin-ostaneille\/\"><\/a><a href=\"https:\/\/narvajoesuu.ee\/fi\/kylpylaloma\/loma-lasten-kanssa\/\">Loma lasten kanssa<\/a><\/li>\n\n\n\n<li><a href=\"https:\/\/narvajoesuu.ee\/fi\/hotelli\/huoneet\/lisamaksu-majoituksesta-paketin-ostaneille\/\"><\/a><a href=\"https:\/\/narvajoesuu.ee\/fi\/hotelli\/huoneet\/lisamaksu-majoituksesta-paketin-ostaneille\/\"><\/a><a href=\"https:\/\/narvajoesuu.ee\/fi\/hotelli\/varausehdot\/\">Pakettien varausehdot<\/a><\/li>\n<\/ul>\n\n\n<div class=\"b-block pad-top-30 pad-bottom-20\"><div class=\"p-emphasis b-part container-p0 p-emphasis--warn\"><p>Huomio! Kylpyl\u00e4 pid\u00e4tt\u00e4\u00e4 itselleen oikeuden hinnanmuutoksiin ilman etuk\u00e4teen ilmoittamatta. Asiakkaille ei palauteta ennakkoa palveluista, jotka ovat j\u00e4\u00e4neet k\u00e4ytt\u00e4m\u00e4tt\u00e4 Narva-J\u00f5esuun kylpyl\u00e4st\u00e4 riippumattomista syist\u00e4.<\/p>\n<p>&nbsp;<\/p>\n<\/div><\/div>","protected":false},"excerpt":{"rendered":"<p>SPA-OHJELMA SIS\u00c4LT\u00c4\u00c4: Henkil\u00f6kohtainen hoitosuunnitelma sis\u00e4lt\u00e4\u00e4 2 hoitoa p\u00e4iv\u00e4ss\u00e4 seuraavasta valikoimasta: Hoitotoimenpiteiden lis\u00e4ksi ohjelmaan sis\u00e4ltyy: Hinta voimassa 30.12.2026 asti Normaalihinta23.12.26-30.12.26 Erikoishinta31.05.26&#8230;<\/p>\n","protected":false},"author":2,"featured_media":0,"parent":10282,"menu_order":735,"comment_status":"closed","ping_status":"closed","template":"","meta":{"_acf_changed":false,"_uag_custom_page_level_css":"","_monsterinsights_skip_tracking":false,"_monsterinsights_sitenote_active":false,"_monsterinsights_sitenote_note":"","_monsterinsights_sitenote_category":0,"footnotes":""},"class_list":["post-16885","page","type-page","status-publish","hentry"],"acf":[],"yoast_head":"<!-- This site is optimized with the Yoast SEO plugin v27.4 - https:\/\/yoast.com\/product\/yoast-seo-wordpress\/ -->\n<title>\u201dANTISTRESS\u201d- ohjelma stressi\u00e4 vastaan (3 y\u00f6t\u00e4) - MEDICAL SPA NARVA-J\u00d5ESUU<\/title>\n<meta name=\"robots\" content=\"index, follow, max-snippet:-1, max-image-preview:large, max-video-preview:-1\" \/>\n<link rel=\"canonical\" href=\"https:\/\/narvajoesuu.ee\/fi\/detox-keskus\/painonpudotusohjelmat\/antistress-ohjelma-stressia-vastaan\/\" \/>\n<meta property=\"og:locale\" content=\"fi_FI\" \/>\n<meta property=\"og:type\" content=\"article\" \/>\n<meta property=\"og:title\" content=\"\u201dANTISTRESS\u201d- ohjelma stressi\u00e4 vastaan (3 y\u00f6t\u00e4) - MEDICAL SPA NARVA-J\u00d5ESUU\" \/>\n<meta property=\"og:description\" content=\"SPA-OHJELMA SIS\u00c4LT\u00c4\u00c4: Henkil\u00f6kohtainen hoitosuunnitelma sis\u00e4lt\u00e4\u00e4 2 hoitoa p\u00e4iv\u00e4ss\u00e4 seuraavasta valikoimasta: Hoitotoimenpiteiden lis\u00e4ksi ohjelmaan sis\u00e4ltyy: Hinta voimassa 30.12.2026 asti Normaalihinta23.12.26-30.12.26 Erikoishinta31.05.26...\" \/>\n<meta property=\"og:url\" content=\"https:\/\/narvajoesuu.ee\/fi\/detox-keskus\/painonpudotusohjelmat\/antistress-ohjelma-stressia-vastaan\/\" \/>\n<meta property=\"og:site_name\" content=\"MEDICAL SPA NARVA-J\u00d5ESUU\" \/>\n<meta property=\"article:modified_time\" content=\"2026-03-23T14:06:19+00:00\" \/>\n<meta property=\"og:image\" content=\"https:\/\/narvajoesuu.ee\/wp-content\/uploads\/2021\/12\/Maja-pilt.png\" \/>\n\t<meta property=\"og:image:width\" content=\"1200\" \/>\n\t<meta property=\"og:image:height\" content=\"630\" \/>\n\t<meta property=\"og:image:type\" content=\"image\/png\" \/>\n<meta name=\"twitter:card\" content=\"summary_large_image\" \/>\n<meta name=\"twitter:label1\" content=\"Arvioitu lukuaika\" \/>\n\t<meta name=\"twitter:data1\" content=\"1 minuutti\" \/>\n<script type=\"application\/ld+json\" class=\"yoast-schema-graph\">{\"@context\":\"https:\\\/\\\/schema.org\",\"@graph\":[{\"@type\":\"WebPage\",\"@id\":\"https:\\\/\\\/narvajoesuu.ee\\\/fi\\\/detox-keskus\\\/painonpudotusohjelmat\\\/antistress-ohjelma-stressia-vastaan\\\/\",\"url\":\"https:\\\/\\\/narvajoesuu.ee\\\/fi\\\/detox-keskus\\\/painonpudotusohjelmat\\\/antistress-ohjelma-stressia-vastaan\\\/\",\"name\":\"\u201dANTISTRESS\u201d- ohjelma stressi\u00e4 vastaan (3 y\u00f6t\u00e4) - MEDICAL SPA NARVA-J\u00d5ESUU\",\"isPartOf\":{\"@id\":\"https:\\\/\\\/narvajoesuu.ee\\\/#website\"},\"datePublished\":\"2023-09-21T09:01:11+00:00\",\"dateModified\":\"2026-03-23T14:06:19+00:00\",\"breadcrumb\":{\"@id\":\"https:\\\/\\\/narvajoesuu.ee\\\/fi\\\/detox-keskus\\\/painonpudotusohjelmat\\\/antistress-ohjelma-stressia-vastaan\\\/#breadcrumb\"},\"inLanguage\":\"fi\",\"potentialAction\":[{\"@type\":\"ReadAction\",\"target\":[\"https:\\\/\\\/narvajoesuu.ee\\\/fi\\\/detox-keskus\\\/painonpudotusohjelmat\\\/antistress-ohjelma-stressia-vastaan\\\/\"]}]},{\"@type\":\"BreadcrumbList\",\"@id\":\"https:\\\/\\\/narvajoesuu.ee\\\/fi\\\/detox-keskus\\\/painonpudotusohjelmat\\\/antistress-ohjelma-stressia-vastaan\\\/#breadcrumb\",\"itemListElement\":[{\"@type\":\"ListItem\",\"position\":1,\"name\":\"Home\",\"item\":\"https:\\\/\\\/narvajoesuu.ee\\\/fi\\\/\"},{\"@type\":\"ListItem\",\"position\":2,\"name\":\"Detox &#038; Antistress keskus\",\"item\":\"https:\\\/\\\/narvajoesuu.ee\\\/fi\\\/detox-keskus\\\/\"},{\"@type\":\"ListItem\",\"position\":3,\"name\":\"Antistress-keskus\",\"item\":\"https:\\\/\\\/narvajoesuu.ee\\\/fi\\\/detox-keskus\\\/painonpudotusohjelmat\\\/\"},{\"@type\":\"ListItem\",\"position\":4,\"name\":\"\u201dANTISTRESS\u201d- ohjelma stressi\u00e4 vastaan (3 y\u00f6t\u00e4)\"}]},{\"@type\":\"WebSite\",\"@id\":\"https:\\\/\\\/narvajoesuu.ee\\\/#website\",\"url\":\"https:\\\/\\\/narvajoesuu.ee\\\/\",\"name\":\"MEDICAL SPA NARVA-J\u00d5ESUU\",\"description\":\"\",\"publisher\":{\"@id\":\"https:\\\/\\\/narvajoesuu.ee\\\/#organization\"},\"potentialAction\":[{\"@type\":\"SearchAction\",\"target\":{\"@type\":\"EntryPoint\",\"urlTemplate\":\"https:\\\/\\\/narvajoesuu.ee\\\/?s={search_term_string}\"},\"query-input\":{\"@type\":\"PropertyValueSpecification\",\"valueRequired\":true,\"valueName\":\"search_term_string\"}}],\"inLanguage\":\"fi\"},{\"@type\":\"Organization\",\"@id\":\"https:\\\/\\\/narvajoesuu.ee\\\/#organization\",\"name\":\"Narva-J\u00f5esuu Medical SPA\",\"url\":\"https:\\\/\\\/narvajoesuu.ee\\\/\",\"logo\":{\"@type\":\"ImageObject\",\"inLanguage\":\"fi\",\"@id\":\"https:\\\/\\\/narvajoesuu.ee\\\/#\\\/schema\\\/logo\\\/image\\\/\",\"url\":\"https:\\\/\\\/narvajoesuu.ee\\\/wp-content\\\/uploads\\\/2020\\\/10\\\/narvajoesuu-logo-small.png\",\"contentUrl\":\"https:\\\/\\\/narvajoesuu.ee\\\/wp-content\\\/uploads\\\/2020\\\/10\\\/narvajoesuu-logo-small.png\",\"width\":170,\"height\":170,\"caption\":\"Narva-J\u00f5esuu Medical SPA\"},\"image\":{\"@id\":\"https:\\\/\\\/narvajoesuu.ee\\\/#\\\/schema\\\/logo\\\/image\\\/\"}}]}<\/script>\n<!-- \/ Yoast SEO plugin. -->","yoast_head_json":{"title":"\u201dANTISTRESS\u201d- ohjelma stressi\u00e4 vastaan (3 y\u00f6t\u00e4) - MEDICAL SPA NARVA-J\u00d5ESUU","robots":{"index":"index","follow":"follow","max-snippet":"max-snippet:-1","max-image-preview":"max-image-preview:large","max-video-preview":"max-video-preview:-1"},"canonical":"https:\/\/narvajoesuu.ee\/fi\/detox-keskus\/painonpudotusohjelmat\/antistress-ohjelma-stressia-vastaan\/","og_locale":"fi_FI","og_type":"article","og_title":"\u201dANTISTRESS\u201d- ohjelma stressi\u00e4 vastaan (3 y\u00f6t\u00e4) - MEDICAL SPA NARVA-J\u00d5ESUU","og_description":"SPA-OHJELMA SIS\u00c4LT\u00c4\u00c4: Henkil\u00f6kohtainen hoitosuunnitelma sis\u00e4lt\u00e4\u00e4 2 hoitoa p\u00e4iv\u00e4ss\u00e4 seuraavasta valikoimasta: Hoitotoimenpiteiden lis\u00e4ksi ohjelmaan sis\u00e4ltyy: Hinta voimassa 30.12.2026 asti Normaalihinta23.12.26-30.12.26 Erikoishinta31.05.26...","og_url":"https:\/\/narvajoesuu.ee\/fi\/detox-keskus\/painonpudotusohjelmat\/antistress-ohjelma-stressia-vastaan\/","og_site_name":"MEDICAL SPA NARVA-J\u00d5ESUU","article_modified_time":"2026-03-23T14:06:19+00:00","og_image":[{"width":1200,"height":630,"url":"https:\/\/narvajoesuu.ee\/wp-content\/uploads\/2021\/12\/Maja-pilt.png","type":"image\/png"}],"twitter_card":"summary_large_image","twitter_misc":{"Arvioitu lukuaika":"1 minuutti"},"schema":{"@context":"https:\/\/schema.org","@graph":[{"@type":"WebPage","@id":"https:\/\/narvajoesuu.ee\/fi\/detox-keskus\/painonpudotusohjelmat\/antistress-ohjelma-stressia-vastaan\/","url":"https:\/\/narvajoesuu.ee\/fi\/detox-keskus\/painonpudotusohjelmat\/antistress-ohjelma-stressia-vastaan\/","name":"\u201dANTISTRESS\u201d- ohjelma stressi\u00e4 vastaan (3 y\u00f6t\u00e4) - MEDICAL SPA NARVA-J\u00d5ESUU","isPartOf":{"@id":"https:\/\/narvajoesuu.ee\/#website"},"datePublished":"2023-09-21T09:01:11+00:00","dateModified":"2026-03-23T14:06:19+00:00","breadcrumb":{"@id":"https:\/\/narvajoesuu.ee\/fi\/detox-keskus\/painonpudotusohjelmat\/antistress-ohjelma-stressia-vastaan\/#breadcrumb"},"inLanguage":"fi","potentialAction":[{"@type":"ReadAction","target":["https:\/\/narvajoesuu.ee\/fi\/detox-keskus\/painonpudotusohjelmat\/antistress-ohjelma-stressia-vastaan\/"]}]},{"@type":"BreadcrumbList","@id":"https:\/\/narvajoesuu.ee\/fi\/detox-keskus\/painonpudotusohjelmat\/antistress-ohjelma-stressia-vastaan\/#breadcrumb","itemListElement":[{"@type":"ListItem","position":1,"name":"Home","item":"https:\/\/narvajoesuu.ee\/fi\/"},{"@type":"ListItem","position":2,"name":"Detox &#038; Antistress keskus","item":"https:\/\/narvajoesuu.ee\/fi\/detox-keskus\/"},{"@type":"ListItem","position":3,"name":"Antistress-keskus","item":"https:\/\/narvajoesuu.ee\/fi\/detox-keskus\/painonpudotusohjelmat\/"},{"@type":"ListItem","position":4,"name":"\u201dANTISTRESS\u201d- ohjelma stressi\u00e4 vastaan (3 y\u00f6t\u00e4)"}]},{"@type":"WebSite","@id":"https:\/\/narvajoesuu.ee\/#website","url":"https:\/\/narvajoesuu.ee\/","name":"MEDICAL SPA NARVA-J\u00d5ESUU","description":"","publisher":{"@id":"https:\/\/narvajoesuu.ee\/#organization"},"potentialAction":[{"@type":"SearchAction","target":{"@type":"EntryPoint","urlTemplate":"https:\/\/narvajoesuu.ee\/?s={search_term_string}"},"query-input":{"@type":"PropertyValueSpecification","valueRequired":true,"valueName":"search_term_string"}}],"inLanguage":"fi"},{"@type":"Organization","@id":"https:\/\/narvajoesuu.ee\/#organization","name":"Narva-J\u00f5esuu Medical SPA","url":"https:\/\/narvajoesuu.ee\/","logo":{"@type":"ImageObject","inLanguage":"fi","@id":"https:\/\/narvajoesuu.ee\/#\/schema\/logo\/image\/","url":"https:\/\/narvajoesuu.ee\/wp-content\/uploads\/2020\/10\/narvajoesuu-logo-small.png","contentUrl":"https:\/\/narvajoesuu.ee\/wp-content\/uploads\/2020\/10\/narvajoesuu-logo-small.png","width":170,"height":170,"caption":"Narva-J\u00f5esuu Medical SPA"},"image":{"@id":"https:\/\/narvajoesuu.ee\/#\/schema\/logo\/image\/"}}]}},"uagb_featured_image_src":{"full":false,"thumbnail":false,"medium":false,"medium_large":false,"large":false,"1536x1536":false,"2048x2048":false,"img-1920x550":false,"img-1920x320":false,"img-1920x200":false,"img-670x480":false,"img-570x280":false,"img-507":false,"img-370x240":false,"img-400x250":false,"img-370x175":false,"img-370x120":false,"img-300":false,"img-170":false},"uagb_author_info":{"display_name":"Darja","author_link":"https:\/\/narvajoesuu.ee\/fi\/author\/darja\/"},"uagb_comment_info":0,"uagb_excerpt":"SPA-OHJELMA SIS\u00c4LT\u00c4\u00c4: Henkil\u00f6kohtainen hoitosuunnitelma sis\u00e4lt\u00e4\u00e4 2 hoitoa p\u00e4iv\u00e4ss\u00e4 seuraavasta valikoimasta: Hoitotoimenpiteiden lis\u00e4ksi ohjelmaan sis\u00e4ltyy: Hinta voimassa 30.12.2026 asti Normaalihinta23.12.26-30.12.26 Erikoishinta31.05.26...","_links":{"self":[{"href":"https:\/\/narvajoesuu.ee\/fi\/wp-json\/wp\/v2\/pages\/16885","targetHints":{"allow":["GET"]}}],"collection":[{"href":"https:\/\/narvajoesuu.ee\/fi\/wp-json\/wp\/v2\/pages"}],"about":[{"href":"https:\/\/narvajoesuu.ee\/fi\/wp-json\/wp\/v2\/types\/page"}],"author":[{"embeddable":true,"href":"https:\/\/narvajoesuu.ee\/fi\/wp-json\/wp\/v2\/users\/2"}],"replies":[{"embeddable":true,"href":"https:\/\/narvajoesuu.ee\/fi\/wp-json\/wp\/v2\/comments?post=16885"}],"version-history":[{"count":6,"href":"https:\/\/narvajoesuu.ee\/fi\/wp-json\/wp\/v2\/pages\/16885\/revisions"}],"predecessor-version":[{"id":23987,"href":"https:\/\/narvajoesuu.ee\/fi\/wp-json\/wp\/v2\/pages\/16885\/revisions\/23987"}],"up":[{"embeddable":true,"href":"https:\/\/narvajoesuu.ee\/fi\/wp-json\/wp\/v2\/pages\/10282"}],"wp:attachment":[{"href":"https:\/\/narvajoesuu.ee\/fi\/wp-json\/wp\/v2\/media?parent=16885"}],"curies":[{"name":"wp","href":"https:\/\/api.w.org\/{rel}","templated":true}]}}