{"id":16832,"date":"2023-09-21T09:35:18","date_gmt":"2023-09-21T06:35:18","guid":{"rendered":"https:\/\/narvajoesuu.ee\/?page_id=16832"},"modified":"2023-09-21T09:35:20","modified_gmt":"2023-09-21T06:35:20","slug":"keita-asiakkaamme-ovat","status":"publish","type":"page","link":"https:\/\/narvajoesuu.ee\/fi\/detox-keskus\/ennen-ja-jalkeen\/keita-asiakkaamme-ovat\/","title":{"rendered":"Keit\u00e4 asiakkaamme ovat?"},"content":{"rendered":"\n<p class=\"wp-el\">Toivotamme tervetulleeksi kaikki, jotka haluavat v\u00e4hent\u00e4\u00e4 stressi\u00e4 ja tehd\u00e4 el\u00e4m\u00e4st\u00e4\u00e4n terveellisemp\u00e4\u00e4.<\/p>\n\n\n\n<p class=\"wp-el\">Meill\u00e4 vierailee p\u00e4\u00e4asiassa:<\/p>\n\n\n\n<ul class=\"wp-el wp-block-list\">\n<li>ihmiset, jotka haluavat siirty\u00e4 terveellisemp\u00e4\u00e4n ruokavalioon, mutta joiden mielest\u00e4 on vaikea ottaa ensimm\u00e4ist\u00e4 askelta kotinsa seinien sis\u00e4ll\u00e4 (houkutukset, tuen puute jne.).<\/li>\n\n\n\n<li>ihmiset, jotka ovat esimerkiksi nauttineet liikaa makeisista, alkoholista tai rasvaisista ruoista lomalla tai yksinkertaisesti stressaavana aikana.<\/li>\n\n\n\n<li>ihmiset, jotka haluavat v\u00e4hent\u00e4\u00e4 stressi\u00e4 ja tuntea itsens\u00e4 j\u00e4lleen elinvoimaisiksi.&nbsp;<\/li>\n\n\n\n<li>ihmiset, jotka viett\u00e4v\u00e4t jo terveellist\u00e4 el\u00e4m\u00e4\u00e4 ja arvostavat sit\u00e4 suuresti. He tulevat t\u00e4nne rentoutumaan ja nauttimaan kulinaarisesta taiteesta ja miellytt\u00e4vist\u00e4 hoidoistamme.<\/li>\n<\/ul>\n\n\n\n<p class=\"wp-el\">Jos olet my\u00f6s kiinnostunut parantamaan el\u00e4m\u00e4nlaatuasi, v\u00e4hent\u00e4m\u00e4\u00e4n stressi\u00e4 ja parantamaan henkist\u00e4 ja fyysist\u00e4 kuntoa, tule k\u00e4ym\u00e4\u00e4n detox- ja antistressikeskuksessamme.<\/p>\n\n\n\n<p class=\"wp-el\"><em>*\u00a0Medical -kylpyl\u00e4ll\u00e4 on Viron terveysviraston my\u00f6nt\u00e4m\u00e4 lupa.<\/em><\/p>\n\n\n\n<hr class=\"wp-block-separator has-alpha-channel-opacity\"\/>\n\n\n\n<figure class=\"wp-block-gallery has-nested-images columns-default is-cropped wp-block-gallery-1 is-layout-flex wp-block-gallery-is-layout-flex\">\n<figure class=\"wp-block-image size-full\"><a href=\"https:\/\/narvajoesuu.ee\/wp-content\/uploads\/2022\/06\/2.png\"><img loading=\"lazy\" decoding=\"async\" width=\"1024\" height=\"614\" data-id=\"9664\" src=\"https:\/\/narvajoesuu.ee\/wp-content\/uploads\/2022\/06\/2.png\" alt=\"\" class=\"wp-image-9664\"\/><\/a><\/figure>\n\n\n\n<figure class=\"wp-block-image size-full\"><a href=\"https:\/\/narvajoesuu.ee\/wp-content\/uploads\/2022\/11\/\u0414\u0438\u0437\u0430\u0439\u043d-\u0431\u0435\u0437-\u043d\u0430\u0437\u0432\u0430\u043d\u0438\u044f-2022-11-04T150337.200.png\"><img loading=\"lazy\" decoding=\"async\" width=\"1024\" height=\"614\" data-id=\"13002\" src=\"https:\/\/narvajoesuu.ee\/wp-content\/uploads\/2022\/11\/\u0414\u0438\u0437\u0430\u0439\u043d-\u0431\u0435\u0437-\u043d\u0430\u0437\u0432\u0430\u043d\u0438\u044f-2022-11-04T150337.200.png\" alt=\"\" class=\"wp-image-13002\"\/><\/a><\/figure>\n\n\n\n<figure class=\"wp-block-image size-full\"><a href=\"https:\/\/narvajoesuu.ee\/wp-content\/uploads\/2022\/11\/\u0414\u0438\u0437\u0430\u0439\u043d-\u0431\u0435\u0437-\u043d\u0430\u0437\u0432\u0430\u043d\u0438\u044f-2022-11-04T150531.602.png\"><img loading=\"lazy\" decoding=\"async\" width=\"1024\" height=\"614\" data-id=\"13006\" src=\"https:\/\/narvajoesuu.ee\/wp-content\/uploads\/2022\/11\/\u0414\u0438\u0437\u0430\u0439\u043d-\u0431\u0435\u0437-\u043d\u0430\u0437\u0432\u0430\u043d\u0438\u044f-2022-11-04T150531.602.png\" alt=\"\" class=\"wp-image-13006\"\/><\/a><\/figure>\n\n\n\n<figure class=\"wp-block-image size-large\"><a href=\"https:\/\/narvajoesuu.ee\/wp-content\/uploads\/2022\/11\/2-1.png\"><img loading=\"lazy\" decoding=\"async\" width=\"1024\" height=\"614\" data-id=\"12990\" src=\"https:\/\/narvajoesuu.ee\/wp-content\/uploads\/2022\/11\/2-1.png\" alt=\"\" class=\"wp-image-12990\"\/><\/a><\/figure>\n\n\n\n<figure class=\"wp-block-image size-large\"><a href=\"https:\/\/narvajoesuu.ee\/wp-content\/uploads\/2022\/11\/\u0414\u0438\u0437\u0430\u0439\u043d-\u0431\u0435\u0437-\u043d\u0430\u0437\u0432\u0430\u043d\u0438\u044f-2022-11-04T150017.684.png\"><img loading=\"lazy\" decoding=\"async\" width=\"1024\" height=\"614\" data-id=\"12998\" src=\"https:\/\/narvajoesuu.ee\/wp-content\/uploads\/2022\/11\/\u0414\u0438\u0437\u0430\u0439\u043d-\u0431\u0435\u0437-\u043d\u0430\u0437\u0432\u0430\u043d\u0438\u044f-2022-11-04T150017.684.png\" alt=\"\" class=\"wp-image-12998\"\/><\/a><\/figure>\n\n\n\n<figure class=\"wp-block-image size-large\"><a href=\"https:\/\/narvajoesuu.ee\/wp-content\/uploads\/2022\/11\/3-1.png\"><img loading=\"lazy\" decoding=\"async\" width=\"1024\" height=\"614\" data-id=\"12994\" src=\"https:\/\/narvajoesuu.ee\/wp-content\/uploads\/2022\/11\/3-1.png\" alt=\"\" class=\"wp-image-12994\"\/><\/a><\/figure>\n<\/figure>\n","protected":false},"excerpt":{"rendered":"<p>Toivotamme tervetulleeksi kaikki, jotka haluavat v\u00e4hent\u00e4\u00e4 stressi\u00e4 ja tehd\u00e4 el\u00e4m\u00e4st\u00e4\u00e4n terveellisemp\u00e4\u00e4. Meill\u00e4 vierailee p\u00e4\u00e4asiassa: Jos olet my\u00f6s kiinnostunut parantamaan el\u00e4m\u00e4nlaatuasi,&#8230;<\/p>\n","protected":false},"author":2,"featured_media":0,"parent":10351,"menu_order":670,"comment_status":"closed","ping_status":"closed","template":"","meta":{"_acf_changed":false,"_uag_custom_page_level_css":"","_monsterinsights_skip_tracking":false,"_monsterinsights_sitenote_active":false,"_monsterinsights_sitenote_note":"","_monsterinsights_sitenote_category":0,"footnotes":""},"class_list":["post-16832","page","type-page","status-publish","hentry"],"acf":[],"yoast_head":"<!-- This site is optimized with the Yoast SEO plugin v27.5 - https:\/\/yoast.com\/product\/yoast-seo-wordpress\/ -->\n<title>Keit\u00e4 asiakkaamme ovat? - MEDICAL SPA NARVA-J\u00d5ESUU<\/title>\n<meta name=\"robots\" content=\"index, follow, max-snippet:-1, max-image-preview:large, max-video-preview:-1\" \/>\n<link rel=\"canonical\" href=\"https:\/\/narvajoesuu.ee\/fi\/detox-keskus\/detox-ohjelmat\/keita-asiakkaamme-ovat\/\" \/>\n<meta property=\"og:locale\" content=\"fi_FI\" \/>\n<meta property=\"og:type\" content=\"article\" \/>\n<meta property=\"og:title\" content=\"Keit\u00e4 asiakkaamme ovat? - MEDICAL SPA NARVA-J\u00d5ESUU\" \/>\n<meta property=\"og:description\" content=\"Toivotamme tervetulleeksi kaikki, jotka haluavat v\u00e4hent\u00e4\u00e4 stressi\u00e4 ja tehd\u00e4 el\u00e4m\u00e4st\u00e4\u00e4n terveellisemp\u00e4\u00e4. Meill\u00e4 vierailee p\u00e4\u00e4asiassa: Jos olet my\u00f6s kiinnostunut parantamaan el\u00e4m\u00e4nlaatuasi,...\" \/>\n<meta property=\"og:url\" content=\"https:\/\/narvajoesuu.ee\/fi\/detox-keskus\/detox-ohjelmat\/keita-asiakkaamme-ovat\/\" \/>\n<meta property=\"og:site_name\" content=\"MEDICAL SPA NARVA-J\u00d5ESUU\" \/>\n<meta property=\"article:modified_time\" content=\"2023-09-21T06:35:20+00:00\" \/>\n<meta property=\"og:image\" content=\"https:\/\/narvajoesuu.ee\/wp-content\/uploads\/2022\/06\/2.png\" \/>\n<meta name=\"twitter:card\" content=\"summary_large_image\" \/>\n<meta name=\"twitter:label1\" content=\"Arvioitu lukuaika\" \/>\n\t<meta name=\"twitter:data1\" content=\"1 minuutti\" \/>\n<script type=\"application\/ld+json\" class=\"yoast-schema-graph\">{\"@context\":\"https:\\\/\\\/schema.org\",\"@graph\":[{\"@type\":\"WebPage\",\"@id\":\"https:\\\/\\\/narvajoesuu.ee\\\/fi\\\/detox-keskus\\\/detox-ohjelmat\\\/keita-asiakkaamme-ovat\\\/\",\"url\":\"https:\\\/\\\/narvajoesuu.ee\\\/fi\\\/detox-keskus\\\/detox-ohjelmat\\\/keita-asiakkaamme-ovat\\\/\",\"name\":\"Keit\u00e4 asiakkaamme ovat? - MEDICAL SPA NARVA-J\u00d5ESUU\",\"isPartOf\":{\"@id\":\"https:\\\/\\\/narvajoesuu.ee\\\/#website\"},\"primaryImageOfPage\":{\"@id\":\"https:\\\/\\\/narvajoesuu.ee\\\/fi\\\/detox-keskus\\\/detox-ohjelmat\\\/keita-asiakkaamme-ovat\\\/#primaryimage\"},\"image\":{\"@id\":\"https:\\\/\\\/narvajoesuu.ee\\\/fi\\\/detox-keskus\\\/detox-ohjelmat\\\/keita-asiakkaamme-ovat\\\/#primaryimage\"},\"thumbnailUrl\":\"https:\\\/\\\/narvajoesuu.ee\\\/wp-content\\\/uploads\\\/2022\\\/06\\\/2.png\",\"datePublished\":\"2023-09-21T06:35:18+00:00\",\"dateModified\":\"2023-09-21T06:35:20+00:00\",\"breadcrumb\":{\"@id\":\"https:\\\/\\\/narvajoesuu.ee\\\/fi\\\/detox-keskus\\\/detox-ohjelmat\\\/keita-asiakkaamme-ovat\\\/#breadcrumb\"},\"inLanguage\":\"fi\",\"potentialAction\":[{\"@type\":\"ReadAction\",\"target\":[\"https:\\\/\\\/narvajoesuu.ee\\\/fi\\\/detox-keskus\\\/detox-ohjelmat\\\/keita-asiakkaamme-ovat\\\/\"]}]},{\"@type\":\"ImageObject\",\"inLanguage\":\"fi\",\"@id\":\"https:\\\/\\\/narvajoesuu.ee\\\/fi\\\/detox-keskus\\\/detox-ohjelmat\\\/keita-asiakkaamme-ovat\\\/#primaryimage\",\"url\":\"https:\\\/\\\/narvajoesuu.ee\\\/wp-content\\\/uploads\\\/2022\\\/06\\\/2.png\",\"contentUrl\":\"https:\\\/\\\/narvajoesuu.ee\\\/wp-content\\\/uploads\\\/2022\\\/06\\\/2.png\"},{\"@type\":\"BreadcrumbList\",\"@id\":\"https:\\\/\\\/narvajoesuu.ee\\\/fi\\\/detox-keskus\\\/detox-ohjelmat\\\/keita-asiakkaamme-ovat\\\/#breadcrumb\",\"itemListElement\":[{\"@type\":\"ListItem\",\"position\":1,\"name\":\"Home\",\"item\":\"https:\\\/\\\/narvajoesuu.ee\\\/fi\\\/\"},{\"@type\":\"ListItem\",\"position\":2,\"name\":\"Detox &#038; Antistress keskus\",\"item\":\"https:\\\/\\\/narvajoesuu.ee\\\/fi\\\/detox-keskus\\\/\"},{\"@type\":\"ListItem\",\"position\":3,\"name\":\"DETOX ja painonpudotuskeskus\",\"item\":\"https:\\\/\\\/narvajoesuu.ee\\\/fi\\\/detox-keskus\\\/detox-ohjelmat\\\/\"},{\"@type\":\"ListItem\",\"position\":4,\"name\":\"Keit\u00e4 asiakkaamme ovat?\"}]},{\"@type\":\"WebSite\",\"@id\":\"https:\\\/\\\/narvajoesuu.ee\\\/#website\",\"url\":\"https:\\\/\\\/narvajoesuu.ee\\\/\",\"name\":\"MEDICAL SPA NARVA-J\u00d5ESUU\",\"description\":\"\",\"publisher\":{\"@id\":\"https:\\\/\\\/narvajoesuu.ee\\\/#organization\"},\"potentialAction\":[{\"@type\":\"SearchAction\",\"target\":{\"@type\":\"EntryPoint\",\"urlTemplate\":\"https:\\\/\\\/narvajoesuu.ee\\\/?s={search_term_string}\"},\"query-input\":{\"@type\":\"PropertyValueSpecification\",\"valueRequired\":true,\"valueName\":\"search_term_string\"}}],\"inLanguage\":\"fi\"},{\"@type\":\"Organization\",\"@id\":\"https:\\\/\\\/narvajoesuu.ee\\\/#organization\",\"name\":\"Narva-J\u00f5esuu Medical SPA\",\"url\":\"https:\\\/\\\/narvajoesuu.ee\\\/\",\"logo\":{\"@type\":\"ImageObject\",\"inLanguage\":\"fi\",\"@id\":\"https:\\\/\\\/narvajoesuu.ee\\\/#\\\/schema\\\/logo\\\/image\\\/\",\"url\":\"https:\\\/\\\/narvajoesuu.ee\\\/wp-content\\\/uploads\\\/2020\\\/10\\\/narvajoesuu-logo-small.png\",\"contentUrl\":\"https:\\\/\\\/narvajoesuu.ee\\\/wp-content\\\/uploads\\\/2020\\\/10\\\/narvajoesuu-logo-small.png\",\"width\":170,\"height\":170,\"caption\":\"Narva-J\u00f5esuu Medical SPA\"},\"image\":{\"@id\":\"https:\\\/\\\/narvajoesuu.ee\\\/#\\\/schema\\\/logo\\\/image\\\/\"}}]}<\/script>\n<!-- \/ Yoast SEO plugin. -->","yoast_head_json":{"title":"Keit\u00e4 asiakkaamme ovat? - MEDICAL SPA NARVA-J\u00d5ESUU","robots":{"index":"index","follow":"follow","max-snippet":"max-snippet:-1","max-image-preview":"max-image-preview:large","max-video-preview":"max-video-preview:-1"},"canonical":"https:\/\/narvajoesuu.ee\/fi\/detox-keskus\/detox-ohjelmat\/keita-asiakkaamme-ovat\/","og_locale":"fi_FI","og_type":"article","og_title":"Keit\u00e4 asiakkaamme ovat? - MEDICAL SPA NARVA-J\u00d5ESUU","og_description":"Toivotamme tervetulleeksi kaikki, jotka haluavat v\u00e4hent\u00e4\u00e4 stressi\u00e4 ja tehd\u00e4 el\u00e4m\u00e4st\u00e4\u00e4n terveellisemp\u00e4\u00e4. Meill\u00e4 vierailee p\u00e4\u00e4asiassa: Jos olet my\u00f6s kiinnostunut parantamaan el\u00e4m\u00e4nlaatuasi,...","og_url":"https:\/\/narvajoesuu.ee\/fi\/detox-keskus\/detox-ohjelmat\/keita-asiakkaamme-ovat\/","og_site_name":"MEDICAL SPA NARVA-J\u00d5ESUU","article_modified_time":"2023-09-21T06:35:20+00:00","og_image":[{"url":"https:\/\/narvajoesuu.ee\/wp-content\/uploads\/2022\/06\/2.png","type":"","width":"","height":""}],"twitter_card":"summary_large_image","twitter_misc":{"Arvioitu lukuaika":"1 minuutti"},"schema":{"@context":"https:\/\/schema.org","@graph":[{"@type":"WebPage","@id":"https:\/\/narvajoesuu.ee\/fi\/detox-keskus\/detox-ohjelmat\/keita-asiakkaamme-ovat\/","url":"https:\/\/narvajoesuu.ee\/fi\/detox-keskus\/detox-ohjelmat\/keita-asiakkaamme-ovat\/","name":"Keit\u00e4 asiakkaamme ovat? - MEDICAL SPA NARVA-J\u00d5ESUU","isPartOf":{"@id":"https:\/\/narvajoesuu.ee\/#website"},"primaryImageOfPage":{"@id":"https:\/\/narvajoesuu.ee\/fi\/detox-keskus\/detox-ohjelmat\/keita-asiakkaamme-ovat\/#primaryimage"},"image":{"@id":"https:\/\/narvajoesuu.ee\/fi\/detox-keskus\/detox-ohjelmat\/keita-asiakkaamme-ovat\/#primaryimage"},"thumbnailUrl":"https:\/\/narvajoesuu.ee\/wp-content\/uploads\/2022\/06\/2.png","datePublished":"2023-09-21T06:35:18+00:00","dateModified":"2023-09-21T06:35:20+00:00","breadcrumb":{"@id":"https:\/\/narvajoesuu.ee\/fi\/detox-keskus\/detox-ohjelmat\/keita-asiakkaamme-ovat\/#breadcrumb"},"inLanguage":"fi","potentialAction":[{"@type":"ReadAction","target":["https:\/\/narvajoesuu.ee\/fi\/detox-keskus\/detox-ohjelmat\/keita-asiakkaamme-ovat\/"]}]},{"@type":"ImageObject","inLanguage":"fi","@id":"https:\/\/narvajoesuu.ee\/fi\/detox-keskus\/detox-ohjelmat\/keita-asiakkaamme-ovat\/#primaryimage","url":"https:\/\/narvajoesuu.ee\/wp-content\/uploads\/2022\/06\/2.png","contentUrl":"https:\/\/narvajoesuu.ee\/wp-content\/uploads\/2022\/06\/2.png"},{"@type":"BreadcrumbList","@id":"https:\/\/narvajoesuu.ee\/fi\/detox-keskus\/detox-ohjelmat\/keita-asiakkaamme-ovat\/#breadcrumb","itemListElement":[{"@type":"ListItem","position":1,"name":"Home","item":"https:\/\/narvajoesuu.ee\/fi\/"},{"@type":"ListItem","position":2,"name":"Detox &#038; Antistress keskus","item":"https:\/\/narvajoesuu.ee\/fi\/detox-keskus\/"},{"@type":"ListItem","position":3,"name":"DETOX ja painonpudotuskeskus","item":"https:\/\/narvajoesuu.ee\/fi\/detox-keskus\/detox-ohjelmat\/"},{"@type":"ListItem","position":4,"name":"Keit\u00e4 asiakkaamme ovat?"}]},{"@type":"WebSite","@id":"https:\/\/narvajoesuu.ee\/#website","url":"https:\/\/narvajoesuu.ee\/","name":"MEDICAL SPA NARVA-J\u00d5ESUU","description":"","publisher":{"@id":"https:\/\/narvajoesuu.ee\/#organization"},"potentialAction":[{"@type":"SearchAction","target":{"@type":"EntryPoint","urlTemplate":"https:\/\/narvajoesuu.ee\/?s={search_term_string}"},"query-input":{"@type":"PropertyValueSpecification","valueRequired":true,"valueName":"search_term_string"}}],"inLanguage":"fi"},{"@type":"Organization","@id":"https:\/\/narvajoesuu.ee\/#organization","name":"Narva-J\u00f5esuu Medical SPA","url":"https:\/\/narvajoesuu.ee\/","logo":{"@type":"ImageObject","inLanguage":"fi","@id":"https:\/\/narvajoesuu.ee\/#\/schema\/logo\/image\/","url":"https:\/\/narvajoesuu.ee\/wp-content\/uploads\/2020\/10\/narvajoesuu-logo-small.png","contentUrl":"https:\/\/narvajoesuu.ee\/wp-content\/uploads\/2020\/10\/narvajoesuu-logo-small.png","width":170,"height":170,"caption":"Narva-J\u00f5esuu Medical SPA"},"image":{"@id":"https:\/\/narvajoesuu.ee\/#\/schema\/logo\/image\/"}}]}},"uagb_featured_image_src":{"full":false,"thumbnail":false,"medium":false,"medium_large":false,"large":false,"1536x1536":false,"2048x2048":false,"img-1920x550":false,"img-1920x320":false,"img-1920x200":false,"img-670x480":false,"img-570x280":false,"img-507":false,"img-370x240":false,"img-400x250":false,"img-370x175":false,"img-370x120":false,"img-300":false,"img-170":false},"uagb_author_info":{"display_name":"Darja","author_link":"https:\/\/narvajoesuu.ee\/fi\/author\/darja\/"},"uagb_comment_info":0,"uagb_excerpt":"Toivotamme tervetulleeksi kaikki, jotka haluavat v\u00e4hent\u00e4\u00e4 stressi\u00e4 ja tehd\u00e4 el\u00e4m\u00e4st\u00e4\u00e4n terveellisemp\u00e4\u00e4. Meill\u00e4 vierailee p\u00e4\u00e4asiassa: Jos olet my\u00f6s kiinnostunut parantamaan el\u00e4m\u00e4nlaatuasi,...","_links":{"self":[{"href":"https:\/\/narvajoesuu.ee\/fi\/wp-json\/wp\/v2\/pages\/16832","targetHints":{"allow":["GET"]}}],"collection":[{"href":"https:\/\/narvajoesuu.ee\/fi\/wp-json\/wp\/v2\/pages"}],"about":[{"href":"https:\/\/narvajoesuu.ee\/fi\/wp-json\/wp\/v2\/types\/page"}],"author":[{"embeddable":true,"href":"https:\/\/narvajoesuu.ee\/fi\/wp-json\/wp\/v2\/users\/2"}],"replies":[{"embeddable":true,"href":"https:\/\/narvajoesuu.ee\/fi\/wp-json\/wp\/v2\/comments?post=16832"}],"version-history":[{"count":2,"href":"https:\/\/narvajoesuu.ee\/fi\/wp-json\/wp\/v2\/pages\/16832\/revisions"}],"predecessor-version":[{"id":17545,"href":"https:\/\/narvajoesuu.ee\/fi\/wp-json\/wp\/v2\/pages\/16832\/revisions\/17545"}],"up":[{"embeddable":true,"href":"https:\/\/narvajoesuu.ee\/fi\/wp-json\/wp\/v2\/pages\/10351"}],"wp:attachment":[{"href":"https:\/\/narvajoesuu.ee\/fi\/wp-json\/wp\/v2\/media?parent=16832"}],"curies":[{"name":"wp","href":"https:\/\/api.w.org\/{rel}","templated":true}]}}