{"id":16576,"date":"2023-09-19T13:42:04","date_gmt":"2023-09-19T10:42:04","guid":{"rendered":"https:\/\/narvajoesuu.ee\/?page_id=16576"},"modified":"2025-05-08T14:03:09","modified_gmt":"2025-05-08T11:03:09","slug":"trooppinen-huone-syva-rentoutuminen-ja-taydellinen-mielenrauha","status":"publish","type":"page","link":"https:\/\/narvajoesuu.ee\/fi\/kylpylaloma\/tehokkaat-ja-ainutlaatuiset-laitehoidot-kasvoille-ja-vartalolle\/trooppinen-huone-syva-rentoutuminen-ja-taydellinen-mielenrauha\/","title":{"rendered":"Trooppinen huone: syv\u00e4 rentoutuminen ja t\u00e4ydellinen mielenrauha"},"content":{"rendered":"\n<p class=\"wp-el\">Uudista kehosi ja mielesi uudessa trooppisessa huoneessamme. T\u00e4\u00e4ll\u00e4 voit ottaa omaa aikaa ja t\u00e4ytt\u00e4\u00e4 kehosi ja mielesi uudella energialla.<\/p>\n\n\n\n<figure class=\"wp-block-image size-full\"><img loading=\"lazy\" decoding=\"async\" width=\"1024\" height=\"450\" src=\"https:\/\/narvajoesuu.ee\/wp-content\/uploads\/2023\/08\/Troopikatuba.png\" alt=\"\" class=\"wp-image-16581\"\/><\/figure>\n\n\n\n<p class=\"wp-el\">Trooppisen huoneen innovatiivinen vesiaaltoj\u00e4rjestelm\u00e4 tarjoaa syv\u00e4n rentoutumisen ja auttaa saavuttamaan t\u00e4ydellisen mielenrauhan. Vau-efektin luo huoneessa oleva vesiputous. Miellytt\u00e4v\u00e4 valo ja trooppinen kasvillisuus luovat kes\u00e4n tunteen, olipa vuodenaika mik\u00e4 tahansa.<\/p>\n\n\n\n<p class=\"wp-el\">L\u00e4mmin vesis\u00e4nky tarjoaa rentouttavan hieronnan. J\u00e4nnitys, huoli ja stressi katoavat ja niiden tilalle tulevat syv\u00e4 rauha ja hyvinvointi.<\/p>\n\n\n\n<hr class=\"wp-block-separator has-text-color has-black-color has-css-opacity has-black-background-color has-background is-style-wide\"\/>\n\n\n\n<figure class=\"wp-block-table is-style-stripes\"><table><tbody><tr><td>Trooppinen huone kokemus (20 min)<\/td><td class=\"has-text-align-center\" data-align=\"center\"><em>35 \u20ac<\/em><\/td><\/tr><tr><td>Kuuri \u2013 3 kertaa erikoishintaan<\/td><td class=\"has-text-align-center\" data-align=\"center\"><em>60 \u20ac<\/em><\/td><\/tr><tr><td><em>Rentouttava kompleksi 2in1<\/em> <br>Trooppinen huone kokemus (20 min) + VR-kokemus (20 min)<\/td><td class=\"has-text-align-center\" data-align=\"center\"><em>45 \u20ac<\/em><\/td><\/tr><\/tbody><\/table><\/figure>\n\n\n<div class=\"b-block pad-top-30 pad-bottom-20\"><div class=\"p-emphasis b-part container-p0 p-emphasis--info\"><div>\n<div><b>Lis\u00e4tiedot ja varaukset:<\/b><\/div>\n<div>Puh:\u00a0<a href=\"tel:+372 35 99 523\">+372 35 99 523<\/a><br \/>\nS\u00e4hkoposti:\u00a0<a href=\"mailto:ilu@narvajoesuu.ee\">ilu@narvajoesuu.ee<\/a><\/div>\n<\/div>\n<div><\/div>\n<\/div><\/div>","protected":false},"excerpt":{"rendered":"<p>Uudista kehosi ja mielesi uudessa trooppisessa huoneessamme. T\u00e4\u00e4ll\u00e4 voit ottaa omaa aikaa ja t\u00e4ytt\u00e4\u00e4 kehosi ja mielesi uudella energialla. Trooppisen&#8230;<\/p>\n","protected":false},"author":2,"featured_media":0,"parent":10271,"menu_order":193,"comment_status":"closed","ping_status":"closed","template":"","meta":{"_acf_changed":false,"_uag_custom_page_level_css":"","_monsterinsights_skip_tracking":false,"_monsterinsights_sitenote_active":false,"_monsterinsights_sitenote_note":"","_monsterinsights_sitenote_category":0,"footnotes":""},"class_list":["post-16576","page","type-page","status-publish","hentry"],"acf":[],"yoast_head":"<!-- This site is optimized with the Yoast SEO plugin v27.4 - https:\/\/yoast.com\/product\/yoast-seo-wordpress\/ -->\n<title>Trooppinen huone: syv\u00e4 rentoutuminen ja t\u00e4ydellinen mielenrauha - MEDICAL SPA NARVA-J\u00d5ESUU<\/title>\n<meta name=\"robots\" content=\"index, follow, max-snippet:-1, max-image-preview:large, max-video-preview:-1\" \/>\n<link rel=\"canonical\" href=\"https:\/\/narvajoesuu.ee\/fi\/kylpylaloma\/tehokkaat-ja-ainutlaatuiset-laitehoidot-kasvoille-ja-vartalolle\/trooppinen-huone-syva-rentoutuminen-ja-taydellinen-mielenrauha\/\" \/>\n<meta property=\"og:locale\" content=\"fi_FI\" \/>\n<meta property=\"og:type\" content=\"article\" \/>\n<meta property=\"og:title\" content=\"Trooppinen huone: syv\u00e4 rentoutuminen ja t\u00e4ydellinen mielenrauha - MEDICAL SPA NARVA-J\u00d5ESUU\" \/>\n<meta property=\"og:description\" content=\"Uudista kehosi ja mielesi uudessa trooppisessa huoneessamme. T\u00e4\u00e4ll\u00e4 voit ottaa omaa aikaa ja t\u00e4ytt\u00e4\u00e4 kehosi ja mielesi uudella energialla. Trooppisen...\" \/>\n<meta property=\"og:url\" content=\"https:\/\/narvajoesuu.ee\/fi\/kylpylaloma\/tehokkaat-ja-ainutlaatuiset-laitehoidot-kasvoille-ja-vartalolle\/trooppinen-huone-syva-rentoutuminen-ja-taydellinen-mielenrauha\/\" \/>\n<meta property=\"og:site_name\" content=\"MEDICAL SPA NARVA-J\u00d5ESUU\" \/>\n<meta property=\"article:modified_time\" content=\"2025-05-08T11:03:09+00:00\" \/>\n<meta property=\"og:image\" content=\"https:\/\/narvajoesuu.ee\/wp-content\/uploads\/2023\/08\/Troopikatuba.png\" \/>\n\t<meta property=\"og:image:width\" content=\"1024\" \/>\n\t<meta property=\"og:image:height\" content=\"450\" \/>\n\t<meta property=\"og:image:type\" content=\"image\/png\" \/>\n<meta name=\"twitter:card\" content=\"summary_large_image\" \/>\n<meta name=\"twitter:label1\" content=\"Arvioitu lukuaika\" \/>\n\t<meta name=\"twitter:data1\" content=\"2 minuuttia\" \/>\n<script type=\"application\/ld+json\" class=\"yoast-schema-graph\">{\"@context\":\"https:\\\/\\\/schema.org\",\"@graph\":[{\"@type\":\"WebPage\",\"@id\":\"https:\\\/\\\/narvajoesuu.ee\\\/fi\\\/kylpylaloma\\\/tehokkaat-ja-ainutlaatuiset-laitehoidot-kasvoille-ja-vartalolle\\\/trooppinen-huone-syva-rentoutuminen-ja-taydellinen-mielenrauha\\\/\",\"url\":\"https:\\\/\\\/narvajoesuu.ee\\\/fi\\\/kylpylaloma\\\/tehokkaat-ja-ainutlaatuiset-laitehoidot-kasvoille-ja-vartalolle\\\/trooppinen-huone-syva-rentoutuminen-ja-taydellinen-mielenrauha\\\/\",\"name\":\"Trooppinen huone: syv\u00e4 rentoutuminen ja t\u00e4ydellinen mielenrauha - MEDICAL SPA NARVA-J\u00d5ESUU\",\"isPartOf\":{\"@id\":\"https:\\\/\\\/narvajoesuu.ee\\\/#website\"},\"primaryImageOfPage\":{\"@id\":\"https:\\\/\\\/narvajoesuu.ee\\\/fi\\\/kylpylaloma\\\/tehokkaat-ja-ainutlaatuiset-laitehoidot-kasvoille-ja-vartalolle\\\/trooppinen-huone-syva-rentoutuminen-ja-taydellinen-mielenrauha\\\/#primaryimage\"},\"image\":{\"@id\":\"https:\\\/\\\/narvajoesuu.ee\\\/fi\\\/kylpylaloma\\\/tehokkaat-ja-ainutlaatuiset-laitehoidot-kasvoille-ja-vartalolle\\\/trooppinen-huone-syva-rentoutuminen-ja-taydellinen-mielenrauha\\\/#primaryimage\"},\"thumbnailUrl\":\"https:\\\/\\\/narvajoesuu.ee\\\/wp-content\\\/uploads\\\/2023\\\/08\\\/Troopikatuba.png\",\"datePublished\":\"2023-09-19T10:42:04+00:00\",\"dateModified\":\"2025-05-08T11:03:09+00:00\",\"breadcrumb\":{\"@id\":\"https:\\\/\\\/narvajoesuu.ee\\\/fi\\\/kylpylaloma\\\/tehokkaat-ja-ainutlaatuiset-laitehoidot-kasvoille-ja-vartalolle\\\/trooppinen-huone-syva-rentoutuminen-ja-taydellinen-mielenrauha\\\/#breadcrumb\"},\"inLanguage\":\"fi\",\"potentialAction\":[{\"@type\":\"ReadAction\",\"target\":[\"https:\\\/\\\/narvajoesuu.ee\\\/fi\\\/kylpylaloma\\\/tehokkaat-ja-ainutlaatuiset-laitehoidot-kasvoille-ja-vartalolle\\\/trooppinen-huone-syva-rentoutuminen-ja-taydellinen-mielenrauha\\\/\"]}]},{\"@type\":\"ImageObject\",\"inLanguage\":\"fi\",\"@id\":\"https:\\\/\\\/narvajoesuu.ee\\\/fi\\\/kylpylaloma\\\/tehokkaat-ja-ainutlaatuiset-laitehoidot-kasvoille-ja-vartalolle\\\/trooppinen-huone-syva-rentoutuminen-ja-taydellinen-mielenrauha\\\/#primaryimage\",\"url\":\"https:\\\/\\\/narvajoesuu.ee\\\/wp-content\\\/uploads\\\/2023\\\/08\\\/Troopikatuba.png\",\"contentUrl\":\"https:\\\/\\\/narvajoesuu.ee\\\/wp-content\\\/uploads\\\/2023\\\/08\\\/Troopikatuba.png\"},{\"@type\":\"BreadcrumbList\",\"@id\":\"https:\\\/\\\/narvajoesuu.ee\\\/fi\\\/kylpylaloma\\\/tehokkaat-ja-ainutlaatuiset-laitehoidot-kasvoille-ja-vartalolle\\\/trooppinen-huone-syva-rentoutuminen-ja-taydellinen-mielenrauha\\\/#breadcrumb\",\"itemListElement\":[{\"@type\":\"ListItem\",\"position\":1,\"name\":\"Home\",\"item\":\"https:\\\/\\\/narvajoesuu.ee\\\/fi\\\/\"},{\"@type\":\"ListItem\",\"position\":2,\"name\":\"Kylpyl\u00e4loma\",\"item\":\"https:\\\/\\\/narvajoesuu.ee\\\/fi\\\/kylpylaloma\\\/\"},{\"@type\":\"ListItem\",\"position\":3,\"name\":\"Kosmeettisia ja l\u00e4\u00e4ketieteellisi\u00e4 uutuuksia nuoruuden, laihdutuksen, kauneuden ja terveyden tukemiseksi\",\"item\":\"https:\\\/\\\/narvajoesuu.ee\\\/fi\\\/kylpylaloma\\\/tehokkaat-ja-ainutlaatuiset-laitehoidot-kasvoille-ja-vartalolle\\\/\"},{\"@type\":\"ListItem\",\"position\":4,\"name\":\"Trooppinen huone: syv\u00e4 rentoutuminen ja t\u00e4ydellinen mielenrauha\"}]},{\"@type\":\"WebSite\",\"@id\":\"https:\\\/\\\/narvajoesuu.ee\\\/#website\",\"url\":\"https:\\\/\\\/narvajoesuu.ee\\\/\",\"name\":\"MEDICAL SPA NARVA-J\u00d5ESUU\",\"description\":\"\",\"publisher\":{\"@id\":\"https:\\\/\\\/narvajoesuu.ee\\\/#organization\"},\"potentialAction\":[{\"@type\":\"SearchAction\",\"target\":{\"@type\":\"EntryPoint\",\"urlTemplate\":\"https:\\\/\\\/narvajoesuu.ee\\\/?s={search_term_string}\"},\"query-input\":{\"@type\":\"PropertyValueSpecification\",\"valueRequired\":true,\"valueName\":\"search_term_string\"}}],\"inLanguage\":\"fi\"},{\"@type\":\"Organization\",\"@id\":\"https:\\\/\\\/narvajoesuu.ee\\\/#organization\",\"name\":\"Narva-J\u00f5esuu Medical SPA\",\"url\":\"https:\\\/\\\/narvajoesuu.ee\\\/\",\"logo\":{\"@type\":\"ImageObject\",\"inLanguage\":\"fi\",\"@id\":\"https:\\\/\\\/narvajoesuu.ee\\\/#\\\/schema\\\/logo\\\/image\\\/\",\"url\":\"https:\\\/\\\/narvajoesuu.ee\\\/wp-content\\\/uploads\\\/2020\\\/10\\\/narvajoesuu-logo-small.png\",\"contentUrl\":\"https:\\\/\\\/narvajoesuu.ee\\\/wp-content\\\/uploads\\\/2020\\\/10\\\/narvajoesuu-logo-small.png\",\"width\":170,\"height\":170,\"caption\":\"Narva-J\u00f5esuu Medical SPA\"},\"image\":{\"@id\":\"https:\\\/\\\/narvajoesuu.ee\\\/#\\\/schema\\\/logo\\\/image\\\/\"}}]}<\/script>\n<!-- \/ Yoast SEO plugin. -->","yoast_head_json":{"title":"Trooppinen huone: syv\u00e4 rentoutuminen ja t\u00e4ydellinen mielenrauha - MEDICAL SPA NARVA-J\u00d5ESUU","robots":{"index":"index","follow":"follow","max-snippet":"max-snippet:-1","max-image-preview":"max-image-preview:large","max-video-preview":"max-video-preview:-1"},"canonical":"https:\/\/narvajoesuu.ee\/fi\/kylpylaloma\/tehokkaat-ja-ainutlaatuiset-laitehoidot-kasvoille-ja-vartalolle\/trooppinen-huone-syva-rentoutuminen-ja-taydellinen-mielenrauha\/","og_locale":"fi_FI","og_type":"article","og_title":"Trooppinen huone: syv\u00e4 rentoutuminen ja t\u00e4ydellinen mielenrauha - MEDICAL SPA NARVA-J\u00d5ESUU","og_description":"Uudista kehosi ja mielesi uudessa trooppisessa huoneessamme. T\u00e4\u00e4ll\u00e4 voit ottaa omaa aikaa ja t\u00e4ytt\u00e4\u00e4 kehosi ja mielesi uudella energialla. Trooppisen...","og_url":"https:\/\/narvajoesuu.ee\/fi\/kylpylaloma\/tehokkaat-ja-ainutlaatuiset-laitehoidot-kasvoille-ja-vartalolle\/trooppinen-huone-syva-rentoutuminen-ja-taydellinen-mielenrauha\/","og_site_name":"MEDICAL SPA NARVA-J\u00d5ESUU","article_modified_time":"2025-05-08T11:03:09+00:00","og_image":[{"width":1024,"height":450,"url":"https:\/\/narvajoesuu.ee\/wp-content\/uploads\/2023\/08\/Troopikatuba.png","type":"image\/png"}],"twitter_card":"summary_large_image","twitter_misc":{"Arvioitu lukuaika":"2 minuuttia"},"schema":{"@context":"https:\/\/schema.org","@graph":[{"@type":"WebPage","@id":"https:\/\/narvajoesuu.ee\/fi\/kylpylaloma\/tehokkaat-ja-ainutlaatuiset-laitehoidot-kasvoille-ja-vartalolle\/trooppinen-huone-syva-rentoutuminen-ja-taydellinen-mielenrauha\/","url":"https:\/\/narvajoesuu.ee\/fi\/kylpylaloma\/tehokkaat-ja-ainutlaatuiset-laitehoidot-kasvoille-ja-vartalolle\/trooppinen-huone-syva-rentoutuminen-ja-taydellinen-mielenrauha\/","name":"Trooppinen huone: syv\u00e4 rentoutuminen ja t\u00e4ydellinen mielenrauha - MEDICAL SPA NARVA-J\u00d5ESUU","isPartOf":{"@id":"https:\/\/narvajoesuu.ee\/#website"},"primaryImageOfPage":{"@id":"https:\/\/narvajoesuu.ee\/fi\/kylpylaloma\/tehokkaat-ja-ainutlaatuiset-laitehoidot-kasvoille-ja-vartalolle\/trooppinen-huone-syva-rentoutuminen-ja-taydellinen-mielenrauha\/#primaryimage"},"image":{"@id":"https:\/\/narvajoesuu.ee\/fi\/kylpylaloma\/tehokkaat-ja-ainutlaatuiset-laitehoidot-kasvoille-ja-vartalolle\/trooppinen-huone-syva-rentoutuminen-ja-taydellinen-mielenrauha\/#primaryimage"},"thumbnailUrl":"https:\/\/narvajoesuu.ee\/wp-content\/uploads\/2023\/08\/Troopikatuba.png","datePublished":"2023-09-19T10:42:04+00:00","dateModified":"2025-05-08T11:03:09+00:00","breadcrumb":{"@id":"https:\/\/narvajoesuu.ee\/fi\/kylpylaloma\/tehokkaat-ja-ainutlaatuiset-laitehoidot-kasvoille-ja-vartalolle\/trooppinen-huone-syva-rentoutuminen-ja-taydellinen-mielenrauha\/#breadcrumb"},"inLanguage":"fi","potentialAction":[{"@type":"ReadAction","target":["https:\/\/narvajoesuu.ee\/fi\/kylpylaloma\/tehokkaat-ja-ainutlaatuiset-laitehoidot-kasvoille-ja-vartalolle\/trooppinen-huone-syva-rentoutuminen-ja-taydellinen-mielenrauha\/"]}]},{"@type":"ImageObject","inLanguage":"fi","@id":"https:\/\/narvajoesuu.ee\/fi\/kylpylaloma\/tehokkaat-ja-ainutlaatuiset-laitehoidot-kasvoille-ja-vartalolle\/trooppinen-huone-syva-rentoutuminen-ja-taydellinen-mielenrauha\/#primaryimage","url":"https:\/\/narvajoesuu.ee\/wp-content\/uploads\/2023\/08\/Troopikatuba.png","contentUrl":"https:\/\/narvajoesuu.ee\/wp-content\/uploads\/2023\/08\/Troopikatuba.png"},{"@type":"BreadcrumbList","@id":"https:\/\/narvajoesuu.ee\/fi\/kylpylaloma\/tehokkaat-ja-ainutlaatuiset-laitehoidot-kasvoille-ja-vartalolle\/trooppinen-huone-syva-rentoutuminen-ja-taydellinen-mielenrauha\/#breadcrumb","itemListElement":[{"@type":"ListItem","position":1,"name":"Home","item":"https:\/\/narvajoesuu.ee\/fi\/"},{"@type":"ListItem","position":2,"name":"Kylpyl\u00e4loma","item":"https:\/\/narvajoesuu.ee\/fi\/kylpylaloma\/"},{"@type":"ListItem","position":3,"name":"Kosmeettisia ja l\u00e4\u00e4ketieteellisi\u00e4 uutuuksia nuoruuden, laihdutuksen, kauneuden ja terveyden tukemiseksi","item":"https:\/\/narvajoesuu.ee\/fi\/kylpylaloma\/tehokkaat-ja-ainutlaatuiset-laitehoidot-kasvoille-ja-vartalolle\/"},{"@type":"ListItem","position":4,"name":"Trooppinen huone: syv\u00e4 rentoutuminen ja t\u00e4ydellinen mielenrauha"}]},{"@type":"WebSite","@id":"https:\/\/narvajoesuu.ee\/#website","url":"https:\/\/narvajoesuu.ee\/","name":"MEDICAL SPA NARVA-J\u00d5ESUU","description":"","publisher":{"@id":"https:\/\/narvajoesuu.ee\/#organization"},"potentialAction":[{"@type":"SearchAction","target":{"@type":"EntryPoint","urlTemplate":"https:\/\/narvajoesuu.ee\/?s={search_term_string}"},"query-input":{"@type":"PropertyValueSpecification","valueRequired":true,"valueName":"search_term_string"}}],"inLanguage":"fi"},{"@type":"Organization","@id":"https:\/\/narvajoesuu.ee\/#organization","name":"Narva-J\u00f5esuu Medical SPA","url":"https:\/\/narvajoesuu.ee\/","logo":{"@type":"ImageObject","inLanguage":"fi","@id":"https:\/\/narvajoesuu.ee\/#\/schema\/logo\/image\/","url":"https:\/\/narvajoesuu.ee\/wp-content\/uploads\/2020\/10\/narvajoesuu-logo-small.png","contentUrl":"https:\/\/narvajoesuu.ee\/wp-content\/uploads\/2020\/10\/narvajoesuu-logo-small.png","width":170,"height":170,"caption":"Narva-J\u00f5esuu Medical SPA"},"image":{"@id":"https:\/\/narvajoesuu.ee\/#\/schema\/logo\/image\/"}}]}},"uagb_featured_image_src":{"full":false,"thumbnail":false,"medium":false,"medium_large":false,"large":false,"1536x1536":false,"2048x2048":false,"img-1920x550":false,"img-1920x320":false,"img-1920x200":false,"img-670x480":false,"img-570x280":false,"img-507":false,"img-370x240":false,"img-400x250":false,"img-370x175":false,"img-370x120":false,"img-300":false,"img-170":false},"uagb_author_info":{"display_name":"Darja","author_link":"https:\/\/narvajoesuu.ee\/fi\/author\/darja\/"},"uagb_comment_info":0,"uagb_excerpt":"Uudista kehosi ja mielesi uudessa trooppisessa huoneessamme. T\u00e4\u00e4ll\u00e4 voit ottaa omaa aikaa ja t\u00e4ytt\u00e4\u00e4 kehosi ja mielesi uudella energialla. Trooppisen...","_links":{"self":[{"href":"https:\/\/narvajoesuu.ee\/fi\/wp-json\/wp\/v2\/pages\/16576","targetHints":{"allow":["GET"]}}],"collection":[{"href":"https:\/\/narvajoesuu.ee\/fi\/wp-json\/wp\/v2\/pages"}],"about":[{"href":"https:\/\/narvajoesuu.ee\/fi\/wp-json\/wp\/v2\/types\/page"}],"author":[{"embeddable":true,"href":"https:\/\/narvajoesuu.ee\/fi\/wp-json\/wp\/v2\/users\/2"}],"replies":[{"embeddable":true,"href":"https:\/\/narvajoesuu.ee\/fi\/wp-json\/wp\/v2\/comments?post=16576"}],"version-history":[{"count":6,"href":"https:\/\/narvajoesuu.ee\/fi\/wp-json\/wp\/v2\/pages\/16576\/revisions"}],"predecessor-version":[{"id":20666,"href":"https:\/\/narvajoesuu.ee\/fi\/wp-json\/wp\/v2\/pages\/16576\/revisions\/20666"}],"up":[{"embeddable":true,"href":"https:\/\/narvajoesuu.ee\/fi\/wp-json\/wp\/v2\/pages\/10271"}],"wp:attachment":[{"href":"https:\/\/narvajoesuu.ee\/fi\/wp-json\/wp\/v2\/media?parent=16576"}],"curies":[{"name":"wp","href":"https:\/\/api.w.org\/{rel}","templated":true}]}}