{"id":16232,"date":"2023-09-20T15:35:39","date_gmt":"2023-09-20T12:35:39","guid":{"rendered":"https:\/\/narvajoesuu.ee\/?page_id=16232"},"modified":"2023-09-20T15:35:40","modified_gmt":"2023-09-20T12:35:40","slug":"n-o-logy-stendo-pulsewave-laitehoito-uudistuksellinen-pneumokompressiomenetelma","status":"publish","type":"page","link":"https:\/\/narvajoesuu.ee\/fi\/kylpylaloma\/tehokkaat-ja-ainutlaatuiset-laitehoidot-kasvoille-ja-vartalolle\/n-o-logy-stendo-pulsewave-laitehoito-uudistuksellinen-pneumokompressiomenetelma\/","title":{"rendered":"N.O.logy\u00ae Stendo Pulsewave-laitehoito (uudistuksellinen pneumokompressiomenetelm\u00e4)"},"content":{"rendered":"\n<p class=\"wp-el\">Ainutlaatuinen laite, luokassaan johtava, joka perustuu Nobel-palkintoon, joka my\u00f6nnettiin vuonna 1998 typpioksidin (NO) molekyylin ja sen monitahoisen roolin l\u00f6yt\u00e4misest\u00e4 kehossa. T\u00e4t\u00e4 patentoitua, ainutlaatuista tekniikkaa k\u00e4ytet\u00e4\u00e4n ainoassa laitteessa maailmassa, joka lis\u00e4\u00e4 kehon typpioksidin, terveysmolekyylimme, tuotantoa.<\/p>\n\n\n\n<p class=\"wp-el\">Typpioksidi (NO) edist\u00e4\u00e4 verisuonten laajentumista, lis\u00e4\u00e4 veren happipitoisuutta, est\u00e4\u00e4 veritulppien muodostumista ja v\u00e4hent\u00e4\u00e4 stressihormonien haitallisia vaikutuksia.<\/p>\n\n\n\n<figure class=\"wp-block-image size-full\"><img loading=\"lazy\" decoding=\"async\" width=\"1024\" height=\"540\" src=\"https:\/\/narvajoesuu.ee\/wp-content\/uploads\/2023\/07\/\u0414\u0438\u0437\u0430\u0439\u043d-\u0431\u0435\u0437-\u043d\u0430\u0437\u0432\u0430\u043d\u0438\u044f-94.png\" alt=\"\" class=\"wp-image-16235\"\/><\/figure>\n\n\n\n<p class=\"wp-el\">Toimenpiteiden avulla parannat kehoasi sis\u00e4lt\u00e4p\u00e4in, mik\u00e4 on t\u00e4rke\u00e4 tekij\u00e4 pitk\u00e4ik\u00e4isyyden varmistamisessa. Emme voi pys\u00e4ytt\u00e4\u00e4 ik\u00e4\u00e4ntymist\u00e4, mutta voimme hidastaa sit\u00e4 huolehtimalla kehostamme. T\u00e4m\u00e4 laite on hyv\u00e4 valinta, jos haluat antaa kehollesi parasta.<\/p>\n\n\n\n<p class=\"wp-el\">Toimenpide parantaa veren mikroverenkiertoa, palauttaa verisuonten kiinteyden, sill\u00e4 on parantava ja selluliittia ehk\u00e4isev\u00e4 vaikutus, se v\u00e4hent\u00e4\u00e4 imusolmukkeiden tukkeumia ja turvotusta. Lis\u00e4ksi laite sopeutuu toimenpiteen aikana jokaisen asiakkaan sykkeeseen ja syd\u00e4men rytmiin ja t\u00e4m\u00e4n ansiosta asiakas rentoutuu rytmisiss\u00e4 supistuksissa ja nauttii toimenpiteest\u00e4.<\/p>\n\n\n\n<hr class=\"wp-block-separator has-alpha-channel-opacity\"\/>\n\n\n\n<figure class=\"wp-block-table is-style-stripes\"><table class=\"has-fixed-layout\"><tbody><tr><td>N.O.logy\u00ae Stendo Pulsewav&nbsp;(20 min)&nbsp;<\/td><td class=\"has-text-align-center\" data-align=\"center\"><em>20 \u20ac<\/em><\/td><\/tr><tr><td><em>Kuuri \u2013 5 kertaa erikoishintaan (20 min) <\/em><\/td><td class=\"has-text-align-center\" data-align=\"center\"><em>80 \u20ac<\/em><\/td><\/tr><tr><td>N.O.logy\u00ae Stendo Pulsewav&nbsp;(30 min)&nbsp;<\/td><td class=\"has-text-align-center\" data-align=\"center\"><em>25 \u20ac<\/em><\/td><\/tr><tr><td><em><em><em>Kuuri \u2013 5 kertaa erikoishintaan<\/em><\/em>\u00a0(30 min) <\/em><\/td><td class=\"has-text-align-center\" data-align=\"center\"><em>100 \u20ac<\/em><\/td><\/tr><tr><td>N.O.logy\u00ae Stendo Pulsewav&nbsp;(40 min)&nbsp;<\/td><td class=\"has-text-align-center\" data-align=\"center\"><em>30 \u20ac<\/em><\/td><\/tr><tr><td>N.O.logy\u00ae Stendo Pulsewav&nbsp;(60 min)<\/td><td class=\"has-text-align-center\" data-align=\"center\"><em>35 \u20ac<\/em><\/td><\/tr><\/tbody><\/table><\/figure>\n\n\n<div class=\"b-block pad-top-30 pad-bottom-20\"><div class=\"p-emphasis b-part container-p0 p-emphasis--info\"><div>\n<div><b>Lis\u00e4tiedot ja varaukset:<\/b><\/div>\n<div>Puh:\u00a0+372 35 99 523<br \/>\nS\u00e4hkoposti:\u00a0ilu@narvajoesuu.ee<\/div>\n<\/div>\n<div><\/div>\n<\/div><\/div>","protected":false},"excerpt":{"rendered":"<p>Ainutlaatuinen laite, luokassaan johtava, joka perustuu Nobel-palkintoon, joka my\u00f6nnettiin vuonna 1998 typpioksidin (NO) molekyylin ja sen monitahoisen roolin l\u00f6yt\u00e4misest\u00e4 kehossa&#8230;.<\/p>\n","protected":false},"author":2,"featured_media":0,"parent":10271,"menu_order":231,"comment_status":"closed","ping_status":"closed","template":"","meta":{"_acf_changed":false,"_uag_custom_page_level_css":"","_monsterinsights_skip_tracking":false,"_monsterinsights_sitenote_active":false,"_monsterinsights_sitenote_note":"","_monsterinsights_sitenote_category":0,"footnotes":""},"class_list":["post-16232","page","type-page","status-publish","hentry"],"acf":[],"yoast_head":"<!-- This site is optimized with the Yoast SEO plugin v27.6 - https:\/\/yoast.com\/product\/yoast-seo-wordpress\/ -->\n<title>N.O.logy\u00ae Stendo Pulsewave-laitehoito (uudistuksellinen pneumokompressiomenetelm\u00e4) - MEDICAL SPA NARVA-J\u00d5ESUU<\/title>\n<meta name=\"robots\" content=\"index, follow, max-snippet:-1, max-image-preview:large, max-video-preview:-1\" \/>\n<link rel=\"canonical\" href=\"https:\/\/narvajoesuu.ee\/fi\/kylpylaloma\/tehokkaat-ja-ainutlaatuiset-laitehoidot-kasvoille-ja-vartalolle\/n-o-logy-stendo-pulsewave-laitehoito-uudistuksellinen-pneumokompressiomenetelma\/\" \/>\n<meta property=\"og:locale\" content=\"fi_FI\" \/>\n<meta property=\"og:type\" content=\"article\" \/>\n<meta property=\"og:title\" content=\"N.O.logy\u00ae Stendo Pulsewave-laitehoito (uudistuksellinen pneumokompressiomenetelm\u00e4) - MEDICAL SPA NARVA-J\u00d5ESUU\" \/>\n<meta property=\"og:description\" content=\"Ainutlaatuinen laite, luokassaan johtava, joka perustuu Nobel-palkintoon, joka my\u00f6nnettiin vuonna 1998 typpioksidin (NO) molekyylin ja sen monitahoisen roolin l\u00f6yt\u00e4misest\u00e4 kehossa....\" \/>\n<meta property=\"og:url\" content=\"https:\/\/narvajoesuu.ee\/fi\/kylpylaloma\/tehokkaat-ja-ainutlaatuiset-laitehoidot-kasvoille-ja-vartalolle\/n-o-logy-stendo-pulsewave-laitehoito-uudistuksellinen-pneumokompressiomenetelma\/\" \/>\n<meta property=\"og:site_name\" content=\"MEDICAL SPA NARVA-J\u00d5ESUU\" \/>\n<meta property=\"article:modified_time\" content=\"2023-09-20T12:35:40+00:00\" \/>\n<meta property=\"og:image\" content=\"https:\/\/narvajoesuu.ee\/wp-content\/uploads\/2021\/12\/Maja-pilt.png\" \/>\n\t<meta property=\"og:image:width\" content=\"1200\" \/>\n\t<meta property=\"og:image:height\" content=\"630\" \/>\n\t<meta property=\"og:image:type\" content=\"image\/png\" \/>\n<meta name=\"twitter:card\" content=\"summary_large_image\" \/>\n<meta name=\"twitter:label1\" content=\"Arvioitu lukuaika\" \/>\n\t<meta name=\"twitter:data1\" content=\"2 minuuttia\" \/>\n<script type=\"application\/ld+json\" class=\"yoast-schema-graph\">{\"@context\":\"https:\\\/\\\/schema.org\",\"@graph\":[{\"@type\":\"WebPage\",\"@id\":\"https:\\\/\\\/narvajoesuu.ee\\\/fi\\\/kylpylaloma\\\/tehokkaat-ja-ainutlaatuiset-laitehoidot-kasvoille-ja-vartalolle\\\/n-o-logy-stendo-pulsewave-laitehoito-uudistuksellinen-pneumokompressiomenetelma\\\/\",\"url\":\"https:\\\/\\\/narvajoesuu.ee\\\/fi\\\/kylpylaloma\\\/tehokkaat-ja-ainutlaatuiset-laitehoidot-kasvoille-ja-vartalolle\\\/n-o-logy-stendo-pulsewave-laitehoito-uudistuksellinen-pneumokompressiomenetelma\\\/\",\"name\":\"N.O.logy\u00ae Stendo Pulsewave-laitehoito (uudistuksellinen pneumokompressiomenetelm\u00e4) - MEDICAL SPA NARVA-J\u00d5ESUU\",\"isPartOf\":{\"@id\":\"https:\\\/\\\/narvajoesuu.ee\\\/#website\"},\"datePublished\":\"2023-09-20T12:35:39+00:00\",\"dateModified\":\"2023-09-20T12:35:40+00:00\",\"breadcrumb\":{\"@id\":\"https:\\\/\\\/narvajoesuu.ee\\\/fi\\\/kylpylaloma\\\/tehokkaat-ja-ainutlaatuiset-laitehoidot-kasvoille-ja-vartalolle\\\/n-o-logy-stendo-pulsewave-laitehoito-uudistuksellinen-pneumokompressiomenetelma\\\/#breadcrumb\"},\"inLanguage\":\"fi\",\"potentialAction\":[{\"@type\":\"ReadAction\",\"target\":[\"https:\\\/\\\/narvajoesuu.ee\\\/fi\\\/kylpylaloma\\\/tehokkaat-ja-ainutlaatuiset-laitehoidot-kasvoille-ja-vartalolle\\\/n-o-logy-stendo-pulsewave-laitehoito-uudistuksellinen-pneumokompressiomenetelma\\\/\"]}]},{\"@type\":\"BreadcrumbList\",\"@id\":\"https:\\\/\\\/narvajoesuu.ee\\\/fi\\\/kylpylaloma\\\/tehokkaat-ja-ainutlaatuiset-laitehoidot-kasvoille-ja-vartalolle\\\/n-o-logy-stendo-pulsewave-laitehoito-uudistuksellinen-pneumokompressiomenetelma\\\/#breadcrumb\",\"itemListElement\":[{\"@type\":\"ListItem\",\"position\":1,\"name\":\"Home\",\"item\":\"https:\\\/\\\/narvajoesuu.ee\\\/fi\\\/\"},{\"@type\":\"ListItem\",\"position\":2,\"name\":\"Kylpyl\u00e4loma\",\"item\":\"https:\\\/\\\/narvajoesuu.ee\\\/fi\\\/kylpylaloma\\\/\"},{\"@type\":\"ListItem\",\"position\":3,\"name\":\"Kosmeettisia ja l\u00e4\u00e4ketieteellisi\u00e4 uutuuksia nuoruuden, laihdutuksen, kauneuden ja terveyden tukemiseksi\",\"item\":\"https:\\\/\\\/narvajoesuu.ee\\\/fi\\\/kylpylaloma\\\/tehokkaat-ja-ainutlaatuiset-laitehoidot-kasvoille-ja-vartalolle\\\/\"},{\"@type\":\"ListItem\",\"position\":4,\"name\":\"N.O.logy\u00ae Stendo Pulsewave-laitehoito (uudistuksellinen pneumokompressiomenetelm\u00e4)\"}]},{\"@type\":\"WebSite\",\"@id\":\"https:\\\/\\\/narvajoesuu.ee\\\/#website\",\"url\":\"https:\\\/\\\/narvajoesuu.ee\\\/\",\"name\":\"MEDICAL SPA NARVA-J\u00d5ESUU\",\"description\":\"\",\"publisher\":{\"@id\":\"https:\\\/\\\/narvajoesuu.ee\\\/#organization\"},\"potentialAction\":[{\"@type\":\"SearchAction\",\"target\":{\"@type\":\"EntryPoint\",\"urlTemplate\":\"https:\\\/\\\/narvajoesuu.ee\\\/?s={search_term_string}\"},\"query-input\":{\"@type\":\"PropertyValueSpecification\",\"valueRequired\":true,\"valueName\":\"search_term_string\"}}],\"inLanguage\":\"fi\"},{\"@type\":\"Organization\",\"@id\":\"https:\\\/\\\/narvajoesuu.ee\\\/#organization\",\"name\":\"Narva-J\u00f5esuu Medical SPA\",\"url\":\"https:\\\/\\\/narvajoesuu.ee\\\/\",\"logo\":{\"@type\":\"ImageObject\",\"inLanguage\":\"fi\",\"@id\":\"https:\\\/\\\/narvajoesuu.ee\\\/#\\\/schema\\\/logo\\\/image\\\/\",\"url\":\"https:\\\/\\\/narvajoesuu.ee\\\/wp-content\\\/uploads\\\/2020\\\/10\\\/narvajoesuu-logo-small.png\",\"contentUrl\":\"https:\\\/\\\/narvajoesuu.ee\\\/wp-content\\\/uploads\\\/2020\\\/10\\\/narvajoesuu-logo-small.png\",\"width\":170,\"height\":170,\"caption\":\"Narva-J\u00f5esuu Medical SPA\"},\"image\":{\"@id\":\"https:\\\/\\\/narvajoesuu.ee\\\/#\\\/schema\\\/logo\\\/image\\\/\"}}]}<\/script>\n<!-- \/ Yoast SEO plugin. -->","yoast_head_json":{"title":"N.O.logy\u00ae Stendo Pulsewave-laitehoito (uudistuksellinen pneumokompressiomenetelm\u00e4) - MEDICAL SPA NARVA-J\u00d5ESUU","robots":{"index":"index","follow":"follow","max-snippet":"max-snippet:-1","max-image-preview":"max-image-preview:large","max-video-preview":"max-video-preview:-1"},"canonical":"https:\/\/narvajoesuu.ee\/fi\/kylpylaloma\/tehokkaat-ja-ainutlaatuiset-laitehoidot-kasvoille-ja-vartalolle\/n-o-logy-stendo-pulsewave-laitehoito-uudistuksellinen-pneumokompressiomenetelma\/","og_locale":"fi_FI","og_type":"article","og_title":"N.O.logy\u00ae Stendo Pulsewave-laitehoito (uudistuksellinen pneumokompressiomenetelm\u00e4) - MEDICAL SPA NARVA-J\u00d5ESUU","og_description":"Ainutlaatuinen laite, luokassaan johtava, joka perustuu Nobel-palkintoon, joka my\u00f6nnettiin vuonna 1998 typpioksidin (NO) molekyylin ja sen monitahoisen roolin l\u00f6yt\u00e4misest\u00e4 kehossa....","og_url":"https:\/\/narvajoesuu.ee\/fi\/kylpylaloma\/tehokkaat-ja-ainutlaatuiset-laitehoidot-kasvoille-ja-vartalolle\/n-o-logy-stendo-pulsewave-laitehoito-uudistuksellinen-pneumokompressiomenetelma\/","og_site_name":"MEDICAL SPA NARVA-J\u00d5ESUU","article_modified_time":"2023-09-20T12:35:40+00:00","og_image":[{"width":1200,"height":630,"url":"https:\/\/narvajoesuu.ee\/wp-content\/uploads\/2021\/12\/Maja-pilt.png","type":"image\/png"}],"twitter_card":"summary_large_image","twitter_misc":{"Arvioitu lukuaika":"2 minuuttia"},"schema":{"@context":"https:\/\/schema.org","@graph":[{"@type":"WebPage","@id":"https:\/\/narvajoesuu.ee\/fi\/kylpylaloma\/tehokkaat-ja-ainutlaatuiset-laitehoidot-kasvoille-ja-vartalolle\/n-o-logy-stendo-pulsewave-laitehoito-uudistuksellinen-pneumokompressiomenetelma\/","url":"https:\/\/narvajoesuu.ee\/fi\/kylpylaloma\/tehokkaat-ja-ainutlaatuiset-laitehoidot-kasvoille-ja-vartalolle\/n-o-logy-stendo-pulsewave-laitehoito-uudistuksellinen-pneumokompressiomenetelma\/","name":"N.O.logy\u00ae Stendo Pulsewave-laitehoito (uudistuksellinen pneumokompressiomenetelm\u00e4) - MEDICAL SPA NARVA-J\u00d5ESUU","isPartOf":{"@id":"https:\/\/narvajoesuu.ee\/#website"},"datePublished":"2023-09-20T12:35:39+00:00","dateModified":"2023-09-20T12:35:40+00:00","breadcrumb":{"@id":"https:\/\/narvajoesuu.ee\/fi\/kylpylaloma\/tehokkaat-ja-ainutlaatuiset-laitehoidot-kasvoille-ja-vartalolle\/n-o-logy-stendo-pulsewave-laitehoito-uudistuksellinen-pneumokompressiomenetelma\/#breadcrumb"},"inLanguage":"fi","potentialAction":[{"@type":"ReadAction","target":["https:\/\/narvajoesuu.ee\/fi\/kylpylaloma\/tehokkaat-ja-ainutlaatuiset-laitehoidot-kasvoille-ja-vartalolle\/n-o-logy-stendo-pulsewave-laitehoito-uudistuksellinen-pneumokompressiomenetelma\/"]}]},{"@type":"BreadcrumbList","@id":"https:\/\/narvajoesuu.ee\/fi\/kylpylaloma\/tehokkaat-ja-ainutlaatuiset-laitehoidot-kasvoille-ja-vartalolle\/n-o-logy-stendo-pulsewave-laitehoito-uudistuksellinen-pneumokompressiomenetelma\/#breadcrumb","itemListElement":[{"@type":"ListItem","position":1,"name":"Home","item":"https:\/\/narvajoesuu.ee\/fi\/"},{"@type":"ListItem","position":2,"name":"Kylpyl\u00e4loma","item":"https:\/\/narvajoesuu.ee\/fi\/kylpylaloma\/"},{"@type":"ListItem","position":3,"name":"Kosmeettisia ja l\u00e4\u00e4ketieteellisi\u00e4 uutuuksia nuoruuden, laihdutuksen, kauneuden ja terveyden tukemiseksi","item":"https:\/\/narvajoesuu.ee\/fi\/kylpylaloma\/tehokkaat-ja-ainutlaatuiset-laitehoidot-kasvoille-ja-vartalolle\/"},{"@type":"ListItem","position":4,"name":"N.O.logy\u00ae Stendo Pulsewave-laitehoito (uudistuksellinen pneumokompressiomenetelm\u00e4)"}]},{"@type":"WebSite","@id":"https:\/\/narvajoesuu.ee\/#website","url":"https:\/\/narvajoesuu.ee\/","name":"MEDICAL SPA NARVA-J\u00d5ESUU","description":"","publisher":{"@id":"https:\/\/narvajoesuu.ee\/#organization"},"potentialAction":[{"@type":"SearchAction","target":{"@type":"EntryPoint","urlTemplate":"https:\/\/narvajoesuu.ee\/?s={search_term_string}"},"query-input":{"@type":"PropertyValueSpecification","valueRequired":true,"valueName":"search_term_string"}}],"inLanguage":"fi"},{"@type":"Organization","@id":"https:\/\/narvajoesuu.ee\/#organization","name":"Narva-J\u00f5esuu Medical SPA","url":"https:\/\/narvajoesuu.ee\/","logo":{"@type":"ImageObject","inLanguage":"fi","@id":"https:\/\/narvajoesuu.ee\/#\/schema\/logo\/image\/","url":"https:\/\/narvajoesuu.ee\/wp-content\/uploads\/2020\/10\/narvajoesuu-logo-small.png","contentUrl":"https:\/\/narvajoesuu.ee\/wp-content\/uploads\/2020\/10\/narvajoesuu-logo-small.png","width":170,"height":170,"caption":"Narva-J\u00f5esuu Medical SPA"},"image":{"@id":"https:\/\/narvajoesuu.ee\/#\/schema\/logo\/image\/"}}]}},"uagb_featured_image_src":{"full":false,"thumbnail":false,"medium":false,"medium_large":false,"large":false,"1536x1536":false,"2048x2048":false,"img-1920x550":false,"img-1920x320":false,"img-1920x200":false,"img-670x480":false,"img-570x280":false,"img-507":false,"img-370x240":false,"img-400x250":false,"img-370x175":false,"img-370x120":false,"img-300":false,"img-170":false},"uagb_author_info":{"display_name":"Darja","author_link":"https:\/\/narvajoesuu.ee\/fi\/author\/darja\/"},"uagb_comment_info":0,"uagb_excerpt":"Ainutlaatuinen laite, luokassaan johtava, joka perustuu Nobel-palkintoon, joka my\u00f6nnettiin vuonna 1998 typpioksidin (NO) molekyylin ja sen monitahoisen roolin l\u00f6yt\u00e4misest\u00e4 kehossa....","_links":{"self":[{"href":"https:\/\/narvajoesuu.ee\/fi\/wp-json\/wp\/v2\/pages\/16232","targetHints":{"allow":["GET"]}}],"collection":[{"href":"https:\/\/narvajoesuu.ee\/fi\/wp-json\/wp\/v2\/pages"}],"about":[{"href":"https:\/\/narvajoesuu.ee\/fi\/wp-json\/wp\/v2\/types\/page"}],"author":[{"embeddable":true,"href":"https:\/\/narvajoesuu.ee\/fi\/wp-json\/wp\/v2\/users\/2"}],"replies":[{"embeddable":true,"href":"https:\/\/narvajoesuu.ee\/fi\/wp-json\/wp\/v2\/comments?post=16232"}],"version-history":[{"count":2,"href":"https:\/\/narvajoesuu.ee\/fi\/wp-json\/wp\/v2\/pages\/16232\/revisions"}],"predecessor-version":[{"id":17500,"href":"https:\/\/narvajoesuu.ee\/fi\/wp-json\/wp\/v2\/pages\/16232\/revisions\/17500"}],"up":[{"embeddable":true,"href":"https:\/\/narvajoesuu.ee\/fi\/wp-json\/wp\/v2\/pages\/10271"}],"wp:attachment":[{"href":"https:\/\/narvajoesuu.ee\/fi\/wp-json\/wp\/v2\/media?parent=16232"}],"curies":[{"name":"wp","href":"https:\/\/api.w.org\/{rel}","templated":true}]}}