{"id":16187,"date":"2023-09-20T14:48:25","date_gmt":"2023-09-20T11:48:25","guid":{"rendered":"https:\/\/narvajoesuu.ee\/?page_id=16187"},"modified":"2024-05-15T13:28:28","modified_gmt":"2024-05-15T10:28:28","slug":"kromoterapia-himalayan-cube-suolakammiossa","status":"publish","type":"page","link":"https:\/\/narvajoesuu.ee\/fi\/kylpylaloma\/tehokkaat-ja-ainutlaatuiset-laitehoidot-kasvoille-ja-vartalolle\/kromoterapia-himalayan-cube-suolakammiossa\/","title":{"rendered":"Kromoterapia Himalayan Cube suolakammiossa"},"content":{"rendered":"\n<p class=\"wp-el\">Ylellinen italialaistyylinen huone Himalajan suolalla ja kromoterapialla ei ole vain muodikas, vaan my\u00f6s hy\u00f6dyllinen! Toimenpiteen aikana sinua ymp\u00e4r\u00f6iv\u00e4 suolah\u00f6yry vaikuttaa hengityselinten lis\u00e4ksi my\u00f6s ihon tilaan. Immuunij\u00e4rjestelm\u00e4 vahvistuu, hyvinvointi ja mieliala paranevat.<\/p>\n\n\n\n<figure class=\"wp-block-image size-full\"><img loading=\"lazy\" decoding=\"async\" width=\"1024\" height=\"540\" src=\"https:\/\/narvajoesuu.ee\/wp-content\/uploads\/2023\/07\/\u0414\u0438\u0437\u0430\u0439\u043d-\u0431\u0435\u0437-\u043d\u0430\u0437\u0432\u0430\u043d\u0438\u044f-89.png\" alt=\"\" class=\"wp-image-16190\"\/><\/figure>\n\n\n\n<p class=\"wp-el\">V\u00e4hent\u00e4\u00e4 allergisia reaktioita sek\u00e4 sairastumista tulehdussairauksiin, rauhoittaa hermostoa!<\/p>\n\n\n\n<hr class=\"wp-block-separator has-alpha-channel-opacity\"\/>\n\n\n\n<figure class=\"wp-block-table is-style-stripes\"><table class=\"has-fixed-layout\"><tbody><tr><td>Aikuinen (20 min)<\/td><td class=\"has-text-align-center\" data-align=\"center\"><em>16 \u20ac<\/em><\/td><\/tr><tr><td>Kuuri aikuisille \u2013 5 kertaa erikoishinnalla<\/td><td class=\"has-text-align-center\" data-align=\"center\"><em>70 \u20ac<\/em><\/td><\/tr><tr><td>Lapsi (20 min)<\/td><td class=\"has-text-align-center\" data-align=\"center\"><em>10 \u20ac<\/em><\/td><\/tr><tr><td>Kuuri&nbsp;lapsille \u2013 5 kertaa erikoishinnalla<\/td><td class=\"has-text-align-center\" data-align=\"center\"><em>40 \u20ac<\/em><\/td><\/tr><tr><td>Kuuri&nbsp;(\u00e4iti + lapsi)&nbsp;\u2013 5 kertaa erikoishinnalla&nbsp;<\/td><td class=\"has-text-align-center\" data-align=\"center\"><em>&nbsp;100 \u20ac<\/em><\/td><\/tr><\/tbody><\/table><\/figure>\n\n\n<div class=\"b-block pad-top-30 pad-bottom-20\"><div class=\"p-emphasis b-part container-p0 p-emphasis--info\"><div>\n<div><b>Lis\u00e4tiedot ja varaukset:<\/b><\/div>\n<div>Puh:\u00a0+372 35 99 523<br \/>\nS\u00e4hkoposti:\u00a0ilu@narvajoesuu.ee<\/div>\n<\/div>\n<div><\/div>\n<\/div><\/div>","protected":false},"excerpt":{"rendered":"<p>Ylellinen italialaistyylinen huone Himalajan suolalla ja kromoterapialla ei ole vain muodikas, vaan my\u00f6s hy\u00f6dyllinen! Toimenpiteen aikana sinua ymp\u00e4r\u00f6iv\u00e4 suolah\u00f6yry vaikuttaa&#8230;<\/p>\n","protected":false},"author":2,"featured_media":0,"parent":10271,"menu_order":237,"comment_status":"closed","ping_status":"closed","template":"","meta":{"_acf_changed":false,"_uag_custom_page_level_css":"","_monsterinsights_skip_tracking":false,"_monsterinsights_sitenote_active":false,"_monsterinsights_sitenote_note":"","_monsterinsights_sitenote_category":0,"footnotes":""},"class_list":["post-16187","page","type-page","status-publish","hentry"],"acf":[],"yoast_head":"<!-- This site is optimized with the Yoast SEO plugin v27.5 - https:\/\/yoast.com\/product\/yoast-seo-wordpress\/ -->\n<title>Kromoterapia Himalayan Cube suolakammiossa - MEDICAL SPA NARVA-J\u00d5ESUU<\/title>\n<meta name=\"robots\" content=\"index, follow, max-snippet:-1, max-image-preview:large, max-video-preview:-1\" \/>\n<link rel=\"canonical\" href=\"https:\/\/narvajoesuu.ee\/fi\/kylpylaloma\/tehokkaat-ja-ainutlaatuiset-laitehoidot-kasvoille-ja-vartalolle\/kromoterapia-himalayan-cube-suolakammiossa\/\" \/>\n<meta property=\"og:locale\" content=\"fi_FI\" \/>\n<meta property=\"og:type\" content=\"article\" \/>\n<meta property=\"og:title\" content=\"Kromoterapia Himalayan Cube suolakammiossa - MEDICAL SPA NARVA-J\u00d5ESUU\" \/>\n<meta property=\"og:description\" content=\"Ylellinen italialaistyylinen huone Himalajan suolalla ja kromoterapialla ei ole vain muodikas, vaan my\u00f6s hy\u00f6dyllinen! Toimenpiteen aikana sinua ymp\u00e4r\u00f6iv\u00e4 suolah\u00f6yry vaikuttaa...\" \/>\n<meta property=\"og:url\" content=\"https:\/\/narvajoesuu.ee\/fi\/kylpylaloma\/tehokkaat-ja-ainutlaatuiset-laitehoidot-kasvoille-ja-vartalolle\/kromoterapia-himalayan-cube-suolakammiossa\/\" \/>\n<meta property=\"og:site_name\" content=\"MEDICAL SPA NARVA-J\u00d5ESUU\" \/>\n<meta property=\"article:modified_time\" content=\"2024-05-15T10:28:28+00:00\" \/>\n<meta property=\"og:image\" content=\"https:\/\/narvajoesuu.ee\/wp-content\/uploads\/2021\/12\/Maja-pilt.png\" \/>\n\t<meta property=\"og:image:width\" content=\"1200\" \/>\n\t<meta property=\"og:image:height\" content=\"630\" \/>\n\t<meta property=\"og:image:type\" content=\"image\/png\" \/>\n<meta name=\"twitter:card\" content=\"summary_large_image\" \/>\n<meta name=\"twitter:label1\" content=\"Arvioitu lukuaika\" \/>\n\t<meta name=\"twitter:data1\" content=\"2 minuuttia\" \/>\n<script type=\"application\/ld+json\" class=\"yoast-schema-graph\">{\"@context\":\"https:\\\/\\\/schema.org\",\"@graph\":[{\"@type\":\"WebPage\",\"@id\":\"https:\\\/\\\/narvajoesuu.ee\\\/fi\\\/kylpylaloma\\\/tehokkaat-ja-ainutlaatuiset-laitehoidot-kasvoille-ja-vartalolle\\\/kromoterapia-himalayan-cube-suolakammiossa\\\/\",\"url\":\"https:\\\/\\\/narvajoesuu.ee\\\/fi\\\/kylpylaloma\\\/tehokkaat-ja-ainutlaatuiset-laitehoidot-kasvoille-ja-vartalolle\\\/kromoterapia-himalayan-cube-suolakammiossa\\\/\",\"name\":\"Kromoterapia Himalayan Cube suolakammiossa - MEDICAL SPA NARVA-J\u00d5ESUU\",\"isPartOf\":{\"@id\":\"https:\\\/\\\/narvajoesuu.ee\\\/#website\"},\"datePublished\":\"2023-09-20T11:48:25+00:00\",\"dateModified\":\"2024-05-15T10:28:28+00:00\",\"breadcrumb\":{\"@id\":\"https:\\\/\\\/narvajoesuu.ee\\\/fi\\\/kylpylaloma\\\/tehokkaat-ja-ainutlaatuiset-laitehoidot-kasvoille-ja-vartalolle\\\/kromoterapia-himalayan-cube-suolakammiossa\\\/#breadcrumb\"},\"inLanguage\":\"fi\",\"potentialAction\":[{\"@type\":\"ReadAction\",\"target\":[\"https:\\\/\\\/narvajoesuu.ee\\\/fi\\\/kylpylaloma\\\/tehokkaat-ja-ainutlaatuiset-laitehoidot-kasvoille-ja-vartalolle\\\/kromoterapia-himalayan-cube-suolakammiossa\\\/\"]}]},{\"@type\":\"BreadcrumbList\",\"@id\":\"https:\\\/\\\/narvajoesuu.ee\\\/fi\\\/kylpylaloma\\\/tehokkaat-ja-ainutlaatuiset-laitehoidot-kasvoille-ja-vartalolle\\\/kromoterapia-himalayan-cube-suolakammiossa\\\/#breadcrumb\",\"itemListElement\":[{\"@type\":\"ListItem\",\"position\":1,\"name\":\"Home\",\"item\":\"https:\\\/\\\/narvajoesuu.ee\\\/fi\\\/\"},{\"@type\":\"ListItem\",\"position\":2,\"name\":\"Kylpyl\u00e4loma\",\"item\":\"https:\\\/\\\/narvajoesuu.ee\\\/fi\\\/kylpylaloma\\\/\"},{\"@type\":\"ListItem\",\"position\":3,\"name\":\"Kosmeettisia ja l\u00e4\u00e4ketieteellisi\u00e4 uutuuksia nuoruuden, laihdutuksen, kauneuden ja terveyden tukemiseksi\",\"item\":\"https:\\\/\\\/narvajoesuu.ee\\\/fi\\\/kylpylaloma\\\/tehokkaat-ja-ainutlaatuiset-laitehoidot-kasvoille-ja-vartalolle\\\/\"},{\"@type\":\"ListItem\",\"position\":4,\"name\":\"Kromoterapia Himalayan Cube suolakammiossa\"}]},{\"@type\":\"WebSite\",\"@id\":\"https:\\\/\\\/narvajoesuu.ee\\\/#website\",\"url\":\"https:\\\/\\\/narvajoesuu.ee\\\/\",\"name\":\"MEDICAL SPA NARVA-J\u00d5ESUU\",\"description\":\"\",\"publisher\":{\"@id\":\"https:\\\/\\\/narvajoesuu.ee\\\/#organization\"},\"potentialAction\":[{\"@type\":\"SearchAction\",\"target\":{\"@type\":\"EntryPoint\",\"urlTemplate\":\"https:\\\/\\\/narvajoesuu.ee\\\/?s={search_term_string}\"},\"query-input\":{\"@type\":\"PropertyValueSpecification\",\"valueRequired\":true,\"valueName\":\"search_term_string\"}}],\"inLanguage\":\"fi\"},{\"@type\":\"Organization\",\"@id\":\"https:\\\/\\\/narvajoesuu.ee\\\/#organization\",\"name\":\"Narva-J\u00f5esuu Medical SPA\",\"url\":\"https:\\\/\\\/narvajoesuu.ee\\\/\",\"logo\":{\"@type\":\"ImageObject\",\"inLanguage\":\"fi\",\"@id\":\"https:\\\/\\\/narvajoesuu.ee\\\/#\\\/schema\\\/logo\\\/image\\\/\",\"url\":\"https:\\\/\\\/narvajoesuu.ee\\\/wp-content\\\/uploads\\\/2020\\\/10\\\/narvajoesuu-logo-small.png\",\"contentUrl\":\"https:\\\/\\\/narvajoesuu.ee\\\/wp-content\\\/uploads\\\/2020\\\/10\\\/narvajoesuu-logo-small.png\",\"width\":170,\"height\":170,\"caption\":\"Narva-J\u00f5esuu Medical SPA\"},\"image\":{\"@id\":\"https:\\\/\\\/narvajoesuu.ee\\\/#\\\/schema\\\/logo\\\/image\\\/\"}}]}<\/script>\n<!-- \/ Yoast SEO plugin. -->","yoast_head_json":{"title":"Kromoterapia Himalayan Cube suolakammiossa - MEDICAL SPA NARVA-J\u00d5ESUU","robots":{"index":"index","follow":"follow","max-snippet":"max-snippet:-1","max-image-preview":"max-image-preview:large","max-video-preview":"max-video-preview:-1"},"canonical":"https:\/\/narvajoesuu.ee\/fi\/kylpylaloma\/tehokkaat-ja-ainutlaatuiset-laitehoidot-kasvoille-ja-vartalolle\/kromoterapia-himalayan-cube-suolakammiossa\/","og_locale":"fi_FI","og_type":"article","og_title":"Kromoterapia Himalayan Cube suolakammiossa - MEDICAL SPA NARVA-J\u00d5ESUU","og_description":"Ylellinen italialaistyylinen huone Himalajan suolalla ja kromoterapialla ei ole vain muodikas, vaan my\u00f6s hy\u00f6dyllinen! Toimenpiteen aikana sinua ymp\u00e4r\u00f6iv\u00e4 suolah\u00f6yry vaikuttaa...","og_url":"https:\/\/narvajoesuu.ee\/fi\/kylpylaloma\/tehokkaat-ja-ainutlaatuiset-laitehoidot-kasvoille-ja-vartalolle\/kromoterapia-himalayan-cube-suolakammiossa\/","og_site_name":"MEDICAL SPA NARVA-J\u00d5ESUU","article_modified_time":"2024-05-15T10:28:28+00:00","og_image":[{"width":1200,"height":630,"url":"https:\/\/narvajoesuu.ee\/wp-content\/uploads\/2021\/12\/Maja-pilt.png","type":"image\/png"}],"twitter_card":"summary_large_image","twitter_misc":{"Arvioitu lukuaika":"2 minuuttia"},"schema":{"@context":"https:\/\/schema.org","@graph":[{"@type":"WebPage","@id":"https:\/\/narvajoesuu.ee\/fi\/kylpylaloma\/tehokkaat-ja-ainutlaatuiset-laitehoidot-kasvoille-ja-vartalolle\/kromoterapia-himalayan-cube-suolakammiossa\/","url":"https:\/\/narvajoesuu.ee\/fi\/kylpylaloma\/tehokkaat-ja-ainutlaatuiset-laitehoidot-kasvoille-ja-vartalolle\/kromoterapia-himalayan-cube-suolakammiossa\/","name":"Kromoterapia Himalayan Cube suolakammiossa - MEDICAL SPA NARVA-J\u00d5ESUU","isPartOf":{"@id":"https:\/\/narvajoesuu.ee\/#website"},"datePublished":"2023-09-20T11:48:25+00:00","dateModified":"2024-05-15T10:28:28+00:00","breadcrumb":{"@id":"https:\/\/narvajoesuu.ee\/fi\/kylpylaloma\/tehokkaat-ja-ainutlaatuiset-laitehoidot-kasvoille-ja-vartalolle\/kromoterapia-himalayan-cube-suolakammiossa\/#breadcrumb"},"inLanguage":"fi","potentialAction":[{"@type":"ReadAction","target":["https:\/\/narvajoesuu.ee\/fi\/kylpylaloma\/tehokkaat-ja-ainutlaatuiset-laitehoidot-kasvoille-ja-vartalolle\/kromoterapia-himalayan-cube-suolakammiossa\/"]}]},{"@type":"BreadcrumbList","@id":"https:\/\/narvajoesuu.ee\/fi\/kylpylaloma\/tehokkaat-ja-ainutlaatuiset-laitehoidot-kasvoille-ja-vartalolle\/kromoterapia-himalayan-cube-suolakammiossa\/#breadcrumb","itemListElement":[{"@type":"ListItem","position":1,"name":"Home","item":"https:\/\/narvajoesuu.ee\/fi\/"},{"@type":"ListItem","position":2,"name":"Kylpyl\u00e4loma","item":"https:\/\/narvajoesuu.ee\/fi\/kylpylaloma\/"},{"@type":"ListItem","position":3,"name":"Kosmeettisia ja l\u00e4\u00e4ketieteellisi\u00e4 uutuuksia nuoruuden, laihdutuksen, kauneuden ja terveyden tukemiseksi","item":"https:\/\/narvajoesuu.ee\/fi\/kylpylaloma\/tehokkaat-ja-ainutlaatuiset-laitehoidot-kasvoille-ja-vartalolle\/"},{"@type":"ListItem","position":4,"name":"Kromoterapia Himalayan Cube suolakammiossa"}]},{"@type":"WebSite","@id":"https:\/\/narvajoesuu.ee\/#website","url":"https:\/\/narvajoesuu.ee\/","name":"MEDICAL SPA NARVA-J\u00d5ESUU","description":"","publisher":{"@id":"https:\/\/narvajoesuu.ee\/#organization"},"potentialAction":[{"@type":"SearchAction","target":{"@type":"EntryPoint","urlTemplate":"https:\/\/narvajoesuu.ee\/?s={search_term_string}"},"query-input":{"@type":"PropertyValueSpecification","valueRequired":true,"valueName":"search_term_string"}}],"inLanguage":"fi"},{"@type":"Organization","@id":"https:\/\/narvajoesuu.ee\/#organization","name":"Narva-J\u00f5esuu Medical SPA","url":"https:\/\/narvajoesuu.ee\/","logo":{"@type":"ImageObject","inLanguage":"fi","@id":"https:\/\/narvajoesuu.ee\/#\/schema\/logo\/image\/","url":"https:\/\/narvajoesuu.ee\/wp-content\/uploads\/2020\/10\/narvajoesuu-logo-small.png","contentUrl":"https:\/\/narvajoesuu.ee\/wp-content\/uploads\/2020\/10\/narvajoesuu-logo-small.png","width":170,"height":170,"caption":"Narva-J\u00f5esuu Medical SPA"},"image":{"@id":"https:\/\/narvajoesuu.ee\/#\/schema\/logo\/image\/"}}]}},"uagb_featured_image_src":{"full":false,"thumbnail":false,"medium":false,"medium_large":false,"large":false,"1536x1536":false,"2048x2048":false,"img-1920x550":false,"img-1920x320":false,"img-1920x200":false,"img-670x480":false,"img-570x280":false,"img-507":false,"img-370x240":false,"img-400x250":false,"img-370x175":false,"img-370x120":false,"img-300":false,"img-170":false},"uagb_author_info":{"display_name":"Darja","author_link":"https:\/\/narvajoesuu.ee\/fi\/author\/darja\/"},"uagb_comment_info":0,"uagb_excerpt":"Ylellinen italialaistyylinen huone Himalajan suolalla ja kromoterapialla ei ole vain muodikas, vaan my\u00f6s hy\u00f6dyllinen! Toimenpiteen aikana sinua ymp\u00e4r\u00f6iv\u00e4 suolah\u00f6yry vaikuttaa...","_links":{"self":[{"href":"https:\/\/narvajoesuu.ee\/fi\/wp-json\/wp\/v2\/pages\/16187","targetHints":{"allow":["GET"]}}],"collection":[{"href":"https:\/\/narvajoesuu.ee\/fi\/wp-json\/wp\/v2\/pages"}],"about":[{"href":"https:\/\/narvajoesuu.ee\/fi\/wp-json\/wp\/v2\/types\/page"}],"author":[{"embeddable":true,"href":"https:\/\/narvajoesuu.ee\/fi\/wp-json\/wp\/v2\/users\/2"}],"replies":[{"embeddable":true,"href":"https:\/\/narvajoesuu.ee\/fi\/wp-json\/wp\/v2\/comments?post=16187"}],"version-history":[{"count":5,"href":"https:\/\/narvajoesuu.ee\/fi\/wp-json\/wp\/v2\/pages\/16187\/revisions"}],"predecessor-version":[{"id":19090,"href":"https:\/\/narvajoesuu.ee\/fi\/wp-json\/wp\/v2\/pages\/16187\/revisions\/19090"}],"up":[{"embeddable":true,"href":"https:\/\/narvajoesuu.ee\/fi\/wp-json\/wp\/v2\/pages\/10271"}],"wp:attachment":[{"href":"https:\/\/narvajoesuu.ee\/fi\/wp-json\/wp\/v2\/media?parent=16187"}],"curies":[{"name":"wp","href":"https:\/\/api.w.org\/{rel}","templated":true}]}}