{"id":15845,"date":"2023-09-20T14:26:46","date_gmt":"2023-09-20T11:26:46","guid":{"rendered":"https:\/\/narvajoesuu.ee\/?page_id=15845"},"modified":"2023-09-20T14:34:19","modified_gmt":"2023-09-20T11:34:19","slug":"vacuslim-48-innovatiivinen-lahestymistapa-kiinteytyshoitoon","status":"publish","type":"page","link":"https:\/\/narvajoesuu.ee\/fi\/kylpylaloma\/tehokkaat-ja-ainutlaatuiset-laitehoidot-kasvoille-ja-vartalolle\/vacuslim-48-innovatiivinen-lahestymistapa-kiinteytyshoitoon\/","title":{"rendered":"VACUSLIM 48, innovatiivinen l\u00e4hestymistapa kiinteytyshoitoon!"},"content":{"rendered":"\n<p class=\"wp-el\">Vacuslim 48 &#8211; hoito stimuloi imunestej\u00e4rjestelm\u00e4\u00e4 sek\u00e4 luonnollista myrkkyjen poistoprosessia ja ylim\u00e4\u00e4r\u00e4isen kertyneen nesteen vapautumista. Uuden tyhji\u00f6k\u00e4\u00e4rett\u00e4 k\u00e4yt\u00e4v\u00e4n Vacuslim 48 -menetelm\u00e4n ansiosta, saavutetaan aktiivisten ainesosien syv\u00e4 ja nopea tunkeutuminen kehon luonnollisia toimintoja stimuloivista valmisteista.<\/p>\n\n\n\n<p class=\"wp-el\">Sinua odottaa:<\/p>\n\n\n\n<ul class=\"wp-el wp-block-list\">\n<li>sile\u00e4 elastinen iho ilman &#8221;appelsiinikuorta&#8221;<\/li>\n\n\n\n<li>kehon mittojen pieneneminen 2-10 cm:ll\u00e4<\/li>\n\n\n\n<li>aineenvaihdunnan nopeuttaminen<\/li>\n\n\n\n<li>turvotuksista eroon p\u00e4\u00e4seminen<\/li>\n<\/ul>\n\n\n\n<figure class=\"wp-block-image size-full\"><img loading=\"lazy\" decoding=\"async\" width=\"1024\" height=\"450\" src=\"https:\/\/narvajoesuu.ee\/wp-content\/uploads\/2023\/06\/\u0414\u0438\u0437\u0430\u0439\u043d-\u0431\u0435\u0437-\u043d\u0430\u0437\u0432\u0430\u043d\u0438\u044f-68.png\" alt=\"\" class=\"wp-image-15848\"\/><\/figure>\n\n\n\n<p class=\"wp-el\">Huom! N\u00e4kyvi\u00e4 tuloksia jo ensimm\u00e4isen k\u00e4ynnin j\u00e4lkeen!<\/p>\n\n\n\n<hr class=\"wp-block-separator has-alpha-channel-opacity\"\/>\n\n\n\n<figure class=\"wp-block-table is-style-stripes\"><table class=\"has-fixed-layout\"><tbody><tr><td>Vacuslim 48 hinta (45 min)<\/td><td class=\"has-text-align-center\" data-align=\"center\"><em>60 \u20ac<\/em><\/td><\/tr><tr><td>*6 toimenpiteest\u00e4 alkaen<\/td><td class=\"has-text-align-center\" data-align=\"center\"><em>45 \u20ac<\/em><\/td><\/tr><\/tbody><\/table><\/figure>\n\n\n\n<figure class=\"wp-block-table is-style-stripes\"><table><tbody><tr><td>Lis\u00e4ykset toimenpiteeseen, <em>\u00e1 20 \u20ac <\/em>(valinnaiset)::<br>\u2714\ufe0f Kasvojen ja dekolteen puhdistus ja hieronta, anti-age kasvohoito intensiivisell\u00e4 nuorentavalla konsentraatilla<br>\u2714\ufe0f LED rentouttava hoito Omega Light -laitteella intensiivisell\u00e4 nuorentavalla konsentraatilla<br>\u2714\ufe0f P\u00e4\u00e4n hieronta pienell\u00e4 dekoltee- ja kaulahieronnalla<\/td><\/tr><\/tbody><\/table><\/figure>\n\n\n<div class=\"b-block pad-top-30 pad-bottom-20\"><div class=\"p-emphasis b-part container-p0 p-emphasis--info\"><div>\n<div><b>Lis\u00e4tiedot ja varaukset:<\/b><\/div>\n<div>Puh: +372 35 99 523<br \/>\nS\u00e4hkoposti: ilu@narvajoesuu.ee<\/div>\n<\/div>\n<div><\/div>\n<\/div><\/div>","protected":false},"excerpt":{"rendered":"<p>Vacuslim 48 &#8211; hoito stimuloi imunestej\u00e4rjestelm\u00e4\u00e4 sek\u00e4 luonnollista myrkkyjen poistoprosessia ja ylim\u00e4\u00e4r\u00e4isen kertyneen nesteen vapautumista. Uuden tyhji\u00f6k\u00e4\u00e4rett\u00e4 k\u00e4yt\u00e4v\u00e4n Vacuslim 48&#8230;<\/p>\n","protected":false},"author":2,"featured_media":0,"parent":10271,"menu_order":201,"comment_status":"closed","ping_status":"closed","template":"","meta":{"_acf_changed":false,"_uag_custom_page_level_css":"","_monsterinsights_skip_tracking":false,"_monsterinsights_sitenote_active":false,"_monsterinsights_sitenote_note":"","_monsterinsights_sitenote_category":0,"footnotes":""},"class_list":["post-15845","page","type-page","status-publish","hentry"],"acf":[],"yoast_head":"<!-- This site is optimized with the Yoast SEO plugin v27.4 - https:\/\/yoast.com\/product\/yoast-seo-wordpress\/ -->\n<title>VACUSLIM 48, innovatiivinen l\u00e4hestymistapa kiinteytyshoitoon! - MEDICAL SPA NARVA-J\u00d5ESUU<\/title>\n<meta name=\"robots\" content=\"index, follow, max-snippet:-1, max-image-preview:large, max-video-preview:-1\" \/>\n<link rel=\"canonical\" href=\"https:\/\/narvajoesuu.ee\/fi\/kylpylaloma\/tehokkaat-ja-ainutlaatuiset-laitehoidot-kasvoille-ja-vartalolle\/vacuslim-48-innovatiivinen-lahestymistapa-kiinteytyshoitoon\/\" \/>\n<meta property=\"og:locale\" content=\"fi_FI\" \/>\n<meta property=\"og:type\" content=\"article\" \/>\n<meta property=\"og:title\" content=\"VACUSLIM 48, innovatiivinen l\u00e4hestymistapa kiinteytyshoitoon! - MEDICAL SPA NARVA-J\u00d5ESUU\" \/>\n<meta property=\"og:description\" content=\"Vacuslim 48 &#8211; hoito stimuloi imunestej\u00e4rjestelm\u00e4\u00e4 sek\u00e4 luonnollista myrkkyjen poistoprosessia ja ylim\u00e4\u00e4r\u00e4isen kertyneen nesteen vapautumista. Uuden tyhji\u00f6k\u00e4\u00e4rett\u00e4 k\u00e4yt\u00e4v\u00e4n Vacuslim 48...\" \/>\n<meta property=\"og:url\" content=\"https:\/\/narvajoesuu.ee\/fi\/kylpylaloma\/tehokkaat-ja-ainutlaatuiset-laitehoidot-kasvoille-ja-vartalolle\/vacuslim-48-innovatiivinen-lahestymistapa-kiinteytyshoitoon\/\" \/>\n<meta property=\"og:site_name\" content=\"MEDICAL SPA NARVA-J\u00d5ESUU\" \/>\n<meta property=\"article:modified_time\" content=\"2023-09-20T11:34:19+00:00\" \/>\n<meta property=\"og:image\" content=\"https:\/\/narvajoesuu.ee\/wp-content\/uploads\/2021\/12\/Maja-pilt.png\" \/>\n\t<meta property=\"og:image:width\" content=\"1200\" \/>\n\t<meta property=\"og:image:height\" content=\"630\" \/>\n\t<meta property=\"og:image:type\" content=\"image\/png\" \/>\n<meta name=\"twitter:card\" content=\"summary_large_image\" \/>\n<meta name=\"twitter:label1\" content=\"Arvioitu lukuaika\" \/>\n\t<meta name=\"twitter:data1\" content=\"2 minuuttia\" \/>\n<script type=\"application\/ld+json\" class=\"yoast-schema-graph\">{\"@context\":\"https:\\\/\\\/schema.org\",\"@graph\":[{\"@type\":\"WebPage\",\"@id\":\"https:\\\/\\\/narvajoesuu.ee\\\/fi\\\/kylpylaloma\\\/tehokkaat-ja-ainutlaatuiset-laitehoidot-kasvoille-ja-vartalolle\\\/vacuslim-48-innovatiivinen-lahestymistapa-kiinteytyshoitoon\\\/\",\"url\":\"https:\\\/\\\/narvajoesuu.ee\\\/fi\\\/kylpylaloma\\\/tehokkaat-ja-ainutlaatuiset-laitehoidot-kasvoille-ja-vartalolle\\\/vacuslim-48-innovatiivinen-lahestymistapa-kiinteytyshoitoon\\\/\",\"name\":\"VACUSLIM 48, innovatiivinen l\u00e4hestymistapa kiinteytyshoitoon! - MEDICAL SPA NARVA-J\u00d5ESUU\",\"isPartOf\":{\"@id\":\"https:\\\/\\\/narvajoesuu.ee\\\/#website\"},\"datePublished\":\"2023-09-20T11:26:46+00:00\",\"dateModified\":\"2023-09-20T11:34:19+00:00\",\"breadcrumb\":{\"@id\":\"https:\\\/\\\/narvajoesuu.ee\\\/fi\\\/kylpylaloma\\\/tehokkaat-ja-ainutlaatuiset-laitehoidot-kasvoille-ja-vartalolle\\\/vacuslim-48-innovatiivinen-lahestymistapa-kiinteytyshoitoon\\\/#breadcrumb\"},\"inLanguage\":\"fi\",\"potentialAction\":[{\"@type\":\"ReadAction\",\"target\":[\"https:\\\/\\\/narvajoesuu.ee\\\/fi\\\/kylpylaloma\\\/tehokkaat-ja-ainutlaatuiset-laitehoidot-kasvoille-ja-vartalolle\\\/vacuslim-48-innovatiivinen-lahestymistapa-kiinteytyshoitoon\\\/\"]}]},{\"@type\":\"BreadcrumbList\",\"@id\":\"https:\\\/\\\/narvajoesuu.ee\\\/fi\\\/kylpylaloma\\\/tehokkaat-ja-ainutlaatuiset-laitehoidot-kasvoille-ja-vartalolle\\\/vacuslim-48-innovatiivinen-lahestymistapa-kiinteytyshoitoon\\\/#breadcrumb\",\"itemListElement\":[{\"@type\":\"ListItem\",\"position\":1,\"name\":\"Home\",\"item\":\"https:\\\/\\\/narvajoesuu.ee\\\/fi\\\/\"},{\"@type\":\"ListItem\",\"position\":2,\"name\":\"Kylpyl\u00e4loma\",\"item\":\"https:\\\/\\\/narvajoesuu.ee\\\/fi\\\/kylpylaloma\\\/\"},{\"@type\":\"ListItem\",\"position\":3,\"name\":\"Kosmeettisia ja l\u00e4\u00e4ketieteellisi\u00e4 uutuuksia nuoruuden, laihdutuksen, kauneuden ja terveyden tukemiseksi\",\"item\":\"https:\\\/\\\/narvajoesuu.ee\\\/fi\\\/kylpylaloma\\\/tehokkaat-ja-ainutlaatuiset-laitehoidot-kasvoille-ja-vartalolle\\\/\"},{\"@type\":\"ListItem\",\"position\":4,\"name\":\"VACUSLIM 48, innovatiivinen l\u00e4hestymistapa kiinteytyshoitoon!\"}]},{\"@type\":\"WebSite\",\"@id\":\"https:\\\/\\\/narvajoesuu.ee\\\/#website\",\"url\":\"https:\\\/\\\/narvajoesuu.ee\\\/\",\"name\":\"MEDICAL SPA NARVA-J\u00d5ESUU\",\"description\":\"\",\"publisher\":{\"@id\":\"https:\\\/\\\/narvajoesuu.ee\\\/#organization\"},\"potentialAction\":[{\"@type\":\"SearchAction\",\"target\":{\"@type\":\"EntryPoint\",\"urlTemplate\":\"https:\\\/\\\/narvajoesuu.ee\\\/?s={search_term_string}\"},\"query-input\":{\"@type\":\"PropertyValueSpecification\",\"valueRequired\":true,\"valueName\":\"search_term_string\"}}],\"inLanguage\":\"fi\"},{\"@type\":\"Organization\",\"@id\":\"https:\\\/\\\/narvajoesuu.ee\\\/#organization\",\"name\":\"Narva-J\u00f5esuu Medical SPA\",\"url\":\"https:\\\/\\\/narvajoesuu.ee\\\/\",\"logo\":{\"@type\":\"ImageObject\",\"inLanguage\":\"fi\",\"@id\":\"https:\\\/\\\/narvajoesuu.ee\\\/#\\\/schema\\\/logo\\\/image\\\/\",\"url\":\"https:\\\/\\\/narvajoesuu.ee\\\/wp-content\\\/uploads\\\/2020\\\/10\\\/narvajoesuu-logo-small.png\",\"contentUrl\":\"https:\\\/\\\/narvajoesuu.ee\\\/wp-content\\\/uploads\\\/2020\\\/10\\\/narvajoesuu-logo-small.png\",\"width\":170,\"height\":170,\"caption\":\"Narva-J\u00f5esuu Medical SPA\"},\"image\":{\"@id\":\"https:\\\/\\\/narvajoesuu.ee\\\/#\\\/schema\\\/logo\\\/image\\\/\"}}]}<\/script>\n<!-- \/ Yoast SEO plugin. -->","yoast_head_json":{"title":"VACUSLIM 48, innovatiivinen l\u00e4hestymistapa kiinteytyshoitoon! - MEDICAL SPA NARVA-J\u00d5ESUU","robots":{"index":"index","follow":"follow","max-snippet":"max-snippet:-1","max-image-preview":"max-image-preview:large","max-video-preview":"max-video-preview:-1"},"canonical":"https:\/\/narvajoesuu.ee\/fi\/kylpylaloma\/tehokkaat-ja-ainutlaatuiset-laitehoidot-kasvoille-ja-vartalolle\/vacuslim-48-innovatiivinen-lahestymistapa-kiinteytyshoitoon\/","og_locale":"fi_FI","og_type":"article","og_title":"VACUSLIM 48, innovatiivinen l\u00e4hestymistapa kiinteytyshoitoon! - MEDICAL SPA NARVA-J\u00d5ESUU","og_description":"Vacuslim 48 &#8211; hoito stimuloi imunestej\u00e4rjestelm\u00e4\u00e4 sek\u00e4 luonnollista myrkkyjen poistoprosessia ja ylim\u00e4\u00e4r\u00e4isen kertyneen nesteen vapautumista. Uuden tyhji\u00f6k\u00e4\u00e4rett\u00e4 k\u00e4yt\u00e4v\u00e4n Vacuslim 48...","og_url":"https:\/\/narvajoesuu.ee\/fi\/kylpylaloma\/tehokkaat-ja-ainutlaatuiset-laitehoidot-kasvoille-ja-vartalolle\/vacuslim-48-innovatiivinen-lahestymistapa-kiinteytyshoitoon\/","og_site_name":"MEDICAL SPA NARVA-J\u00d5ESUU","article_modified_time":"2023-09-20T11:34:19+00:00","og_image":[{"width":1200,"height":630,"url":"https:\/\/narvajoesuu.ee\/wp-content\/uploads\/2021\/12\/Maja-pilt.png","type":"image\/png"}],"twitter_card":"summary_large_image","twitter_misc":{"Arvioitu lukuaika":"2 minuuttia"},"schema":{"@context":"https:\/\/schema.org","@graph":[{"@type":"WebPage","@id":"https:\/\/narvajoesuu.ee\/fi\/kylpylaloma\/tehokkaat-ja-ainutlaatuiset-laitehoidot-kasvoille-ja-vartalolle\/vacuslim-48-innovatiivinen-lahestymistapa-kiinteytyshoitoon\/","url":"https:\/\/narvajoesuu.ee\/fi\/kylpylaloma\/tehokkaat-ja-ainutlaatuiset-laitehoidot-kasvoille-ja-vartalolle\/vacuslim-48-innovatiivinen-lahestymistapa-kiinteytyshoitoon\/","name":"VACUSLIM 48, innovatiivinen l\u00e4hestymistapa kiinteytyshoitoon! - MEDICAL SPA NARVA-J\u00d5ESUU","isPartOf":{"@id":"https:\/\/narvajoesuu.ee\/#website"},"datePublished":"2023-09-20T11:26:46+00:00","dateModified":"2023-09-20T11:34:19+00:00","breadcrumb":{"@id":"https:\/\/narvajoesuu.ee\/fi\/kylpylaloma\/tehokkaat-ja-ainutlaatuiset-laitehoidot-kasvoille-ja-vartalolle\/vacuslim-48-innovatiivinen-lahestymistapa-kiinteytyshoitoon\/#breadcrumb"},"inLanguage":"fi","potentialAction":[{"@type":"ReadAction","target":["https:\/\/narvajoesuu.ee\/fi\/kylpylaloma\/tehokkaat-ja-ainutlaatuiset-laitehoidot-kasvoille-ja-vartalolle\/vacuslim-48-innovatiivinen-lahestymistapa-kiinteytyshoitoon\/"]}]},{"@type":"BreadcrumbList","@id":"https:\/\/narvajoesuu.ee\/fi\/kylpylaloma\/tehokkaat-ja-ainutlaatuiset-laitehoidot-kasvoille-ja-vartalolle\/vacuslim-48-innovatiivinen-lahestymistapa-kiinteytyshoitoon\/#breadcrumb","itemListElement":[{"@type":"ListItem","position":1,"name":"Home","item":"https:\/\/narvajoesuu.ee\/fi\/"},{"@type":"ListItem","position":2,"name":"Kylpyl\u00e4loma","item":"https:\/\/narvajoesuu.ee\/fi\/kylpylaloma\/"},{"@type":"ListItem","position":3,"name":"Kosmeettisia ja l\u00e4\u00e4ketieteellisi\u00e4 uutuuksia nuoruuden, laihdutuksen, kauneuden ja terveyden tukemiseksi","item":"https:\/\/narvajoesuu.ee\/fi\/kylpylaloma\/tehokkaat-ja-ainutlaatuiset-laitehoidot-kasvoille-ja-vartalolle\/"},{"@type":"ListItem","position":4,"name":"VACUSLIM 48, innovatiivinen l\u00e4hestymistapa kiinteytyshoitoon!"}]},{"@type":"WebSite","@id":"https:\/\/narvajoesuu.ee\/#website","url":"https:\/\/narvajoesuu.ee\/","name":"MEDICAL SPA NARVA-J\u00d5ESUU","description":"","publisher":{"@id":"https:\/\/narvajoesuu.ee\/#organization"},"potentialAction":[{"@type":"SearchAction","target":{"@type":"EntryPoint","urlTemplate":"https:\/\/narvajoesuu.ee\/?s={search_term_string}"},"query-input":{"@type":"PropertyValueSpecification","valueRequired":true,"valueName":"search_term_string"}}],"inLanguage":"fi"},{"@type":"Organization","@id":"https:\/\/narvajoesuu.ee\/#organization","name":"Narva-J\u00f5esuu Medical SPA","url":"https:\/\/narvajoesuu.ee\/","logo":{"@type":"ImageObject","inLanguage":"fi","@id":"https:\/\/narvajoesuu.ee\/#\/schema\/logo\/image\/","url":"https:\/\/narvajoesuu.ee\/wp-content\/uploads\/2020\/10\/narvajoesuu-logo-small.png","contentUrl":"https:\/\/narvajoesuu.ee\/wp-content\/uploads\/2020\/10\/narvajoesuu-logo-small.png","width":170,"height":170,"caption":"Narva-J\u00f5esuu Medical SPA"},"image":{"@id":"https:\/\/narvajoesuu.ee\/#\/schema\/logo\/image\/"}}]}},"uagb_featured_image_src":{"full":false,"thumbnail":false,"medium":false,"medium_large":false,"large":false,"1536x1536":false,"2048x2048":false,"img-1920x550":false,"img-1920x320":false,"img-1920x200":false,"img-670x480":false,"img-570x280":false,"img-507":false,"img-370x240":false,"img-400x250":false,"img-370x175":false,"img-370x120":false,"img-300":false,"img-170":false},"uagb_author_info":{"display_name":"Darja","author_link":"https:\/\/narvajoesuu.ee\/fi\/author\/darja\/"},"uagb_comment_info":0,"uagb_excerpt":"Vacuslim 48 &#8211; hoito stimuloi imunestej\u00e4rjestelm\u00e4\u00e4 sek\u00e4 luonnollista myrkkyjen poistoprosessia ja ylim\u00e4\u00e4r\u00e4isen kertyneen nesteen vapautumista. Uuden tyhji\u00f6k\u00e4\u00e4rett\u00e4 k\u00e4yt\u00e4v\u00e4n Vacuslim 48...","_links":{"self":[{"href":"https:\/\/narvajoesuu.ee\/fi\/wp-json\/wp\/v2\/pages\/15845","targetHints":{"allow":["GET"]}}],"collection":[{"href":"https:\/\/narvajoesuu.ee\/fi\/wp-json\/wp\/v2\/pages"}],"about":[{"href":"https:\/\/narvajoesuu.ee\/fi\/wp-json\/wp\/v2\/types\/page"}],"author":[{"embeddable":true,"href":"https:\/\/narvajoesuu.ee\/fi\/wp-json\/wp\/v2\/users\/2"}],"replies":[{"embeddable":true,"href":"https:\/\/narvajoesuu.ee\/fi\/wp-json\/wp\/v2\/comments?post=15845"}],"version-history":[{"count":4,"href":"https:\/\/narvajoesuu.ee\/fi\/wp-json\/wp\/v2\/pages\/15845\/revisions"}],"predecessor-version":[{"id":17479,"href":"https:\/\/narvajoesuu.ee\/fi\/wp-json\/wp\/v2\/pages\/15845\/revisions\/17479"}],"up":[{"embeddable":true,"href":"https:\/\/narvajoesuu.ee\/fi\/wp-json\/wp\/v2\/pages\/10271"}],"wp:attachment":[{"href":"https:\/\/narvajoesuu.ee\/fi\/wp-json\/wp\/v2\/media?parent=15845"}],"curies":[{"name":"wp","href":"https:\/\/api.w.org\/{rel}","templated":true}]}}