{"id":14460,"date":"2023-09-19T15:18:01","date_gmt":"2023-09-19T12:18:01","guid":{"rendered":"https:\/\/narvajoesuu.ee\/?page_id=14460"},"modified":"2025-05-08T14:13:05","modified_gmt":"2025-05-08T11:13:05","slug":"aurinkoinen-hiekkahuone-rentoutusmenetelma-relaksointiin-ja-nuorentumiseen","status":"publish","type":"page","link":"https:\/\/narvajoesuu.ee\/fi\/kylpylaloma\/tehokkaat-ja-ainutlaatuiset-laitehoidot-kasvoille-ja-vartalolle\/aurinkoinen-hiekkahuone-rentoutusmenetelma-relaksointiin-ja-nuorentumiseen\/","title":{"rendered":"Aurinkoinen hiekkahuone, rentoutusmenetelm\u00e4 relaksointiin ja nuorentumiseen"},"content":{"rendered":"\n<p class=\"wp-el\">Sulje silm\u00e4si, rentoudu ja nauti l\u00e4mpim\u00e4st\u00e4 kvartsihiekasta. Hengit\u00e4 ilmaa, joka on rikastettu 92 Himalajan suolan hivenaineella, ja rentoudu ihon nuorentamisprosesseja k\u00e4ynnist\u00e4vien lamppujen lempe\u00e4ss\u00e4 valossa.<\/p>\n\n\n\n<figure class=\"wp-block-image size-full\"><img loading=\"lazy\" decoding=\"async\" width=\"1024\" height=\"450\" src=\"https:\/\/narvajoesuu.ee\/wp-content\/uploads\/2023\/03\/\u0414\u0438\u0437\u0430\u0439\u043d-\u0431\u0435\u0437-\u043d\u0430\u0437\u0432\u0430\u043d\u0438\u044f-20-1.png\" alt=\"\" class=\"wp-image-14467\"\/><\/figure>\n\n\n\n<p class=\"wp-el\">Italialainen SCIC-valobiostimulaatiolaite kollageenilamppujen avulla stimuloi kollageenin tuotantoprosessia ja parantaa my\u00f6s aineenvaihduntaa. Ihosta tulee kiinte\u00e4 ja elastinen, ik\u00e4\u00e4ntymisprosessi hidastuu.<\/p>\n\n\n\n<p class=\"wp-el\">L\u00e4mpim\u00e4ll\u00e4 kvartsihiekalla t\u00e4ytetty kylpyl\u00e4sohva lievitt\u00e4\u00e4 lihas- ja hermoj\u00e4nnityst\u00e4, antaa miellytt\u00e4v\u00e4n l\u00e4mpim\u00e4n tunteen ik\u00e4\u00e4n kuin hiekkarannalla kes\u00e4lomalla. &#8221;Hiekkakylvyn&#8221; rauhoittava kuiva l\u00e4mp\u00f6 l\u00e4mmitt\u00e4\u00e4 jokaista soluasi ja tarjoaa t\u00e4ydellisen rentoutumisen.<\/p>\n\n\n\n<p class=\"wp-el\">L\u00e4mmitettyn\u00e4 Himalajan suolalaatoista valmistettu sein\u00e4paneeli kyll\u00e4st\u00e4\u00e4 ilman 92 mineraalilla luoden suolaluolan vaikutelman, jolla on my\u00f6nteinen vaikutus ihoon ja koko elimist\u00f6\u00f6n.<\/p>\n\n\n\n<p class=\"wp-el\">Menettely vaikuttaa tehokkaasti kaikkiin ihotyyppeihin, my\u00f6s eritt\u00e4in herkk\u00e4\u00e4n ihoon. Ik\u00e4- tai kausirajoituksia ei ole.<\/p>\n\n\n\n<hr class=\"wp-block-separator has-text-color has-black-color has-css-opacity has-black-background-color has-background is-style-wide\"\/>\n\n\n\n<figure class=\"wp-block-table is-style-stripes\"><table class=\"has-fixed-layout\"><tbody><tr><td>Rentoutusmenetelm\u00e4 relaksointiin ja nuorentumiseen (15 min)<\/td><td class=\"has-text-align-center\" data-align=\"center\"><em>35 \u20ac<\/em><\/td><\/tr><tr><td>Kuuri \u2013 3 kertaa erikoishintaan<\/td><td class=\"has-text-align-center\" data-align=\"center\"><em>60 \u20ac<\/em><\/td><\/tr><\/tbody><\/table><\/figure>\n\n\n<div class=\"b-block pad-top-30 pad-bottom-20\"><div class=\"p-emphasis b-part container-p0 p-emphasis--info\"><div>\n<div><b>Lis\u00e4tiedot ja varaukset:<\/b><\/div>\n<div>Puh:\u00a0+372 35 99 523<br \/>\nS\u00e4hkoposti:\u00a0ilu@narvajoesuu.ee<\/div>\n<\/div>\n<div><\/div>\n<\/div><\/div>","protected":false},"excerpt":{"rendered":"<p>Sulje silm\u00e4si, rentoudu ja nauti l\u00e4mpim\u00e4st\u00e4 kvartsihiekasta. Hengit\u00e4 ilmaa, joka on rikastettu 92 Himalajan suolan hivenaineella, ja rentoudu ihon nuorentamisprosesseja&#8230;<\/p>\n","protected":false},"author":2,"featured_media":0,"parent":10271,"menu_order":211,"comment_status":"closed","ping_status":"closed","template":"","meta":{"_acf_changed":false,"_uag_custom_page_level_css":"","_monsterinsights_skip_tracking":false,"_monsterinsights_sitenote_active":false,"_monsterinsights_sitenote_note":"","_monsterinsights_sitenote_category":0,"footnotes":""},"class_list":["post-14460","page","type-page","status-publish","hentry"],"acf":[],"yoast_head":"<!-- This site is optimized with the Yoast SEO plugin v27.4 - https:\/\/yoast.com\/product\/yoast-seo-wordpress\/ -->\n<title>Aurinkoinen hiekkahuone, rentoutusmenetelm\u00e4 relaksointiin ja nuorentumiseen - MEDICAL SPA NARVA-J\u00d5ESUU<\/title>\n<meta name=\"robots\" content=\"index, follow, max-snippet:-1, max-image-preview:large, max-video-preview:-1\" \/>\n<link rel=\"canonical\" href=\"https:\/\/narvajoesuu.ee\/fi\/kylpylaloma\/tehokkaat-ja-ainutlaatuiset-laitehoidot-kasvoille-ja-vartalolle\/aurinkoinen-hiekkahuone-rentoutusmenetelma-relaksointiin-ja-nuorentumiseen\/\" \/>\n<meta property=\"og:locale\" content=\"fi_FI\" \/>\n<meta property=\"og:type\" content=\"article\" \/>\n<meta property=\"og:title\" content=\"Aurinkoinen hiekkahuone, rentoutusmenetelm\u00e4 relaksointiin ja nuorentumiseen - MEDICAL SPA NARVA-J\u00d5ESUU\" \/>\n<meta property=\"og:description\" content=\"Sulje silm\u00e4si, rentoudu ja nauti l\u00e4mpim\u00e4st\u00e4 kvartsihiekasta. Hengit\u00e4 ilmaa, joka on rikastettu 92 Himalajan suolan hivenaineella, ja rentoudu ihon nuorentamisprosesseja...\" \/>\n<meta property=\"og:url\" content=\"https:\/\/narvajoesuu.ee\/fi\/kylpylaloma\/tehokkaat-ja-ainutlaatuiset-laitehoidot-kasvoille-ja-vartalolle\/aurinkoinen-hiekkahuone-rentoutusmenetelma-relaksointiin-ja-nuorentumiseen\/\" \/>\n<meta property=\"og:site_name\" content=\"MEDICAL SPA NARVA-J\u00d5ESUU\" \/>\n<meta property=\"article:modified_time\" content=\"2025-05-08T11:13:05+00:00\" \/>\n<meta property=\"og:image\" content=\"https:\/\/narvajoesuu.ee\/wp-content\/uploads\/2021\/12\/Maja-pilt.png\" \/>\n\t<meta property=\"og:image:width\" content=\"1200\" \/>\n\t<meta property=\"og:image:height\" content=\"630\" \/>\n\t<meta property=\"og:image:type\" content=\"image\/png\" \/>\n<meta name=\"twitter:card\" content=\"summary_large_image\" \/>\n<meta name=\"twitter:label1\" content=\"Arvioitu lukuaika\" \/>\n\t<meta name=\"twitter:data1\" content=\"2 minuuttia\" \/>\n<script type=\"application\/ld+json\" class=\"yoast-schema-graph\">{\"@context\":\"https:\\\/\\\/schema.org\",\"@graph\":[{\"@type\":\"WebPage\",\"@id\":\"https:\\\/\\\/narvajoesuu.ee\\\/fi\\\/kylpylaloma\\\/tehokkaat-ja-ainutlaatuiset-laitehoidot-kasvoille-ja-vartalolle\\\/aurinkoinen-hiekkahuone-rentoutusmenetelma-relaksointiin-ja-nuorentumiseen\\\/\",\"url\":\"https:\\\/\\\/narvajoesuu.ee\\\/fi\\\/kylpylaloma\\\/tehokkaat-ja-ainutlaatuiset-laitehoidot-kasvoille-ja-vartalolle\\\/aurinkoinen-hiekkahuone-rentoutusmenetelma-relaksointiin-ja-nuorentumiseen\\\/\",\"name\":\"Aurinkoinen hiekkahuone, rentoutusmenetelm\u00e4 relaksointiin ja nuorentumiseen - MEDICAL SPA NARVA-J\u00d5ESUU\",\"isPartOf\":{\"@id\":\"https:\\\/\\\/narvajoesuu.ee\\\/#website\"},\"datePublished\":\"2023-09-19T12:18:01+00:00\",\"dateModified\":\"2025-05-08T11:13:05+00:00\",\"breadcrumb\":{\"@id\":\"https:\\\/\\\/narvajoesuu.ee\\\/fi\\\/kylpylaloma\\\/tehokkaat-ja-ainutlaatuiset-laitehoidot-kasvoille-ja-vartalolle\\\/aurinkoinen-hiekkahuone-rentoutusmenetelma-relaksointiin-ja-nuorentumiseen\\\/#breadcrumb\"},\"inLanguage\":\"fi\",\"potentialAction\":[{\"@type\":\"ReadAction\",\"target\":[\"https:\\\/\\\/narvajoesuu.ee\\\/fi\\\/kylpylaloma\\\/tehokkaat-ja-ainutlaatuiset-laitehoidot-kasvoille-ja-vartalolle\\\/aurinkoinen-hiekkahuone-rentoutusmenetelma-relaksointiin-ja-nuorentumiseen\\\/\"]}]},{\"@type\":\"BreadcrumbList\",\"@id\":\"https:\\\/\\\/narvajoesuu.ee\\\/fi\\\/kylpylaloma\\\/tehokkaat-ja-ainutlaatuiset-laitehoidot-kasvoille-ja-vartalolle\\\/aurinkoinen-hiekkahuone-rentoutusmenetelma-relaksointiin-ja-nuorentumiseen\\\/#breadcrumb\",\"itemListElement\":[{\"@type\":\"ListItem\",\"position\":1,\"name\":\"Home\",\"item\":\"https:\\\/\\\/narvajoesuu.ee\\\/fi\\\/\"},{\"@type\":\"ListItem\",\"position\":2,\"name\":\"Kylpyl\u00e4loma\",\"item\":\"https:\\\/\\\/narvajoesuu.ee\\\/fi\\\/kylpylaloma\\\/\"},{\"@type\":\"ListItem\",\"position\":3,\"name\":\"Kosmeettisia ja l\u00e4\u00e4ketieteellisi\u00e4 uutuuksia nuoruuden, laihdutuksen, kauneuden ja terveyden tukemiseksi\",\"item\":\"https:\\\/\\\/narvajoesuu.ee\\\/fi\\\/kylpylaloma\\\/tehokkaat-ja-ainutlaatuiset-laitehoidot-kasvoille-ja-vartalolle\\\/\"},{\"@type\":\"ListItem\",\"position\":4,\"name\":\"Aurinkoinen hiekkahuone, rentoutusmenetelm\u00e4 relaksointiin ja nuorentumiseen\"}]},{\"@type\":\"WebSite\",\"@id\":\"https:\\\/\\\/narvajoesuu.ee\\\/#website\",\"url\":\"https:\\\/\\\/narvajoesuu.ee\\\/\",\"name\":\"MEDICAL SPA NARVA-J\u00d5ESUU\",\"description\":\"\",\"publisher\":{\"@id\":\"https:\\\/\\\/narvajoesuu.ee\\\/#organization\"},\"potentialAction\":[{\"@type\":\"SearchAction\",\"target\":{\"@type\":\"EntryPoint\",\"urlTemplate\":\"https:\\\/\\\/narvajoesuu.ee\\\/?s={search_term_string}\"},\"query-input\":{\"@type\":\"PropertyValueSpecification\",\"valueRequired\":true,\"valueName\":\"search_term_string\"}}],\"inLanguage\":\"fi\"},{\"@type\":\"Organization\",\"@id\":\"https:\\\/\\\/narvajoesuu.ee\\\/#organization\",\"name\":\"Narva-J\u00f5esuu Medical SPA\",\"url\":\"https:\\\/\\\/narvajoesuu.ee\\\/\",\"logo\":{\"@type\":\"ImageObject\",\"inLanguage\":\"fi\",\"@id\":\"https:\\\/\\\/narvajoesuu.ee\\\/#\\\/schema\\\/logo\\\/image\\\/\",\"url\":\"https:\\\/\\\/narvajoesuu.ee\\\/wp-content\\\/uploads\\\/2020\\\/10\\\/narvajoesuu-logo-small.png\",\"contentUrl\":\"https:\\\/\\\/narvajoesuu.ee\\\/wp-content\\\/uploads\\\/2020\\\/10\\\/narvajoesuu-logo-small.png\",\"width\":170,\"height\":170,\"caption\":\"Narva-J\u00f5esuu Medical SPA\"},\"image\":{\"@id\":\"https:\\\/\\\/narvajoesuu.ee\\\/#\\\/schema\\\/logo\\\/image\\\/\"}}]}<\/script>\n<!-- \/ Yoast SEO plugin. -->","yoast_head_json":{"title":"Aurinkoinen hiekkahuone, rentoutusmenetelm\u00e4 relaksointiin ja nuorentumiseen - MEDICAL SPA NARVA-J\u00d5ESUU","robots":{"index":"index","follow":"follow","max-snippet":"max-snippet:-1","max-image-preview":"max-image-preview:large","max-video-preview":"max-video-preview:-1"},"canonical":"https:\/\/narvajoesuu.ee\/fi\/kylpylaloma\/tehokkaat-ja-ainutlaatuiset-laitehoidot-kasvoille-ja-vartalolle\/aurinkoinen-hiekkahuone-rentoutusmenetelma-relaksointiin-ja-nuorentumiseen\/","og_locale":"fi_FI","og_type":"article","og_title":"Aurinkoinen hiekkahuone, rentoutusmenetelm\u00e4 relaksointiin ja nuorentumiseen - MEDICAL SPA NARVA-J\u00d5ESUU","og_description":"Sulje silm\u00e4si, rentoudu ja nauti l\u00e4mpim\u00e4st\u00e4 kvartsihiekasta. Hengit\u00e4 ilmaa, joka on rikastettu 92 Himalajan suolan hivenaineella, ja rentoudu ihon nuorentamisprosesseja...","og_url":"https:\/\/narvajoesuu.ee\/fi\/kylpylaloma\/tehokkaat-ja-ainutlaatuiset-laitehoidot-kasvoille-ja-vartalolle\/aurinkoinen-hiekkahuone-rentoutusmenetelma-relaksointiin-ja-nuorentumiseen\/","og_site_name":"MEDICAL SPA NARVA-J\u00d5ESUU","article_modified_time":"2025-05-08T11:13:05+00:00","og_image":[{"width":1200,"height":630,"url":"https:\/\/narvajoesuu.ee\/wp-content\/uploads\/2021\/12\/Maja-pilt.png","type":"image\/png"}],"twitter_card":"summary_large_image","twitter_misc":{"Arvioitu lukuaika":"2 minuuttia"},"schema":{"@context":"https:\/\/schema.org","@graph":[{"@type":"WebPage","@id":"https:\/\/narvajoesuu.ee\/fi\/kylpylaloma\/tehokkaat-ja-ainutlaatuiset-laitehoidot-kasvoille-ja-vartalolle\/aurinkoinen-hiekkahuone-rentoutusmenetelma-relaksointiin-ja-nuorentumiseen\/","url":"https:\/\/narvajoesuu.ee\/fi\/kylpylaloma\/tehokkaat-ja-ainutlaatuiset-laitehoidot-kasvoille-ja-vartalolle\/aurinkoinen-hiekkahuone-rentoutusmenetelma-relaksointiin-ja-nuorentumiseen\/","name":"Aurinkoinen hiekkahuone, rentoutusmenetelm\u00e4 relaksointiin ja nuorentumiseen - MEDICAL SPA NARVA-J\u00d5ESUU","isPartOf":{"@id":"https:\/\/narvajoesuu.ee\/#website"},"datePublished":"2023-09-19T12:18:01+00:00","dateModified":"2025-05-08T11:13:05+00:00","breadcrumb":{"@id":"https:\/\/narvajoesuu.ee\/fi\/kylpylaloma\/tehokkaat-ja-ainutlaatuiset-laitehoidot-kasvoille-ja-vartalolle\/aurinkoinen-hiekkahuone-rentoutusmenetelma-relaksointiin-ja-nuorentumiseen\/#breadcrumb"},"inLanguage":"fi","potentialAction":[{"@type":"ReadAction","target":["https:\/\/narvajoesuu.ee\/fi\/kylpylaloma\/tehokkaat-ja-ainutlaatuiset-laitehoidot-kasvoille-ja-vartalolle\/aurinkoinen-hiekkahuone-rentoutusmenetelma-relaksointiin-ja-nuorentumiseen\/"]}]},{"@type":"BreadcrumbList","@id":"https:\/\/narvajoesuu.ee\/fi\/kylpylaloma\/tehokkaat-ja-ainutlaatuiset-laitehoidot-kasvoille-ja-vartalolle\/aurinkoinen-hiekkahuone-rentoutusmenetelma-relaksointiin-ja-nuorentumiseen\/#breadcrumb","itemListElement":[{"@type":"ListItem","position":1,"name":"Home","item":"https:\/\/narvajoesuu.ee\/fi\/"},{"@type":"ListItem","position":2,"name":"Kylpyl\u00e4loma","item":"https:\/\/narvajoesuu.ee\/fi\/kylpylaloma\/"},{"@type":"ListItem","position":3,"name":"Kosmeettisia ja l\u00e4\u00e4ketieteellisi\u00e4 uutuuksia nuoruuden, laihdutuksen, kauneuden ja terveyden tukemiseksi","item":"https:\/\/narvajoesuu.ee\/fi\/kylpylaloma\/tehokkaat-ja-ainutlaatuiset-laitehoidot-kasvoille-ja-vartalolle\/"},{"@type":"ListItem","position":4,"name":"Aurinkoinen hiekkahuone, rentoutusmenetelm\u00e4 relaksointiin ja nuorentumiseen"}]},{"@type":"WebSite","@id":"https:\/\/narvajoesuu.ee\/#website","url":"https:\/\/narvajoesuu.ee\/","name":"MEDICAL SPA NARVA-J\u00d5ESUU","description":"","publisher":{"@id":"https:\/\/narvajoesuu.ee\/#organization"},"potentialAction":[{"@type":"SearchAction","target":{"@type":"EntryPoint","urlTemplate":"https:\/\/narvajoesuu.ee\/?s={search_term_string}"},"query-input":{"@type":"PropertyValueSpecification","valueRequired":true,"valueName":"search_term_string"}}],"inLanguage":"fi"},{"@type":"Organization","@id":"https:\/\/narvajoesuu.ee\/#organization","name":"Narva-J\u00f5esuu Medical SPA","url":"https:\/\/narvajoesuu.ee\/","logo":{"@type":"ImageObject","inLanguage":"fi","@id":"https:\/\/narvajoesuu.ee\/#\/schema\/logo\/image\/","url":"https:\/\/narvajoesuu.ee\/wp-content\/uploads\/2020\/10\/narvajoesuu-logo-small.png","contentUrl":"https:\/\/narvajoesuu.ee\/wp-content\/uploads\/2020\/10\/narvajoesuu-logo-small.png","width":170,"height":170,"caption":"Narva-J\u00f5esuu Medical SPA"},"image":{"@id":"https:\/\/narvajoesuu.ee\/#\/schema\/logo\/image\/"}}]}},"uagb_featured_image_src":{"full":false,"thumbnail":false,"medium":false,"medium_large":false,"large":false,"1536x1536":false,"2048x2048":false,"img-1920x550":false,"img-1920x320":false,"img-1920x200":false,"img-670x480":false,"img-570x280":false,"img-507":false,"img-370x240":false,"img-400x250":false,"img-370x175":false,"img-370x120":false,"img-300":false,"img-170":false},"uagb_author_info":{"display_name":"Darja","author_link":"https:\/\/narvajoesuu.ee\/fi\/author\/darja\/"},"uagb_comment_info":0,"uagb_excerpt":"Sulje silm\u00e4si, rentoudu ja nauti l\u00e4mpim\u00e4st\u00e4 kvartsihiekasta. Hengit\u00e4 ilmaa, joka on rikastettu 92 Himalajan suolan hivenaineella, ja rentoudu ihon nuorentamisprosesseja...","_links":{"self":[{"href":"https:\/\/narvajoesuu.ee\/fi\/wp-json\/wp\/v2\/pages\/14460","targetHints":{"allow":["GET"]}}],"collection":[{"href":"https:\/\/narvajoesuu.ee\/fi\/wp-json\/wp\/v2\/pages"}],"about":[{"href":"https:\/\/narvajoesuu.ee\/fi\/wp-json\/wp\/v2\/types\/page"}],"author":[{"embeddable":true,"href":"https:\/\/narvajoesuu.ee\/fi\/wp-json\/wp\/v2\/users\/2"}],"replies":[{"embeddable":true,"href":"https:\/\/narvajoesuu.ee\/fi\/wp-json\/wp\/v2\/comments?post=14460"}],"version-history":[{"count":6,"href":"https:\/\/narvajoesuu.ee\/fi\/wp-json\/wp\/v2\/pages\/14460\/revisions"}],"predecessor-version":[{"id":20678,"href":"https:\/\/narvajoesuu.ee\/fi\/wp-json\/wp\/v2\/pages\/14460\/revisions\/20678"}],"up":[{"embeddable":true,"href":"https:\/\/narvajoesuu.ee\/fi\/wp-json\/wp\/v2\/pages\/10271"}],"wp:attachment":[{"href":"https:\/\/narvajoesuu.ee\/fi\/wp-json\/wp\/v2\/media?parent=14460"}],"curies":[{"name":"wp","href":"https:\/\/api.w.org\/{rel}","templated":true}]}}