{"id":13063,"date":"2023-09-19T16:12:56","date_gmt":"2023-09-19T13:12:56","guid":{"rendered":"https:\/\/narvajoesuu.ee\/?page_id=13063"},"modified":"2024-05-15T12:11:59","modified_gmt":"2024-05-15T09:11:59","slug":"rentoutumishuone","status":"publish","type":"page","link":"https:\/\/narvajoesuu.ee\/fi\/kylpylaloma\/tehokkaat-ja-ainutlaatuiset-laitehoidot-kasvoille-ja-vartalolle\/rentoutumishuone\/","title":{"rendered":"Rentoutumishuone"},"content":{"rendered":"\n<p class=\"wp-el\">Tehokas menetelm\u00e4 syv\u00e4\u00e4n rentoutumiseen. Tuloksena on ahdistuneisuuden merkitt\u00e4v\u00e4 v\u00e4heneminen, mielialan normalisoituminen ja parantunut unen laatu ja kesto.<\/p>\n\n\n\n<p class=\"wp-el\">Alpha-Stim on nopea, todistettu, l\u00e4\u00e4kkeet\u00f6n s\u00e4hk\u00f6terapiahoito ahdistukseen, unettomuuteen ja masennukseen.<\/p>\n\n\n\n<figure class=\"wp-block-image size-full\"><img loading=\"lazy\" decoding=\"async\" width=\"1024\" height=\"450\" src=\"https:\/\/narvajoesuu.ee\/wp-content\/uploads\/2022\/11\/\u0411\u0435\u0437-\u043d\u0430\u0437\u0432\u0430\u043d\u0438\u044f-1024-\u00d7-450-\u043f\u0438\u043a\u0441..png\" alt=\"\" class=\"wp-image-13065\"\/><\/figure>\n\n\n\n<p class=\"wp-el\">Huom! Viron terveysvirasto on hyv\u00e4ksynyt Alpha-Stimin k\u00e4yt\u00f6n.<\/p>\n\n\n\n<hr class=\"wp-block-separator has-text-color has-black-color has-css-opacity has-black-background-color has-background is-style-wide\"\/>\n\n\n\n<figure class=\"wp-block-table is-style-stripes\"><table class=\"has-fixed-layout\"><tbody><tr><td>Rentoutumishuone (20 min)<\/td><td class=\"has-text-align-center\" data-align=\"center\"><em>25 \u20ac<\/em><\/td><\/tr><tr><td>Kuuri \u2013 3 kertaa erikoishintaan (20 min)<\/td><td class=\"has-text-align-center\" data-align=\"center\"><em>60 \u20ac<\/em><\/td><\/tr><\/tbody><\/table><\/figure>\n\n\n<div class=\"b-block pad-top-30 pad-bottom-20\"><div class=\"p-emphasis b-part container-p0 p-emphasis--info\"><div>\n<div><b>Lis\u00e4tiedot ja varaukset:<\/b><\/div>\n<div>Puh:\u00a0+372 35 99 523<br \/>\nS\u00e4hkoposti:\u00a0ilu@narvajoesuu.ee<\/div>\n<\/div>\n<div><\/div>\n<\/div><\/div>\n\n\n<p class=\"wp-el\"><\/p>\n","protected":false},"excerpt":{"rendered":"<p>Tehokas menetelm\u00e4 syv\u00e4\u00e4n rentoutumiseen. Tuloksena on ahdistuneisuuden merkitt\u00e4v\u00e4 v\u00e4heneminen, mielialan normalisoituminen ja parantunut unen laatu ja kesto. Alpha-Stim on nopea,&#8230;<\/p>\n","protected":false},"author":2,"featured_media":0,"parent":10271,"menu_order":183,"comment_status":"closed","ping_status":"closed","template":"","meta":{"_acf_changed":false,"_uag_custom_page_level_css":"","_monsterinsights_skip_tracking":false,"_monsterinsights_sitenote_active":false,"_monsterinsights_sitenote_note":"","_monsterinsights_sitenote_category":0,"footnotes":""},"class_list":["post-13063","page","type-page","status-publish","hentry"],"acf":[],"yoast_head":"<!-- This site is optimized with the Yoast SEO plugin v27.4 - https:\/\/yoast.com\/product\/yoast-seo-wordpress\/ -->\n<title>Rentoutumishuone - MEDICAL SPA NARVA-J\u00d5ESUU<\/title>\n<meta name=\"robots\" content=\"index, follow, max-snippet:-1, max-image-preview:large, max-video-preview:-1\" \/>\n<link rel=\"canonical\" href=\"https:\/\/narvajoesuu.ee\/fi\/kylpylaloma\/tehokkaat-ja-ainutlaatuiset-laitehoidot-kasvoille-ja-vartalolle\/rentoutumishuone\/\" \/>\n<meta property=\"og:locale\" content=\"fi_FI\" \/>\n<meta property=\"og:type\" content=\"article\" \/>\n<meta property=\"og:title\" content=\"Rentoutumishuone - MEDICAL SPA NARVA-J\u00d5ESUU\" \/>\n<meta property=\"og:description\" content=\"Tehokas menetelm\u00e4 syv\u00e4\u00e4n rentoutumiseen. Tuloksena on ahdistuneisuuden merkitt\u00e4v\u00e4 v\u00e4heneminen, mielialan normalisoituminen ja parantunut unen laatu ja kesto. Alpha-Stim on nopea,...\" \/>\n<meta property=\"og:url\" content=\"https:\/\/narvajoesuu.ee\/fi\/kylpylaloma\/tehokkaat-ja-ainutlaatuiset-laitehoidot-kasvoille-ja-vartalolle\/rentoutumishuone\/\" \/>\n<meta property=\"og:site_name\" content=\"MEDICAL SPA NARVA-J\u00d5ESUU\" \/>\n<meta property=\"article:modified_time\" content=\"2024-05-15T09:11:59+00:00\" \/>\n<meta property=\"og:image\" content=\"https:\/\/narvajoesuu.ee\/wp-content\/uploads\/2021\/12\/Maja-pilt.png\" \/>\n\t<meta property=\"og:image:width\" content=\"1200\" \/>\n\t<meta property=\"og:image:height\" content=\"630\" \/>\n\t<meta property=\"og:image:type\" content=\"image\/png\" \/>\n<meta name=\"twitter:card\" content=\"summary_large_image\" \/>\n<meta name=\"twitter:label1\" content=\"Arvioitu lukuaika\" \/>\n\t<meta name=\"twitter:data1\" content=\"2 minuuttia\" \/>\n<script type=\"application\/ld+json\" class=\"yoast-schema-graph\">{\"@context\":\"https:\\\/\\\/schema.org\",\"@graph\":[{\"@type\":\"WebPage\",\"@id\":\"https:\\\/\\\/narvajoesuu.ee\\\/fi\\\/kylpylaloma\\\/tehokkaat-ja-ainutlaatuiset-laitehoidot-kasvoille-ja-vartalolle\\\/rentoutumishuone\\\/\",\"url\":\"https:\\\/\\\/narvajoesuu.ee\\\/fi\\\/kylpylaloma\\\/tehokkaat-ja-ainutlaatuiset-laitehoidot-kasvoille-ja-vartalolle\\\/rentoutumishuone\\\/\",\"name\":\"Rentoutumishuone - MEDICAL SPA NARVA-J\u00d5ESUU\",\"isPartOf\":{\"@id\":\"https:\\\/\\\/narvajoesuu.ee\\\/#website\"},\"datePublished\":\"2023-09-19T13:12:56+00:00\",\"dateModified\":\"2024-05-15T09:11:59+00:00\",\"breadcrumb\":{\"@id\":\"https:\\\/\\\/narvajoesuu.ee\\\/fi\\\/kylpylaloma\\\/tehokkaat-ja-ainutlaatuiset-laitehoidot-kasvoille-ja-vartalolle\\\/rentoutumishuone\\\/#breadcrumb\"},\"inLanguage\":\"fi\",\"potentialAction\":[{\"@type\":\"ReadAction\",\"target\":[\"https:\\\/\\\/narvajoesuu.ee\\\/fi\\\/kylpylaloma\\\/tehokkaat-ja-ainutlaatuiset-laitehoidot-kasvoille-ja-vartalolle\\\/rentoutumishuone\\\/\"]}]},{\"@type\":\"BreadcrumbList\",\"@id\":\"https:\\\/\\\/narvajoesuu.ee\\\/fi\\\/kylpylaloma\\\/tehokkaat-ja-ainutlaatuiset-laitehoidot-kasvoille-ja-vartalolle\\\/rentoutumishuone\\\/#breadcrumb\",\"itemListElement\":[{\"@type\":\"ListItem\",\"position\":1,\"name\":\"Home\",\"item\":\"https:\\\/\\\/narvajoesuu.ee\\\/fi\\\/\"},{\"@type\":\"ListItem\",\"position\":2,\"name\":\"Kylpyl\u00e4loma\",\"item\":\"https:\\\/\\\/narvajoesuu.ee\\\/fi\\\/kylpylaloma\\\/\"},{\"@type\":\"ListItem\",\"position\":3,\"name\":\"Kosmeettisia ja l\u00e4\u00e4ketieteellisi\u00e4 uutuuksia nuoruuden, laihdutuksen, kauneuden ja terveyden tukemiseksi\",\"item\":\"https:\\\/\\\/narvajoesuu.ee\\\/fi\\\/kylpylaloma\\\/tehokkaat-ja-ainutlaatuiset-laitehoidot-kasvoille-ja-vartalolle\\\/\"},{\"@type\":\"ListItem\",\"position\":4,\"name\":\"Rentoutumishuone\"}]},{\"@type\":\"WebSite\",\"@id\":\"https:\\\/\\\/narvajoesuu.ee\\\/#website\",\"url\":\"https:\\\/\\\/narvajoesuu.ee\\\/\",\"name\":\"MEDICAL SPA NARVA-J\u00d5ESUU\",\"description\":\"\",\"publisher\":{\"@id\":\"https:\\\/\\\/narvajoesuu.ee\\\/#organization\"},\"potentialAction\":[{\"@type\":\"SearchAction\",\"target\":{\"@type\":\"EntryPoint\",\"urlTemplate\":\"https:\\\/\\\/narvajoesuu.ee\\\/?s={search_term_string}\"},\"query-input\":{\"@type\":\"PropertyValueSpecification\",\"valueRequired\":true,\"valueName\":\"search_term_string\"}}],\"inLanguage\":\"fi\"},{\"@type\":\"Organization\",\"@id\":\"https:\\\/\\\/narvajoesuu.ee\\\/#organization\",\"name\":\"Narva-J\u00f5esuu Medical SPA\",\"url\":\"https:\\\/\\\/narvajoesuu.ee\\\/\",\"logo\":{\"@type\":\"ImageObject\",\"inLanguage\":\"fi\",\"@id\":\"https:\\\/\\\/narvajoesuu.ee\\\/#\\\/schema\\\/logo\\\/image\\\/\",\"url\":\"https:\\\/\\\/narvajoesuu.ee\\\/wp-content\\\/uploads\\\/2020\\\/10\\\/narvajoesuu-logo-small.png\",\"contentUrl\":\"https:\\\/\\\/narvajoesuu.ee\\\/wp-content\\\/uploads\\\/2020\\\/10\\\/narvajoesuu-logo-small.png\",\"width\":170,\"height\":170,\"caption\":\"Narva-J\u00f5esuu Medical SPA\"},\"image\":{\"@id\":\"https:\\\/\\\/narvajoesuu.ee\\\/#\\\/schema\\\/logo\\\/image\\\/\"}}]}<\/script>\n<!-- \/ Yoast SEO plugin. -->","yoast_head_json":{"title":"Rentoutumishuone - MEDICAL SPA NARVA-J\u00d5ESUU","robots":{"index":"index","follow":"follow","max-snippet":"max-snippet:-1","max-image-preview":"max-image-preview:large","max-video-preview":"max-video-preview:-1"},"canonical":"https:\/\/narvajoesuu.ee\/fi\/kylpylaloma\/tehokkaat-ja-ainutlaatuiset-laitehoidot-kasvoille-ja-vartalolle\/rentoutumishuone\/","og_locale":"fi_FI","og_type":"article","og_title":"Rentoutumishuone - MEDICAL SPA NARVA-J\u00d5ESUU","og_description":"Tehokas menetelm\u00e4 syv\u00e4\u00e4n rentoutumiseen. Tuloksena on ahdistuneisuuden merkitt\u00e4v\u00e4 v\u00e4heneminen, mielialan normalisoituminen ja parantunut unen laatu ja kesto. Alpha-Stim on nopea,...","og_url":"https:\/\/narvajoesuu.ee\/fi\/kylpylaloma\/tehokkaat-ja-ainutlaatuiset-laitehoidot-kasvoille-ja-vartalolle\/rentoutumishuone\/","og_site_name":"MEDICAL SPA NARVA-J\u00d5ESUU","article_modified_time":"2024-05-15T09:11:59+00:00","og_image":[{"width":1200,"height":630,"url":"https:\/\/narvajoesuu.ee\/wp-content\/uploads\/2021\/12\/Maja-pilt.png","type":"image\/png"}],"twitter_card":"summary_large_image","twitter_misc":{"Arvioitu lukuaika":"2 minuuttia"},"schema":{"@context":"https:\/\/schema.org","@graph":[{"@type":"WebPage","@id":"https:\/\/narvajoesuu.ee\/fi\/kylpylaloma\/tehokkaat-ja-ainutlaatuiset-laitehoidot-kasvoille-ja-vartalolle\/rentoutumishuone\/","url":"https:\/\/narvajoesuu.ee\/fi\/kylpylaloma\/tehokkaat-ja-ainutlaatuiset-laitehoidot-kasvoille-ja-vartalolle\/rentoutumishuone\/","name":"Rentoutumishuone - MEDICAL SPA NARVA-J\u00d5ESUU","isPartOf":{"@id":"https:\/\/narvajoesuu.ee\/#website"},"datePublished":"2023-09-19T13:12:56+00:00","dateModified":"2024-05-15T09:11:59+00:00","breadcrumb":{"@id":"https:\/\/narvajoesuu.ee\/fi\/kylpylaloma\/tehokkaat-ja-ainutlaatuiset-laitehoidot-kasvoille-ja-vartalolle\/rentoutumishuone\/#breadcrumb"},"inLanguage":"fi","potentialAction":[{"@type":"ReadAction","target":["https:\/\/narvajoesuu.ee\/fi\/kylpylaloma\/tehokkaat-ja-ainutlaatuiset-laitehoidot-kasvoille-ja-vartalolle\/rentoutumishuone\/"]}]},{"@type":"BreadcrumbList","@id":"https:\/\/narvajoesuu.ee\/fi\/kylpylaloma\/tehokkaat-ja-ainutlaatuiset-laitehoidot-kasvoille-ja-vartalolle\/rentoutumishuone\/#breadcrumb","itemListElement":[{"@type":"ListItem","position":1,"name":"Home","item":"https:\/\/narvajoesuu.ee\/fi\/"},{"@type":"ListItem","position":2,"name":"Kylpyl\u00e4loma","item":"https:\/\/narvajoesuu.ee\/fi\/kylpylaloma\/"},{"@type":"ListItem","position":3,"name":"Kosmeettisia ja l\u00e4\u00e4ketieteellisi\u00e4 uutuuksia nuoruuden, laihdutuksen, kauneuden ja terveyden tukemiseksi","item":"https:\/\/narvajoesuu.ee\/fi\/kylpylaloma\/tehokkaat-ja-ainutlaatuiset-laitehoidot-kasvoille-ja-vartalolle\/"},{"@type":"ListItem","position":4,"name":"Rentoutumishuone"}]},{"@type":"WebSite","@id":"https:\/\/narvajoesuu.ee\/#website","url":"https:\/\/narvajoesuu.ee\/","name":"MEDICAL SPA NARVA-J\u00d5ESUU","description":"","publisher":{"@id":"https:\/\/narvajoesuu.ee\/#organization"},"potentialAction":[{"@type":"SearchAction","target":{"@type":"EntryPoint","urlTemplate":"https:\/\/narvajoesuu.ee\/?s={search_term_string}"},"query-input":{"@type":"PropertyValueSpecification","valueRequired":true,"valueName":"search_term_string"}}],"inLanguage":"fi"},{"@type":"Organization","@id":"https:\/\/narvajoesuu.ee\/#organization","name":"Narva-J\u00f5esuu Medical SPA","url":"https:\/\/narvajoesuu.ee\/","logo":{"@type":"ImageObject","inLanguage":"fi","@id":"https:\/\/narvajoesuu.ee\/#\/schema\/logo\/image\/","url":"https:\/\/narvajoesuu.ee\/wp-content\/uploads\/2020\/10\/narvajoesuu-logo-small.png","contentUrl":"https:\/\/narvajoesuu.ee\/wp-content\/uploads\/2020\/10\/narvajoesuu-logo-small.png","width":170,"height":170,"caption":"Narva-J\u00f5esuu Medical SPA"},"image":{"@id":"https:\/\/narvajoesuu.ee\/#\/schema\/logo\/image\/"}}]}},"uagb_featured_image_src":{"full":false,"thumbnail":false,"medium":false,"medium_large":false,"large":false,"1536x1536":false,"2048x2048":false,"img-1920x550":false,"img-1920x320":false,"img-1920x200":false,"img-670x480":false,"img-570x280":false,"img-507":false,"img-370x240":false,"img-400x250":false,"img-370x175":false,"img-370x120":false,"img-300":false,"img-170":false},"uagb_author_info":{"display_name":"Darja","author_link":"https:\/\/narvajoesuu.ee\/fi\/author\/darja\/"},"uagb_comment_info":0,"uagb_excerpt":"Tehokas menetelm\u00e4 syv\u00e4\u00e4n rentoutumiseen. Tuloksena on ahdistuneisuuden merkitt\u00e4v\u00e4 v\u00e4heneminen, mielialan normalisoituminen ja parantunut unen laatu ja kesto. Alpha-Stim on nopea,...","_links":{"self":[{"href":"https:\/\/narvajoesuu.ee\/fi\/wp-json\/wp\/v2\/pages\/13063","targetHints":{"allow":["GET"]}}],"collection":[{"href":"https:\/\/narvajoesuu.ee\/fi\/wp-json\/wp\/v2\/pages"}],"about":[{"href":"https:\/\/narvajoesuu.ee\/fi\/wp-json\/wp\/v2\/types\/page"}],"author":[{"embeddable":true,"href":"https:\/\/narvajoesuu.ee\/fi\/wp-json\/wp\/v2\/users\/2"}],"replies":[{"embeddable":true,"href":"https:\/\/narvajoesuu.ee\/fi\/wp-json\/wp\/v2\/comments?post=13063"}],"version-history":[{"count":4,"href":"https:\/\/narvajoesuu.ee\/fi\/wp-json\/wp\/v2\/pages\/13063\/revisions"}],"predecessor-version":[{"id":19041,"href":"https:\/\/narvajoesuu.ee\/fi\/wp-json\/wp\/v2\/pages\/13063\/revisions\/19041"}],"up":[{"embeddable":true,"href":"https:\/\/narvajoesuu.ee\/fi\/wp-json\/wp\/v2\/pages\/10271"}],"wp:attachment":[{"href":"https:\/\/narvajoesuu.ee\/fi\/wp-json\/wp\/v2\/media?parent=13063"}],"curies":[{"name":"wp","href":"https:\/\/api.w.org\/{rel}","templated":true}]}}