{"id":11873,"date":"2023-09-20T12:07:51","date_gmt":"2023-09-20T09:07:51","guid":{"rendered":"https:\/\/narvajoesuu.ee\/?page_id=11873"},"modified":"2023-09-26T08:43:26","modified_gmt":"2023-09-26T05:43:26","slug":"antistress-ohjelma-stressia-vastaan-5-yota","status":"publish","type":"page","link":"https:\/\/narvajoesuu.ee\/fi\/kylpylaloma\/loogastuspaketid\/antistress-ohjelma-stressia-vastaan-5-yota\/","title":{"rendered":"\u201dANTISTRESS\u201d- ohjelma stressi\u00e4 vastaan (5 y\u00f6t\u00e4)"},"content":{"rendered":"<div class=\"b-block pad-top-30 pad-bottom-20\"><div class=\"p-emphasis b-part container-p0 p-emphasis--info\"><p>Jos stressi on vienyt el\u00e4m\u00e4st\u00e4si ilon ja v\u00e4rit, loma Narva-J\u00f5esuun terveyskylpyl\u00e4ss\u00e4 auttaa sinua. Kylpyl\u00e4n &#8221;Antistress&#8221;-ohjelma antaa sinulle 5 p\u00e4iv\u00e4\u00e4 t\u00e4ydellist\u00e4 lepoa, rentouttavia hoitoja ja saunakeskuksen k\u00e4ytt\u00f6\u00e4.<\/p>\n<\/div><\/div>\n\n\n<h3 class=\"wp-block-heading wp-el\">TEIT\u00c4 ODOTTAA:<\/h3>\n\n\n\n<ul class=\"wp-el wp-block-list\">\n<li>Keskustelu kauneus- ja terveyskeskuksemme asiantuntijoiden kanssa (20 min)<\/li>\n<\/ul>\n\n\n\n<figure class=\"wp-block-table is-style-stripes\"><table><thead><tr><th class=\"has-text-align-left\" data-align=\"left\">Ohjelmaan kuuluvat seuraavat hoidot:<\/th><\/tr><\/thead><tbody><tr><td class=\"has-text-align-left\" data-align=\"left\"><em>Rentoutuva hieronta QUATTROMANO &#8211; vesihierontas\u00e4ngyll\u00e4 (40 min)<\/em><br>T\u00e4m\u00e4 on ainutlaatuinen vesihierontas\u00e4nky, vastaavaa ei ole koko Virossa. Toimenpiteen aikana ei tapahdu kosketusta veteen, mutta vartalo on t\u00e4ysin tuettu ja l\u00e4hes painoton. Nelj\u00e4 vesisuihkua hieroo tehokkaasti koko kehoa. Toimenpide v\u00e4hent\u00e4\u00e4 lihasj\u00e4nnityst\u00e4, lievitt\u00e4\u00e4 stressi\u00e4. Tunnelma hierontahuoneessa on suotuisa syv\u00e4rentoutumiselle ja kevyille p\u00e4iv\u00e4unille. Yksi asiakkaidemme suosituimmista rentoutushoidoista<\/td><\/tr><tr><td class=\"has-text-align-left\" data-align=\"left\"><em>Stressi\u00e4 est\u00e4v\u00e4 hierontakylpy arteesisella vedell\u00e4 ja yrtti\u00f6ljyll\u00e4 (10 min)<\/em><br>Yrtti-hierontakylvyt ovat l\u00e4mpimi\u00e4 vesikylpyj\u00e4, joissa kylpyveteen lis\u00e4t\u00e4\u00e4n erilaisia kasviper\u00e4isi\u00e4 tiivisteit\u00e4 ja hyvin hienoja poreita ja hierovia vesiry\u00f6ppyj\u00e4. L\u00e4mpim\u00e4n veden ja yrttiuutteen yhteisvaikutus on rentouttava ja stressi\u00e4 laukaiseva, hermosto tasapainottuu, unenlaatu paranee, k\u00e4sien ja jalkojen verenkierto paranee ja ihosta tulee pehme\u00e4mpi, kimmoisampi ja sile\u00e4mpi.<\/td><\/tr><tr><td class=\"has-text-align-left\" data-align=\"left\"><em>Rentoutumishuone (20 min)<\/em><br>Tehokas menetelm\u00e4 syv\u00e4\u00e4n rentoutumiseen. Tuloksena on ahdistuneisuuden merkitt\u00e4v\u00e4 v\u00e4heneminen, mielialan normalisoituminen ja parantunut unen laatu ja kesto. Alpha-Stim on nopea, todistettu, l\u00e4\u00e4kkeet\u00f6n s\u00e4hk\u00f6terapiahoito ahdistukseen, unettomuuteen ja masennukseen.<\/td><\/tr><tr><td class=\"has-text-align-left\" data-align=\"left\"><em>Kuiva otsonikylpy (10 min)<\/em><br>Otsonihoitoa siedet\u00e4\u00e4n eritt\u00e4in hyvin eik\u00e4 vasta-aiheita siihen melkein ole. Kuiva otsonikylpy palauttaa solujen ravinnon, edist\u00e4\u00e4 solunsis\u00e4isen aineenvaihdunnan stimulaatiota, lis\u00e4\u00e4 yleist\u00e4 vastustuskyky\u00e4 sairauksia vastaan ja auttaa puhdistamaan kehon myrkyist\u00e4.<\/td><\/tr><tr><td class=\"has-text-align-left\" data-align=\"left\"><em>Kromoterapia Himalayan Cube suolakammiossa (20 min) \u2013 <strong>2 hoitokertaa lahjaksi <\/strong><\/em><br>Ylellinen italialaistyylinen huone Himalajan suolalla ja kromoterapialla ei ole vain muodikas, vaan my\u00f6s hy\u00f6dyllinen! Toimenpiteen aikana sinua ymp\u00e4r\u00f6iv\u00e4 suolah\u00f6yry vaikuttaa hengityselinten lis\u00e4ksi my\u00f6s ihon tilaan. Immuunij\u00e4rjestelm\u00e4 vahvistuu, hyvinvointi ja mieliala paranevat.<\/td><\/tr><\/tbody><\/table><figcaption class=\"wp-element-caption\"><em><strong>Lahjaksi<\/strong>: Stretching-harjoitukset Harjoitukset j\u00e4rjestet\u00e4\u00e4n kahdesti viikossa, maanantaisin ja keskiviikkoisin! Aqua Zumba -harjoitukset Aqua Zumbaa eli vesiaerobicia j\u00e4rjestet\u00e4\u00e4n sis\u00e4uima-altaassa ma-pe<strong>.<\/strong><\/em><\/figcaption><\/figure>\n\n\n\n<h3 class=\"wp-block-heading wp-el\"><strong><strong>LIS\u00c4Y\u00d6N HINTAAN SIS\u00c4LTYY:<\/strong><\/strong><\/h3>\n\n\n\n<ul class=\"wp-el wp-block-list\">\n<li>Majoitus (5 y\u00f6t\u00e4) yhden tai kahden hengen huoneessa (sis\u00e4\u00e4nkirjautuminen klo 16.00, uloskirjautuminen klo 12.00)<\/li>\n\n\n\n<li>Ruokanautinto buffet ravintolassa \u2013 5 aamiaista, 5 illallista<\/li>\n\n\n\n<li><a href=\"https:\/\/narvajoesuu.ee\/fi\/kylpylaloma\/saunakeskus\/galerii\/\">Saunakeskuksen<\/a>, uima-altaan ja kuntosalin rajoittamaton k\u00e4ytt\u00f6 (joka p\u00e4iv\u00e4 aukioloaikoina).<\/li>\n\n\n\n<li><a href=\"https:\/\/narvajoesuu.ee\/fi\/kylpylaloma\/arteesisella-vedella-taytetty-lammitetty-ulkoallas-ja-poreallas-aurinkoterassilla\/\">L\u00e4mmitetyn ulkoaltaan ja porealtaan k\u00e4ytt\u00f6<\/a>&nbsp;(veden l\u00e4mp\u00f6tila on kylm\u00e4ll\u00e4 s\u00e4\u00e4ll\u00e4kin 30\u00b0\u0421) \/ auki huhtikuusta lokakuuhun)<\/li>\n\n\n\n<li>Aamutakit, WiFi, pys\u00e4k\u00f6inti<\/li>\n<\/ul>\n\n\n\n<details class=\"wp-block-details is-layout-flow wp-block-details-is-layout-flow\"><summary>Jotta lomastasi tulisi viel\u00e4kin valoisampi ja ikimuistoisempi, suosittelemme varaamaan uudet tuotteemme:<\/summary>\n<ul class=\"wp-el wp-block-list\">\n<li><\/li>\n\n\n\n<li><em>Rentouttava kompleksi 2in1<\/em>  <a href=\"https:\/\/narvajoesuu.ee\/fi\/kylpylaloma\/tehokkaat-ja-ainutlaatuiset-laitehoidot-kasvoille-ja-vartalolle\/trooppinen-huone-syva-rentoutuminen-ja-taydellinen-mielenrauha\/\">Trooppinen huone kokemus (20 min)<\/a> + <a href=\"https:\/\/narvajoesuu.ee\/fi\/kylpylaloma\/tehokkaat-ja-ainutlaatuiset-laitehoidot-kasvoille-ja-vartalolle\/vr-kokemus\/\">VR-kokemus (20 min)<\/a><\/li>\n\n\n\n<li><a href=\"https:\/\/narvajoesuu.ee\/fi\/kylpylaloma\/tehokkaat-ja-ainutlaatuiset-laitehoidot-kasvoille-ja-vartalolle\/aurinkoinen-hiekkahuone-rentoutusmenetelma-relaksointiin-ja-nuorentumiseen\/\">Aurinkoinen hiekkahuone, rentoutusmenetelm\u00e4 relaksointiin ja nuorentumiseen<\/a><\/li>\n<\/ul>\n<\/details>\n\n\n\n<div style=\"height:23px\" aria-hidden=\"true\" class=\"wp-block-spacer\"><\/div>\n\n\n\n<details class=\"wp-block-details is-layout-flow wp-block-details-is-layout-flow\"><summary>Halutessasi voit lis\u00e4maksusta korvata seisovan p\u00f6yd\u00e4n seuraavilla aterioilla:<\/summary>\n<ul class=\"wp-el wp-block-list\">\n<li><\/li>\n\n\n\n<li>Fitlap-ruokalistan mukaisella aterialla <em>119 \u20ac<\/em><\/li>\n\n\n\n<li>Detox-ruokalistan mukaisella aterialla <em>119 \u20ac<\/em><\/li>\n<\/ul>\n<\/details>\n\n\n\n<div style=\"height:23px\" aria-hidden=\"true\" class=\"wp-block-spacer\"><\/div>\n\n\n\n<figure class=\"wp-block-table is-style-stripes\"><table class=\"has-fixed-layout\"><thead><tr><th class=\"has-text-align-left\" data-align=\"left\">\u201dANTISTRESS\u201d- ohjelma stressi\u00e4 vastaan (5 y\u00f6t\u00e4)<\/th><th class=\"has-text-align-center\" data-align=\"center\"><\/th><\/tr><\/thead><tbody><tr><td class=\"has-text-align-left\" data-align=\"left\">SINGLE<\/td><td class=\"has-text-align-center\" data-align=\"center\"><em><strong>425 \u20ac<\/strong><\/em><\/td><\/tr><tr><td class=\"has-text-align-left\" data-align=\"left\">\u00bd TWIN<\/td><td class=\"has-text-align-center\" data-align=\"center\"><strong><em>335 \u20ac<\/em><\/strong><\/td><\/tr><\/tbody><\/table><figcaption class=\"wp-element-caption\"><em>Tarjous on voimassa varauksiin ja majoitukseen <strong>sunnuntaista perjantaihin<\/strong> ajanjakson: 22.12.2023 \/ 02.01 \u2013 31.05.2024<\/em><\/figcaption><\/figure>\n\n\n\n<hr class=\"wp-block-separator has-alpha-channel-opacity\"\/>\n\n\n\n<ul class=\"wp-el wp-block-list\">\n<li><a href=\"https:\/\/narvajoesuu.ee\/fi\/hotelli\/huoneet\/lisamaksu-majoituksesta-paketin-ostaneille\/\">Lis\u00e4maksu paketin ostaneille asiakkaille<\/a><\/li>\n\n\n\n<li><a href=\"https:\/\/narvajoesuu.ee\/fi\/hotelli\/asiakaskortti\/\">Asiakaskortti<\/a><\/li>\n\n\n\n<li><a href=\"https:\/\/narvajoesuu.ee\/fi\/hotelli\/varausehdot\/\">Pakettien varausehdot<\/a><\/li>\n<\/ul>\n\n\n<div class=\"b-block pad-top-30 pad-bottom-20\"><div class=\"p-emphasis b-part container-p0 p-emphasis--warn\"><p>Huomio! Kylpyl\u00e4 pid\u00e4tt\u00e4\u00e4 itselleen oikeuden hinnanmuutoksiin ilman etuk\u00e4teen ilmoittamatta. Asiakkaille ei palauteta ennakkoa palveluista, jotka ovat j\u00e4\u00e4neet k\u00e4ytt\u00e4m\u00e4tt\u00e4 Narva-J\u00f5esuun kylpyl\u00e4st\u00e4 riippumattomista syist\u00e4.<\/p>\n<\/div><\/div>","protected":false},"excerpt":{"rendered":"<p>TEIT\u00c4 ODOTTAA: Ohjelmaan kuuluvat seuraavat hoidot: Rentoutuva hieronta QUATTROMANO &#8211; vesihierontas\u00e4ngyll\u00e4 (40 min)T\u00e4m\u00e4 on ainutlaatuinen vesihierontas\u00e4nky, vastaavaa ei ole koko&#8230;<\/p>\n","protected":false},"author":2,"featured_media":0,"parent":10620,"menu_order":166,"comment_status":"closed","ping_status":"closed","template":"","meta":{"_acf_changed":false,"_uag_custom_page_level_css":"","_monsterinsights_skip_tracking":false,"_monsterinsights_sitenote_active":false,"_monsterinsights_sitenote_note":"","_monsterinsights_sitenote_category":0,"footnotes":""},"class_list":["post-11873","page","type-page","status-publish","hentry"],"acf":[],"yoast_head":"<!-- This site is optimized with the Yoast SEO plugin v27.3 - https:\/\/yoast.com\/product\/yoast-seo-wordpress\/ -->\n<title>\u201dANTISTRESS\u201d- ohjelma stressi\u00e4 vastaan (5 y\u00f6t\u00e4) - MEDICAL SPA NARVA-J\u00d5ESUU<\/title>\n<meta name=\"robots\" content=\"index, follow, max-snippet:-1, max-image-preview:large, max-video-preview:-1\" \/>\n<link rel=\"canonical\" href=\"https:\/\/narvajoesuu.ee\/fi\/kylpylaloma\/loogastuspaketid\/antistress-ohjelma-stressia-vastaan-5-yota\/\" \/>\n<meta property=\"og:locale\" content=\"fi_FI\" \/>\n<meta property=\"og:type\" content=\"article\" \/>\n<meta property=\"og:title\" content=\"\u201dANTISTRESS\u201d- ohjelma stressi\u00e4 vastaan (5 y\u00f6t\u00e4) - MEDICAL SPA NARVA-J\u00d5ESUU\" \/>\n<meta property=\"og:description\" content=\"TEIT\u00c4 ODOTTAA: Ohjelmaan kuuluvat seuraavat hoidot: Rentoutuva hieronta QUATTROMANO &#8211; vesihierontas\u00e4ngyll\u00e4 (40 min)T\u00e4m\u00e4 on ainutlaatuinen vesihierontas\u00e4nky, vastaavaa ei ole koko...\" \/>\n<meta property=\"og:url\" content=\"https:\/\/narvajoesuu.ee\/fi\/kylpylaloma\/loogastuspaketid\/antistress-ohjelma-stressia-vastaan-5-yota\/\" \/>\n<meta property=\"og:site_name\" content=\"MEDICAL SPA NARVA-J\u00d5ESUU\" \/>\n<meta property=\"article:modified_time\" content=\"2023-09-26T05:43:26+00:00\" \/>\n<meta property=\"og:image\" content=\"https:\/\/narvajoesuu.ee\/wp-content\/uploads\/2021\/12\/Maja-pilt.png\" \/>\n\t<meta property=\"og:image:width\" content=\"1200\" \/>\n\t<meta property=\"og:image:height\" content=\"630\" \/>\n\t<meta property=\"og:image:type\" content=\"image\/png\" \/>\n<meta name=\"twitter:card\" content=\"summary_large_image\" \/>\n<meta name=\"twitter:label1\" content=\"Arvioitu lukuaika\" \/>\n\t<meta name=\"twitter:data1\" content=\"1 minuutti\" \/>\n<script type=\"application\/ld+json\" class=\"yoast-schema-graph\">{\"@context\":\"https:\\\/\\\/schema.org\",\"@graph\":[{\"@type\":\"WebPage\",\"@id\":\"https:\\\/\\\/narvajoesuu.ee\\\/fi\\\/kylpylaloma\\\/loogastuspaketid\\\/antistress-ohjelma-stressia-vastaan-5-yota\\\/\",\"url\":\"https:\\\/\\\/narvajoesuu.ee\\\/fi\\\/kylpylaloma\\\/loogastuspaketid\\\/antistress-ohjelma-stressia-vastaan-5-yota\\\/\",\"name\":\"\u201dANTISTRESS\u201d- ohjelma stressi\u00e4 vastaan (5 y\u00f6t\u00e4) - MEDICAL SPA NARVA-J\u00d5ESUU\",\"isPartOf\":{\"@id\":\"https:\\\/\\\/narvajoesuu.ee\\\/#website\"},\"datePublished\":\"2023-09-20T09:07:51+00:00\",\"dateModified\":\"2023-09-26T05:43:26+00:00\",\"breadcrumb\":{\"@id\":\"https:\\\/\\\/narvajoesuu.ee\\\/fi\\\/kylpylaloma\\\/loogastuspaketid\\\/antistress-ohjelma-stressia-vastaan-5-yota\\\/#breadcrumb\"},\"inLanguage\":\"fi\",\"potentialAction\":[{\"@type\":\"ReadAction\",\"target\":[\"https:\\\/\\\/narvajoesuu.ee\\\/fi\\\/kylpylaloma\\\/loogastuspaketid\\\/antistress-ohjelma-stressia-vastaan-5-yota\\\/\"]}]},{\"@type\":\"BreadcrumbList\",\"@id\":\"https:\\\/\\\/narvajoesuu.ee\\\/fi\\\/kylpylaloma\\\/loogastuspaketid\\\/antistress-ohjelma-stressia-vastaan-5-yota\\\/#breadcrumb\",\"itemListElement\":[{\"@type\":\"ListItem\",\"position\":1,\"name\":\"Home\",\"item\":\"https:\\\/\\\/narvajoesuu.ee\\\/fi\\\/\"},{\"@type\":\"ListItem\",\"position\":2,\"name\":\"Kylpyl\u00e4loma\",\"item\":\"https:\\\/\\\/narvajoesuu.ee\\\/fi\\\/kylpylaloma\\\/\"},{\"@type\":\"ListItem\",\"position\":3,\"name\":\"L\u00f5\u00f5gastuspaketid\",\"item\":\"https:\\\/\\\/narvajoesuu.ee\\\/fi\\\/kylpylaloma\\\/loogastuspaketid\\\/\"},{\"@type\":\"ListItem\",\"position\":4,\"name\":\"\u201dANTISTRESS\u201d- ohjelma stressi\u00e4 vastaan (5 y\u00f6t\u00e4)\"}]},{\"@type\":\"WebSite\",\"@id\":\"https:\\\/\\\/narvajoesuu.ee\\\/#website\",\"url\":\"https:\\\/\\\/narvajoesuu.ee\\\/\",\"name\":\"MEDICAL SPA NARVA-J\u00d5ESUU\",\"description\":\"\",\"publisher\":{\"@id\":\"https:\\\/\\\/narvajoesuu.ee\\\/#organization\"},\"potentialAction\":[{\"@type\":\"SearchAction\",\"target\":{\"@type\":\"EntryPoint\",\"urlTemplate\":\"https:\\\/\\\/narvajoesuu.ee\\\/?s={search_term_string}\"},\"query-input\":{\"@type\":\"PropertyValueSpecification\",\"valueRequired\":true,\"valueName\":\"search_term_string\"}}],\"inLanguage\":\"fi\"},{\"@type\":\"Organization\",\"@id\":\"https:\\\/\\\/narvajoesuu.ee\\\/#organization\",\"name\":\"Narva-J\u00f5esuu Medical SPA\",\"url\":\"https:\\\/\\\/narvajoesuu.ee\\\/\",\"logo\":{\"@type\":\"ImageObject\",\"inLanguage\":\"fi\",\"@id\":\"https:\\\/\\\/narvajoesuu.ee\\\/#\\\/schema\\\/logo\\\/image\\\/\",\"url\":\"https:\\\/\\\/narvajoesuu.ee\\\/wp-content\\\/uploads\\\/2020\\\/10\\\/narvajoesuu-logo-small.png\",\"contentUrl\":\"https:\\\/\\\/narvajoesuu.ee\\\/wp-content\\\/uploads\\\/2020\\\/10\\\/narvajoesuu-logo-small.png\",\"width\":170,\"height\":170,\"caption\":\"Narva-J\u00f5esuu Medical SPA\"},\"image\":{\"@id\":\"https:\\\/\\\/narvajoesuu.ee\\\/#\\\/schema\\\/logo\\\/image\\\/\"}}]}<\/script>\n<!-- \/ Yoast SEO plugin. -->","yoast_head_json":{"title":"\u201dANTISTRESS\u201d- ohjelma stressi\u00e4 vastaan (5 y\u00f6t\u00e4) - MEDICAL SPA NARVA-J\u00d5ESUU","robots":{"index":"index","follow":"follow","max-snippet":"max-snippet:-1","max-image-preview":"max-image-preview:large","max-video-preview":"max-video-preview:-1"},"canonical":"https:\/\/narvajoesuu.ee\/fi\/kylpylaloma\/loogastuspaketid\/antistress-ohjelma-stressia-vastaan-5-yota\/","og_locale":"fi_FI","og_type":"article","og_title":"\u201dANTISTRESS\u201d- ohjelma stressi\u00e4 vastaan (5 y\u00f6t\u00e4) - MEDICAL SPA NARVA-J\u00d5ESUU","og_description":"TEIT\u00c4 ODOTTAA: Ohjelmaan kuuluvat seuraavat hoidot: Rentoutuva hieronta QUATTROMANO &#8211; vesihierontas\u00e4ngyll\u00e4 (40 min)T\u00e4m\u00e4 on ainutlaatuinen vesihierontas\u00e4nky, vastaavaa ei ole koko...","og_url":"https:\/\/narvajoesuu.ee\/fi\/kylpylaloma\/loogastuspaketid\/antistress-ohjelma-stressia-vastaan-5-yota\/","og_site_name":"MEDICAL SPA NARVA-J\u00d5ESUU","article_modified_time":"2023-09-26T05:43:26+00:00","og_image":[{"width":1200,"height":630,"url":"https:\/\/narvajoesuu.ee\/wp-content\/uploads\/2021\/12\/Maja-pilt.png","type":"image\/png"}],"twitter_card":"summary_large_image","twitter_misc":{"Arvioitu lukuaika":"1 minuutti"},"schema":{"@context":"https:\/\/schema.org","@graph":[{"@type":"WebPage","@id":"https:\/\/narvajoesuu.ee\/fi\/kylpylaloma\/loogastuspaketid\/antistress-ohjelma-stressia-vastaan-5-yota\/","url":"https:\/\/narvajoesuu.ee\/fi\/kylpylaloma\/loogastuspaketid\/antistress-ohjelma-stressia-vastaan-5-yota\/","name":"\u201dANTISTRESS\u201d- ohjelma stressi\u00e4 vastaan (5 y\u00f6t\u00e4) - MEDICAL SPA NARVA-J\u00d5ESUU","isPartOf":{"@id":"https:\/\/narvajoesuu.ee\/#website"},"datePublished":"2023-09-20T09:07:51+00:00","dateModified":"2023-09-26T05:43:26+00:00","breadcrumb":{"@id":"https:\/\/narvajoesuu.ee\/fi\/kylpylaloma\/loogastuspaketid\/antistress-ohjelma-stressia-vastaan-5-yota\/#breadcrumb"},"inLanguage":"fi","potentialAction":[{"@type":"ReadAction","target":["https:\/\/narvajoesuu.ee\/fi\/kylpylaloma\/loogastuspaketid\/antistress-ohjelma-stressia-vastaan-5-yota\/"]}]},{"@type":"BreadcrumbList","@id":"https:\/\/narvajoesuu.ee\/fi\/kylpylaloma\/loogastuspaketid\/antistress-ohjelma-stressia-vastaan-5-yota\/#breadcrumb","itemListElement":[{"@type":"ListItem","position":1,"name":"Home","item":"https:\/\/narvajoesuu.ee\/fi\/"},{"@type":"ListItem","position":2,"name":"Kylpyl\u00e4loma","item":"https:\/\/narvajoesuu.ee\/fi\/kylpylaloma\/"},{"@type":"ListItem","position":3,"name":"L\u00f5\u00f5gastuspaketid","item":"https:\/\/narvajoesuu.ee\/fi\/kylpylaloma\/loogastuspaketid\/"},{"@type":"ListItem","position":4,"name":"\u201dANTISTRESS\u201d- ohjelma stressi\u00e4 vastaan (5 y\u00f6t\u00e4)"}]},{"@type":"WebSite","@id":"https:\/\/narvajoesuu.ee\/#website","url":"https:\/\/narvajoesuu.ee\/","name":"MEDICAL SPA NARVA-J\u00d5ESUU","description":"","publisher":{"@id":"https:\/\/narvajoesuu.ee\/#organization"},"potentialAction":[{"@type":"SearchAction","target":{"@type":"EntryPoint","urlTemplate":"https:\/\/narvajoesuu.ee\/?s={search_term_string}"},"query-input":{"@type":"PropertyValueSpecification","valueRequired":true,"valueName":"search_term_string"}}],"inLanguage":"fi"},{"@type":"Organization","@id":"https:\/\/narvajoesuu.ee\/#organization","name":"Narva-J\u00f5esuu Medical SPA","url":"https:\/\/narvajoesuu.ee\/","logo":{"@type":"ImageObject","inLanguage":"fi","@id":"https:\/\/narvajoesuu.ee\/#\/schema\/logo\/image\/","url":"https:\/\/narvajoesuu.ee\/wp-content\/uploads\/2020\/10\/narvajoesuu-logo-small.png","contentUrl":"https:\/\/narvajoesuu.ee\/wp-content\/uploads\/2020\/10\/narvajoesuu-logo-small.png","width":170,"height":170,"caption":"Narva-J\u00f5esuu Medical SPA"},"image":{"@id":"https:\/\/narvajoesuu.ee\/#\/schema\/logo\/image\/"}}]}},"uagb_featured_image_src":{"full":false,"thumbnail":false,"medium":false,"medium_large":false,"large":false,"1536x1536":false,"2048x2048":false,"img-1920x550":false,"img-1920x320":false,"img-1920x200":false,"img-670x480":false,"img-570x280":false,"img-507":false,"img-370x240":false,"img-400x250":false,"img-370x175":false,"img-370x120":false,"img-300":false,"img-170":false},"uagb_author_info":{"display_name":"Darja","author_link":"https:\/\/narvajoesuu.ee\/fi\/author\/darja\/"},"uagb_comment_info":0,"uagb_excerpt":"TEIT\u00c4 ODOTTAA: Ohjelmaan kuuluvat seuraavat hoidot: Rentoutuva hieronta QUATTROMANO &#8211; vesihierontas\u00e4ngyll\u00e4 (40 min)T\u00e4m\u00e4 on ainutlaatuinen vesihierontas\u00e4nky, vastaavaa ei ole koko...","_links":{"self":[{"href":"https:\/\/narvajoesuu.ee\/fi\/wp-json\/wp\/v2\/pages\/11873","targetHints":{"allow":["GET"]}}],"collection":[{"href":"https:\/\/narvajoesuu.ee\/fi\/wp-json\/wp\/v2\/pages"}],"about":[{"href":"https:\/\/narvajoesuu.ee\/fi\/wp-json\/wp\/v2\/types\/page"}],"author":[{"embeddable":true,"href":"https:\/\/narvajoesuu.ee\/fi\/wp-json\/wp\/v2\/users\/2"}],"replies":[{"embeddable":true,"href":"https:\/\/narvajoesuu.ee\/fi\/wp-json\/wp\/v2\/comments?post=11873"}],"version-history":[{"count":5,"href":"https:\/\/narvajoesuu.ee\/fi\/wp-json\/wp\/v2\/pages\/11873\/revisions"}],"predecessor-version":[{"id":17681,"href":"https:\/\/narvajoesuu.ee\/fi\/wp-json\/wp\/v2\/pages\/11873\/revisions\/17681"}],"up":[{"embeddable":true,"href":"https:\/\/narvajoesuu.ee\/fi\/wp-json\/wp\/v2\/pages\/10620"}],"wp:attachment":[{"href":"https:\/\/narvajoesuu.ee\/fi\/wp-json\/wp\/v2\/media?parent=11873"}],"curies":[{"name":"wp","href":"https:\/\/api.w.org\/{rel}","templated":true}]}}