{"id":10722,"date":"2020-09-28T13:21:16","date_gmt":"2020-09-28T10:21:16","guid":{"rendered":"https:\/\/narvajoesuu.ee\/tervisepuhkus\/"},"modified":"2023-03-22T13:52:10","modified_gmt":"2023-03-22T11:52:10","slug":"terveysloma","status":"publish","type":"page","link":"https:\/\/narvajoesuu.ee\/fi\/terveysloma\/","title":{"rendered":"Terveysloma"},"content":{"rendered":"\n<p class=\"wp-el\">Terveydest\u00e4 huolehtiminen on trendi! Meid\u00e4n keskukseen voi tulla suunnitellusti<br>vastustuskyky\u00e4 lis\u00e4\u00e4m\u00e4\u00e4n tai kuntoutumaan riippumatta i\u00e4st\u00e4si, sek\u00e4 lasten kanssa tai<br>ilman.<\/p>\n\n\n\n<p class=\"wp-el\">Olemme suunnitelmallisesti investoineet Virossa ainutlaatuisiin laitteisiin. \u00c4l\u00e4 unohda,<br>ett\u00e4 laitehoito on tehokas ja lis\u00e4ksi hyvin rentouttava. Uusin teknologia auttaa<br>saavuttamaan tehokkaan ja nopean tuloksen.<\/p>\n\n\n\n<p class=\"wp-el\">Asiakkaat pit\u00e4v\u00e4t eniten seuraavista hoidoista:<\/p>\n\n\n\n<ul class=\"wp-el wp-block-list\">\n<li>Valo-, \u00e4\u00e4ni- ja suolaterapia (kromoterapia Himalayan Cube VIP- suolakammiossa) <\/li>\n\n\n\n<li>Otsoniterapia erillisess\u00e4 kuivassa kylvyss\u00e4<\/li>\n\n\n\n<li>Rentouttava niskan, sel\u00e4n ja jalkojen hieronta QUATTROMANO vesivuoteella<\/li>\n\n\n\n<li>Rasva-talletusten v\u00e4hent\u00e4minen &#8211; kryoterapia tai kryolipolyysi Cryovac-laitteella<\/li>\n\n\n\n<li>Mielen ja kehon t\u00e4ydellinen rentoutus Alpha-Stim laiteella<\/li>\n<\/ul>\n\n\n\n<p class=\"wp-el\">Terveyden parantaminen alkaa meid\u00e4n ammatillisen terveydenhoitohenkil\u00f6n<br>vastaanotolta, joka m\u00e4\u00e4r\u00e4\u00e4 sopivat tutkimukset ja hoidot. K\u00e4sittelemme\u00a0<em>hermosto-, luu-<br>ja nivelsairauksia, syd\u00e4n- ja verisuoniongelmia ja hengityselinten sairauksia.<\/em>\u00a0Asiakkaita<br>ohjaavat ja auttavat koko terveysloman aikana terveydenhoitohenkil\u00f6t ja<br>asiakaspalvelijat.<\/p>\n","protected":false},"excerpt":{"rendered":"<p>Terveydest\u00e4 huolehtiminen on trendi! Meid\u00e4n keskukseen voi tulla suunnitellustivastustuskyky\u00e4 lis\u00e4\u00e4m\u00e4\u00e4n tai kuntoutumaan riippumatta i\u00e4st\u00e4si, sek\u00e4 lasten kanssa taiilman. Olemme suunnitelmallisesti&#8230;<\/p>\n","protected":false},"author":3,"featured_media":0,"parent":0,"menu_order":498,"comment_status":"closed","ping_status":"closed","template":"","meta":{"_acf_changed":false,"_uag_custom_page_level_css":"","_monsterinsights_skip_tracking":false,"_monsterinsights_sitenote_active":false,"_monsterinsights_sitenote_note":"","_monsterinsights_sitenote_category":0,"footnotes":""},"class_list":["post-10722","page","type-page","status-publish","hentry"],"acf":[],"yoast_head":"<!-- This site is optimized with the Yoast SEO plugin v27.3 - https:\/\/yoast.com\/product\/yoast-seo-wordpress\/ -->\n<title>Terveysloma - MEDICAL SPA NARVA-J\u00d5ESUU<\/title>\n<meta name=\"robots\" content=\"index, follow, max-snippet:-1, max-image-preview:large, max-video-preview:-1\" \/>\n<link rel=\"canonical\" href=\"https:\/\/narvajoesuu.ee\/fi\/terveysloma\/\" \/>\n<meta property=\"og:locale\" content=\"fi_FI\" \/>\n<meta property=\"og:type\" content=\"article\" \/>\n<meta property=\"og:title\" content=\"Terveysloma - MEDICAL SPA NARVA-J\u00d5ESUU\" \/>\n<meta property=\"og:description\" content=\"Terveydest\u00e4 huolehtiminen on trendi! Meid\u00e4n keskukseen voi tulla suunnitellustivastustuskyky\u00e4 lis\u00e4\u00e4m\u00e4\u00e4n tai kuntoutumaan riippumatta i\u00e4st\u00e4si, sek\u00e4 lasten kanssa taiilman. Olemme suunnitelmallisesti...\" \/>\n<meta property=\"og:url\" content=\"https:\/\/narvajoesuu.ee\/fi\/terveysloma\/\" \/>\n<meta property=\"og:site_name\" content=\"MEDICAL SPA NARVA-J\u00d5ESUU\" \/>\n<meta property=\"article:modified_time\" content=\"2023-03-22T11:52:10+00:00\" \/>\n<meta property=\"og:image\" content=\"https:\/\/narvajoesuu.ee\/wp-content\/uploads\/2021\/12\/Maja-pilt.png\" \/>\n\t<meta property=\"og:image:width\" content=\"1200\" \/>\n\t<meta property=\"og:image:height\" content=\"630\" \/>\n\t<meta property=\"og:image:type\" content=\"image\/png\" \/>\n<meta name=\"twitter:card\" content=\"summary_large_image\" \/>\n<meta name=\"twitter:label1\" content=\"Arvioitu lukuaika\" \/>\n\t<meta name=\"twitter:data1\" content=\"1 minuutti\" \/>\n<script type=\"application\/ld+json\" class=\"yoast-schema-graph\">{\"@context\":\"https:\\\/\\\/schema.org\",\"@graph\":[{\"@type\":\"WebPage\",\"@id\":\"https:\\\/\\\/narvajoesuu.ee\\\/fi\\\/terveysloma\\\/\",\"url\":\"https:\\\/\\\/narvajoesuu.ee\\\/fi\\\/terveysloma\\\/\",\"name\":\"Terveysloma - MEDICAL SPA NARVA-J\u00d5ESUU\",\"isPartOf\":{\"@id\":\"https:\\\/\\\/narvajoesuu.ee\\\/#website\"},\"datePublished\":\"2020-09-28T10:21:16+00:00\",\"dateModified\":\"2023-03-22T11:52:10+00:00\",\"breadcrumb\":{\"@id\":\"https:\\\/\\\/narvajoesuu.ee\\\/fi\\\/terveysloma\\\/#breadcrumb\"},\"inLanguage\":\"fi\",\"potentialAction\":[{\"@type\":\"ReadAction\",\"target\":[\"https:\\\/\\\/narvajoesuu.ee\\\/fi\\\/terveysloma\\\/\"]}]},{\"@type\":\"BreadcrumbList\",\"@id\":\"https:\\\/\\\/narvajoesuu.ee\\\/fi\\\/terveysloma\\\/#breadcrumb\",\"itemListElement\":[{\"@type\":\"ListItem\",\"position\":1,\"name\":\"Home\",\"item\":\"https:\\\/\\\/narvajoesuu.ee\\\/fi\\\/\"},{\"@type\":\"ListItem\",\"position\":2,\"name\":\"Terveysloma\"}]},{\"@type\":\"WebSite\",\"@id\":\"https:\\\/\\\/narvajoesuu.ee\\\/#website\",\"url\":\"https:\\\/\\\/narvajoesuu.ee\\\/\",\"name\":\"MEDICAL SPA NARVA-J\u00d5ESUU\",\"description\":\"\",\"publisher\":{\"@id\":\"https:\\\/\\\/narvajoesuu.ee\\\/#organization\"},\"potentialAction\":[{\"@type\":\"SearchAction\",\"target\":{\"@type\":\"EntryPoint\",\"urlTemplate\":\"https:\\\/\\\/narvajoesuu.ee\\\/?s={search_term_string}\"},\"query-input\":{\"@type\":\"PropertyValueSpecification\",\"valueRequired\":true,\"valueName\":\"search_term_string\"}}],\"inLanguage\":\"fi\"},{\"@type\":\"Organization\",\"@id\":\"https:\\\/\\\/narvajoesuu.ee\\\/#organization\",\"name\":\"Narva-J\u00f5esuu Medical SPA\",\"url\":\"https:\\\/\\\/narvajoesuu.ee\\\/\",\"logo\":{\"@type\":\"ImageObject\",\"inLanguage\":\"fi\",\"@id\":\"https:\\\/\\\/narvajoesuu.ee\\\/#\\\/schema\\\/logo\\\/image\\\/\",\"url\":\"https:\\\/\\\/narvajoesuu.ee\\\/wp-content\\\/uploads\\\/2020\\\/10\\\/narvajoesuu-logo-small.png\",\"contentUrl\":\"https:\\\/\\\/narvajoesuu.ee\\\/wp-content\\\/uploads\\\/2020\\\/10\\\/narvajoesuu-logo-small.png\",\"width\":170,\"height\":170,\"caption\":\"Narva-J\u00f5esuu Medical SPA\"},\"image\":{\"@id\":\"https:\\\/\\\/narvajoesuu.ee\\\/#\\\/schema\\\/logo\\\/image\\\/\"}}]}<\/script>\n<!-- \/ Yoast SEO plugin. -->","yoast_head_json":{"title":"Terveysloma - MEDICAL SPA NARVA-J\u00d5ESUU","robots":{"index":"index","follow":"follow","max-snippet":"max-snippet:-1","max-image-preview":"max-image-preview:large","max-video-preview":"max-video-preview:-1"},"canonical":"https:\/\/narvajoesuu.ee\/fi\/terveysloma\/","og_locale":"fi_FI","og_type":"article","og_title":"Terveysloma - MEDICAL SPA NARVA-J\u00d5ESUU","og_description":"Terveydest\u00e4 huolehtiminen on trendi! Meid\u00e4n keskukseen voi tulla suunnitellustivastustuskyky\u00e4 lis\u00e4\u00e4m\u00e4\u00e4n tai kuntoutumaan riippumatta i\u00e4st\u00e4si, sek\u00e4 lasten kanssa taiilman. Olemme suunnitelmallisesti...","og_url":"https:\/\/narvajoesuu.ee\/fi\/terveysloma\/","og_site_name":"MEDICAL SPA NARVA-J\u00d5ESUU","article_modified_time":"2023-03-22T11:52:10+00:00","og_image":[{"width":1200,"height":630,"url":"https:\/\/narvajoesuu.ee\/wp-content\/uploads\/2021\/12\/Maja-pilt.png","type":"image\/png"}],"twitter_card":"summary_large_image","twitter_misc":{"Arvioitu lukuaika":"1 minuutti"},"schema":{"@context":"https:\/\/schema.org","@graph":[{"@type":"WebPage","@id":"https:\/\/narvajoesuu.ee\/fi\/terveysloma\/","url":"https:\/\/narvajoesuu.ee\/fi\/terveysloma\/","name":"Terveysloma - MEDICAL SPA NARVA-J\u00d5ESUU","isPartOf":{"@id":"https:\/\/narvajoesuu.ee\/#website"},"datePublished":"2020-09-28T10:21:16+00:00","dateModified":"2023-03-22T11:52:10+00:00","breadcrumb":{"@id":"https:\/\/narvajoesuu.ee\/fi\/terveysloma\/#breadcrumb"},"inLanguage":"fi","potentialAction":[{"@type":"ReadAction","target":["https:\/\/narvajoesuu.ee\/fi\/terveysloma\/"]}]},{"@type":"BreadcrumbList","@id":"https:\/\/narvajoesuu.ee\/fi\/terveysloma\/#breadcrumb","itemListElement":[{"@type":"ListItem","position":1,"name":"Home","item":"https:\/\/narvajoesuu.ee\/fi\/"},{"@type":"ListItem","position":2,"name":"Terveysloma"}]},{"@type":"WebSite","@id":"https:\/\/narvajoesuu.ee\/#website","url":"https:\/\/narvajoesuu.ee\/","name":"MEDICAL SPA NARVA-J\u00d5ESUU","description":"","publisher":{"@id":"https:\/\/narvajoesuu.ee\/#organization"},"potentialAction":[{"@type":"SearchAction","target":{"@type":"EntryPoint","urlTemplate":"https:\/\/narvajoesuu.ee\/?s={search_term_string}"},"query-input":{"@type":"PropertyValueSpecification","valueRequired":true,"valueName":"search_term_string"}}],"inLanguage":"fi"},{"@type":"Organization","@id":"https:\/\/narvajoesuu.ee\/#organization","name":"Narva-J\u00f5esuu Medical SPA","url":"https:\/\/narvajoesuu.ee\/","logo":{"@type":"ImageObject","inLanguage":"fi","@id":"https:\/\/narvajoesuu.ee\/#\/schema\/logo\/image\/","url":"https:\/\/narvajoesuu.ee\/wp-content\/uploads\/2020\/10\/narvajoesuu-logo-small.png","contentUrl":"https:\/\/narvajoesuu.ee\/wp-content\/uploads\/2020\/10\/narvajoesuu-logo-small.png","width":170,"height":170,"caption":"Narva-J\u00f5esuu Medical SPA"},"image":{"@id":"https:\/\/narvajoesuu.ee\/#\/schema\/logo\/image\/"}}]}},"uagb_featured_image_src":{"full":false,"thumbnail":false,"medium":false,"medium_large":false,"large":false,"1536x1536":false,"2048x2048":false,"img-1920x550":false,"img-1920x320":false,"img-1920x200":false,"img-670x480":false,"img-570x280":false,"img-507":false,"img-370x240":false,"img-400x250":false,"img-370x175":false,"img-370x120":false,"img-300":false,"img-170":false},"uagb_author_info":{"display_name":"Maksim Mitrofanov","author_link":"https:\/\/narvajoesuu.ee\/fi\/author\/maksim\/"},"uagb_comment_info":0,"uagb_excerpt":"Terveydest\u00e4 huolehtiminen on trendi! Meid\u00e4n keskukseen voi tulla suunnitellustivastustuskyky\u00e4 lis\u00e4\u00e4m\u00e4\u00e4n tai kuntoutumaan riippumatta i\u00e4st\u00e4si, sek\u00e4 lasten kanssa taiilman. Olemme suunnitelmallisesti...","_links":{"self":[{"href":"https:\/\/narvajoesuu.ee\/fi\/wp-json\/wp\/v2\/pages\/10722","targetHints":{"allow":["GET"]}}],"collection":[{"href":"https:\/\/narvajoesuu.ee\/fi\/wp-json\/wp\/v2\/pages"}],"about":[{"href":"https:\/\/narvajoesuu.ee\/fi\/wp-json\/wp\/v2\/types\/page"}],"author":[{"embeddable":true,"href":"https:\/\/narvajoesuu.ee\/fi\/wp-json\/wp\/v2\/users\/3"}],"replies":[{"embeddable":true,"href":"https:\/\/narvajoesuu.ee\/fi\/wp-json\/wp\/v2\/comments?post=10722"}],"version-history":[{"count":11,"href":"https:\/\/narvajoesuu.ee\/fi\/wp-json\/wp\/v2\/pages\/10722\/revisions"}],"predecessor-version":[{"id":14782,"href":"https:\/\/narvajoesuu.ee\/fi\/wp-json\/wp\/v2\/pages\/10722\/revisions\/14782"}],"wp:attachment":[{"href":"https:\/\/narvajoesuu.ee\/fi\/wp-json\/wp\/v2\/media?parent=10722"}],"curies":[{"name":"wp","href":"https:\/\/api.w.org\/{rel}","templated":true}]}}