{"id":10717,"date":"2020-09-28T13:21:27","date_gmt":"2020-09-28T10:21:27","guid":{"rendered":"https:\/\/narvajoesuu.ee\/spaapuhkus\/"},"modified":"2023-07-31T11:34:57","modified_gmt":"2023-07-31T08:34:57","slug":"kylpylaloma","status":"publish","type":"page","link":"https:\/\/narvajoesuu.ee\/fi\/kylpylaloma\/","title":{"rendered":"Kylpyl\u00e4loma"},"content":{"rendered":"\n<p class=\"wp-el\"> Lempe\u00e4 ja romanttinen matka mielen ja kehon rentoutumiseen kylpyl\u00e4ss\u00e4mme. Mielt\u00e4 rentouttavat hoidot ovat osa t\u00e4t\u00e4 lomamatkaa. Kiireelle, stressille ja jatkuvalle murehtimiselle ei ole sijaa t\u00e4\u00e4ll\u00e4. Kaikki t\u00e4m\u00e4 korvataan onnella ja tyytyv\u00e4isyydell\u00e4.<\/p>\n\n\n\n<p class=\"wp-el\">Se on vapautta nauttia ja todella lev\u00e4t\u00e4. Kokea kylpyl\u00e4n hoitoja. Uida Viron pisimm\u00e4ss\u00e4 l\u00e4mmitetyss\u00e4 ulkouima-altaassa, joka on t\u00e4ynn\u00e4 puhdasta arteesista vett\u00e4. Nauttia auringosta tuulelta suojatulla terassilla ja sy\u00f6d\u00e4 parasta ruokaa Kuurort-ravintolassa upealla n\u00e4k\u00f6alalla.<\/p>\n\n\n<div class=\"b-block pad-top-30 pad-bottom-20\"><div class=\"p-imglinks b-part container\"><div class=\"p-imglinks__row\"><a class=\"p-imglinks__item p-imglinks__item-lg\" href=\"https:\/\/narvajoesuu.ee\/fi\/kylpylaloma\/rentoutuspaketit\/\"><img loading=\"lazy\" decoding=\"async\" width=\"570\" height=\"280\" src=\"https:\/\/narvajoesuu.ee\/wp-content\/uploads\/2022\/05\/1-570x280.png\" class=\"p-imglinks__image fill-bg\" alt=\"\" \/><div class=\"p-imglinks__content\"><span class=\"p-imglinks__title\">Rentoutuspaketit<\/span><\/div><\/a><a class=\"p-imglinks__item p-imglinks__item-lg\" href=\"https:\/\/narvajoesuu.ee\/fi\/kylpylaloma\/kylpylahoidot\/\"><img loading=\"lazy\" decoding=\"async\" width=\"570\" height=\"280\" src=\"https:\/\/narvajoesuu.ee\/wp-content\/uploads\/2022\/05\/4-570x280.png\" class=\"p-imglinks__image fill-bg\" alt=\"\" \/><div class=\"p-imglinks__content\"><span class=\"p-imglinks__title\">Kyplyl\u00e4hoidot<\/span><\/div><\/a><a class=\"p-imglinks__item p-imglinks__item-lg\" href=\"https:\/\/narvajoesuu.ee\/fi\/kylpylaloma\/tehokkaat-ja-ainutlaatuiset-laitehoidot-kasvoille-ja-vartalolle\/\"><img loading=\"lazy\" decoding=\"async\" width=\"570\" height=\"280\" src=\"https:\/\/narvajoesuu.ee\/wp-content\/uploads\/2022\/06\/\u0422\u0435\u043a\u0441\u0442-\u0430\u0431\u0437\u0430\u0446\u0430-1-570x280.png\" class=\"p-imglinks__image fill-bg\" alt=\"\" \/><div class=\"p-imglinks__content\"><span class=\"p-imglinks__title\">Tehokkaat ja ainutlaatuiset laitehoidot kasvoille ja vartalolle<\/span><\/div><\/a><a class=\"p-imglinks__item p-imglinks__item-lg\" href=\"https:\/\/narvajoesuu.ee\/fi\/kylpylaloma\/arteesisella-vedella-taytetty-lammitetty-ulkoallas-ja-poreallas-aurinkoterassilla\/\"><video class=\"p-imglinks__video fill-bg\" autoplay loop muted plays-inline><source src=\"https:\/\/narvajoesuu.ee\/wp-content\/uploads\/2022\/05\/\u0414\u0438\u0437\u0430\u0439\u043d-\u0431\u0435\u0437-\u043d\u0430\u0437\u0432\u0430\u043d\u0438\u044f-14.mp4\" type=\"video\/mp4\"><\/video><div class=\"p-imglinks__content\"><span class=\"p-imglinks__title\">Arteesisella vedell\u00e4 t\u00e4ytetty l\u00e4mmitetty ulkoallas ja poreallas aurinkoterassilla<\/span><\/div><\/a><a class=\"p-imglinks__item p-imglinks__item-lg\" href=\"https:\/\/kuurort.ee\/en\/\"><img loading=\"lazy\" decoding=\"async\" width=\"570\" height=\"280\" src=\"https:\/\/narvajoesuu.ee\/wp-content\/uploads\/2022\/05\/2-570x280.png\" class=\"p-imglinks__image fill-bg\" alt=\"\" \/><div class=\"p-imglinks__content\"><span class=\"p-imglinks__title\">Restoran Kuurort torniga 360\u00b0<\/span><\/div><\/a><a class=\"p-imglinks__item p-imglinks__item-lg\" href=\"https:\/\/narvajoesuu.ee\/fi\/suvine-terrass\/\"><img loading=\"lazy\" decoding=\"async\" width=\"570\" height=\"280\" src=\"https:\/\/narvajoesuu.ee\/wp-content\/uploads\/2022\/11\/\u0414\u0438\u0437\u0430\u0439\u043d-\u0431\u0435\u0437-\u043d\u0430\u0437\u0432\u0430\u043d\u0438\u044f-2022-11-08T113945.811-570x280.png\" class=\"p-imglinks__image fill-bg\" alt=\"\" \/><div class=\"p-imglinks__content\"><span class=\"p-imglinks__title\">Kes\u00e4terassi<\/span><\/div><\/a><\/div><\/div><\/div>\n\n<div class=\"b-block pad-top-30 pad-bottom-20\"><div class=\"p-emphasis b-part container-p0 p-emphasis--info\"><p><strong>Varaus hotellin myyntiosastolta:<\/strong><\/p>\n<p>Tel <a href=\"tel:+372 35 99 521\">+372 35 99 521<\/a><br \/>\nTel <a href=\"tel:+372 35 99 521\">+372 53 44 7779<\/a><br \/>\n<a href=\"mailto:info@narvajoesuu.ee\">info@narvajoesuu.ee<\/a><\/p>\n<\/div><\/div>","protected":false},"excerpt":{"rendered":"<p>Lempe\u00e4 ja romanttinen matka mielen ja kehon rentoutumiseen kylpyl\u00e4ss\u00e4mme. Mielt\u00e4 rentouttavat hoidot ovat osa t\u00e4t\u00e4 lomamatkaa. Kiireelle, stressille ja jatkuvalle&#8230;<\/p>\n","protected":false},"author":3,"featured_media":0,"parent":0,"menu_order":37,"comment_status":"closed","ping_status":"closed","template":"","meta":{"_acf_changed":false,"_uag_custom_page_level_css":"","_monsterinsights_skip_tracking":false,"_monsterinsights_sitenote_active":false,"_monsterinsights_sitenote_note":"","_monsterinsights_sitenote_category":0,"footnotes":""},"class_list":["post-10717","page","type-page","status-publish","hentry"],"acf":[],"yoast_head":"<!-- This site is optimized with the Yoast SEO plugin v27.3 - https:\/\/yoast.com\/product\/yoast-seo-wordpress\/ -->\n<title>Kylpyl\u00e4loma - MEDICAL SPA NARVA-J\u00d5ESUU<\/title>\n<meta name=\"robots\" content=\"index, follow, max-snippet:-1, max-image-preview:large, max-video-preview:-1\" \/>\n<link rel=\"canonical\" href=\"https:\/\/narvajoesuu.ee\/fi\/kylpylaloma\/\" \/>\n<meta property=\"og:locale\" content=\"fi_FI\" \/>\n<meta property=\"og:type\" content=\"article\" \/>\n<meta property=\"og:title\" content=\"Kylpyl\u00e4loma - MEDICAL SPA NARVA-J\u00d5ESUU\" \/>\n<meta property=\"og:description\" content=\"Lempe\u00e4 ja romanttinen matka mielen ja kehon rentoutumiseen kylpyl\u00e4ss\u00e4mme. Mielt\u00e4 rentouttavat hoidot ovat osa t\u00e4t\u00e4 lomamatkaa. Kiireelle, stressille ja jatkuvalle...\" \/>\n<meta property=\"og:url\" content=\"https:\/\/narvajoesuu.ee\/fi\/kylpylaloma\/\" \/>\n<meta property=\"og:site_name\" content=\"MEDICAL SPA NARVA-J\u00d5ESUU\" \/>\n<meta property=\"article:modified_time\" content=\"2023-07-31T08:34:57+00:00\" \/>\n<meta property=\"og:image\" content=\"https:\/\/narvajoesuu.ee\/wp-content\/uploads\/2021\/12\/Maja-pilt.png\" \/>\n\t<meta property=\"og:image:width\" content=\"1200\" \/>\n\t<meta property=\"og:image:height\" content=\"630\" \/>\n\t<meta property=\"og:image:type\" content=\"image\/png\" \/>\n<meta name=\"twitter:card\" content=\"summary_large_image\" \/>\n<meta name=\"twitter:label1\" content=\"Arvioitu lukuaika\" \/>\n\t<meta name=\"twitter:data1\" content=\"1 minuutti\" \/>\n<script type=\"application\/ld+json\" class=\"yoast-schema-graph\">{\"@context\":\"https:\\\/\\\/schema.org\",\"@graph\":[{\"@type\":\"WebPage\",\"@id\":\"https:\\\/\\\/narvajoesuu.ee\\\/fi\\\/kylpylaloma\\\/\",\"url\":\"https:\\\/\\\/narvajoesuu.ee\\\/fi\\\/kylpylaloma\\\/\",\"name\":\"Kylpyl\u00e4loma - MEDICAL SPA NARVA-J\u00d5ESUU\",\"isPartOf\":{\"@id\":\"https:\\\/\\\/narvajoesuu.ee\\\/#website\"},\"datePublished\":\"2020-09-28T10:21:27+00:00\",\"dateModified\":\"2023-07-31T08:34:57+00:00\",\"breadcrumb\":{\"@id\":\"https:\\\/\\\/narvajoesuu.ee\\\/fi\\\/kylpylaloma\\\/#breadcrumb\"},\"inLanguage\":\"fi\",\"potentialAction\":[{\"@type\":\"ReadAction\",\"target\":[\"https:\\\/\\\/narvajoesuu.ee\\\/fi\\\/kylpylaloma\\\/\"]}]},{\"@type\":\"BreadcrumbList\",\"@id\":\"https:\\\/\\\/narvajoesuu.ee\\\/fi\\\/kylpylaloma\\\/#breadcrumb\",\"itemListElement\":[{\"@type\":\"ListItem\",\"position\":1,\"name\":\"Home\",\"item\":\"https:\\\/\\\/narvajoesuu.ee\\\/fi\\\/\"},{\"@type\":\"ListItem\",\"position\":2,\"name\":\"Kylpyl\u00e4loma\"}]},{\"@type\":\"WebSite\",\"@id\":\"https:\\\/\\\/narvajoesuu.ee\\\/#website\",\"url\":\"https:\\\/\\\/narvajoesuu.ee\\\/\",\"name\":\"MEDICAL SPA NARVA-J\u00d5ESUU\",\"description\":\"\",\"publisher\":{\"@id\":\"https:\\\/\\\/narvajoesuu.ee\\\/#organization\"},\"potentialAction\":[{\"@type\":\"SearchAction\",\"target\":{\"@type\":\"EntryPoint\",\"urlTemplate\":\"https:\\\/\\\/narvajoesuu.ee\\\/?s={search_term_string}\"},\"query-input\":{\"@type\":\"PropertyValueSpecification\",\"valueRequired\":true,\"valueName\":\"search_term_string\"}}],\"inLanguage\":\"fi\"},{\"@type\":\"Organization\",\"@id\":\"https:\\\/\\\/narvajoesuu.ee\\\/#organization\",\"name\":\"Narva-J\u00f5esuu Medical SPA\",\"url\":\"https:\\\/\\\/narvajoesuu.ee\\\/\",\"logo\":{\"@type\":\"ImageObject\",\"inLanguage\":\"fi\",\"@id\":\"https:\\\/\\\/narvajoesuu.ee\\\/#\\\/schema\\\/logo\\\/image\\\/\",\"url\":\"https:\\\/\\\/narvajoesuu.ee\\\/wp-content\\\/uploads\\\/2020\\\/10\\\/narvajoesuu-logo-small.png\",\"contentUrl\":\"https:\\\/\\\/narvajoesuu.ee\\\/wp-content\\\/uploads\\\/2020\\\/10\\\/narvajoesuu-logo-small.png\",\"width\":170,\"height\":170,\"caption\":\"Narva-J\u00f5esuu Medical SPA\"},\"image\":{\"@id\":\"https:\\\/\\\/narvajoesuu.ee\\\/#\\\/schema\\\/logo\\\/image\\\/\"}}]}<\/script>\n<!-- \/ Yoast SEO plugin. -->","yoast_head_json":{"title":"Kylpyl\u00e4loma - MEDICAL SPA NARVA-J\u00d5ESUU","robots":{"index":"index","follow":"follow","max-snippet":"max-snippet:-1","max-image-preview":"max-image-preview:large","max-video-preview":"max-video-preview:-1"},"canonical":"https:\/\/narvajoesuu.ee\/fi\/kylpylaloma\/","og_locale":"fi_FI","og_type":"article","og_title":"Kylpyl\u00e4loma - MEDICAL SPA NARVA-J\u00d5ESUU","og_description":"Lempe\u00e4 ja romanttinen matka mielen ja kehon rentoutumiseen kylpyl\u00e4ss\u00e4mme. Mielt\u00e4 rentouttavat hoidot ovat osa t\u00e4t\u00e4 lomamatkaa. Kiireelle, stressille ja jatkuvalle...","og_url":"https:\/\/narvajoesuu.ee\/fi\/kylpylaloma\/","og_site_name":"MEDICAL SPA NARVA-J\u00d5ESUU","article_modified_time":"2023-07-31T08:34:57+00:00","og_image":[{"width":1200,"height":630,"url":"https:\/\/narvajoesuu.ee\/wp-content\/uploads\/2021\/12\/Maja-pilt.png","type":"image\/png"}],"twitter_card":"summary_large_image","twitter_misc":{"Arvioitu lukuaika":"1 minuutti"},"schema":{"@context":"https:\/\/schema.org","@graph":[{"@type":"WebPage","@id":"https:\/\/narvajoesuu.ee\/fi\/kylpylaloma\/","url":"https:\/\/narvajoesuu.ee\/fi\/kylpylaloma\/","name":"Kylpyl\u00e4loma - MEDICAL SPA NARVA-J\u00d5ESUU","isPartOf":{"@id":"https:\/\/narvajoesuu.ee\/#website"},"datePublished":"2020-09-28T10:21:27+00:00","dateModified":"2023-07-31T08:34:57+00:00","breadcrumb":{"@id":"https:\/\/narvajoesuu.ee\/fi\/kylpylaloma\/#breadcrumb"},"inLanguage":"fi","potentialAction":[{"@type":"ReadAction","target":["https:\/\/narvajoesuu.ee\/fi\/kylpylaloma\/"]}]},{"@type":"BreadcrumbList","@id":"https:\/\/narvajoesuu.ee\/fi\/kylpylaloma\/#breadcrumb","itemListElement":[{"@type":"ListItem","position":1,"name":"Home","item":"https:\/\/narvajoesuu.ee\/fi\/"},{"@type":"ListItem","position":2,"name":"Kylpyl\u00e4loma"}]},{"@type":"WebSite","@id":"https:\/\/narvajoesuu.ee\/#website","url":"https:\/\/narvajoesuu.ee\/","name":"MEDICAL SPA NARVA-J\u00d5ESUU","description":"","publisher":{"@id":"https:\/\/narvajoesuu.ee\/#organization"},"potentialAction":[{"@type":"SearchAction","target":{"@type":"EntryPoint","urlTemplate":"https:\/\/narvajoesuu.ee\/?s={search_term_string}"},"query-input":{"@type":"PropertyValueSpecification","valueRequired":true,"valueName":"search_term_string"}}],"inLanguage":"fi"},{"@type":"Organization","@id":"https:\/\/narvajoesuu.ee\/#organization","name":"Narva-J\u00f5esuu Medical SPA","url":"https:\/\/narvajoesuu.ee\/","logo":{"@type":"ImageObject","inLanguage":"fi","@id":"https:\/\/narvajoesuu.ee\/#\/schema\/logo\/image\/","url":"https:\/\/narvajoesuu.ee\/wp-content\/uploads\/2020\/10\/narvajoesuu-logo-small.png","contentUrl":"https:\/\/narvajoesuu.ee\/wp-content\/uploads\/2020\/10\/narvajoesuu-logo-small.png","width":170,"height":170,"caption":"Narva-J\u00f5esuu Medical SPA"},"image":{"@id":"https:\/\/narvajoesuu.ee\/#\/schema\/logo\/image\/"}}]}},"uagb_featured_image_src":{"full":false,"thumbnail":false,"medium":false,"medium_large":false,"large":false,"1536x1536":false,"2048x2048":false,"img-1920x550":false,"img-1920x320":false,"img-1920x200":false,"img-670x480":false,"img-570x280":false,"img-507":false,"img-370x240":false,"img-400x250":false,"img-370x175":false,"img-370x120":false,"img-300":false,"img-170":false},"uagb_author_info":{"display_name":"Maksim Mitrofanov","author_link":"https:\/\/narvajoesuu.ee\/fi\/author\/maksim\/"},"uagb_comment_info":0,"uagb_excerpt":"Lempe\u00e4 ja romanttinen matka mielen ja kehon rentoutumiseen kylpyl\u00e4ss\u00e4mme. Mielt\u00e4 rentouttavat hoidot ovat osa t\u00e4t\u00e4 lomamatkaa. Kiireelle, stressille ja jatkuvalle...","_links":{"self":[{"href":"https:\/\/narvajoesuu.ee\/fi\/wp-json\/wp\/v2\/pages\/10717","targetHints":{"allow":["GET"]}}],"collection":[{"href":"https:\/\/narvajoesuu.ee\/fi\/wp-json\/wp\/v2\/pages"}],"about":[{"href":"https:\/\/narvajoesuu.ee\/fi\/wp-json\/wp\/v2\/types\/page"}],"author":[{"embeddable":true,"href":"https:\/\/narvajoesuu.ee\/fi\/wp-json\/wp\/v2\/users\/3"}],"replies":[{"embeddable":true,"href":"https:\/\/narvajoesuu.ee\/fi\/wp-json\/wp\/v2\/comments?post=10717"}],"version-history":[{"count":15,"href":"https:\/\/narvajoesuu.ee\/fi\/wp-json\/wp\/v2\/pages\/10717\/revisions"}],"predecessor-version":[{"id":16408,"href":"https:\/\/narvajoesuu.ee\/fi\/wp-json\/wp\/v2\/pages\/10717\/revisions\/16408"}],"wp:attachment":[{"href":"https:\/\/narvajoesuu.ee\/fi\/wp-json\/wp\/v2\/media?parent=10717"}],"curies":[{"name":"wp","href":"https:\/\/api.w.org\/{rel}","templated":true}]}}