{"id":10716,"date":"2020-09-28T13:21:37","date_gmt":"2020-09-28T10:21:37","guid":{"rendered":"https:\/\/narvajoesuu.ee\/detox-keskus\/"},"modified":"2023-09-21T10:32:38","modified_gmt":"2023-09-21T07:32:38","slug":"detox-keskus","status":"publish","type":"page","link":"https:\/\/narvajoesuu.ee\/fi\/detox-keskus\/","title":{"rendered":"Detox &#038; Antistress keskus"},"content":{"rendered":"\n<p class=\"wp-el\">Stressi kuormittaa kehoa. Stressin takia emme tunne en\u00e4\u00e4 el\u00e4m\u00e4n iloa, emme ole energisi\u00e4 emmek\u00e4 halua tehd\u00e4 mit\u00e4\u00e4n. Kaiken lis\u00e4ksi stressi lihottaa. Siksi olemmekin Medical-kylpyl\u00e4ss\u00e4 yhdist\u00e4neet detox-ohjelmat antistressikeskukseen. Jos v\u00e4henn\u00e4mme stressi\u00e4, p\u00e4\u00e4semme eroon my\u00f6s ei-toivotuista ylim\u00e4\u00e4r\u00e4isist\u00e4 kiloista.<\/p>\n\n\n\n<p class=\"wp-el\">Niille, joilla ei ole ylim\u00e4\u00e4r\u00e4isten kilojen kanssa ongelmia, mutta jotka kokevat tarvetta rentoutua ja v\u00e4hent\u00e4\u00e4 stressi\u00e4, suosittelemme tutustumaan <a href=\"https:\/\/narvajoesuu.ee\/fi\/detox-keskus\/painonpudotusohjelmat\/\">rentoutumis- ja stressinhallintakeskukseen (Antistress-keskus)<\/a>. Olemme luoneet erityisi\u00e4 lomaohjelmia ja ainutlaatuisia hoitoja, jotka lievitt\u00e4v\u00e4t stressi\u00e4, palauttavat elinvoimaa ja parantavat el\u00e4m\u00e4nlaatua.<\/p>\n\n\n<div class=\"b-block pad-top-0 pad-bottom-0\"><div class=\"p-imglinks b-part container\"><div class=\"p-imglinks__row\"><a class=\"p-imglinks__item p-imglinks--compact\" href=\"https:\/\/narvajoesuu.ee\/fi\/detox-keskus\/detox-ohjelmat\/\"><div class=\"p-imglinks__image-compact\"><img loading=\"lazy\" decoding=\"async\" width=\"370\" height=\"175\" src=\"https:\/\/narvajoesuu.ee\/wp-content\/uploads\/2023\/07\/\u0414\u0438\u0437\u0430\u0439\u043d-\u0431\u0435\u0437-\u043d\u0430\u0437\u0432\u0430\u043d\u0438\u044f-88-370x175.png\" class=\"p-imglinks__image\" alt=\"\" \/><\/div><span class=\"p-imglinks__title\">DETOX  ja painonpudotuskeskus<\/span><\/a><a class=\"p-imglinks__item p-imglinks--compact\" href=\"https:\/\/narvajoesuu.ee\/fi\/detox-keskus\/painonpudotusohjelmat\/\"><div class=\"p-imglinks__image-compact\"><img loading=\"lazy\" decoding=\"async\" width=\"370\" height=\"175\" src=\"https:\/\/narvajoesuu.ee\/wp-content\/uploads\/2023\/07\/\u0414\u0438\u0437\u0430\u0439\u043d-\u0431\u0435\u0437-\u043d\u0430\u0437\u0432\u0430\u043d\u0438\u044f-96-370x175.png\" class=\"p-imglinks__image\" alt=\"\" \/><\/div><span class=\"p-imglinks__title\">Antistress-keskus<\/span><\/a><\/div><\/div><\/div>","protected":false},"excerpt":{"rendered":"<p>Stressi kuormittaa kehoa. Stressin takia emme tunne en\u00e4\u00e4 el\u00e4m\u00e4n iloa, emme ole energisi\u00e4 emmek\u00e4 halua tehd\u00e4 mit\u00e4\u00e4n. Kaiken lis\u00e4ksi stressi&#8230;<\/p>\n","protected":false},"author":3,"featured_media":0,"parent":0,"menu_order":650,"comment_status":"closed","ping_status":"closed","template":"","meta":{"_acf_changed":false,"_uag_custom_page_level_css":"","_monsterinsights_skip_tracking":false,"_monsterinsights_sitenote_active":false,"_monsterinsights_sitenote_note":"","_monsterinsights_sitenote_category":0,"footnotes":""},"class_list":["post-10716","page","type-page","status-publish","hentry"],"acf":[],"yoast_head":"<!-- This site is optimized with the Yoast SEO plugin v27.3 - https:\/\/yoast.com\/product\/yoast-seo-wordpress\/ -->\n<title>Detox &amp; Antistress keskus - MEDICAL SPA NARVA-J\u00d5ESUU<\/title>\n<meta name=\"robots\" content=\"index, follow, max-snippet:-1, max-image-preview:large, max-video-preview:-1\" \/>\n<link rel=\"canonical\" href=\"https:\/\/narvajoesuu.ee\/fi\/detox-keskus\/\" \/>\n<meta property=\"og:locale\" content=\"fi_FI\" \/>\n<meta property=\"og:type\" content=\"article\" \/>\n<meta property=\"og:title\" content=\"Detox &amp; Antistress keskus - MEDICAL SPA NARVA-J\u00d5ESUU\" \/>\n<meta property=\"og:description\" content=\"Stressi kuormittaa kehoa. Stressin takia emme tunne en\u00e4\u00e4 el\u00e4m\u00e4n iloa, emme ole energisi\u00e4 emmek\u00e4 halua tehd\u00e4 mit\u00e4\u00e4n. Kaiken lis\u00e4ksi stressi...\" \/>\n<meta property=\"og:url\" content=\"https:\/\/narvajoesuu.ee\/fi\/detox-keskus\/\" \/>\n<meta property=\"og:site_name\" content=\"MEDICAL SPA NARVA-J\u00d5ESUU\" \/>\n<meta property=\"article:modified_time\" content=\"2023-09-21T07:32:38+00:00\" \/>\n<meta property=\"og:image\" content=\"https:\/\/narvajoesuu.ee\/wp-content\/uploads\/2021\/12\/Maja-pilt.png\" \/>\n\t<meta property=\"og:image:width\" content=\"1200\" \/>\n\t<meta property=\"og:image:height\" content=\"630\" \/>\n\t<meta property=\"og:image:type\" content=\"image\/png\" \/>\n<meta name=\"twitter:card\" content=\"summary_large_image\" \/>\n<meta name=\"twitter:label1\" content=\"Arvioitu lukuaika\" \/>\n\t<meta name=\"twitter:data1\" content=\"4 minuuttia\" \/>\n<script type=\"application\/ld+json\" class=\"yoast-schema-graph\">{\"@context\":\"https:\\\/\\\/schema.org\",\"@graph\":[{\"@type\":\"WebPage\",\"@id\":\"https:\\\/\\\/narvajoesuu.ee\\\/fi\\\/detox-keskus\\\/\",\"url\":\"https:\\\/\\\/narvajoesuu.ee\\\/fi\\\/detox-keskus\\\/\",\"name\":\"Detox & Antistress keskus - MEDICAL SPA NARVA-J\u00d5ESUU\",\"isPartOf\":{\"@id\":\"https:\\\/\\\/narvajoesuu.ee\\\/#website\"},\"datePublished\":\"2020-09-28T10:21:37+00:00\",\"dateModified\":\"2023-09-21T07:32:38+00:00\",\"breadcrumb\":{\"@id\":\"https:\\\/\\\/narvajoesuu.ee\\\/fi\\\/detox-keskus\\\/#breadcrumb\"},\"inLanguage\":\"fi\",\"potentialAction\":[{\"@type\":\"ReadAction\",\"target\":[\"https:\\\/\\\/narvajoesuu.ee\\\/fi\\\/detox-keskus\\\/\"]}]},{\"@type\":\"BreadcrumbList\",\"@id\":\"https:\\\/\\\/narvajoesuu.ee\\\/fi\\\/detox-keskus\\\/#breadcrumb\",\"itemListElement\":[{\"@type\":\"ListItem\",\"position\":1,\"name\":\"Home\",\"item\":\"https:\\\/\\\/narvajoesuu.ee\\\/fi\\\/\"},{\"@type\":\"ListItem\",\"position\":2,\"name\":\"Detox &#038; Antistress keskus\"}]},{\"@type\":\"WebSite\",\"@id\":\"https:\\\/\\\/narvajoesuu.ee\\\/#website\",\"url\":\"https:\\\/\\\/narvajoesuu.ee\\\/\",\"name\":\"MEDICAL SPA NARVA-J\u00d5ESUU\",\"description\":\"\",\"publisher\":{\"@id\":\"https:\\\/\\\/narvajoesuu.ee\\\/#organization\"},\"potentialAction\":[{\"@type\":\"SearchAction\",\"target\":{\"@type\":\"EntryPoint\",\"urlTemplate\":\"https:\\\/\\\/narvajoesuu.ee\\\/?s={search_term_string}\"},\"query-input\":{\"@type\":\"PropertyValueSpecification\",\"valueRequired\":true,\"valueName\":\"search_term_string\"}}],\"inLanguage\":\"fi\"},{\"@type\":\"Organization\",\"@id\":\"https:\\\/\\\/narvajoesuu.ee\\\/#organization\",\"name\":\"Narva-J\u00f5esuu Medical SPA\",\"url\":\"https:\\\/\\\/narvajoesuu.ee\\\/\",\"logo\":{\"@type\":\"ImageObject\",\"inLanguage\":\"fi\",\"@id\":\"https:\\\/\\\/narvajoesuu.ee\\\/#\\\/schema\\\/logo\\\/image\\\/\",\"url\":\"https:\\\/\\\/narvajoesuu.ee\\\/wp-content\\\/uploads\\\/2020\\\/10\\\/narvajoesuu-logo-small.png\",\"contentUrl\":\"https:\\\/\\\/narvajoesuu.ee\\\/wp-content\\\/uploads\\\/2020\\\/10\\\/narvajoesuu-logo-small.png\",\"width\":170,\"height\":170,\"caption\":\"Narva-J\u00f5esuu Medical SPA\"},\"image\":{\"@id\":\"https:\\\/\\\/narvajoesuu.ee\\\/#\\\/schema\\\/logo\\\/image\\\/\"}}]}<\/script>\n<!-- \/ Yoast SEO plugin. -->","yoast_head_json":{"title":"Detox & Antistress keskus - MEDICAL SPA NARVA-J\u00d5ESUU","robots":{"index":"index","follow":"follow","max-snippet":"max-snippet:-1","max-image-preview":"max-image-preview:large","max-video-preview":"max-video-preview:-1"},"canonical":"https:\/\/narvajoesuu.ee\/fi\/detox-keskus\/","og_locale":"fi_FI","og_type":"article","og_title":"Detox & Antistress keskus - MEDICAL SPA NARVA-J\u00d5ESUU","og_description":"Stressi kuormittaa kehoa. Stressin takia emme tunne en\u00e4\u00e4 el\u00e4m\u00e4n iloa, emme ole energisi\u00e4 emmek\u00e4 halua tehd\u00e4 mit\u00e4\u00e4n. Kaiken lis\u00e4ksi stressi...","og_url":"https:\/\/narvajoesuu.ee\/fi\/detox-keskus\/","og_site_name":"MEDICAL SPA NARVA-J\u00d5ESUU","article_modified_time":"2023-09-21T07:32:38+00:00","og_image":[{"width":1200,"height":630,"url":"https:\/\/narvajoesuu.ee\/wp-content\/uploads\/2021\/12\/Maja-pilt.png","type":"image\/png"}],"twitter_card":"summary_large_image","twitter_misc":{"Arvioitu lukuaika":"4 minuuttia"},"schema":{"@context":"https:\/\/schema.org","@graph":[{"@type":"WebPage","@id":"https:\/\/narvajoesuu.ee\/fi\/detox-keskus\/","url":"https:\/\/narvajoesuu.ee\/fi\/detox-keskus\/","name":"Detox & Antistress keskus - MEDICAL SPA NARVA-J\u00d5ESUU","isPartOf":{"@id":"https:\/\/narvajoesuu.ee\/#website"},"datePublished":"2020-09-28T10:21:37+00:00","dateModified":"2023-09-21T07:32:38+00:00","breadcrumb":{"@id":"https:\/\/narvajoesuu.ee\/fi\/detox-keskus\/#breadcrumb"},"inLanguage":"fi","potentialAction":[{"@type":"ReadAction","target":["https:\/\/narvajoesuu.ee\/fi\/detox-keskus\/"]}]},{"@type":"BreadcrumbList","@id":"https:\/\/narvajoesuu.ee\/fi\/detox-keskus\/#breadcrumb","itemListElement":[{"@type":"ListItem","position":1,"name":"Home","item":"https:\/\/narvajoesuu.ee\/fi\/"},{"@type":"ListItem","position":2,"name":"Detox &#038; Antistress keskus"}]},{"@type":"WebSite","@id":"https:\/\/narvajoesuu.ee\/#website","url":"https:\/\/narvajoesuu.ee\/","name":"MEDICAL SPA NARVA-J\u00d5ESUU","description":"","publisher":{"@id":"https:\/\/narvajoesuu.ee\/#organization"},"potentialAction":[{"@type":"SearchAction","target":{"@type":"EntryPoint","urlTemplate":"https:\/\/narvajoesuu.ee\/?s={search_term_string}"},"query-input":{"@type":"PropertyValueSpecification","valueRequired":true,"valueName":"search_term_string"}}],"inLanguage":"fi"},{"@type":"Organization","@id":"https:\/\/narvajoesuu.ee\/#organization","name":"Narva-J\u00f5esuu Medical SPA","url":"https:\/\/narvajoesuu.ee\/","logo":{"@type":"ImageObject","inLanguage":"fi","@id":"https:\/\/narvajoesuu.ee\/#\/schema\/logo\/image\/","url":"https:\/\/narvajoesuu.ee\/wp-content\/uploads\/2020\/10\/narvajoesuu-logo-small.png","contentUrl":"https:\/\/narvajoesuu.ee\/wp-content\/uploads\/2020\/10\/narvajoesuu-logo-small.png","width":170,"height":170,"caption":"Narva-J\u00f5esuu Medical SPA"},"image":{"@id":"https:\/\/narvajoesuu.ee\/#\/schema\/logo\/image\/"}}]}},"uagb_featured_image_src":{"full":false,"thumbnail":false,"medium":false,"medium_large":false,"large":false,"1536x1536":false,"2048x2048":false,"img-1920x550":false,"img-1920x320":false,"img-1920x200":false,"img-670x480":false,"img-570x280":false,"img-507":false,"img-370x240":false,"img-400x250":false,"img-370x175":false,"img-370x120":false,"img-300":false,"img-170":false},"uagb_author_info":{"display_name":"Maksim Mitrofanov","author_link":"https:\/\/narvajoesuu.ee\/fi\/author\/maksim\/"},"uagb_comment_info":0,"uagb_excerpt":"Stressi kuormittaa kehoa. Stressin takia emme tunne en\u00e4\u00e4 el\u00e4m\u00e4n iloa, emme ole energisi\u00e4 emmek\u00e4 halua tehd\u00e4 mit\u00e4\u00e4n. Kaiken lis\u00e4ksi stressi...","_links":{"self":[{"href":"https:\/\/narvajoesuu.ee\/fi\/wp-json\/wp\/v2\/pages\/10716","targetHints":{"allow":["GET"]}}],"collection":[{"href":"https:\/\/narvajoesuu.ee\/fi\/wp-json\/wp\/v2\/pages"}],"about":[{"href":"https:\/\/narvajoesuu.ee\/fi\/wp-json\/wp\/v2\/types\/page"}],"author":[{"embeddable":true,"href":"https:\/\/narvajoesuu.ee\/fi\/wp-json\/wp\/v2\/users\/3"}],"replies":[{"embeddable":true,"href":"https:\/\/narvajoesuu.ee\/fi\/wp-json\/wp\/v2\/comments?post=10716"}],"version-history":[{"count":7,"href":"https:\/\/narvajoesuu.ee\/fi\/wp-json\/wp\/v2\/pages\/10716\/revisions"}],"predecessor-version":[{"id":17559,"href":"https:\/\/narvajoesuu.ee\/fi\/wp-json\/wp\/v2\/pages\/10716\/revisions\/17559"}],"wp:attachment":[{"href":"https:\/\/narvajoesuu.ee\/fi\/wp-json\/wp\/v2\/media?parent=10716"}],"curies":[{"name":"wp","href":"https:\/\/api.w.org\/{rel}","templated":true}]}}