{"id":10711,"date":"2020-09-28T13:21:54","date_gmt":"2020-09-28T10:21:54","guid":{"rendered":"https:\/\/narvajoesuu.ee\/konverentsikeskus\/"},"modified":"2026-02-04T14:32:26","modified_gmt":"2026-02-04T12:32:26","slug":"konferenssikeskus","status":"publish","type":"page","link":"https:\/\/narvajoesuu.ee\/fi\/konferenssikeskus\/","title":{"rendered":"Konferenssikeskus"},"content":{"rendered":"\n<h4 class=\"wp-block-heading wp-el\"><strong>TOISEN KERROKSEN KOKOUSTILAT SOVELTUVAT SEMINAARIEN, KURSSIEN JA YRITYSNEUVOTTELUJEN J\u00c4RJEST\u00c4MISEEN<\/strong><\/h4>\n\n\n\n<p class=\"wp-el\"><strong>Tarjoamme:<\/strong><\/p>\n\n\n\n<ul class=\"wp-block-list wp-el\">\n<li>2 salia koulutustilaisuuksien \/ konferenssien j\u00e4rjest\u00e4miseen: Alternative 200 m2, Creative 37,7 m2.<\/li>\n\n\n\n<li>Erilaisia vaihtoehtoja koulutukseen osallistujien sijoittamiseksi saliin (koulutustilaisuuksien paketit laaditaan asiakkaan toiveita huomioon ottaen).<\/li>\n\n\n\n<li>Wifi-yhteytt\u00e4 ja konferenssien j\u00e4rjest\u00e4miseen tarvittavia laitteita, paperitaulua, korostustusseja, videoprojektoria ja toimistotarvikkeita jokaiselle osallistujalle.<\/li>\n\n\n\n<li>Kahvitaukoja, ruokailua ryhm\u00e4menun perusteella KUURORT ravintolassa (40 henkil\u00f6lle) tai ensimm\u00e4isen kerroksen kahvilassa byffetp\u00f6yd\u00e4st\u00e4 (120 henkil\u00f6lle).<\/li>\n\n\n\n<li>Parantavia ja rentouttavia hoitoja kylpyl\u00e4ss\u00e4mme.<\/li>\n\n\n\n<li>Arteesisella vedell\u00e4 altaita ja saunakeskusta <\/li>\n<\/ul>\n\n\n\n<p class=\"wp-el\">L\u00f6yd\u00e4mme yhdess\u00e4 parhaiten sopivan ratkaisun tilaisuutesi j\u00e4rjest\u00e4miseen!<\/p>\n\n\n<div class=\"b-block pad-top-30 pad-bottom-20\"><div class=\"p-txtmedia b-part container\"><div id=\"tm69de546957b12\" class=\"p-txtmedia__media swiper-container\"><div class=\"p-txtmedia__media-wrapper swiper-wrapper\"><a class=\"p-txtmedia__link swiper-slide\" href=\"https:\/\/narvajoesuu.ee\/wp-content\/uploads\/2023\/06\/Foto-079.jpg\"><img loading=\"lazy\" decoding=\"async\" width=\"507\" height=\"507\" src=\"https:\/\/narvajoesuu.ee\/wp-content\/uploads\/2023\/06\/Foto-079-507x507.jpg\" class=\"p-txtmedia__media-image\" alt=\"\" srcset=\"https:\/\/narvajoesuu.ee\/wp-content\/uploads\/2023\/06\/Foto-079-507x507.jpg 507w, https:\/\/narvajoesuu.ee\/wp-content\/uploads\/2023\/06\/Foto-079-150x150.jpg 150w, https:\/\/narvajoesuu.ee\/wp-content\/uploads\/2023\/06\/Foto-079-300x300.jpg 300w, https:\/\/narvajoesuu.ee\/wp-content\/uploads\/2023\/06\/Foto-079-170x170.jpg 170w\" sizes=\"auto, (max-width: 507px) 100vw, 507px\" \/><\/a><a class=\"p-txtmedia__link swiper-slide\" href=\"https:\/\/narvajoesuu.ee\/wp-content\/uploads\/2023\/06\/Foto-080-1.jpg\"><img loading=\"lazy\" decoding=\"async\" width=\"507\" height=\"507\" src=\"https:\/\/narvajoesuu.ee\/wp-content\/uploads\/2023\/06\/Foto-080-1-507x507.jpg\" class=\"p-txtmedia__media-image\" alt=\"\" srcset=\"https:\/\/narvajoesuu.ee\/wp-content\/uploads\/2023\/06\/Foto-080-1-507x507.jpg 507w, https:\/\/narvajoesuu.ee\/wp-content\/uploads\/2023\/06\/Foto-080-1-150x150.jpg 150w, https:\/\/narvajoesuu.ee\/wp-content\/uploads\/2023\/06\/Foto-080-1-300x300.jpg 300w, https:\/\/narvajoesuu.ee\/wp-content\/uploads\/2023\/06\/Foto-080-1-170x170.jpg 170w\" sizes=\"auto, (max-width: 507px) 100vw, 507px\" \/><\/a><a class=\"p-txtmedia__link swiper-slide\" href=\"https:\/\/narvajoesuu.ee\/wp-content\/uploads\/2023\/06\/Foto-081-2.jpg\"><img loading=\"lazy\" decoding=\"async\" width=\"507\" height=\"507\" src=\"https:\/\/narvajoesuu.ee\/wp-content\/uploads\/2023\/06\/Foto-081-2-507x507.jpg\" class=\"p-txtmedia__media-image\" alt=\"\" srcset=\"https:\/\/narvajoesuu.ee\/wp-content\/uploads\/2023\/06\/Foto-081-2-507x507.jpg 507w, https:\/\/narvajoesuu.ee\/wp-content\/uploads\/2023\/06\/Foto-081-2-150x150.jpg 150w, https:\/\/narvajoesuu.ee\/wp-content\/uploads\/2023\/06\/Foto-081-2-300x300.jpg 300w, https:\/\/narvajoesuu.ee\/wp-content\/uploads\/2023\/06\/Foto-081-2-170x170.jpg 170w\" sizes=\"auto, (max-width: 507px) 100vw, 507px\" \/><\/a><\/div><div id=\"tm69de546957b12p\" class=\"p-txtmedia__prev swiper-prev-sm\"><\/div><div id=\"tm69de546957b12n\" class=\"p-txtmedia__next swiper-next-sm\"><\/div><\/div><div class=\"p-txtmedia__content editor-content p-txtmedia__content--regular\"><h3 class=\"p-txtmedia__title\">Alternative sali<\/h3><div class=\"p-txtmedia__text\"><p style=\"text-align: left;\"><strong>Mahdolliset tyylit:<\/strong><\/p>\n<p style=\"text-align: left;\">Teatteri \u2013\u00a0 max. 110 hkl<\/p>\n<p style=\"text-align: left;\">Luokkahuone \u2013 max. 60 hkl<\/p>\n<p style=\"text-align: left;\">Kokoushuone \u2013 max. 60 hkl<\/p>\n<p style=\"text-align: left;\">U-muotoinen p\u00f6yt\u00e4\u2013 max. 58 hkl<\/p>\n<p style=\"text-align: left;\">Banketti \u2013 max. 100 hkl<\/p>\n<\/div><\/div><\/div><\/div>\n\n<div class=\"b-block pad-top-30 pad-bottom-20\"><div class=\"p-txtmedia b-part container\"><div id=\"tm69de54695841a\" class=\"p-txtmedia__media swiper-container\"><div class=\"p-txtmedia__media-wrapper swiper-wrapper\"><a class=\"p-txtmedia__link swiper-slide\" href=\"https:\/\/narvajoesuu.ee\/wp-content\/uploads\/2023\/06\/Foto-083.jpg\"><img loading=\"lazy\" decoding=\"async\" width=\"507\" height=\"507\" src=\"https:\/\/narvajoesuu.ee\/wp-content\/uploads\/2023\/06\/Foto-083-507x507.jpg\" class=\"p-txtmedia__media-image\" alt=\"\" srcset=\"https:\/\/narvajoesuu.ee\/wp-content\/uploads\/2023\/06\/Foto-083-507x507.jpg 507w, https:\/\/narvajoesuu.ee\/wp-content\/uploads\/2023\/06\/Foto-083-150x150.jpg 150w, https:\/\/narvajoesuu.ee\/wp-content\/uploads\/2023\/06\/Foto-083-300x300.jpg 300w, https:\/\/narvajoesuu.ee\/wp-content\/uploads\/2023\/06\/Foto-083-170x170.jpg 170w\" sizes=\"auto, (max-width: 507px) 100vw, 507px\" \/><\/a><a class=\"p-txtmedia__link swiper-slide\" href=\"https:\/\/narvajoesuu.ee\/wp-content\/uploads\/2023\/06\/Foto-084.jpg\"><img loading=\"lazy\" decoding=\"async\" width=\"507\" height=\"507\" src=\"https:\/\/narvajoesuu.ee\/wp-content\/uploads\/2023\/06\/Foto-084-507x507.jpg\" class=\"p-txtmedia__media-image\" alt=\"\" srcset=\"https:\/\/narvajoesuu.ee\/wp-content\/uploads\/2023\/06\/Foto-084-507x507.jpg 507w, https:\/\/narvajoesuu.ee\/wp-content\/uploads\/2023\/06\/Foto-084-150x150.jpg 150w, https:\/\/narvajoesuu.ee\/wp-content\/uploads\/2023\/06\/Foto-084-300x300.jpg 300w, https:\/\/narvajoesuu.ee\/wp-content\/uploads\/2023\/06\/Foto-084-170x170.jpg 170w\" sizes=\"auto, (max-width: 507px) 100vw, 507px\" \/><\/a><\/div><div id=\"tm69de54695841ap\" class=\"p-txtmedia__prev swiper-prev-sm\"><\/div><div id=\"tm69de54695841an\" class=\"p-txtmedia__next swiper-next-sm\"><\/div><\/div><div class=\"p-txtmedia__content editor-content p-txtmedia__content--regular\"><h3 class=\"p-txtmedia__title\">Creative sali<\/h3><div class=\"p-txtmedia__text\"><p style=\"text-align: left;\"><strong>Mahdolliset tyylit:<\/strong><\/p>\n<p style=\"text-align: left;\">Teatteri \u2013\u00a0 max. 30 hkl<\/p>\n<p style=\"text-align: left;\">Luokkahuone \u2013 max. 16 hkl<\/p>\n<p style=\"text-align: left;\">Kokoushuone \u2013 max. 20 hkl<\/p>\n<p style=\"text-align: left;\">U-muotoinen p\u00f6yt\u00e4\u2013 max. 18 hkl<\/p>\n<\/div><\/div><\/div><div class=\"b-part p-btn text-center\"><a class=\"p-btn__item btn btn-primary\" href=\"https:\/\/narvajoesuu.ee\/fi\/konferenssikeskus\/laheta-kysely\/\">L\u00e4het\u00e4 pyynt\u00f6<\/a><\/div><\/div>\n\n<div class=\"b-block pad-top-30 pad-bottom-20\"><div class=\"p-emphasis b-part container-p0 p-emphasis--info\"><div><b>Lisainfo ja p\u00e4ringud:<\/b><\/div>\n<div>E-R 8:30-16:30<\/div>\n<div>\n<div>+372 58 25 99 19<br \/>\n+372 53 44 7779<br \/>\n+372 35 99\u00a0529<br \/>\n<a href=\"mailto:info@narvajoesuu.ee\">sales@narvajoesuu.ee<\/a><\/div>\n<p>&nbsp;<\/p>\n<\/div>\n<p>&nbsp;<\/p>\n<\/div><\/div>\n\n\n<h2 class=\"wp-block-heading wp-el\">Galleria<\/h2>\n\n\n\n<figure class=\"wp-block-gallery has-nested-images columns-default is-cropped wp-block-gallery-1 is-layout-flex wp-block-gallery-is-layout-flex\">\n<figure class=\"wp-block-image size-full\"><a href=\"https:\/\/narvajoesuu.ee\/wp-content\/uploads\/2025\/12\/7-1.png\"><img loading=\"lazy\" decoding=\"async\" width=\"1024\" height=\"614\" data-id=\"22708\" src=\"https:\/\/narvajoesuu.ee\/wp-content\/uploads\/2025\/12\/7-1.png\" alt=\"\" class=\"wp-image-22708\"\/><\/a><\/figure>\n\n\n\n<figure class=\"wp-block-image size-full\"><a href=\"https:\/\/narvajoesuu.ee\/wp-content\/uploads\/2025\/12\/8-1.png\"><img loading=\"lazy\" decoding=\"async\" width=\"1024\" height=\"614\" data-id=\"22713\" src=\"https:\/\/narvajoesuu.ee\/wp-content\/uploads\/2025\/12\/8-1.png\" alt=\"\" class=\"wp-image-22713\"\/><\/a><\/figure>\n\n\n\n<figure class=\"wp-block-image size-full\"><a href=\"https:\/\/narvajoesuu.ee\/wp-content\/uploads\/2025\/12\/9-1.png\"><img loading=\"lazy\" decoding=\"async\" width=\"1024\" height=\"614\" data-id=\"22718\" src=\"https:\/\/narvajoesuu.ee\/wp-content\/uploads\/2025\/12\/9-1.png\" alt=\"\" class=\"wp-image-22718\"\/><\/a><\/figure>\n\n\n\n<figure class=\"wp-block-image size-full\"><a href=\"https:\/\/narvajoesuu.ee\/wp-content\/uploads\/2025\/12\/11-1.png\"><img loading=\"lazy\" decoding=\"async\" width=\"1024\" height=\"614\" data-id=\"22724\" src=\"https:\/\/narvajoesuu.ee\/wp-content\/uploads\/2025\/12\/11-1.png\" alt=\"\" class=\"wp-image-22724\"\/><\/a><\/figure>\n\n\n\n<figure class=\"wp-block-image size-full\"><a href=\"https:\/\/narvajoesuu.ee\/wp-content\/uploads\/2025\/12\/12-1.png\"><img loading=\"lazy\" decoding=\"async\" width=\"1024\" height=\"614\" data-id=\"22734\" src=\"https:\/\/narvajoesuu.ee\/wp-content\/uploads\/2025\/12\/12-1.png\" alt=\"\" class=\"wp-image-22734\"\/><\/a><\/figure>\n\n\n\n<figure class=\"wp-block-image size-full\"><a href=\"https:\/\/narvajoesuu.ee\/wp-content\/uploads\/2025\/12\/13-1.png\"><img loading=\"lazy\" decoding=\"async\" width=\"1024\" height=\"614\" data-id=\"22739\" src=\"https:\/\/narvajoesuu.ee\/wp-content\/uploads\/2025\/12\/13-1.png\" alt=\"\" class=\"wp-image-22739\"\/><\/a><\/figure>\n\n\n\n<figure class=\"wp-block-image size-full\"><a href=\"https:\/\/narvajoesuu.ee\/wp-content\/uploads\/2025\/12\/3-3.png\"><img loading=\"lazy\" decoding=\"async\" width=\"1024\" height=\"614\" data-id=\"22744\" src=\"https:\/\/narvajoesuu.ee\/wp-content\/uploads\/2025\/12\/3-3.png\" alt=\"\" class=\"wp-image-22744\"\/><\/a><\/figure>\n\n\n\n<figure class=\"wp-block-image size-full\"><a href=\"https:\/\/narvajoesuu.ee\/wp-content\/uploads\/2025\/12\/4-2.png\"><img loading=\"lazy\" decoding=\"async\" width=\"1024\" height=\"614\" data-id=\"22749\" src=\"https:\/\/narvajoesuu.ee\/wp-content\/uploads\/2025\/12\/4-2.png\" alt=\"\" class=\"wp-image-22749\"\/><\/a><\/figure>\n\n\n\n<figure class=\"wp-block-image size-full\"><a href=\"https:\/\/narvajoesuu.ee\/wp-content\/uploads\/2025\/12\/5-2.png\"><img loading=\"lazy\" decoding=\"async\" width=\"1024\" height=\"614\" data-id=\"22754\" src=\"https:\/\/narvajoesuu.ee\/wp-content\/uploads\/2025\/12\/5-2.png\" alt=\"\" class=\"wp-image-22754\"\/><\/a><\/figure>\n\n\n\n<figure class=\"wp-block-image size-full\"><a href=\"https:\/\/narvajoesuu.ee\/wp-content\/uploads\/2025\/12\/\u0414\u0438\u0437\u0430\u0439\u043d-\u0431\u0435\u0437-\u043d\u0430\u0437\u0432\u0430\u043d\u0438\u044f-2025-12-10T122444.127-1.png\"><img loading=\"lazy\" decoding=\"async\" width=\"1024\" height=\"614\" data-id=\"22759\" src=\"https:\/\/narvajoesuu.ee\/wp-content\/uploads\/2025\/12\/\u0414\u0438\u0437\u0430\u0439\u043d-\u0431\u0435\u0437-\u043d\u0430\u0437\u0432\u0430\u043d\u0438\u044f-2025-12-10T122444.127-1.png\" alt=\"\" class=\"wp-image-22759\"\/><\/a><\/figure>\n\n\n\n<figure class=\"wp-block-image size-full\"><a href=\"https:\/\/narvajoesuu.ee\/wp-content\/uploads\/2025\/12\/\u0414\u0438\u0437\u0430\u0439\u043d-\u0431\u0435\u0437-\u043d\u0430\u0437\u0432\u0430\u043d\u0438\u044f-2025-12-10T122430.569-1.png\"><img loading=\"lazy\" decoding=\"async\" width=\"1024\" height=\"614\" data-id=\"22764\" src=\"https:\/\/narvajoesuu.ee\/wp-content\/uploads\/2025\/12\/\u0414\u0438\u0437\u0430\u0439\u043d-\u0431\u0435\u0437-\u043d\u0430\u0437\u0432\u0430\u043d\u0438\u044f-2025-12-10T122430.569-1.png\" alt=\"\" class=\"wp-image-22764\"\/><\/a><\/figure>\n\n\n\n<figure class=\"wp-block-image size-full\"><a href=\"https:\/\/narvajoesuu.ee\/wp-content\/uploads\/2025\/12\/\u0414\u0438\u0437\u0430\u0439\u043d-\u0431\u0435\u0437-\u043d\u0430\u0437\u0432\u0430\u043d\u0438\u044f-2025-12-10T123326.684.png\"><img loading=\"lazy\" decoding=\"async\" width=\"1024\" height=\"614\" data-id=\"22776\" src=\"https:\/\/narvajoesuu.ee\/wp-content\/uploads\/2025\/12\/\u0414\u0438\u0437\u0430\u0439\u043d-\u0431\u0435\u0437-\u043d\u0430\u0437\u0432\u0430\u043d\u0438\u044f-2025-12-10T123326.684.png\" alt=\"\" class=\"wp-image-22776\"\/><\/a><\/figure>\n<\/figure>\n","protected":false},"excerpt":{"rendered":"<p>TOISEN KERROKSEN KOKOUSTILAT SOVELTUVAT SEMINAARIEN, KURSSIEN JA YRITYSNEUVOTTELUJEN J\u00c4RJEST\u00c4MISEEN Tarjoamme: L\u00f6yd\u00e4mme yhdess\u00e4 parhaiten sopivan ratkaisun tilaisuutesi j\u00e4rjest\u00e4miseen! Galleria<\/p>\n","protected":false},"author":3,"featured_media":0,"parent":0,"menu_order":599,"comment_status":"closed","ping_status":"closed","template":"","meta":{"_acf_changed":false,"_uag_custom_page_level_css":"","_monsterinsights_skip_tracking":false,"_monsterinsights_sitenote_active":false,"_monsterinsights_sitenote_note":"","_monsterinsights_sitenote_category":0,"footnotes":""},"class_list":["post-10711","page","type-page","status-publish","hentry"],"acf":[],"yoast_head":"<!-- This site is optimized with the Yoast SEO plugin v27.3 - https:\/\/yoast.com\/product\/yoast-seo-wordpress\/ -->\n<title>Konferenssikeskus - MEDICAL SPA NARVA-J\u00d5ESUU<\/title>\n<meta name=\"robots\" content=\"index, follow, max-snippet:-1, max-image-preview:large, max-video-preview:-1\" \/>\n<link rel=\"canonical\" href=\"https:\/\/narvajoesuu.ee\/fi\/konferenssikeskus\/\" \/>\n<meta property=\"og:locale\" content=\"fi_FI\" \/>\n<meta property=\"og:type\" content=\"article\" \/>\n<meta property=\"og:title\" content=\"Konferenssikeskus - MEDICAL SPA NARVA-J\u00d5ESUU\" \/>\n<meta property=\"og:description\" content=\"TOISEN KERROKSEN KOKOUSTILAT SOVELTUVAT SEMINAARIEN, KURSSIEN JA YRITYSNEUVOTTELUJEN J\u00c4RJEST\u00c4MISEEN Tarjoamme: L\u00f6yd\u00e4mme yhdess\u00e4 parhaiten sopivan ratkaisun tilaisuutesi j\u00e4rjest\u00e4miseen! Galleria\" \/>\n<meta property=\"og:url\" content=\"https:\/\/narvajoesuu.ee\/fi\/konferenssikeskus\/\" \/>\n<meta property=\"og:site_name\" content=\"MEDICAL SPA NARVA-J\u00d5ESUU\" \/>\n<meta property=\"article:modified_time\" content=\"2026-02-04T12:32:26+00:00\" \/>\n<meta property=\"og:image\" content=\"https:\/\/narvajoesuu.ee\/wp-content\/uploads\/2025\/12\/7-1.png\" \/>\n<meta name=\"twitter:card\" content=\"summary_large_image\" \/>\n<meta name=\"twitter:label1\" content=\"Arvioitu lukuaika\" \/>\n\t<meta name=\"twitter:data1\" content=\"1 minuutti\" \/>\n<script type=\"application\/ld+json\" class=\"yoast-schema-graph\">{\"@context\":\"https:\\\/\\\/schema.org\",\"@graph\":[{\"@type\":\"WebPage\",\"@id\":\"https:\\\/\\\/narvajoesuu.ee\\\/fi\\\/konferenssikeskus\\\/\",\"url\":\"https:\\\/\\\/narvajoesuu.ee\\\/fi\\\/konferenssikeskus\\\/\",\"name\":\"Konferenssikeskus - MEDICAL SPA NARVA-J\u00d5ESUU\",\"isPartOf\":{\"@id\":\"https:\\\/\\\/narvajoesuu.ee\\\/#website\"},\"primaryImageOfPage\":{\"@id\":\"https:\\\/\\\/narvajoesuu.ee\\\/fi\\\/konferenssikeskus\\\/#primaryimage\"},\"image\":{\"@id\":\"https:\\\/\\\/narvajoesuu.ee\\\/fi\\\/konferenssikeskus\\\/#primaryimage\"},\"thumbnailUrl\":\"https:\\\/\\\/narvajoesuu.ee\\\/wp-content\\\/uploads\\\/2025\\\/12\\\/7-1.png\",\"datePublished\":\"2020-09-28T10:21:54+00:00\",\"dateModified\":\"2026-02-04T12:32:26+00:00\",\"breadcrumb\":{\"@id\":\"https:\\\/\\\/narvajoesuu.ee\\\/fi\\\/konferenssikeskus\\\/#breadcrumb\"},\"inLanguage\":\"fi\",\"potentialAction\":[{\"@type\":\"ReadAction\",\"target\":[\"https:\\\/\\\/narvajoesuu.ee\\\/fi\\\/konferenssikeskus\\\/\"]}]},{\"@type\":\"ImageObject\",\"inLanguage\":\"fi\",\"@id\":\"https:\\\/\\\/narvajoesuu.ee\\\/fi\\\/konferenssikeskus\\\/#primaryimage\",\"url\":\"https:\\\/\\\/narvajoesuu.ee\\\/wp-content\\\/uploads\\\/2025\\\/12\\\/7-1.png\",\"contentUrl\":\"https:\\\/\\\/narvajoesuu.ee\\\/wp-content\\\/uploads\\\/2025\\\/12\\\/7-1.png\"},{\"@type\":\"BreadcrumbList\",\"@id\":\"https:\\\/\\\/narvajoesuu.ee\\\/fi\\\/konferenssikeskus\\\/#breadcrumb\",\"itemListElement\":[{\"@type\":\"ListItem\",\"position\":1,\"name\":\"Home\",\"item\":\"https:\\\/\\\/narvajoesuu.ee\\\/fi\\\/\"},{\"@type\":\"ListItem\",\"position\":2,\"name\":\"Konferenssikeskus\"}]},{\"@type\":\"WebSite\",\"@id\":\"https:\\\/\\\/narvajoesuu.ee\\\/#website\",\"url\":\"https:\\\/\\\/narvajoesuu.ee\\\/\",\"name\":\"MEDICAL SPA NARVA-J\u00d5ESUU\",\"description\":\"\",\"publisher\":{\"@id\":\"https:\\\/\\\/narvajoesuu.ee\\\/#organization\"},\"potentialAction\":[{\"@type\":\"SearchAction\",\"target\":{\"@type\":\"EntryPoint\",\"urlTemplate\":\"https:\\\/\\\/narvajoesuu.ee\\\/?s={search_term_string}\"},\"query-input\":{\"@type\":\"PropertyValueSpecification\",\"valueRequired\":true,\"valueName\":\"search_term_string\"}}],\"inLanguage\":\"fi\"},{\"@type\":\"Organization\",\"@id\":\"https:\\\/\\\/narvajoesuu.ee\\\/#organization\",\"name\":\"Narva-J\u00f5esuu Medical SPA\",\"url\":\"https:\\\/\\\/narvajoesuu.ee\\\/\",\"logo\":{\"@type\":\"ImageObject\",\"inLanguage\":\"fi\",\"@id\":\"https:\\\/\\\/narvajoesuu.ee\\\/#\\\/schema\\\/logo\\\/image\\\/\",\"url\":\"https:\\\/\\\/narvajoesuu.ee\\\/wp-content\\\/uploads\\\/2020\\\/10\\\/narvajoesuu-logo-small.png\",\"contentUrl\":\"https:\\\/\\\/narvajoesuu.ee\\\/wp-content\\\/uploads\\\/2020\\\/10\\\/narvajoesuu-logo-small.png\",\"width\":170,\"height\":170,\"caption\":\"Narva-J\u00f5esuu Medical SPA\"},\"image\":{\"@id\":\"https:\\\/\\\/narvajoesuu.ee\\\/#\\\/schema\\\/logo\\\/image\\\/\"}}]}<\/script>\n<!-- \/ Yoast SEO plugin. -->","yoast_head_json":{"title":"Konferenssikeskus - MEDICAL SPA NARVA-J\u00d5ESUU","robots":{"index":"index","follow":"follow","max-snippet":"max-snippet:-1","max-image-preview":"max-image-preview:large","max-video-preview":"max-video-preview:-1"},"canonical":"https:\/\/narvajoesuu.ee\/fi\/konferenssikeskus\/","og_locale":"fi_FI","og_type":"article","og_title":"Konferenssikeskus - MEDICAL SPA NARVA-J\u00d5ESUU","og_description":"TOISEN KERROKSEN KOKOUSTILAT SOVELTUVAT SEMINAARIEN, KURSSIEN JA YRITYSNEUVOTTELUJEN J\u00c4RJEST\u00c4MISEEN Tarjoamme: L\u00f6yd\u00e4mme yhdess\u00e4 parhaiten sopivan ratkaisun tilaisuutesi j\u00e4rjest\u00e4miseen! Galleria","og_url":"https:\/\/narvajoesuu.ee\/fi\/konferenssikeskus\/","og_site_name":"MEDICAL SPA NARVA-J\u00d5ESUU","article_modified_time":"2026-02-04T12:32:26+00:00","og_image":[{"url":"https:\/\/narvajoesuu.ee\/wp-content\/uploads\/2025\/12\/7-1.png","type":"","width":"","height":""}],"twitter_card":"summary_large_image","twitter_misc":{"Arvioitu lukuaika":"1 minuutti"},"schema":{"@context":"https:\/\/schema.org","@graph":[{"@type":"WebPage","@id":"https:\/\/narvajoesuu.ee\/fi\/konferenssikeskus\/","url":"https:\/\/narvajoesuu.ee\/fi\/konferenssikeskus\/","name":"Konferenssikeskus - MEDICAL SPA NARVA-J\u00d5ESUU","isPartOf":{"@id":"https:\/\/narvajoesuu.ee\/#website"},"primaryImageOfPage":{"@id":"https:\/\/narvajoesuu.ee\/fi\/konferenssikeskus\/#primaryimage"},"image":{"@id":"https:\/\/narvajoesuu.ee\/fi\/konferenssikeskus\/#primaryimage"},"thumbnailUrl":"https:\/\/narvajoesuu.ee\/wp-content\/uploads\/2025\/12\/7-1.png","datePublished":"2020-09-28T10:21:54+00:00","dateModified":"2026-02-04T12:32:26+00:00","breadcrumb":{"@id":"https:\/\/narvajoesuu.ee\/fi\/konferenssikeskus\/#breadcrumb"},"inLanguage":"fi","potentialAction":[{"@type":"ReadAction","target":["https:\/\/narvajoesuu.ee\/fi\/konferenssikeskus\/"]}]},{"@type":"ImageObject","inLanguage":"fi","@id":"https:\/\/narvajoesuu.ee\/fi\/konferenssikeskus\/#primaryimage","url":"https:\/\/narvajoesuu.ee\/wp-content\/uploads\/2025\/12\/7-1.png","contentUrl":"https:\/\/narvajoesuu.ee\/wp-content\/uploads\/2025\/12\/7-1.png"},{"@type":"BreadcrumbList","@id":"https:\/\/narvajoesuu.ee\/fi\/konferenssikeskus\/#breadcrumb","itemListElement":[{"@type":"ListItem","position":1,"name":"Home","item":"https:\/\/narvajoesuu.ee\/fi\/"},{"@type":"ListItem","position":2,"name":"Konferenssikeskus"}]},{"@type":"WebSite","@id":"https:\/\/narvajoesuu.ee\/#website","url":"https:\/\/narvajoesuu.ee\/","name":"MEDICAL SPA NARVA-J\u00d5ESUU","description":"","publisher":{"@id":"https:\/\/narvajoesuu.ee\/#organization"},"potentialAction":[{"@type":"SearchAction","target":{"@type":"EntryPoint","urlTemplate":"https:\/\/narvajoesuu.ee\/?s={search_term_string}"},"query-input":{"@type":"PropertyValueSpecification","valueRequired":true,"valueName":"search_term_string"}}],"inLanguage":"fi"},{"@type":"Organization","@id":"https:\/\/narvajoesuu.ee\/#organization","name":"Narva-J\u00f5esuu Medical SPA","url":"https:\/\/narvajoesuu.ee\/","logo":{"@type":"ImageObject","inLanguage":"fi","@id":"https:\/\/narvajoesuu.ee\/#\/schema\/logo\/image\/","url":"https:\/\/narvajoesuu.ee\/wp-content\/uploads\/2020\/10\/narvajoesuu-logo-small.png","contentUrl":"https:\/\/narvajoesuu.ee\/wp-content\/uploads\/2020\/10\/narvajoesuu-logo-small.png","width":170,"height":170,"caption":"Narva-J\u00f5esuu Medical SPA"},"image":{"@id":"https:\/\/narvajoesuu.ee\/#\/schema\/logo\/image\/"}}]}},"uagb_featured_image_src":{"full":false,"thumbnail":false,"medium":false,"medium_large":false,"large":false,"1536x1536":false,"2048x2048":false,"img-1920x550":false,"img-1920x320":false,"img-1920x200":false,"img-670x480":false,"img-570x280":false,"img-507":false,"img-370x240":false,"img-400x250":false,"img-370x175":false,"img-370x120":false,"img-300":false,"img-170":false},"uagb_author_info":{"display_name":"Maksim Mitrofanov","author_link":"https:\/\/narvajoesuu.ee\/fi\/author\/maksim\/"},"uagb_comment_info":0,"uagb_excerpt":"TOISEN KERROKSEN KOKOUSTILAT SOVELTUVAT SEMINAARIEN, KURSSIEN JA YRITYSNEUVOTTELUJEN J\u00c4RJEST\u00c4MISEEN Tarjoamme: L\u00f6yd\u00e4mme yhdess\u00e4 parhaiten sopivan ratkaisun tilaisuutesi j\u00e4rjest\u00e4miseen! Galleria","_links":{"self":[{"href":"https:\/\/narvajoesuu.ee\/fi\/wp-json\/wp\/v2\/pages\/10711","targetHints":{"allow":["GET"]}}],"collection":[{"href":"https:\/\/narvajoesuu.ee\/fi\/wp-json\/wp\/v2\/pages"}],"about":[{"href":"https:\/\/narvajoesuu.ee\/fi\/wp-json\/wp\/v2\/types\/page"}],"author":[{"embeddable":true,"href":"https:\/\/narvajoesuu.ee\/fi\/wp-json\/wp\/v2\/users\/3"}],"replies":[{"embeddable":true,"href":"https:\/\/narvajoesuu.ee\/fi\/wp-json\/wp\/v2\/comments?post=10711"}],"version-history":[{"count":19,"href":"https:\/\/narvajoesuu.ee\/fi\/wp-json\/wp\/v2\/pages\/10711\/revisions"}],"predecessor-version":[{"id":23531,"href":"https:\/\/narvajoesuu.ee\/fi\/wp-json\/wp\/v2\/pages\/10711\/revisions\/23531"}],"wp:attachment":[{"href":"https:\/\/narvajoesuu.ee\/fi\/wp-json\/wp\/v2\/media?parent=10711"}],"curies":[{"name":"wp","href":"https:\/\/api.w.org\/{rel}","templated":true}]}}