{"id":10688,"date":"2020-10-02T12:25:19","date_gmt":"2020-10-02T09:25:19","guid":{"rendered":"https:\/\/narvajoesuu.ee\/juurdemaks-paketiga-majutatutele\/"},"modified":"2023-09-11T14:55:23","modified_gmt":"2023-09-11T11:55:23","slug":"lisamaksu-majoituksesta-paketin-ostaneille","status":"publish","type":"page","link":"https:\/\/narvajoesuu.ee\/fi\/hotell\/huoneet\/lisamaksu-majoituksesta-paketin-ostaneille\/","title":{"rendered":"Lis\u00e4maksu majoituksesta paketin ostaneille"},"content":{"rendered":"\n<figure class=\"wp-block-table\"><table><thead><tr><th>Korkeammat huoneluokat&nbsp;lis\u00e4maksusta<\/th><th><\/th><\/tr><\/thead><tbody><tr><td><a href=\"https:\/\/narvajoesuu.ee\/fi\/hotelli\/huoneet\/perhehuone-triple\/\">Perehuone<\/a><\/td><td><em>32 \u20ac<\/em> \/ 1 y\u00f6<\/td><\/tr><tr><td><a href=\"https:\/\/narvajoesuu.ee\/fi\/hotelli\/huoneet\/superior\/\">Superior<\/a><\/td><td><em>42 \u20ac<\/em> \/ 1 y\u00f6<\/td><\/tr><tr><td><a href=\"https:\/\/narvajoesuu.ee\/fi\/hotelli\/huoneet\/perhehuone-kerrosvuoteilla\/\">Perehuone kerrosvuoteilla<\/a><\/td><td><em>42 \u20ac<\/em> \/ 1 y\u00f6<\/td><\/tr><tr><td><a href=\"https:\/\/narvajoesuu.ee\/fi\/hotelli\/huoneet\/twin-dbl-deluxe\/\">Twin\/Dbl Deluxe<\/a><\/td><td><em>52 \u20ac<\/em> \/ 1 y\u00f6<\/td><\/tr><tr><td><a href=\"https:\/\/narvajoesuu.ee\/fi\/hotelli\/huoneet\/superior-huone-saunalla\/\">Superior-loukan huone saunalla<\/a><\/td><td><em>70 \u20ac<\/em> \/ 1 y\u00f6<\/td><\/tr><tr><td><a href=\"https:\/\/narvajoesuu.ee\/fi\/hotelli\/huoneet\/suite\/\">Suite<\/a><\/td><td><em>80 \u20ac<\/em> \/ 1 y\u00f6<\/td><\/tr><tr><td><a href=\"https:\/\/narvajoesuu.ee\/fi\/hotelli\/huoneet\/captain-suite\/\">Captain suite<\/a><\/td><td><em>130 \u20ac<\/em> \/ 1 y\u00f6<\/td><\/tr><\/tbody><\/table><\/figure>\n","protected":false},"excerpt":{"rendered":"<p>Korkeammat huoneluokat&nbsp;lis\u00e4maksusta Perehuone 32 \u20ac \/ 1 y\u00f6 Superior 42 \u20ac \/ 1 y\u00f6 Perehuone kerrosvuoteilla 42 \u20ac \/ 1&#8230;<\/p>\n","protected":false},"author":3,"featured_media":0,"parent":10697,"menu_order":403,"comment_status":"closed","ping_status":"closed","template":"","meta":{"_acf_changed":false,"_uag_custom_page_level_css":"","_monsterinsights_skip_tracking":false,"_monsterinsights_sitenote_active":false,"_monsterinsights_sitenote_note":"","_monsterinsights_sitenote_category":0,"footnotes":""},"class_list":["post-10688","page","type-page","status-publish","hentry"],"acf":[],"yoast_head":"<!-- This site is optimized with the Yoast SEO plugin v27.4 - https:\/\/yoast.com\/product\/yoast-seo-wordpress\/ -->\n<title>Lis\u00e4maksu majoituksesta paketin ostaneille - MEDICAL SPA NARVA-J\u00d5ESUU<\/title>\n<meta name=\"robots\" content=\"index, follow, max-snippet:-1, max-image-preview:large, max-video-preview:-1\" \/>\n<link rel=\"canonical\" href=\"https:\/\/narvajoesuu.ee\/fi\/hotell\/huoneet\/lisamaksu-majoituksesta-paketin-ostaneille\/\" \/>\n<meta property=\"og:locale\" content=\"fi_FI\" \/>\n<meta property=\"og:type\" content=\"article\" \/>\n<meta property=\"og:title\" content=\"Lis\u00e4maksu majoituksesta paketin ostaneille - MEDICAL SPA NARVA-J\u00d5ESUU\" \/>\n<meta property=\"og:description\" content=\"Korkeammat huoneluokat&nbsp;lis\u00e4maksusta Perehuone 32 \u20ac \/ 1 y\u00f6 Superior 42 \u20ac \/ 1 y\u00f6 Perehuone kerrosvuoteilla 42 \u20ac \/ 1...\" \/>\n<meta property=\"og:url\" content=\"https:\/\/narvajoesuu.ee\/fi\/hotell\/huoneet\/lisamaksu-majoituksesta-paketin-ostaneille\/\" \/>\n<meta property=\"og:site_name\" content=\"MEDICAL SPA NARVA-J\u00d5ESUU\" \/>\n<meta property=\"article:modified_time\" content=\"2023-09-11T11:55:23+00:00\" \/>\n<meta property=\"og:image\" content=\"https:\/\/narvajoesuu.ee\/wp-content\/uploads\/2021\/12\/Maja-pilt.png\" \/>\n\t<meta property=\"og:image:width\" content=\"1200\" \/>\n\t<meta property=\"og:image:height\" content=\"630\" \/>\n\t<meta property=\"og:image:type\" content=\"image\/png\" \/>\n<meta name=\"twitter:card\" content=\"summary_large_image\" \/>\n<meta name=\"twitter:label1\" content=\"Arvioitu lukuaika\" \/>\n\t<meta name=\"twitter:data1\" content=\"1 minuutti\" \/>\n<script type=\"application\/ld+json\" class=\"yoast-schema-graph\">{\"@context\":\"https:\\\/\\\/schema.org\",\"@graph\":[{\"@type\":\"WebPage\",\"@id\":\"https:\\\/\\\/narvajoesuu.ee\\\/fi\\\/hotell\\\/huoneet\\\/lisamaksu-majoituksesta-paketin-ostaneille\\\/\",\"url\":\"https:\\\/\\\/narvajoesuu.ee\\\/fi\\\/hotell\\\/huoneet\\\/lisamaksu-majoituksesta-paketin-ostaneille\\\/\",\"name\":\"Lis\u00e4maksu majoituksesta paketin ostaneille - MEDICAL SPA NARVA-J\u00d5ESUU\",\"isPartOf\":{\"@id\":\"https:\\\/\\\/narvajoesuu.ee\\\/#website\"},\"datePublished\":\"2020-10-02T09:25:19+00:00\",\"dateModified\":\"2023-09-11T11:55:23+00:00\",\"breadcrumb\":{\"@id\":\"https:\\\/\\\/narvajoesuu.ee\\\/fi\\\/hotell\\\/huoneet\\\/lisamaksu-majoituksesta-paketin-ostaneille\\\/#breadcrumb\"},\"inLanguage\":\"fi\",\"potentialAction\":[{\"@type\":\"ReadAction\",\"target\":[\"https:\\\/\\\/narvajoesuu.ee\\\/fi\\\/hotell\\\/huoneet\\\/lisamaksu-majoituksesta-paketin-ostaneille\\\/\"]}]},{\"@type\":\"BreadcrumbList\",\"@id\":\"https:\\\/\\\/narvajoesuu.ee\\\/fi\\\/hotell\\\/huoneet\\\/lisamaksu-majoituksesta-paketin-ostaneille\\\/#breadcrumb\",\"itemListElement\":[{\"@type\":\"ListItem\",\"position\":1,\"name\":\"Home\",\"item\":\"https:\\\/\\\/narvajoesuu.ee\\\/fi\\\/\"},{\"@type\":\"ListItem\",\"position\":2,\"name\":\"Hotell\",\"item\":\"https:\\\/\\\/narvajoesuu.ee\\\/fi\\\/hotell\\\/\"},{\"@type\":\"ListItem\",\"position\":3,\"name\":\"Huoneet\",\"item\":\"https:\\\/\\\/narvajoesuu.ee\\\/fi\\\/hotell\\\/huoneet\\\/\"},{\"@type\":\"ListItem\",\"position\":4,\"name\":\"Lis\u00e4maksu majoituksesta paketin ostaneille\"}]},{\"@type\":\"WebSite\",\"@id\":\"https:\\\/\\\/narvajoesuu.ee\\\/#website\",\"url\":\"https:\\\/\\\/narvajoesuu.ee\\\/\",\"name\":\"MEDICAL SPA NARVA-J\u00d5ESUU\",\"description\":\"\",\"publisher\":{\"@id\":\"https:\\\/\\\/narvajoesuu.ee\\\/#organization\"},\"potentialAction\":[{\"@type\":\"SearchAction\",\"target\":{\"@type\":\"EntryPoint\",\"urlTemplate\":\"https:\\\/\\\/narvajoesuu.ee\\\/?s={search_term_string}\"},\"query-input\":{\"@type\":\"PropertyValueSpecification\",\"valueRequired\":true,\"valueName\":\"search_term_string\"}}],\"inLanguage\":\"fi\"},{\"@type\":\"Organization\",\"@id\":\"https:\\\/\\\/narvajoesuu.ee\\\/#organization\",\"name\":\"Narva-J\u00f5esuu Medical SPA\",\"url\":\"https:\\\/\\\/narvajoesuu.ee\\\/\",\"logo\":{\"@type\":\"ImageObject\",\"inLanguage\":\"fi\",\"@id\":\"https:\\\/\\\/narvajoesuu.ee\\\/#\\\/schema\\\/logo\\\/image\\\/\",\"url\":\"https:\\\/\\\/narvajoesuu.ee\\\/wp-content\\\/uploads\\\/2020\\\/10\\\/narvajoesuu-logo-small.png\",\"contentUrl\":\"https:\\\/\\\/narvajoesuu.ee\\\/wp-content\\\/uploads\\\/2020\\\/10\\\/narvajoesuu-logo-small.png\",\"width\":170,\"height\":170,\"caption\":\"Narva-J\u00f5esuu Medical SPA\"},\"image\":{\"@id\":\"https:\\\/\\\/narvajoesuu.ee\\\/#\\\/schema\\\/logo\\\/image\\\/\"}}]}<\/script>\n<!-- \/ Yoast SEO plugin. -->","yoast_head_json":{"title":"Lis\u00e4maksu majoituksesta paketin ostaneille - MEDICAL SPA NARVA-J\u00d5ESUU","robots":{"index":"index","follow":"follow","max-snippet":"max-snippet:-1","max-image-preview":"max-image-preview:large","max-video-preview":"max-video-preview:-1"},"canonical":"https:\/\/narvajoesuu.ee\/fi\/hotell\/huoneet\/lisamaksu-majoituksesta-paketin-ostaneille\/","og_locale":"fi_FI","og_type":"article","og_title":"Lis\u00e4maksu majoituksesta paketin ostaneille - MEDICAL SPA NARVA-J\u00d5ESUU","og_description":"Korkeammat huoneluokat&nbsp;lis\u00e4maksusta Perehuone 32 \u20ac \/ 1 y\u00f6 Superior 42 \u20ac \/ 1 y\u00f6 Perehuone kerrosvuoteilla 42 \u20ac \/ 1...","og_url":"https:\/\/narvajoesuu.ee\/fi\/hotell\/huoneet\/lisamaksu-majoituksesta-paketin-ostaneille\/","og_site_name":"MEDICAL SPA NARVA-J\u00d5ESUU","article_modified_time":"2023-09-11T11:55:23+00:00","og_image":[{"width":1200,"height":630,"url":"https:\/\/narvajoesuu.ee\/wp-content\/uploads\/2021\/12\/Maja-pilt.png","type":"image\/png"}],"twitter_card":"summary_large_image","twitter_misc":{"Arvioitu lukuaika":"1 minuutti"},"schema":{"@context":"https:\/\/schema.org","@graph":[{"@type":"WebPage","@id":"https:\/\/narvajoesuu.ee\/fi\/hotell\/huoneet\/lisamaksu-majoituksesta-paketin-ostaneille\/","url":"https:\/\/narvajoesuu.ee\/fi\/hotell\/huoneet\/lisamaksu-majoituksesta-paketin-ostaneille\/","name":"Lis\u00e4maksu majoituksesta paketin ostaneille - MEDICAL SPA NARVA-J\u00d5ESUU","isPartOf":{"@id":"https:\/\/narvajoesuu.ee\/#website"},"datePublished":"2020-10-02T09:25:19+00:00","dateModified":"2023-09-11T11:55:23+00:00","breadcrumb":{"@id":"https:\/\/narvajoesuu.ee\/fi\/hotell\/huoneet\/lisamaksu-majoituksesta-paketin-ostaneille\/#breadcrumb"},"inLanguage":"fi","potentialAction":[{"@type":"ReadAction","target":["https:\/\/narvajoesuu.ee\/fi\/hotell\/huoneet\/lisamaksu-majoituksesta-paketin-ostaneille\/"]}]},{"@type":"BreadcrumbList","@id":"https:\/\/narvajoesuu.ee\/fi\/hotell\/huoneet\/lisamaksu-majoituksesta-paketin-ostaneille\/#breadcrumb","itemListElement":[{"@type":"ListItem","position":1,"name":"Home","item":"https:\/\/narvajoesuu.ee\/fi\/"},{"@type":"ListItem","position":2,"name":"Hotell","item":"https:\/\/narvajoesuu.ee\/fi\/hotell\/"},{"@type":"ListItem","position":3,"name":"Huoneet","item":"https:\/\/narvajoesuu.ee\/fi\/hotell\/huoneet\/"},{"@type":"ListItem","position":4,"name":"Lis\u00e4maksu majoituksesta paketin ostaneille"}]},{"@type":"WebSite","@id":"https:\/\/narvajoesuu.ee\/#website","url":"https:\/\/narvajoesuu.ee\/","name":"MEDICAL SPA NARVA-J\u00d5ESUU","description":"","publisher":{"@id":"https:\/\/narvajoesuu.ee\/#organization"},"potentialAction":[{"@type":"SearchAction","target":{"@type":"EntryPoint","urlTemplate":"https:\/\/narvajoesuu.ee\/?s={search_term_string}"},"query-input":{"@type":"PropertyValueSpecification","valueRequired":true,"valueName":"search_term_string"}}],"inLanguage":"fi"},{"@type":"Organization","@id":"https:\/\/narvajoesuu.ee\/#organization","name":"Narva-J\u00f5esuu Medical SPA","url":"https:\/\/narvajoesuu.ee\/","logo":{"@type":"ImageObject","inLanguage":"fi","@id":"https:\/\/narvajoesuu.ee\/#\/schema\/logo\/image\/","url":"https:\/\/narvajoesuu.ee\/wp-content\/uploads\/2020\/10\/narvajoesuu-logo-small.png","contentUrl":"https:\/\/narvajoesuu.ee\/wp-content\/uploads\/2020\/10\/narvajoesuu-logo-small.png","width":170,"height":170,"caption":"Narva-J\u00f5esuu Medical SPA"},"image":{"@id":"https:\/\/narvajoesuu.ee\/#\/schema\/logo\/image\/"}}]}},"uagb_featured_image_src":{"full":false,"thumbnail":false,"medium":false,"medium_large":false,"large":false,"1536x1536":false,"2048x2048":false,"img-1920x550":false,"img-1920x320":false,"img-1920x200":false,"img-670x480":false,"img-570x280":false,"img-507":false,"img-370x240":false,"img-400x250":false,"img-370x175":false,"img-370x120":false,"img-300":false,"img-170":false},"uagb_author_info":{"display_name":"Maksim Mitrofanov","author_link":"https:\/\/narvajoesuu.ee\/fi\/author\/maksim\/"},"uagb_comment_info":0,"uagb_excerpt":"Korkeammat huoneluokat&nbsp;lis\u00e4maksusta Perehuone 32 \u20ac \/ 1 y\u00f6 Superior 42 \u20ac \/ 1 y\u00f6 Perehuone kerrosvuoteilla 42 \u20ac \/ 1...","_links":{"self":[{"href":"https:\/\/narvajoesuu.ee\/fi\/wp-json\/wp\/v2\/pages\/10688","targetHints":{"allow":["GET"]}}],"collection":[{"href":"https:\/\/narvajoesuu.ee\/fi\/wp-json\/wp\/v2\/pages"}],"about":[{"href":"https:\/\/narvajoesuu.ee\/fi\/wp-json\/wp\/v2\/types\/page"}],"author":[{"embeddable":true,"href":"https:\/\/narvajoesuu.ee\/fi\/wp-json\/wp\/v2\/users\/3"}],"replies":[{"embeddable":true,"href":"https:\/\/narvajoesuu.ee\/fi\/wp-json\/wp\/v2\/comments?post=10688"}],"version-history":[{"count":6,"href":"https:\/\/narvajoesuu.ee\/fi\/wp-json\/wp\/v2\/pages\/10688\/revisions"}],"predecessor-version":[{"id":16803,"href":"https:\/\/narvajoesuu.ee\/fi\/wp-json\/wp\/v2\/pages\/10688\/revisions\/16803"}],"up":[{"embeddable":true,"href":"https:\/\/narvajoesuu.ee\/fi\/wp-json\/wp\/v2\/pages\/10697"}],"wp:attachment":[{"href":"https:\/\/narvajoesuu.ee\/fi\/wp-json\/wp\/v2\/media?parent=10688"}],"curies":[{"name":"wp","href":"https:\/\/api.w.org\/{rel}","templated":true}]}}