{"id":10676,"date":"2020-10-02T14:19:10","date_gmt":"2020-10-02T11:19:10","guid":{"rendered":"https:\/\/narvajoesuu.ee\/kliendikaart\/"},"modified":"2023-03-22T13:01:07","modified_gmt":"2023-03-22T11:01:07","slug":"asiakaskortti","status":"publish","type":"page","link":"https:\/\/narvajoesuu.ee\/fi\/hotell\/asiakaskortti\/","title":{"rendered":"Asiakaskortti"},"content":{"rendered":"\n<h1 class=\"wp-el wp-block-heading\"><strong> MEDICAL SPA NARVA-J\u00d5ESUUN&nbsp;ASIAKASKORTTI<\/strong><\/h1>\n\n\n\n<ul class=\"wp-el wp-block-list\">\n<li>Asiakaskortti on henkil\u00f6kohtainen sek\u00e4 nimellinen ja sen luovuttaminen kolmannen henkil\u00f6n k\u00e4ytt\u00f6\u00f6n ei ole sallitua.<\/li>\n\n\n\n<li>Asiakaskortin omistaja on v\u00e4hint\u00e4\u00e4n 16-vuotias asiakas.<\/li>\n\n\n\n<li>Asiakaskortti ei ole maksuv\u00e4line, vaan etukortti.<\/li>\n\n\n\n<li>Asiakaskortin h\u00e4vi\u00e4misest\u00e4  t\u00e4ytyy ilmoittaa  asiakaspalvelijallemme. Uuden asiakaskortin saamisen t\u00e4ytyy maksaa 10 euroa.<\/li>\n<\/ul>\n\n\n\n<p class=\"wp-el\"><em><strong>Asiakaskortin hinta on 10 \u20ac<\/strong><\/em><\/p>\n\n\n\n<div class=\"wp-block-media-text alignwide is-stacked-on-mobile\"><figure class=\"wp-block-media-text__media\"><img loading=\"lazy\" decoding=\"async\" width=\"1024\" height=\"678\" src=\"https:\/\/narvajoesuu.ee\/wp-content\/uploads\/2021\/03\/NJ-SPA-Kleindikaart-2mmBleed_Page_1-1-1024x678.png\" alt=\"\" class=\"wp-image-1693 size-full\" srcset=\"https:\/\/narvajoesuu.ee\/wp-content\/uploads\/2021\/03\/NJ-SPA-Kleindikaart-2mmBleed_Page_1-1-1024x678.png 1024w, https:\/\/narvajoesuu.ee\/wp-content\/uploads\/2021\/03\/NJ-SPA-Kleindikaart-2mmBleed_Page_1-1.png 1052w\" sizes=\"auto, (max-width: 1024px) 100vw, 1024px\" \/><\/figure><div class=\"wp-block-media-text__content\">\n<p class=\"has-medium-font-size wp-el\">Kaikki alennukset ovat voimassa asiakaskortin esitt\u00e4misen j\u00e4lkeen ennen ostoa ja laskun<br>tekemist\u00e4. Kerralla on voimassa ainoastaan yksi etu\u00a0sek\u00e4 alennukset ei laajene lahjakortilla tehtyihin ostoihin.<\/p>\n<\/div><\/div>\n","protected":false},"excerpt":{"rendered":"<p>MEDICAL SPA NARVA-J\u00d5ESUUN&nbsp;ASIAKASKORTTI Asiakaskortin hinta on 10 \u20ac Kaikki alennukset ovat voimassa asiakaskortin esitt\u00e4misen j\u00e4lkeen ennen ostoa ja laskuntekemist\u00e4. Kerralla&#8230;<\/p>\n","protected":false},"author":3,"featured_media":0,"parent":10729,"menu_order":378,"comment_status":"closed","ping_status":"closed","template":"","meta":{"_acf_changed":false,"_uag_custom_page_level_css":"","_monsterinsights_skip_tracking":false,"_monsterinsights_sitenote_active":false,"_monsterinsights_sitenote_note":"","_monsterinsights_sitenote_category":0,"footnotes":""},"class_list":["post-10676","page","type-page","status-publish","hentry"],"acf":[],"yoast_head":"<!-- This site is optimized with the Yoast SEO plugin v27.4 - https:\/\/yoast.com\/product\/yoast-seo-wordpress\/ -->\n<title>Asiakaskortti - MEDICAL SPA NARVA-J\u00d5ESUU<\/title>\n<meta name=\"robots\" content=\"index, follow, max-snippet:-1, max-image-preview:large, max-video-preview:-1\" \/>\n<link rel=\"canonical\" href=\"https:\/\/narvajoesuu.ee\/fi\/hotell\/asiakaskortti\/\" \/>\n<meta property=\"og:locale\" content=\"fi_FI\" \/>\n<meta property=\"og:type\" content=\"article\" \/>\n<meta property=\"og:title\" content=\"Asiakaskortti - MEDICAL SPA NARVA-J\u00d5ESUU\" \/>\n<meta property=\"og:description\" content=\"MEDICAL SPA NARVA-J\u00d5ESUUN&nbsp;ASIAKASKORTTI Asiakaskortin hinta on 10 \u20ac Kaikki alennukset ovat voimassa asiakaskortin esitt\u00e4misen j\u00e4lkeen ennen ostoa ja laskuntekemist\u00e4. Kerralla...\" \/>\n<meta property=\"og:url\" content=\"https:\/\/narvajoesuu.ee\/fi\/hotell\/asiakaskortti\/\" \/>\n<meta property=\"og:site_name\" content=\"MEDICAL SPA NARVA-J\u00d5ESUU\" \/>\n<meta property=\"article:modified_time\" content=\"2023-03-22T11:01:07+00:00\" \/>\n<meta property=\"og:image\" content=\"https:\/\/narvajoesuu.ee\/wp-content\/uploads\/2021\/03\/NJ-SPA-Kleindikaart-2mmBleed_Page_1-1-1024x678.png\" \/>\n<meta name=\"twitter:card\" content=\"summary_large_image\" \/>\n<meta name=\"twitter:label1\" content=\"Arvioitu lukuaika\" \/>\n\t<meta name=\"twitter:data1\" content=\"1 minuutti\" \/>\n<script type=\"application\/ld+json\" class=\"yoast-schema-graph\">{\"@context\":\"https:\\\/\\\/schema.org\",\"@graph\":[{\"@type\":\"WebPage\",\"@id\":\"https:\\\/\\\/narvajoesuu.ee\\\/fi\\\/hotell\\\/asiakaskortti\\\/\",\"url\":\"https:\\\/\\\/narvajoesuu.ee\\\/fi\\\/hotell\\\/asiakaskortti\\\/\",\"name\":\"Asiakaskortti - MEDICAL SPA NARVA-J\u00d5ESUU\",\"isPartOf\":{\"@id\":\"https:\\\/\\\/narvajoesuu.ee\\\/#website\"},\"primaryImageOfPage\":{\"@id\":\"https:\\\/\\\/narvajoesuu.ee\\\/fi\\\/hotell\\\/asiakaskortti\\\/#primaryimage\"},\"image\":{\"@id\":\"https:\\\/\\\/narvajoesuu.ee\\\/fi\\\/hotell\\\/asiakaskortti\\\/#primaryimage\"},\"thumbnailUrl\":\"https:\\\/\\\/narvajoesuu.ee\\\/wp-content\\\/uploads\\\/2021\\\/03\\\/NJ-SPA-Kleindikaart-2mmBleed_Page_1-1-1024x678.png\",\"datePublished\":\"2020-10-02T11:19:10+00:00\",\"dateModified\":\"2023-03-22T11:01:07+00:00\",\"breadcrumb\":{\"@id\":\"https:\\\/\\\/narvajoesuu.ee\\\/fi\\\/hotell\\\/asiakaskortti\\\/#breadcrumb\"},\"inLanguage\":\"fi\",\"potentialAction\":[{\"@type\":\"ReadAction\",\"target\":[\"https:\\\/\\\/narvajoesuu.ee\\\/fi\\\/hotell\\\/asiakaskortti\\\/\"]}]},{\"@type\":\"ImageObject\",\"inLanguage\":\"fi\",\"@id\":\"https:\\\/\\\/narvajoesuu.ee\\\/fi\\\/hotell\\\/asiakaskortti\\\/#primaryimage\",\"url\":\"https:\\\/\\\/narvajoesuu.ee\\\/wp-content\\\/uploads\\\/2021\\\/03\\\/NJ-SPA-Kleindikaart-2mmBleed_Page_1-1-1024x678.png\",\"contentUrl\":\"https:\\\/\\\/narvajoesuu.ee\\\/wp-content\\\/uploads\\\/2021\\\/03\\\/NJ-SPA-Kleindikaart-2mmBleed_Page_1-1-1024x678.png\"},{\"@type\":\"BreadcrumbList\",\"@id\":\"https:\\\/\\\/narvajoesuu.ee\\\/fi\\\/hotell\\\/asiakaskortti\\\/#breadcrumb\",\"itemListElement\":[{\"@type\":\"ListItem\",\"position\":1,\"name\":\"Home\",\"item\":\"https:\\\/\\\/narvajoesuu.ee\\\/fi\\\/\"},{\"@type\":\"ListItem\",\"position\":2,\"name\":\"Hotell\",\"item\":\"https:\\\/\\\/narvajoesuu.ee\\\/fi\\\/hotell\\\/\"},{\"@type\":\"ListItem\",\"position\":3,\"name\":\"Asiakaskortti\"}]},{\"@type\":\"WebSite\",\"@id\":\"https:\\\/\\\/narvajoesuu.ee\\\/#website\",\"url\":\"https:\\\/\\\/narvajoesuu.ee\\\/\",\"name\":\"MEDICAL SPA NARVA-J\u00d5ESUU\",\"description\":\"\",\"publisher\":{\"@id\":\"https:\\\/\\\/narvajoesuu.ee\\\/#organization\"},\"potentialAction\":[{\"@type\":\"SearchAction\",\"target\":{\"@type\":\"EntryPoint\",\"urlTemplate\":\"https:\\\/\\\/narvajoesuu.ee\\\/?s={search_term_string}\"},\"query-input\":{\"@type\":\"PropertyValueSpecification\",\"valueRequired\":true,\"valueName\":\"search_term_string\"}}],\"inLanguage\":\"fi\"},{\"@type\":\"Organization\",\"@id\":\"https:\\\/\\\/narvajoesuu.ee\\\/#organization\",\"name\":\"Narva-J\u00f5esuu Medical SPA\",\"url\":\"https:\\\/\\\/narvajoesuu.ee\\\/\",\"logo\":{\"@type\":\"ImageObject\",\"inLanguage\":\"fi\",\"@id\":\"https:\\\/\\\/narvajoesuu.ee\\\/#\\\/schema\\\/logo\\\/image\\\/\",\"url\":\"https:\\\/\\\/narvajoesuu.ee\\\/wp-content\\\/uploads\\\/2020\\\/10\\\/narvajoesuu-logo-small.png\",\"contentUrl\":\"https:\\\/\\\/narvajoesuu.ee\\\/wp-content\\\/uploads\\\/2020\\\/10\\\/narvajoesuu-logo-small.png\",\"width\":170,\"height\":170,\"caption\":\"Narva-J\u00f5esuu Medical SPA\"},\"image\":{\"@id\":\"https:\\\/\\\/narvajoesuu.ee\\\/#\\\/schema\\\/logo\\\/image\\\/\"}}]}<\/script>\n<!-- \/ Yoast SEO plugin. -->","yoast_head_json":{"title":"Asiakaskortti - MEDICAL SPA NARVA-J\u00d5ESUU","robots":{"index":"index","follow":"follow","max-snippet":"max-snippet:-1","max-image-preview":"max-image-preview:large","max-video-preview":"max-video-preview:-1"},"canonical":"https:\/\/narvajoesuu.ee\/fi\/hotell\/asiakaskortti\/","og_locale":"fi_FI","og_type":"article","og_title":"Asiakaskortti - MEDICAL SPA NARVA-J\u00d5ESUU","og_description":"MEDICAL SPA NARVA-J\u00d5ESUUN&nbsp;ASIAKASKORTTI Asiakaskortin hinta on 10 \u20ac Kaikki alennukset ovat voimassa asiakaskortin esitt\u00e4misen j\u00e4lkeen ennen ostoa ja laskuntekemist\u00e4. Kerralla...","og_url":"https:\/\/narvajoesuu.ee\/fi\/hotell\/asiakaskortti\/","og_site_name":"MEDICAL SPA NARVA-J\u00d5ESUU","article_modified_time":"2023-03-22T11:01:07+00:00","og_image":[{"url":"https:\/\/narvajoesuu.ee\/wp-content\/uploads\/2021\/03\/NJ-SPA-Kleindikaart-2mmBleed_Page_1-1-1024x678.png","type":"","width":"","height":""}],"twitter_card":"summary_large_image","twitter_misc":{"Arvioitu lukuaika":"1 minuutti"},"schema":{"@context":"https:\/\/schema.org","@graph":[{"@type":"WebPage","@id":"https:\/\/narvajoesuu.ee\/fi\/hotell\/asiakaskortti\/","url":"https:\/\/narvajoesuu.ee\/fi\/hotell\/asiakaskortti\/","name":"Asiakaskortti - MEDICAL SPA NARVA-J\u00d5ESUU","isPartOf":{"@id":"https:\/\/narvajoesuu.ee\/#website"},"primaryImageOfPage":{"@id":"https:\/\/narvajoesuu.ee\/fi\/hotell\/asiakaskortti\/#primaryimage"},"image":{"@id":"https:\/\/narvajoesuu.ee\/fi\/hotell\/asiakaskortti\/#primaryimage"},"thumbnailUrl":"https:\/\/narvajoesuu.ee\/wp-content\/uploads\/2021\/03\/NJ-SPA-Kleindikaart-2mmBleed_Page_1-1-1024x678.png","datePublished":"2020-10-02T11:19:10+00:00","dateModified":"2023-03-22T11:01:07+00:00","breadcrumb":{"@id":"https:\/\/narvajoesuu.ee\/fi\/hotell\/asiakaskortti\/#breadcrumb"},"inLanguage":"fi","potentialAction":[{"@type":"ReadAction","target":["https:\/\/narvajoesuu.ee\/fi\/hotell\/asiakaskortti\/"]}]},{"@type":"ImageObject","inLanguage":"fi","@id":"https:\/\/narvajoesuu.ee\/fi\/hotell\/asiakaskortti\/#primaryimage","url":"https:\/\/narvajoesuu.ee\/wp-content\/uploads\/2021\/03\/NJ-SPA-Kleindikaart-2mmBleed_Page_1-1-1024x678.png","contentUrl":"https:\/\/narvajoesuu.ee\/wp-content\/uploads\/2021\/03\/NJ-SPA-Kleindikaart-2mmBleed_Page_1-1-1024x678.png"},{"@type":"BreadcrumbList","@id":"https:\/\/narvajoesuu.ee\/fi\/hotell\/asiakaskortti\/#breadcrumb","itemListElement":[{"@type":"ListItem","position":1,"name":"Home","item":"https:\/\/narvajoesuu.ee\/fi\/"},{"@type":"ListItem","position":2,"name":"Hotell","item":"https:\/\/narvajoesuu.ee\/fi\/hotell\/"},{"@type":"ListItem","position":3,"name":"Asiakaskortti"}]},{"@type":"WebSite","@id":"https:\/\/narvajoesuu.ee\/#website","url":"https:\/\/narvajoesuu.ee\/","name":"MEDICAL SPA NARVA-J\u00d5ESUU","description":"","publisher":{"@id":"https:\/\/narvajoesuu.ee\/#organization"},"potentialAction":[{"@type":"SearchAction","target":{"@type":"EntryPoint","urlTemplate":"https:\/\/narvajoesuu.ee\/?s={search_term_string}"},"query-input":{"@type":"PropertyValueSpecification","valueRequired":true,"valueName":"search_term_string"}}],"inLanguage":"fi"},{"@type":"Organization","@id":"https:\/\/narvajoesuu.ee\/#organization","name":"Narva-J\u00f5esuu Medical SPA","url":"https:\/\/narvajoesuu.ee\/","logo":{"@type":"ImageObject","inLanguage":"fi","@id":"https:\/\/narvajoesuu.ee\/#\/schema\/logo\/image\/","url":"https:\/\/narvajoesuu.ee\/wp-content\/uploads\/2020\/10\/narvajoesuu-logo-small.png","contentUrl":"https:\/\/narvajoesuu.ee\/wp-content\/uploads\/2020\/10\/narvajoesuu-logo-small.png","width":170,"height":170,"caption":"Narva-J\u00f5esuu Medical SPA"},"image":{"@id":"https:\/\/narvajoesuu.ee\/#\/schema\/logo\/image\/"}}]}},"uagb_featured_image_src":{"full":false,"thumbnail":false,"medium":false,"medium_large":false,"large":false,"1536x1536":false,"2048x2048":false,"img-1920x550":false,"img-1920x320":false,"img-1920x200":false,"img-670x480":false,"img-570x280":false,"img-507":false,"img-370x240":false,"img-400x250":false,"img-370x175":false,"img-370x120":false,"img-300":false,"img-170":false},"uagb_author_info":{"display_name":"Maksim Mitrofanov","author_link":"https:\/\/narvajoesuu.ee\/fi\/author\/maksim\/"},"uagb_comment_info":0,"uagb_excerpt":"MEDICAL SPA NARVA-J\u00d5ESUUN&nbsp;ASIAKASKORTTI Asiakaskortin hinta on 10 \u20ac Kaikki alennukset ovat voimassa asiakaskortin esitt\u00e4misen j\u00e4lkeen ennen ostoa ja laskuntekemist\u00e4. Kerralla...","_links":{"self":[{"href":"https:\/\/narvajoesuu.ee\/fi\/wp-json\/wp\/v2\/pages\/10676","targetHints":{"allow":["GET"]}}],"collection":[{"href":"https:\/\/narvajoesuu.ee\/fi\/wp-json\/wp\/v2\/pages"}],"about":[{"href":"https:\/\/narvajoesuu.ee\/fi\/wp-json\/wp\/v2\/types\/page"}],"author":[{"embeddable":true,"href":"https:\/\/narvajoesuu.ee\/fi\/wp-json\/wp\/v2\/users\/3"}],"replies":[{"embeddable":true,"href":"https:\/\/narvajoesuu.ee\/fi\/wp-json\/wp\/v2\/comments?post=10676"}],"version-history":[{"count":10,"href":"https:\/\/narvajoesuu.ee\/fi\/wp-json\/wp\/v2\/pages\/10676\/revisions"}],"predecessor-version":[{"id":14768,"href":"https:\/\/narvajoesuu.ee\/fi\/wp-json\/wp\/v2\/pages\/10676\/revisions\/14768"}],"up":[{"embeddable":true,"href":"https:\/\/narvajoesuu.ee\/fi\/wp-json\/wp\/v2\/pages\/10729"}],"wp:attachment":[{"href":"https:\/\/narvajoesuu.ee\/fi\/wp-json\/wp\/v2\/media?parent=10676"}],"curies":[{"name":"wp","href":"https:\/\/api.w.org\/{rel}","templated":true}]}}