{"id":10661,"date":"2020-10-02T15:00:50","date_gmt":"2020-10-02T12:00:50","guid":{"rendered":"https:\/\/narvajoesuu.ee\/transfeer\/"},"modified":"2023-03-22T13:14:35","modified_gmt":"2023-03-22T11:14:35","slug":"kuljetuspalvelu","status":"publish","type":"page","link":"https:\/\/narvajoesuu.ee\/fi\/hotell\/kuljetuspalvelu\/","title":{"rendered":"Kuljetuspalvelu"},"content":{"rendered":"\n<p class=\"wp-el\">Kuljetuspalvelua k\u00e4ytt\u00e4ess\u00e4si voit unohtaa kaikki matkustamista ja matkatavaroiden rautatieasemalta tai<br>bussiasemalta hotelliin ja takaisin asemalle toimittamista koskevat ongelmat. Kuljettaja odottaa sinua<br>kuten sovittu ja toimittaa sinut hotelliin.<\/p>\n\n\n\n<h3 class=\"wp-el wp-block-heading\">Lis\u00e4tiedot ja tilaukset:<\/h3>\n\n\n\n<p class=\"wp-el\"><strong>MEGATAKSO O\u00dc<\/strong><br>Tel: <a href=\"tel:+ 372 555 111 90\">+ 372 555 111 90<\/a><br>Tel: <a href=\"tel:+ 372 55 433 12\">+ 372 55 433 12<\/a><br>Tel: <a href=\"tel:+ 7 929 104 30 52\u200b\">+ 7 929 104 30 52\u200b<\/a><br>Whatsapp &amp; Viber &amp; Telegramm <a href=\"tel:+ 372&nbsp;55 433 12\">+ 372&nbsp;55 433 12&nbsp;<\/a><br>E-mail:&nbsp;<em><a href=\"mailto:megatakso@mail.ru\">megatakso@mail.ru<\/a><\/em><\/p>\n\n\n\n<figure class=\"wp-block-table\"><table class=\"has-fixed-layout\"><thead><tr><th>Reitti<\/th><th>Hinnasto<\/th><\/tr><\/thead><tbody><tr><td>NARVA &#8211; NARVA-J\u00d5ESUU<\/td><td><em>15 \u20ac <\/em>(1-4 hl\u00f6)<\/td><\/tr><tr><td>NARVA &#8211; NARVA-J\u00d5ESUU<\/td><td><em>20 \u20ac<\/em> (6 hl\u00f6 asti)<\/td><\/tr><tr><td>NARVA-J\u00d5ESUU &#8211; NARVA<\/td><td><em>15 \u20ac<\/em> (1-4 hl\u00f6)<\/td><\/tr><tr><td>NARVA-J\u00d5ESUU &#8211; NARVA<\/td><td><em>20 \u20ac <\/em>(6 hl\u00f6 asti)<\/td><\/tr><\/tbody><\/table><\/figure>\n\n\n\n<p class=\"wp-el\"><strong>Autopalveluiden hinnasta sovitaan erikseen seuraavien reittien mukaan:<\/strong><\/p>\n\n\n\n<ul class=\"wp-el wp-block-list\">\n<li>NARVA-J\u00d5ESUU &#8211; SILLAM\u00c4E &#8211; NARVA-J\u00d5ESUU<\/li>\n\n\n\n<li>NARVA-J\u00d5ESUU &#8211; J\u00d5HVI &#8211; NARVA-J\u00d5ESUU&nbsp;<\/li>\n\n\n\n<li>NARVA-J\u00d5ESUU &#8211; TOILA &#8211; NARVA-J\u00d5ESUU&nbsp;<\/li>\n\n\n\n<li>NARVA-J\u00d5ESUU &#8211; KUREM\u00c4E &#8211; NARVA-J\u00d5ESUU&nbsp;<\/li>\n\n\n\n<li>NARVA-J\u00d5ESUU &#8211; RAKVERE &#8211; NARVA-J\u00d5ESUU&nbsp;<\/li>\n\n\n\n<li>NARVA-J\u00d5ESUU &#8211; TALLINN &#8211; NARVA-J\u00d5ESUU<\/li>\n\n\n\n<li>NARVA-J\u00d5ESUU &#8211; TARTU &#8211; NARVA-J\u00d5ESUU&nbsp;<\/li>\n<\/ul>\n\n\n\n<p class=\"wp-el\"><strong>Kysy tarjousta!<\/strong><\/p>\n","protected":false},"excerpt":{"rendered":"<p>Kuljetuspalvelua k\u00e4ytt\u00e4ess\u00e4si voit unohtaa kaikki matkustamista ja matkatavaroiden rautatieasemalta taibussiasemalta hotelliin ja takaisin asemalle toimittamista koskevat ongelmat. Kuljettaja odottaa sinuakuten&#8230;<\/p>\n","protected":false},"author":3,"featured_media":0,"parent":10729,"menu_order":461,"comment_status":"closed","ping_status":"closed","template":"","meta":{"_acf_changed":false,"_uag_custom_page_level_css":"","_monsterinsights_skip_tracking":false,"_monsterinsights_sitenote_active":false,"_monsterinsights_sitenote_note":"","_monsterinsights_sitenote_category":0,"footnotes":""},"class_list":["post-10661","page","type-page","status-publish","hentry"],"acf":[],"yoast_head":"<!-- This site is optimized with the Yoast SEO plugin v27.4 - https:\/\/yoast.com\/product\/yoast-seo-wordpress\/ -->\n<title>Kuljetuspalvelu - MEDICAL SPA NARVA-J\u00d5ESUU<\/title>\n<meta name=\"robots\" content=\"index, follow, max-snippet:-1, max-image-preview:large, max-video-preview:-1\" \/>\n<link rel=\"canonical\" href=\"https:\/\/narvajoesuu.ee\/fi\/hotell\/kuljetuspalvelu\/\" \/>\n<meta property=\"og:locale\" content=\"fi_FI\" \/>\n<meta property=\"og:type\" content=\"article\" \/>\n<meta property=\"og:title\" content=\"Kuljetuspalvelu - MEDICAL SPA NARVA-J\u00d5ESUU\" \/>\n<meta property=\"og:description\" content=\"Kuljetuspalvelua k\u00e4ytt\u00e4ess\u00e4si voit unohtaa kaikki matkustamista ja matkatavaroiden rautatieasemalta taibussiasemalta hotelliin ja takaisin asemalle toimittamista koskevat ongelmat. Kuljettaja odottaa sinuakuten...\" \/>\n<meta property=\"og:url\" content=\"https:\/\/narvajoesuu.ee\/fi\/hotell\/kuljetuspalvelu\/\" \/>\n<meta property=\"og:site_name\" content=\"MEDICAL SPA NARVA-J\u00d5ESUU\" \/>\n<meta property=\"article:modified_time\" content=\"2023-03-22T11:14:35+00:00\" \/>\n<meta property=\"og:image\" content=\"https:\/\/narvajoesuu.ee\/wp-content\/uploads\/2021\/12\/Maja-pilt.png\" \/>\n\t<meta property=\"og:image:width\" content=\"1200\" \/>\n\t<meta property=\"og:image:height\" content=\"630\" \/>\n\t<meta property=\"og:image:type\" content=\"image\/png\" \/>\n<meta name=\"twitter:card\" content=\"summary_large_image\" \/>\n<meta name=\"twitter:label1\" content=\"Arvioitu lukuaika\" \/>\n\t<meta name=\"twitter:data1\" content=\"1 minuutti\" \/>\n<script type=\"application\/ld+json\" class=\"yoast-schema-graph\">{\"@context\":\"https:\\\/\\\/schema.org\",\"@graph\":[{\"@type\":\"WebPage\",\"@id\":\"https:\\\/\\\/narvajoesuu.ee\\\/fi\\\/hotell\\\/kuljetuspalvelu\\\/\",\"url\":\"https:\\\/\\\/narvajoesuu.ee\\\/fi\\\/hotell\\\/kuljetuspalvelu\\\/\",\"name\":\"Kuljetuspalvelu - MEDICAL SPA NARVA-J\u00d5ESUU\",\"isPartOf\":{\"@id\":\"https:\\\/\\\/narvajoesuu.ee\\\/#website\"},\"datePublished\":\"2020-10-02T12:00:50+00:00\",\"dateModified\":\"2023-03-22T11:14:35+00:00\",\"breadcrumb\":{\"@id\":\"https:\\\/\\\/narvajoesuu.ee\\\/fi\\\/hotell\\\/kuljetuspalvelu\\\/#breadcrumb\"},\"inLanguage\":\"fi\",\"potentialAction\":[{\"@type\":\"ReadAction\",\"target\":[\"https:\\\/\\\/narvajoesuu.ee\\\/fi\\\/hotell\\\/kuljetuspalvelu\\\/\"]}]},{\"@type\":\"BreadcrumbList\",\"@id\":\"https:\\\/\\\/narvajoesuu.ee\\\/fi\\\/hotell\\\/kuljetuspalvelu\\\/#breadcrumb\",\"itemListElement\":[{\"@type\":\"ListItem\",\"position\":1,\"name\":\"Home\",\"item\":\"https:\\\/\\\/narvajoesuu.ee\\\/fi\\\/\"},{\"@type\":\"ListItem\",\"position\":2,\"name\":\"Hotell\",\"item\":\"https:\\\/\\\/narvajoesuu.ee\\\/fi\\\/hotell\\\/\"},{\"@type\":\"ListItem\",\"position\":3,\"name\":\"Kuljetuspalvelu\"}]},{\"@type\":\"WebSite\",\"@id\":\"https:\\\/\\\/narvajoesuu.ee\\\/#website\",\"url\":\"https:\\\/\\\/narvajoesuu.ee\\\/\",\"name\":\"MEDICAL SPA NARVA-J\u00d5ESUU\",\"description\":\"\",\"publisher\":{\"@id\":\"https:\\\/\\\/narvajoesuu.ee\\\/#organization\"},\"potentialAction\":[{\"@type\":\"SearchAction\",\"target\":{\"@type\":\"EntryPoint\",\"urlTemplate\":\"https:\\\/\\\/narvajoesuu.ee\\\/?s={search_term_string}\"},\"query-input\":{\"@type\":\"PropertyValueSpecification\",\"valueRequired\":true,\"valueName\":\"search_term_string\"}}],\"inLanguage\":\"fi\"},{\"@type\":\"Organization\",\"@id\":\"https:\\\/\\\/narvajoesuu.ee\\\/#organization\",\"name\":\"Narva-J\u00f5esuu Medical SPA\",\"url\":\"https:\\\/\\\/narvajoesuu.ee\\\/\",\"logo\":{\"@type\":\"ImageObject\",\"inLanguage\":\"fi\",\"@id\":\"https:\\\/\\\/narvajoesuu.ee\\\/#\\\/schema\\\/logo\\\/image\\\/\",\"url\":\"https:\\\/\\\/narvajoesuu.ee\\\/wp-content\\\/uploads\\\/2020\\\/10\\\/narvajoesuu-logo-small.png\",\"contentUrl\":\"https:\\\/\\\/narvajoesuu.ee\\\/wp-content\\\/uploads\\\/2020\\\/10\\\/narvajoesuu-logo-small.png\",\"width\":170,\"height\":170,\"caption\":\"Narva-J\u00f5esuu Medical SPA\"},\"image\":{\"@id\":\"https:\\\/\\\/narvajoesuu.ee\\\/#\\\/schema\\\/logo\\\/image\\\/\"}}]}<\/script>\n<!-- \/ Yoast SEO plugin. -->","yoast_head_json":{"title":"Kuljetuspalvelu - MEDICAL SPA NARVA-J\u00d5ESUU","robots":{"index":"index","follow":"follow","max-snippet":"max-snippet:-1","max-image-preview":"max-image-preview:large","max-video-preview":"max-video-preview:-1"},"canonical":"https:\/\/narvajoesuu.ee\/fi\/hotell\/kuljetuspalvelu\/","og_locale":"fi_FI","og_type":"article","og_title":"Kuljetuspalvelu - MEDICAL SPA NARVA-J\u00d5ESUU","og_description":"Kuljetuspalvelua k\u00e4ytt\u00e4ess\u00e4si voit unohtaa kaikki matkustamista ja matkatavaroiden rautatieasemalta taibussiasemalta hotelliin ja takaisin asemalle toimittamista koskevat ongelmat. Kuljettaja odottaa sinuakuten...","og_url":"https:\/\/narvajoesuu.ee\/fi\/hotell\/kuljetuspalvelu\/","og_site_name":"MEDICAL SPA NARVA-J\u00d5ESUU","article_modified_time":"2023-03-22T11:14:35+00:00","og_image":[{"width":1200,"height":630,"url":"https:\/\/narvajoesuu.ee\/wp-content\/uploads\/2021\/12\/Maja-pilt.png","type":"image\/png"}],"twitter_card":"summary_large_image","twitter_misc":{"Arvioitu lukuaika":"1 minuutti"},"schema":{"@context":"https:\/\/schema.org","@graph":[{"@type":"WebPage","@id":"https:\/\/narvajoesuu.ee\/fi\/hotell\/kuljetuspalvelu\/","url":"https:\/\/narvajoesuu.ee\/fi\/hotell\/kuljetuspalvelu\/","name":"Kuljetuspalvelu - MEDICAL SPA NARVA-J\u00d5ESUU","isPartOf":{"@id":"https:\/\/narvajoesuu.ee\/#website"},"datePublished":"2020-10-02T12:00:50+00:00","dateModified":"2023-03-22T11:14:35+00:00","breadcrumb":{"@id":"https:\/\/narvajoesuu.ee\/fi\/hotell\/kuljetuspalvelu\/#breadcrumb"},"inLanguage":"fi","potentialAction":[{"@type":"ReadAction","target":["https:\/\/narvajoesuu.ee\/fi\/hotell\/kuljetuspalvelu\/"]}]},{"@type":"BreadcrumbList","@id":"https:\/\/narvajoesuu.ee\/fi\/hotell\/kuljetuspalvelu\/#breadcrumb","itemListElement":[{"@type":"ListItem","position":1,"name":"Home","item":"https:\/\/narvajoesuu.ee\/fi\/"},{"@type":"ListItem","position":2,"name":"Hotell","item":"https:\/\/narvajoesuu.ee\/fi\/hotell\/"},{"@type":"ListItem","position":3,"name":"Kuljetuspalvelu"}]},{"@type":"WebSite","@id":"https:\/\/narvajoesuu.ee\/#website","url":"https:\/\/narvajoesuu.ee\/","name":"MEDICAL SPA NARVA-J\u00d5ESUU","description":"","publisher":{"@id":"https:\/\/narvajoesuu.ee\/#organization"},"potentialAction":[{"@type":"SearchAction","target":{"@type":"EntryPoint","urlTemplate":"https:\/\/narvajoesuu.ee\/?s={search_term_string}"},"query-input":{"@type":"PropertyValueSpecification","valueRequired":true,"valueName":"search_term_string"}}],"inLanguage":"fi"},{"@type":"Organization","@id":"https:\/\/narvajoesuu.ee\/#organization","name":"Narva-J\u00f5esuu Medical SPA","url":"https:\/\/narvajoesuu.ee\/","logo":{"@type":"ImageObject","inLanguage":"fi","@id":"https:\/\/narvajoesuu.ee\/#\/schema\/logo\/image\/","url":"https:\/\/narvajoesuu.ee\/wp-content\/uploads\/2020\/10\/narvajoesuu-logo-small.png","contentUrl":"https:\/\/narvajoesuu.ee\/wp-content\/uploads\/2020\/10\/narvajoesuu-logo-small.png","width":170,"height":170,"caption":"Narva-J\u00f5esuu Medical SPA"},"image":{"@id":"https:\/\/narvajoesuu.ee\/#\/schema\/logo\/image\/"}}]}},"uagb_featured_image_src":{"full":false,"thumbnail":false,"medium":false,"medium_large":false,"large":false,"1536x1536":false,"2048x2048":false,"img-1920x550":false,"img-1920x320":false,"img-1920x200":false,"img-670x480":false,"img-570x280":false,"img-507":false,"img-370x240":false,"img-400x250":false,"img-370x175":false,"img-370x120":false,"img-300":false,"img-170":false},"uagb_author_info":{"display_name":"Maksim Mitrofanov","author_link":"https:\/\/narvajoesuu.ee\/fi\/author\/maksim\/"},"uagb_comment_info":0,"uagb_excerpt":"Kuljetuspalvelua k\u00e4ytt\u00e4ess\u00e4si voit unohtaa kaikki matkustamista ja matkatavaroiden rautatieasemalta taibussiasemalta hotelliin ja takaisin asemalle toimittamista koskevat ongelmat. Kuljettaja odottaa sinuakuten...","_links":{"self":[{"href":"https:\/\/narvajoesuu.ee\/fi\/wp-json\/wp\/v2\/pages\/10661","targetHints":{"allow":["GET"]}}],"collection":[{"href":"https:\/\/narvajoesuu.ee\/fi\/wp-json\/wp\/v2\/pages"}],"about":[{"href":"https:\/\/narvajoesuu.ee\/fi\/wp-json\/wp\/v2\/types\/page"}],"author":[{"embeddable":true,"href":"https:\/\/narvajoesuu.ee\/fi\/wp-json\/wp\/v2\/users\/3"}],"replies":[{"embeddable":true,"href":"https:\/\/narvajoesuu.ee\/fi\/wp-json\/wp\/v2\/comments?post=10661"}],"version-history":[{"count":7,"href":"https:\/\/narvajoesuu.ee\/fi\/wp-json\/wp\/v2\/pages\/10661\/revisions"}],"predecessor-version":[{"id":14771,"href":"https:\/\/narvajoesuu.ee\/fi\/wp-json\/wp\/v2\/pages\/10661\/revisions\/14771"}],"up":[{"embeddable":true,"href":"https:\/\/narvajoesuu.ee\/fi\/wp-json\/wp\/v2\/pages\/10729"}],"wp:attachment":[{"href":"https:\/\/narvajoesuu.ee\/fi\/wp-json\/wp\/v2\/media?parent=10661"}],"curies":[{"name":"wp","href":"https:\/\/api.w.org\/{rel}","templated":true}]}}