{"id":10637,"date":"2020-10-02T16:08:01","date_gmt":"2020-10-02T13:08:01","guid":{"rendered":"https:\/\/narvajoesuu.ee\/grupimenuud\/"},"modified":"2024-09-13T10:07:26","modified_gmt":"2024-09-13T07:07:26","slug":"ryhmien-ruokailu","status":"publish","type":"page","link":"https:\/\/narvajoesuu.ee\/fi\/konferenssikeskus\/ryhmien-ruokailu\/","title":{"rendered":"Ryhmien ruokailu"},"content":{"rendered":"\n<p class=\"wp-el\">Ryhm\u00e4menun voi tilata v\u00e4hint\u00e4\u00e4n seitsem\u00e4lle henkil\u00f6lle ja tilaus on j\u00e4tett\u00e4v\u00e4 viimeist\u00e4\u00e4n kolme ty\u00f6p\u00e4iv\u00e4\u00e4 ennen tilaisuuden ajankohtaa.<\/p>\n\n\n\n<p class=\"wp-el\">Kaikki menut sis\u00e4lt\u00e4v\u00e4t kahvin, teen ja j\u00e4\u00e4veden.&nbsp;<em>Koko ryhm\u00e4lle on valittava sama menu<\/em>.<\/p>\n\n\n\n<figure class=\"wp-block-table is-style-stripes\"><table class=\"has-fixed-layout\"><thead><tr><th class=\"has-text-align-left\" data-align=\"left\">Ryhm\u00e4valikko&nbsp;\u2116 1<\/th><th class=\"has-text-align-left\" data-align=\"left\">Ryhm\u00e4valikko \u2116 2<\/th><th class=\"has-text-align-left\" data-align=\"left\">Ryhm\u00e4valikko \u2116 3<\/th><\/tr><\/thead><tbody><tr><td class=\"has-text-align-left\" data-align=\"left\">Vihre\u00e4 salaatti rapealla pekonilla ja ranskalaisella kastikkeella<\/td><td class=\"has-text-align-left\" data-align=\"left\">Pinaattisosekeitto porkkanalastuilla<\/td><td class=\"has-text-align-left\" data-align=\"left\">Kylm\u00e4savulohisalaatti krutongeilla ja vihre\u00e4ll\u00e4 pestolla<\/td><\/tr><tr><td class=\"has-text-align-left\" data-align=\"left\">Porsaan fileepihvi manteliperunoilla<\/td><td class=\"has-text-align-left\" data-align=\"left\">Lohifilee v\u00e4limerellisill\u00e4 yrteill\u00e4 haudutettua parsaa<\/td><td class=\"has-text-align-left\" data-align=\"left\">Pestossa marinoitu kananfilee perunagratiinilla ja pinaatti-sieniviilokilla<\/td><\/tr><tr><td class=\"has-text-align-left\" data-align=\"left\">Kotitekoista j\u00e4\u00e4tel\u00f6\u00e4 marenkimurulla<\/td><td class=\"has-text-align-left\" data-align=\"left\">Sitruuna-mantelikakku ja mansikka&nbsp;coulis<\/td><td class=\"has-text-align-left\" data-align=\"left\">Marenki juustovaahdolla ja paahdetuilla mansikoilla<\/td><\/tr><\/tbody><tfoot><tr><td class=\"has-text-align-left\" data-align=\"left\">Hinta yhdelle henkil\u00f6lle <em>29 \u20ac<\/em><\/td><td class=\"has-text-align-left\" data-align=\"left\">Hinta yhdelle henkil\u00f6lle<em> 33 \u20ac<\/em><\/td><td class=\"has-text-align-left\" data-align=\"left\">Hinta yhdelle henkil\u00f6lle <em>27 \u20ac<\/em><\/td><\/tr><\/tfoot><\/table><\/figure>\n\n\n<div class=\"b-block pad-top-0 pad-bottom-20\"><div class=\"p-emphasis b-part container-p0 p-emphasis--info\"><div>\n<div><strong>Lis\u00e4tiedot ja varaukset:<\/strong><br \/>\nMa-Pe 8.30-16.30<br \/>\nPuhelin: +372 53 44 7779<br \/>\nS\u00e4hk\u00f6posti: info@narvajoesuu.ee<\/div>\n<\/div>\n<\/div><\/div>","protected":false},"excerpt":{"rendered":"<p>Ryhm\u00e4menun voi tilata v\u00e4hint\u00e4\u00e4n seitsem\u00e4lle henkil\u00f6lle ja tilaus on j\u00e4tett\u00e4v\u00e4 viimeist\u00e4\u00e4n kolme ty\u00f6p\u00e4iv\u00e4\u00e4 ennen tilaisuuden ajankohtaa. Kaikki menut sis\u00e4lt\u00e4v\u00e4t kahvin,&#8230;<\/p>\n","protected":false},"author":3,"featured_media":0,"parent":10711,"menu_order":624,"comment_status":"closed","ping_status":"closed","template":"","meta":{"_acf_changed":false,"_uag_custom_page_level_css":"","_monsterinsights_skip_tracking":false,"_monsterinsights_sitenote_active":false,"_monsterinsights_sitenote_note":"","_monsterinsights_sitenote_category":0,"footnotes":""},"class_list":["post-10637","page","type-page","status-publish","hentry"],"acf":[],"yoast_head":"<!-- This site is optimized with the Yoast SEO plugin v27.5 - https:\/\/yoast.com\/product\/yoast-seo-wordpress\/ -->\n<title>Ryhmien ruokailu - MEDICAL SPA NARVA-J\u00d5ESUU<\/title>\n<meta name=\"robots\" content=\"index, follow, max-snippet:-1, max-image-preview:large, max-video-preview:-1\" \/>\n<link rel=\"canonical\" href=\"https:\/\/narvajoesuu.ee\/fi\/konferenssikeskus\/ryhmien-ruokailu\/\" \/>\n<meta property=\"og:locale\" content=\"fi_FI\" \/>\n<meta property=\"og:type\" content=\"article\" \/>\n<meta property=\"og:title\" content=\"Ryhmien ruokailu - MEDICAL SPA NARVA-J\u00d5ESUU\" \/>\n<meta property=\"og:description\" content=\"Ryhm\u00e4menun voi tilata v\u00e4hint\u00e4\u00e4n seitsem\u00e4lle henkil\u00f6lle ja tilaus on j\u00e4tett\u00e4v\u00e4 viimeist\u00e4\u00e4n kolme ty\u00f6p\u00e4iv\u00e4\u00e4 ennen tilaisuuden ajankohtaa. Kaikki menut sis\u00e4lt\u00e4v\u00e4t kahvin,...\" \/>\n<meta property=\"og:url\" content=\"https:\/\/narvajoesuu.ee\/fi\/konferenssikeskus\/ryhmien-ruokailu\/\" \/>\n<meta property=\"og:site_name\" content=\"MEDICAL SPA NARVA-J\u00d5ESUU\" \/>\n<meta property=\"article:modified_time\" content=\"2024-09-13T07:07:26+00:00\" \/>\n<meta property=\"og:image\" content=\"https:\/\/narvajoesuu.ee\/wp-content\/uploads\/2021\/12\/Maja-pilt.png\" \/>\n\t<meta property=\"og:image:width\" content=\"1200\" \/>\n\t<meta property=\"og:image:height\" content=\"630\" \/>\n\t<meta property=\"og:image:type\" content=\"image\/png\" \/>\n<meta name=\"twitter:card\" content=\"summary_large_image\" \/>\n<meta name=\"twitter:label1\" content=\"Arvioitu lukuaika\" \/>\n\t<meta name=\"twitter:data1\" content=\"1 minuutti\" \/>\n<script type=\"application\/ld+json\" class=\"yoast-schema-graph\">{\"@context\":\"https:\\\/\\\/schema.org\",\"@graph\":[{\"@type\":\"WebPage\",\"@id\":\"https:\\\/\\\/narvajoesuu.ee\\\/fi\\\/konferenssikeskus\\\/ryhmien-ruokailu\\\/\",\"url\":\"https:\\\/\\\/narvajoesuu.ee\\\/fi\\\/konferenssikeskus\\\/ryhmien-ruokailu\\\/\",\"name\":\"Ryhmien ruokailu - MEDICAL SPA NARVA-J\u00d5ESUU\",\"isPartOf\":{\"@id\":\"https:\\\/\\\/narvajoesuu.ee\\\/#website\"},\"datePublished\":\"2020-10-02T13:08:01+00:00\",\"dateModified\":\"2024-09-13T07:07:26+00:00\",\"breadcrumb\":{\"@id\":\"https:\\\/\\\/narvajoesuu.ee\\\/fi\\\/konferenssikeskus\\\/ryhmien-ruokailu\\\/#breadcrumb\"},\"inLanguage\":\"fi\",\"potentialAction\":[{\"@type\":\"ReadAction\",\"target\":[\"https:\\\/\\\/narvajoesuu.ee\\\/fi\\\/konferenssikeskus\\\/ryhmien-ruokailu\\\/\"]}]},{\"@type\":\"BreadcrumbList\",\"@id\":\"https:\\\/\\\/narvajoesuu.ee\\\/fi\\\/konferenssikeskus\\\/ryhmien-ruokailu\\\/#breadcrumb\",\"itemListElement\":[{\"@type\":\"ListItem\",\"position\":1,\"name\":\"Home\",\"item\":\"https:\\\/\\\/narvajoesuu.ee\\\/fi\\\/\"},{\"@type\":\"ListItem\",\"position\":2,\"name\":\"Konferenssikeskus\",\"item\":\"https:\\\/\\\/narvajoesuu.ee\\\/fi\\\/konferenssikeskus\\\/\"},{\"@type\":\"ListItem\",\"position\":3,\"name\":\"Ryhmien ruokailu\"}]},{\"@type\":\"WebSite\",\"@id\":\"https:\\\/\\\/narvajoesuu.ee\\\/#website\",\"url\":\"https:\\\/\\\/narvajoesuu.ee\\\/\",\"name\":\"MEDICAL SPA NARVA-J\u00d5ESUU\",\"description\":\"\",\"publisher\":{\"@id\":\"https:\\\/\\\/narvajoesuu.ee\\\/#organization\"},\"potentialAction\":[{\"@type\":\"SearchAction\",\"target\":{\"@type\":\"EntryPoint\",\"urlTemplate\":\"https:\\\/\\\/narvajoesuu.ee\\\/?s={search_term_string}\"},\"query-input\":{\"@type\":\"PropertyValueSpecification\",\"valueRequired\":true,\"valueName\":\"search_term_string\"}}],\"inLanguage\":\"fi\"},{\"@type\":\"Organization\",\"@id\":\"https:\\\/\\\/narvajoesuu.ee\\\/#organization\",\"name\":\"Narva-J\u00f5esuu Medical SPA\",\"url\":\"https:\\\/\\\/narvajoesuu.ee\\\/\",\"logo\":{\"@type\":\"ImageObject\",\"inLanguage\":\"fi\",\"@id\":\"https:\\\/\\\/narvajoesuu.ee\\\/#\\\/schema\\\/logo\\\/image\\\/\",\"url\":\"https:\\\/\\\/narvajoesuu.ee\\\/wp-content\\\/uploads\\\/2020\\\/10\\\/narvajoesuu-logo-small.png\",\"contentUrl\":\"https:\\\/\\\/narvajoesuu.ee\\\/wp-content\\\/uploads\\\/2020\\\/10\\\/narvajoesuu-logo-small.png\",\"width\":170,\"height\":170,\"caption\":\"Narva-J\u00f5esuu Medical SPA\"},\"image\":{\"@id\":\"https:\\\/\\\/narvajoesuu.ee\\\/#\\\/schema\\\/logo\\\/image\\\/\"}}]}<\/script>\n<!-- \/ Yoast SEO plugin. -->","yoast_head_json":{"title":"Ryhmien ruokailu - MEDICAL SPA NARVA-J\u00d5ESUU","robots":{"index":"index","follow":"follow","max-snippet":"max-snippet:-1","max-image-preview":"max-image-preview:large","max-video-preview":"max-video-preview:-1"},"canonical":"https:\/\/narvajoesuu.ee\/fi\/konferenssikeskus\/ryhmien-ruokailu\/","og_locale":"fi_FI","og_type":"article","og_title":"Ryhmien ruokailu - MEDICAL SPA NARVA-J\u00d5ESUU","og_description":"Ryhm\u00e4menun voi tilata v\u00e4hint\u00e4\u00e4n seitsem\u00e4lle henkil\u00f6lle ja tilaus on j\u00e4tett\u00e4v\u00e4 viimeist\u00e4\u00e4n kolme ty\u00f6p\u00e4iv\u00e4\u00e4 ennen tilaisuuden ajankohtaa. Kaikki menut sis\u00e4lt\u00e4v\u00e4t kahvin,...","og_url":"https:\/\/narvajoesuu.ee\/fi\/konferenssikeskus\/ryhmien-ruokailu\/","og_site_name":"MEDICAL SPA NARVA-J\u00d5ESUU","article_modified_time":"2024-09-13T07:07:26+00:00","og_image":[{"width":1200,"height":630,"url":"https:\/\/narvajoesuu.ee\/wp-content\/uploads\/2021\/12\/Maja-pilt.png","type":"image\/png"}],"twitter_card":"summary_large_image","twitter_misc":{"Arvioitu lukuaika":"1 minuutti"},"schema":{"@context":"https:\/\/schema.org","@graph":[{"@type":"WebPage","@id":"https:\/\/narvajoesuu.ee\/fi\/konferenssikeskus\/ryhmien-ruokailu\/","url":"https:\/\/narvajoesuu.ee\/fi\/konferenssikeskus\/ryhmien-ruokailu\/","name":"Ryhmien ruokailu - MEDICAL SPA NARVA-J\u00d5ESUU","isPartOf":{"@id":"https:\/\/narvajoesuu.ee\/#website"},"datePublished":"2020-10-02T13:08:01+00:00","dateModified":"2024-09-13T07:07:26+00:00","breadcrumb":{"@id":"https:\/\/narvajoesuu.ee\/fi\/konferenssikeskus\/ryhmien-ruokailu\/#breadcrumb"},"inLanguage":"fi","potentialAction":[{"@type":"ReadAction","target":["https:\/\/narvajoesuu.ee\/fi\/konferenssikeskus\/ryhmien-ruokailu\/"]}]},{"@type":"BreadcrumbList","@id":"https:\/\/narvajoesuu.ee\/fi\/konferenssikeskus\/ryhmien-ruokailu\/#breadcrumb","itemListElement":[{"@type":"ListItem","position":1,"name":"Home","item":"https:\/\/narvajoesuu.ee\/fi\/"},{"@type":"ListItem","position":2,"name":"Konferenssikeskus","item":"https:\/\/narvajoesuu.ee\/fi\/konferenssikeskus\/"},{"@type":"ListItem","position":3,"name":"Ryhmien ruokailu"}]},{"@type":"WebSite","@id":"https:\/\/narvajoesuu.ee\/#website","url":"https:\/\/narvajoesuu.ee\/","name":"MEDICAL SPA NARVA-J\u00d5ESUU","description":"","publisher":{"@id":"https:\/\/narvajoesuu.ee\/#organization"},"potentialAction":[{"@type":"SearchAction","target":{"@type":"EntryPoint","urlTemplate":"https:\/\/narvajoesuu.ee\/?s={search_term_string}"},"query-input":{"@type":"PropertyValueSpecification","valueRequired":true,"valueName":"search_term_string"}}],"inLanguage":"fi"},{"@type":"Organization","@id":"https:\/\/narvajoesuu.ee\/#organization","name":"Narva-J\u00f5esuu Medical SPA","url":"https:\/\/narvajoesuu.ee\/","logo":{"@type":"ImageObject","inLanguage":"fi","@id":"https:\/\/narvajoesuu.ee\/#\/schema\/logo\/image\/","url":"https:\/\/narvajoesuu.ee\/wp-content\/uploads\/2020\/10\/narvajoesuu-logo-small.png","contentUrl":"https:\/\/narvajoesuu.ee\/wp-content\/uploads\/2020\/10\/narvajoesuu-logo-small.png","width":170,"height":170,"caption":"Narva-J\u00f5esuu Medical SPA"},"image":{"@id":"https:\/\/narvajoesuu.ee\/#\/schema\/logo\/image\/"}}]}},"uagb_featured_image_src":{"full":false,"thumbnail":false,"medium":false,"medium_large":false,"large":false,"1536x1536":false,"2048x2048":false,"img-1920x550":false,"img-1920x320":false,"img-1920x200":false,"img-670x480":false,"img-570x280":false,"img-507":false,"img-370x240":false,"img-400x250":false,"img-370x175":false,"img-370x120":false,"img-300":false,"img-170":false},"uagb_author_info":{"display_name":"Maksim Mitrofanov","author_link":"https:\/\/narvajoesuu.ee\/fi\/author\/maksim\/"},"uagb_comment_info":0,"uagb_excerpt":"Ryhm\u00e4menun voi tilata v\u00e4hint\u00e4\u00e4n seitsem\u00e4lle henkil\u00f6lle ja tilaus on j\u00e4tett\u00e4v\u00e4 viimeist\u00e4\u00e4n kolme ty\u00f6p\u00e4iv\u00e4\u00e4 ennen tilaisuuden ajankohtaa. Kaikki menut sis\u00e4lt\u00e4v\u00e4t kahvin,...","_links":{"self":[{"href":"https:\/\/narvajoesuu.ee\/fi\/wp-json\/wp\/v2\/pages\/10637","targetHints":{"allow":["GET"]}}],"collection":[{"href":"https:\/\/narvajoesuu.ee\/fi\/wp-json\/wp\/v2\/pages"}],"about":[{"href":"https:\/\/narvajoesuu.ee\/fi\/wp-json\/wp\/v2\/types\/page"}],"author":[{"embeddable":true,"href":"https:\/\/narvajoesuu.ee\/fi\/wp-json\/wp\/v2\/users\/3"}],"replies":[{"embeddable":true,"href":"https:\/\/narvajoesuu.ee\/fi\/wp-json\/wp\/v2\/comments?post=10637"}],"version-history":[{"count":12,"href":"https:\/\/narvajoesuu.ee\/fi\/wp-json\/wp\/v2\/pages\/10637\/revisions"}],"predecessor-version":[{"id":19550,"href":"https:\/\/narvajoesuu.ee\/fi\/wp-json\/wp\/v2\/pages\/10637\/revisions\/19550"}],"up":[{"embeddable":true,"href":"https:\/\/narvajoesuu.ee\/fi\/wp-json\/wp\/v2\/pages\/10711"}],"wp:attachment":[{"href":"https:\/\/narvajoesuu.ee\/fi\/wp-json\/wp\/v2\/media?parent=10637"}],"curies":[{"name":"wp","href":"https:\/\/api.w.org\/{rel}","templated":true}]}}