{"id":10610,"date":"2020-11-24T11:17:08","date_gmt":"2020-11-24T09:17:08","guid":{"rendered":"https:\/\/narvajoesuu.ee\/spaahoolitsused\/"},"modified":"2022-11-11T16:34:38","modified_gmt":"2022-11-11T14:34:38","slug":"kylpylahoidot","status":"publish","type":"page","link":"https:\/\/narvajoesuu.ee\/fi\/kylpylaloma\/kylpylahoidot\/","title":{"rendered":"Kylpyl\u00e4hoidot"},"content":{"rendered":"\n<p class=\"wp-el\">Tule rentoutumaan ja tietoisesti nauttimaan jokaisesta hetkest\u00e4. T\u00e4m\u00e4 hyvinvointi virkist\u00e4\u00e4 kehon ja mielen. Valitse kasvo- tai vartalohoito, k\u00e4\u00e4re, hieronta tai vesihoito. Sinun ainoa teht\u00e4v\u00e4si on rentoutua kokonaan.<br>Tuloksena on iloinen mieli, kirkkaampi ulkon\u00e4k\u00f6 ja hyv\u00e4 olo. Kaikki t\u00e4m\u00e4 riitt\u00e4\u00e4 saamaan sinut onnelliseksi.<\/p>\n\n\n\n<p class=\"wp-el\">Hoitoja toteuttavat kokeneet ammattilaiset. He ovat saaneet asianmukaisen koulutuksen ja yritt\u00e4v\u00e4t tarjota sinulle parhaansa. Katso lis\u00e4\u00e4 kylpyl\u00e4hoidoistamme:<\/p>\n\n\n<div class=\"b-block pad-top-30 pad-bottom-20\"><div class=\"p-imglinks b-part container\"><div class=\"p-imglinks__row\"><a class=\"p-imglinks__item p-imglinks__item-lg\" href=\"https:\/\/narvajoesuu.ee\/fi\/kylpylaloma\/kylpylahoidot\/hahmoa-korjaavat-hoidot\/\"><img loading=\"lazy\" decoding=\"async\" width=\"570\" height=\"280\" src=\"https:\/\/narvajoesuu.ee\/wp-content\/uploads\/2022\/04\/2-1-570x280.png\" class=\"p-imglinks__image fill-bg\" alt=\"\" \/><div class=\"p-imglinks__content\"><span class=\"p-imglinks__title\">Vartalon muotoilevat hoidot<\/span><\/div><\/a><a class=\"p-imglinks__item p-imglinks__item-lg\" href=\"https:\/\/narvajoesuu.ee\/fi\/kylpylaloma\/kylpylahoidot\/kaareet\/\"><img loading=\"lazy\" decoding=\"async\" width=\"570\" height=\"280\" src=\"https:\/\/narvajoesuu.ee\/wp-content\/uploads\/2022\/04\/4-1-570x280.png\" class=\"p-imglinks__image fill-bg\" alt=\"\" \/><div class=\"p-imglinks__content\"><span class=\"p-imglinks__title\">K\u00e4\u00e4reet<\/span><\/div><\/a><a class=\"p-imglinks__item p-imglinks__item-lg\" href=\"https:\/\/narvajoesuu.ee\/fi\/kylpylaloma\/kylpylahoidot\/kosmeettiset-kylvyt\/\"><img loading=\"lazy\" decoding=\"async\" width=\"570\" height=\"280\" src=\"https:\/\/narvajoesuu.ee\/wp-content\/uploads\/2022\/04\/1-570x280.png\" class=\"p-imglinks__image fill-bg\" alt=\"\" \/><div class=\"p-imglinks__content\"><span class=\"p-imglinks__title\">Kosmeettiset kylvyt<\/span><\/div><\/a><a class=\"p-imglinks__item p-imglinks__item-lg\" href=\"https:\/\/narvajoesuu.ee\/fi\/kylpylaloma\/kylpylahoidot\/kylpylahoidot-jaloille-ja-kasille\/\"><img loading=\"lazy\" decoding=\"async\" width=\"570\" height=\"280\" src=\"https:\/\/narvajoesuu.ee\/wp-content\/uploads\/2022\/04\/3-1-570x280.png\" class=\"p-imglinks__image fill-bg\" alt=\"\" \/><div class=\"p-imglinks__content\"><span class=\"p-imglinks__title\">Kypyl\u00e4hoidot jaloille ja k\u00e4sille<\/span><\/div><\/a><\/div><\/div><\/div>\n\n\n<p class=\"wp-el\"><\/p>\n\n\n\n<p class=\"wp-el\">Ennen ensimm\u00e4ist\u00e4 Narva-J\u00f5esuun kylpyl\u00e4n vierailua pyyd\u00e4mme asiakkaiden lukeemaan yksinkertaiset suosituksemme. Suositusten noudattaminen tekee oleskelustasi erinomaisen miellytt\u00e4v\u00e4n kokemuksen.<\/p>\n\n\n\n<ul class=\"wp-el wp-block-list\"><li>Tule hoitoon 10 minuuttia ennen sovittua aikaa.<\/li><li>\u00c4l\u00e4 k\u00e4yt\u00e4 voimakkaita hajuvesi\u00e4 ennen kylpyl\u00e4hoitoa, koska ne saattavat v\u00e4hent\u00e4\u00e4 hoidon vaikutusta.<\/li><li>Ennen sovittua vesihoitoa on k\u00e4yt\u00e4v\u00e4 suihkussa.<\/li><li>Kerro ennen hoitoa asiakaspalvelijalle toiveistasi, tiedota vasta- aiheista, allergioista jne. Ennen kasvohoitoa tiedota kosmetologia, jos k\u00e4yt\u00e4t piilolinssej\u00e4.<\/li><li>Naisille suosittelemme karvanpoistoa p\u00e4iv\u00e4\u00e4 ennen kylpyl\u00e4k\u00e4ynti\u00e4, miehille 2 tuntia ennen hoitoa, jos kyseess\u00e4 on kasvohoito.<\/li><li>Kylpyl\u00e4ss\u00e4 vallitsee rauhan ja rentoutumisen ilmapiiri. Kylpyl\u00e4n ovesta sis\u00e4\u00e4n astuessa pyyd\u00e4mme mykist\u00e4m\u00e4\u00e4n matkapuhelimesi ja pit\u00e4m\u00e4\u00e4n tauko meluisista keskusteluista.<\/li><li>Ennen hoitoa on poistettava kaikki korut. \u00c4l\u00e4 j\u00e4t\u00e4 niit\u00e4 aamutakin taskuun, ongelmien v\u00e4ltt\u00e4miseksi on paras idea tallettaa ne vastaanotolle.<\/li><li>Kylpyl\u00e4hoidon p\u00e4iv\u00e4n\u00e4 v\u00e4lt\u00e4 auringonottoa ja seuraavana p\u00e4iv\u00e4n\u00e4kin pysy poissa auringosta.<\/li><\/ul>\n\n\n\n<p class=\"wp-el\">Toivotamme teille hyv\u00e4\u00e4 lomaa!<\/p>\n\n\n<div class=\"b-block pad-top-30 pad-bottom-20\"><div class=\"p-emphasis b-part container-p0 p-emphasis--info\"><h3 class=\"wp-el\">LIS\u00c4TIEDOT JA VARAUS:<\/h3>\n<p class=\"wp-el\">Puh: <a href=\"tel:+372 35 99 523\">+372 35 99 523<\/a><br \/>\nS\u00e4hk\u00f6posti: <a href=\"mailto:ilu@narvajoesuu.ee\">ilu@narvajoesuu.ee<\/a><\/p>\n<\/div><\/div>","protected":false},"excerpt":{"rendered":"<p>Tule rentoutumaan ja tietoisesti nauttimaan jokaisesta hetkest\u00e4. T\u00e4m\u00e4 hyvinvointi virkist\u00e4\u00e4 kehon ja mielen. Valitse kasvo- tai vartalohoito, k\u00e4\u00e4re, hieronta tai&#8230;<\/p>\n","protected":false},"author":3,"featured_media":0,"parent":10717,"menu_order":274,"comment_status":"closed","ping_status":"closed","template":"","meta":{"_acf_changed":false,"_uag_custom_page_level_css":"","_monsterinsights_skip_tracking":false,"_monsterinsights_sitenote_active":false,"_monsterinsights_sitenote_note":"","_monsterinsights_sitenote_category":0,"footnotes":""},"class_list":["post-10610","page","type-page","status-publish","hentry"],"acf":[],"yoast_head":"<!-- This site is optimized with the Yoast SEO plugin v27.4 - https:\/\/yoast.com\/product\/yoast-seo-wordpress\/ -->\n<title>Kylpyl\u00e4hoidot - MEDICAL SPA NARVA-J\u00d5ESUU<\/title>\n<meta name=\"robots\" content=\"index, follow, max-snippet:-1, max-image-preview:large, max-video-preview:-1\" \/>\n<link rel=\"canonical\" href=\"https:\/\/narvajoesuu.ee\/fi\/kylpylaloma\/kylpylahoidot\/\" \/>\n<meta property=\"og:locale\" content=\"fi_FI\" \/>\n<meta property=\"og:type\" content=\"article\" \/>\n<meta property=\"og:title\" content=\"Kylpyl\u00e4hoidot - MEDICAL SPA NARVA-J\u00d5ESUU\" \/>\n<meta property=\"og:description\" content=\"Tule rentoutumaan ja tietoisesti nauttimaan jokaisesta hetkest\u00e4. T\u00e4m\u00e4 hyvinvointi virkist\u00e4\u00e4 kehon ja mielen. Valitse kasvo- tai vartalohoito, k\u00e4\u00e4re, hieronta tai...\" \/>\n<meta property=\"og:url\" content=\"https:\/\/narvajoesuu.ee\/fi\/kylpylaloma\/kylpylahoidot\/\" \/>\n<meta property=\"og:site_name\" content=\"MEDICAL SPA NARVA-J\u00d5ESUU\" \/>\n<meta property=\"article:modified_time\" content=\"2022-11-11T14:34:38+00:00\" \/>\n<meta property=\"og:image\" content=\"https:\/\/narvajoesuu.ee\/wp-content\/uploads\/2021\/12\/Maja-pilt.png\" \/>\n\t<meta property=\"og:image:width\" content=\"1200\" \/>\n\t<meta property=\"og:image:height\" content=\"630\" \/>\n\t<meta property=\"og:image:type\" content=\"image\/png\" \/>\n<meta name=\"twitter:card\" content=\"summary_large_image\" \/>\n<meta name=\"twitter:label1\" content=\"Arvioitu lukuaika\" \/>\n\t<meta name=\"twitter:data1\" content=\"2 minuuttia\" \/>\n<script type=\"application\/ld+json\" class=\"yoast-schema-graph\">{\"@context\":\"https:\\\/\\\/schema.org\",\"@graph\":[{\"@type\":\"WebPage\",\"@id\":\"https:\\\/\\\/narvajoesuu.ee\\\/fi\\\/kylpylaloma\\\/kylpylahoidot\\\/\",\"url\":\"https:\\\/\\\/narvajoesuu.ee\\\/fi\\\/kylpylaloma\\\/kylpylahoidot\\\/\",\"name\":\"Kylpyl\u00e4hoidot - MEDICAL SPA NARVA-J\u00d5ESUU\",\"isPartOf\":{\"@id\":\"https:\\\/\\\/narvajoesuu.ee\\\/#website\"},\"datePublished\":\"2020-11-24T09:17:08+00:00\",\"dateModified\":\"2022-11-11T14:34:38+00:00\",\"breadcrumb\":{\"@id\":\"https:\\\/\\\/narvajoesuu.ee\\\/fi\\\/kylpylaloma\\\/kylpylahoidot\\\/#breadcrumb\"},\"inLanguage\":\"fi\",\"potentialAction\":[{\"@type\":\"ReadAction\",\"target\":[\"https:\\\/\\\/narvajoesuu.ee\\\/fi\\\/kylpylaloma\\\/kylpylahoidot\\\/\"]}]},{\"@type\":\"BreadcrumbList\",\"@id\":\"https:\\\/\\\/narvajoesuu.ee\\\/fi\\\/kylpylaloma\\\/kylpylahoidot\\\/#breadcrumb\",\"itemListElement\":[{\"@type\":\"ListItem\",\"position\":1,\"name\":\"Home\",\"item\":\"https:\\\/\\\/narvajoesuu.ee\\\/fi\\\/\"},{\"@type\":\"ListItem\",\"position\":2,\"name\":\"Kylpyl\u00e4loma\",\"item\":\"https:\\\/\\\/narvajoesuu.ee\\\/fi\\\/kylpylaloma\\\/\"},{\"@type\":\"ListItem\",\"position\":3,\"name\":\"Kylpyl\u00e4hoidot\"}]},{\"@type\":\"WebSite\",\"@id\":\"https:\\\/\\\/narvajoesuu.ee\\\/#website\",\"url\":\"https:\\\/\\\/narvajoesuu.ee\\\/\",\"name\":\"MEDICAL SPA NARVA-J\u00d5ESUU\",\"description\":\"\",\"publisher\":{\"@id\":\"https:\\\/\\\/narvajoesuu.ee\\\/#organization\"},\"potentialAction\":[{\"@type\":\"SearchAction\",\"target\":{\"@type\":\"EntryPoint\",\"urlTemplate\":\"https:\\\/\\\/narvajoesuu.ee\\\/?s={search_term_string}\"},\"query-input\":{\"@type\":\"PropertyValueSpecification\",\"valueRequired\":true,\"valueName\":\"search_term_string\"}}],\"inLanguage\":\"fi\"},{\"@type\":\"Organization\",\"@id\":\"https:\\\/\\\/narvajoesuu.ee\\\/#organization\",\"name\":\"Narva-J\u00f5esuu Medical SPA\",\"url\":\"https:\\\/\\\/narvajoesuu.ee\\\/\",\"logo\":{\"@type\":\"ImageObject\",\"inLanguage\":\"fi\",\"@id\":\"https:\\\/\\\/narvajoesuu.ee\\\/#\\\/schema\\\/logo\\\/image\\\/\",\"url\":\"https:\\\/\\\/narvajoesuu.ee\\\/wp-content\\\/uploads\\\/2020\\\/10\\\/narvajoesuu-logo-small.png\",\"contentUrl\":\"https:\\\/\\\/narvajoesuu.ee\\\/wp-content\\\/uploads\\\/2020\\\/10\\\/narvajoesuu-logo-small.png\",\"width\":170,\"height\":170,\"caption\":\"Narva-J\u00f5esuu Medical SPA\"},\"image\":{\"@id\":\"https:\\\/\\\/narvajoesuu.ee\\\/#\\\/schema\\\/logo\\\/image\\\/\"}}]}<\/script>\n<!-- \/ Yoast SEO plugin. -->","yoast_head_json":{"title":"Kylpyl\u00e4hoidot - MEDICAL SPA NARVA-J\u00d5ESUU","robots":{"index":"index","follow":"follow","max-snippet":"max-snippet:-1","max-image-preview":"max-image-preview:large","max-video-preview":"max-video-preview:-1"},"canonical":"https:\/\/narvajoesuu.ee\/fi\/kylpylaloma\/kylpylahoidot\/","og_locale":"fi_FI","og_type":"article","og_title":"Kylpyl\u00e4hoidot - MEDICAL SPA NARVA-J\u00d5ESUU","og_description":"Tule rentoutumaan ja tietoisesti nauttimaan jokaisesta hetkest\u00e4. T\u00e4m\u00e4 hyvinvointi virkist\u00e4\u00e4 kehon ja mielen. Valitse kasvo- tai vartalohoito, k\u00e4\u00e4re, hieronta tai...","og_url":"https:\/\/narvajoesuu.ee\/fi\/kylpylaloma\/kylpylahoidot\/","og_site_name":"MEDICAL SPA NARVA-J\u00d5ESUU","article_modified_time":"2022-11-11T14:34:38+00:00","og_image":[{"width":1200,"height":630,"url":"https:\/\/narvajoesuu.ee\/wp-content\/uploads\/2021\/12\/Maja-pilt.png","type":"image\/png"}],"twitter_card":"summary_large_image","twitter_misc":{"Arvioitu lukuaika":"2 minuuttia"},"schema":{"@context":"https:\/\/schema.org","@graph":[{"@type":"WebPage","@id":"https:\/\/narvajoesuu.ee\/fi\/kylpylaloma\/kylpylahoidot\/","url":"https:\/\/narvajoesuu.ee\/fi\/kylpylaloma\/kylpylahoidot\/","name":"Kylpyl\u00e4hoidot - MEDICAL SPA NARVA-J\u00d5ESUU","isPartOf":{"@id":"https:\/\/narvajoesuu.ee\/#website"},"datePublished":"2020-11-24T09:17:08+00:00","dateModified":"2022-11-11T14:34:38+00:00","breadcrumb":{"@id":"https:\/\/narvajoesuu.ee\/fi\/kylpylaloma\/kylpylahoidot\/#breadcrumb"},"inLanguage":"fi","potentialAction":[{"@type":"ReadAction","target":["https:\/\/narvajoesuu.ee\/fi\/kylpylaloma\/kylpylahoidot\/"]}]},{"@type":"BreadcrumbList","@id":"https:\/\/narvajoesuu.ee\/fi\/kylpylaloma\/kylpylahoidot\/#breadcrumb","itemListElement":[{"@type":"ListItem","position":1,"name":"Home","item":"https:\/\/narvajoesuu.ee\/fi\/"},{"@type":"ListItem","position":2,"name":"Kylpyl\u00e4loma","item":"https:\/\/narvajoesuu.ee\/fi\/kylpylaloma\/"},{"@type":"ListItem","position":3,"name":"Kylpyl\u00e4hoidot"}]},{"@type":"WebSite","@id":"https:\/\/narvajoesuu.ee\/#website","url":"https:\/\/narvajoesuu.ee\/","name":"MEDICAL SPA NARVA-J\u00d5ESUU","description":"","publisher":{"@id":"https:\/\/narvajoesuu.ee\/#organization"},"potentialAction":[{"@type":"SearchAction","target":{"@type":"EntryPoint","urlTemplate":"https:\/\/narvajoesuu.ee\/?s={search_term_string}"},"query-input":{"@type":"PropertyValueSpecification","valueRequired":true,"valueName":"search_term_string"}}],"inLanguage":"fi"},{"@type":"Organization","@id":"https:\/\/narvajoesuu.ee\/#organization","name":"Narva-J\u00f5esuu Medical SPA","url":"https:\/\/narvajoesuu.ee\/","logo":{"@type":"ImageObject","inLanguage":"fi","@id":"https:\/\/narvajoesuu.ee\/#\/schema\/logo\/image\/","url":"https:\/\/narvajoesuu.ee\/wp-content\/uploads\/2020\/10\/narvajoesuu-logo-small.png","contentUrl":"https:\/\/narvajoesuu.ee\/wp-content\/uploads\/2020\/10\/narvajoesuu-logo-small.png","width":170,"height":170,"caption":"Narva-J\u00f5esuu Medical SPA"},"image":{"@id":"https:\/\/narvajoesuu.ee\/#\/schema\/logo\/image\/"}}]}},"uagb_featured_image_src":{"full":false,"thumbnail":false,"medium":false,"medium_large":false,"large":false,"1536x1536":false,"2048x2048":false,"img-1920x550":false,"img-1920x320":false,"img-1920x200":false,"img-670x480":false,"img-570x280":false,"img-507":false,"img-370x240":false,"img-400x250":false,"img-370x175":false,"img-370x120":false,"img-300":false,"img-170":false},"uagb_author_info":{"display_name":"Maksim Mitrofanov","author_link":"https:\/\/narvajoesuu.ee\/fi\/author\/maksim\/"},"uagb_comment_info":0,"uagb_excerpt":"Tule rentoutumaan ja tietoisesti nauttimaan jokaisesta hetkest\u00e4. T\u00e4m\u00e4 hyvinvointi virkist\u00e4\u00e4 kehon ja mielen. Valitse kasvo- tai vartalohoito, k\u00e4\u00e4re, hieronta tai...","_links":{"self":[{"href":"https:\/\/narvajoesuu.ee\/fi\/wp-json\/wp\/v2\/pages\/10610","targetHints":{"allow":["GET"]}}],"collection":[{"href":"https:\/\/narvajoesuu.ee\/fi\/wp-json\/wp\/v2\/pages"}],"about":[{"href":"https:\/\/narvajoesuu.ee\/fi\/wp-json\/wp\/v2\/types\/page"}],"author":[{"embeddable":true,"href":"https:\/\/narvajoesuu.ee\/fi\/wp-json\/wp\/v2\/users\/3"}],"replies":[{"embeddable":true,"href":"https:\/\/narvajoesuu.ee\/fi\/wp-json\/wp\/v2\/comments?post=10610"}],"version-history":[{"count":19,"href":"https:\/\/narvajoesuu.ee\/fi\/wp-json\/wp\/v2\/pages\/10610\/revisions"}],"predecessor-version":[{"id":13233,"href":"https:\/\/narvajoesuu.ee\/fi\/wp-json\/wp\/v2\/pages\/10610\/revisions\/13233"}],"up":[{"embeddable":true,"href":"https:\/\/narvajoesuu.ee\/fi\/wp-json\/wp\/v2\/pages\/10717"}],"wp:attachment":[{"href":"https:\/\/narvajoesuu.ee\/fi\/wp-json\/wp\/v2\/media?parent=10610"}],"curies":[{"name":"wp","href":"https:\/\/api.w.org\/{rel}","templated":true}]}}