{"id":10608,"date":"2020-11-24T11:18:23","date_gmt":"2020-11-24T09:18:23","guid":{"rendered":"https:\/\/narvajoesuu.ee\/saunakeskus\/"},"modified":"2026-04-01T22:07:23","modified_gmt":"2026-04-01T19:07:23","slug":"saunakeskus","status":"publish","type":"page","link":"https:\/\/narvajoesuu.ee\/fi\/kylpylaloma\/saunakeskus\/","title":{"rendered":"Saunakeskus"},"content":{"rendered":"\n<p class=\"wp-el\">Meid\u00e4n uudistunut saunakeskus uima-altaan kanssa auttaa vapautumaan monenlaisista terveysongelmista ja sopii erinomaisesti j\u00e4nnittyneisyyden ja stressin lievitt\u00e4miseen. Narva-J\u00f5esuun kylpyl\u00e4ss\u00e4 on kolme saunaa (h\u00f6yry-, aromi- ja suomalainen sauna), poreallas, uima-allas ja sanarium. Huhtikuusta lokakuun asti on auki Viron suurin l\u00e4mmitetty ulkoallas. Altaiden ja porealtaan t\u00e4ytt\u00e4miseen k\u00e4yt\u00e4mme eritt\u00e4in puhdasta arteesisen kaivon vett\u00e4.<\/p>\n\n\n\n<h3 class=\"wp-block-heading wp-el\">SAUNAKESKUS on AUKI:<\/h3>\n\n\n\n<ul class=\"wp-block-list wp-el\">\n<li>Maanantai \u2013 Torstai 15:00 &#8211; 21:00<\/li>\n\n\n\n<li>Perjantai 15:00 &#8211; 22:00<\/li>\n\n\n\n<li>Lauantai 10:00 &#8211; 22:00<\/li>\n\n\n\n<li>Sunnuntai 10:00 &#8211; 21:00<\/li>\n<\/ul>\n\n\n\n<h3 class=\"wp-block-heading wp-el\">ALLAS ON AUKI:<\/h3>\n\n\n\n<ul class=\"wp-block-list wp-el\">\n<li>Joka Tiistai on siivousp\u00e4iv\u00e4. Odotamme teit\u00e4 klo&nbsp;15:00 &#8211; 21:00<\/li>\n\n\n\n<li>Keskiviikko \u2013 Maanantai 07:00 \u2013 21:00<\/li>\n<\/ul>\n\n\n\n<h3 class=\"wp-block-heading wp-el\">SAUNAKESKUKSEN HINNASTO:<\/h3>\n\n\n\n<figure class=\"wp-block-table is-style-stripes\"><table><thead><tr><th><\/th><th class=\"has-text-align-center\" data-align=\"center\"><strong>Esmasp\u00e4ev &#8211; Neljap\u00e4ev<\/strong><\/th><th class=\"has-text-align-center\" data-align=\"center\"><strong>P\u00fchap\u00e4ev<\/strong><\/th><\/tr><\/thead><tbody><tr><td>Aikuiset<\/td><td class=\"has-text-align-center\" data-align=\"center\"><em>18 \u20ac<\/em><\/td><td class=\"has-text-align-center\" data-align=\"center\"><em>18 \u20ac<\/em><\/td><\/tr><tr><td>Lapset alle 4v<\/td><td class=\"has-text-align-center\" data-align=\"center\">TASUTA<\/td><td class=\"has-text-align-center\" data-align=\"center\">TASUTA<\/td><\/tr><tr><td>Lapset alle 12v<\/td><td class=\"has-text-align-center\" data-align=\"center\"><em>12 \u20ac<\/em><\/td><td class=\"has-text-align-center\" data-align=\"center\"><em>12 \u20ac<\/em><\/td><\/tr><tr><td>Perhe&nbsp;(2 aikuista + 2 lasta alle 12v)<\/td><td class=\"has-text-align-center\" data-align=\"center\"><em>50 \u20ac<\/em><\/td><td class=\"has-text-align-center\" data-align=\"center\"><em>50 \u20ac<\/em><\/td><\/tr><tr><td>Lis\u00e4tunti<\/td><td class=\"has-text-align-center\" data-align=\"center\"><em>8 \u20ac<\/em><\/td><td class=\"has-text-align-center\" data-align=\"center\"><em>8 \u20ac<\/em><\/td><\/tr><tr><td>Saunakeskuksen varaus (2 tundi) <\/td><td class=\"has-text-align-center\" data-align=\"center\"><em>621 \u20ac<\/em><\/td><td class=\"has-text-align-center\" data-align=\"center\"><em>621 \u20ac<\/em><\/td><\/tr><tr><td>Lis\u00e4tunti (Saunakeskuksen varaus)<\/td><td class=\"has-text-align-center\" data-align=\"center\"><em>199 \u20ac<\/em><\/td><td class=\"has-text-align-center\" data-align=\"center\"><em>199 \u20ac<\/em><\/td><\/tr><\/tbody><\/table><figcaption class=\"wp-element-caption\"><strong><strong>Hintaan sis\u00e4ltyy:&nbsp;Saunamaailman vierailu (2 tuntia) ja pyyhkeen k\u00e4ytt\u00f6.<\/strong><\/strong><\/figcaption><\/figure>\n\n\n<div class=\"b-block pad-top-30 pad-bottom-20\"><div class=\"p-emphasis b-part container-p0 p-emphasis--warn\"><p>Perjantaisin ja lauantaisin on Saunamaailma auki vain majoituksen ostaneille asiakkaille!<\/p>\n<\/div><\/div>\n\n\n<h3 class=\"wp-block-heading wp-el\"><strong>LIS\u00c4TIEDOT JA VARAUS:<\/strong><\/h3>\n\n\n\n<p class=\"wp-el\">Tel:<a href=\"tel:&nbsp;+372 35 99 523\">&nbsp;+372 35 99 523<\/a><br>E-mail:&nbsp;<a href=\"mailto:ilu@narvajoesuu.ee\">ilu@narvajoesuu.ee<\/a><\/p>\n\n\n<div class=\"b-block pad-top-30 pad-bottom-20\"><div class=\"p-emphasis b-part container-p0 p-emphasis--warn\"><p>Huomio! Hotelli pid\u00e4tt\u00e4\u00e4 itselleen oikeuden muuttaa hinnastoa ilman etuk\u00e4teen ilmoittamatta. K\u00e4ytt\u00e4m\u00e4tt\u00e4 j\u00e4\u00e4neist\u00e4 palveluista maksettua rahaa ei palauteta, jos palvelu on j\u00e4\u00e4nyt k\u00e4ytt\u00e4m\u00e4tt\u00e4 Narva-J\u00f5esuu kylpyl\u00e4st\u00e4 riippumattomista syist\u00e4.<\/p>\n<\/div><\/div>","protected":false},"excerpt":{"rendered":"<p>Meid\u00e4n uudistunut saunakeskus uima-altaan kanssa auttaa vapautumaan monenlaisista terveysongelmista ja sopii erinomaisesti j\u00e4nnittyneisyyden ja stressin lievitt\u00e4miseen. Narva-J\u00f5esuun kylpyl\u00e4ss\u00e4 on kolme&#8230;<\/p>\n","protected":false},"author":3,"featured_media":0,"parent":10717,"menu_order":265,"comment_status":"closed","ping_status":"closed","template":"","meta":{"_acf_changed":false,"_uag_custom_page_level_css":"","_monsterinsights_skip_tracking":false,"_monsterinsights_sitenote_active":false,"_monsterinsights_sitenote_note":"","_monsterinsights_sitenote_category":0,"footnotes":""},"class_list":["post-10608","page","type-page","status-publish","hentry"],"acf":[],"yoast_head":"<!-- This site is optimized with the Yoast SEO plugin v27.5 - https:\/\/yoast.com\/product\/yoast-seo-wordpress\/ -->\n<title>Saunakeskus - MEDICAL SPA NARVA-J\u00d5ESUU<\/title>\n<meta name=\"robots\" content=\"index, follow, max-snippet:-1, max-image-preview:large, max-video-preview:-1\" \/>\n<link rel=\"canonical\" href=\"https:\/\/narvajoesuu.ee\/fi\/kylpylaloma\/saunakeskus\/\" \/>\n<meta property=\"og:locale\" content=\"fi_FI\" \/>\n<meta property=\"og:type\" content=\"article\" \/>\n<meta property=\"og:title\" content=\"Saunakeskus - MEDICAL SPA NARVA-J\u00d5ESUU\" \/>\n<meta property=\"og:description\" content=\"Meid\u00e4n uudistunut saunakeskus uima-altaan kanssa auttaa vapautumaan monenlaisista terveysongelmista ja sopii erinomaisesti j\u00e4nnittyneisyyden ja stressin lievitt\u00e4miseen. Narva-J\u00f5esuun kylpyl\u00e4ss\u00e4 on kolme...\" \/>\n<meta property=\"og:url\" content=\"https:\/\/narvajoesuu.ee\/fi\/kylpylaloma\/saunakeskus\/\" \/>\n<meta property=\"og:site_name\" content=\"MEDICAL SPA NARVA-J\u00d5ESUU\" \/>\n<meta property=\"article:modified_time\" content=\"2026-04-01T19:07:23+00:00\" \/>\n<meta property=\"og:image\" content=\"https:\/\/narvajoesuu.ee\/wp-content\/uploads\/2021\/12\/Maja-pilt.png\" \/>\n\t<meta property=\"og:image:width\" content=\"1200\" \/>\n\t<meta property=\"og:image:height\" content=\"630\" \/>\n\t<meta property=\"og:image:type\" content=\"image\/png\" \/>\n<meta name=\"twitter:card\" content=\"summary_large_image\" \/>\n<meta name=\"twitter:label1\" content=\"Arvioitu lukuaika\" \/>\n\t<meta name=\"twitter:data1\" content=\"2 minuuttia\" \/>\n<script type=\"application\/ld+json\" class=\"yoast-schema-graph\">{\"@context\":\"https:\\\/\\\/schema.org\",\"@graph\":[{\"@type\":\"WebPage\",\"@id\":\"https:\\\/\\\/narvajoesuu.ee\\\/fi\\\/kylpylaloma\\\/saunakeskus\\\/\",\"url\":\"https:\\\/\\\/narvajoesuu.ee\\\/fi\\\/kylpylaloma\\\/saunakeskus\\\/\",\"name\":\"Saunakeskus - MEDICAL SPA NARVA-J\u00d5ESUU\",\"isPartOf\":{\"@id\":\"https:\\\/\\\/narvajoesuu.ee\\\/#website\"},\"datePublished\":\"2020-11-24T09:18:23+00:00\",\"dateModified\":\"2026-04-01T19:07:23+00:00\",\"breadcrumb\":{\"@id\":\"https:\\\/\\\/narvajoesuu.ee\\\/fi\\\/kylpylaloma\\\/saunakeskus\\\/#breadcrumb\"},\"inLanguage\":\"fi\",\"potentialAction\":[{\"@type\":\"ReadAction\",\"target\":[\"https:\\\/\\\/narvajoesuu.ee\\\/fi\\\/kylpylaloma\\\/saunakeskus\\\/\"]}]},{\"@type\":\"BreadcrumbList\",\"@id\":\"https:\\\/\\\/narvajoesuu.ee\\\/fi\\\/kylpylaloma\\\/saunakeskus\\\/#breadcrumb\",\"itemListElement\":[{\"@type\":\"ListItem\",\"position\":1,\"name\":\"Home\",\"item\":\"https:\\\/\\\/narvajoesuu.ee\\\/fi\\\/\"},{\"@type\":\"ListItem\",\"position\":2,\"name\":\"Kylpyl\u00e4loma\",\"item\":\"https:\\\/\\\/narvajoesuu.ee\\\/fi\\\/kylpylaloma\\\/\"},{\"@type\":\"ListItem\",\"position\":3,\"name\":\"Saunakeskus\"}]},{\"@type\":\"WebSite\",\"@id\":\"https:\\\/\\\/narvajoesuu.ee\\\/#website\",\"url\":\"https:\\\/\\\/narvajoesuu.ee\\\/\",\"name\":\"MEDICAL SPA NARVA-J\u00d5ESUU\",\"description\":\"\",\"publisher\":{\"@id\":\"https:\\\/\\\/narvajoesuu.ee\\\/#organization\"},\"potentialAction\":[{\"@type\":\"SearchAction\",\"target\":{\"@type\":\"EntryPoint\",\"urlTemplate\":\"https:\\\/\\\/narvajoesuu.ee\\\/?s={search_term_string}\"},\"query-input\":{\"@type\":\"PropertyValueSpecification\",\"valueRequired\":true,\"valueName\":\"search_term_string\"}}],\"inLanguage\":\"fi\"},{\"@type\":\"Organization\",\"@id\":\"https:\\\/\\\/narvajoesuu.ee\\\/#organization\",\"name\":\"Narva-J\u00f5esuu Medical SPA\",\"url\":\"https:\\\/\\\/narvajoesuu.ee\\\/\",\"logo\":{\"@type\":\"ImageObject\",\"inLanguage\":\"fi\",\"@id\":\"https:\\\/\\\/narvajoesuu.ee\\\/#\\\/schema\\\/logo\\\/image\\\/\",\"url\":\"https:\\\/\\\/narvajoesuu.ee\\\/wp-content\\\/uploads\\\/2020\\\/10\\\/narvajoesuu-logo-small.png\",\"contentUrl\":\"https:\\\/\\\/narvajoesuu.ee\\\/wp-content\\\/uploads\\\/2020\\\/10\\\/narvajoesuu-logo-small.png\",\"width\":170,\"height\":170,\"caption\":\"Narva-J\u00f5esuu Medical SPA\"},\"image\":{\"@id\":\"https:\\\/\\\/narvajoesuu.ee\\\/#\\\/schema\\\/logo\\\/image\\\/\"}}]}<\/script>\n<!-- \/ Yoast SEO plugin. -->","yoast_head_json":{"title":"Saunakeskus - MEDICAL SPA NARVA-J\u00d5ESUU","robots":{"index":"index","follow":"follow","max-snippet":"max-snippet:-1","max-image-preview":"max-image-preview:large","max-video-preview":"max-video-preview:-1"},"canonical":"https:\/\/narvajoesuu.ee\/fi\/kylpylaloma\/saunakeskus\/","og_locale":"fi_FI","og_type":"article","og_title":"Saunakeskus - MEDICAL SPA NARVA-J\u00d5ESUU","og_description":"Meid\u00e4n uudistunut saunakeskus uima-altaan kanssa auttaa vapautumaan monenlaisista terveysongelmista ja sopii erinomaisesti j\u00e4nnittyneisyyden ja stressin lievitt\u00e4miseen. Narva-J\u00f5esuun kylpyl\u00e4ss\u00e4 on kolme...","og_url":"https:\/\/narvajoesuu.ee\/fi\/kylpylaloma\/saunakeskus\/","og_site_name":"MEDICAL SPA NARVA-J\u00d5ESUU","article_modified_time":"2026-04-01T19:07:23+00:00","og_image":[{"width":1200,"height":630,"url":"https:\/\/narvajoesuu.ee\/wp-content\/uploads\/2021\/12\/Maja-pilt.png","type":"image\/png"}],"twitter_card":"summary_large_image","twitter_misc":{"Arvioitu lukuaika":"2 minuuttia"},"schema":{"@context":"https:\/\/schema.org","@graph":[{"@type":"WebPage","@id":"https:\/\/narvajoesuu.ee\/fi\/kylpylaloma\/saunakeskus\/","url":"https:\/\/narvajoesuu.ee\/fi\/kylpylaloma\/saunakeskus\/","name":"Saunakeskus - MEDICAL SPA NARVA-J\u00d5ESUU","isPartOf":{"@id":"https:\/\/narvajoesuu.ee\/#website"},"datePublished":"2020-11-24T09:18:23+00:00","dateModified":"2026-04-01T19:07:23+00:00","breadcrumb":{"@id":"https:\/\/narvajoesuu.ee\/fi\/kylpylaloma\/saunakeskus\/#breadcrumb"},"inLanguage":"fi","potentialAction":[{"@type":"ReadAction","target":["https:\/\/narvajoesuu.ee\/fi\/kylpylaloma\/saunakeskus\/"]}]},{"@type":"BreadcrumbList","@id":"https:\/\/narvajoesuu.ee\/fi\/kylpylaloma\/saunakeskus\/#breadcrumb","itemListElement":[{"@type":"ListItem","position":1,"name":"Home","item":"https:\/\/narvajoesuu.ee\/fi\/"},{"@type":"ListItem","position":2,"name":"Kylpyl\u00e4loma","item":"https:\/\/narvajoesuu.ee\/fi\/kylpylaloma\/"},{"@type":"ListItem","position":3,"name":"Saunakeskus"}]},{"@type":"WebSite","@id":"https:\/\/narvajoesuu.ee\/#website","url":"https:\/\/narvajoesuu.ee\/","name":"MEDICAL SPA NARVA-J\u00d5ESUU","description":"","publisher":{"@id":"https:\/\/narvajoesuu.ee\/#organization"},"potentialAction":[{"@type":"SearchAction","target":{"@type":"EntryPoint","urlTemplate":"https:\/\/narvajoesuu.ee\/?s={search_term_string}"},"query-input":{"@type":"PropertyValueSpecification","valueRequired":true,"valueName":"search_term_string"}}],"inLanguage":"fi"},{"@type":"Organization","@id":"https:\/\/narvajoesuu.ee\/#organization","name":"Narva-J\u00f5esuu Medical SPA","url":"https:\/\/narvajoesuu.ee\/","logo":{"@type":"ImageObject","inLanguage":"fi","@id":"https:\/\/narvajoesuu.ee\/#\/schema\/logo\/image\/","url":"https:\/\/narvajoesuu.ee\/wp-content\/uploads\/2020\/10\/narvajoesuu-logo-small.png","contentUrl":"https:\/\/narvajoesuu.ee\/wp-content\/uploads\/2020\/10\/narvajoesuu-logo-small.png","width":170,"height":170,"caption":"Narva-J\u00f5esuu Medical SPA"},"image":{"@id":"https:\/\/narvajoesuu.ee\/#\/schema\/logo\/image\/"}}]}},"uagb_featured_image_src":{"full":false,"thumbnail":false,"medium":false,"medium_large":false,"large":false,"1536x1536":false,"2048x2048":false,"img-1920x550":false,"img-1920x320":false,"img-1920x200":false,"img-670x480":false,"img-570x280":false,"img-507":false,"img-370x240":false,"img-400x250":false,"img-370x175":false,"img-370x120":false,"img-300":false,"img-170":false},"uagb_author_info":{"display_name":"Maksim Mitrofanov","author_link":"https:\/\/narvajoesuu.ee\/fi\/author\/maksim\/"},"uagb_comment_info":0,"uagb_excerpt":"Meid\u00e4n uudistunut saunakeskus uima-altaan kanssa auttaa vapautumaan monenlaisista terveysongelmista ja sopii erinomaisesti j\u00e4nnittyneisyyden ja stressin lievitt\u00e4miseen. Narva-J\u00f5esuun kylpyl\u00e4ss\u00e4 on kolme...","_links":{"self":[{"href":"https:\/\/narvajoesuu.ee\/fi\/wp-json\/wp\/v2\/pages\/10608","targetHints":{"allow":["GET"]}}],"collection":[{"href":"https:\/\/narvajoesuu.ee\/fi\/wp-json\/wp\/v2\/pages"}],"about":[{"href":"https:\/\/narvajoesuu.ee\/fi\/wp-json\/wp\/v2\/types\/page"}],"author":[{"embeddable":true,"href":"https:\/\/narvajoesuu.ee\/fi\/wp-json\/wp\/v2\/users\/3"}],"replies":[{"embeddable":true,"href":"https:\/\/narvajoesuu.ee\/fi\/wp-json\/wp\/v2\/comments?post=10608"}],"version-history":[{"count":22,"href":"https:\/\/narvajoesuu.ee\/fi\/wp-json\/wp\/v2\/pages\/10608\/revisions"}],"predecessor-version":[{"id":24020,"href":"https:\/\/narvajoesuu.ee\/fi\/wp-json\/wp\/v2\/pages\/10608\/revisions\/24020"}],"up":[{"embeddable":true,"href":"https:\/\/narvajoesuu.ee\/fi\/wp-json\/wp\/v2\/pages\/10717"}],"wp:attachment":[{"href":"https:\/\/narvajoesuu.ee\/fi\/wp-json\/wp\/v2\/media?parent=10608"}],"curies":[{"name":"wp","href":"https:\/\/api.w.org\/{rel}","templated":true}]}}