{"id":10598,"date":"2020-11-24T11:19:04","date_gmt":"2020-11-24T09:19:04","guid":{"rendered":"https:\/\/narvajoesuu.ee\/soojendusega-valibassein-oma-arteesia-veega\/"},"modified":"2026-01-30T16:29:37","modified_gmt":"2026-01-30T14:29:37","slug":"arteesisella-vedella-taytetty-lammitetty-ulkoallas-ja-poreallas-aurinkoterassilla","status":"publish","type":"page","link":"https:\/\/narvajoesuu.ee\/fi\/kylpylaloma\/arteesisella-vedella-taytetty-lammitetty-ulkoallas-ja-poreallas-aurinkoterassilla\/","title":{"rendered":"Arteesisella vedell\u00e4 t\u00e4ytetty l\u00e4mmitetty ulkouima-allas ja poreallas aurinkoterassilla"},"content":{"rendered":"\n<figure class=\"wp-block-gallery has-nested-images columns-default is-cropped wp-block-gallery-1 is-layout-flex wp-block-gallery-is-layout-flex\">\n<figure class=\"wp-block-image size-large\"><a href=\"https:\/\/narvajoesuu.ee\/wp-content\/uploads\/2022\/04\/3.png\"><img loading=\"lazy\" decoding=\"async\" width=\"1024\" height=\"614\" data-id=\"9185\" src=\"https:\/\/narvajoesuu.ee\/wp-content\/uploads\/2022\/04\/3.png\" alt=\"\" class=\"wp-image-9185\"\/><\/a><\/figure>\n\n\n\n<figure class=\"wp-block-image size-large\"><a href=\"https:\/\/narvajoesuu.ee\/wp-content\/uploads\/2022\/04\/Soojendusega-valibassein-oma-arteesia-veega.png\"><img loading=\"lazy\" decoding=\"async\" width=\"1024\" height=\"614\" data-id=\"9224\" src=\"https:\/\/narvajoesuu.ee\/wp-content\/uploads\/2022\/04\/Soojendusega-valibassein-oma-arteesia-veega.png\" alt=\"\" class=\"wp-image-9224\"\/><\/a><\/figure>\n\n\n\n<figure class=\"wp-block-image size-large\"><a href=\"https:\/\/narvajoesuu.ee\/wp-content\/uploads\/2022\/04\/6.png\"><img loading=\"lazy\" decoding=\"async\" width=\"1024\" height=\"614\" data-id=\"9178\" src=\"https:\/\/narvajoesuu.ee\/wp-content\/uploads\/2022\/04\/6.png\" alt=\"\" class=\"wp-image-9178\"\/><\/a><\/figure>\n\n\n\n<figure class=\"wp-block-image size-large\"><a href=\"https:\/\/narvajoesuu.ee\/wp-content\/uploads\/2022\/04\/8.png\"><img loading=\"lazy\" decoding=\"async\" width=\"1024\" height=\"614\" data-id=\"9191\" src=\"https:\/\/narvajoesuu.ee\/wp-content\/uploads\/2022\/04\/8.png\" alt=\"\" class=\"wp-image-9191\"\/><\/a><\/figure>\n\n\n\n<figure class=\"wp-block-image size-large\"><a href=\"https:\/\/narvajoesuu.ee\/wp-content\/uploads\/2022\/04\/7.png\"><img loading=\"lazy\" decoding=\"async\" width=\"1024\" height=\"614\" data-id=\"9188\" src=\"https:\/\/narvajoesuu.ee\/wp-content\/uploads\/2022\/04\/7.png\" alt=\"\" class=\"wp-image-9188\"\/><\/a><\/figure>\n\n\n\n<figure class=\"wp-block-image size-large\"><a href=\"https:\/\/narvajoesuu.ee\/wp-content\/uploads\/2022\/04\/4.png\"><img loading=\"lazy\" decoding=\"async\" width=\"1024\" height=\"614\" data-id=\"9184\" src=\"https:\/\/narvajoesuu.ee\/wp-content\/uploads\/2022\/04\/4.png\" alt=\"\" class=\"wp-image-9184\"\/><\/a><\/figure>\n<\/figure>\n\n\n\n<p class=\"wp-el\">Puhtaimmalla arteesisella vedell\u00e4 ulkouima-allas on Narva-J\u00f5esuun kylpyl\u00e4vieraiden k\u00e4yt\u00f6ss\u00e4 alkukev\u00e4\u00e4st\u00e4 my\u00f6h\u00e4\u00e4n syksyyn (joka p\u00e4iv\u00e4 10:00 \u2013 22:00). Altaan mitat ovat 16 x 8 metri\u00e4 ja veden l\u00e4mp\u00f6tila on 30\u00b0C. Aurinkoterassilla on iso l\u00e4mmitetty poreallas. Hemmotteleva arteesinen vesi, voimakkaat hierontasuihkut, iloa tuottava lintujen laulu \u2013 t\u00e4m\u00e4 on juuri sit\u00e4, mit\u00e4 tarvitset rentouttavaan lomaan. Tule ja kokeile!<\/p>\n\n\n\n<p class=\"wp-el\"><strong>Ulkoaltaan ja porealtaan k\u00e4ytt\u00f6\u00e4 koskevat ohjeet:<\/strong><\/p>\n\n\n\n<ul class=\"wp-block-list wp-el\">\n<li>Kaikki vieraat vakuuttavat, ett\u00e4 heill\u00e4 on riitt\u00e4v\u00e4t fyysiset kyvyt, taidot ja terveys k\u00e4ytt\u00e4\u00e4kseen ulkoallasta ja poreallasta.<\/li>\n\n\n\n<li>Lasten taidoista ja terveystilasta ovat vastuussa heit\u00e4 valvovat aikuiset.<\/li>\n\n\n\n<li>Narva-J\u00f5esuu Medical Spa ei ole vastuussa vieraiden henkil\u00f6kohtaisista esineist\u00e4, mahdollisesta sairastumisesta tai onnettomuuksista, jotka johtuvat vieraan k\u00e4ytt\u00e4ytymisest\u00e4 tai ylitt\u00e4m\u00e4tt\u00f6m\u00e4st\u00e4 esteest\u00e4.<\/li>\n<\/ul>\n\n\n\n<p class=\"wp-el\"><strong>Aurinkoterassin k\u00e4yt\u00f6n hinta:<\/strong><\/p>\n\n\n\n<ul class=\"wp-block-list wp-el\">\n<li>aikuiset <em>21 \u20ac<\/em><\/li>\n\n\n\n<li>lapset 5-12v.\u00a0<em>11 \u20ac<\/em><\/li>\n\n\n\n<li>lapset 4v.&nbsp;<em>ILMAISEKSI<\/em><\/li>\n<\/ul>\n\n\n<div class=\"b-block pad-top-30 pad-bottom-20\"><div class=\"p-emphasis b-part container-p0 p-emphasis--warn\"><p>Majoituksen ostaneille asiakkaille on ulkoaltaan k\u00e4ytt\u00f6 ilmaiseksi!<\/p>\n<\/div><\/div>\n\n\n<p class=\"wp-el\"><\/p>\n","protected":false},"excerpt":{"rendered":"<p>Puhtaimmalla arteesisella vedell\u00e4 ulkouima-allas on Narva-J\u00f5esuun kylpyl\u00e4vieraiden k\u00e4yt\u00f6ss\u00e4 alkukev\u00e4\u00e4st\u00e4 my\u00f6h\u00e4\u00e4n syksyyn (joka p\u00e4iv\u00e4 10:00 \u2013 22:00). Altaan mitat ovat 16&#8230;<\/p>\n","protected":false},"author":3,"featured_media":0,"parent":10717,"menu_order":263,"comment_status":"closed","ping_status":"closed","template":"","meta":{"_acf_changed":false,"_uag_custom_page_level_css":"","_monsterinsights_skip_tracking":false,"_monsterinsights_sitenote_active":false,"_monsterinsights_sitenote_note":"","_monsterinsights_sitenote_category":0,"footnotes":""},"class_list":["post-10598","page","type-page","status-publish","hentry"],"acf":[],"yoast_head":"<!-- This site is optimized with the Yoast SEO plugin v27.4 - https:\/\/yoast.com\/product\/yoast-seo-wordpress\/ -->\n<title>Arteesisella vedell\u00e4 t\u00e4ytetty l\u00e4mmitetty ulkouima-allas ja poreallas aurinkoterassilla - MEDICAL SPA NARVA-J\u00d5ESUU<\/title>\n<meta name=\"robots\" content=\"index, follow, max-snippet:-1, max-image-preview:large, max-video-preview:-1\" \/>\n<link rel=\"canonical\" href=\"https:\/\/narvajoesuu.ee\/fi\/kylpylaloma\/arteesisella-vedella-taytetty-lammitetty-ulkoallas-ja-poreallas-aurinkoterassilla\/\" \/>\n<meta property=\"og:locale\" content=\"fi_FI\" \/>\n<meta property=\"og:type\" content=\"article\" \/>\n<meta property=\"og:title\" content=\"Arteesisella vedell\u00e4 t\u00e4ytetty l\u00e4mmitetty ulkouima-allas ja poreallas aurinkoterassilla - MEDICAL SPA NARVA-J\u00d5ESUU\" \/>\n<meta property=\"og:description\" content=\"Puhtaimmalla arteesisella vedell\u00e4 ulkouima-allas on Narva-J\u00f5esuun kylpyl\u00e4vieraiden k\u00e4yt\u00f6ss\u00e4 alkukev\u00e4\u00e4st\u00e4 my\u00f6h\u00e4\u00e4n syksyyn (joka p\u00e4iv\u00e4 10:00 \u2013 22:00). Altaan mitat ovat 16...\" \/>\n<meta property=\"og:url\" content=\"https:\/\/narvajoesuu.ee\/fi\/kylpylaloma\/arteesisella-vedella-taytetty-lammitetty-ulkoallas-ja-poreallas-aurinkoterassilla\/\" \/>\n<meta property=\"og:site_name\" content=\"MEDICAL SPA NARVA-J\u00d5ESUU\" \/>\n<meta property=\"article:modified_time\" content=\"2026-01-30T14:29:37+00:00\" \/>\n<meta property=\"og:image\" content=\"https:\/\/narvajoesuu.ee\/wp-content\/uploads\/2022\/04\/3.png\" \/>\n\t<meta property=\"og:image:width\" content=\"1024\" \/>\n\t<meta property=\"og:image:height\" content=\"614\" \/>\n\t<meta property=\"og:image:type\" content=\"image\/png\" \/>\n<meta name=\"twitter:card\" content=\"summary_large_image\" \/>\n<meta name=\"twitter:label1\" content=\"Arvioitu lukuaika\" \/>\n\t<meta name=\"twitter:data1\" content=\"2 minuuttia\" \/>\n<script type=\"application\/ld+json\" class=\"yoast-schema-graph\">{\"@context\":\"https:\\\/\\\/schema.org\",\"@graph\":[{\"@type\":\"WebPage\",\"@id\":\"https:\\\/\\\/narvajoesuu.ee\\\/fi\\\/kylpylaloma\\\/arteesisella-vedella-taytetty-lammitetty-ulkoallas-ja-poreallas-aurinkoterassilla\\\/\",\"url\":\"https:\\\/\\\/narvajoesuu.ee\\\/fi\\\/kylpylaloma\\\/arteesisella-vedella-taytetty-lammitetty-ulkoallas-ja-poreallas-aurinkoterassilla\\\/\",\"name\":\"Arteesisella vedell\u00e4 t\u00e4ytetty l\u00e4mmitetty ulkouima-allas ja poreallas aurinkoterassilla - MEDICAL SPA NARVA-J\u00d5ESUU\",\"isPartOf\":{\"@id\":\"https:\\\/\\\/narvajoesuu.ee\\\/#website\"},\"primaryImageOfPage\":{\"@id\":\"https:\\\/\\\/narvajoesuu.ee\\\/fi\\\/kylpylaloma\\\/arteesisella-vedella-taytetty-lammitetty-ulkoallas-ja-poreallas-aurinkoterassilla\\\/#primaryimage\"},\"image\":{\"@id\":\"https:\\\/\\\/narvajoesuu.ee\\\/fi\\\/kylpylaloma\\\/arteesisella-vedella-taytetty-lammitetty-ulkoallas-ja-poreallas-aurinkoterassilla\\\/#primaryimage\"},\"thumbnailUrl\":\"https:\\\/\\\/narvajoesuu.ee\\\/wp-content\\\/uploads\\\/2022\\\/04\\\/3.png\",\"datePublished\":\"2020-11-24T09:19:04+00:00\",\"dateModified\":\"2026-01-30T14:29:37+00:00\",\"breadcrumb\":{\"@id\":\"https:\\\/\\\/narvajoesuu.ee\\\/fi\\\/kylpylaloma\\\/arteesisella-vedella-taytetty-lammitetty-ulkoallas-ja-poreallas-aurinkoterassilla\\\/#breadcrumb\"},\"inLanguage\":\"fi\",\"potentialAction\":[{\"@type\":\"ReadAction\",\"target\":[\"https:\\\/\\\/narvajoesuu.ee\\\/fi\\\/kylpylaloma\\\/arteesisella-vedella-taytetty-lammitetty-ulkoallas-ja-poreallas-aurinkoterassilla\\\/\"]}]},{\"@type\":\"ImageObject\",\"inLanguage\":\"fi\",\"@id\":\"https:\\\/\\\/narvajoesuu.ee\\\/fi\\\/kylpylaloma\\\/arteesisella-vedella-taytetty-lammitetty-ulkoallas-ja-poreallas-aurinkoterassilla\\\/#primaryimage\",\"url\":\"https:\\\/\\\/narvajoesuu.ee\\\/wp-content\\\/uploads\\\/2022\\\/04\\\/3.png\",\"contentUrl\":\"https:\\\/\\\/narvajoesuu.ee\\\/wp-content\\\/uploads\\\/2022\\\/04\\\/3.png\"},{\"@type\":\"BreadcrumbList\",\"@id\":\"https:\\\/\\\/narvajoesuu.ee\\\/fi\\\/kylpylaloma\\\/arteesisella-vedella-taytetty-lammitetty-ulkoallas-ja-poreallas-aurinkoterassilla\\\/#breadcrumb\",\"itemListElement\":[{\"@type\":\"ListItem\",\"position\":1,\"name\":\"Home\",\"item\":\"https:\\\/\\\/narvajoesuu.ee\\\/fi\\\/\"},{\"@type\":\"ListItem\",\"position\":2,\"name\":\"Kylpyl\u00e4loma\",\"item\":\"https:\\\/\\\/narvajoesuu.ee\\\/fi\\\/kylpylaloma\\\/\"},{\"@type\":\"ListItem\",\"position\":3,\"name\":\"Arteesisella vedell\u00e4 t\u00e4ytetty l\u00e4mmitetty ulkouima-allas ja poreallas aurinkoterassilla\"}]},{\"@type\":\"WebSite\",\"@id\":\"https:\\\/\\\/narvajoesuu.ee\\\/#website\",\"url\":\"https:\\\/\\\/narvajoesuu.ee\\\/\",\"name\":\"MEDICAL SPA NARVA-J\u00d5ESUU\",\"description\":\"\",\"publisher\":{\"@id\":\"https:\\\/\\\/narvajoesuu.ee\\\/#organization\"},\"potentialAction\":[{\"@type\":\"SearchAction\",\"target\":{\"@type\":\"EntryPoint\",\"urlTemplate\":\"https:\\\/\\\/narvajoesuu.ee\\\/?s={search_term_string}\"},\"query-input\":{\"@type\":\"PropertyValueSpecification\",\"valueRequired\":true,\"valueName\":\"search_term_string\"}}],\"inLanguage\":\"fi\"},{\"@type\":\"Organization\",\"@id\":\"https:\\\/\\\/narvajoesuu.ee\\\/#organization\",\"name\":\"Narva-J\u00f5esuu Medical SPA\",\"url\":\"https:\\\/\\\/narvajoesuu.ee\\\/\",\"logo\":{\"@type\":\"ImageObject\",\"inLanguage\":\"fi\",\"@id\":\"https:\\\/\\\/narvajoesuu.ee\\\/#\\\/schema\\\/logo\\\/image\\\/\",\"url\":\"https:\\\/\\\/narvajoesuu.ee\\\/wp-content\\\/uploads\\\/2020\\\/10\\\/narvajoesuu-logo-small.png\",\"contentUrl\":\"https:\\\/\\\/narvajoesuu.ee\\\/wp-content\\\/uploads\\\/2020\\\/10\\\/narvajoesuu-logo-small.png\",\"width\":170,\"height\":170,\"caption\":\"Narva-J\u00f5esuu Medical SPA\"},\"image\":{\"@id\":\"https:\\\/\\\/narvajoesuu.ee\\\/#\\\/schema\\\/logo\\\/image\\\/\"}}]}<\/script>\n<!-- \/ Yoast SEO plugin. -->","yoast_head_json":{"title":"Arteesisella vedell\u00e4 t\u00e4ytetty l\u00e4mmitetty ulkouima-allas ja poreallas aurinkoterassilla - MEDICAL SPA NARVA-J\u00d5ESUU","robots":{"index":"index","follow":"follow","max-snippet":"max-snippet:-1","max-image-preview":"max-image-preview:large","max-video-preview":"max-video-preview:-1"},"canonical":"https:\/\/narvajoesuu.ee\/fi\/kylpylaloma\/arteesisella-vedella-taytetty-lammitetty-ulkoallas-ja-poreallas-aurinkoterassilla\/","og_locale":"fi_FI","og_type":"article","og_title":"Arteesisella vedell\u00e4 t\u00e4ytetty l\u00e4mmitetty ulkouima-allas ja poreallas aurinkoterassilla - MEDICAL SPA NARVA-J\u00d5ESUU","og_description":"Puhtaimmalla arteesisella vedell\u00e4 ulkouima-allas on Narva-J\u00f5esuun kylpyl\u00e4vieraiden k\u00e4yt\u00f6ss\u00e4 alkukev\u00e4\u00e4st\u00e4 my\u00f6h\u00e4\u00e4n syksyyn (joka p\u00e4iv\u00e4 10:00 \u2013 22:00). Altaan mitat ovat 16...","og_url":"https:\/\/narvajoesuu.ee\/fi\/kylpylaloma\/arteesisella-vedella-taytetty-lammitetty-ulkoallas-ja-poreallas-aurinkoterassilla\/","og_site_name":"MEDICAL SPA NARVA-J\u00d5ESUU","article_modified_time":"2026-01-30T14:29:37+00:00","og_image":[{"width":1024,"height":614,"url":"https:\/\/narvajoesuu.ee\/wp-content\/uploads\/2022\/04\/3.png","type":"image\/png"}],"twitter_card":"summary_large_image","twitter_misc":{"Arvioitu lukuaika":"2 minuuttia"},"schema":{"@context":"https:\/\/schema.org","@graph":[{"@type":"WebPage","@id":"https:\/\/narvajoesuu.ee\/fi\/kylpylaloma\/arteesisella-vedella-taytetty-lammitetty-ulkoallas-ja-poreallas-aurinkoterassilla\/","url":"https:\/\/narvajoesuu.ee\/fi\/kylpylaloma\/arteesisella-vedella-taytetty-lammitetty-ulkoallas-ja-poreallas-aurinkoterassilla\/","name":"Arteesisella vedell\u00e4 t\u00e4ytetty l\u00e4mmitetty ulkouima-allas ja poreallas aurinkoterassilla - MEDICAL SPA NARVA-J\u00d5ESUU","isPartOf":{"@id":"https:\/\/narvajoesuu.ee\/#website"},"primaryImageOfPage":{"@id":"https:\/\/narvajoesuu.ee\/fi\/kylpylaloma\/arteesisella-vedella-taytetty-lammitetty-ulkoallas-ja-poreallas-aurinkoterassilla\/#primaryimage"},"image":{"@id":"https:\/\/narvajoesuu.ee\/fi\/kylpylaloma\/arteesisella-vedella-taytetty-lammitetty-ulkoallas-ja-poreallas-aurinkoterassilla\/#primaryimage"},"thumbnailUrl":"https:\/\/narvajoesuu.ee\/wp-content\/uploads\/2022\/04\/3.png","datePublished":"2020-11-24T09:19:04+00:00","dateModified":"2026-01-30T14:29:37+00:00","breadcrumb":{"@id":"https:\/\/narvajoesuu.ee\/fi\/kylpylaloma\/arteesisella-vedella-taytetty-lammitetty-ulkoallas-ja-poreallas-aurinkoterassilla\/#breadcrumb"},"inLanguage":"fi","potentialAction":[{"@type":"ReadAction","target":["https:\/\/narvajoesuu.ee\/fi\/kylpylaloma\/arteesisella-vedella-taytetty-lammitetty-ulkoallas-ja-poreallas-aurinkoterassilla\/"]}]},{"@type":"ImageObject","inLanguage":"fi","@id":"https:\/\/narvajoesuu.ee\/fi\/kylpylaloma\/arteesisella-vedella-taytetty-lammitetty-ulkoallas-ja-poreallas-aurinkoterassilla\/#primaryimage","url":"https:\/\/narvajoesuu.ee\/wp-content\/uploads\/2022\/04\/3.png","contentUrl":"https:\/\/narvajoesuu.ee\/wp-content\/uploads\/2022\/04\/3.png"},{"@type":"BreadcrumbList","@id":"https:\/\/narvajoesuu.ee\/fi\/kylpylaloma\/arteesisella-vedella-taytetty-lammitetty-ulkoallas-ja-poreallas-aurinkoterassilla\/#breadcrumb","itemListElement":[{"@type":"ListItem","position":1,"name":"Home","item":"https:\/\/narvajoesuu.ee\/fi\/"},{"@type":"ListItem","position":2,"name":"Kylpyl\u00e4loma","item":"https:\/\/narvajoesuu.ee\/fi\/kylpylaloma\/"},{"@type":"ListItem","position":3,"name":"Arteesisella vedell\u00e4 t\u00e4ytetty l\u00e4mmitetty ulkouima-allas ja poreallas aurinkoterassilla"}]},{"@type":"WebSite","@id":"https:\/\/narvajoesuu.ee\/#website","url":"https:\/\/narvajoesuu.ee\/","name":"MEDICAL SPA NARVA-J\u00d5ESUU","description":"","publisher":{"@id":"https:\/\/narvajoesuu.ee\/#organization"},"potentialAction":[{"@type":"SearchAction","target":{"@type":"EntryPoint","urlTemplate":"https:\/\/narvajoesuu.ee\/?s={search_term_string}"},"query-input":{"@type":"PropertyValueSpecification","valueRequired":true,"valueName":"search_term_string"}}],"inLanguage":"fi"},{"@type":"Organization","@id":"https:\/\/narvajoesuu.ee\/#organization","name":"Narva-J\u00f5esuu Medical SPA","url":"https:\/\/narvajoesuu.ee\/","logo":{"@type":"ImageObject","inLanguage":"fi","@id":"https:\/\/narvajoesuu.ee\/#\/schema\/logo\/image\/","url":"https:\/\/narvajoesuu.ee\/wp-content\/uploads\/2020\/10\/narvajoesuu-logo-small.png","contentUrl":"https:\/\/narvajoesuu.ee\/wp-content\/uploads\/2020\/10\/narvajoesuu-logo-small.png","width":170,"height":170,"caption":"Narva-J\u00f5esuu Medical SPA"},"image":{"@id":"https:\/\/narvajoesuu.ee\/#\/schema\/logo\/image\/"}}]}},"uagb_featured_image_src":{"full":false,"thumbnail":false,"medium":false,"medium_large":false,"large":false,"1536x1536":false,"2048x2048":false,"img-1920x550":false,"img-1920x320":false,"img-1920x200":false,"img-670x480":false,"img-570x280":false,"img-507":false,"img-370x240":false,"img-400x250":false,"img-370x175":false,"img-370x120":false,"img-300":false,"img-170":false},"uagb_author_info":{"display_name":"Maksim Mitrofanov","author_link":"https:\/\/narvajoesuu.ee\/fi\/author\/maksim\/"},"uagb_comment_info":0,"uagb_excerpt":"Puhtaimmalla arteesisella vedell\u00e4 ulkouima-allas on Narva-J\u00f5esuun kylpyl\u00e4vieraiden k\u00e4yt\u00f6ss\u00e4 alkukev\u00e4\u00e4st\u00e4 my\u00f6h\u00e4\u00e4n syksyyn (joka p\u00e4iv\u00e4 10:00 \u2013 22:00). Altaan mitat ovat 16...","_links":{"self":[{"href":"https:\/\/narvajoesuu.ee\/fi\/wp-json\/wp\/v2\/pages\/10598","targetHints":{"allow":["GET"]}}],"collection":[{"href":"https:\/\/narvajoesuu.ee\/fi\/wp-json\/wp\/v2\/pages"}],"about":[{"href":"https:\/\/narvajoesuu.ee\/fi\/wp-json\/wp\/v2\/types\/page"}],"author":[{"embeddable":true,"href":"https:\/\/narvajoesuu.ee\/fi\/wp-json\/wp\/v2\/users\/3"}],"replies":[{"embeddable":true,"href":"https:\/\/narvajoesuu.ee\/fi\/wp-json\/wp\/v2\/comments?post=10598"}],"version-history":[{"count":10,"href":"https:\/\/narvajoesuu.ee\/fi\/wp-json\/wp\/v2\/pages\/10598\/revisions"}],"predecessor-version":[{"id":23470,"href":"https:\/\/narvajoesuu.ee\/fi\/wp-json\/wp\/v2\/pages\/10598\/revisions\/23470"}],"up":[{"embeddable":true,"href":"https:\/\/narvajoesuu.ee\/fi\/wp-json\/wp\/v2\/pages\/10717"}],"wp:attachment":[{"href":"https:\/\/narvajoesuu.ee\/fi\/wp-json\/wp\/v2\/media?parent=10598"}],"curies":[{"name":"wp","href":"https:\/\/api.w.org\/{rel}","templated":true}]}}