{"id":10561,"date":"2020-11-24T15:58:41","date_gmt":"2020-11-24T13:58:41","guid":{"rendered":"https:\/\/narvajoesuu.ee\/pakett-muinasjutuline-nadalavahetus-2-ood\/"},"modified":"2026-01-14T16:52:00","modified_gmt":"2026-01-14T14:52:00","slug":"satumainen-viikonloppu-2-yota-lapselle-ilmaiseksi","status":"publish","type":"page","link":"https:\/\/narvajoesuu.ee\/fi\/kylpylaloma\/loogastuspaketid\/satumainen-viikonloppu-2-yota-lapselle-ilmaiseksi\/","title":{"rendered":"Satumainen viikonloppu (2 y\u00f6t\u00e4) &#8211; lapselle ilmaiseksi!"},"content":{"rendered":"\n<h3 class=\"wp-block-heading wp-el\"><strong>Pakettiin sis\u00e4ltyy:<\/strong><\/h3>\n\n\n\n<ul class=\"wp-block-list wp-el\">\n<li>Keskustelu kauneus- ja terveyskeskuksemme asiantuntijoiden kanssa (15 min)<\/li>\n<\/ul>\n\n\n\n<p class=\"wp-el\"><strong>Seuraavat hoidot jokaiselle henkil\u00f6lle (kiinte\u00e4):<\/strong><\/p>\n\n\n\n<ul class=\"wp-block-list wp-el\">\n<li><span style=\"color: initial;\">Rentouttava sel\u00e4n, niskan ja jalkojen hieronta Quattromano vesihierontas\u00e4ngyll\u00e4 (20 min)&nbsp;\u2013 2&nbsp;hoitokertaa<\/span><\/li>\n\n\n\n<li>Kromoterapia Himalayan Cube suolakammiossa (20&nbsp;min) \u2013 1&nbsp;hoitokerta<\/li>\n\n\n\n<li>Jalkapohjan laitehieronta\u2013 2 hoitokertaa<\/li>\n<\/ul>\n\n\n\n<p class=\"wp-el\"><strong>+1&nbsp;vapaasti valittu hoito ilmaiseksi:<\/strong><\/p>\n\n\n\n<ul class=\"wp-block-list wp-el\">\n<li>CHARCOT suihku (ry\u00f6ppysuihku)(5-7 min)<\/li>\n\n\n\n<li>Biostimuloiva valohoito Hydrosun-laitteella (7 min)&nbsp;<\/li>\n\n\n\n<li>Inhalaatio<\/li>\n\n\n\n<li>Happihoito<\/li>\n<\/ul>\n\n\n<div class=\"b-block pad-top-30 pad-bottom-20\"><div class=\"p-emphasis b-part container-p0 p-emphasis--info\"><div><strong>Pyyd\u00e4mme varaamaan hoidot etuk\u00e4teen:<\/strong><\/div>\n<div><span lang=\"EN-US\">Tel <a href=\"tel:+372 35 99 523\">+372 35 99 523<\/a><\/span><\/div>\n<div><a href=\"mailto:ilu@narvajoesuu.ee\">ilu@narvajoesuu.ee<\/a><\/div>\n<\/div><\/div>\n\n\n<p class=\"wp-el\"><strong>Hoitojen lis\u00e4ksi sis\u00e4ltyy pakettiin:<\/strong><\/p>\n\n\n\n<ul class=\"wp-block-list wp-el\">\n<li>Majoitus kahden tai yhden hengen huoneessa&nbsp;(<strong>saapuminen<\/strong>&nbsp;16:00, <strong>l\u00e4ht\u00f6<\/strong>&nbsp;12:00)<\/li>\n\n\n\n<li>Ateriat:\n<ul class=\"wp-block-list wp-el\">\n<li>2 aamiaista, 1 lounas, 2 illallista<\/li>\n<\/ul>\n<\/li>\n\n\n\n<li><a href=\"https:\/\/narvajoesuu.ee\/fi\/kylpylaloma\/saunakeskus\/galleria\/\">Saunakeskuksen<\/a>, uima-altaan ja kuntosalin rajoittamaton k\u00e4ytt\u00f6 (joka p\u00e4iv\u00e4 aukioloaikoina).<\/li>\n<\/ul>\n\n\n\n<ul class=\"wp-block-list wp-el\">\n<li><a href=\"https:\/\/narvajoesuu.ee\/fi\/kylpylaloma\/arteesisella-vedella-taytetty-lammitetty-ulkoallas-ja-poreallas-aurinkoterassilla\/\">L\u00e4mmitetyn ulkoaltaan ja porealtaan k\u00e4ytt\u00f6<\/a>&nbsp;(veden l\u00e4mp\u00f6tila on kylm\u00e4ll\u00e4 s\u00e4\u00e4ll\u00e4kin 30\u00b0\u0421) \/ auki huhtikuusta lokakuuhun)<\/li>\n\n\n\n<li>Aamutakit, WiFi, pys\u00e4k\u00f6inti<\/li>\n<\/ul>\n\n\n\n<h3 class=\"wp-block-heading wp-el\">TARJOUS ON VOIMASSA MY\u00d6S VARAUKSILLE JA MAJOITUKSILLE ARKIP\u00c4IVITT\u00c4IN ennen  30.12.2026<\/h3>\n\n\n\n<figure class=\"wp-block-table is-style-stripes\"><table><thead><tr><th class=\"has-text-align-center\" data-align=\"center\"><\/th><th class=\"has-text-align-center\" data-align=\"center\"><\/th><\/tr><\/thead><tbody><tr><td class=\"has-text-align-center\" data-align=\"center\">Majoitus kahden hengen huoneessa<br>(hinta kahdelle)<\/td><td class=\"has-text-align-center\" data-align=\"center\"><strong>399 \u20ac<\/strong><\/td><\/tr><tr><td class=\"has-text-align-center\" data-align=\"center\">Majoitus yhden hengen huoneessa<br>(hinta yhdelle)<\/td><td class=\"has-text-align-center\" data-align=\"center\"> <strong>279 \u20ac<\/strong><\/td><\/tr><\/tbody><\/table><\/figure>\n\n\n<div class=\"wp-block-uagb-faq uagb-faq__outer-wrap uagb-block-eff8fb49 uagb-faq-icon-row uagb-faq-layout-accordion uagb-faq-expand-first-false uagb-faq-inactive-other-true uagb-faq__wrap uagb-buttons-layout-wrap uagb-faq-equal-height     \" data-faqtoggle=\"true\" role=\"tablist\"><div class=\"wp-block-uagb-faq-child uagb-faq-child__outer-wrap uagb-faq-item uagb-block-ef3a26f6 \" role=\"tab\" tabindex=\"0\"><div class=\"uagb-faq-questions-button uagb-faq-questions\">\t\t\t<span class=\"uagb-icon uagb-faq-icon-wrap\">\n\t\t\t\t\t\t\t\t<svg xmlns=\"https:\/\/www.w3.org\/2000\/svg\" viewBox= \"0 0 448 512\"><path d=\"M432 256c0 17.69-14.33 32.01-32 32.01H256v144c0 17.69-14.33 31.99-32 31.99s-32-14.3-32-31.99v-144H48c-17.67 0-32-14.32-32-32.01s14.33-31.99 32-31.99H192v-144c0-17.69 14.33-32.01 32-32.01s32 14.32 32 32.01v144h144C417.7 224 432 238.3 432 256z\"><\/path><\/svg>\n\t\t\t\t\t\t\t<\/span>\n\t\t\t\t\t\t<span class=\"uagb-icon-active uagb-faq-icon-wrap\">\n\t\t\t\t\t\t\t\t<svg xmlns=\"https:\/\/www.w3.org\/2000\/svg\" viewBox= \"0 0 448 512\"><path d=\"M400 288h-352c-17.69 0-32-14.32-32-32.01s14.31-31.99 32-31.99h352c17.69 0 32 14.3 32 31.99S417.7 288 400 288z\"><\/path><\/svg>\n\t\t\t\t\t\t\t<\/span>\n\t\t\t<span class=\"uagb-question\"><strong>Bonus lapselle<\/strong><br><em>Hemmottele itse\u00e4si ja lastasi satulomalla &#8221;Narva-J\u00f5esuun&#8221; kylpyl\u00e4ss\u00e4!<\/em><\/span><\/div><div class=\"uagb-faq-content\"><p><strong>Erityisehdot lapsen lepoon:<\/strong><br>\u2013 Majoitus kahden aikuisen kanssa perhehuoneessa<br>\u2013 Ateriat (t\u00e4ysihoito) aikuisten paketin mukaan<br>\u2013 Saunakeskuksen, uima-altaan ja kuntosalin rajoittamaton k\u00e4ytt\u00f6<br>\u2013 L\u00e4mmitetty ulkouima-allas (veden l\u00e4mp\u00f6tila 30\u00b0\u0421 kylm\u00e4ll\u00e4kin s\u00e4\u00e4ll\u00e4) \/ avoinna huhtikuusta lokakuuhun).<br><em>Kromoterapia Himalayan Cube -suolakammiossa (20 min) \u2013 <\/em>1 kerta<\/p><\/div><\/div><\/div>\n\n\n<ul class=\"wp-block-list wp-el\">\n<li><a href=\"https:\/\/narvajoesuu.ee\/fi\/hotelli\/huoneet\/lisamaksu-majoituksesta-paketin-ostaneille\/\">Lis\u00e4maksu paketin ostaneille asiakkaille<\/a><\/li>\n\n\n\n<li><a href=\"https:\/\/narvajoesuu.ee\/fi\/hotelli\/asiakaskortti\/\">Asiakaskortti<\/a><\/li>\n\n\n\n<li><a href=\"https:\/\/narvajoesuu.ee\/fi\/kylpylaloma\/loma-lasten-kanssa\/\">Loma lasten kanssa<\/a><\/li>\n\n\n\n<li><a href=\"https:\/\/narvajoesuu.ee\/fi\/hotelli\/varausehdot\/\">Pakettien varausehdot<\/a><\/li>\n<\/ul>\n\n\n<div class=\"b-block pad-top-30 pad-bottom-20\"><div class=\"p-emphasis b-part container-p0 p-emphasis--warn\"><p>Huomio! Kylpyl\u00e4 pid\u00e4tt\u00e4\u00e4 itselleen oikeuden hinnanmuutoksiin ilman etuk\u00e4teen ilmoittamatta. Asiakkaille ei palauteta ennakkoa palveluista, jotka ovat j\u00e4\u00e4neet k\u00e4ytt\u00e4m\u00e4tt\u00e4 Narva-J\u00f5esuun kylpyl\u00e4st\u00e4 riippumattomista syist\u00e4.<\/p>\n<\/div><\/div>","protected":false},"excerpt":{"rendered":"<p>Pakettiin sis\u00e4ltyy: Seuraavat hoidot jokaiselle henkil\u00f6lle (kiinte\u00e4): +1&nbsp;vapaasti valittu hoito ilmaiseksi: Hoitojen lis\u00e4ksi sis\u00e4ltyy pakettiin: TARJOUS ON VOIMASSA MY\u00d6S VARAUKSILLE&#8230;<\/p>\n","protected":false},"author":3,"featured_media":0,"parent":10620,"menu_order":168,"comment_status":"closed","ping_status":"closed","template":"","meta":{"_acf_changed":false,"_uag_custom_page_level_css":"","_monsterinsights_skip_tracking":false,"_monsterinsights_sitenote_active":false,"_monsterinsights_sitenote_note":"","_monsterinsights_sitenote_category":0,"footnotes":""},"class_list":["post-10561","page","type-page","status-publish","hentry"],"acf":[],"yoast_head":"<!-- This site is optimized with the Yoast SEO plugin v27.4 - https:\/\/yoast.com\/product\/yoast-seo-wordpress\/ -->\n<title>Satumainen viikonloppu (2 y\u00f6t\u00e4) - lapselle ilmaiseksi! - MEDICAL SPA NARVA-J\u00d5ESUU<\/title>\n<meta name=\"robots\" content=\"index, follow, max-snippet:-1, max-image-preview:large, max-video-preview:-1\" \/>\n<link rel=\"canonical\" href=\"https:\/\/narvajoesuu.ee\/fi\/kylpylaloma\/loogastuspaketid\/satumainen-viikonloppu-2-yota-lapselle-ilmaiseksi\/\" \/>\n<meta property=\"og:locale\" content=\"fi_FI\" \/>\n<meta property=\"og:type\" content=\"article\" \/>\n<meta property=\"og:title\" content=\"Satumainen viikonloppu (2 y\u00f6t\u00e4) - lapselle ilmaiseksi! - MEDICAL SPA NARVA-J\u00d5ESUU\" \/>\n<meta property=\"og:description\" content=\"Pakettiin sis\u00e4ltyy: Seuraavat hoidot jokaiselle henkil\u00f6lle (kiinte\u00e4): +1&nbsp;vapaasti valittu hoito ilmaiseksi: Hoitojen lis\u00e4ksi sis\u00e4ltyy pakettiin: TARJOUS ON VOIMASSA MY\u00d6S VARAUKSILLE...\" \/>\n<meta property=\"og:url\" content=\"https:\/\/narvajoesuu.ee\/fi\/kylpylaloma\/loogastuspaketid\/satumainen-viikonloppu-2-yota-lapselle-ilmaiseksi\/\" \/>\n<meta property=\"og:site_name\" content=\"MEDICAL SPA NARVA-J\u00d5ESUU\" \/>\n<meta property=\"article:modified_time\" content=\"2026-01-14T14:52:00+00:00\" \/>\n<meta property=\"og:image\" content=\"https:\/\/narvajoesuu.ee\/wp-content\/uploads\/2021\/12\/Maja-pilt.png\" \/>\n\t<meta property=\"og:image:width\" content=\"1200\" \/>\n\t<meta property=\"og:image:height\" content=\"630\" \/>\n\t<meta property=\"og:image:type\" content=\"image\/png\" \/>\n<meta name=\"twitter:card\" content=\"summary_large_image\" \/>\n<meta name=\"twitter:label1\" content=\"Arvioitu lukuaika\" \/>\n\t<meta name=\"twitter:data1\" content=\"2 minuuttia\" \/>\n<script type=\"application\/ld+json\" class=\"yoast-schema-graph\">{\"@context\":\"https:\\\/\\\/schema.org\",\"@graph\":[{\"@type\":\"WebPage\",\"@id\":\"https:\\\/\\\/narvajoesuu.ee\\\/fi\\\/kylpylaloma\\\/loogastuspaketid\\\/satumainen-viikonloppu-2-yota-lapselle-ilmaiseksi\\\/\",\"url\":\"https:\\\/\\\/narvajoesuu.ee\\\/fi\\\/kylpylaloma\\\/loogastuspaketid\\\/satumainen-viikonloppu-2-yota-lapselle-ilmaiseksi\\\/\",\"name\":\"Satumainen viikonloppu (2 y\u00f6t\u00e4) - lapselle ilmaiseksi! - MEDICAL SPA NARVA-J\u00d5ESUU\",\"isPartOf\":{\"@id\":\"https:\\\/\\\/narvajoesuu.ee\\\/#website\"},\"datePublished\":\"2020-11-24T13:58:41+00:00\",\"dateModified\":\"2026-01-14T14:52:00+00:00\",\"breadcrumb\":{\"@id\":\"https:\\\/\\\/narvajoesuu.ee\\\/fi\\\/kylpylaloma\\\/loogastuspaketid\\\/satumainen-viikonloppu-2-yota-lapselle-ilmaiseksi\\\/#breadcrumb\"},\"inLanguage\":\"fi\",\"potentialAction\":[{\"@type\":\"ReadAction\",\"target\":[\"https:\\\/\\\/narvajoesuu.ee\\\/fi\\\/kylpylaloma\\\/loogastuspaketid\\\/satumainen-viikonloppu-2-yota-lapselle-ilmaiseksi\\\/\"]}]},{\"@type\":\"BreadcrumbList\",\"@id\":\"https:\\\/\\\/narvajoesuu.ee\\\/fi\\\/kylpylaloma\\\/loogastuspaketid\\\/satumainen-viikonloppu-2-yota-lapselle-ilmaiseksi\\\/#breadcrumb\",\"itemListElement\":[{\"@type\":\"ListItem\",\"position\":1,\"name\":\"Home\",\"item\":\"https:\\\/\\\/narvajoesuu.ee\\\/fi\\\/\"},{\"@type\":\"ListItem\",\"position\":2,\"name\":\"Kylpyl\u00e4loma\",\"item\":\"https:\\\/\\\/narvajoesuu.ee\\\/fi\\\/kylpylaloma\\\/\"},{\"@type\":\"ListItem\",\"position\":3,\"name\":\"L\u00f5\u00f5gastuspaketid\",\"item\":\"https:\\\/\\\/narvajoesuu.ee\\\/fi\\\/kylpylaloma\\\/loogastuspaketid\\\/\"},{\"@type\":\"ListItem\",\"position\":4,\"name\":\"Satumainen viikonloppu (2 y\u00f6t\u00e4) &#8212; lapselle ilmaiseksi!\"}]},{\"@type\":\"WebSite\",\"@id\":\"https:\\\/\\\/narvajoesuu.ee\\\/#website\",\"url\":\"https:\\\/\\\/narvajoesuu.ee\\\/\",\"name\":\"MEDICAL SPA NARVA-J\u00d5ESUU\",\"description\":\"\",\"publisher\":{\"@id\":\"https:\\\/\\\/narvajoesuu.ee\\\/#organization\"},\"potentialAction\":[{\"@type\":\"SearchAction\",\"target\":{\"@type\":\"EntryPoint\",\"urlTemplate\":\"https:\\\/\\\/narvajoesuu.ee\\\/?s={search_term_string}\"},\"query-input\":{\"@type\":\"PropertyValueSpecification\",\"valueRequired\":true,\"valueName\":\"search_term_string\"}}],\"inLanguage\":\"fi\"},{\"@type\":\"Organization\",\"@id\":\"https:\\\/\\\/narvajoesuu.ee\\\/#organization\",\"name\":\"Narva-J\u00f5esuu Medical SPA\",\"url\":\"https:\\\/\\\/narvajoesuu.ee\\\/\",\"logo\":{\"@type\":\"ImageObject\",\"inLanguage\":\"fi\",\"@id\":\"https:\\\/\\\/narvajoesuu.ee\\\/#\\\/schema\\\/logo\\\/image\\\/\",\"url\":\"https:\\\/\\\/narvajoesuu.ee\\\/wp-content\\\/uploads\\\/2020\\\/10\\\/narvajoesuu-logo-small.png\",\"contentUrl\":\"https:\\\/\\\/narvajoesuu.ee\\\/wp-content\\\/uploads\\\/2020\\\/10\\\/narvajoesuu-logo-small.png\",\"width\":170,\"height\":170,\"caption\":\"Narva-J\u00f5esuu Medical SPA\"},\"image\":{\"@id\":\"https:\\\/\\\/narvajoesuu.ee\\\/#\\\/schema\\\/logo\\\/image\\\/\"}}]}<\/script>\n<!-- \/ Yoast SEO plugin. -->","yoast_head_json":{"title":"Satumainen viikonloppu (2 y\u00f6t\u00e4) - lapselle ilmaiseksi! - MEDICAL SPA NARVA-J\u00d5ESUU","robots":{"index":"index","follow":"follow","max-snippet":"max-snippet:-1","max-image-preview":"max-image-preview:large","max-video-preview":"max-video-preview:-1"},"canonical":"https:\/\/narvajoesuu.ee\/fi\/kylpylaloma\/loogastuspaketid\/satumainen-viikonloppu-2-yota-lapselle-ilmaiseksi\/","og_locale":"fi_FI","og_type":"article","og_title":"Satumainen viikonloppu (2 y\u00f6t\u00e4) - lapselle ilmaiseksi! - MEDICAL SPA NARVA-J\u00d5ESUU","og_description":"Pakettiin sis\u00e4ltyy: Seuraavat hoidot jokaiselle henkil\u00f6lle (kiinte\u00e4): +1&nbsp;vapaasti valittu hoito ilmaiseksi: Hoitojen lis\u00e4ksi sis\u00e4ltyy pakettiin: TARJOUS ON VOIMASSA MY\u00d6S VARAUKSILLE...","og_url":"https:\/\/narvajoesuu.ee\/fi\/kylpylaloma\/loogastuspaketid\/satumainen-viikonloppu-2-yota-lapselle-ilmaiseksi\/","og_site_name":"MEDICAL SPA NARVA-J\u00d5ESUU","article_modified_time":"2026-01-14T14:52:00+00:00","og_image":[{"width":1200,"height":630,"url":"https:\/\/narvajoesuu.ee\/wp-content\/uploads\/2021\/12\/Maja-pilt.png","type":"image\/png"}],"twitter_card":"summary_large_image","twitter_misc":{"Arvioitu lukuaika":"2 minuuttia"},"schema":{"@context":"https:\/\/schema.org","@graph":[{"@type":"WebPage","@id":"https:\/\/narvajoesuu.ee\/fi\/kylpylaloma\/loogastuspaketid\/satumainen-viikonloppu-2-yota-lapselle-ilmaiseksi\/","url":"https:\/\/narvajoesuu.ee\/fi\/kylpylaloma\/loogastuspaketid\/satumainen-viikonloppu-2-yota-lapselle-ilmaiseksi\/","name":"Satumainen viikonloppu (2 y\u00f6t\u00e4) - lapselle ilmaiseksi! - MEDICAL SPA NARVA-J\u00d5ESUU","isPartOf":{"@id":"https:\/\/narvajoesuu.ee\/#website"},"datePublished":"2020-11-24T13:58:41+00:00","dateModified":"2026-01-14T14:52:00+00:00","breadcrumb":{"@id":"https:\/\/narvajoesuu.ee\/fi\/kylpylaloma\/loogastuspaketid\/satumainen-viikonloppu-2-yota-lapselle-ilmaiseksi\/#breadcrumb"},"inLanguage":"fi","potentialAction":[{"@type":"ReadAction","target":["https:\/\/narvajoesuu.ee\/fi\/kylpylaloma\/loogastuspaketid\/satumainen-viikonloppu-2-yota-lapselle-ilmaiseksi\/"]}]},{"@type":"BreadcrumbList","@id":"https:\/\/narvajoesuu.ee\/fi\/kylpylaloma\/loogastuspaketid\/satumainen-viikonloppu-2-yota-lapselle-ilmaiseksi\/#breadcrumb","itemListElement":[{"@type":"ListItem","position":1,"name":"Home","item":"https:\/\/narvajoesuu.ee\/fi\/"},{"@type":"ListItem","position":2,"name":"Kylpyl\u00e4loma","item":"https:\/\/narvajoesuu.ee\/fi\/kylpylaloma\/"},{"@type":"ListItem","position":3,"name":"L\u00f5\u00f5gastuspaketid","item":"https:\/\/narvajoesuu.ee\/fi\/kylpylaloma\/loogastuspaketid\/"},{"@type":"ListItem","position":4,"name":"Satumainen viikonloppu (2 y\u00f6t\u00e4) &#8212; lapselle ilmaiseksi!"}]},{"@type":"WebSite","@id":"https:\/\/narvajoesuu.ee\/#website","url":"https:\/\/narvajoesuu.ee\/","name":"MEDICAL SPA NARVA-J\u00d5ESUU","description":"","publisher":{"@id":"https:\/\/narvajoesuu.ee\/#organization"},"potentialAction":[{"@type":"SearchAction","target":{"@type":"EntryPoint","urlTemplate":"https:\/\/narvajoesuu.ee\/?s={search_term_string}"},"query-input":{"@type":"PropertyValueSpecification","valueRequired":true,"valueName":"search_term_string"}}],"inLanguage":"fi"},{"@type":"Organization","@id":"https:\/\/narvajoesuu.ee\/#organization","name":"Narva-J\u00f5esuu Medical SPA","url":"https:\/\/narvajoesuu.ee\/","logo":{"@type":"ImageObject","inLanguage":"fi","@id":"https:\/\/narvajoesuu.ee\/#\/schema\/logo\/image\/","url":"https:\/\/narvajoesuu.ee\/wp-content\/uploads\/2020\/10\/narvajoesuu-logo-small.png","contentUrl":"https:\/\/narvajoesuu.ee\/wp-content\/uploads\/2020\/10\/narvajoesuu-logo-small.png","width":170,"height":170,"caption":"Narva-J\u00f5esuu Medical SPA"},"image":{"@id":"https:\/\/narvajoesuu.ee\/#\/schema\/logo\/image\/"}}]}},"uagb_featured_image_src":{"full":false,"thumbnail":false,"medium":false,"medium_large":false,"large":false,"1536x1536":false,"2048x2048":false,"img-1920x550":false,"img-1920x320":false,"img-1920x200":false,"img-670x480":false,"img-570x280":false,"img-507":false,"img-370x240":false,"img-400x250":false,"img-370x175":false,"img-370x120":false,"img-300":false,"img-170":false},"uagb_author_info":{"display_name":"Maksim Mitrofanov","author_link":"https:\/\/narvajoesuu.ee\/fi\/author\/maksim\/"},"uagb_comment_info":0,"uagb_excerpt":"Pakettiin sis\u00e4ltyy: Seuraavat hoidot jokaiselle henkil\u00f6lle (kiinte\u00e4): +1&nbsp;vapaasti valittu hoito ilmaiseksi: Hoitojen lis\u00e4ksi sis\u00e4ltyy pakettiin: TARJOUS ON VOIMASSA MY\u00d6S VARAUKSILLE...","_links":{"self":[{"href":"https:\/\/narvajoesuu.ee\/fi\/wp-json\/wp\/v2\/pages\/10561","targetHints":{"allow":["GET"]}}],"collection":[{"href":"https:\/\/narvajoesuu.ee\/fi\/wp-json\/wp\/v2\/pages"}],"about":[{"href":"https:\/\/narvajoesuu.ee\/fi\/wp-json\/wp\/v2\/types\/page"}],"author":[{"embeddable":true,"href":"https:\/\/narvajoesuu.ee\/fi\/wp-json\/wp\/v2\/users\/3"}],"replies":[{"embeddable":true,"href":"https:\/\/narvajoesuu.ee\/fi\/wp-json\/wp\/v2\/comments?post=10561"}],"version-history":[{"count":36,"href":"https:\/\/narvajoesuu.ee\/fi\/wp-json\/wp\/v2\/pages\/10561\/revisions"}],"predecessor-version":[{"id":23285,"href":"https:\/\/narvajoesuu.ee\/fi\/wp-json\/wp\/v2\/pages\/10561\/revisions\/23285"}],"up":[{"embeddable":true,"href":"https:\/\/narvajoesuu.ee\/fi\/wp-json\/wp\/v2\/pages\/10620"}],"wp:attachment":[{"href":"https:\/\/narvajoesuu.ee\/fi\/wp-json\/wp\/v2\/media?parent=10561"}],"curies":[{"name":"wp","href":"https:\/\/api.w.org\/{rel}","templated":true}]}}