{"id":10534,"date":"2020-12-02T09:54:19","date_gmt":"2020-12-02T07:54:19","guid":{"rendered":"https:\/\/narvajoesuu.ee\/twin-double\/"},"modified":"2023-03-23T11:19:22","modified_gmt":"2023-03-23T09:19:22","slug":"twin-double","status":"publish","type":"page","link":"https:\/\/narvajoesuu.ee\/fi\/hotell\/huoneet\/twin-double\/","title":{"rendered":"Twin\/Double"},"content":{"rendered":"\n<p class=\"wp-el\">Hotellissa on 4 kahden hengen huonetta, joissa yksi iso s\u00e4nky (DBL) ja 33 kahden hengen standard-huonetta (TWIN). Huoneet sijaitsevat hotellin kolmannessa kerroksessa. N\u00e4m\u00e4 ovat viihtyisi\u00e4 huoneita, joista on n\u00e4kym\u00e4t joko merelle, ulkouima-altaalle tai hotellin rauhalliselle sis\u00e4pihalle. Joissakin huoneissa on my\u00f6s parveke. Huoneissa on joko yksi parivuode tai kaksi erillist\u00e4 s\u00e4nky\u00e4.<\/p>\n\n\n\n<ul class=\"wp-el wp-block-list\">\n<li>Pinta-ala: 15-18 m\u00b2<\/li>\n\n\n\n<li>Enimm\u00e4ishenkil\u00f6m\u00e4\u00e4r\u00e4: 2<\/li>\n\n\n\n<li>Ei ole lis\u00e4vuodemahdollisuutta<\/li>\n\n\n\n<li>Huoneessa on: kylpyhuoneessa amme tai suihku, TV, j\u00e4\u00e4kappi, wifi, hiustenkuivain, aamutakit. Saatavilla my\u00f6s allergikoille sopivat huoneet. Ilmastointi puutuu.<\/li>\n<\/ul>\n\n\n\n<figure class=\"wp-block-gallery has-nested-images columns-default is-cropped wp-block-gallery-1 is-layout-flex wp-block-gallery-is-layout-flex\">\n<figure class=\"wp-block-image size-large\"><a href=\"https:\/\/narvajoesuu.ee\/wp-content\/uploads\/2020\/12\/twin-double-043-min-scaled.jpg\"><img loading=\"lazy\" decoding=\"async\" width=\"1024\" height=\"682\" data-id=\"1087\" src=\"https:\/\/narvajoesuu.ee\/wp-content\/uploads\/2020\/12\/twin-double-043-min-1024x682.jpg\" alt=\"\" class=\"wp-image-1087\"\/><\/a><\/figure>\n\n\n\n<figure class=\"wp-block-image size-large\"><a href=\"https:\/\/narvajoesuu.ee\/wp-content\/uploads\/2020\/12\/twin-double-044-min-scaled.jpg\"><img loading=\"lazy\" decoding=\"async\" width=\"1024\" height=\"682\" data-id=\"1090\" src=\"https:\/\/narvajoesuu.ee\/wp-content\/uploads\/2020\/12\/twin-double-044-min-1024x682.jpg\" alt=\"\" class=\"wp-image-1090\"\/><\/a><\/figure>\n\n\n\n<figure class=\"wp-block-image size-large\"><a href=\"https:\/\/narvajoesuu.ee\/wp-content\/uploads\/2020\/12\/twin-double-102-min-scaled.jpg\"><img loading=\"lazy\" decoding=\"async\" width=\"1024\" height=\"681\" data-id=\"1105\" src=\"https:\/\/narvajoesuu.ee\/wp-content\/uploads\/2020\/12\/twin-double-102-min-1024x681.jpg\" alt=\"\" class=\"wp-image-1105\"\/><\/a><\/figure>\n\n\n\n<figure class=\"wp-block-image size-large\"><a href=\"https:\/\/narvajoesuu.ee\/wp-content\/uploads\/2020\/12\/twin-double-103-min-scaled.jpg\"><img loading=\"lazy\" decoding=\"async\" width=\"1024\" height=\"683\" data-id=\"1108\" src=\"https:\/\/narvajoesuu.ee\/wp-content\/uploads\/2020\/12\/twin-double-103-min-1024x683.jpg\" alt=\"\" class=\"wp-image-1108\"\/><\/a><\/figure>\n\n\n\n<figure class=\"wp-block-image size-large\"><a href=\"https:\/\/narvajoesuu.ee\/wp-content\/uploads\/2020\/12\/twin-double-106-min-scaled.jpg\"><img loading=\"lazy\" decoding=\"async\" width=\"1024\" height=\"682\" data-id=\"1111\" src=\"https:\/\/narvajoesuu.ee\/wp-content\/uploads\/2020\/12\/twin-double-106-min-1024x682.jpg\" alt=\"\" class=\"wp-image-1111\"\/><\/a><\/figure>\n\n\n\n<figure class=\"wp-block-image size-large\"><a href=\"https:\/\/narvajoesuu.ee\/wp-content\/uploads\/2020\/12\/twin-double-108-min-scaled.jpg\"><img loading=\"lazy\" decoding=\"async\" width=\"1024\" height=\"683\" data-id=\"1114\" src=\"https:\/\/narvajoesuu.ee\/wp-content\/uploads\/2020\/12\/twin-double-108-min-1024x683.jpg\" alt=\"\" class=\"wp-image-1114\"\/><\/a><\/figure>\n<\/figure>\n\n\n\n<p class=\"wp-el\"><\/p>\n","protected":false},"excerpt":{"rendered":"<p>Hotellissa on 4 kahden hengen huonetta, joissa yksi iso s\u00e4nky (DBL) ja 33 kahden hengen standard-huonetta (TWIN). Huoneet sijaitsevat hotellin&#8230;<\/p>\n","protected":false},"author":3,"featured_media":0,"parent":10697,"menu_order":414,"comment_status":"closed","ping_status":"closed","template":"","meta":{"_acf_changed":false,"_uag_custom_page_level_css":"","_monsterinsights_skip_tracking":false,"_monsterinsights_sitenote_active":false,"_monsterinsights_sitenote_note":"","_monsterinsights_sitenote_category":0,"footnotes":""},"class_list":["post-10534","page","type-page","status-publish","hentry"],"acf":[],"yoast_head":"<!-- This site is optimized with the Yoast SEO plugin v27.4 - https:\/\/yoast.com\/product\/yoast-seo-wordpress\/ -->\n<title>Twin\/Double - MEDICAL SPA NARVA-J\u00d5ESUU<\/title>\n<meta name=\"robots\" content=\"index, follow, max-snippet:-1, max-image-preview:large, max-video-preview:-1\" \/>\n<link rel=\"canonical\" href=\"https:\/\/narvajoesuu.ee\/fi\/hotell\/huoneet\/twin-double\/\" \/>\n<meta property=\"og:locale\" content=\"fi_FI\" \/>\n<meta property=\"og:type\" content=\"article\" \/>\n<meta property=\"og:title\" content=\"Twin\/Double - MEDICAL SPA NARVA-J\u00d5ESUU\" \/>\n<meta property=\"og:description\" content=\"Hotellissa on 4 kahden hengen huonetta, joissa yksi iso s\u00e4nky (DBL) ja 33 kahden hengen standard-huonetta (TWIN). Huoneet sijaitsevat hotellin...\" \/>\n<meta property=\"og:url\" content=\"https:\/\/narvajoesuu.ee\/fi\/hotell\/huoneet\/twin-double\/\" \/>\n<meta property=\"og:site_name\" content=\"MEDICAL SPA NARVA-J\u00d5ESUU\" \/>\n<meta property=\"article:modified_time\" content=\"2023-03-23T09:19:22+00:00\" \/>\n<meta property=\"og:image\" content=\"https:\/\/narvajoesuu.ee\/wp-content\/uploads\/2020\/12\/twin-double-043-min-1024x682.jpg\" \/>\n<meta name=\"twitter:card\" content=\"summary_large_image\" \/>\n<meta name=\"twitter:label1\" content=\"Arvioitu lukuaika\" \/>\n\t<meta name=\"twitter:data1\" content=\"2 minuuttia\" \/>\n<script type=\"application\/ld+json\" class=\"yoast-schema-graph\">{\"@context\":\"https:\\\/\\\/schema.org\",\"@graph\":[{\"@type\":\"WebPage\",\"@id\":\"https:\\\/\\\/narvajoesuu.ee\\\/fi\\\/hotell\\\/huoneet\\\/twin-double\\\/\",\"url\":\"https:\\\/\\\/narvajoesuu.ee\\\/fi\\\/hotell\\\/huoneet\\\/twin-double\\\/\",\"name\":\"Twin\\\/Double - MEDICAL SPA NARVA-J\u00d5ESUU\",\"isPartOf\":{\"@id\":\"https:\\\/\\\/narvajoesuu.ee\\\/#website\"},\"primaryImageOfPage\":{\"@id\":\"https:\\\/\\\/narvajoesuu.ee\\\/fi\\\/hotell\\\/huoneet\\\/twin-double\\\/#primaryimage\"},\"image\":{\"@id\":\"https:\\\/\\\/narvajoesuu.ee\\\/fi\\\/hotell\\\/huoneet\\\/twin-double\\\/#primaryimage\"},\"thumbnailUrl\":\"https:\\\/\\\/narvajoesuu.ee\\\/wp-content\\\/uploads\\\/2020\\\/12\\\/twin-double-043-min-1024x682.jpg\",\"datePublished\":\"2020-12-02T07:54:19+00:00\",\"dateModified\":\"2023-03-23T09:19:22+00:00\",\"breadcrumb\":{\"@id\":\"https:\\\/\\\/narvajoesuu.ee\\\/fi\\\/hotell\\\/huoneet\\\/twin-double\\\/#breadcrumb\"},\"inLanguage\":\"fi\",\"potentialAction\":[{\"@type\":\"ReadAction\",\"target\":[\"https:\\\/\\\/narvajoesuu.ee\\\/fi\\\/hotell\\\/huoneet\\\/twin-double\\\/\"]}]},{\"@type\":\"ImageObject\",\"inLanguage\":\"fi\",\"@id\":\"https:\\\/\\\/narvajoesuu.ee\\\/fi\\\/hotell\\\/huoneet\\\/twin-double\\\/#primaryimage\",\"url\":\"https:\\\/\\\/narvajoesuu.ee\\\/wp-content\\\/uploads\\\/2020\\\/12\\\/twin-double-043-min-1024x682.jpg\",\"contentUrl\":\"https:\\\/\\\/narvajoesuu.ee\\\/wp-content\\\/uploads\\\/2020\\\/12\\\/twin-double-043-min-1024x682.jpg\"},{\"@type\":\"BreadcrumbList\",\"@id\":\"https:\\\/\\\/narvajoesuu.ee\\\/fi\\\/hotell\\\/huoneet\\\/twin-double\\\/#breadcrumb\",\"itemListElement\":[{\"@type\":\"ListItem\",\"position\":1,\"name\":\"Home\",\"item\":\"https:\\\/\\\/narvajoesuu.ee\\\/fi\\\/\"},{\"@type\":\"ListItem\",\"position\":2,\"name\":\"Hotell\",\"item\":\"https:\\\/\\\/narvajoesuu.ee\\\/fi\\\/hotell\\\/\"},{\"@type\":\"ListItem\",\"position\":3,\"name\":\"Huoneet\",\"item\":\"https:\\\/\\\/narvajoesuu.ee\\\/fi\\\/hotell\\\/huoneet\\\/\"},{\"@type\":\"ListItem\",\"position\":4,\"name\":\"Twin\\\/Double\"}]},{\"@type\":\"WebSite\",\"@id\":\"https:\\\/\\\/narvajoesuu.ee\\\/#website\",\"url\":\"https:\\\/\\\/narvajoesuu.ee\\\/\",\"name\":\"MEDICAL SPA NARVA-J\u00d5ESUU\",\"description\":\"\",\"publisher\":{\"@id\":\"https:\\\/\\\/narvajoesuu.ee\\\/#organization\"},\"potentialAction\":[{\"@type\":\"SearchAction\",\"target\":{\"@type\":\"EntryPoint\",\"urlTemplate\":\"https:\\\/\\\/narvajoesuu.ee\\\/?s={search_term_string}\"},\"query-input\":{\"@type\":\"PropertyValueSpecification\",\"valueRequired\":true,\"valueName\":\"search_term_string\"}}],\"inLanguage\":\"fi\"},{\"@type\":\"Organization\",\"@id\":\"https:\\\/\\\/narvajoesuu.ee\\\/#organization\",\"name\":\"Narva-J\u00f5esuu Medical SPA\",\"url\":\"https:\\\/\\\/narvajoesuu.ee\\\/\",\"logo\":{\"@type\":\"ImageObject\",\"inLanguage\":\"fi\",\"@id\":\"https:\\\/\\\/narvajoesuu.ee\\\/#\\\/schema\\\/logo\\\/image\\\/\",\"url\":\"https:\\\/\\\/narvajoesuu.ee\\\/wp-content\\\/uploads\\\/2020\\\/10\\\/narvajoesuu-logo-small.png\",\"contentUrl\":\"https:\\\/\\\/narvajoesuu.ee\\\/wp-content\\\/uploads\\\/2020\\\/10\\\/narvajoesuu-logo-small.png\",\"width\":170,\"height\":170,\"caption\":\"Narva-J\u00f5esuu Medical SPA\"},\"image\":{\"@id\":\"https:\\\/\\\/narvajoesuu.ee\\\/#\\\/schema\\\/logo\\\/image\\\/\"}}]}<\/script>\n<!-- \/ Yoast SEO plugin. -->","yoast_head_json":{"title":"Twin\/Double - MEDICAL SPA NARVA-J\u00d5ESUU","robots":{"index":"index","follow":"follow","max-snippet":"max-snippet:-1","max-image-preview":"max-image-preview:large","max-video-preview":"max-video-preview:-1"},"canonical":"https:\/\/narvajoesuu.ee\/fi\/hotell\/huoneet\/twin-double\/","og_locale":"fi_FI","og_type":"article","og_title":"Twin\/Double - MEDICAL SPA NARVA-J\u00d5ESUU","og_description":"Hotellissa on 4 kahden hengen huonetta, joissa yksi iso s\u00e4nky (DBL) ja 33 kahden hengen standard-huonetta (TWIN). Huoneet sijaitsevat hotellin...","og_url":"https:\/\/narvajoesuu.ee\/fi\/hotell\/huoneet\/twin-double\/","og_site_name":"MEDICAL SPA NARVA-J\u00d5ESUU","article_modified_time":"2023-03-23T09:19:22+00:00","og_image":[{"url":"https:\/\/narvajoesuu.ee\/wp-content\/uploads\/2020\/12\/twin-double-043-min-1024x682.jpg","type":"","width":"","height":""}],"twitter_card":"summary_large_image","twitter_misc":{"Arvioitu lukuaika":"2 minuuttia"},"schema":{"@context":"https:\/\/schema.org","@graph":[{"@type":"WebPage","@id":"https:\/\/narvajoesuu.ee\/fi\/hotell\/huoneet\/twin-double\/","url":"https:\/\/narvajoesuu.ee\/fi\/hotell\/huoneet\/twin-double\/","name":"Twin\/Double - MEDICAL SPA NARVA-J\u00d5ESUU","isPartOf":{"@id":"https:\/\/narvajoesuu.ee\/#website"},"primaryImageOfPage":{"@id":"https:\/\/narvajoesuu.ee\/fi\/hotell\/huoneet\/twin-double\/#primaryimage"},"image":{"@id":"https:\/\/narvajoesuu.ee\/fi\/hotell\/huoneet\/twin-double\/#primaryimage"},"thumbnailUrl":"https:\/\/narvajoesuu.ee\/wp-content\/uploads\/2020\/12\/twin-double-043-min-1024x682.jpg","datePublished":"2020-12-02T07:54:19+00:00","dateModified":"2023-03-23T09:19:22+00:00","breadcrumb":{"@id":"https:\/\/narvajoesuu.ee\/fi\/hotell\/huoneet\/twin-double\/#breadcrumb"},"inLanguage":"fi","potentialAction":[{"@type":"ReadAction","target":["https:\/\/narvajoesuu.ee\/fi\/hotell\/huoneet\/twin-double\/"]}]},{"@type":"ImageObject","inLanguage":"fi","@id":"https:\/\/narvajoesuu.ee\/fi\/hotell\/huoneet\/twin-double\/#primaryimage","url":"https:\/\/narvajoesuu.ee\/wp-content\/uploads\/2020\/12\/twin-double-043-min-1024x682.jpg","contentUrl":"https:\/\/narvajoesuu.ee\/wp-content\/uploads\/2020\/12\/twin-double-043-min-1024x682.jpg"},{"@type":"BreadcrumbList","@id":"https:\/\/narvajoesuu.ee\/fi\/hotell\/huoneet\/twin-double\/#breadcrumb","itemListElement":[{"@type":"ListItem","position":1,"name":"Home","item":"https:\/\/narvajoesuu.ee\/fi\/"},{"@type":"ListItem","position":2,"name":"Hotell","item":"https:\/\/narvajoesuu.ee\/fi\/hotell\/"},{"@type":"ListItem","position":3,"name":"Huoneet","item":"https:\/\/narvajoesuu.ee\/fi\/hotell\/huoneet\/"},{"@type":"ListItem","position":4,"name":"Twin\/Double"}]},{"@type":"WebSite","@id":"https:\/\/narvajoesuu.ee\/#website","url":"https:\/\/narvajoesuu.ee\/","name":"MEDICAL SPA NARVA-J\u00d5ESUU","description":"","publisher":{"@id":"https:\/\/narvajoesuu.ee\/#organization"},"potentialAction":[{"@type":"SearchAction","target":{"@type":"EntryPoint","urlTemplate":"https:\/\/narvajoesuu.ee\/?s={search_term_string}"},"query-input":{"@type":"PropertyValueSpecification","valueRequired":true,"valueName":"search_term_string"}}],"inLanguage":"fi"},{"@type":"Organization","@id":"https:\/\/narvajoesuu.ee\/#organization","name":"Narva-J\u00f5esuu Medical SPA","url":"https:\/\/narvajoesuu.ee\/","logo":{"@type":"ImageObject","inLanguage":"fi","@id":"https:\/\/narvajoesuu.ee\/#\/schema\/logo\/image\/","url":"https:\/\/narvajoesuu.ee\/wp-content\/uploads\/2020\/10\/narvajoesuu-logo-small.png","contentUrl":"https:\/\/narvajoesuu.ee\/wp-content\/uploads\/2020\/10\/narvajoesuu-logo-small.png","width":170,"height":170,"caption":"Narva-J\u00f5esuu Medical SPA"},"image":{"@id":"https:\/\/narvajoesuu.ee\/#\/schema\/logo\/image\/"}}]}},"uagb_featured_image_src":{"full":false,"thumbnail":false,"medium":false,"medium_large":false,"large":false,"1536x1536":false,"2048x2048":false,"img-1920x550":false,"img-1920x320":false,"img-1920x200":false,"img-670x480":false,"img-570x280":false,"img-507":false,"img-370x240":false,"img-400x250":false,"img-370x175":false,"img-370x120":false,"img-300":false,"img-170":false},"uagb_author_info":{"display_name":"Maksim Mitrofanov","author_link":"https:\/\/narvajoesuu.ee\/fi\/author\/maksim\/"},"uagb_comment_info":0,"uagb_excerpt":"Hotellissa on 4 kahden hengen huonetta, joissa yksi iso s\u00e4nky (DBL) ja 33 kahden hengen standard-huonetta (TWIN). Huoneet sijaitsevat hotellin...","_links":{"self":[{"href":"https:\/\/narvajoesuu.ee\/fi\/wp-json\/wp\/v2\/pages\/10534","targetHints":{"allow":["GET"]}}],"collection":[{"href":"https:\/\/narvajoesuu.ee\/fi\/wp-json\/wp\/v2\/pages"}],"about":[{"href":"https:\/\/narvajoesuu.ee\/fi\/wp-json\/wp\/v2\/types\/page"}],"author":[{"embeddable":true,"href":"https:\/\/narvajoesuu.ee\/fi\/wp-json\/wp\/v2\/users\/3"}],"replies":[{"embeddable":true,"href":"https:\/\/narvajoesuu.ee\/fi\/wp-json\/wp\/v2\/comments?post=10534"}],"version-history":[{"count":3,"href":"https:\/\/narvajoesuu.ee\/fi\/wp-json\/wp\/v2\/pages\/10534\/revisions"}],"predecessor-version":[{"id":14852,"href":"https:\/\/narvajoesuu.ee\/fi\/wp-json\/wp\/v2\/pages\/10534\/revisions\/14852"}],"up":[{"embeddable":true,"href":"https:\/\/narvajoesuu.ee\/fi\/wp-json\/wp\/v2\/pages\/10697"}],"wp:attachment":[{"href":"https:\/\/narvajoesuu.ee\/fi\/wp-json\/wp\/v2\/media?parent=10534"}],"curies":[{"name":"wp","href":"https:\/\/api.w.org\/{rel}","templated":true}]}}