{"id":10524,"date":"2020-12-02T10:25:44","date_gmt":"2020-12-02T08:25:44","guid":{"rendered":"https:\/\/narvajoesuu.ee\/est-semejnyj-nomer-s-narami-klassa-superior\/"},"modified":"2023-03-23T11:54:55","modified_gmt":"2023-03-23T09:54:55","slug":"perhehuone-kerrosvuoteilla","status":"publish","type":"page","link":"https:\/\/narvajoesuu.ee\/fi\/hotell\/huoneet\/perhehuone-kerrosvuoteilla\/","title":{"rendered":"Perhehuone parvis\u00e4ngyll\u00e4"},"content":{"rendered":"\n<p class=\"wp-el\">Hotellissa on 5 parvis\u00e4ngyll\u00e4 perhehuonetta, jotka ovat tarkoitettu kahdelle aikuiselle ja enint\u00e4\u00e4n kolmelle lapselle. Huoneet sijaitsevat hotellin toisessa kerroksessa. Ne ovat standard-huoneita tilavampia mutta niist\u00e4 puuttuu parveke.<\/p>\n\n\n\n<ul class=\"wp-el wp-block-list\">\n<li>Huoneiden pinta-ala: 19 m\u00b2<\/li>\n\n\n\n<li>Henkil\u00f6m\u00e4\u00e4r\u00e4: 2+3<\/li>\n\n\n\n<li>Ei ole lis\u00e4vuodemahdollisuutta<\/li>\n\n\n\n<li>Huoneissa on: kylpyhuone suihkulla tai ammeella, TV, j\u00e4\u00e4kaappi, wifi, hiustenkuivain, aamutakki. Ilmastointi puutuu. Huoneissa l\u00f6ytyv\u00e4t lasten p\u00f6yt\u00e4 ja kaksi tuolia, v\u00e4rityskirja ja v\u00e4rikyn\u00e4t.<\/li>\n<\/ul>\n\n\n\n<figure class=\"wp-block-gallery has-nested-images columns-default is-cropped wp-block-gallery-1 is-layout-flex wp-block-gallery-is-layout-flex\">\n<figure class=\"wp-block-image size-large\"><a href=\"https:\/\/narvajoesuu.ee\/wp-content\/uploads\/2020\/12\/superior-plus-017-min-scaled.jpg\"><img loading=\"lazy\" decoding=\"async\" width=\"1024\" height=\"683\" data-id=\"1170\" src=\"https:\/\/narvajoesuu.ee\/wp-content\/uploads\/2020\/12\/superior-plus-017-min-1024x683.jpg\" alt=\"\" class=\"wp-image-1170\"\/><\/a><\/figure>\n\n\n\n<figure class=\"wp-block-image size-large\"><a href=\"https:\/\/narvajoesuu.ee\/wp-content\/uploads\/2020\/12\/superior-plus-019-min-scaled.jpg\"><img loading=\"lazy\" decoding=\"async\" width=\"1024\" height=\"682\" data-id=\"1173\" src=\"https:\/\/narvajoesuu.ee\/wp-content\/uploads\/2020\/12\/superior-plus-019-min-1024x682.jpg\" alt=\"\" class=\"wp-image-1173\"\/><\/a><\/figure>\n\n\n\n<figure class=\"wp-block-image size-large\"><a href=\"https:\/\/narvajoesuu.ee\/wp-content\/uploads\/2020\/12\/superior-plus-020-min-scaled.jpg\"><img loading=\"lazy\" decoding=\"async\" width=\"1024\" height=\"682\" data-id=\"1176\" src=\"https:\/\/narvajoesuu.ee\/wp-content\/uploads\/2020\/12\/superior-plus-020-min-1024x682.jpg\" alt=\"\" class=\"wp-image-1176\"\/><\/a><\/figure>\n<\/figure>\n\n\n\n<p class=\"wp-el\"><\/p>\n","protected":false},"excerpt":{"rendered":"<p>Hotellissa on 5 parvis\u00e4ngyll\u00e4 perhehuonetta, jotka ovat tarkoitettu kahdelle aikuiselle ja enint\u00e4\u00e4n kolmelle lapselle. Huoneet sijaitsevat hotellin toisessa kerroksessa. Ne&#8230;<\/p>\n","protected":false},"author":3,"featured_media":0,"parent":10697,"menu_order":428,"comment_status":"closed","ping_status":"closed","template":"","meta":{"_acf_changed":false,"_uag_custom_page_level_css":"","_monsterinsights_skip_tracking":false,"_monsterinsights_sitenote_active":false,"_monsterinsights_sitenote_note":"","_monsterinsights_sitenote_category":0,"footnotes":""},"class_list":["post-10524","page","type-page","status-publish","hentry"],"acf":[],"yoast_head":"<!-- This site is optimized with the Yoast SEO plugin v27.4 - https:\/\/yoast.com\/product\/yoast-seo-wordpress\/ -->\n<title>Perhehuone parvis\u00e4ngyll\u00e4 - MEDICAL SPA NARVA-J\u00d5ESUU<\/title>\n<meta name=\"robots\" content=\"index, follow, max-snippet:-1, max-image-preview:large, max-video-preview:-1\" \/>\n<link rel=\"canonical\" href=\"https:\/\/narvajoesuu.ee\/fi\/hotell\/huoneet\/perhehuone-kerrosvuoteilla\/\" \/>\n<meta property=\"og:locale\" content=\"fi_FI\" \/>\n<meta property=\"og:type\" content=\"article\" \/>\n<meta property=\"og:title\" content=\"Perhehuone parvis\u00e4ngyll\u00e4 - MEDICAL SPA NARVA-J\u00d5ESUU\" \/>\n<meta property=\"og:description\" content=\"Hotellissa on 5 parvis\u00e4ngyll\u00e4 perhehuonetta, jotka ovat tarkoitettu kahdelle aikuiselle ja enint\u00e4\u00e4n kolmelle lapselle. Huoneet sijaitsevat hotellin toisessa kerroksessa. Ne...\" \/>\n<meta property=\"og:url\" content=\"https:\/\/narvajoesuu.ee\/fi\/hotell\/huoneet\/perhehuone-kerrosvuoteilla\/\" \/>\n<meta property=\"og:site_name\" content=\"MEDICAL SPA NARVA-J\u00d5ESUU\" \/>\n<meta property=\"article:modified_time\" content=\"2023-03-23T09:54:55+00:00\" \/>\n<meta property=\"og:image\" content=\"https:\/\/narvajoesuu.ee\/wp-content\/uploads\/2020\/12\/superior-plus-017-min-1024x683.jpg\" \/>\n<meta name=\"twitter:card\" content=\"summary_large_image\" \/>\n<meta name=\"twitter:label1\" content=\"Arvioitu lukuaika\" \/>\n\t<meta name=\"twitter:data1\" content=\"1 minuutti\" \/>\n<script type=\"application\/ld+json\" class=\"yoast-schema-graph\">{\"@context\":\"https:\\\/\\\/schema.org\",\"@graph\":[{\"@type\":\"WebPage\",\"@id\":\"https:\\\/\\\/narvajoesuu.ee\\\/fi\\\/hotell\\\/huoneet\\\/perhehuone-kerrosvuoteilla\\\/\",\"url\":\"https:\\\/\\\/narvajoesuu.ee\\\/fi\\\/hotell\\\/huoneet\\\/perhehuone-kerrosvuoteilla\\\/\",\"name\":\"Perhehuone parvis\u00e4ngyll\u00e4 - MEDICAL SPA NARVA-J\u00d5ESUU\",\"isPartOf\":{\"@id\":\"https:\\\/\\\/narvajoesuu.ee\\\/#website\"},\"primaryImageOfPage\":{\"@id\":\"https:\\\/\\\/narvajoesuu.ee\\\/fi\\\/hotell\\\/huoneet\\\/perhehuone-kerrosvuoteilla\\\/#primaryimage\"},\"image\":{\"@id\":\"https:\\\/\\\/narvajoesuu.ee\\\/fi\\\/hotell\\\/huoneet\\\/perhehuone-kerrosvuoteilla\\\/#primaryimage\"},\"thumbnailUrl\":\"https:\\\/\\\/narvajoesuu.ee\\\/wp-content\\\/uploads\\\/2020\\\/12\\\/superior-plus-017-min-1024x683.jpg\",\"datePublished\":\"2020-12-02T08:25:44+00:00\",\"dateModified\":\"2023-03-23T09:54:55+00:00\",\"breadcrumb\":{\"@id\":\"https:\\\/\\\/narvajoesuu.ee\\\/fi\\\/hotell\\\/huoneet\\\/perhehuone-kerrosvuoteilla\\\/#breadcrumb\"},\"inLanguage\":\"fi\",\"potentialAction\":[{\"@type\":\"ReadAction\",\"target\":[\"https:\\\/\\\/narvajoesuu.ee\\\/fi\\\/hotell\\\/huoneet\\\/perhehuone-kerrosvuoteilla\\\/\"]}]},{\"@type\":\"ImageObject\",\"inLanguage\":\"fi\",\"@id\":\"https:\\\/\\\/narvajoesuu.ee\\\/fi\\\/hotell\\\/huoneet\\\/perhehuone-kerrosvuoteilla\\\/#primaryimage\",\"url\":\"https:\\\/\\\/narvajoesuu.ee\\\/wp-content\\\/uploads\\\/2020\\\/12\\\/superior-plus-017-min-1024x683.jpg\",\"contentUrl\":\"https:\\\/\\\/narvajoesuu.ee\\\/wp-content\\\/uploads\\\/2020\\\/12\\\/superior-plus-017-min-1024x683.jpg\"},{\"@type\":\"BreadcrumbList\",\"@id\":\"https:\\\/\\\/narvajoesuu.ee\\\/fi\\\/hotell\\\/huoneet\\\/perhehuone-kerrosvuoteilla\\\/#breadcrumb\",\"itemListElement\":[{\"@type\":\"ListItem\",\"position\":1,\"name\":\"Home\",\"item\":\"https:\\\/\\\/narvajoesuu.ee\\\/fi\\\/\"},{\"@type\":\"ListItem\",\"position\":2,\"name\":\"Hotell\",\"item\":\"https:\\\/\\\/narvajoesuu.ee\\\/fi\\\/hotell\\\/\"},{\"@type\":\"ListItem\",\"position\":3,\"name\":\"Huoneet\",\"item\":\"https:\\\/\\\/narvajoesuu.ee\\\/fi\\\/hotell\\\/huoneet\\\/\"},{\"@type\":\"ListItem\",\"position\":4,\"name\":\"Perhehuone parvis\u00e4ngyll\u00e4\"}]},{\"@type\":\"WebSite\",\"@id\":\"https:\\\/\\\/narvajoesuu.ee\\\/#website\",\"url\":\"https:\\\/\\\/narvajoesuu.ee\\\/\",\"name\":\"MEDICAL SPA NARVA-J\u00d5ESUU\",\"description\":\"\",\"publisher\":{\"@id\":\"https:\\\/\\\/narvajoesuu.ee\\\/#organization\"},\"potentialAction\":[{\"@type\":\"SearchAction\",\"target\":{\"@type\":\"EntryPoint\",\"urlTemplate\":\"https:\\\/\\\/narvajoesuu.ee\\\/?s={search_term_string}\"},\"query-input\":{\"@type\":\"PropertyValueSpecification\",\"valueRequired\":true,\"valueName\":\"search_term_string\"}}],\"inLanguage\":\"fi\"},{\"@type\":\"Organization\",\"@id\":\"https:\\\/\\\/narvajoesuu.ee\\\/#organization\",\"name\":\"Narva-J\u00f5esuu Medical SPA\",\"url\":\"https:\\\/\\\/narvajoesuu.ee\\\/\",\"logo\":{\"@type\":\"ImageObject\",\"inLanguage\":\"fi\",\"@id\":\"https:\\\/\\\/narvajoesuu.ee\\\/#\\\/schema\\\/logo\\\/image\\\/\",\"url\":\"https:\\\/\\\/narvajoesuu.ee\\\/wp-content\\\/uploads\\\/2020\\\/10\\\/narvajoesuu-logo-small.png\",\"contentUrl\":\"https:\\\/\\\/narvajoesuu.ee\\\/wp-content\\\/uploads\\\/2020\\\/10\\\/narvajoesuu-logo-small.png\",\"width\":170,\"height\":170,\"caption\":\"Narva-J\u00f5esuu Medical SPA\"},\"image\":{\"@id\":\"https:\\\/\\\/narvajoesuu.ee\\\/#\\\/schema\\\/logo\\\/image\\\/\"}}]}<\/script>\n<!-- \/ Yoast SEO plugin. -->","yoast_head_json":{"title":"Perhehuone parvis\u00e4ngyll\u00e4 - MEDICAL SPA NARVA-J\u00d5ESUU","robots":{"index":"index","follow":"follow","max-snippet":"max-snippet:-1","max-image-preview":"max-image-preview:large","max-video-preview":"max-video-preview:-1"},"canonical":"https:\/\/narvajoesuu.ee\/fi\/hotell\/huoneet\/perhehuone-kerrosvuoteilla\/","og_locale":"fi_FI","og_type":"article","og_title":"Perhehuone parvis\u00e4ngyll\u00e4 - MEDICAL SPA NARVA-J\u00d5ESUU","og_description":"Hotellissa on 5 parvis\u00e4ngyll\u00e4 perhehuonetta, jotka ovat tarkoitettu kahdelle aikuiselle ja enint\u00e4\u00e4n kolmelle lapselle. Huoneet sijaitsevat hotellin toisessa kerroksessa. Ne...","og_url":"https:\/\/narvajoesuu.ee\/fi\/hotell\/huoneet\/perhehuone-kerrosvuoteilla\/","og_site_name":"MEDICAL SPA NARVA-J\u00d5ESUU","article_modified_time":"2023-03-23T09:54:55+00:00","og_image":[{"url":"https:\/\/narvajoesuu.ee\/wp-content\/uploads\/2020\/12\/superior-plus-017-min-1024x683.jpg","type":"","width":"","height":""}],"twitter_card":"summary_large_image","twitter_misc":{"Arvioitu lukuaika":"1 minuutti"},"schema":{"@context":"https:\/\/schema.org","@graph":[{"@type":"WebPage","@id":"https:\/\/narvajoesuu.ee\/fi\/hotell\/huoneet\/perhehuone-kerrosvuoteilla\/","url":"https:\/\/narvajoesuu.ee\/fi\/hotell\/huoneet\/perhehuone-kerrosvuoteilla\/","name":"Perhehuone parvis\u00e4ngyll\u00e4 - MEDICAL SPA NARVA-J\u00d5ESUU","isPartOf":{"@id":"https:\/\/narvajoesuu.ee\/#website"},"primaryImageOfPage":{"@id":"https:\/\/narvajoesuu.ee\/fi\/hotell\/huoneet\/perhehuone-kerrosvuoteilla\/#primaryimage"},"image":{"@id":"https:\/\/narvajoesuu.ee\/fi\/hotell\/huoneet\/perhehuone-kerrosvuoteilla\/#primaryimage"},"thumbnailUrl":"https:\/\/narvajoesuu.ee\/wp-content\/uploads\/2020\/12\/superior-plus-017-min-1024x683.jpg","datePublished":"2020-12-02T08:25:44+00:00","dateModified":"2023-03-23T09:54:55+00:00","breadcrumb":{"@id":"https:\/\/narvajoesuu.ee\/fi\/hotell\/huoneet\/perhehuone-kerrosvuoteilla\/#breadcrumb"},"inLanguage":"fi","potentialAction":[{"@type":"ReadAction","target":["https:\/\/narvajoesuu.ee\/fi\/hotell\/huoneet\/perhehuone-kerrosvuoteilla\/"]}]},{"@type":"ImageObject","inLanguage":"fi","@id":"https:\/\/narvajoesuu.ee\/fi\/hotell\/huoneet\/perhehuone-kerrosvuoteilla\/#primaryimage","url":"https:\/\/narvajoesuu.ee\/wp-content\/uploads\/2020\/12\/superior-plus-017-min-1024x683.jpg","contentUrl":"https:\/\/narvajoesuu.ee\/wp-content\/uploads\/2020\/12\/superior-plus-017-min-1024x683.jpg"},{"@type":"BreadcrumbList","@id":"https:\/\/narvajoesuu.ee\/fi\/hotell\/huoneet\/perhehuone-kerrosvuoteilla\/#breadcrumb","itemListElement":[{"@type":"ListItem","position":1,"name":"Home","item":"https:\/\/narvajoesuu.ee\/fi\/"},{"@type":"ListItem","position":2,"name":"Hotell","item":"https:\/\/narvajoesuu.ee\/fi\/hotell\/"},{"@type":"ListItem","position":3,"name":"Huoneet","item":"https:\/\/narvajoesuu.ee\/fi\/hotell\/huoneet\/"},{"@type":"ListItem","position":4,"name":"Perhehuone parvis\u00e4ngyll\u00e4"}]},{"@type":"WebSite","@id":"https:\/\/narvajoesuu.ee\/#website","url":"https:\/\/narvajoesuu.ee\/","name":"MEDICAL SPA NARVA-J\u00d5ESUU","description":"","publisher":{"@id":"https:\/\/narvajoesuu.ee\/#organization"},"potentialAction":[{"@type":"SearchAction","target":{"@type":"EntryPoint","urlTemplate":"https:\/\/narvajoesuu.ee\/?s={search_term_string}"},"query-input":{"@type":"PropertyValueSpecification","valueRequired":true,"valueName":"search_term_string"}}],"inLanguage":"fi"},{"@type":"Organization","@id":"https:\/\/narvajoesuu.ee\/#organization","name":"Narva-J\u00f5esuu Medical SPA","url":"https:\/\/narvajoesuu.ee\/","logo":{"@type":"ImageObject","inLanguage":"fi","@id":"https:\/\/narvajoesuu.ee\/#\/schema\/logo\/image\/","url":"https:\/\/narvajoesuu.ee\/wp-content\/uploads\/2020\/10\/narvajoesuu-logo-small.png","contentUrl":"https:\/\/narvajoesuu.ee\/wp-content\/uploads\/2020\/10\/narvajoesuu-logo-small.png","width":170,"height":170,"caption":"Narva-J\u00f5esuu Medical SPA"},"image":{"@id":"https:\/\/narvajoesuu.ee\/#\/schema\/logo\/image\/"}}]}},"uagb_featured_image_src":{"full":false,"thumbnail":false,"medium":false,"medium_large":false,"large":false,"1536x1536":false,"2048x2048":false,"img-1920x550":false,"img-1920x320":false,"img-1920x200":false,"img-670x480":false,"img-570x280":false,"img-507":false,"img-370x240":false,"img-400x250":false,"img-370x175":false,"img-370x120":false,"img-300":false,"img-170":false},"uagb_author_info":{"display_name":"Maksim Mitrofanov","author_link":"https:\/\/narvajoesuu.ee\/fi\/author\/maksim\/"},"uagb_comment_info":0,"uagb_excerpt":"Hotellissa on 5 parvis\u00e4ngyll\u00e4 perhehuonetta, jotka ovat tarkoitettu kahdelle aikuiselle ja enint\u00e4\u00e4n kolmelle lapselle. Huoneet sijaitsevat hotellin toisessa kerroksessa. Ne...","_links":{"self":[{"href":"https:\/\/narvajoesuu.ee\/fi\/wp-json\/wp\/v2\/pages\/10524","targetHints":{"allow":["GET"]}}],"collection":[{"href":"https:\/\/narvajoesuu.ee\/fi\/wp-json\/wp\/v2\/pages"}],"about":[{"href":"https:\/\/narvajoesuu.ee\/fi\/wp-json\/wp\/v2\/types\/page"}],"author":[{"embeddable":true,"href":"https:\/\/narvajoesuu.ee\/fi\/wp-json\/wp\/v2\/users\/3"}],"replies":[{"embeddable":true,"href":"https:\/\/narvajoesuu.ee\/fi\/wp-json\/wp\/v2\/comments?post=10524"}],"version-history":[{"count":8,"href":"https:\/\/narvajoesuu.ee\/fi\/wp-json\/wp\/v2\/pages\/10524\/revisions"}],"predecessor-version":[{"id":14877,"href":"https:\/\/narvajoesuu.ee\/fi\/wp-json\/wp\/v2\/pages\/10524\/revisions\/14877"}],"up":[{"embeddable":true,"href":"https:\/\/narvajoesuu.ee\/fi\/wp-json\/wp\/v2\/pages\/10697"}],"wp:attachment":[{"href":"https:\/\/narvajoesuu.ee\/fi\/wp-json\/wp\/v2\/media?parent=10524"}],"curies":[{"name":"wp","href":"https:\/\/api.w.org\/{rel}","templated":true}]}}