{"id":10517,"date":"2020-12-02T10:50:36","date_gmt":"2020-12-02T08:50:36","guid":{"rendered":"https:\/\/narvajoesuu.ee\/twin-dbl-deluxe\/"},"modified":"2023-03-23T12:00:20","modified_gmt":"2023-03-23T10:00:20","slug":"twin-dbl-deluxe","status":"publish","type":"page","link":"https:\/\/narvajoesuu.ee\/fi\/hotell\/huoneet\/twin-dbl-deluxe\/","title":{"rendered":"Twin \/ Dbl Deluxe"},"content":{"rendered":"\n<p class=\"wp-el\">Hotellissa on 5 kyseist\u00e4 perhehuonetta. Ne ovat standard-huoneita eik\u00e4 ole niin tilavia kuin kolmessa kerroksessa sijaitsevat huoneet. T\u00e4m\u00e4n luokan huoneissa on kaunis sisustus ja parveke. Huoneissa on joko leve\u00e4 parivuode tai kaksi erillist\u00e4 s\u00e4nky\u00e4 sek\u00e4 vuodesohva.<br><\/p>\n\n\n\n<ul class=\"wp-el wp-block-list\">\n<li>Huoneiden pinta-ala: 29 m\u00b2 \u2013 34 m\u00b2<\/li>\n\n\n\n<li>Henkil\u00f6m\u00e4\u00e4r\u00e4: 2+2<\/li>\n\n\n\n<li>Lis\u00e4vuoden mahdollisuus<\/li>\n\n\n\n<li>Huoneissa on: kylpyhuone suihkulla tai ammeella, TV, j\u00e4\u00e4kaappi, wifi, hiustenkuivain, aamutakki. Ilmainen vauvans\u00e4ngyn mahdollisuus. Ilmastointi puutuu.<\/li>\n<\/ul>\n\n\n\n<figure class=\"wp-block-gallery has-nested-images columns-default is-cropped wp-block-gallery-1 is-layout-flex wp-block-gallery-is-layout-flex\">\n<figure class=\"wp-block-image size-large\"><a href=\"https:\/\/narvajoesuu.ee\/wp-content\/uploads\/2020\/12\/twin-dbl-deluxe-067-682x1024.jpg\"><img loading=\"lazy\" decoding=\"async\" width=\"682\" height=\"1024\" data-id=\"1181\" src=\"https:\/\/narvajoesuu.ee\/wp-content\/uploads\/2020\/12\/twin-dbl-deluxe-067-682x1024.jpg\" alt=\"\" class=\"wp-image-1181\" srcset=\"https:\/\/narvajoesuu.ee\/wp-content\/uploads\/2020\/12\/twin-dbl-deluxe-067-682x1024.jpg 682w, https:\/\/narvajoesuu.ee\/wp-content\/uploads\/2020\/12\/twin-dbl-deluxe-067.jpg 1342w\" sizes=\"auto, (max-width: 682px) 100vw, 682px\" \/><\/a><\/figure>\n\n\n\n<figure class=\"wp-block-image size-large\"><a href=\"https:\/\/narvajoesuu.ee\/wp-content\/uploads\/2020\/12\/twin-dbl-deluxe-030-1024x682.jpg\"><img loading=\"lazy\" decoding=\"async\" width=\"1024\" height=\"682\" data-id=\"1184\" src=\"https:\/\/narvajoesuu.ee\/wp-content\/uploads\/2020\/12\/twin-dbl-deluxe-030-1024x682.jpg\" alt=\"\" class=\"wp-image-1184\" srcset=\"https:\/\/narvajoesuu.ee\/wp-content\/uploads\/2020\/12\/twin-dbl-deluxe-030-1024x682.jpg 1024w, https:\/\/narvajoesuu.ee\/wp-content\/uploads\/2020\/12\/twin-dbl-deluxe-030.jpg 2015w\" sizes=\"auto, (max-width: 1024px) 100vw, 1024px\" \/><\/a><\/figure>\n\n\n\n<figure class=\"wp-block-image size-large\"><a href=\"https:\/\/narvajoesuu.ee\/wp-content\/uploads\/2020\/12\/twin-dbl-deluxe-065-1024x682.jpg\"><img loading=\"lazy\" decoding=\"async\" width=\"1024\" height=\"682\" data-id=\"1187\" src=\"https:\/\/narvajoesuu.ee\/wp-content\/uploads\/2020\/12\/twin-dbl-deluxe-065-1024x682.jpg\" alt=\"\" class=\"wp-image-1187\" srcset=\"https:\/\/narvajoesuu.ee\/wp-content\/uploads\/2020\/12\/twin-dbl-deluxe-065-1024x682.jpg 1024w, https:\/\/narvajoesuu.ee\/wp-content\/uploads\/2020\/12\/twin-dbl-deluxe-065.jpg 2014w\" sizes=\"auto, (max-width: 1024px) 100vw, 1024px\" \/><\/a><\/figure>\n\n\n\n<figure class=\"wp-block-image size-large\"><a href=\"https:\/\/narvajoesuu.ee\/wp-content\/uploads\/2020\/12\/twin-dbl-deluxe-032-1024x683.jpg\"><img loading=\"lazy\" decoding=\"async\" width=\"1024\" height=\"683\" data-id=\"1190\" src=\"https:\/\/narvajoesuu.ee\/wp-content\/uploads\/2020\/12\/twin-dbl-deluxe-032-1024x683.jpg\" alt=\"\" class=\"wp-image-1190\" srcset=\"https:\/\/narvajoesuu.ee\/wp-content\/uploads\/2020\/12\/twin-dbl-deluxe-032-1024x683.jpg 1024w, https:\/\/narvajoesuu.ee\/wp-content\/uploads\/2020\/12\/twin-dbl-deluxe-032.jpg 2012w\" sizes=\"auto, (max-width: 1024px) 100vw, 1024px\" \/><\/a><\/figure>\n\n\n\n<figure class=\"wp-block-image size-large\"><a href=\"https:\/\/narvajoesuu.ee\/wp-content\/uploads\/2020\/12\/twin-dbl-deluxe-066-1024x683.jpg\"><img loading=\"lazy\" decoding=\"async\" width=\"1024\" height=\"683\" data-id=\"1193\" src=\"https:\/\/narvajoesuu.ee\/wp-content\/uploads\/2020\/12\/twin-dbl-deluxe-066-1024x683.jpg\" alt=\"\" class=\"wp-image-1193\" srcset=\"https:\/\/narvajoesuu.ee\/wp-content\/uploads\/2020\/12\/twin-dbl-deluxe-066-1024x683.jpg 1024w, https:\/\/narvajoesuu.ee\/wp-content\/uploads\/2020\/12\/twin-dbl-deluxe-066.jpg 2014w\" sizes=\"auto, (max-width: 1024px) 100vw, 1024px\" \/><\/a><\/figure>\n\n\n\n<figure class=\"wp-block-image size-large\"><a href=\"https:\/\/narvajoesuu.ee\/wp-content\/uploads\/2020\/12\/twin-dbl-deluxe-069-1024x682.jpg\"><img loading=\"lazy\" decoding=\"async\" width=\"1024\" height=\"682\" data-id=\"1196\" src=\"https:\/\/narvajoesuu.ee\/wp-content\/uploads\/2020\/12\/twin-dbl-deluxe-069-1024x682.jpg\" alt=\"\" class=\"wp-image-1196\" srcset=\"https:\/\/narvajoesuu.ee\/wp-content\/uploads\/2020\/12\/twin-dbl-deluxe-069-1024x682.jpg 1024w, https:\/\/narvajoesuu.ee\/wp-content\/uploads\/2020\/12\/twin-dbl-deluxe-069.jpg 2014w\" sizes=\"auto, (max-width: 1024px) 100vw, 1024px\" \/><\/a><\/figure>\n\n\n\n<figure class=\"wp-block-image size-large\"><a href=\"https:\/\/narvajoesuu.ee\/wp-content\/uploads\/2020\/12\/twin-dbl-deluxe-070-1024x682.jpg\"><img loading=\"lazy\" decoding=\"async\" width=\"1024\" height=\"682\" data-id=\"1199\" src=\"https:\/\/narvajoesuu.ee\/wp-content\/uploads\/2020\/12\/twin-dbl-deluxe-070-1024x682.jpg\" alt=\"\" class=\"wp-image-1199\" srcset=\"https:\/\/narvajoesuu.ee\/wp-content\/uploads\/2020\/12\/twin-dbl-deluxe-070-1024x682.jpg 1024w, https:\/\/narvajoesuu.ee\/wp-content\/uploads\/2020\/12\/twin-dbl-deluxe-070.jpg 2014w\" sizes=\"auto, (max-width: 1024px) 100vw, 1024px\" \/><\/a><\/figure>\n<\/figure>\n\n\n\n<p class=\"wp-el\"><\/p>\n","protected":false},"excerpt":{"rendered":"<p>Hotellissa on 5 kyseist\u00e4 perhehuonetta. Ne ovat standard-huoneita eik\u00e4 ole niin tilavia kuin kolmessa kerroksessa sijaitsevat huoneet. T\u00e4m\u00e4n luokan huoneissa&#8230;<\/p>\n","protected":false},"author":3,"featured_media":0,"parent":10697,"menu_order":435,"comment_status":"closed","ping_status":"closed","template":"","meta":{"_acf_changed":false,"_uag_custom_page_level_css":"","_monsterinsights_skip_tracking":false,"_monsterinsights_sitenote_active":false,"_monsterinsights_sitenote_note":"","_monsterinsights_sitenote_category":0,"footnotes":""},"class_list":["post-10517","page","type-page","status-publish","hentry"],"acf":[],"yoast_head":"<!-- This site is optimized with the Yoast SEO plugin v27.4 - https:\/\/yoast.com\/product\/yoast-seo-wordpress\/ -->\n<title>Twin \/ Dbl Deluxe - MEDICAL SPA NARVA-J\u00d5ESUU<\/title>\n<meta name=\"robots\" content=\"index, follow, max-snippet:-1, max-image-preview:large, max-video-preview:-1\" \/>\n<link rel=\"canonical\" href=\"https:\/\/narvajoesuu.ee\/fi\/hotell\/huoneet\/twin-dbl-deluxe\/\" \/>\n<meta property=\"og:locale\" content=\"fi_FI\" \/>\n<meta property=\"og:type\" content=\"article\" \/>\n<meta property=\"og:title\" content=\"Twin \/ Dbl Deluxe - MEDICAL SPA NARVA-J\u00d5ESUU\" \/>\n<meta property=\"og:description\" content=\"Hotellissa on 5 kyseist\u00e4 perhehuonetta. Ne ovat standard-huoneita eik\u00e4 ole niin tilavia kuin kolmessa kerroksessa sijaitsevat huoneet. T\u00e4m\u00e4n luokan huoneissa...\" \/>\n<meta property=\"og:url\" content=\"https:\/\/narvajoesuu.ee\/fi\/hotell\/huoneet\/twin-dbl-deluxe\/\" \/>\n<meta property=\"og:site_name\" content=\"MEDICAL SPA NARVA-J\u00d5ESUU\" \/>\n<meta property=\"article:modified_time\" content=\"2023-03-23T10:00:20+00:00\" \/>\n<meta property=\"og:image\" content=\"https:\/\/narvajoesuu.ee\/wp-content\/uploads\/2020\/12\/twin-dbl-deluxe-067-682x1024.jpg\" \/>\n<meta name=\"twitter:card\" content=\"summary_large_image\" \/>\n<meta name=\"twitter:label1\" content=\"Arvioitu lukuaika\" \/>\n\t<meta name=\"twitter:data1\" content=\"2 minuuttia\" \/>\n<script type=\"application\/ld+json\" class=\"yoast-schema-graph\">{\"@context\":\"https:\\\/\\\/schema.org\",\"@graph\":[{\"@type\":\"WebPage\",\"@id\":\"https:\\\/\\\/narvajoesuu.ee\\\/fi\\\/hotell\\\/huoneet\\\/twin-dbl-deluxe\\\/\",\"url\":\"https:\\\/\\\/narvajoesuu.ee\\\/fi\\\/hotell\\\/huoneet\\\/twin-dbl-deluxe\\\/\",\"name\":\"Twin \\\/ Dbl Deluxe - MEDICAL SPA NARVA-J\u00d5ESUU\",\"isPartOf\":{\"@id\":\"https:\\\/\\\/narvajoesuu.ee\\\/#website\"},\"primaryImageOfPage\":{\"@id\":\"https:\\\/\\\/narvajoesuu.ee\\\/fi\\\/hotell\\\/huoneet\\\/twin-dbl-deluxe\\\/#primaryimage\"},\"image\":{\"@id\":\"https:\\\/\\\/narvajoesuu.ee\\\/fi\\\/hotell\\\/huoneet\\\/twin-dbl-deluxe\\\/#primaryimage\"},\"thumbnailUrl\":\"https:\\\/\\\/narvajoesuu.ee\\\/wp-content\\\/uploads\\\/2020\\\/12\\\/twin-dbl-deluxe-067-682x1024.jpg\",\"datePublished\":\"2020-12-02T08:50:36+00:00\",\"dateModified\":\"2023-03-23T10:00:20+00:00\",\"breadcrumb\":{\"@id\":\"https:\\\/\\\/narvajoesuu.ee\\\/fi\\\/hotell\\\/huoneet\\\/twin-dbl-deluxe\\\/#breadcrumb\"},\"inLanguage\":\"fi\",\"potentialAction\":[{\"@type\":\"ReadAction\",\"target\":[\"https:\\\/\\\/narvajoesuu.ee\\\/fi\\\/hotell\\\/huoneet\\\/twin-dbl-deluxe\\\/\"]}]},{\"@type\":\"ImageObject\",\"inLanguage\":\"fi\",\"@id\":\"https:\\\/\\\/narvajoesuu.ee\\\/fi\\\/hotell\\\/huoneet\\\/twin-dbl-deluxe\\\/#primaryimage\",\"url\":\"https:\\\/\\\/narvajoesuu.ee\\\/wp-content\\\/uploads\\\/2020\\\/12\\\/twin-dbl-deluxe-067-682x1024.jpg\",\"contentUrl\":\"https:\\\/\\\/narvajoesuu.ee\\\/wp-content\\\/uploads\\\/2020\\\/12\\\/twin-dbl-deluxe-067-682x1024.jpg\"},{\"@type\":\"BreadcrumbList\",\"@id\":\"https:\\\/\\\/narvajoesuu.ee\\\/fi\\\/hotell\\\/huoneet\\\/twin-dbl-deluxe\\\/#breadcrumb\",\"itemListElement\":[{\"@type\":\"ListItem\",\"position\":1,\"name\":\"Home\",\"item\":\"https:\\\/\\\/narvajoesuu.ee\\\/fi\\\/\"},{\"@type\":\"ListItem\",\"position\":2,\"name\":\"Hotell\",\"item\":\"https:\\\/\\\/narvajoesuu.ee\\\/fi\\\/hotell\\\/\"},{\"@type\":\"ListItem\",\"position\":3,\"name\":\"Huoneet\",\"item\":\"https:\\\/\\\/narvajoesuu.ee\\\/fi\\\/hotell\\\/huoneet\\\/\"},{\"@type\":\"ListItem\",\"position\":4,\"name\":\"Twin \\\/ Dbl Deluxe\"}]},{\"@type\":\"WebSite\",\"@id\":\"https:\\\/\\\/narvajoesuu.ee\\\/#website\",\"url\":\"https:\\\/\\\/narvajoesuu.ee\\\/\",\"name\":\"MEDICAL SPA NARVA-J\u00d5ESUU\",\"description\":\"\",\"publisher\":{\"@id\":\"https:\\\/\\\/narvajoesuu.ee\\\/#organization\"},\"potentialAction\":[{\"@type\":\"SearchAction\",\"target\":{\"@type\":\"EntryPoint\",\"urlTemplate\":\"https:\\\/\\\/narvajoesuu.ee\\\/?s={search_term_string}\"},\"query-input\":{\"@type\":\"PropertyValueSpecification\",\"valueRequired\":true,\"valueName\":\"search_term_string\"}}],\"inLanguage\":\"fi\"},{\"@type\":\"Organization\",\"@id\":\"https:\\\/\\\/narvajoesuu.ee\\\/#organization\",\"name\":\"Narva-J\u00f5esuu Medical SPA\",\"url\":\"https:\\\/\\\/narvajoesuu.ee\\\/\",\"logo\":{\"@type\":\"ImageObject\",\"inLanguage\":\"fi\",\"@id\":\"https:\\\/\\\/narvajoesuu.ee\\\/#\\\/schema\\\/logo\\\/image\\\/\",\"url\":\"https:\\\/\\\/narvajoesuu.ee\\\/wp-content\\\/uploads\\\/2020\\\/10\\\/narvajoesuu-logo-small.png\",\"contentUrl\":\"https:\\\/\\\/narvajoesuu.ee\\\/wp-content\\\/uploads\\\/2020\\\/10\\\/narvajoesuu-logo-small.png\",\"width\":170,\"height\":170,\"caption\":\"Narva-J\u00f5esuu Medical SPA\"},\"image\":{\"@id\":\"https:\\\/\\\/narvajoesuu.ee\\\/#\\\/schema\\\/logo\\\/image\\\/\"}}]}<\/script>\n<!-- \/ Yoast SEO plugin. -->","yoast_head_json":{"title":"Twin \/ Dbl Deluxe - MEDICAL SPA NARVA-J\u00d5ESUU","robots":{"index":"index","follow":"follow","max-snippet":"max-snippet:-1","max-image-preview":"max-image-preview:large","max-video-preview":"max-video-preview:-1"},"canonical":"https:\/\/narvajoesuu.ee\/fi\/hotell\/huoneet\/twin-dbl-deluxe\/","og_locale":"fi_FI","og_type":"article","og_title":"Twin \/ Dbl Deluxe - MEDICAL SPA NARVA-J\u00d5ESUU","og_description":"Hotellissa on 5 kyseist\u00e4 perhehuonetta. Ne ovat standard-huoneita eik\u00e4 ole niin tilavia kuin kolmessa kerroksessa sijaitsevat huoneet. T\u00e4m\u00e4n luokan huoneissa...","og_url":"https:\/\/narvajoesuu.ee\/fi\/hotell\/huoneet\/twin-dbl-deluxe\/","og_site_name":"MEDICAL SPA NARVA-J\u00d5ESUU","article_modified_time":"2023-03-23T10:00:20+00:00","og_image":[{"url":"https:\/\/narvajoesuu.ee\/wp-content\/uploads\/2020\/12\/twin-dbl-deluxe-067-682x1024.jpg","type":"","width":"","height":""}],"twitter_card":"summary_large_image","twitter_misc":{"Arvioitu lukuaika":"2 minuuttia"},"schema":{"@context":"https:\/\/schema.org","@graph":[{"@type":"WebPage","@id":"https:\/\/narvajoesuu.ee\/fi\/hotell\/huoneet\/twin-dbl-deluxe\/","url":"https:\/\/narvajoesuu.ee\/fi\/hotell\/huoneet\/twin-dbl-deluxe\/","name":"Twin \/ Dbl Deluxe - MEDICAL SPA NARVA-J\u00d5ESUU","isPartOf":{"@id":"https:\/\/narvajoesuu.ee\/#website"},"primaryImageOfPage":{"@id":"https:\/\/narvajoesuu.ee\/fi\/hotell\/huoneet\/twin-dbl-deluxe\/#primaryimage"},"image":{"@id":"https:\/\/narvajoesuu.ee\/fi\/hotell\/huoneet\/twin-dbl-deluxe\/#primaryimage"},"thumbnailUrl":"https:\/\/narvajoesuu.ee\/wp-content\/uploads\/2020\/12\/twin-dbl-deluxe-067-682x1024.jpg","datePublished":"2020-12-02T08:50:36+00:00","dateModified":"2023-03-23T10:00:20+00:00","breadcrumb":{"@id":"https:\/\/narvajoesuu.ee\/fi\/hotell\/huoneet\/twin-dbl-deluxe\/#breadcrumb"},"inLanguage":"fi","potentialAction":[{"@type":"ReadAction","target":["https:\/\/narvajoesuu.ee\/fi\/hotell\/huoneet\/twin-dbl-deluxe\/"]}]},{"@type":"ImageObject","inLanguage":"fi","@id":"https:\/\/narvajoesuu.ee\/fi\/hotell\/huoneet\/twin-dbl-deluxe\/#primaryimage","url":"https:\/\/narvajoesuu.ee\/wp-content\/uploads\/2020\/12\/twin-dbl-deluxe-067-682x1024.jpg","contentUrl":"https:\/\/narvajoesuu.ee\/wp-content\/uploads\/2020\/12\/twin-dbl-deluxe-067-682x1024.jpg"},{"@type":"BreadcrumbList","@id":"https:\/\/narvajoesuu.ee\/fi\/hotell\/huoneet\/twin-dbl-deluxe\/#breadcrumb","itemListElement":[{"@type":"ListItem","position":1,"name":"Home","item":"https:\/\/narvajoesuu.ee\/fi\/"},{"@type":"ListItem","position":2,"name":"Hotell","item":"https:\/\/narvajoesuu.ee\/fi\/hotell\/"},{"@type":"ListItem","position":3,"name":"Huoneet","item":"https:\/\/narvajoesuu.ee\/fi\/hotell\/huoneet\/"},{"@type":"ListItem","position":4,"name":"Twin \/ Dbl Deluxe"}]},{"@type":"WebSite","@id":"https:\/\/narvajoesuu.ee\/#website","url":"https:\/\/narvajoesuu.ee\/","name":"MEDICAL SPA NARVA-J\u00d5ESUU","description":"","publisher":{"@id":"https:\/\/narvajoesuu.ee\/#organization"},"potentialAction":[{"@type":"SearchAction","target":{"@type":"EntryPoint","urlTemplate":"https:\/\/narvajoesuu.ee\/?s={search_term_string}"},"query-input":{"@type":"PropertyValueSpecification","valueRequired":true,"valueName":"search_term_string"}}],"inLanguage":"fi"},{"@type":"Organization","@id":"https:\/\/narvajoesuu.ee\/#organization","name":"Narva-J\u00f5esuu Medical SPA","url":"https:\/\/narvajoesuu.ee\/","logo":{"@type":"ImageObject","inLanguage":"fi","@id":"https:\/\/narvajoesuu.ee\/#\/schema\/logo\/image\/","url":"https:\/\/narvajoesuu.ee\/wp-content\/uploads\/2020\/10\/narvajoesuu-logo-small.png","contentUrl":"https:\/\/narvajoesuu.ee\/wp-content\/uploads\/2020\/10\/narvajoesuu-logo-small.png","width":170,"height":170,"caption":"Narva-J\u00f5esuu Medical SPA"},"image":{"@id":"https:\/\/narvajoesuu.ee\/#\/schema\/logo\/image\/"}}]}},"uagb_featured_image_src":{"full":false,"thumbnail":false,"medium":false,"medium_large":false,"large":false,"1536x1536":false,"2048x2048":false,"img-1920x550":false,"img-1920x320":false,"img-1920x200":false,"img-670x480":false,"img-570x280":false,"img-507":false,"img-370x240":false,"img-400x250":false,"img-370x175":false,"img-370x120":false,"img-300":false,"img-170":false},"uagb_author_info":{"display_name":"Maksim Mitrofanov","author_link":"https:\/\/narvajoesuu.ee\/fi\/author\/maksim\/"},"uagb_comment_info":0,"uagb_excerpt":"Hotellissa on 5 kyseist\u00e4 perhehuonetta. Ne ovat standard-huoneita eik\u00e4 ole niin tilavia kuin kolmessa kerroksessa sijaitsevat huoneet. T\u00e4m\u00e4n luokan huoneissa...","_links":{"self":[{"href":"https:\/\/narvajoesuu.ee\/fi\/wp-json\/wp\/v2\/pages\/10517","targetHints":{"allow":["GET"]}}],"collection":[{"href":"https:\/\/narvajoesuu.ee\/fi\/wp-json\/wp\/v2\/pages"}],"about":[{"href":"https:\/\/narvajoesuu.ee\/fi\/wp-json\/wp\/v2\/types\/page"}],"author":[{"embeddable":true,"href":"https:\/\/narvajoesuu.ee\/fi\/wp-json\/wp\/v2\/users\/3"}],"replies":[{"embeddable":true,"href":"https:\/\/narvajoesuu.ee\/fi\/wp-json\/wp\/v2\/comments?post=10517"}],"version-history":[{"count":4,"href":"https:\/\/narvajoesuu.ee\/fi\/wp-json\/wp\/v2\/pages\/10517\/revisions"}],"predecessor-version":[{"id":14883,"href":"https:\/\/narvajoesuu.ee\/fi\/wp-json\/wp\/v2\/pages\/10517\/revisions\/14883"}],"up":[{"embeddable":true,"href":"https:\/\/narvajoesuu.ee\/fi\/wp-json\/wp\/v2\/pages\/10697"}],"wp:attachment":[{"href":"https:\/\/narvajoesuu.ee\/fi\/wp-json\/wp\/v2\/media?parent=10517"}],"curies":[{"name":"wp","href":"https:\/\/api.w.org\/{rel}","templated":true}]}}