{"id":10516,"date":"2020-12-02T10:58:33","date_gmt":"2020-12-02T08:58:33","guid":{"rendered":"https:\/\/narvajoesuu.ee\/superior-with-sauna\/"},"modified":"2023-03-23T11:28:41","modified_gmt":"2023-03-23T09:28:41","slug":"superior-huone-saunalla","status":"publish","type":"page","link":"https:\/\/narvajoesuu.ee\/fi\/hotell\/huoneet\/superior-huone-saunalla\/","title":{"rendered":"Superior-huone saunalla"},"content":{"rendered":"\n<p class=\"wp-el\">Tyylik\u00e4s huone makuuhuoneella ja oleskelutilalla, parvekeella ja yksityisella saunalla. Huone sijaitsee hotellin toisessa kerroksessa.<\/p>\n\n\n\n<ul class=\"wp-el wp-block-list\">\n<li>Huoneen pinta-ala: 32 m\u00b2<\/li>\n\n\n\n<li>Henkil\u00f6m\u00e4\u00e4r\u00e4: 2<\/li>\n\n\n\n<li>Ei ole lis\u00e4vuodemahdollisuutta<\/li>\n\n\n\n<li>Huoneessa on: kylpyhuone suihkulla, TV, j\u00e4\u00e4kaappi, wifi, hiustenkuivain, aamutakki ja tossut, kylpyhuoneessa l\u00f6ytyy t\u00e4ydent\u00e4v\u00e4t kauneushoitotuotteet. Huoneessa voi laittaa kahvia tai teet\u00e4.  Ilmainen vauvans\u00e4nky. Ilmastointi puutuu.<\/li>\n<\/ul>\n\n\n\n<figure class=\"wp-block-gallery has-nested-images columns-0 is-cropped wp-block-gallery-1 is-layout-flex wp-block-gallery-is-layout-flex\"><\/figure>\n\n\n\n<figure class=\"wp-block-gallery has-nested-images columns-4 is-cropped wp-block-gallery-2 is-layout-flex wp-block-gallery-is-layout-flex\">\n<figure class=\"wp-block-image size-large\"><a href=\"https:\/\/narvajoesuu.ee\/wp-content\/uploads\/2020\/12\/superior-with-sauna-006.jpg\"><img loading=\"lazy\" decoding=\"async\" width=\"1024\" height=\"682\" data-id=\"1204\" src=\"https:\/\/narvajoesuu.ee\/wp-content\/uploads\/2020\/12\/superior-with-sauna-006-1024x682.jpg\" alt=\"\" class=\"wp-image-1204\" srcset=\"https:\/\/narvajoesuu.ee\/wp-content\/uploads\/2020\/12\/superior-with-sauna-006-1024x682.jpg 1024w, https:\/\/narvajoesuu.ee\/wp-content\/uploads\/2020\/12\/superior-with-sauna-006.jpg 2015w\" sizes=\"auto, (max-width: 1024px) 100vw, 1024px\" \/><\/a><\/figure>\n\n\n\n<figure class=\"wp-block-image size-large\"><a href=\"https:\/\/narvajoesuu.ee\/wp-content\/uploads\/2020\/12\/superior-with-sauna-009.jpg\"><img loading=\"lazy\" decoding=\"async\" width=\"1024\" height=\"682\" data-id=\"1207\" src=\"https:\/\/narvajoesuu.ee\/wp-content\/uploads\/2020\/12\/superior-with-sauna-009-1024x682.jpg\" alt=\"\" class=\"wp-image-1207\" srcset=\"https:\/\/narvajoesuu.ee\/wp-content\/uploads\/2020\/12\/superior-with-sauna-009-1024x682.jpg 1024w, https:\/\/narvajoesuu.ee\/wp-content\/uploads\/2020\/12\/superior-with-sauna-009.jpg 2015w\" sizes=\"auto, (max-width: 1024px) 100vw, 1024px\" \/><\/a><\/figure>\n\n\n\n<figure class=\"wp-block-image size-large\"><a href=\"https:\/\/narvajoesuu.ee\/wp-content\/uploads\/2020\/12\/superior-with-sauna-010.jpg\"><img loading=\"lazy\" decoding=\"async\" width=\"682\" height=\"1024\" data-id=\"1210\" src=\"https:\/\/narvajoesuu.ee\/wp-content\/uploads\/2020\/12\/superior-with-sauna-010-682x1024.jpg\" alt=\"\" class=\"wp-image-1210\" srcset=\"https:\/\/narvajoesuu.ee\/wp-content\/uploads\/2020\/12\/superior-with-sauna-010-682x1024.jpg 682w, https:\/\/narvajoesuu.ee\/wp-content\/uploads\/2020\/12\/superior-with-sauna-010.jpg 1343w\" sizes=\"auto, (max-width: 682px) 100vw, 682px\" \/><\/a><\/figure>\n\n\n\n<figure class=\"wp-block-image size-large\"><a href=\"https:\/\/narvajoesuu.ee\/wp-content\/uploads\/2020\/12\/superior-with-sauna-011.jpg\"><img loading=\"lazy\" decoding=\"async\" width=\"686\" height=\"1024\" data-id=\"1213\" src=\"https:\/\/narvajoesuu.ee\/wp-content\/uploads\/2020\/12\/superior-with-sauna-011-686x1024.jpg\" alt=\"\" class=\"wp-image-1213\" srcset=\"https:\/\/narvajoesuu.ee\/wp-content\/uploads\/2020\/12\/superior-with-sauna-011-686x1024.jpg 686w, https:\/\/narvajoesuu.ee\/wp-content\/uploads\/2020\/12\/superior-with-sauna-011.jpg 1332w\" sizes=\"auto, (max-width: 686px) 100vw, 686px\" \/><\/a><\/figure>\n<\/figure>\n","protected":false},"excerpt":{"rendered":"<p>Tyylik\u00e4s huone makuuhuoneella ja oleskelutilalla, parvekeella ja yksityisella saunalla. Huone sijaitsee hotellin toisessa kerroksessa.<\/p>\n","protected":false},"author":3,"featured_media":0,"parent":10697,"menu_order":416,"comment_status":"closed","ping_status":"closed","template":"","meta":{"_acf_changed":false,"_uag_custom_page_level_css":"","_monsterinsights_skip_tracking":false,"_monsterinsights_sitenote_active":false,"_monsterinsights_sitenote_note":"","_monsterinsights_sitenote_category":0,"footnotes":""},"class_list":["post-10516","page","type-page","status-publish","hentry"],"acf":[],"yoast_head":"<!-- This site is optimized with the Yoast SEO plugin v27.4 - https:\/\/yoast.com\/product\/yoast-seo-wordpress\/ -->\n<title>Superior-huone saunalla - MEDICAL SPA NARVA-J\u00d5ESUU<\/title>\n<meta name=\"robots\" content=\"index, follow, max-snippet:-1, max-image-preview:large, max-video-preview:-1\" \/>\n<link rel=\"canonical\" href=\"https:\/\/narvajoesuu.ee\/fi\/hotell\/huoneet\/superior-huone-saunalla\/\" \/>\n<meta property=\"og:locale\" content=\"fi_FI\" \/>\n<meta property=\"og:type\" content=\"article\" \/>\n<meta property=\"og:title\" content=\"Superior-huone saunalla - MEDICAL SPA NARVA-J\u00d5ESUU\" \/>\n<meta property=\"og:description\" content=\"Tyylik\u00e4s huone makuuhuoneella ja oleskelutilalla, parvekeella ja yksityisella saunalla. Huone sijaitsee hotellin toisessa kerroksessa.\" \/>\n<meta property=\"og:url\" content=\"https:\/\/narvajoesuu.ee\/fi\/hotell\/huoneet\/superior-huone-saunalla\/\" \/>\n<meta property=\"og:site_name\" content=\"MEDICAL SPA NARVA-J\u00d5ESUU\" \/>\n<meta property=\"article:modified_time\" content=\"2023-03-23T09:28:41+00:00\" \/>\n<meta property=\"og:image\" content=\"https:\/\/narvajoesuu.ee\/wp-content\/uploads\/2020\/12\/superior-with-sauna-006-1024x682.jpg\" \/>\n<meta name=\"twitter:card\" content=\"summary_large_image\" \/>\n<meta name=\"twitter:label1\" content=\"Arvioitu lukuaika\" \/>\n\t<meta name=\"twitter:data1\" content=\"2 minuuttia\" \/>\n<script type=\"application\/ld+json\" class=\"yoast-schema-graph\">{\"@context\":\"https:\\\/\\\/schema.org\",\"@graph\":[{\"@type\":\"WebPage\",\"@id\":\"https:\\\/\\\/narvajoesuu.ee\\\/fi\\\/hotell\\\/huoneet\\\/superior-huone-saunalla\\\/\",\"url\":\"https:\\\/\\\/narvajoesuu.ee\\\/fi\\\/hotell\\\/huoneet\\\/superior-huone-saunalla\\\/\",\"name\":\"Superior-huone saunalla - MEDICAL SPA NARVA-J\u00d5ESUU\",\"isPartOf\":{\"@id\":\"https:\\\/\\\/narvajoesuu.ee\\\/#website\"},\"primaryImageOfPage\":{\"@id\":\"https:\\\/\\\/narvajoesuu.ee\\\/fi\\\/hotell\\\/huoneet\\\/superior-huone-saunalla\\\/#primaryimage\"},\"image\":{\"@id\":\"https:\\\/\\\/narvajoesuu.ee\\\/fi\\\/hotell\\\/huoneet\\\/superior-huone-saunalla\\\/#primaryimage\"},\"thumbnailUrl\":\"https:\\\/\\\/narvajoesuu.ee\\\/wp-content\\\/uploads\\\/2020\\\/12\\\/superior-with-sauna-006-1024x682.jpg\",\"datePublished\":\"2020-12-02T08:58:33+00:00\",\"dateModified\":\"2023-03-23T09:28:41+00:00\",\"breadcrumb\":{\"@id\":\"https:\\\/\\\/narvajoesuu.ee\\\/fi\\\/hotell\\\/huoneet\\\/superior-huone-saunalla\\\/#breadcrumb\"},\"inLanguage\":\"fi\",\"potentialAction\":[{\"@type\":\"ReadAction\",\"target\":[\"https:\\\/\\\/narvajoesuu.ee\\\/fi\\\/hotell\\\/huoneet\\\/superior-huone-saunalla\\\/\"]}]},{\"@type\":\"ImageObject\",\"inLanguage\":\"fi\",\"@id\":\"https:\\\/\\\/narvajoesuu.ee\\\/fi\\\/hotell\\\/huoneet\\\/superior-huone-saunalla\\\/#primaryimage\",\"url\":\"https:\\\/\\\/narvajoesuu.ee\\\/wp-content\\\/uploads\\\/2020\\\/12\\\/superior-with-sauna-006-1024x682.jpg\",\"contentUrl\":\"https:\\\/\\\/narvajoesuu.ee\\\/wp-content\\\/uploads\\\/2020\\\/12\\\/superior-with-sauna-006-1024x682.jpg\"},{\"@type\":\"BreadcrumbList\",\"@id\":\"https:\\\/\\\/narvajoesuu.ee\\\/fi\\\/hotell\\\/huoneet\\\/superior-huone-saunalla\\\/#breadcrumb\",\"itemListElement\":[{\"@type\":\"ListItem\",\"position\":1,\"name\":\"Home\",\"item\":\"https:\\\/\\\/narvajoesuu.ee\\\/fi\\\/\"},{\"@type\":\"ListItem\",\"position\":2,\"name\":\"Hotell\",\"item\":\"https:\\\/\\\/narvajoesuu.ee\\\/fi\\\/hotell\\\/\"},{\"@type\":\"ListItem\",\"position\":3,\"name\":\"Huoneet\",\"item\":\"https:\\\/\\\/narvajoesuu.ee\\\/fi\\\/hotell\\\/huoneet\\\/\"},{\"@type\":\"ListItem\",\"position\":4,\"name\":\"Superior-huone saunalla\"}]},{\"@type\":\"WebSite\",\"@id\":\"https:\\\/\\\/narvajoesuu.ee\\\/#website\",\"url\":\"https:\\\/\\\/narvajoesuu.ee\\\/\",\"name\":\"MEDICAL SPA NARVA-J\u00d5ESUU\",\"description\":\"\",\"publisher\":{\"@id\":\"https:\\\/\\\/narvajoesuu.ee\\\/#organization\"},\"potentialAction\":[{\"@type\":\"SearchAction\",\"target\":{\"@type\":\"EntryPoint\",\"urlTemplate\":\"https:\\\/\\\/narvajoesuu.ee\\\/?s={search_term_string}\"},\"query-input\":{\"@type\":\"PropertyValueSpecification\",\"valueRequired\":true,\"valueName\":\"search_term_string\"}}],\"inLanguage\":\"fi\"},{\"@type\":\"Organization\",\"@id\":\"https:\\\/\\\/narvajoesuu.ee\\\/#organization\",\"name\":\"Narva-J\u00f5esuu Medical SPA\",\"url\":\"https:\\\/\\\/narvajoesuu.ee\\\/\",\"logo\":{\"@type\":\"ImageObject\",\"inLanguage\":\"fi\",\"@id\":\"https:\\\/\\\/narvajoesuu.ee\\\/#\\\/schema\\\/logo\\\/image\\\/\",\"url\":\"https:\\\/\\\/narvajoesuu.ee\\\/wp-content\\\/uploads\\\/2020\\\/10\\\/narvajoesuu-logo-small.png\",\"contentUrl\":\"https:\\\/\\\/narvajoesuu.ee\\\/wp-content\\\/uploads\\\/2020\\\/10\\\/narvajoesuu-logo-small.png\",\"width\":170,\"height\":170,\"caption\":\"Narva-J\u00f5esuu Medical SPA\"},\"image\":{\"@id\":\"https:\\\/\\\/narvajoesuu.ee\\\/#\\\/schema\\\/logo\\\/image\\\/\"}}]}<\/script>\n<!-- \/ Yoast SEO plugin. -->","yoast_head_json":{"title":"Superior-huone saunalla - MEDICAL SPA NARVA-J\u00d5ESUU","robots":{"index":"index","follow":"follow","max-snippet":"max-snippet:-1","max-image-preview":"max-image-preview:large","max-video-preview":"max-video-preview:-1"},"canonical":"https:\/\/narvajoesuu.ee\/fi\/hotell\/huoneet\/superior-huone-saunalla\/","og_locale":"fi_FI","og_type":"article","og_title":"Superior-huone saunalla - MEDICAL SPA NARVA-J\u00d5ESUU","og_description":"Tyylik\u00e4s huone makuuhuoneella ja oleskelutilalla, parvekeella ja yksityisella saunalla. Huone sijaitsee hotellin toisessa kerroksessa.","og_url":"https:\/\/narvajoesuu.ee\/fi\/hotell\/huoneet\/superior-huone-saunalla\/","og_site_name":"MEDICAL SPA NARVA-J\u00d5ESUU","article_modified_time":"2023-03-23T09:28:41+00:00","og_image":[{"url":"https:\/\/narvajoesuu.ee\/wp-content\/uploads\/2020\/12\/superior-with-sauna-006-1024x682.jpg","type":"","width":"","height":""}],"twitter_card":"summary_large_image","twitter_misc":{"Arvioitu lukuaika":"2 minuuttia"},"schema":{"@context":"https:\/\/schema.org","@graph":[{"@type":"WebPage","@id":"https:\/\/narvajoesuu.ee\/fi\/hotell\/huoneet\/superior-huone-saunalla\/","url":"https:\/\/narvajoesuu.ee\/fi\/hotell\/huoneet\/superior-huone-saunalla\/","name":"Superior-huone saunalla - MEDICAL SPA NARVA-J\u00d5ESUU","isPartOf":{"@id":"https:\/\/narvajoesuu.ee\/#website"},"primaryImageOfPage":{"@id":"https:\/\/narvajoesuu.ee\/fi\/hotell\/huoneet\/superior-huone-saunalla\/#primaryimage"},"image":{"@id":"https:\/\/narvajoesuu.ee\/fi\/hotell\/huoneet\/superior-huone-saunalla\/#primaryimage"},"thumbnailUrl":"https:\/\/narvajoesuu.ee\/wp-content\/uploads\/2020\/12\/superior-with-sauna-006-1024x682.jpg","datePublished":"2020-12-02T08:58:33+00:00","dateModified":"2023-03-23T09:28:41+00:00","breadcrumb":{"@id":"https:\/\/narvajoesuu.ee\/fi\/hotell\/huoneet\/superior-huone-saunalla\/#breadcrumb"},"inLanguage":"fi","potentialAction":[{"@type":"ReadAction","target":["https:\/\/narvajoesuu.ee\/fi\/hotell\/huoneet\/superior-huone-saunalla\/"]}]},{"@type":"ImageObject","inLanguage":"fi","@id":"https:\/\/narvajoesuu.ee\/fi\/hotell\/huoneet\/superior-huone-saunalla\/#primaryimage","url":"https:\/\/narvajoesuu.ee\/wp-content\/uploads\/2020\/12\/superior-with-sauna-006-1024x682.jpg","contentUrl":"https:\/\/narvajoesuu.ee\/wp-content\/uploads\/2020\/12\/superior-with-sauna-006-1024x682.jpg"},{"@type":"BreadcrumbList","@id":"https:\/\/narvajoesuu.ee\/fi\/hotell\/huoneet\/superior-huone-saunalla\/#breadcrumb","itemListElement":[{"@type":"ListItem","position":1,"name":"Home","item":"https:\/\/narvajoesuu.ee\/fi\/"},{"@type":"ListItem","position":2,"name":"Hotell","item":"https:\/\/narvajoesuu.ee\/fi\/hotell\/"},{"@type":"ListItem","position":3,"name":"Huoneet","item":"https:\/\/narvajoesuu.ee\/fi\/hotell\/huoneet\/"},{"@type":"ListItem","position":4,"name":"Superior-huone saunalla"}]},{"@type":"WebSite","@id":"https:\/\/narvajoesuu.ee\/#website","url":"https:\/\/narvajoesuu.ee\/","name":"MEDICAL SPA NARVA-J\u00d5ESUU","description":"","publisher":{"@id":"https:\/\/narvajoesuu.ee\/#organization"},"potentialAction":[{"@type":"SearchAction","target":{"@type":"EntryPoint","urlTemplate":"https:\/\/narvajoesuu.ee\/?s={search_term_string}"},"query-input":{"@type":"PropertyValueSpecification","valueRequired":true,"valueName":"search_term_string"}}],"inLanguage":"fi"},{"@type":"Organization","@id":"https:\/\/narvajoesuu.ee\/#organization","name":"Narva-J\u00f5esuu Medical SPA","url":"https:\/\/narvajoesuu.ee\/","logo":{"@type":"ImageObject","inLanguage":"fi","@id":"https:\/\/narvajoesuu.ee\/#\/schema\/logo\/image\/","url":"https:\/\/narvajoesuu.ee\/wp-content\/uploads\/2020\/10\/narvajoesuu-logo-small.png","contentUrl":"https:\/\/narvajoesuu.ee\/wp-content\/uploads\/2020\/10\/narvajoesuu-logo-small.png","width":170,"height":170,"caption":"Narva-J\u00f5esuu Medical SPA"},"image":{"@id":"https:\/\/narvajoesuu.ee\/#\/schema\/logo\/image\/"}}]}},"uagb_featured_image_src":{"full":false,"thumbnail":false,"medium":false,"medium_large":false,"large":false,"1536x1536":false,"2048x2048":false,"img-1920x550":false,"img-1920x320":false,"img-1920x200":false,"img-670x480":false,"img-570x280":false,"img-507":false,"img-370x240":false,"img-400x250":false,"img-370x175":false,"img-370x120":false,"img-300":false,"img-170":false},"uagb_author_info":{"display_name":"Maksim Mitrofanov","author_link":"https:\/\/narvajoesuu.ee\/fi\/author\/maksim\/"},"uagb_comment_info":0,"uagb_excerpt":"Tyylik\u00e4s huone makuuhuoneella ja oleskelutilalla, parvekeella ja yksityisella saunalla. Huone sijaitsee hotellin toisessa kerroksessa.","_links":{"self":[{"href":"https:\/\/narvajoesuu.ee\/fi\/wp-json\/wp\/v2\/pages\/10516","targetHints":{"allow":["GET"]}}],"collection":[{"href":"https:\/\/narvajoesuu.ee\/fi\/wp-json\/wp\/v2\/pages"}],"about":[{"href":"https:\/\/narvajoesuu.ee\/fi\/wp-json\/wp\/v2\/types\/page"}],"author":[{"embeddable":true,"href":"https:\/\/narvajoesuu.ee\/fi\/wp-json\/wp\/v2\/users\/3"}],"replies":[{"embeddable":true,"href":"https:\/\/narvajoesuu.ee\/fi\/wp-json\/wp\/v2\/comments?post=10516"}],"version-history":[{"count":6,"href":"https:\/\/narvajoesuu.ee\/fi\/wp-json\/wp\/v2\/pages\/10516\/revisions"}],"predecessor-version":[{"id":14859,"href":"https:\/\/narvajoesuu.ee\/fi\/wp-json\/wp\/v2\/pages\/10516\/revisions\/14859"}],"up":[{"embeddable":true,"href":"https:\/\/narvajoesuu.ee\/fi\/wp-json\/wp\/v2\/pages\/10697"}],"wp:attachment":[{"href":"https:\/\/narvajoesuu.ee\/fi\/wp-json\/wp\/v2\/media?parent=10516"}],"curies":[{"name":"wp","href":"https:\/\/api.w.org\/{rel}","templated":true}]}}