{"id":10510,"date":"2020-12-02T11:18:49","date_gmt":"2020-12-02T09:18:49","guid":{"rendered":"https:\/\/narvajoesuu.ee\/captain-suite\/"},"modified":"2023-03-23T12:25:09","modified_gmt":"2023-03-23T10:25:09","slug":"captain-suite","status":"publish","type":"page","link":"https:\/\/narvajoesuu.ee\/fi\/hotell\/huoneet\/captain-suite\/","title":{"rendered":"Captain Suite"},"content":{"rendered":"\n<p class=\"wp-el\">Hotellin yl\u00e4kerroksessa sijaitsee ainutlaatuinen  Capten Suite. Eritt\u00e4in ylellinen huone kauniilla yksityiskohdilla. Tyylik\u00e4s ja tunnelmallinen sisustus. Oma parveke, josta merin\u00e4kym\u00e4.  Capten Suitessa on avara ja elegantti oleskelutila sek\u00e4 kaksi erillist\u00e4 makuuhuonetta, jossa on joko yksi leve\u00e4 parivuode ja kaksi erillist\u00e4 s\u00e4nky\u00e4. Kaksi erillist\u00e4 kylpyhuonetta.<\/p>\n\n\n\n<ul class=\"wp-el wp-block-list\">\n<li>Huoneen pinta-ala: 47 m\u00b2<\/li>\n\n\n\n<li>Henkil\u00f6m\u00e4\u00e4r\u00e4: 4+1<\/li>\n\n\n\n<li>Lis\u00e4vuodenmahdollisuus<\/li>\n\n\n\n<li>Huoneissa on: 2 kylpyhuonetta suihkulla ja poreammeella, TV, j\u00e4\u00e4kaappi, wifi, hiustenkuivain, aamutakki ja tossut, t\u00e4ydent\u00e4v\u00e4t kauneushoitotuotteet. Huoneessa voi laittaa kahvia tai teet\u00e4.  Ilmainen vauvans\u00e4ngynmahdollisuus. Ilmastointi puutuu.<\/li>\n<\/ul>\n\n\n\n<figure class=\"wp-block-gallery has-nested-images columns-default is-cropped wp-block-gallery-1 is-layout-flex wp-block-gallery-is-layout-flex\">\n<figure class=\"wp-block-image size-large\"><a href=\"https:\/\/narvajoesuu.ee\/wp-content\/uploads\/2023\/01\/1-2.png\"><img loading=\"lazy\" decoding=\"async\" width=\"1024\" height=\"682\" data-id=\"13750\" src=\"https:\/\/narvajoesuu.ee\/wp-content\/uploads\/2023\/01\/1-2-1024x682.png\" alt=\"\" class=\"wp-image-13750\" srcset=\"https:\/\/narvajoesuu.ee\/wp-content\/uploads\/2023\/01\/1-2-1024x682.png 1024w, https:\/\/narvajoesuu.ee\/wp-content\/uploads\/2023\/01\/1-2.png 2015w\" sizes=\"auto, (max-width: 1024px) 100vw, 1024px\" \/><\/a><\/figure>\n\n\n\n<figure class=\"wp-block-image size-large\"><a href=\"https:\/\/narvajoesuu.ee\/wp-content\/uploads\/2023\/01\/2-2.png\"><img loading=\"lazy\" decoding=\"async\" width=\"1024\" height=\"682\" data-id=\"13758\" src=\"https:\/\/narvajoesuu.ee\/wp-content\/uploads\/2023\/01\/2-2-1024x682.png\" alt=\"\" class=\"wp-image-13758\" srcset=\"https:\/\/narvajoesuu.ee\/wp-content\/uploads\/2023\/01\/2-2-1024x682.png 1024w, https:\/\/narvajoesuu.ee\/wp-content\/uploads\/2023\/01\/2-2.png 2015w\" sizes=\"auto, (max-width: 1024px) 100vw, 1024px\" \/><\/a><\/figure>\n\n\n\n<figure class=\"wp-block-image size-large\"><a href=\"https:\/\/narvajoesuu.ee\/wp-content\/uploads\/2023\/01\/3-2.png\"><img loading=\"lazy\" decoding=\"async\" width=\"1024\" height=\"682\" data-id=\"13754\" src=\"https:\/\/narvajoesuu.ee\/wp-content\/uploads\/2023\/01\/3-2-1024x682.png\" alt=\"\" class=\"wp-image-13754\" srcset=\"https:\/\/narvajoesuu.ee\/wp-content\/uploads\/2023\/01\/3-2-1024x682.png 1024w, https:\/\/narvajoesuu.ee\/wp-content\/uploads\/2023\/01\/3-2.png 2015w\" sizes=\"auto, (max-width: 1024px) 100vw, 1024px\" \/><\/a><\/figure>\n\n\n\n<figure class=\"wp-block-image size-large\"><a href=\"https:\/\/narvajoesuu.ee\/wp-content\/uploads\/2020\/12\/captain-suite-073.jpg\"><img loading=\"lazy\" decoding=\"async\" width=\"1024\" height=\"682\" data-id=\"1259\" src=\"https:\/\/narvajoesuu.ee\/wp-content\/uploads\/2020\/12\/captain-suite-073-1024x682.jpg\" alt=\"\" class=\"wp-image-1259\" srcset=\"https:\/\/narvajoesuu.ee\/wp-content\/uploads\/2020\/12\/captain-suite-073-1024x682.jpg 1024w, https:\/\/narvajoesuu.ee\/wp-content\/uploads\/2020\/12\/captain-suite-073.jpg 2015w\" sizes=\"auto, (max-width: 1024px) 100vw, 1024px\" \/><\/a><\/figure>\n\n\n\n<figure class=\"wp-block-image size-large\"><a href=\"https:\/\/narvajoesuu.ee\/wp-content\/uploads\/2020\/12\/captain-suite-075.jpg\"><img loading=\"lazy\" decoding=\"async\" width=\"1024\" height=\"682\" data-id=\"1256\" src=\"https:\/\/narvajoesuu.ee\/wp-content\/uploads\/2020\/12\/captain-suite-075-1024x682.jpg\" alt=\"\" class=\"wp-image-1256\" srcset=\"https:\/\/narvajoesuu.ee\/wp-content\/uploads\/2020\/12\/captain-suite-075-1024x682.jpg 1024w, https:\/\/narvajoesuu.ee\/wp-content\/uploads\/2020\/12\/captain-suite-075.jpg 2015w\" sizes=\"auto, (max-width: 1024px) 100vw, 1024px\" \/><\/a><\/figure>\n<\/figure>\n\n\n\n<p class=\"wp-el\"><\/p>\n","protected":false},"excerpt":{"rendered":"<p>Hotellin yl\u00e4kerroksessa sijaitsee ainutlaatuinen Capten Suite. Eritt\u00e4in ylellinen huone kauniilla yksityiskohdilla. Tyylik\u00e4s ja tunnelmallinen sisustus. Oma parveke, josta merin\u00e4kym\u00e4. Capten&#8230;<\/p>\n","protected":false},"author":3,"featured_media":0,"parent":10697,"menu_order":446,"comment_status":"closed","ping_status":"closed","template":"","meta":{"_acf_changed":false,"_uag_custom_page_level_css":"","_monsterinsights_skip_tracking":false,"_monsterinsights_sitenote_active":false,"_monsterinsights_sitenote_note":"","_monsterinsights_sitenote_category":0,"footnotes":""},"class_list":["post-10510","page","type-page","status-publish","hentry"],"acf":[],"yoast_head":"<!-- This site is optimized with the Yoast SEO plugin v27.4 - https:\/\/yoast.com\/product\/yoast-seo-wordpress\/ -->\n<title>Captain Suite - MEDICAL SPA NARVA-J\u00d5ESUU<\/title>\n<meta name=\"robots\" content=\"index, follow, max-snippet:-1, max-image-preview:large, max-video-preview:-1\" \/>\n<link rel=\"canonical\" href=\"https:\/\/narvajoesuu.ee\/fi\/hotell\/huoneet\/captain-suite\/\" \/>\n<meta property=\"og:locale\" content=\"fi_FI\" \/>\n<meta property=\"og:type\" content=\"article\" \/>\n<meta property=\"og:title\" content=\"Captain Suite - MEDICAL SPA NARVA-J\u00d5ESUU\" \/>\n<meta property=\"og:description\" content=\"Hotellin yl\u00e4kerroksessa sijaitsee ainutlaatuinen Capten Suite. Eritt\u00e4in ylellinen huone kauniilla yksityiskohdilla. Tyylik\u00e4s ja tunnelmallinen sisustus. Oma parveke, josta merin\u00e4kym\u00e4. Capten...\" \/>\n<meta property=\"og:url\" content=\"https:\/\/narvajoesuu.ee\/fi\/hotell\/huoneet\/captain-suite\/\" \/>\n<meta property=\"og:site_name\" content=\"MEDICAL SPA NARVA-J\u00d5ESUU\" \/>\n<meta property=\"article:modified_time\" content=\"2023-03-23T10:25:09+00:00\" \/>\n<meta property=\"og:image\" content=\"https:\/\/narvajoesuu.ee\/wp-content\/uploads\/2023\/01\/1-2-1024x682.png\" \/>\n<meta name=\"twitter:card\" content=\"summary_large_image\" \/>\n<meta name=\"twitter:label1\" content=\"Arvioitu lukuaika\" \/>\n\t<meta name=\"twitter:data1\" content=\"2 minuuttia\" \/>\n<script type=\"application\/ld+json\" class=\"yoast-schema-graph\">{\"@context\":\"https:\\\/\\\/schema.org\",\"@graph\":[{\"@type\":\"WebPage\",\"@id\":\"https:\\\/\\\/narvajoesuu.ee\\\/fi\\\/hotell\\\/huoneet\\\/captain-suite\\\/\",\"url\":\"https:\\\/\\\/narvajoesuu.ee\\\/fi\\\/hotell\\\/huoneet\\\/captain-suite\\\/\",\"name\":\"Captain Suite - MEDICAL SPA NARVA-J\u00d5ESUU\",\"isPartOf\":{\"@id\":\"https:\\\/\\\/narvajoesuu.ee\\\/#website\"},\"primaryImageOfPage\":{\"@id\":\"https:\\\/\\\/narvajoesuu.ee\\\/fi\\\/hotell\\\/huoneet\\\/captain-suite\\\/#primaryimage\"},\"image\":{\"@id\":\"https:\\\/\\\/narvajoesuu.ee\\\/fi\\\/hotell\\\/huoneet\\\/captain-suite\\\/#primaryimage\"},\"thumbnailUrl\":\"https:\\\/\\\/narvajoesuu.ee\\\/wp-content\\\/uploads\\\/2023\\\/01\\\/1-2-1024x682.png\",\"datePublished\":\"2020-12-02T09:18:49+00:00\",\"dateModified\":\"2023-03-23T10:25:09+00:00\",\"breadcrumb\":{\"@id\":\"https:\\\/\\\/narvajoesuu.ee\\\/fi\\\/hotell\\\/huoneet\\\/captain-suite\\\/#breadcrumb\"},\"inLanguage\":\"fi\",\"potentialAction\":[{\"@type\":\"ReadAction\",\"target\":[\"https:\\\/\\\/narvajoesuu.ee\\\/fi\\\/hotell\\\/huoneet\\\/captain-suite\\\/\"]}]},{\"@type\":\"ImageObject\",\"inLanguage\":\"fi\",\"@id\":\"https:\\\/\\\/narvajoesuu.ee\\\/fi\\\/hotell\\\/huoneet\\\/captain-suite\\\/#primaryimage\",\"url\":\"https:\\\/\\\/narvajoesuu.ee\\\/wp-content\\\/uploads\\\/2023\\\/01\\\/1-2-1024x682.png\",\"contentUrl\":\"https:\\\/\\\/narvajoesuu.ee\\\/wp-content\\\/uploads\\\/2023\\\/01\\\/1-2-1024x682.png\"},{\"@type\":\"BreadcrumbList\",\"@id\":\"https:\\\/\\\/narvajoesuu.ee\\\/fi\\\/hotell\\\/huoneet\\\/captain-suite\\\/#breadcrumb\",\"itemListElement\":[{\"@type\":\"ListItem\",\"position\":1,\"name\":\"Home\",\"item\":\"https:\\\/\\\/narvajoesuu.ee\\\/fi\\\/\"},{\"@type\":\"ListItem\",\"position\":2,\"name\":\"Hotell\",\"item\":\"https:\\\/\\\/narvajoesuu.ee\\\/fi\\\/hotell\\\/\"},{\"@type\":\"ListItem\",\"position\":3,\"name\":\"Huoneet\",\"item\":\"https:\\\/\\\/narvajoesuu.ee\\\/fi\\\/hotell\\\/huoneet\\\/\"},{\"@type\":\"ListItem\",\"position\":4,\"name\":\"Captain Suite\"}]},{\"@type\":\"WebSite\",\"@id\":\"https:\\\/\\\/narvajoesuu.ee\\\/#website\",\"url\":\"https:\\\/\\\/narvajoesuu.ee\\\/\",\"name\":\"MEDICAL SPA NARVA-J\u00d5ESUU\",\"description\":\"\",\"publisher\":{\"@id\":\"https:\\\/\\\/narvajoesuu.ee\\\/#organization\"},\"potentialAction\":[{\"@type\":\"SearchAction\",\"target\":{\"@type\":\"EntryPoint\",\"urlTemplate\":\"https:\\\/\\\/narvajoesuu.ee\\\/?s={search_term_string}\"},\"query-input\":{\"@type\":\"PropertyValueSpecification\",\"valueRequired\":true,\"valueName\":\"search_term_string\"}}],\"inLanguage\":\"fi\"},{\"@type\":\"Organization\",\"@id\":\"https:\\\/\\\/narvajoesuu.ee\\\/#organization\",\"name\":\"Narva-J\u00f5esuu Medical SPA\",\"url\":\"https:\\\/\\\/narvajoesuu.ee\\\/\",\"logo\":{\"@type\":\"ImageObject\",\"inLanguage\":\"fi\",\"@id\":\"https:\\\/\\\/narvajoesuu.ee\\\/#\\\/schema\\\/logo\\\/image\\\/\",\"url\":\"https:\\\/\\\/narvajoesuu.ee\\\/wp-content\\\/uploads\\\/2020\\\/10\\\/narvajoesuu-logo-small.png\",\"contentUrl\":\"https:\\\/\\\/narvajoesuu.ee\\\/wp-content\\\/uploads\\\/2020\\\/10\\\/narvajoesuu-logo-small.png\",\"width\":170,\"height\":170,\"caption\":\"Narva-J\u00f5esuu Medical SPA\"},\"image\":{\"@id\":\"https:\\\/\\\/narvajoesuu.ee\\\/#\\\/schema\\\/logo\\\/image\\\/\"}}]}<\/script>\n<!-- \/ Yoast SEO plugin. -->","yoast_head_json":{"title":"Captain Suite - MEDICAL SPA NARVA-J\u00d5ESUU","robots":{"index":"index","follow":"follow","max-snippet":"max-snippet:-1","max-image-preview":"max-image-preview:large","max-video-preview":"max-video-preview:-1"},"canonical":"https:\/\/narvajoesuu.ee\/fi\/hotell\/huoneet\/captain-suite\/","og_locale":"fi_FI","og_type":"article","og_title":"Captain Suite - MEDICAL SPA NARVA-J\u00d5ESUU","og_description":"Hotellin yl\u00e4kerroksessa sijaitsee ainutlaatuinen Capten Suite. Eritt\u00e4in ylellinen huone kauniilla yksityiskohdilla. Tyylik\u00e4s ja tunnelmallinen sisustus. Oma parveke, josta merin\u00e4kym\u00e4. Capten...","og_url":"https:\/\/narvajoesuu.ee\/fi\/hotell\/huoneet\/captain-suite\/","og_site_name":"MEDICAL SPA NARVA-J\u00d5ESUU","article_modified_time":"2023-03-23T10:25:09+00:00","og_image":[{"url":"https:\/\/narvajoesuu.ee\/wp-content\/uploads\/2023\/01\/1-2-1024x682.png","type":"","width":"","height":""}],"twitter_card":"summary_large_image","twitter_misc":{"Arvioitu lukuaika":"2 minuuttia"},"schema":{"@context":"https:\/\/schema.org","@graph":[{"@type":"WebPage","@id":"https:\/\/narvajoesuu.ee\/fi\/hotell\/huoneet\/captain-suite\/","url":"https:\/\/narvajoesuu.ee\/fi\/hotell\/huoneet\/captain-suite\/","name":"Captain Suite - MEDICAL SPA NARVA-J\u00d5ESUU","isPartOf":{"@id":"https:\/\/narvajoesuu.ee\/#website"},"primaryImageOfPage":{"@id":"https:\/\/narvajoesuu.ee\/fi\/hotell\/huoneet\/captain-suite\/#primaryimage"},"image":{"@id":"https:\/\/narvajoesuu.ee\/fi\/hotell\/huoneet\/captain-suite\/#primaryimage"},"thumbnailUrl":"https:\/\/narvajoesuu.ee\/wp-content\/uploads\/2023\/01\/1-2-1024x682.png","datePublished":"2020-12-02T09:18:49+00:00","dateModified":"2023-03-23T10:25:09+00:00","breadcrumb":{"@id":"https:\/\/narvajoesuu.ee\/fi\/hotell\/huoneet\/captain-suite\/#breadcrumb"},"inLanguage":"fi","potentialAction":[{"@type":"ReadAction","target":["https:\/\/narvajoesuu.ee\/fi\/hotell\/huoneet\/captain-suite\/"]}]},{"@type":"ImageObject","inLanguage":"fi","@id":"https:\/\/narvajoesuu.ee\/fi\/hotell\/huoneet\/captain-suite\/#primaryimage","url":"https:\/\/narvajoesuu.ee\/wp-content\/uploads\/2023\/01\/1-2-1024x682.png","contentUrl":"https:\/\/narvajoesuu.ee\/wp-content\/uploads\/2023\/01\/1-2-1024x682.png"},{"@type":"BreadcrumbList","@id":"https:\/\/narvajoesuu.ee\/fi\/hotell\/huoneet\/captain-suite\/#breadcrumb","itemListElement":[{"@type":"ListItem","position":1,"name":"Home","item":"https:\/\/narvajoesuu.ee\/fi\/"},{"@type":"ListItem","position":2,"name":"Hotell","item":"https:\/\/narvajoesuu.ee\/fi\/hotell\/"},{"@type":"ListItem","position":3,"name":"Huoneet","item":"https:\/\/narvajoesuu.ee\/fi\/hotell\/huoneet\/"},{"@type":"ListItem","position":4,"name":"Captain Suite"}]},{"@type":"WebSite","@id":"https:\/\/narvajoesuu.ee\/#website","url":"https:\/\/narvajoesuu.ee\/","name":"MEDICAL SPA NARVA-J\u00d5ESUU","description":"","publisher":{"@id":"https:\/\/narvajoesuu.ee\/#organization"},"potentialAction":[{"@type":"SearchAction","target":{"@type":"EntryPoint","urlTemplate":"https:\/\/narvajoesuu.ee\/?s={search_term_string}"},"query-input":{"@type":"PropertyValueSpecification","valueRequired":true,"valueName":"search_term_string"}}],"inLanguage":"fi"},{"@type":"Organization","@id":"https:\/\/narvajoesuu.ee\/#organization","name":"Narva-J\u00f5esuu Medical SPA","url":"https:\/\/narvajoesuu.ee\/","logo":{"@type":"ImageObject","inLanguage":"fi","@id":"https:\/\/narvajoesuu.ee\/#\/schema\/logo\/image\/","url":"https:\/\/narvajoesuu.ee\/wp-content\/uploads\/2020\/10\/narvajoesuu-logo-small.png","contentUrl":"https:\/\/narvajoesuu.ee\/wp-content\/uploads\/2020\/10\/narvajoesuu-logo-small.png","width":170,"height":170,"caption":"Narva-J\u00f5esuu Medical SPA"},"image":{"@id":"https:\/\/narvajoesuu.ee\/#\/schema\/logo\/image\/"}}]}},"uagb_featured_image_src":{"full":false,"thumbnail":false,"medium":false,"medium_large":false,"large":false,"1536x1536":false,"2048x2048":false,"img-1920x550":false,"img-1920x320":false,"img-1920x200":false,"img-670x480":false,"img-570x280":false,"img-507":false,"img-370x240":false,"img-400x250":false,"img-370x175":false,"img-370x120":false,"img-300":false,"img-170":false},"uagb_author_info":{"display_name":"Maksim Mitrofanov","author_link":"https:\/\/narvajoesuu.ee\/fi\/author\/maksim\/"},"uagb_comment_info":0,"uagb_excerpt":"Hotellin yl\u00e4kerroksessa sijaitsee ainutlaatuinen Capten Suite. Eritt\u00e4in ylellinen huone kauniilla yksityiskohdilla. Tyylik\u00e4s ja tunnelmallinen sisustus. Oma parveke, josta merin\u00e4kym\u00e4. Capten...","_links":{"self":[{"href":"https:\/\/narvajoesuu.ee\/fi\/wp-json\/wp\/v2\/pages\/10510","targetHints":{"allow":["GET"]}}],"collection":[{"href":"https:\/\/narvajoesuu.ee\/fi\/wp-json\/wp\/v2\/pages"}],"about":[{"href":"https:\/\/narvajoesuu.ee\/fi\/wp-json\/wp\/v2\/types\/page"}],"author":[{"embeddable":true,"href":"https:\/\/narvajoesuu.ee\/fi\/wp-json\/wp\/v2\/users\/3"}],"replies":[{"embeddable":true,"href":"https:\/\/narvajoesuu.ee\/fi\/wp-json\/wp\/v2\/comments?post=10510"}],"version-history":[{"count":6,"href":"https:\/\/narvajoesuu.ee\/fi\/wp-json\/wp\/v2\/pages\/10510\/revisions"}],"predecessor-version":[{"id":14893,"href":"https:\/\/narvajoesuu.ee\/fi\/wp-json\/wp\/v2\/pages\/10510\/revisions\/14893"}],"up":[{"embeddable":true,"href":"https:\/\/narvajoesuu.ee\/fi\/wp-json\/wp\/v2\/pages\/10697"}],"wp:attachment":[{"href":"https:\/\/narvajoesuu.ee\/fi\/wp-json\/wp\/v2\/media?parent=10510"}],"curies":[{"name":"wp","href":"https:\/\/api.w.org\/{rel}","templated":true}]}}