{"id":10497,"date":"2021-01-04T14:28:46","date_gmt":"2021-01-04T12:28:46","guid":{"rendered":"https:\/\/narvajoesuu.ee\/tervisepakett-5-ravipaeva-parim-pakkumine-pensionaridele\/"},"modified":"2026-04-06T16:21:18","modified_gmt":"2026-04-06T13:21:18","slug":"tervisepakett-5-ravipaeva-parim-pakkumine-pensionaridele","status":"publish","type":"page","link":"https:\/\/narvajoesuu.ee\/fi\/terveysloma\/eripakkumised\/tervisepakett-5-ravipaeva-parim-pakkumine-pensionaridele\/","title":{"rendered":"&#8221;TERVISEPAKETT&#8221; (5 ravip\u00e4eva) &#8211; Parim pakkumine pension\u00e4ridele!"},"content":{"rendered":"\n<p class=\"wp-el\"><em>Kallid senioorid, tulge ja veetke 5 tervislikku p\u00e4eva  &#8221;NARVA-J\u00d5ESUU&#8221; ravispaas!<\/em><\/p>\n\n\n\n<p class=\"wp-el\"><strong>Check in:<\/strong> sisseregistreerimine tubadesse algab alates kella 16:00<br><strong>Check out: <\/strong>v\u00e4ljaregistreerimine tubadest kuni kella 12:00<\/p>\n\n\n\n<h3 class=\"wp-block-heading wp-el\" id=\"seenioride-tervisepaketti-kuulub\">Seenioride tervisepaketti kuulub:<\/h3>\n\n\n\n<ul class=\"wp-block-list wp-el\">\n<li>Majutus Teie poolt valitud perioodil<\/li>\n\n\n\n<li>Toitlustus:&nbsp;saabumisel p\u00e4eval&nbsp; &#8211;&nbsp; \u00f5htus\u00f6\u00f6k; teistel p\u00e4evadel &#8211; iga p\u00e4ev hommiku-, l\u00f5una- ja \u00f5htus\u00f6\u00f6k; lahkumisel&nbsp; \u2013 hommikus\u00f6\u00f6k<\/li>\n\n\n\n<li><a href=\"https:\/\/narvajoesuu.ee\/fi\/kylpylaloma\/saunakeskus\/galerii\/\">Saunakeskuse<\/a>, basseini ja j\u00f5usaali piiramatu k\u00fclastamine (iga p\u00e4ev lahtiolekuaegadel)<\/li>\n\n\n\n<li><a href=\"https:\/\/narvajoesuu.ee\/fi\/kylpylaloma\/arteesisella-vedella-taytetty-lammitetty-ulkoallas-ja-poreallas-aurinkoterassilla\/\">Soojendusega v\u00e4libasseini ja mullivanni kasutamine<\/a>&nbsp;(isegi k\u00fclma ilmaga vee temperatuur on 30\u00b0\u0421) \/ avatud aprillist oktoobrini)<\/li>\n\n\n\n<li>Hommikumantlid, WiFi, parkimine<\/li>\n<\/ul>\n\n\n<div class=\"b-block pad-top-30 pad-bottom-20\"><div class=\"p-emphasis b-part container-p0 p-emphasis--info\"><p>Meditsiiniline konsultatsioon (15 min). Raviprotseduurid m\u00e4\u00e4ratakse meditsiinilise konsultatsiooni k\u00e4igus.<\/p>\n<\/div><\/div>\n\n\n<h4 class=\"wp-block-heading wp-el\" id=\"iga-ravipaev-sisaldab-3-raviprotseduuri-jargnevast-valikust\">+  kokku 12 raviprotseduuri j\u00e4rgnevast valikust:<\/h4>\n\n\n\n<div class=\"wp-block-columns is-layout-flex wp-container-core-columns-is-layout-9d6595d7 wp-block-columns-is-layout-flex\">\n<div class=\"wp-block-column is-layout-flow wp-block-column-is-layout-flow\">\n<ul class=\"wp-block-list wp-el\">\n<li>kromoteraapia soolakambris Himalayan Cube (20 min)<\/li>\n\n\n\n<li>seljamassaa\u017e vesimassaa\u017eivoodil QUATTROMANO (20 min) (protseduur on valikus \u00fcle p\u00e4eva)<\/li>\n\n\n\n<li>massaa\u017eivann arteesia veega ja \u00fcrd\u00f5liga<\/li>\n\n\n\n<li>vesimassaa\u017e jugadu\u0161\u0161 ehk Charcot&#8217; du\u0161\u0161<\/li>\n\n\n\n<li>lokaalne mudaravi Haapsalu ravimudaga<\/li>\n\n\n\n<li>biostimuleeriv fototeraapia uue p\u00f5lvkonna seadmega Hydrosun<\/li>\n<\/ul>\n<\/div>\n\n\n\n<div class=\"wp-block-column is-layout-flow wp-block-column-is-layout-flow\">\n<ul class=\"wp-block-list wp-el\">\n<li>osokeriit-parafiin<\/li>\n\n\n\n<li>elektroteraapia <\/li>\n\n\n\n<li>laserravi<\/li>\n\n\n\n<li>magnetteraapia<\/li>\n\n\n\n<li>jalatalla aparaatne massaa\u017e<\/li>\n\n\n\n<li>hapnikuteraapia<\/li>\n\n\n\n<li>inhalatsioon<\/li>\n<\/ul>\n<\/div>\n<\/div>\n\n\n\n<hr class=\"wp-block-separator has-alpha-channel-opacity\"\/>\n\n\n\n<p class=\"wp-el\"><strong>Palume kindlasti tutvuda dokumendiga<em><a href=\"https:\/\/narvajoesuu.ee\/wp-content\/uploads\/2025\/08\/Ettevalmistus-ja-soovitused-enne-tervendava-puhkuse-algust.pdf\">&nbsp;\u201cEttevalmistus ja soovitused enne tervendava puhkuse algust\u201c.<\/a><\/em><\/strong><\/p>\n\n\n\n<div style=\"height:35px\" aria-hidden=\"true\" class=\"wp-block-spacer\"><\/div>\n\n\n\n<figure class=\"wp-block-table is-style-stripes\"><table><thead><tr><th class=\"has-text-align-left\" data-align=\"left\">5 ravip\u00e4eva<\/th><th class=\"has-text-align-center\" data-align=\"center\">Hind <\/th><\/tr><\/thead><tbody><tr><td class=\"has-text-align-left\" data-align=\"left\"><strong>\u00bd TWIN<\/strong> (\u00fcks koht kahekohalises toas)<\/td><td class=\"has-text-align-center\" data-align=\"center\"><strong><em>320 \u20ac<\/em><\/strong><\/td><\/tr><tr><td class=\"has-text-align-left\" data-align=\"left\"><strong>SINGLE<\/strong> (majutus \u00fchekohalises toas)<\/td><td class=\"has-text-align-center\" data-align=\"center\"><strong><em>420 \u20ac<\/em><\/strong><\/td><\/tr><\/tbody><tfoot><tr><td class=\"has-text-align-left\" data-align=\"left\">Pakkumine kehtib broneerimiseks ja majutamiseks kliendikaardiga ajavahemikul:<\/td><td class=\"has-text-align-center\" data-align=\"center\"><em>\/ 03.05-08.05.2026<br>\/ 06.09-11.09.2026<br>\/ 04.10-09.10.2026<br>\/ 01.11-06.11.2026<br>\/ 06.12-11.12.2026<\/em><\/td><\/tr><\/tfoot><\/table><\/figure>\n\n\n\n<hr class=\"wp-block-separator has-alpha-channel-opacity\"\/>\n\n\n\n<figure class=\"wp-block-table is-style-stripes\"><table><thead><tr><th class=\"has-text-align-left\" data-align=\"left\">5 ravip\u00e4eva<\/th><th class=\"has-text-align-center\" data-align=\"center\">Hind <\/th><\/tr><\/thead><tbody><tr><td class=\"has-text-align-left\" data-align=\"left\"><strong>\u00bd TWIN<\/strong> (\u00fcks koht kahekohalises toas)<\/td><td class=\"has-text-align-center\" data-align=\"center\"><strong><em>385 \u20ac<\/em><\/strong><\/td><\/tr><tr><td class=\"has-text-align-left\" data-align=\"left\"><strong>SINGLE<\/strong> (majutus \u00fchekohalises toas)<\/td><td class=\"has-text-align-center\" data-align=\"center\"><strong><em>485 \u20ac<\/em><\/strong><\/td><\/tr><\/tbody><tfoot><tr><td class=\"has-text-align-left\" data-align=\"left\">Pakkumine kehtib broneerimiseks ja majutamiseks kliendikaardiga ajavahemikul:<\/td><td class=\"has-text-align-center\" data-align=\"center\"><em>31.05-05.06.2026<\/em><\/td><\/tr><\/tfoot><\/table><\/figure>\n\n\n\n<ul class=\"wp-block-list wp-el\">\n<li><a href=\"https:\/\/narvajoesuu.ee\/fi\/hotell\/huoneet\/lisamaksu-majoituksesta-paketin-ostaneille\/\">Juurdemaks paketiga majutatule<\/a><\/li>\n\n\n\n<li><a href=\"https:\/\/narvajoesuu.ee\/fi\/hotell\/asiakaskortti\/\">Kliendikaart<\/a><\/li>\n\n\n\n<li><a href=\"https:\/\/narvajoesuu.ee\/fi\/kylpylaloma\/loma-lasten-kanssa\/\">Puhkus lastega<\/a><\/li>\n\n\n\n<li><a href=\"https:\/\/narvajoesuu.ee\/fi\/hotell\/varausehdot\/\">Pakettide broneerimise tingimused<\/a><\/li>\n<\/ul>\n\n\n<div class=\"b-block pad-top-30 pad-bottom-20\"><div class=\"p-emphasis b-part container-p0 p-emphasis--warn\"><p>NB! Administratsioon j\u00e4tab endale \u00f5iguse hindu etteteatamata muuta. Tasutud teenuste eest, mis on j\u00e4\u00e4nud kasutamata ravispaast \u201cNarva-J\u00f5esuu\u201d mitteolenevatel p\u00f5hjustel, raha tagasi ei maksta.<\/p>\n<\/div><\/div>","protected":false},"excerpt":{"rendered":"<p>Kallid senioorid, tulge ja veetke 5 tervislikku p\u00e4eva &#8221;NARVA-J\u00d5ESUU&#8221; ravispaas! Check in: sisseregistreerimine tubadesse algab alates kella 16:00Check out: v\u00e4ljaregistreerimine&#8230;<\/p>\n","protected":false},"author":3,"featured_media":0,"parent":10508,"menu_order":545,"comment_status":"closed","ping_status":"closed","template":"","meta":{"_acf_changed":false,"_uag_custom_page_level_css":"","_monsterinsights_skip_tracking":false,"_monsterinsights_sitenote_active":false,"_monsterinsights_sitenote_note":"","_monsterinsights_sitenote_category":0,"footnotes":""},"class_list":["post-10497","page","type-page","status-publish","hentry"],"acf":[],"yoast_head":"<!-- This site is optimized with the Yoast SEO plugin v27.3 - https:\/\/yoast.com\/product\/yoast-seo-wordpress\/ -->\n<title>Tervisepakett 5 ravip\u00e4eva | Narva-J\u00f5esuu Medical SPA<\/title>\n<meta name=\"description\" content=\"5 ravip\u00e4evaga tervisepakett pension\u00e4ridele \u2013 raviprotseduurid, majutus ja teadusp\u00f5hine l\u00e4henemine tervise toetamiseks.\" \/>\n<meta name=\"robots\" content=\"index, follow, max-snippet:-1, max-image-preview:large, max-video-preview:-1\" \/>\n<link rel=\"canonical\" href=\"https:\/\/narvajoesuu.ee\/fi\/terveysloma\/eripakkumised\/tervisepakett-5-ravipaeva-parim-pakkumine-pensionaridele\/\" \/>\n<meta property=\"og:locale\" content=\"fi_FI\" \/>\n<meta property=\"og:type\" content=\"article\" \/>\n<meta property=\"og:title\" content=\"Tervisepakett 5 ravip\u00e4eva | Narva-J\u00f5esuu Medical SPA\" \/>\n<meta property=\"og:description\" content=\"5 ravip\u00e4evaga tervisepakett pension\u00e4ridele \u2013 raviprotseduurid, majutus ja teadusp\u00f5hine l\u00e4henemine tervise toetamiseks.\" \/>\n<meta property=\"og:url\" content=\"https:\/\/narvajoesuu.ee\/fi\/terveysloma\/eripakkumised\/tervisepakett-5-ravipaeva-parim-pakkumine-pensionaridele\/\" \/>\n<meta property=\"og:site_name\" content=\"MEDICAL SPA NARVA-J\u00d5ESUU\" \/>\n<meta property=\"article:modified_time\" content=\"2026-04-06T13:21:18+00:00\" \/>\n<meta property=\"og:image\" content=\"https:\/\/narvajoesuu.ee\/wp-content\/uploads\/2021\/12\/Maja-pilt.png\" \/>\n\t<meta property=\"og:image:width\" content=\"1200\" \/>\n\t<meta property=\"og:image:height\" content=\"630\" \/>\n\t<meta property=\"og:image:type\" content=\"image\/png\" \/>\n<meta name=\"twitter:card\" content=\"summary_large_image\" \/>\n<meta name=\"twitter:label1\" content=\"Arvioitu lukuaika\" \/>\n\t<meta name=\"twitter:data1\" content=\"2 minuuttia\" \/>\n<script type=\"application\/ld+json\" class=\"yoast-schema-graph\">{\"@context\":\"https:\\\/\\\/schema.org\",\"@graph\":[{\"@type\":\"WebPage\",\"@id\":\"https:\\\/\\\/narvajoesuu.ee\\\/fi\\\/terveysloma\\\/eripakkumised\\\/tervisepakett-5-ravipaeva-parim-pakkumine-pensionaridele\\\/\",\"url\":\"https:\\\/\\\/narvajoesuu.ee\\\/fi\\\/terveysloma\\\/eripakkumised\\\/tervisepakett-5-ravipaeva-parim-pakkumine-pensionaridele\\\/\",\"name\":\"Tervisepakett 5 ravip\u00e4eva | Narva-J\u00f5esuu Medical SPA\",\"isPartOf\":{\"@id\":\"https:\\\/\\\/narvajoesuu.ee\\\/#website\"},\"datePublished\":\"2021-01-04T12:28:46+00:00\",\"dateModified\":\"2026-04-06T13:21:18+00:00\",\"description\":\"5 ravip\u00e4evaga tervisepakett pension\u00e4ridele \u2013 raviprotseduurid, majutus ja teadusp\u00f5hine l\u00e4henemine tervise toetamiseks.\",\"breadcrumb\":{\"@id\":\"https:\\\/\\\/narvajoesuu.ee\\\/fi\\\/terveysloma\\\/eripakkumised\\\/tervisepakett-5-ravipaeva-parim-pakkumine-pensionaridele\\\/#breadcrumb\"},\"inLanguage\":\"fi\",\"potentialAction\":[{\"@type\":\"ReadAction\",\"target\":[\"https:\\\/\\\/narvajoesuu.ee\\\/fi\\\/terveysloma\\\/eripakkumised\\\/tervisepakett-5-ravipaeva-parim-pakkumine-pensionaridele\\\/\"]}]},{\"@type\":\"BreadcrumbList\",\"@id\":\"https:\\\/\\\/narvajoesuu.ee\\\/fi\\\/terveysloma\\\/eripakkumised\\\/tervisepakett-5-ravipaeva-parim-pakkumine-pensionaridele\\\/#breadcrumb\",\"itemListElement\":[{\"@type\":\"ListItem\",\"position\":1,\"name\":\"Home\",\"item\":\"https:\\\/\\\/narvajoesuu.ee\\\/fi\\\/\"},{\"@type\":\"ListItem\",\"position\":2,\"name\":\"Terveysloma\",\"item\":\"https:\\\/\\\/narvajoesuu.ee\\\/fi\\\/terveysloma\\\/\"},{\"@type\":\"ListItem\",\"position\":3,\"name\":\"Eripakkumised\",\"item\":\"https:\\\/\\\/narvajoesuu.ee\\\/fi\\\/terveysloma\\\/eripakkumised\\\/\"},{\"@type\":\"ListItem\",\"position\":4,\"name\":\"&#171;TERVISEPAKETT&#187; (5 ravip\u00e4eva) &#8212; Parim pakkumine pension\u00e4ridele!\"}]},{\"@type\":\"WebSite\",\"@id\":\"https:\\\/\\\/narvajoesuu.ee\\\/#website\",\"url\":\"https:\\\/\\\/narvajoesuu.ee\\\/\",\"name\":\"MEDICAL SPA NARVA-J\u00d5ESUU\",\"description\":\"\",\"publisher\":{\"@id\":\"https:\\\/\\\/narvajoesuu.ee\\\/#organization\"},\"potentialAction\":[{\"@type\":\"SearchAction\",\"target\":{\"@type\":\"EntryPoint\",\"urlTemplate\":\"https:\\\/\\\/narvajoesuu.ee\\\/?s={search_term_string}\"},\"query-input\":{\"@type\":\"PropertyValueSpecification\",\"valueRequired\":true,\"valueName\":\"search_term_string\"}}],\"inLanguage\":\"fi\"},{\"@type\":\"Organization\",\"@id\":\"https:\\\/\\\/narvajoesuu.ee\\\/#organization\",\"name\":\"Narva-J\u00f5esuu Medical SPA\",\"url\":\"https:\\\/\\\/narvajoesuu.ee\\\/\",\"logo\":{\"@type\":\"ImageObject\",\"inLanguage\":\"fi\",\"@id\":\"https:\\\/\\\/narvajoesuu.ee\\\/#\\\/schema\\\/logo\\\/image\\\/\",\"url\":\"https:\\\/\\\/narvajoesuu.ee\\\/wp-content\\\/uploads\\\/2020\\\/10\\\/narvajoesuu-logo-small.png\",\"contentUrl\":\"https:\\\/\\\/narvajoesuu.ee\\\/wp-content\\\/uploads\\\/2020\\\/10\\\/narvajoesuu-logo-small.png\",\"width\":170,\"height\":170,\"caption\":\"Narva-J\u00f5esuu Medical SPA\"},\"image\":{\"@id\":\"https:\\\/\\\/narvajoesuu.ee\\\/#\\\/schema\\\/logo\\\/image\\\/\"}}]}<\/script>\n<!-- \/ Yoast SEO plugin. -->","yoast_head_json":{"title":"Tervisepakett 5 ravip\u00e4eva | Narva-J\u00f5esuu Medical SPA","description":"5 ravip\u00e4evaga tervisepakett pension\u00e4ridele \u2013 raviprotseduurid, majutus ja teadusp\u00f5hine l\u00e4henemine tervise toetamiseks.","robots":{"index":"index","follow":"follow","max-snippet":"max-snippet:-1","max-image-preview":"max-image-preview:large","max-video-preview":"max-video-preview:-1"},"canonical":"https:\/\/narvajoesuu.ee\/fi\/terveysloma\/eripakkumised\/tervisepakett-5-ravipaeva-parim-pakkumine-pensionaridele\/","og_locale":"fi_FI","og_type":"article","og_title":"Tervisepakett 5 ravip\u00e4eva | Narva-J\u00f5esuu Medical SPA","og_description":"5 ravip\u00e4evaga tervisepakett pension\u00e4ridele \u2013 raviprotseduurid, majutus ja teadusp\u00f5hine l\u00e4henemine tervise toetamiseks.","og_url":"https:\/\/narvajoesuu.ee\/fi\/terveysloma\/eripakkumised\/tervisepakett-5-ravipaeva-parim-pakkumine-pensionaridele\/","og_site_name":"MEDICAL SPA NARVA-J\u00d5ESUU","article_modified_time":"2026-04-06T13:21:18+00:00","og_image":[{"width":1200,"height":630,"url":"https:\/\/narvajoesuu.ee\/wp-content\/uploads\/2021\/12\/Maja-pilt.png","type":"image\/png"}],"twitter_card":"summary_large_image","twitter_misc":{"Arvioitu lukuaika":"2 minuuttia"},"schema":{"@context":"https:\/\/schema.org","@graph":[{"@type":"WebPage","@id":"https:\/\/narvajoesuu.ee\/fi\/terveysloma\/eripakkumised\/tervisepakett-5-ravipaeva-parim-pakkumine-pensionaridele\/","url":"https:\/\/narvajoesuu.ee\/fi\/terveysloma\/eripakkumised\/tervisepakett-5-ravipaeva-parim-pakkumine-pensionaridele\/","name":"Tervisepakett 5 ravip\u00e4eva | Narva-J\u00f5esuu Medical SPA","isPartOf":{"@id":"https:\/\/narvajoesuu.ee\/#website"},"datePublished":"2021-01-04T12:28:46+00:00","dateModified":"2026-04-06T13:21:18+00:00","description":"5 ravip\u00e4evaga tervisepakett pension\u00e4ridele \u2013 raviprotseduurid, majutus ja teadusp\u00f5hine l\u00e4henemine tervise toetamiseks.","breadcrumb":{"@id":"https:\/\/narvajoesuu.ee\/fi\/terveysloma\/eripakkumised\/tervisepakett-5-ravipaeva-parim-pakkumine-pensionaridele\/#breadcrumb"},"inLanguage":"fi","potentialAction":[{"@type":"ReadAction","target":["https:\/\/narvajoesuu.ee\/fi\/terveysloma\/eripakkumised\/tervisepakett-5-ravipaeva-parim-pakkumine-pensionaridele\/"]}]},{"@type":"BreadcrumbList","@id":"https:\/\/narvajoesuu.ee\/fi\/terveysloma\/eripakkumised\/tervisepakett-5-ravipaeva-parim-pakkumine-pensionaridele\/#breadcrumb","itemListElement":[{"@type":"ListItem","position":1,"name":"Home","item":"https:\/\/narvajoesuu.ee\/fi\/"},{"@type":"ListItem","position":2,"name":"Terveysloma","item":"https:\/\/narvajoesuu.ee\/fi\/terveysloma\/"},{"@type":"ListItem","position":3,"name":"Eripakkumised","item":"https:\/\/narvajoesuu.ee\/fi\/terveysloma\/eripakkumised\/"},{"@type":"ListItem","position":4,"name":"&#171;TERVISEPAKETT&#187; (5 ravip\u00e4eva) &#8212; Parim pakkumine pension\u00e4ridele!"}]},{"@type":"WebSite","@id":"https:\/\/narvajoesuu.ee\/#website","url":"https:\/\/narvajoesuu.ee\/","name":"MEDICAL SPA NARVA-J\u00d5ESUU","description":"","publisher":{"@id":"https:\/\/narvajoesuu.ee\/#organization"},"potentialAction":[{"@type":"SearchAction","target":{"@type":"EntryPoint","urlTemplate":"https:\/\/narvajoesuu.ee\/?s={search_term_string}"},"query-input":{"@type":"PropertyValueSpecification","valueRequired":true,"valueName":"search_term_string"}}],"inLanguage":"fi"},{"@type":"Organization","@id":"https:\/\/narvajoesuu.ee\/#organization","name":"Narva-J\u00f5esuu Medical SPA","url":"https:\/\/narvajoesuu.ee\/","logo":{"@type":"ImageObject","inLanguage":"fi","@id":"https:\/\/narvajoesuu.ee\/#\/schema\/logo\/image\/","url":"https:\/\/narvajoesuu.ee\/wp-content\/uploads\/2020\/10\/narvajoesuu-logo-small.png","contentUrl":"https:\/\/narvajoesuu.ee\/wp-content\/uploads\/2020\/10\/narvajoesuu-logo-small.png","width":170,"height":170,"caption":"Narva-J\u00f5esuu Medical SPA"},"image":{"@id":"https:\/\/narvajoesuu.ee\/#\/schema\/logo\/image\/"}}]}},"uagb_featured_image_src":{"full":false,"thumbnail":false,"medium":false,"medium_large":false,"large":false,"1536x1536":false,"2048x2048":false,"img-1920x550":false,"img-1920x320":false,"img-1920x200":false,"img-670x480":false,"img-570x280":false,"img-507":false,"img-370x240":false,"img-400x250":false,"img-370x175":false,"img-370x120":false,"img-300":false,"img-170":false},"uagb_author_info":{"display_name":"Maksim Mitrofanov","author_link":"https:\/\/narvajoesuu.ee\/fi\/author\/maksim\/"},"uagb_comment_info":0,"uagb_excerpt":"Kallid senioorid, tulge ja veetke 5 tervislikku p\u00e4eva &#8221;NARVA-J\u00d5ESUU&#8221; ravispaas! Check in: sisseregistreerimine tubadesse algab alates kella 16:00Check out: v\u00e4ljaregistreerimine...","_links":{"self":[{"href":"https:\/\/narvajoesuu.ee\/fi\/wp-json\/wp\/v2\/pages\/10497","targetHints":{"allow":["GET"]}}],"collection":[{"href":"https:\/\/narvajoesuu.ee\/fi\/wp-json\/wp\/v2\/pages"}],"about":[{"href":"https:\/\/narvajoesuu.ee\/fi\/wp-json\/wp\/v2\/types\/page"}],"author":[{"embeddable":true,"href":"https:\/\/narvajoesuu.ee\/fi\/wp-json\/wp\/v2\/users\/3"}],"replies":[{"embeddable":true,"href":"https:\/\/narvajoesuu.ee\/fi\/wp-json\/wp\/v2\/comments?post=10497"}],"version-history":[{"count":73,"href":"https:\/\/narvajoesuu.ee\/fi\/wp-json\/wp\/v2\/pages\/10497\/revisions"}],"predecessor-version":[{"id":24029,"href":"https:\/\/narvajoesuu.ee\/fi\/wp-json\/wp\/v2\/pages\/10497\/revisions\/24029"}],"up":[{"embeddable":true,"href":"https:\/\/narvajoesuu.ee\/fi\/wp-json\/wp\/v2\/pages\/10508"}],"wp:attachment":[{"href":"https:\/\/narvajoesuu.ee\/fi\/wp-json\/wp\/v2\/media?parent=10497"}],"curies":[{"name":"wp","href":"https:\/\/api.w.org\/{rel}","templated":true}]}}