{"id":10496,"date":"2021-01-04T15:07:50","date_gmt":"2021-01-04T13:07:50","guid":{"rendered":"https:\/\/narvajoesuu.ee\/terviseprogrammid-taiskasvanud-klientidele\/"},"modified":"2023-03-22T14:01:13","modified_gmt":"2023-03-22T12:01:13","slug":"aikuisille-tarkoitetut-terveysohjelmat","status":"publish","type":"page","link":"https:\/\/narvajoesuu.ee\/fi\/terveysloma\/aikuisille-tarkoitetut-terveysohjelmat\/","title":{"rendered":"Aikuisille tarkoitetut terveysohjelmat"},"content":{"rendered":"\n<p class=\"has-medium-font-size wp-el\">Yli 60 vuoden kylpyl\u00e4hoidon alan toiminnan yhteydess\u00e4 ker\u00e4tyn kokemuksen<br>perusteella olemme varmoja siit\u00e4, ett\u00e4 elimist\u00f6n h\u00e4iri\u00f6tt\u00f6m\u00e4n toimimisen takaamiseksi<br>on terveidenkin ihmisten pidett\u00e4v\u00e4 huolta terveydest\u00e4\u00e4n.<\/p>\n\n\n\n<p class=\"has-medium-font-size wp-el\">Hyv\u00e4 vaihtoehto vastustuskyvyn lis\u00e4\u00e4miseksi ja erilaisten terveysongelmien ehk\u00e4isyyn<br>on juuri sinulle sopivaan terveysohjelmaan perustuva loma.<\/p>\n\n\n\n<div class=\"wp-block-media-text alignwide is-stacked-on-mobile is-vertically-aligned-top\" style=\"grid-template-columns:48% auto\"><figure class=\"wp-block-media-text__media\"><img loading=\"lazy\" decoding=\"async\" width=\"1024\" height=\"614\" src=\"https:\/\/narvajoesuu.ee\/wp-content\/uploads\/2021\/03\/49-1024x614.png\" alt=\"\" class=\"wp-image-2178 size-full\" srcset=\"https:\/\/narvajoesuu.ee\/wp-content\/uploads\/2021\/03\/49-1024x614.png 1024w, https:\/\/narvajoesuu.ee\/wp-content\/uploads\/2021\/03\/49.png 1500w\" sizes=\"auto, (max-width: 1024px) 100vw, 1024px\" \/><\/figure><div class=\"wp-block-media-text__content\">\n<p class=\"has-medium-font-size wp-el\">Ohjelmaan sis\u00e4ltyvien parantavien ja rentouttavien hoitojen lis\u00e4ksi edist\u00e4v\u00e4t terveyden<br>palautumista useammat muut tekij\u00e4t kuten luonto, rauhallinen p\u00e4iv\u00e4rytmi, monipuolinen<br>ruoka ja uinti eritt\u00e4in puhtaalla arteesisella vedell\u00e4 t\u00e4ytetyss\u00e4 altaassa.<\/p>\n<\/div><\/div>\n","protected":false},"excerpt":{"rendered":"<p>Yli 60 vuoden kylpyl\u00e4hoidon alan toiminnan yhteydess\u00e4 ker\u00e4tyn kokemuksenperusteella olemme varmoja siit\u00e4, ett\u00e4 elimist\u00f6n h\u00e4iri\u00f6tt\u00f6m\u00e4n toimimisen takaamiseksion terveidenkin ihmisten pidett\u00e4v\u00e4&#8230;<\/p>\n","protected":false},"author":3,"featured_media":0,"parent":10722,"menu_order":491,"comment_status":"closed","ping_status":"closed","template":"","meta":{"_acf_changed":false,"_uag_custom_page_level_css":"","_monsterinsights_skip_tracking":false,"_monsterinsights_sitenote_active":false,"_monsterinsights_sitenote_note":"","_monsterinsights_sitenote_category":0,"footnotes":""},"class_list":["post-10496","page","type-page","status-publish","hentry"],"acf":[],"yoast_head":"<!-- This site is optimized with the Yoast SEO plugin v27.3 - https:\/\/yoast.com\/product\/yoast-seo-wordpress\/ -->\n<title>Aikuisille tarkoitetut terveysohjelmat - MEDICAL SPA NARVA-J\u00d5ESUU<\/title>\n<meta name=\"robots\" content=\"index, follow, max-snippet:-1, max-image-preview:large, max-video-preview:-1\" \/>\n<link rel=\"canonical\" href=\"https:\/\/narvajoesuu.ee\/fi\/terveysloma\/aikuisille-tarkoitetut-terveysohjelmat\/\" \/>\n<meta property=\"og:locale\" content=\"fi_FI\" \/>\n<meta property=\"og:type\" content=\"article\" \/>\n<meta property=\"og:title\" content=\"Aikuisille tarkoitetut terveysohjelmat - MEDICAL SPA NARVA-J\u00d5ESUU\" \/>\n<meta property=\"og:description\" content=\"Yli 60 vuoden kylpyl\u00e4hoidon alan toiminnan yhteydess\u00e4 ker\u00e4tyn kokemuksenperusteella olemme varmoja siit\u00e4, ett\u00e4 elimist\u00f6n h\u00e4iri\u00f6tt\u00f6m\u00e4n toimimisen takaamiseksion terveidenkin ihmisten pidett\u00e4v\u00e4...\" \/>\n<meta property=\"og:url\" content=\"https:\/\/narvajoesuu.ee\/fi\/terveysloma\/aikuisille-tarkoitetut-terveysohjelmat\/\" \/>\n<meta property=\"og:site_name\" content=\"MEDICAL SPA NARVA-J\u00d5ESUU\" \/>\n<meta property=\"article:modified_time\" content=\"2023-03-22T12:01:13+00:00\" \/>\n<meta property=\"og:image\" content=\"https:\/\/narvajoesuu.ee\/wp-content\/uploads\/2021\/03\/49-1024x614.png\" \/>\n<meta name=\"twitter:card\" content=\"summary_large_image\" \/>\n<meta name=\"twitter:label1\" content=\"Arvioitu lukuaika\" \/>\n\t<meta name=\"twitter:data1\" content=\"1 minuutti\" \/>\n<script type=\"application\/ld+json\" class=\"yoast-schema-graph\">{\"@context\":\"https:\\\/\\\/schema.org\",\"@graph\":[{\"@type\":\"WebPage\",\"@id\":\"https:\\\/\\\/narvajoesuu.ee\\\/fi\\\/terveysloma\\\/aikuisille-tarkoitetut-terveysohjelmat\\\/\",\"url\":\"https:\\\/\\\/narvajoesuu.ee\\\/fi\\\/terveysloma\\\/aikuisille-tarkoitetut-terveysohjelmat\\\/\",\"name\":\"Aikuisille tarkoitetut terveysohjelmat - MEDICAL SPA NARVA-J\u00d5ESUU\",\"isPartOf\":{\"@id\":\"https:\\\/\\\/narvajoesuu.ee\\\/#website\"},\"primaryImageOfPage\":{\"@id\":\"https:\\\/\\\/narvajoesuu.ee\\\/fi\\\/terveysloma\\\/aikuisille-tarkoitetut-terveysohjelmat\\\/#primaryimage\"},\"image\":{\"@id\":\"https:\\\/\\\/narvajoesuu.ee\\\/fi\\\/terveysloma\\\/aikuisille-tarkoitetut-terveysohjelmat\\\/#primaryimage\"},\"thumbnailUrl\":\"https:\\\/\\\/narvajoesuu.ee\\\/wp-content\\\/uploads\\\/2021\\\/03\\\/49-1024x614.png\",\"datePublished\":\"2021-01-04T13:07:50+00:00\",\"dateModified\":\"2023-03-22T12:01:13+00:00\",\"breadcrumb\":{\"@id\":\"https:\\\/\\\/narvajoesuu.ee\\\/fi\\\/terveysloma\\\/aikuisille-tarkoitetut-terveysohjelmat\\\/#breadcrumb\"},\"inLanguage\":\"fi\",\"potentialAction\":[{\"@type\":\"ReadAction\",\"target\":[\"https:\\\/\\\/narvajoesuu.ee\\\/fi\\\/terveysloma\\\/aikuisille-tarkoitetut-terveysohjelmat\\\/\"]}]},{\"@type\":\"ImageObject\",\"inLanguage\":\"fi\",\"@id\":\"https:\\\/\\\/narvajoesuu.ee\\\/fi\\\/terveysloma\\\/aikuisille-tarkoitetut-terveysohjelmat\\\/#primaryimage\",\"url\":\"https:\\\/\\\/narvajoesuu.ee\\\/wp-content\\\/uploads\\\/2021\\\/03\\\/49-1024x614.png\",\"contentUrl\":\"https:\\\/\\\/narvajoesuu.ee\\\/wp-content\\\/uploads\\\/2021\\\/03\\\/49-1024x614.png\"},{\"@type\":\"BreadcrumbList\",\"@id\":\"https:\\\/\\\/narvajoesuu.ee\\\/fi\\\/terveysloma\\\/aikuisille-tarkoitetut-terveysohjelmat\\\/#breadcrumb\",\"itemListElement\":[{\"@type\":\"ListItem\",\"position\":1,\"name\":\"Home\",\"item\":\"https:\\\/\\\/narvajoesuu.ee\\\/fi\\\/\"},{\"@type\":\"ListItem\",\"position\":2,\"name\":\"Terveysloma\",\"item\":\"https:\\\/\\\/narvajoesuu.ee\\\/fi\\\/terveysloma\\\/\"},{\"@type\":\"ListItem\",\"position\":3,\"name\":\"Aikuisille tarkoitetut terveysohjelmat\"}]},{\"@type\":\"WebSite\",\"@id\":\"https:\\\/\\\/narvajoesuu.ee\\\/#website\",\"url\":\"https:\\\/\\\/narvajoesuu.ee\\\/\",\"name\":\"MEDICAL SPA NARVA-J\u00d5ESUU\",\"description\":\"\",\"publisher\":{\"@id\":\"https:\\\/\\\/narvajoesuu.ee\\\/#organization\"},\"potentialAction\":[{\"@type\":\"SearchAction\",\"target\":{\"@type\":\"EntryPoint\",\"urlTemplate\":\"https:\\\/\\\/narvajoesuu.ee\\\/?s={search_term_string}\"},\"query-input\":{\"@type\":\"PropertyValueSpecification\",\"valueRequired\":true,\"valueName\":\"search_term_string\"}}],\"inLanguage\":\"fi\"},{\"@type\":\"Organization\",\"@id\":\"https:\\\/\\\/narvajoesuu.ee\\\/#organization\",\"name\":\"Narva-J\u00f5esuu Medical SPA\",\"url\":\"https:\\\/\\\/narvajoesuu.ee\\\/\",\"logo\":{\"@type\":\"ImageObject\",\"inLanguage\":\"fi\",\"@id\":\"https:\\\/\\\/narvajoesuu.ee\\\/#\\\/schema\\\/logo\\\/image\\\/\",\"url\":\"https:\\\/\\\/narvajoesuu.ee\\\/wp-content\\\/uploads\\\/2020\\\/10\\\/narvajoesuu-logo-small.png\",\"contentUrl\":\"https:\\\/\\\/narvajoesuu.ee\\\/wp-content\\\/uploads\\\/2020\\\/10\\\/narvajoesuu-logo-small.png\",\"width\":170,\"height\":170,\"caption\":\"Narva-J\u00f5esuu Medical SPA\"},\"image\":{\"@id\":\"https:\\\/\\\/narvajoesuu.ee\\\/#\\\/schema\\\/logo\\\/image\\\/\"}}]}<\/script>\n<!-- \/ Yoast SEO plugin. -->","yoast_head_json":{"title":"Aikuisille tarkoitetut terveysohjelmat - MEDICAL SPA NARVA-J\u00d5ESUU","robots":{"index":"index","follow":"follow","max-snippet":"max-snippet:-1","max-image-preview":"max-image-preview:large","max-video-preview":"max-video-preview:-1"},"canonical":"https:\/\/narvajoesuu.ee\/fi\/terveysloma\/aikuisille-tarkoitetut-terveysohjelmat\/","og_locale":"fi_FI","og_type":"article","og_title":"Aikuisille tarkoitetut terveysohjelmat - MEDICAL SPA NARVA-J\u00d5ESUU","og_description":"Yli 60 vuoden kylpyl\u00e4hoidon alan toiminnan yhteydess\u00e4 ker\u00e4tyn kokemuksenperusteella olemme varmoja siit\u00e4, ett\u00e4 elimist\u00f6n h\u00e4iri\u00f6tt\u00f6m\u00e4n toimimisen takaamiseksion terveidenkin ihmisten pidett\u00e4v\u00e4...","og_url":"https:\/\/narvajoesuu.ee\/fi\/terveysloma\/aikuisille-tarkoitetut-terveysohjelmat\/","og_site_name":"MEDICAL SPA NARVA-J\u00d5ESUU","article_modified_time":"2023-03-22T12:01:13+00:00","og_image":[{"url":"https:\/\/narvajoesuu.ee\/wp-content\/uploads\/2021\/03\/49-1024x614.png","type":"","width":"","height":""}],"twitter_card":"summary_large_image","twitter_misc":{"Arvioitu lukuaika":"1 minuutti"},"schema":{"@context":"https:\/\/schema.org","@graph":[{"@type":"WebPage","@id":"https:\/\/narvajoesuu.ee\/fi\/terveysloma\/aikuisille-tarkoitetut-terveysohjelmat\/","url":"https:\/\/narvajoesuu.ee\/fi\/terveysloma\/aikuisille-tarkoitetut-terveysohjelmat\/","name":"Aikuisille tarkoitetut terveysohjelmat - MEDICAL SPA NARVA-J\u00d5ESUU","isPartOf":{"@id":"https:\/\/narvajoesuu.ee\/#website"},"primaryImageOfPage":{"@id":"https:\/\/narvajoesuu.ee\/fi\/terveysloma\/aikuisille-tarkoitetut-terveysohjelmat\/#primaryimage"},"image":{"@id":"https:\/\/narvajoesuu.ee\/fi\/terveysloma\/aikuisille-tarkoitetut-terveysohjelmat\/#primaryimage"},"thumbnailUrl":"https:\/\/narvajoesuu.ee\/wp-content\/uploads\/2021\/03\/49-1024x614.png","datePublished":"2021-01-04T13:07:50+00:00","dateModified":"2023-03-22T12:01:13+00:00","breadcrumb":{"@id":"https:\/\/narvajoesuu.ee\/fi\/terveysloma\/aikuisille-tarkoitetut-terveysohjelmat\/#breadcrumb"},"inLanguage":"fi","potentialAction":[{"@type":"ReadAction","target":["https:\/\/narvajoesuu.ee\/fi\/terveysloma\/aikuisille-tarkoitetut-terveysohjelmat\/"]}]},{"@type":"ImageObject","inLanguage":"fi","@id":"https:\/\/narvajoesuu.ee\/fi\/terveysloma\/aikuisille-tarkoitetut-terveysohjelmat\/#primaryimage","url":"https:\/\/narvajoesuu.ee\/wp-content\/uploads\/2021\/03\/49-1024x614.png","contentUrl":"https:\/\/narvajoesuu.ee\/wp-content\/uploads\/2021\/03\/49-1024x614.png"},{"@type":"BreadcrumbList","@id":"https:\/\/narvajoesuu.ee\/fi\/terveysloma\/aikuisille-tarkoitetut-terveysohjelmat\/#breadcrumb","itemListElement":[{"@type":"ListItem","position":1,"name":"Home","item":"https:\/\/narvajoesuu.ee\/fi\/"},{"@type":"ListItem","position":2,"name":"Terveysloma","item":"https:\/\/narvajoesuu.ee\/fi\/terveysloma\/"},{"@type":"ListItem","position":3,"name":"Aikuisille tarkoitetut terveysohjelmat"}]},{"@type":"WebSite","@id":"https:\/\/narvajoesuu.ee\/#website","url":"https:\/\/narvajoesuu.ee\/","name":"MEDICAL SPA NARVA-J\u00d5ESUU","description":"","publisher":{"@id":"https:\/\/narvajoesuu.ee\/#organization"},"potentialAction":[{"@type":"SearchAction","target":{"@type":"EntryPoint","urlTemplate":"https:\/\/narvajoesuu.ee\/?s={search_term_string}"},"query-input":{"@type":"PropertyValueSpecification","valueRequired":true,"valueName":"search_term_string"}}],"inLanguage":"fi"},{"@type":"Organization","@id":"https:\/\/narvajoesuu.ee\/#organization","name":"Narva-J\u00f5esuu Medical SPA","url":"https:\/\/narvajoesuu.ee\/","logo":{"@type":"ImageObject","inLanguage":"fi","@id":"https:\/\/narvajoesuu.ee\/#\/schema\/logo\/image\/","url":"https:\/\/narvajoesuu.ee\/wp-content\/uploads\/2020\/10\/narvajoesuu-logo-small.png","contentUrl":"https:\/\/narvajoesuu.ee\/wp-content\/uploads\/2020\/10\/narvajoesuu-logo-small.png","width":170,"height":170,"caption":"Narva-J\u00f5esuu Medical SPA"},"image":{"@id":"https:\/\/narvajoesuu.ee\/#\/schema\/logo\/image\/"}}]}},"uagb_featured_image_src":{"full":false,"thumbnail":false,"medium":false,"medium_large":false,"large":false,"1536x1536":false,"2048x2048":false,"img-1920x550":false,"img-1920x320":false,"img-1920x200":false,"img-670x480":false,"img-570x280":false,"img-507":false,"img-370x240":false,"img-400x250":false,"img-370x175":false,"img-370x120":false,"img-300":false,"img-170":false},"uagb_author_info":{"display_name":"Maksim Mitrofanov","author_link":"https:\/\/narvajoesuu.ee\/fi\/author\/maksim\/"},"uagb_comment_info":0,"uagb_excerpt":"Yli 60 vuoden kylpyl\u00e4hoidon alan toiminnan yhteydess\u00e4 ker\u00e4tyn kokemuksenperusteella olemme varmoja siit\u00e4, ett\u00e4 elimist\u00f6n h\u00e4iri\u00f6tt\u00f6m\u00e4n toimimisen takaamiseksion terveidenkin ihmisten pidett\u00e4v\u00e4...","_links":{"self":[{"href":"https:\/\/narvajoesuu.ee\/fi\/wp-json\/wp\/v2\/pages\/10496","targetHints":{"allow":["GET"]}}],"collection":[{"href":"https:\/\/narvajoesuu.ee\/fi\/wp-json\/wp\/v2\/pages"}],"about":[{"href":"https:\/\/narvajoesuu.ee\/fi\/wp-json\/wp\/v2\/types\/page"}],"author":[{"embeddable":true,"href":"https:\/\/narvajoesuu.ee\/fi\/wp-json\/wp\/v2\/users\/3"}],"replies":[{"embeddable":true,"href":"https:\/\/narvajoesuu.ee\/fi\/wp-json\/wp\/v2\/comments?post=10496"}],"version-history":[{"count":1,"href":"https:\/\/narvajoesuu.ee\/fi\/wp-json\/wp\/v2\/pages\/10496\/revisions"}],"predecessor-version":[{"id":12052,"href":"https:\/\/narvajoesuu.ee\/fi\/wp-json\/wp\/v2\/pages\/10496\/revisions\/12052"}],"up":[{"embeddable":true,"href":"https:\/\/narvajoesuu.ee\/fi\/wp-json\/wp\/v2\/pages\/10722"}],"wp:attachment":[{"href":"https:\/\/narvajoesuu.ee\/fi\/wp-json\/wp\/v2\/media?parent=10496"}],"curies":[{"name":"wp","href":"https:\/\/api.w.org\/{rel}","templated":true}]}}