{"id":10489,"date":"2021-01-04T15:09:46","date_gmt":"2021-01-04T13:09:46","guid":{"rendered":"https:\/\/narvajoesuu.ee\/mini-pakett-tervis\/"},"modified":"2026-01-16T15:51:46","modified_gmt":"2026-01-16T13:51:46","slug":"terveys-minipaketti-1-2-tai-3-yota","status":"publish","type":"page","link":"https:\/\/narvajoesuu.ee\/fi\/terveysloma\/aikuisille-tarkoitetut-terveysohjelmat\/terveys-minipaketti-1-2-tai-3-yota\/","title":{"rendered":"Terveys-minipaketti (1, 2 tai 3 y\u00f6t\u00e4)"},"content":{"rendered":"<div class=\"b-block pad-top-30 pad-bottom-20\"><div class=\"p-emphasis b-part container-p0 p-emphasis--info\"><p>T\u00e4m\u00e4 mini-paketti ohjelma on tarkoitettu niille, jotka eiv\u00e4t saa olla pitk\u00e4\u00e4n poissa p\u00e4ivitt\u00e4isist\u00e4 teht\u00e4vist\u00e4\u00e4n eik\u00e4 matkustaa kylpyl\u00e4\u00e4mme pidemm\u00e4ksi aikaa. Jokainen lomap\u00e4iv\u00e4 sis\u00e4lt\u00e4\u00e4 3 vapaasti valittua hoitoa.<\/p>\n<p>Raikas ilma, hiljaisuus ja k\u00e4velyretket meren rannalla sopivat erinomaisella tavalla<br \/>\nyhteen hoitojen kanssa. Vakuutamme, ett\u00e4 lyhytkin loma, joka koostuu vain<br \/>\nlepop\u00e4ivist\u00e4, edist\u00e4\u00e4 voiman nopeaa palautumista ja stressitason alenemista.<\/p>\n<\/div><\/div>\n\n\n<h3 class=\"wp-block-heading wp-el\" id=\"pakett-sisaldab\">MINIPAKETTIIN SIS\u00c4LTYY:<\/h3>\n\n\n\n<ul class=\"wp-block-list wp-el\">\n<li>Terveysneuvonta (15 min). Hoidot m\u00e4\u00e4r\u00e4t\u00e4\u00e4n terveysneuvonnan yhteydess\u00e4.<\/li>\n<\/ul>\n\n\n\n<h3 class=\"wp-block-heading wp-el\" id=\"iga-paev-sisaldab-4-erinevat-protseduuri-teie-valiku-jargi\">Jokainen hoitop\u00e4iv\u00e4 sis\u00e4lt\u00e4\u00e4 3 hoitoa seuraavasta valikoimasta:<\/h3>\n\n\n\n<div class=\"wp-block-columns is-layout-flex wp-container-core-columns-is-layout-9d6595d7 wp-block-columns-is-layout-flex\">\n<div class=\"wp-block-column is-layout-flow wp-block-column-is-layout-flow\">\n<ul class=\"wp-block-list wp-el\">\n<li><a href=\"https:\/\/narvajoesuu.ee\/fi\/kylpylaloma\/tehokkaat-ja-ainutlaatuiset-laitehoidot-kasvoille-ja-vartalolle\/rentoutuva-hieronta-quattromano-vesihierontasangylla\/\">Rentouttava ja tehokas hieronta QUATTROMANO vesis\u00e4ngyll\u00e4 (20 min)<\/a><\/li>\n\n\n\n<li><a href=\"https:\/\/narvajoesuu.ee\/fi\/kylpylaloma\/tehokkaat-ja-ainutlaatuiset-laitehoidot-kasvoille-ja-vartalolle\/tehokas-selkahieronta-stimawell-relax-laitteella\/\">Tehokas selk\u00e4hieronta  Stimawell Relax-laitteella (30 min)<\/a><\/li>\n\n\n\n<li><a href=\"https:\/\/narvajoesuu.ee\/fi\/kylpylaloma\/tehokkaat-ja-ainutlaatuiset-laitehoidot-kasvoille-ja-vartalolle\/n-o-logy-stendo-pulsewave-laitehoito-uudistuksellinen-pneumokompressiomenetelma\/\">N.O.logy\u00ae Stendo Pulsewave (uudistuksellinen pneumokompressiomenetelm\u00e4) (20 min)<\/a><\/li>\n\n\n\n<li><a href=\"https:\/\/narvajoesuu.ee\/fi\/kylpylaloma\/tehokkaat-ja-ainutlaatuiset-laitehoidot-kasvoille-ja-vartalolle\/kromoterapia-himalayan-cube-suolakammiossa\/\">Kromoterapia Himalayan Cube suolakammiossa (20 min)<\/a><\/li>\n\n\n\n<li><a href=\"https:\/\/narvajoesuu.ee\/fi\/parantava-loma\/hoidot\/aikuisille-tarkoitetut-hoidot\/hoitokylvyt-ja-muut-vesihoidot\/\">Vesihieronta vesisuihkuilla eli Charcot\u2019 suihku<\/a><\/li>\n\n\n\n<li><a href=\"https:\/\/narvajoesuu.ee\/fi\/parantava-loma\/hoidot\/aikuisille-tarkoitetut-hoidot\/fysioterapia\/\">Happihoito<\/a><\/li>\n<\/ul>\n<\/div>\n\n\n\n<div class=\"wp-block-column is-layout-flow wp-block-column-is-layout-flow\">\n<ul class=\"wp-block-list wp-el\">\n<li><a href=\"https:\/\/narvajoesuu.ee\/fi\/parantava-loma\/hoidot\/aikuisille-tarkoitetut-hoidot\/hoitokylvyt-ja-muut-vesihoidot\/\">Rentouttava hierontakylpy arteesisella vedell\u00e4 ja yrtti\u00f6ljyll\u00e4<\/a><\/li>\n\n\n\n<li><a href=\"https:\/\/narvajoesuu.ee\/fi\/parantava-loma\/hoidot\/aikuisille-tarkoitetut-hoidot\/fysioterapia\/\">Biostimuloiva valoterapia uuden sukupolven Hydrosun -laitteella<\/a><\/li>\n\n\n\n<li><a href=\"https:\/\/narvajoesuu.ee\/fi\/parantava-loma\/hoidot\/aikuisille-tarkoitetut-hoidot\/hoitokylvyt-ja-muut-vesihoidot\/\">DETOX-hoito setritynnyriss\u00e4<\/a><\/li>\n\n\n\n<li><a href=\"https:\/\/narvajoesuu.ee\/fi\/parantava-loma\/hoidot\/aikuisille-tarkoitetut-hoidot\/hieronta-kasi-ja-laitehieronta\/\">Jalkapohjan laitehieronta<\/a><\/li>\n\n\n\n<li>L\u00e4mmin parafiinihoito k\u00e4sille<\/li>\n\n\n\n<li><a href=\"https:\/\/narvajoesuu.ee\/fi\/parantava-loma\/hoidot\/aikuisille-tarkoitetut-hoidot\/hieronta-kasi-ja-laitehieronta\/\">Hoito&nbsp;\u201cNeulamatto\u201d<\/a><\/li>\n\n\n\n<li><a href=\"https:\/\/narvajoesuu.ee\/fi\/parantava-loma\/hoidot\/aikuisille-tarkoitetut-hoidot\/fysioterapia\/\">Inhalaatio<\/a><\/li>\n<\/ul>\n<\/div>\n<\/div>\n\n\n<div class=\"b-block pad-top-30 pad-bottom-20\"><div class=\"p-emphasis b-part container-p0 p-emphasis--warn\"><p><strong>Pyyd\u00e4mme varaamaan hoidot etuk\u00e4teen:<\/strong><br \/>\nTel +372 35 99 523<br \/>\nilu@narvajoesuu.ee<\/p>\n<\/div><\/div>\n\n\n<h3 class=\"wp-block-heading wp-el\" id=\"lisaks-protseduuridele-pakett-sisaldab\">Hoitojen lis\u00e4ksi sis\u00e4ltyy pakettiin:<\/h3>\n\n\n\n<ul class=\"wp-block-list wp-el\">\n<li>Majoitus yhden tai kahden hengen huoneessa (saapuminen 16:00, l\u00e4ht\u00f6 12:00)<\/li>\n\n\n\n<li>Buffetaamiaiset, -p\u00e4iv\u00e4lliset ja \u2013illalliset<\/li>\n\n\n\n<li><a href=\"https:\/\/narvajoesuu.ee\/fi\/kylpylaloma\/saunakeskus\/galleria\/\">Saunakeskuksen,<\/a> uima-altaan ja kuntosalin rajoittamaton k\u00e4ytt\u00f6 (joka p\u00e4iv\u00e4 aukioloaikoina)<\/li>\n\n\n\n<li><a href=\"https:\/\/narvajoesuu.ee\/fi\/kylpylaloma\/arteesisella-vedella-taytetty-lammitetty-ulkoallas-ja-poreallas-aurinkoterassilla\/\">L\u00e4mmitetyn ulkoaltaan ja porealtaan k\u00e4ytt\u00f6<\/a>&nbsp;(veden l\u00e4mp\u00f6tila on kylm\u00e4ll\u00e4 s\u00e4\u00e4ll\u00e4kin 30\u00b0\u0421) \/ auki huhtikuusta lokakuuhun)<\/li>\n\n\n\n<li>Aamutakit, pys\u00e4k\u00f6inti ja WiFi<\/li>\n<\/ul>\n\n\n\n<h3 class=\"wp-block-heading wp-el\" id=\"hind-kuni-30-12-2022\">Hinta  12.01.26-31.05.26 \/ 01.09.26-22.12.26<\/h3>\n\n\n\n<figure class=\"wp-block-table is-style-stripes\"><table><thead><tr><th class=\"has-text-align-left\" data-align=\"left\">P\u00e4ivien lukum\u00e4\u00e4r\u00e4<\/th><th class=\"has-text-align-center\" data-align=\"center\">\u00bd TWIN<\/th><th class=\"has-text-align-center\" data-align=\"center\">SINGLE<\/th><\/tr><\/thead><tbody><tr><td class=\"has-text-align-left\" data-align=\"left\">1 &nbsp;hoitop\u00e4iv\u00e4<\/td><td class=\"has-text-align-center\" data-align=\"center\"><em>89 \u20ac<\/em><\/td><td class=\"has-text-align-center\" data-align=\"center\"><em>109 \u20ac<\/em><\/td><\/tr><tr><td class=\"has-text-align-left\" data-align=\"left\">2 &nbsp;hoitop\u00e4iv\u00e4<\/td><td class=\"has-text-align-center\" data-align=\"center\"><em>178 \u20ac<\/em><\/td><td class=\"has-text-align-center\" data-align=\"center\"><em>218 \u20ac<\/em><\/td><\/tr><tr><td class=\"has-text-align-left\" data-align=\"left\">3 &nbsp;hoitop\u00e4iv\u00e4<\/td><td class=\"has-text-align-center\" data-align=\"center\"><em>267 \u20ac<\/em><\/td><td class=\"has-text-align-center\" data-align=\"center\"><em>327 \u20ac<\/em><\/td><\/tr><\/tbody><\/table><\/figure>\n\n\n\n<div style=\"height:21px\" aria-hidden=\"true\" class=\"wp-block-spacer\"><\/div>\n\n\n\n<hr class=\"wp-block-separator has-alpha-channel-opacity\"\/>\n\n\n\n<h3 class=\"wp-block-heading wp-el\" id=\"hind-kuni-30-12-2022\">Hinta 01.06.26-31.08.26 \/ 23.12.26-30.12.26 \/ 01.01.27-03.01.27<\/h3>\n\n\n\n<figure class=\"wp-block-table is-style-stripes\"><table><thead><tr><th class=\"has-text-align-left\" data-align=\"left\">P\u00e4ivien lukum\u00e4\u00e4r\u00e4<\/th><th class=\"has-text-align-center\" data-align=\"center\">\u00bd TWIN<\/th><th class=\"has-text-align-center\" data-align=\"center\">SINGLE<\/th><\/tr><\/thead><tbody><tr><td class=\"has-text-align-left\" data-align=\"left\">1 &nbsp;hoitop\u00e4iv\u00e4<\/td><td class=\"has-text-align-center\" data-align=\"center\"><em>119 \u20ac<\/em><\/td><td class=\"has-text-align-center\" data-align=\"center\"><em>139 \u20ac<\/em><\/td><\/tr><tr><td class=\"has-text-align-left\" data-align=\"left\">2 &nbsp;hoitop\u00e4iv\u00e4<\/td><td class=\"has-text-align-center\" data-align=\"center\"><em>238 \u20ac<\/em><\/td><td class=\"has-text-align-center\" data-align=\"center\"><em>278 \u20ac<\/em><\/td><\/tr><tr><td class=\"has-text-align-left\" data-align=\"left\">3 &nbsp;hoitop\u00e4iv\u00e4<\/td><td class=\"has-text-align-center\" data-align=\"center\"><em>357 \u20ac<\/em><\/td><td class=\"has-text-align-center\" data-align=\"center\"><em>417 \u20ac<\/em><\/td><\/tr><\/tbody><\/table><\/figure>\n\n\n\n<ul class=\"wp-block-list wp-el\">\n<li><a href=\"https:\/\/narvajoesuu.ee\/fi\/hotelli\/huoneet\/lisamaksu-majoituksesta-paketin-ostaneille\/\">Lis\u00e4maksu paketin ostaneille asiakkaille<\/a><\/li>\n\n\n\n<li><a href=\"https:\/\/narvajoesuu.ee\/fi\/hotelli\/asiakaskortti\/\">Asiakaskortti<\/a><\/li>\n\n\n\n<li><a href=\"https:\/\/narvajoesuu.ee\/fi\/kylpylaloma\/loma-lasten-kanssa\/\">Loma lasten kanssa<\/a><\/li>\n\n\n\n<li><a href=\"https:\/\/narvajoesuu.ee\/fi\/hotelli\/varausehdot\/\">Pakettien varausehdot<\/a><\/li>\n<\/ul>\n\n\n<div class=\"b-block pad-top-30 pad-bottom-20\"><div class=\"p-emphasis b-part container-p0 p-emphasis--warn\"><p>Huomio! Kylpyl\u00e4 pid\u00e4tt\u00e4\u00e4 itselleen oikeuden hinnanmuutoksiin ilman etuk\u00e4teen<br \/>\nilmoittamatta. Asiakkaille ei palauteta ennakkoa palveluista, jotka ovat j\u00e4\u00e4neet<br \/>\nk\u00e4ytt\u00e4m\u00e4tt\u00e4 Narva-J\u00f5esuun kylpyl\u00e4st\u00e4 riippumattomista syist\u00e4.<\/p>\n<\/div><\/div>","protected":false},"excerpt":{"rendered":"<p>MINIPAKETTIIN SIS\u00c4LTYY: Jokainen hoitop\u00e4iv\u00e4 sis\u00e4lt\u00e4\u00e4 3 hoitoa seuraavasta valikoimasta: Hoitojen lis\u00e4ksi sis\u00e4ltyy pakettiin: Hinta 12.01.26-31.05.26 \/ 01.09.26-22.12.26 P\u00e4ivien lukum\u00e4\u00e4r\u00e4 \u00bd&#8230;<\/p>\n","protected":false},"author":3,"featured_media":0,"parent":10496,"menu_order":520,"comment_status":"closed","ping_status":"closed","template":"","meta":{"_acf_changed":false,"_uag_custom_page_level_css":"","_monsterinsights_skip_tracking":false,"_monsterinsights_sitenote_active":false,"_monsterinsights_sitenote_note":"","_monsterinsights_sitenote_category":0,"footnotes":""},"class_list":["post-10489","page","type-page","status-publish","hentry"],"acf":[],"yoast_head":"<!-- This site is optimized with the Yoast SEO plugin v27.3 - https:\/\/yoast.com\/product\/yoast-seo-wordpress\/ -->\n<title>Terveys-minipaketti (1, 2 tai 3 y\u00f6t\u00e4) - MEDICAL SPA NARVA-J\u00d5ESUU<\/title>\n<meta name=\"robots\" content=\"index, follow, max-snippet:-1, max-image-preview:large, max-video-preview:-1\" \/>\n<link rel=\"canonical\" href=\"https:\/\/narvajoesuu.ee\/fi\/terveysloma\/aikuisille-tarkoitetut-terveysohjelmat\/terveys-minipaketti-1-2-tai-3-yota\/\" \/>\n<meta property=\"og:locale\" content=\"fi_FI\" \/>\n<meta property=\"og:type\" content=\"article\" \/>\n<meta property=\"og:title\" content=\"Terveys-minipaketti (1, 2 tai 3 y\u00f6t\u00e4) - MEDICAL SPA NARVA-J\u00d5ESUU\" \/>\n<meta property=\"og:description\" content=\"MINIPAKETTIIN SIS\u00c4LTYY: Jokainen hoitop\u00e4iv\u00e4 sis\u00e4lt\u00e4\u00e4 3 hoitoa seuraavasta valikoimasta: Hoitojen lis\u00e4ksi sis\u00e4ltyy pakettiin: Hinta 12.01.26-31.05.26 \/ 01.09.26-22.12.26 P\u00e4ivien lukum\u00e4\u00e4r\u00e4 \u00bd...\" \/>\n<meta property=\"og:url\" content=\"https:\/\/narvajoesuu.ee\/fi\/terveysloma\/aikuisille-tarkoitetut-terveysohjelmat\/terveys-minipaketti-1-2-tai-3-yota\/\" \/>\n<meta property=\"og:site_name\" content=\"MEDICAL SPA NARVA-J\u00d5ESUU\" \/>\n<meta property=\"article:modified_time\" content=\"2026-01-16T13:51:46+00:00\" \/>\n<meta property=\"og:image\" content=\"https:\/\/narvajoesuu.ee\/wp-content\/uploads\/2021\/12\/Maja-pilt.png\" \/>\n\t<meta property=\"og:image:width\" content=\"1200\" \/>\n\t<meta property=\"og:image:height\" content=\"630\" \/>\n\t<meta property=\"og:image:type\" content=\"image\/png\" \/>\n<meta name=\"twitter:card\" content=\"summary_large_image\" \/>\n<meta name=\"twitter:label1\" content=\"Arvioitu lukuaika\" \/>\n\t<meta name=\"twitter:data1\" content=\"1 minuutti\" \/>\n<script type=\"application\/ld+json\" class=\"yoast-schema-graph\">{\"@context\":\"https:\\\/\\\/schema.org\",\"@graph\":[{\"@type\":\"WebPage\",\"@id\":\"https:\\\/\\\/narvajoesuu.ee\\\/fi\\\/terveysloma\\\/aikuisille-tarkoitetut-terveysohjelmat\\\/terveys-minipaketti-1-2-tai-3-yota\\\/\",\"url\":\"https:\\\/\\\/narvajoesuu.ee\\\/fi\\\/terveysloma\\\/aikuisille-tarkoitetut-terveysohjelmat\\\/terveys-minipaketti-1-2-tai-3-yota\\\/\",\"name\":\"Terveys-minipaketti (1, 2 tai 3 y\u00f6t\u00e4) - MEDICAL SPA NARVA-J\u00d5ESUU\",\"isPartOf\":{\"@id\":\"https:\\\/\\\/narvajoesuu.ee\\\/#website\"},\"datePublished\":\"2021-01-04T13:09:46+00:00\",\"dateModified\":\"2026-01-16T13:51:46+00:00\",\"breadcrumb\":{\"@id\":\"https:\\\/\\\/narvajoesuu.ee\\\/fi\\\/terveysloma\\\/aikuisille-tarkoitetut-terveysohjelmat\\\/terveys-minipaketti-1-2-tai-3-yota\\\/#breadcrumb\"},\"inLanguage\":\"fi\",\"potentialAction\":[{\"@type\":\"ReadAction\",\"target\":[\"https:\\\/\\\/narvajoesuu.ee\\\/fi\\\/terveysloma\\\/aikuisille-tarkoitetut-terveysohjelmat\\\/terveys-minipaketti-1-2-tai-3-yota\\\/\"]}]},{\"@type\":\"BreadcrumbList\",\"@id\":\"https:\\\/\\\/narvajoesuu.ee\\\/fi\\\/terveysloma\\\/aikuisille-tarkoitetut-terveysohjelmat\\\/terveys-minipaketti-1-2-tai-3-yota\\\/#breadcrumb\",\"itemListElement\":[{\"@type\":\"ListItem\",\"position\":1,\"name\":\"Home\",\"item\":\"https:\\\/\\\/narvajoesuu.ee\\\/fi\\\/\"},{\"@type\":\"ListItem\",\"position\":2,\"name\":\"Terveysloma\",\"item\":\"https:\\\/\\\/narvajoesuu.ee\\\/fi\\\/terveysloma\\\/\"},{\"@type\":\"ListItem\",\"position\":3,\"name\":\"Aikuisille tarkoitetut terveysohjelmat\",\"item\":\"https:\\\/\\\/narvajoesuu.ee\\\/fi\\\/terveysloma\\\/aikuisille-tarkoitetut-terveysohjelmat\\\/\"},{\"@type\":\"ListItem\",\"position\":4,\"name\":\"Terveys-minipaketti (1, 2 tai 3 y\u00f6t\u00e4)\"}]},{\"@type\":\"WebSite\",\"@id\":\"https:\\\/\\\/narvajoesuu.ee\\\/#website\",\"url\":\"https:\\\/\\\/narvajoesuu.ee\\\/\",\"name\":\"MEDICAL SPA NARVA-J\u00d5ESUU\",\"description\":\"\",\"publisher\":{\"@id\":\"https:\\\/\\\/narvajoesuu.ee\\\/#organization\"},\"potentialAction\":[{\"@type\":\"SearchAction\",\"target\":{\"@type\":\"EntryPoint\",\"urlTemplate\":\"https:\\\/\\\/narvajoesuu.ee\\\/?s={search_term_string}\"},\"query-input\":{\"@type\":\"PropertyValueSpecification\",\"valueRequired\":true,\"valueName\":\"search_term_string\"}}],\"inLanguage\":\"fi\"},{\"@type\":\"Organization\",\"@id\":\"https:\\\/\\\/narvajoesuu.ee\\\/#organization\",\"name\":\"Narva-J\u00f5esuu Medical SPA\",\"url\":\"https:\\\/\\\/narvajoesuu.ee\\\/\",\"logo\":{\"@type\":\"ImageObject\",\"inLanguage\":\"fi\",\"@id\":\"https:\\\/\\\/narvajoesuu.ee\\\/#\\\/schema\\\/logo\\\/image\\\/\",\"url\":\"https:\\\/\\\/narvajoesuu.ee\\\/wp-content\\\/uploads\\\/2020\\\/10\\\/narvajoesuu-logo-small.png\",\"contentUrl\":\"https:\\\/\\\/narvajoesuu.ee\\\/wp-content\\\/uploads\\\/2020\\\/10\\\/narvajoesuu-logo-small.png\",\"width\":170,\"height\":170,\"caption\":\"Narva-J\u00f5esuu Medical SPA\"},\"image\":{\"@id\":\"https:\\\/\\\/narvajoesuu.ee\\\/#\\\/schema\\\/logo\\\/image\\\/\"}}]}<\/script>\n<!-- \/ Yoast SEO plugin. -->","yoast_head_json":{"title":"Terveys-minipaketti (1, 2 tai 3 y\u00f6t\u00e4) - MEDICAL SPA NARVA-J\u00d5ESUU","robots":{"index":"index","follow":"follow","max-snippet":"max-snippet:-1","max-image-preview":"max-image-preview:large","max-video-preview":"max-video-preview:-1"},"canonical":"https:\/\/narvajoesuu.ee\/fi\/terveysloma\/aikuisille-tarkoitetut-terveysohjelmat\/terveys-minipaketti-1-2-tai-3-yota\/","og_locale":"fi_FI","og_type":"article","og_title":"Terveys-minipaketti (1, 2 tai 3 y\u00f6t\u00e4) - MEDICAL SPA NARVA-J\u00d5ESUU","og_description":"MINIPAKETTIIN SIS\u00c4LTYY: Jokainen hoitop\u00e4iv\u00e4 sis\u00e4lt\u00e4\u00e4 3 hoitoa seuraavasta valikoimasta: Hoitojen lis\u00e4ksi sis\u00e4ltyy pakettiin: Hinta 12.01.26-31.05.26 \/ 01.09.26-22.12.26 P\u00e4ivien lukum\u00e4\u00e4r\u00e4 \u00bd...","og_url":"https:\/\/narvajoesuu.ee\/fi\/terveysloma\/aikuisille-tarkoitetut-terveysohjelmat\/terveys-minipaketti-1-2-tai-3-yota\/","og_site_name":"MEDICAL SPA NARVA-J\u00d5ESUU","article_modified_time":"2026-01-16T13:51:46+00:00","og_image":[{"width":1200,"height":630,"url":"https:\/\/narvajoesuu.ee\/wp-content\/uploads\/2021\/12\/Maja-pilt.png","type":"image\/png"}],"twitter_card":"summary_large_image","twitter_misc":{"Arvioitu lukuaika":"1 minuutti"},"schema":{"@context":"https:\/\/schema.org","@graph":[{"@type":"WebPage","@id":"https:\/\/narvajoesuu.ee\/fi\/terveysloma\/aikuisille-tarkoitetut-terveysohjelmat\/terveys-minipaketti-1-2-tai-3-yota\/","url":"https:\/\/narvajoesuu.ee\/fi\/terveysloma\/aikuisille-tarkoitetut-terveysohjelmat\/terveys-minipaketti-1-2-tai-3-yota\/","name":"Terveys-minipaketti (1, 2 tai 3 y\u00f6t\u00e4) - MEDICAL SPA NARVA-J\u00d5ESUU","isPartOf":{"@id":"https:\/\/narvajoesuu.ee\/#website"},"datePublished":"2021-01-04T13:09:46+00:00","dateModified":"2026-01-16T13:51:46+00:00","breadcrumb":{"@id":"https:\/\/narvajoesuu.ee\/fi\/terveysloma\/aikuisille-tarkoitetut-terveysohjelmat\/terveys-minipaketti-1-2-tai-3-yota\/#breadcrumb"},"inLanguage":"fi","potentialAction":[{"@type":"ReadAction","target":["https:\/\/narvajoesuu.ee\/fi\/terveysloma\/aikuisille-tarkoitetut-terveysohjelmat\/terveys-minipaketti-1-2-tai-3-yota\/"]}]},{"@type":"BreadcrumbList","@id":"https:\/\/narvajoesuu.ee\/fi\/terveysloma\/aikuisille-tarkoitetut-terveysohjelmat\/terveys-minipaketti-1-2-tai-3-yota\/#breadcrumb","itemListElement":[{"@type":"ListItem","position":1,"name":"Home","item":"https:\/\/narvajoesuu.ee\/fi\/"},{"@type":"ListItem","position":2,"name":"Terveysloma","item":"https:\/\/narvajoesuu.ee\/fi\/terveysloma\/"},{"@type":"ListItem","position":3,"name":"Aikuisille tarkoitetut terveysohjelmat","item":"https:\/\/narvajoesuu.ee\/fi\/terveysloma\/aikuisille-tarkoitetut-terveysohjelmat\/"},{"@type":"ListItem","position":4,"name":"Terveys-minipaketti (1, 2 tai 3 y\u00f6t\u00e4)"}]},{"@type":"WebSite","@id":"https:\/\/narvajoesuu.ee\/#website","url":"https:\/\/narvajoesuu.ee\/","name":"MEDICAL SPA NARVA-J\u00d5ESUU","description":"","publisher":{"@id":"https:\/\/narvajoesuu.ee\/#organization"},"potentialAction":[{"@type":"SearchAction","target":{"@type":"EntryPoint","urlTemplate":"https:\/\/narvajoesuu.ee\/?s={search_term_string}"},"query-input":{"@type":"PropertyValueSpecification","valueRequired":true,"valueName":"search_term_string"}}],"inLanguage":"fi"},{"@type":"Organization","@id":"https:\/\/narvajoesuu.ee\/#organization","name":"Narva-J\u00f5esuu Medical SPA","url":"https:\/\/narvajoesuu.ee\/","logo":{"@type":"ImageObject","inLanguage":"fi","@id":"https:\/\/narvajoesuu.ee\/#\/schema\/logo\/image\/","url":"https:\/\/narvajoesuu.ee\/wp-content\/uploads\/2020\/10\/narvajoesuu-logo-small.png","contentUrl":"https:\/\/narvajoesuu.ee\/wp-content\/uploads\/2020\/10\/narvajoesuu-logo-small.png","width":170,"height":170,"caption":"Narva-J\u00f5esuu Medical SPA"},"image":{"@id":"https:\/\/narvajoesuu.ee\/#\/schema\/logo\/image\/"}}]}},"uagb_featured_image_src":{"full":false,"thumbnail":false,"medium":false,"medium_large":false,"large":false,"1536x1536":false,"2048x2048":false,"img-1920x550":false,"img-1920x320":false,"img-1920x200":false,"img-670x480":false,"img-570x280":false,"img-507":false,"img-370x240":false,"img-400x250":false,"img-370x175":false,"img-370x120":false,"img-300":false,"img-170":false},"uagb_author_info":{"display_name":"Maksim Mitrofanov","author_link":"https:\/\/narvajoesuu.ee\/fi\/author\/maksim\/"},"uagb_comment_info":0,"uagb_excerpt":"MINIPAKETTIIN SIS\u00c4LTYY: Jokainen hoitop\u00e4iv\u00e4 sis\u00e4lt\u00e4\u00e4 3 hoitoa seuraavasta valikoimasta: Hoitojen lis\u00e4ksi sis\u00e4ltyy pakettiin: Hinta 12.01.26-31.05.26 \/ 01.09.26-22.12.26 P\u00e4ivien lukum\u00e4\u00e4r\u00e4 \u00bd...","_links":{"self":[{"href":"https:\/\/narvajoesuu.ee\/fi\/wp-json\/wp\/v2\/pages\/10489","targetHints":{"allow":["GET"]}}],"collection":[{"href":"https:\/\/narvajoesuu.ee\/fi\/wp-json\/wp\/v2\/pages"}],"about":[{"href":"https:\/\/narvajoesuu.ee\/fi\/wp-json\/wp\/v2\/types\/page"}],"author":[{"embeddable":true,"href":"https:\/\/narvajoesuu.ee\/fi\/wp-json\/wp\/v2\/users\/3"}],"replies":[{"embeddable":true,"href":"https:\/\/narvajoesuu.ee\/fi\/wp-json\/wp\/v2\/comments?post=10489"}],"version-history":[{"count":35,"href":"https:\/\/narvajoesuu.ee\/fi\/wp-json\/wp\/v2\/pages\/10489\/revisions"}],"predecessor-version":[{"id":23312,"href":"https:\/\/narvajoesuu.ee\/fi\/wp-json\/wp\/v2\/pages\/10489\/revisions\/23312"}],"up":[{"embeddable":true,"href":"https:\/\/narvajoesuu.ee\/fi\/wp-json\/wp\/v2\/pages\/10496"}],"wp:attachment":[{"href":"https:\/\/narvajoesuu.ee\/fi\/wp-json\/wp\/v2\/media?parent=10489"}],"curies":[{"name":"wp","href":"https:\/\/api.w.org\/{rel}","templated":true}]}}