{"id":10488,"date":"2021-01-04T15:49:30","date_gmt":"2021-01-04T13:49:30","guid":{"rendered":"https:\/\/narvajoesuu.ee\/klassikaline-ravipakett-tervisele-jah\/"},"modified":"2026-01-16T15:53:31","modified_gmt":"2026-01-16T13:53:31","slug":"klassinen-sano-kylla-terveydelle-hoitopaketti-vahintaan-4-hotiopaivaa","status":"publish","type":"page","link":"https:\/\/narvajoesuu.ee\/fi\/terveysloma\/aikuisille-tarkoitetut-terveysohjelmat\/klassinen-sano-kylla-terveydelle-hoitopaketti-vahintaan-4-hotiopaivaa\/","title":{"rendered":"&#8221;Sano kyll\u00e4 terveydelle&#8221;- klassinen hoitopaketti (v\u00e4hint\u00e4\u00e4n 4 p\u00e4iv\u00e4\u00e4)"},"content":{"rendered":"<div class=\"b-block pad-top-30 pad-bottom-20\"><div class=\"p-emphasis b-part container-p0 p-emphasis--info\"><p>Tarjoamme sinulle klassikon, joka on kest\u00e4nyt ajan kokeen ja osoittautunut hyv\u00e4ksi.<br \/>\nMeid\u00e4n asiakkaat pit\u00e4v\u00e4t siit\u00e4. Se on ep\u00e4ilem\u00e4tt\u00e4 bestseller!<\/p>\n<p>Paketti on tarkoitettu tuki- ja liikuntaelinten, syd\u00e4men ja verisuonien ja hengitysteiden<br \/>\nsairauksien hoitoon ja ehk\u00e4isyyn. Paketti sopii niillekin asiakkaille, jotka haluavat<br \/>\nparantaa hyvinvointia ja vahvistaa vastustuskyky\u00e4. Paketin v\u00e4himm\u00e4isaika on 4<br \/>\nhoitop\u00e4iv\u00e4\u00e4.<\/p>\n<\/div><\/div>\n\n\n<h3 class=\"wp-block-heading wp-el\" id=\"pakett-sisaldab\">Pakettiin sis\u00e4ltyy:<\/h3>\n\n\n\n<ul class=\"wp-block-list wp-el\">\n<li>Terveysneuvonta (15 min). Hoidot m\u00e4\u00e4r\u00e4t\u00e4\u00e4n terveysneuvonnan yhteydess\u00e4.<\/li>\n<\/ul>\n\n\n\n<h4 class=\"wp-block-heading wp-el\" id=\"iga-ravipaev-sisaldab-4-protseduuri-jargmisest-valikust\">Jokainen hoitop\u00e4iv\u00e4 sis\u00e4lt\u00e4\u00e4 4 erilaista hoitoa seuraavasta valikoimasta:<\/h4>\n\n\n\n<div class=\"wp-block-columns is-layout-flex wp-container-core-columns-is-layout-9d6595d7 wp-block-columns-is-layout-flex\">\n<div class=\"wp-block-column is-layout-flow wp-block-column-is-layout-flow\">\n<div class=\"wp-block-group\"><div class=\"wp-block-group__inner-container is-layout-flow wp-block-group-is-layout-flow\">\n<ul class=\"wp-block-list wp-el\">\n<li>Klassinen selk\u00e4hieronta (20 min)**<\/li>\n\n\n\n<li>Tehokas selk\u00e4hieronta  Stimawell Relax-laitteella (30 min)**<\/li>\n\n\n\n<li>N.O.logy\u00ae Stendo Pulsewave-laitehoito (uudistuksellinen&nbsp;pneumokompressiomenetelm\u00e4)<\/li>\n\n\n\n<li>Kromoterapia Himalayan Cube suolakammiossa (20&nbsp;min)<\/li>\n\n\n\n<li>Paikallinen mutahoito Haapsalun l\u00e4\u00e4kemudalla (20 min)<\/li>\n\n\n\n<li>DETOX-hoito setritynnyriss\u00e4<\/li>\n\n\n\n<li>Paikallinen hoito with osokeriitti-parafiini (20 min)<\/li>\n\n\n\n<li>Akupunktiomatto<\/li>\n\n\n\n<li>Kuiva otsonikylpy*<\/li>\n\n\n\n<li>Kuiva hiilihappokylpy*<\/li>\n<\/ul>\n<\/div><\/div>\n<\/div>\n\n\n\n<div class=\"wp-block-column is-layout-flow wp-block-column-is-layout-flow\">\n<ul class=\"wp-block-list wp-el\">\n<li>Bishofitkylpy<\/li>\n\n\n\n<li>Hierontakylpy arteesisella vedell\u00e4 ja yrtti\u00f6ljyll\u00e4<\/li>\n\n\n\n<li>Vesihieronta vesisuihkuilla eli Charcot\u2019-suihku<\/li>\n\n\n\n<li>Biostimuloiva valoterapia uuden sukupolven Hydrosun-laitteella<\/li>\n\n\n\n<li>Laserhoito<\/li>\n\n\n\n<li>Magneettihoito<\/li>\n\n\n\n<li>Happihoito<\/li>\n\n\n\n<li>Inhalaatio (suolaliuos tai eukalypti)<\/li>\n\n\n\n<li>Jalkapohjan laitehieronta<\/li>\n\n\n\n<li>L\u00e4mmin parafiinihoito k\u00e4sille**<\/li>\n\n\n\n<li>Hoito TENS-laitteella eli hermostimulaattorilla<\/li>\n\n\n\n<li>S\u00e4hk\u00f6terapia<\/li>\n<\/ul>\n\n\n\n<p class=\"wp-el\"><\/p>\n<\/div>\n<\/div>\n\n\n\n<div class=\"wp-block-uagb-info-box uagb-block-3f4eda1d uagb-infobox__content-wrap  uagb-infobox-icon-above-title uagb-infobox-image-valign-top\"><div class=\"uagb-ifb-content\"><div class=\"uagb-ifb-title-wrap\"><span class=\"uagb-ifb-title-prefix\"><strong>Huomautukset<\/strong><\/span><\/div><div class=\"uagb-ifb-separator\"><\/div><p class=\"uagb-ifb-desc\"><em>* hoidon voi valita vain kerran<\/em><br>** <em>hoidon toistaminen on mahdollista vain joka toinen p\u00e4iv\u00e4<\/em><\/p><\/div><\/div>\n\n\n\n<h3 class=\"wp-block-heading wp-el\" id=\"lisaks-protseduuridele-pakett-sisaldab\">Hoitojen lis\u00e4ksi sis\u00e4ltyy pakettiin:<\/h3>\n\n\n\n<ul class=\"wp-block-list wp-el\">\n<li>Majoitus yhden tai kahden hengen huoneessa (saapuminen 16:00, l\u00e4ht\u00f6 14:00)<\/li>\n\n\n\n<li>Buffet-aamiaiset, -p\u00e4iv\u00e4lliset ja \u2013illalliset<\/li>\n\n\n\n<li><a href=\"https:\/\/narvajoesuu.ee\/fi\/galerii\/\">Saunakeskuksen,<\/a> uima-altaan ja kuntosalin rajoittamaton k\u00e4ytt\u00f6 (joka p\u00e4iv\u00e4 aukioloaikoina)<\/li>\n\n\n\n<li><a href=\"https:\/\/narvajoesuu.ee\/fi\/kylpylaloma\/arteesisella-vedella-taytetty-lammitetty-ulkoallas-ja-poreallas-aurinkoterassilla\/\">L\u00e4mmitetyn ulkoaltaan ja porealtaan k\u00e4ytt\u00f6<\/a>&nbsp;(veden l\u00e4mp\u00f6tila on kylm\u00e4ll\u00e4 s\u00e4\u00e4ll\u00e4kin 30\u00b0\u0421) \/ auki huhtikuusta lokakuuhun)<\/li>\n\n\n\n<li>Aamutakit, pys\u00e4k\u00f6inti ja WiFi<\/li>\n<\/ul>\n\n\n\n<h3 class=\"wp-block-heading wp-el\" id=\"hinnakiri-ajavahemikul-03-01-2022-31-05-2022-01-09-2022-22-12-2022\">Hinnasto:<\/h3>\n\n\n\n<figure class=\"wp-block-table is-style-stripes\"><table><thead><tr><th class=\"has-text-align-left\" data-align=\"left\">Huonetyyppi<\/th><th class=\"has-text-align-center\" data-align=\"center\"><strong>Normaalihinta<br><strong>12.01.26-31.05.26\/<\/strong><\/strong><br><strong><strong>01.09.26-22.12.2<\/strong>6<strong>\/<\/strong><\/strong><\/th><th class=\"has-text-align-center\" data-align=\"center\"><strong>Kampanja<\/strong><br><strong>12.01.26-31.05.26\/<\/strong><br><strong><strong>01.09.26-22.12.2<\/strong>6<strong>\/<\/strong><\/strong><\/th><\/tr><\/thead><tbody><tr><td class=\"has-text-align-left\" data-align=\"left\"><strong>\u00bd TWIN<\/strong><\/td><td class=\"has-text-align-center\" data-align=\"center\"><em><strong>79 \u20ac<\/strong> \/ hoitop\u00e4iv\u00e4<\/em><\/td><td class=\"has-text-align-center\" data-align=\"center\"><em><strong>69 \u20ac *<\/strong> \/ hoitop\u00e4iv\u00e4<\/em><\/td><\/tr><tr><td class=\"has-text-align-left\" data-align=\"left\"><strong>SINGLE<\/strong><\/td><td class=\"has-text-align-center\" data-align=\"center\"><em><strong>99 \u20ac<\/strong> \/ hoitop\u00e4iv\u00e4<\/em><\/td><td class=\"has-text-align-center\" data-align=\"center\"><em><strong>89 \u20ac *<\/strong> \/ hoitop\u00e4iv\u00e4<\/em><\/td><\/tr><\/tbody><\/table><figcaption class=\"wp-element-caption\"><em><strong>Erikoishinta on voimassa asiakaskortilla!<\/strong><\/em> <em>* Vaihtaessa klassisen k\u00e4sihieronnan (20 min) toiseen hoitoon &#8211; Quattromano vesihierontas\u00e4nky (20 min) &#8211; on voimassa erikoishinta 69 \u20ac \/ 89 \u20ac<\/em>.<\/figcaption><\/figure>\n\n\n\n<div style=\"height:16px\" aria-hidden=\"true\" class=\"wp-block-spacer\"><\/div>\n\n\n\n<figure class=\"wp-block-table is-style-stripes\"><table><thead><tr><th class=\"has-text-align-left\" data-align=\"left\">Huonetyyppi<\/th><th class=\"has-text-align-center\" data-align=\"center\"><strong>Normaalihinta<\/strong><br><strong>01.06.26-31.06.26\/<\/strong><br><strong>01.08.26-31.08.26\/<\/strong><br><strong>23.12.26-03.01.27\/<\/strong><\/th><th class=\"has-text-align-center\" data-align=\"center\"><strong>Kampanja<\/strong><br><strong>01.06.26-31.06.26\/<\/strong><br><strong>01.08.26-31.08.26\/<\/strong><br><strong>23.12.26-03.01.27\/<\/strong><\/th><\/tr><\/thead><tbody><tr><td class=\"has-text-align-left\" data-align=\"left\"><strong>\u00bd TWIN<\/strong><\/td><td class=\"has-text-align-center\" data-align=\"center\">&#8211;<\/td><td class=\"has-text-align-center\" data-align=\"center\"><em><strong>99 \u20ac *<\/strong> \/ hoitop\u00e4iv\u00e4<\/em><\/td><\/tr><tr><td class=\"has-text-align-left\" data-align=\"left\"><strong>SINGLE<\/strong><\/td><td class=\"has-text-align-center\" data-align=\"center\">&#8211;<\/td><td class=\"has-text-align-center\" data-align=\"center\"><em><strong>119 \u20ac *<\/strong> \/ hoitop\u00e4iv\u00e4<\/em><\/td><\/tr><\/tbody><\/table><figcaption class=\"wp-element-caption\"><em><strong>Erikoishinta on voimassa asiakaskortilla!<\/strong><\/em> <em>* Vaihtaessa klassisen k\u00e4sihieronnan (20 min) toiseen hoitoon &#8211; Quattromano vesihierontas\u00e4nky (20 min) &#8211; on voimassa erikoishinta 99 \u20ac<\/em> <em>\/ 119 \u20ac<\/em> .<\/figcaption><\/figure>\n\n\n\n<hr class=\"wp-block-separator has-alpha-channel-opacity\"\/>\n\n\n\n<div style=\"height:19px\" aria-hidden=\"true\" class=\"wp-block-spacer\"><\/div>\n\n\n\n<hr class=\"wp-block-separator has-alpha-channel-opacity\"\/>\n\n\n\n<figure class=\"wp-block-table is-style-stripes\"><table class=\"has-fixed-layout\"><thead><tr><th class=\"has-text-align-left\" data-align=\"left\">Huonetyyppi<\/th><th class=\"has-text-align-center\" data-align=\"center\"><strong>Normaalihinta<\/strong><br><strong> 01.07-31.07.26 <\/strong><\/th><th class=\"has-text-align-center\" data-align=\"center\"><strong><strong>Kampanja<\/strong><\/strong><br><strong> 01.07-31.07.26<\/strong> <\/th><\/tr><\/thead><tbody><tr><td class=\"has-text-align-left\" data-align=\"left\"><strong>\u00bd TWIN<\/strong><\/td><td class=\"has-text-align-center\" data-align=\"center\">&#8211;<\/td><td class=\"has-text-align-center\" data-align=\"center\"><em><strong>119 \u20ac *<\/strong> \/ hoitop\u00e4iv\u00e4<\/em><\/td><\/tr><tr><td class=\"has-text-align-left\" data-align=\"left\"><strong>SINGLE<\/strong><\/td><td class=\"has-text-align-center\" data-align=\"center\">&#8211;<\/td><td class=\"has-text-align-center\" data-align=\"center\"><em><em><strong>129 \u20ac *<\/strong> \/ hoitop\u00e4iv\u00e4<\/em><\/em><\/td><\/tr><\/tbody><\/table><figcaption class=\"wp-element-caption\"><em><strong>Erikoishinta on voimassa asiakaskortilla!<\/strong><\/em> <em>* Vaihtaessa klassisen k\u00e4sihieronnan (20 min) toiseen hoitoon &#8211; Quattromano vesihierontas\u00e4nky (20 min) &#8211; on voimassa erikoishinta 119 \u20ac<\/em> <em>\/<\/em> <em><em>129 \u20ac<\/em><\/em>.<\/figcaption><\/figure>\n\n\n\n<hr class=\"wp-block-separator has-alpha-channel-opacity\"\/>\n\n\n\n<div style=\"height:14px\" aria-hidden=\"true\" class=\"wp-block-spacer\"><\/div>\n\n\n\n<ul class=\"wp-block-list wp-el\">\n<li><a href=\"https:\/\/narvajoesuu.ee\/fi\/hotelli\/huoneet\/lisamaksu-majoituksesta-paketin-ostaneille\/\">Lis\u00e4maksu paketin ostaneille asiakkaille<\/a><\/li>\n\n\n\n<li><a href=\"https:\/\/narvajoesuu.ee\/fi\/hotelli\/asiakaskortti\/\">Asiakaskortti<\/a><\/li>\n\n\n\n<li><a href=\"https:\/\/narvajoesuu.ee\/fi\/kylpylaloma\/loma-lasten-kanssa\/\">Loma lasten kanssa<\/a><\/li>\n\n\n\n<li><a href=\"https:\/\/narvajoesuu.ee\/fi\/hotelli\/varausehdot\/\">Pakettien varausehdot<\/a><\/li>\n<\/ul>\n\n\n<div class=\"b-block pad-top-30 pad-bottom-20\"><div class=\"p-emphasis b-part container-p0 p-emphasis--warn\"><p>Huomio! Kylpyl\u00e4 pid\u00e4tt\u00e4\u00e4 itselleen oikeuden hinnanmuutoksiin ilman etuk\u00e4teen ilmoittamatta. Asiakkaille ei palauteta ennakkoa palveluista, jotka ovat j\u00e4\u00e4neet k\u00e4ytt\u00e4m\u00e4tt\u00e4 Narva-J\u00f5esuun kylpyl\u00e4st\u00e4 riippumattomista syist\u00e4.<\/p>\n<\/div><\/div>","protected":false},"excerpt":{"rendered":"<p>Pakettiin sis\u00e4ltyy: Jokainen hoitop\u00e4iv\u00e4 sis\u00e4lt\u00e4\u00e4 4 erilaista hoitoa seuraavasta valikoimasta: Hoitojen lis\u00e4ksi sis\u00e4ltyy pakettiin: Hinnasto: Huonetyyppi Normaalihinta12.01.26-31.05.26\/01.09.26-22.12.26\/ Kampanja12.01.26-31.05.26\/01.09.26-22.12.26\/ \u00bd TWIN&#8230;<\/p>\n","protected":false},"author":3,"featured_media":0,"parent":10496,"menu_order":537,"comment_status":"closed","ping_status":"closed","template":"","meta":{"_acf_changed":false,"_uag_custom_page_level_css":"","_monsterinsights_skip_tracking":false,"_monsterinsights_sitenote_active":false,"_monsterinsights_sitenote_note":"","_monsterinsights_sitenote_category":0,"footnotes":""},"class_list":["post-10488","page","type-page","status-publish","hentry"],"acf":[],"yoast_head":"<!-- This site is optimized with the Yoast SEO plugin v27.3 - https:\/\/yoast.com\/product\/yoast-seo-wordpress\/ -->\n<title>&quot;Sano kyll\u00e4 terveydelle&quot;- klassinen hoitopaketti (v\u00e4hint\u00e4\u00e4n 4 p\u00e4iv\u00e4\u00e4) - MEDICAL SPA NARVA-J\u00d5ESUU<\/title>\n<meta name=\"robots\" content=\"index, follow, max-snippet:-1, max-image-preview:large, max-video-preview:-1\" \/>\n<link rel=\"canonical\" href=\"https:\/\/narvajoesuu.ee\/fi\/terveysloma\/aikuisille-tarkoitetut-terveysohjelmat\/klassinen-sano-kylla-terveydelle-hoitopaketti-vahintaan-4-hotiopaivaa\/\" \/>\n<meta property=\"og:locale\" content=\"fi_FI\" \/>\n<meta property=\"og:type\" content=\"article\" \/>\n<meta property=\"og:title\" content=\"&quot;Sano kyll\u00e4 terveydelle&quot;- klassinen hoitopaketti (v\u00e4hint\u00e4\u00e4n 4 p\u00e4iv\u00e4\u00e4) - MEDICAL SPA NARVA-J\u00d5ESUU\" \/>\n<meta property=\"og:description\" content=\"Pakettiin sis\u00e4ltyy: Jokainen hoitop\u00e4iv\u00e4 sis\u00e4lt\u00e4\u00e4 4 erilaista hoitoa seuraavasta valikoimasta: Hoitojen lis\u00e4ksi sis\u00e4ltyy pakettiin: Hinnasto: Huonetyyppi Normaalihinta12.01.26-31.05.26\/01.09.26-22.12.26\/ Kampanja12.01.26-31.05.26\/01.09.26-22.12.26\/ \u00bd TWIN...\" \/>\n<meta property=\"og:url\" content=\"https:\/\/narvajoesuu.ee\/fi\/terveysloma\/aikuisille-tarkoitetut-terveysohjelmat\/klassinen-sano-kylla-terveydelle-hoitopaketti-vahintaan-4-hotiopaivaa\/\" \/>\n<meta property=\"og:site_name\" content=\"MEDICAL SPA NARVA-J\u00d5ESUU\" \/>\n<meta property=\"article:modified_time\" content=\"2026-01-16T13:53:31+00:00\" \/>\n<meta property=\"og:image\" content=\"https:\/\/narvajoesuu.ee\/wp-content\/uploads\/2021\/12\/Maja-pilt.png\" \/>\n\t<meta property=\"og:image:width\" content=\"1200\" \/>\n\t<meta property=\"og:image:height\" content=\"630\" \/>\n\t<meta property=\"og:image:type\" content=\"image\/png\" \/>\n<meta name=\"twitter:card\" content=\"summary_large_image\" \/>\n<meta name=\"twitter:label1\" content=\"Arvioitu lukuaika\" \/>\n\t<meta name=\"twitter:data1\" content=\"2 minuuttia\" \/>\n<script type=\"application\/ld+json\" class=\"yoast-schema-graph\">{\"@context\":\"https:\\\/\\\/schema.org\",\"@graph\":[{\"@type\":\"WebPage\",\"@id\":\"https:\\\/\\\/narvajoesuu.ee\\\/fi\\\/terveysloma\\\/aikuisille-tarkoitetut-terveysohjelmat\\\/klassinen-sano-kylla-terveydelle-hoitopaketti-vahintaan-4-hotiopaivaa\\\/\",\"url\":\"https:\\\/\\\/narvajoesuu.ee\\\/fi\\\/terveysloma\\\/aikuisille-tarkoitetut-terveysohjelmat\\\/klassinen-sano-kylla-terveydelle-hoitopaketti-vahintaan-4-hotiopaivaa\\\/\",\"name\":\"\\\"Sano kyll\u00e4 terveydelle\\\"- klassinen hoitopaketti (v\u00e4hint\u00e4\u00e4n 4 p\u00e4iv\u00e4\u00e4) - MEDICAL SPA NARVA-J\u00d5ESUU\",\"isPartOf\":{\"@id\":\"https:\\\/\\\/narvajoesuu.ee\\\/#website\"},\"datePublished\":\"2021-01-04T13:49:30+00:00\",\"dateModified\":\"2026-01-16T13:53:31+00:00\",\"breadcrumb\":{\"@id\":\"https:\\\/\\\/narvajoesuu.ee\\\/fi\\\/terveysloma\\\/aikuisille-tarkoitetut-terveysohjelmat\\\/klassinen-sano-kylla-terveydelle-hoitopaketti-vahintaan-4-hotiopaivaa\\\/#breadcrumb\"},\"inLanguage\":\"fi\",\"potentialAction\":[{\"@type\":\"ReadAction\",\"target\":[\"https:\\\/\\\/narvajoesuu.ee\\\/fi\\\/terveysloma\\\/aikuisille-tarkoitetut-terveysohjelmat\\\/klassinen-sano-kylla-terveydelle-hoitopaketti-vahintaan-4-hotiopaivaa\\\/\"]}]},{\"@type\":\"BreadcrumbList\",\"@id\":\"https:\\\/\\\/narvajoesuu.ee\\\/fi\\\/terveysloma\\\/aikuisille-tarkoitetut-terveysohjelmat\\\/klassinen-sano-kylla-terveydelle-hoitopaketti-vahintaan-4-hotiopaivaa\\\/#breadcrumb\",\"itemListElement\":[{\"@type\":\"ListItem\",\"position\":1,\"name\":\"Home\",\"item\":\"https:\\\/\\\/narvajoesuu.ee\\\/fi\\\/\"},{\"@type\":\"ListItem\",\"position\":2,\"name\":\"Terveysloma\",\"item\":\"https:\\\/\\\/narvajoesuu.ee\\\/fi\\\/terveysloma\\\/\"},{\"@type\":\"ListItem\",\"position\":3,\"name\":\"Aikuisille tarkoitetut terveysohjelmat\",\"item\":\"https:\\\/\\\/narvajoesuu.ee\\\/fi\\\/terveysloma\\\/aikuisille-tarkoitetut-terveysohjelmat\\\/\"},{\"@type\":\"ListItem\",\"position\":4,\"name\":\"&#171;Sano kyll\u00e4 terveydelle&#187;- klassinen hoitopaketti (v\u00e4hint\u00e4\u00e4n 4 p\u00e4iv\u00e4\u00e4)\"}]},{\"@type\":\"WebSite\",\"@id\":\"https:\\\/\\\/narvajoesuu.ee\\\/#website\",\"url\":\"https:\\\/\\\/narvajoesuu.ee\\\/\",\"name\":\"MEDICAL SPA NARVA-J\u00d5ESUU\",\"description\":\"\",\"publisher\":{\"@id\":\"https:\\\/\\\/narvajoesuu.ee\\\/#organization\"},\"potentialAction\":[{\"@type\":\"SearchAction\",\"target\":{\"@type\":\"EntryPoint\",\"urlTemplate\":\"https:\\\/\\\/narvajoesuu.ee\\\/?s={search_term_string}\"},\"query-input\":{\"@type\":\"PropertyValueSpecification\",\"valueRequired\":true,\"valueName\":\"search_term_string\"}}],\"inLanguage\":\"fi\"},{\"@type\":\"Organization\",\"@id\":\"https:\\\/\\\/narvajoesuu.ee\\\/#organization\",\"name\":\"Narva-J\u00f5esuu Medical SPA\",\"url\":\"https:\\\/\\\/narvajoesuu.ee\\\/\",\"logo\":{\"@type\":\"ImageObject\",\"inLanguage\":\"fi\",\"@id\":\"https:\\\/\\\/narvajoesuu.ee\\\/#\\\/schema\\\/logo\\\/image\\\/\",\"url\":\"https:\\\/\\\/narvajoesuu.ee\\\/wp-content\\\/uploads\\\/2020\\\/10\\\/narvajoesuu-logo-small.png\",\"contentUrl\":\"https:\\\/\\\/narvajoesuu.ee\\\/wp-content\\\/uploads\\\/2020\\\/10\\\/narvajoesuu-logo-small.png\",\"width\":170,\"height\":170,\"caption\":\"Narva-J\u00f5esuu Medical SPA\"},\"image\":{\"@id\":\"https:\\\/\\\/narvajoesuu.ee\\\/#\\\/schema\\\/logo\\\/image\\\/\"}}]}<\/script>\n<!-- \/ Yoast SEO plugin. -->","yoast_head_json":{"title":"\"Sano kyll\u00e4 terveydelle\"- klassinen hoitopaketti (v\u00e4hint\u00e4\u00e4n 4 p\u00e4iv\u00e4\u00e4) - MEDICAL SPA NARVA-J\u00d5ESUU","robots":{"index":"index","follow":"follow","max-snippet":"max-snippet:-1","max-image-preview":"max-image-preview:large","max-video-preview":"max-video-preview:-1"},"canonical":"https:\/\/narvajoesuu.ee\/fi\/terveysloma\/aikuisille-tarkoitetut-terveysohjelmat\/klassinen-sano-kylla-terveydelle-hoitopaketti-vahintaan-4-hotiopaivaa\/","og_locale":"fi_FI","og_type":"article","og_title":"\"Sano kyll\u00e4 terveydelle\"- klassinen hoitopaketti (v\u00e4hint\u00e4\u00e4n 4 p\u00e4iv\u00e4\u00e4) - MEDICAL SPA NARVA-J\u00d5ESUU","og_description":"Pakettiin sis\u00e4ltyy: Jokainen hoitop\u00e4iv\u00e4 sis\u00e4lt\u00e4\u00e4 4 erilaista hoitoa seuraavasta valikoimasta: Hoitojen lis\u00e4ksi sis\u00e4ltyy pakettiin: Hinnasto: Huonetyyppi Normaalihinta12.01.26-31.05.26\/01.09.26-22.12.26\/ Kampanja12.01.26-31.05.26\/01.09.26-22.12.26\/ \u00bd TWIN...","og_url":"https:\/\/narvajoesuu.ee\/fi\/terveysloma\/aikuisille-tarkoitetut-terveysohjelmat\/klassinen-sano-kylla-terveydelle-hoitopaketti-vahintaan-4-hotiopaivaa\/","og_site_name":"MEDICAL SPA NARVA-J\u00d5ESUU","article_modified_time":"2026-01-16T13:53:31+00:00","og_image":[{"width":1200,"height":630,"url":"https:\/\/narvajoesuu.ee\/wp-content\/uploads\/2021\/12\/Maja-pilt.png","type":"image\/png"}],"twitter_card":"summary_large_image","twitter_misc":{"Arvioitu lukuaika":"2 minuuttia"},"schema":{"@context":"https:\/\/schema.org","@graph":[{"@type":"WebPage","@id":"https:\/\/narvajoesuu.ee\/fi\/terveysloma\/aikuisille-tarkoitetut-terveysohjelmat\/klassinen-sano-kylla-terveydelle-hoitopaketti-vahintaan-4-hotiopaivaa\/","url":"https:\/\/narvajoesuu.ee\/fi\/terveysloma\/aikuisille-tarkoitetut-terveysohjelmat\/klassinen-sano-kylla-terveydelle-hoitopaketti-vahintaan-4-hotiopaivaa\/","name":"\"Sano kyll\u00e4 terveydelle\"- klassinen hoitopaketti (v\u00e4hint\u00e4\u00e4n 4 p\u00e4iv\u00e4\u00e4) - MEDICAL SPA NARVA-J\u00d5ESUU","isPartOf":{"@id":"https:\/\/narvajoesuu.ee\/#website"},"datePublished":"2021-01-04T13:49:30+00:00","dateModified":"2026-01-16T13:53:31+00:00","breadcrumb":{"@id":"https:\/\/narvajoesuu.ee\/fi\/terveysloma\/aikuisille-tarkoitetut-terveysohjelmat\/klassinen-sano-kylla-terveydelle-hoitopaketti-vahintaan-4-hotiopaivaa\/#breadcrumb"},"inLanguage":"fi","potentialAction":[{"@type":"ReadAction","target":["https:\/\/narvajoesuu.ee\/fi\/terveysloma\/aikuisille-tarkoitetut-terveysohjelmat\/klassinen-sano-kylla-terveydelle-hoitopaketti-vahintaan-4-hotiopaivaa\/"]}]},{"@type":"BreadcrumbList","@id":"https:\/\/narvajoesuu.ee\/fi\/terveysloma\/aikuisille-tarkoitetut-terveysohjelmat\/klassinen-sano-kylla-terveydelle-hoitopaketti-vahintaan-4-hotiopaivaa\/#breadcrumb","itemListElement":[{"@type":"ListItem","position":1,"name":"Home","item":"https:\/\/narvajoesuu.ee\/fi\/"},{"@type":"ListItem","position":2,"name":"Terveysloma","item":"https:\/\/narvajoesuu.ee\/fi\/terveysloma\/"},{"@type":"ListItem","position":3,"name":"Aikuisille tarkoitetut terveysohjelmat","item":"https:\/\/narvajoesuu.ee\/fi\/terveysloma\/aikuisille-tarkoitetut-terveysohjelmat\/"},{"@type":"ListItem","position":4,"name":"&#171;Sano kyll\u00e4 terveydelle&#187;- klassinen hoitopaketti (v\u00e4hint\u00e4\u00e4n 4 p\u00e4iv\u00e4\u00e4)"}]},{"@type":"WebSite","@id":"https:\/\/narvajoesuu.ee\/#website","url":"https:\/\/narvajoesuu.ee\/","name":"MEDICAL SPA NARVA-J\u00d5ESUU","description":"","publisher":{"@id":"https:\/\/narvajoesuu.ee\/#organization"},"potentialAction":[{"@type":"SearchAction","target":{"@type":"EntryPoint","urlTemplate":"https:\/\/narvajoesuu.ee\/?s={search_term_string}"},"query-input":{"@type":"PropertyValueSpecification","valueRequired":true,"valueName":"search_term_string"}}],"inLanguage":"fi"},{"@type":"Organization","@id":"https:\/\/narvajoesuu.ee\/#organization","name":"Narva-J\u00f5esuu Medical SPA","url":"https:\/\/narvajoesuu.ee\/","logo":{"@type":"ImageObject","inLanguage":"fi","@id":"https:\/\/narvajoesuu.ee\/#\/schema\/logo\/image\/","url":"https:\/\/narvajoesuu.ee\/wp-content\/uploads\/2020\/10\/narvajoesuu-logo-small.png","contentUrl":"https:\/\/narvajoesuu.ee\/wp-content\/uploads\/2020\/10\/narvajoesuu-logo-small.png","width":170,"height":170,"caption":"Narva-J\u00f5esuu Medical SPA"},"image":{"@id":"https:\/\/narvajoesuu.ee\/#\/schema\/logo\/image\/"}}]}},"uagb_featured_image_src":{"full":false,"thumbnail":false,"medium":false,"medium_large":false,"large":false,"1536x1536":false,"2048x2048":false,"img-1920x550":false,"img-1920x320":false,"img-1920x200":false,"img-670x480":false,"img-570x280":false,"img-507":false,"img-370x240":false,"img-400x250":false,"img-370x175":false,"img-370x120":false,"img-300":false,"img-170":false},"uagb_author_info":{"display_name":"Maksim Mitrofanov","author_link":"https:\/\/narvajoesuu.ee\/fi\/author\/maksim\/"},"uagb_comment_info":0,"uagb_excerpt":"Pakettiin sis\u00e4ltyy: Jokainen hoitop\u00e4iv\u00e4 sis\u00e4lt\u00e4\u00e4 4 erilaista hoitoa seuraavasta valikoimasta: Hoitojen lis\u00e4ksi sis\u00e4ltyy pakettiin: Hinnasto: Huonetyyppi Normaalihinta12.01.26-31.05.26\/01.09.26-22.12.26\/ Kampanja12.01.26-31.05.26\/01.09.26-22.12.26\/ \u00bd TWIN...","_links":{"self":[{"href":"https:\/\/narvajoesuu.ee\/fi\/wp-json\/wp\/v2\/pages\/10488","targetHints":{"allow":["GET"]}}],"collection":[{"href":"https:\/\/narvajoesuu.ee\/fi\/wp-json\/wp\/v2\/pages"}],"about":[{"href":"https:\/\/narvajoesuu.ee\/fi\/wp-json\/wp\/v2\/types\/page"}],"author":[{"embeddable":true,"href":"https:\/\/narvajoesuu.ee\/fi\/wp-json\/wp\/v2\/users\/3"}],"replies":[{"embeddable":true,"href":"https:\/\/narvajoesuu.ee\/fi\/wp-json\/wp\/v2\/comments?post=10488"}],"version-history":[{"count":53,"href":"https:\/\/narvajoesuu.ee\/fi\/wp-json\/wp\/v2\/pages\/10488\/revisions"}],"predecessor-version":[{"id":23316,"href":"https:\/\/narvajoesuu.ee\/fi\/wp-json\/wp\/v2\/pages\/10488\/revisions\/23316"}],"up":[{"embeddable":true,"href":"https:\/\/narvajoesuu.ee\/fi\/wp-json\/wp\/v2\/pages\/10496"}],"wp:attachment":[{"href":"https:\/\/narvajoesuu.ee\/fi\/wp-json\/wp\/v2\/media?parent=10488"}],"curies":[{"name":"wp","href":"https:\/\/api.w.org\/{rel}","templated":true}]}}