{"id":10462,"date":"2021-03-15T15:08:59","date_gmt":"2021-03-15T13:08:59","guid":{"rendered":"https:\/\/narvajoesuu.ee\/raviprotseduurid\/"},"modified":"2025-09-17T13:49:08","modified_gmt":"2025-09-17T10:49:08","slug":"hoidot","status":"publish","type":"page","link":"https:\/\/narvajoesuu.ee\/fi\/terveysloma\/hoidot\/","title":{"rendered":"Hoidot"},"content":{"rendered":"\n<p class=\"wp-el\">Kauneus- ja terveyskeskus palvelee hotellin ensimm\u00e4isess\u00e4- ja 0-kerroksessa.<br>Aukioloaika: joka p\u00e4iv\u00e4 09:00 \u2013 21:00<\/p>\n\n\n\n<figure class=\"wp-block-table is-style-stripes\"><table class=\"has-fixed-layout\"><thead><tr><th>Terveyskeskuksen osastot<\/th><th>Joka p\u00e4iv\u00e4<\/th><\/tr><\/thead><tbody><tr><td>Kuntoutusosasto<\/td><td>9:00 &#8211; 19:00<\/td><\/tr><tr><td>Vesi- ja mudahoidot<\/td><td>9:00 &#8211; 19:00<\/td><\/tr><\/tbody><\/table><\/figure>\n\n\n<div class=\"b-block pad-top-30 pad-bottom-20\"><div class=\"p-emphasis b-part container-p0 p-emphasis--info\"><p><strong>Lis\u00e4informaatio:<\/strong><br \/>\n+372 35 99 523<br \/>\n+372 56 91 5042<br \/>\nilu@narvajoesuu.ee<\/p>\n<\/div><\/div>\n\n<div class=\"b-block pad-top-30 pad-bottom-20\"><!-- TITLE PART LOADED -->\n\n<div class='b-part p-title container'><h3 class='p-title__content'>Galleria<\/h3><\/div><div class=\"p-gallery b-part container\"><div class=\"p-gallery__inner\"><a class=\"p-gallery__link\" href=\"https:\/\/narvajoesuu.ee\/wp-content\/uploads\/2023\/06\/64.png\"><img loading=\"lazy\" decoding=\"async\" width=\"170\" height=\"170\" src=\"https:\/\/narvajoesuu.ee\/wp-content\/uploads\/2023\/06\/64-170x170.png\" class=\"p-gallery__image\" alt=\"\" srcset=\"https:\/\/narvajoesuu.ee\/wp-content\/uploads\/2023\/06\/64-170x170.png 170w, https:\/\/narvajoesuu.ee\/wp-content\/uploads\/2023\/06\/64-150x150.png 150w, https:\/\/narvajoesuu.ee\/wp-content\/uploads\/2023\/06\/64-507x507.png 507w, https:\/\/narvajoesuu.ee\/wp-content\/uploads\/2023\/06\/64-300x300.png 300w\" sizes=\"auto, (max-width: 170px) 100vw, 170px\" \/><\/a><a class=\"p-gallery__link\" href=\"https:\/\/narvajoesuu.ee\/wp-content\/uploads\/2023\/06\/29.png\"><img loading=\"lazy\" decoding=\"async\" width=\"170\" height=\"170\" src=\"https:\/\/narvajoesuu.ee\/wp-content\/uploads\/2023\/06\/29-170x170.png\" class=\"p-gallery__image\" alt=\"\" srcset=\"https:\/\/narvajoesuu.ee\/wp-content\/uploads\/2023\/06\/29-170x170.png 170w, https:\/\/narvajoesuu.ee\/wp-content\/uploads\/2023\/06\/29-150x150.png 150w, https:\/\/narvajoesuu.ee\/wp-content\/uploads\/2023\/06\/29-507x507.png 507w, https:\/\/narvajoesuu.ee\/wp-content\/uploads\/2023\/06\/29-300x300.png 300w\" sizes=\"auto, (max-width: 170px) 100vw, 170px\" \/><\/a><a class=\"p-gallery__link\" href=\"https:\/\/narvajoesuu.ee\/wp-content\/uploads\/2023\/06\/26.png\"><img loading=\"lazy\" decoding=\"async\" width=\"170\" height=\"170\" src=\"https:\/\/narvajoesuu.ee\/wp-content\/uploads\/2023\/06\/26-170x170.png\" class=\"p-gallery__image\" alt=\"\" srcset=\"https:\/\/narvajoesuu.ee\/wp-content\/uploads\/2023\/06\/26-170x170.png 170w, https:\/\/narvajoesuu.ee\/wp-content\/uploads\/2023\/06\/26-150x150.png 150w, https:\/\/narvajoesuu.ee\/wp-content\/uploads\/2023\/06\/26-507x507.png 507w, https:\/\/narvajoesuu.ee\/wp-content\/uploads\/2023\/06\/26-300x300.png 300w\" sizes=\"auto, (max-width: 170px) 100vw, 170px\" \/><\/a><a class=\"p-gallery__link\" href=\"https:\/\/narvajoesuu.ee\/wp-content\/uploads\/2023\/06\/76.png\"><img loading=\"lazy\" decoding=\"async\" width=\"170\" height=\"170\" src=\"https:\/\/narvajoesuu.ee\/wp-content\/uploads\/2023\/06\/76-170x170.png\" class=\"p-gallery__image\" alt=\"\" srcset=\"https:\/\/narvajoesuu.ee\/wp-content\/uploads\/2023\/06\/76-170x170.png 170w, https:\/\/narvajoesuu.ee\/wp-content\/uploads\/2023\/06\/76-150x150.png 150w, https:\/\/narvajoesuu.ee\/wp-content\/uploads\/2023\/06\/76-507x507.png 507w, https:\/\/narvajoesuu.ee\/wp-content\/uploads\/2023\/06\/76-300x300.png 300w\" sizes=\"auto, (max-width: 170px) 100vw, 170px\" \/><\/a><a class=\"p-gallery__link\" href=\"https:\/\/narvajoesuu.ee\/wp-content\/uploads\/2023\/06\/25.png\"><img loading=\"lazy\" decoding=\"async\" width=\"170\" height=\"170\" src=\"https:\/\/narvajoesuu.ee\/wp-content\/uploads\/2023\/06\/25-170x170.png\" class=\"p-gallery__image\" alt=\"\" srcset=\"https:\/\/narvajoesuu.ee\/wp-content\/uploads\/2023\/06\/25-170x170.png 170w, https:\/\/narvajoesuu.ee\/wp-content\/uploads\/2023\/06\/25-150x150.png 150w, https:\/\/narvajoesuu.ee\/wp-content\/uploads\/2023\/06\/25-507x507.png 507w, https:\/\/narvajoesuu.ee\/wp-content\/uploads\/2023\/06\/25-300x300.png 300w\" sizes=\"auto, (max-width: 170px) 100vw, 170px\" \/><\/a><a class=\"p-gallery__link\" href=\"https:\/\/narvajoesuu.ee\/wp-content\/uploads\/2021\/04\/1-2-1024x614.png\"><img loading=\"lazy\" decoding=\"async\" width=\"170\" height=\"170\" src=\"https:\/\/narvajoesuu.ee\/wp-content\/uploads\/2021\/04\/1-2-170x170.png\" class=\"p-gallery__image\" alt=\"\" srcset=\"https:\/\/narvajoesuu.ee\/wp-content\/uploads\/2021\/04\/1-2-170x170.png 170w, https:\/\/narvajoesuu.ee\/wp-content\/uploads\/2021\/04\/1-2-150x150.png 150w, https:\/\/narvajoesuu.ee\/wp-content\/uploads\/2021\/04\/1-2-507x507.png 507w, https:\/\/narvajoesuu.ee\/wp-content\/uploads\/2021\/04\/1-2-300x300.png 300w\" sizes=\"auto, (max-width: 170px) 100vw, 170px\" \/><\/a><a class=\"p-gallery__link\" href=\"https:\/\/narvajoesuu.ee\/wp-content\/uploads\/2023\/06\/27.png\"><img loading=\"lazy\" decoding=\"async\" width=\"170\" height=\"170\" src=\"https:\/\/narvajoesuu.ee\/wp-content\/uploads\/2023\/06\/27-170x170.png\" class=\"p-gallery__image\" alt=\"\" srcset=\"https:\/\/narvajoesuu.ee\/wp-content\/uploads\/2023\/06\/27-170x170.png 170w, https:\/\/narvajoesuu.ee\/wp-content\/uploads\/2023\/06\/27-150x150.png 150w, https:\/\/narvajoesuu.ee\/wp-content\/uploads\/2023\/06\/27-507x507.png 507w, https:\/\/narvajoesuu.ee\/wp-content\/uploads\/2023\/06\/27-300x300.png 300w\" sizes=\"auto, (max-width: 170px) 100vw, 170px\" \/><\/a><a class=\"p-gallery__link\" href=\"https:\/\/narvajoesuu.ee\/wp-content\/uploads\/2021\/04\/2-2-1024x614.png\"><img loading=\"lazy\" decoding=\"async\" width=\"170\" height=\"170\" src=\"https:\/\/narvajoesuu.ee\/wp-content\/uploads\/2021\/04\/2-2-170x170.png\" class=\"p-gallery__image\" alt=\"\" srcset=\"https:\/\/narvajoesuu.ee\/wp-content\/uploads\/2021\/04\/2-2-170x170.png 170w, https:\/\/narvajoesuu.ee\/wp-content\/uploads\/2021\/04\/2-2-150x150.png 150w, https:\/\/narvajoesuu.ee\/wp-content\/uploads\/2021\/04\/2-2-507x507.png 507w, https:\/\/narvajoesuu.ee\/wp-content\/uploads\/2021\/04\/2-2-300x300.png 300w\" sizes=\"auto, (max-width: 170px) 100vw, 170px\" \/><\/a><a class=\"p-gallery__link\" href=\"https:\/\/narvajoesuu.ee\/wp-content\/uploads\/2023\/06\/67.png\"><img loading=\"lazy\" decoding=\"async\" width=\"170\" height=\"170\" src=\"https:\/\/narvajoesuu.ee\/wp-content\/uploads\/2023\/06\/67-170x170.png\" class=\"p-gallery__image\" alt=\"\" srcset=\"https:\/\/narvajoesuu.ee\/wp-content\/uploads\/2023\/06\/67-170x170.png 170w, https:\/\/narvajoesuu.ee\/wp-content\/uploads\/2023\/06\/67-150x150.png 150w, https:\/\/narvajoesuu.ee\/wp-content\/uploads\/2023\/06\/67-507x507.png 507w, https:\/\/narvajoesuu.ee\/wp-content\/uploads\/2023\/06\/67-300x300.png 300w\" sizes=\"auto, (max-width: 170px) 100vw, 170px\" \/><\/a><a class=\"p-gallery__link\" href=\"https:\/\/narvajoesuu.ee\/wp-content\/uploads\/2021\/04\/3-2-1024x614.png\"><img loading=\"lazy\" decoding=\"async\" width=\"170\" height=\"170\" src=\"https:\/\/narvajoesuu.ee\/wp-content\/uploads\/2021\/04\/3-2-170x170.png\" class=\"p-gallery__image\" alt=\"\" srcset=\"https:\/\/narvajoesuu.ee\/wp-content\/uploads\/2021\/04\/3-2-170x170.png 170w, https:\/\/narvajoesuu.ee\/wp-content\/uploads\/2021\/04\/3-2-150x150.png 150w, https:\/\/narvajoesuu.ee\/wp-content\/uploads\/2021\/04\/3-2-507x507.png 507w, https:\/\/narvajoesuu.ee\/wp-content\/uploads\/2021\/04\/3-2-300x300.png 300w\" sizes=\"auto, (max-width: 170px) 100vw, 170px\" \/><\/a><a class=\"p-gallery__link\" href=\"https:\/\/narvajoesuu.ee\/wp-content\/uploads\/2021\/04\/3-1024x614.png\"><img loading=\"lazy\" decoding=\"async\" width=\"170\" height=\"170\" src=\"https:\/\/narvajoesuu.ee\/wp-content\/uploads\/2021\/04\/3-170x170.png\" class=\"p-gallery__image\" alt=\"\" srcset=\"https:\/\/narvajoesuu.ee\/wp-content\/uploads\/2021\/04\/3-170x170.png 170w, https:\/\/narvajoesuu.ee\/wp-content\/uploads\/2021\/04\/3-150x150.png 150w, https:\/\/narvajoesuu.ee\/wp-content\/uploads\/2021\/04\/3-507x507.png 507w, https:\/\/narvajoesuu.ee\/wp-content\/uploads\/2021\/04\/3-300x300.png 300w\" sizes=\"auto, (max-width: 170px) 100vw, 170px\" \/><\/a><a class=\"p-gallery__link\" href=\"https:\/\/narvajoesuu.ee\/wp-content\/uploads\/2023\/06\/31.png\"><img loading=\"lazy\" decoding=\"async\" width=\"170\" height=\"170\" src=\"https:\/\/narvajoesuu.ee\/wp-content\/uploads\/2023\/06\/31-170x170.png\" class=\"p-gallery__image\" alt=\"\" srcset=\"https:\/\/narvajoesuu.ee\/wp-content\/uploads\/2023\/06\/31-170x170.png 170w, https:\/\/narvajoesuu.ee\/wp-content\/uploads\/2023\/06\/31-150x150.png 150w, https:\/\/narvajoesuu.ee\/wp-content\/uploads\/2023\/06\/31-507x507.png 507w, https:\/\/narvajoesuu.ee\/wp-content\/uploads\/2023\/06\/31-300x300.png 300w\" sizes=\"auto, (max-width: 170px) 100vw, 170px\" \/><\/a><a class=\"p-gallery__link\" href=\"https:\/\/narvajoesuu.ee\/wp-content\/uploads\/2021\/04\/5-1024x614.png\"><img loading=\"lazy\" decoding=\"async\" width=\"170\" height=\"170\" src=\"https:\/\/narvajoesuu.ee\/wp-content\/uploads\/2021\/04\/5-170x170.png\" class=\"p-gallery__image\" alt=\"\" srcset=\"https:\/\/narvajoesuu.ee\/wp-content\/uploads\/2021\/04\/5-170x170.png 170w, https:\/\/narvajoesuu.ee\/wp-content\/uploads\/2021\/04\/5-150x150.png 150w, https:\/\/narvajoesuu.ee\/wp-content\/uploads\/2021\/04\/5-507x507.png 507w, https:\/\/narvajoesuu.ee\/wp-content\/uploads\/2021\/04\/5-300x300.png 300w\" sizes=\"auto, (max-width: 170px) 100vw, 170px\" \/><\/a><a class=\"p-gallery__link\" href=\"https:\/\/narvajoesuu.ee\/wp-content\/uploads\/2023\/06\/66.png\"><img loading=\"lazy\" decoding=\"async\" width=\"170\" height=\"170\" src=\"https:\/\/narvajoesuu.ee\/wp-content\/uploads\/2023\/06\/66-170x170.png\" class=\"p-gallery__image\" alt=\"\" srcset=\"https:\/\/narvajoesuu.ee\/wp-content\/uploads\/2023\/06\/66-170x170.png 170w, https:\/\/narvajoesuu.ee\/wp-content\/uploads\/2023\/06\/66-150x150.png 150w, https:\/\/narvajoesuu.ee\/wp-content\/uploads\/2023\/06\/66-507x507.png 507w, https:\/\/narvajoesuu.ee\/wp-content\/uploads\/2023\/06\/66-300x300.png 300w\" sizes=\"auto, (max-width: 170px) 100vw, 170px\" \/><\/a><a class=\"p-gallery__link\" href=\"https:\/\/narvajoesuu.ee\/wp-content\/uploads\/2021\/04\/12-1024x614.png\"><img loading=\"lazy\" decoding=\"async\" width=\"170\" height=\"170\" src=\"https:\/\/narvajoesuu.ee\/wp-content\/uploads\/2021\/04\/12-170x170.png\" class=\"p-gallery__image\" alt=\"\" srcset=\"https:\/\/narvajoesuu.ee\/wp-content\/uploads\/2021\/04\/12-170x170.png 170w, https:\/\/narvajoesuu.ee\/wp-content\/uploads\/2021\/04\/12-150x150.png 150w, https:\/\/narvajoesuu.ee\/wp-content\/uploads\/2021\/04\/12-507x507.png 507w, https:\/\/narvajoesuu.ee\/wp-content\/uploads\/2021\/04\/12-300x300.png 300w\" sizes=\"auto, (max-width: 170px) 100vw, 170px\" \/><\/a><a class=\"p-gallery__link\" href=\"https:\/\/narvajoesuu.ee\/wp-content\/uploads\/2023\/06\/32.png\"><img loading=\"lazy\" decoding=\"async\" width=\"170\" height=\"170\" src=\"https:\/\/narvajoesuu.ee\/wp-content\/uploads\/2023\/06\/32-170x170.png\" class=\"p-gallery__image\" alt=\"\" srcset=\"https:\/\/narvajoesuu.ee\/wp-content\/uploads\/2023\/06\/32-170x170.png 170w, https:\/\/narvajoesuu.ee\/wp-content\/uploads\/2023\/06\/32-150x150.png 150w, https:\/\/narvajoesuu.ee\/wp-content\/uploads\/2023\/06\/32-507x507.png 507w, https:\/\/narvajoesuu.ee\/wp-content\/uploads\/2023\/06\/32-300x300.png 300w\" sizes=\"auto, (max-width: 170px) 100vw, 170px\" \/><\/a><a class=\"p-gallery__link\" href=\"https:\/\/narvajoesuu.ee\/wp-content\/uploads\/2021\/04\/6-1024x614.png\"><img loading=\"lazy\" decoding=\"async\" width=\"170\" height=\"170\" src=\"https:\/\/narvajoesuu.ee\/wp-content\/uploads\/2021\/04\/6-170x170.png\" class=\"p-gallery__image\" alt=\"\" srcset=\"https:\/\/narvajoesuu.ee\/wp-content\/uploads\/2021\/04\/6-170x170.png 170w, https:\/\/narvajoesuu.ee\/wp-content\/uploads\/2021\/04\/6-150x150.png 150w, https:\/\/narvajoesuu.ee\/wp-content\/uploads\/2021\/04\/6-507x507.png 507w, https:\/\/narvajoesuu.ee\/wp-content\/uploads\/2021\/04\/6-300x300.png 300w\" sizes=\"auto, (max-width: 170px) 100vw, 170px\" \/><\/a><a class=\"p-gallery__link\" href=\"https:\/\/narvajoesuu.ee\/wp-content\/uploads\/2021\/04\/13-1024x614.png\"><img loading=\"lazy\" decoding=\"async\" width=\"170\" height=\"170\" src=\"https:\/\/narvajoesuu.ee\/wp-content\/uploads\/2021\/04\/13-170x170.png\" class=\"p-gallery__image\" alt=\"\" srcset=\"https:\/\/narvajoesuu.ee\/wp-content\/uploads\/2021\/04\/13-170x170.png 170w, https:\/\/narvajoesuu.ee\/wp-content\/uploads\/2021\/04\/13-150x150.png 150w, https:\/\/narvajoesuu.ee\/wp-content\/uploads\/2021\/04\/13-507x507.png 507w, https:\/\/narvajoesuu.ee\/wp-content\/uploads\/2021\/04\/13-300x300.png 300w\" sizes=\"auto, (max-width: 170px) 100vw, 170px\" \/><\/a><a class=\"p-gallery__link\" href=\"https:\/\/narvajoesuu.ee\/wp-content\/uploads\/2021\/04\/16-1024x614.png\"><img loading=\"lazy\" decoding=\"async\" width=\"170\" height=\"170\" src=\"https:\/\/narvajoesuu.ee\/wp-content\/uploads\/2021\/04\/16-170x170.png\" class=\"p-gallery__image\" alt=\"\" srcset=\"https:\/\/narvajoesuu.ee\/wp-content\/uploads\/2021\/04\/16-170x170.png 170w, https:\/\/narvajoesuu.ee\/wp-content\/uploads\/2021\/04\/16-150x150.png 150w, https:\/\/narvajoesuu.ee\/wp-content\/uploads\/2021\/04\/16-507x507.png 507w, https:\/\/narvajoesuu.ee\/wp-content\/uploads\/2021\/04\/16-300x300.png 300w\" sizes=\"auto, (max-width: 170px) 100vw, 170px\" \/><\/a><a class=\"p-gallery__link\" href=\"https:\/\/narvajoesuu.ee\/wp-content\/uploads\/2021\/04\/14-1024x614.png\"><img loading=\"lazy\" decoding=\"async\" width=\"170\" height=\"170\" src=\"https:\/\/narvajoesuu.ee\/wp-content\/uploads\/2021\/04\/14-170x170.png\" class=\"p-gallery__image\" alt=\"\" srcset=\"https:\/\/narvajoesuu.ee\/wp-content\/uploads\/2021\/04\/14-170x170.png 170w, https:\/\/narvajoesuu.ee\/wp-content\/uploads\/2021\/04\/14-150x150.png 150w, https:\/\/narvajoesuu.ee\/wp-content\/uploads\/2021\/04\/14-507x507.png 507w, https:\/\/narvajoesuu.ee\/wp-content\/uploads\/2021\/04\/14-300x300.png 300w\" sizes=\"auto, (max-width: 170px) 100vw, 170px\" \/><\/a><\/div><\/div><\/div>\n\n\n<div class=\"wp-block-group\"><div class=\"wp-block-group__inner-container is-layout-flow wp-block-group-is-layout-flow\"><\/div><\/div>\n","protected":false},"excerpt":{"rendered":"<p>Kauneus- ja terveyskeskus palvelee hotellin ensimm\u00e4isess\u00e4- ja 0-kerroksessa.Aukioloaika: joka p\u00e4iv\u00e4 09:00 \u2013 21:00 Terveyskeskuksen osastot Joka p\u00e4iv\u00e4 Kuntoutusosasto 9:00 &#8211;&#8230;<\/p>\n","protected":false},"author":2,"featured_media":0,"parent":10722,"menu_order":548,"comment_status":"closed","ping_status":"closed","template":"","meta":{"_acf_changed":false,"_uag_custom_page_level_css":"","_monsterinsights_skip_tracking":false,"_monsterinsights_sitenote_active":false,"_monsterinsights_sitenote_note":"","_monsterinsights_sitenote_category":0,"footnotes":""},"class_list":["post-10462","page","type-page","status-publish","hentry"],"acf":[],"yoast_head":"<!-- This site is optimized with the Yoast SEO plugin v27.3 - https:\/\/yoast.com\/product\/yoast-seo-wordpress\/ -->\n<title>Hoidot - MEDICAL SPA NARVA-J\u00d5ESUU<\/title>\n<meta name=\"robots\" content=\"index, follow, max-snippet:-1, max-image-preview:large, max-video-preview:-1\" \/>\n<link rel=\"canonical\" href=\"https:\/\/narvajoesuu.ee\/fi\/terveysloma\/hoidot\/\" \/>\n<meta property=\"og:locale\" content=\"fi_FI\" \/>\n<meta property=\"og:type\" content=\"article\" \/>\n<meta property=\"og:title\" content=\"Hoidot - MEDICAL SPA NARVA-J\u00d5ESUU\" \/>\n<meta property=\"og:description\" content=\"Kauneus- ja terveyskeskus palvelee hotellin ensimm\u00e4isess\u00e4- ja 0-kerroksessa.Aukioloaika: joka p\u00e4iv\u00e4 09:00 \u2013 21:00 Terveyskeskuksen osastot Joka p\u00e4iv\u00e4 Kuntoutusosasto 9:00 &#8211;...\" \/>\n<meta property=\"og:url\" content=\"https:\/\/narvajoesuu.ee\/fi\/terveysloma\/hoidot\/\" \/>\n<meta property=\"og:site_name\" content=\"MEDICAL SPA NARVA-J\u00d5ESUU\" \/>\n<meta property=\"article:modified_time\" content=\"2025-09-17T10:49:08+00:00\" \/>\n<meta property=\"og:image\" content=\"https:\/\/narvajoesuu.ee\/wp-content\/uploads\/2021\/12\/Maja-pilt.png\" \/>\n\t<meta property=\"og:image:width\" content=\"1200\" \/>\n\t<meta property=\"og:image:height\" content=\"630\" \/>\n\t<meta property=\"og:image:type\" content=\"image\/png\" \/>\n<meta name=\"twitter:card\" content=\"summary_large_image\" \/>\n<meta name=\"twitter:label1\" content=\"Arvioitu lukuaika\" \/>\n\t<meta name=\"twitter:data1\" content=\"1 minuutti\" \/>\n<script type=\"application\/ld+json\" class=\"yoast-schema-graph\">{\"@context\":\"https:\\\/\\\/schema.org\",\"@graph\":[{\"@type\":\"WebPage\",\"@id\":\"https:\\\/\\\/narvajoesuu.ee\\\/fi\\\/terveysloma\\\/hoidot\\\/\",\"url\":\"https:\\\/\\\/narvajoesuu.ee\\\/fi\\\/terveysloma\\\/hoidot\\\/\",\"name\":\"Hoidot - MEDICAL SPA NARVA-J\u00d5ESUU\",\"isPartOf\":{\"@id\":\"https:\\\/\\\/narvajoesuu.ee\\\/#website\"},\"datePublished\":\"2021-03-15T13:08:59+00:00\",\"dateModified\":\"2025-09-17T10:49:08+00:00\",\"breadcrumb\":{\"@id\":\"https:\\\/\\\/narvajoesuu.ee\\\/fi\\\/terveysloma\\\/hoidot\\\/#breadcrumb\"},\"inLanguage\":\"fi\",\"potentialAction\":[{\"@type\":\"ReadAction\",\"target\":[\"https:\\\/\\\/narvajoesuu.ee\\\/fi\\\/terveysloma\\\/hoidot\\\/\"]}]},{\"@type\":\"BreadcrumbList\",\"@id\":\"https:\\\/\\\/narvajoesuu.ee\\\/fi\\\/terveysloma\\\/hoidot\\\/#breadcrumb\",\"itemListElement\":[{\"@type\":\"ListItem\",\"position\":1,\"name\":\"Home\",\"item\":\"https:\\\/\\\/narvajoesuu.ee\\\/fi\\\/\"},{\"@type\":\"ListItem\",\"position\":2,\"name\":\"Terveysloma\",\"item\":\"https:\\\/\\\/narvajoesuu.ee\\\/fi\\\/terveysloma\\\/\"},{\"@type\":\"ListItem\",\"position\":3,\"name\":\"Hoidot\"}]},{\"@type\":\"WebSite\",\"@id\":\"https:\\\/\\\/narvajoesuu.ee\\\/#website\",\"url\":\"https:\\\/\\\/narvajoesuu.ee\\\/\",\"name\":\"MEDICAL SPA NARVA-J\u00d5ESUU\",\"description\":\"\",\"publisher\":{\"@id\":\"https:\\\/\\\/narvajoesuu.ee\\\/#organization\"},\"potentialAction\":[{\"@type\":\"SearchAction\",\"target\":{\"@type\":\"EntryPoint\",\"urlTemplate\":\"https:\\\/\\\/narvajoesuu.ee\\\/?s={search_term_string}\"},\"query-input\":{\"@type\":\"PropertyValueSpecification\",\"valueRequired\":true,\"valueName\":\"search_term_string\"}}],\"inLanguage\":\"fi\"},{\"@type\":\"Organization\",\"@id\":\"https:\\\/\\\/narvajoesuu.ee\\\/#organization\",\"name\":\"Narva-J\u00f5esuu Medical SPA\",\"url\":\"https:\\\/\\\/narvajoesuu.ee\\\/\",\"logo\":{\"@type\":\"ImageObject\",\"inLanguage\":\"fi\",\"@id\":\"https:\\\/\\\/narvajoesuu.ee\\\/#\\\/schema\\\/logo\\\/image\\\/\",\"url\":\"https:\\\/\\\/narvajoesuu.ee\\\/wp-content\\\/uploads\\\/2020\\\/10\\\/narvajoesuu-logo-small.png\",\"contentUrl\":\"https:\\\/\\\/narvajoesuu.ee\\\/wp-content\\\/uploads\\\/2020\\\/10\\\/narvajoesuu-logo-small.png\",\"width\":170,\"height\":170,\"caption\":\"Narva-J\u00f5esuu Medical SPA\"},\"image\":{\"@id\":\"https:\\\/\\\/narvajoesuu.ee\\\/#\\\/schema\\\/logo\\\/image\\\/\"}}]}<\/script>\n<!-- \/ Yoast SEO plugin. -->","yoast_head_json":{"title":"Hoidot - MEDICAL SPA NARVA-J\u00d5ESUU","robots":{"index":"index","follow":"follow","max-snippet":"max-snippet:-1","max-image-preview":"max-image-preview:large","max-video-preview":"max-video-preview:-1"},"canonical":"https:\/\/narvajoesuu.ee\/fi\/terveysloma\/hoidot\/","og_locale":"fi_FI","og_type":"article","og_title":"Hoidot - MEDICAL SPA NARVA-J\u00d5ESUU","og_description":"Kauneus- ja terveyskeskus palvelee hotellin ensimm\u00e4isess\u00e4- ja 0-kerroksessa.Aukioloaika: joka p\u00e4iv\u00e4 09:00 \u2013 21:00 Terveyskeskuksen osastot Joka p\u00e4iv\u00e4 Kuntoutusosasto 9:00 &#8211;...","og_url":"https:\/\/narvajoesuu.ee\/fi\/terveysloma\/hoidot\/","og_site_name":"MEDICAL SPA NARVA-J\u00d5ESUU","article_modified_time":"2025-09-17T10:49:08+00:00","og_image":[{"width":1200,"height":630,"url":"https:\/\/narvajoesuu.ee\/wp-content\/uploads\/2021\/12\/Maja-pilt.png","type":"image\/png"}],"twitter_card":"summary_large_image","twitter_misc":{"Arvioitu lukuaika":"1 minuutti"},"schema":{"@context":"https:\/\/schema.org","@graph":[{"@type":"WebPage","@id":"https:\/\/narvajoesuu.ee\/fi\/terveysloma\/hoidot\/","url":"https:\/\/narvajoesuu.ee\/fi\/terveysloma\/hoidot\/","name":"Hoidot - MEDICAL SPA NARVA-J\u00d5ESUU","isPartOf":{"@id":"https:\/\/narvajoesuu.ee\/#website"},"datePublished":"2021-03-15T13:08:59+00:00","dateModified":"2025-09-17T10:49:08+00:00","breadcrumb":{"@id":"https:\/\/narvajoesuu.ee\/fi\/terveysloma\/hoidot\/#breadcrumb"},"inLanguage":"fi","potentialAction":[{"@type":"ReadAction","target":["https:\/\/narvajoesuu.ee\/fi\/terveysloma\/hoidot\/"]}]},{"@type":"BreadcrumbList","@id":"https:\/\/narvajoesuu.ee\/fi\/terveysloma\/hoidot\/#breadcrumb","itemListElement":[{"@type":"ListItem","position":1,"name":"Home","item":"https:\/\/narvajoesuu.ee\/fi\/"},{"@type":"ListItem","position":2,"name":"Terveysloma","item":"https:\/\/narvajoesuu.ee\/fi\/terveysloma\/"},{"@type":"ListItem","position":3,"name":"Hoidot"}]},{"@type":"WebSite","@id":"https:\/\/narvajoesuu.ee\/#website","url":"https:\/\/narvajoesuu.ee\/","name":"MEDICAL SPA NARVA-J\u00d5ESUU","description":"","publisher":{"@id":"https:\/\/narvajoesuu.ee\/#organization"},"potentialAction":[{"@type":"SearchAction","target":{"@type":"EntryPoint","urlTemplate":"https:\/\/narvajoesuu.ee\/?s={search_term_string}"},"query-input":{"@type":"PropertyValueSpecification","valueRequired":true,"valueName":"search_term_string"}}],"inLanguage":"fi"},{"@type":"Organization","@id":"https:\/\/narvajoesuu.ee\/#organization","name":"Narva-J\u00f5esuu Medical SPA","url":"https:\/\/narvajoesuu.ee\/","logo":{"@type":"ImageObject","inLanguage":"fi","@id":"https:\/\/narvajoesuu.ee\/#\/schema\/logo\/image\/","url":"https:\/\/narvajoesuu.ee\/wp-content\/uploads\/2020\/10\/narvajoesuu-logo-small.png","contentUrl":"https:\/\/narvajoesuu.ee\/wp-content\/uploads\/2020\/10\/narvajoesuu-logo-small.png","width":170,"height":170,"caption":"Narva-J\u00f5esuu Medical SPA"},"image":{"@id":"https:\/\/narvajoesuu.ee\/#\/schema\/logo\/image\/"}}]}},"uagb_featured_image_src":{"full":false,"thumbnail":false,"medium":false,"medium_large":false,"large":false,"1536x1536":false,"2048x2048":false,"img-1920x550":false,"img-1920x320":false,"img-1920x200":false,"img-670x480":false,"img-570x280":false,"img-507":false,"img-370x240":false,"img-400x250":false,"img-370x175":false,"img-370x120":false,"img-300":false,"img-170":false},"uagb_author_info":{"display_name":"Darja","author_link":"https:\/\/narvajoesuu.ee\/fi\/author\/darja\/"},"uagb_comment_info":0,"uagb_excerpt":"Kauneus- ja terveyskeskus palvelee hotellin ensimm\u00e4isess\u00e4- ja 0-kerroksessa.Aukioloaika: joka p\u00e4iv\u00e4 09:00 \u2013 21:00 Terveyskeskuksen osastot Joka p\u00e4iv\u00e4 Kuntoutusosasto 9:00 &#8211;...","_links":{"self":[{"href":"https:\/\/narvajoesuu.ee\/fi\/wp-json\/wp\/v2\/pages\/10462","targetHints":{"allow":["GET"]}}],"collection":[{"href":"https:\/\/narvajoesuu.ee\/fi\/wp-json\/wp\/v2\/pages"}],"about":[{"href":"https:\/\/narvajoesuu.ee\/fi\/wp-json\/wp\/v2\/types\/page"}],"author":[{"embeddable":true,"href":"https:\/\/narvajoesuu.ee\/fi\/wp-json\/wp\/v2\/users\/2"}],"replies":[{"embeddable":true,"href":"https:\/\/narvajoesuu.ee\/fi\/wp-json\/wp\/v2\/comments?post=10462"}],"version-history":[{"count":13,"href":"https:\/\/narvajoesuu.ee\/fi\/wp-json\/wp\/v2\/pages\/10462\/revisions"}],"predecessor-version":[{"id":21742,"href":"https:\/\/narvajoesuu.ee\/fi\/wp-json\/wp\/v2\/pages\/10462\/revisions\/21742"}],"up":[{"embeddable":true,"href":"https:\/\/narvajoesuu.ee\/fi\/wp-json\/wp\/v2\/pages\/10722"}],"wp:attachment":[{"href":"https:\/\/narvajoesuu.ee\/fi\/wp-json\/wp\/v2\/media?parent=10462"}],"curies":[{"name":"wp","href":"https:\/\/api.w.org\/{rel}","templated":true}]}}