{"id":10453,"date":"2021-03-15T15:23:43","date_gmt":"2021-03-15T13:23:43","guid":{"rendered":"https:\/\/narvajoesuu.ee\/laboratoorne-vereanaluus\/"},"modified":"2026-03-11T12:43:51","modified_gmt":"2026-03-11T10:43:51","slug":"verinaytteet","status":"publish","type":"page","link":"https:\/\/narvajoesuu.ee\/fi\/terveysloma\/verinaytteet\/","title":{"rendered":"Verin\u00e4ytteenotto"},"content":{"rendered":"\n<p class=\"wp-el\">Tarjoamme verin\u00e4ytteiden ottamisen mahdollisuutta.<br>Verin\u00e4ytteiden ottaminen maanantaista perjantaihin kello 7:00 &#8211; 8:00.<\/p>\n\n\n\n<figure class=\"wp-block-table is-style-stripes\"><table class=\"has-fixed-layout\"><thead><tr><th>N\u00e4ytteiden nimikkeist\u00f6<\/th><th class=\"has-text-align-center\" data-align=\"center\">Hinta<\/th><\/tr><\/thead><tbody><tr><td>Perusverenkuva<\/td><td class=\"has-text-align-center\" data-align=\"center\"><em>32 \u20ac<\/em><\/td><\/tr><tr><td>Lipidien aineenvaihduntatestit<\/td><td class=\"has-text-align-center\" data-align=\"center\"><em>32 \u20ac<\/em><\/td><\/tr><tr><td>Maksakokeet<\/td><td class=\"has-text-align-center\" data-align=\"center\"><em>32 \u20ac<\/em><\/td><\/tr><tr><td>Haimakokeet<\/td><td class=\"has-text-align-center\" data-align=\"center\"><em>32 \u20ac<\/em><\/td><\/tr><tr><td>Verensokeri<\/td><td class=\"has-text-align-center\" data-align=\"center\"><em>34 \u20ac<\/em><\/td><\/tr><tr><td>Reumaattisten sairauksien diagnostiikka<\/td><td class=\"has-text-align-center\" data-align=\"center\"><em>34 \u20ac<\/em><\/td><\/tr><tr><td>Sy\u00f6v\u00e4n merkkiaineet naisilla (rinta- tai munasarjasy\u00f6p\u00e4)<\/td><td class=\"has-text-align-center\" data-align=\"center\"><em>42 \u20ac<\/em><\/td><\/tr><tr><td>Munuaiskokeet<\/td><td class=\"has-text-align-center\" data-align=\"center\"><em>32 \u20ac<\/em><\/td><\/tr><tr><td>Kilpirauhaskokeet<\/td><td class=\"has-text-align-center\" data-align=\"center\"><em>42 \u20ac<\/em><\/td><\/tr><tr><td>Eturauhaskokeet<\/td><td class=\"has-text-align-center\" data-align=\"center\"><em>32 \u20ac<\/em><\/td><\/tr><\/tbody><\/table><\/figure>\n\n\n\n<div class=\"wp-block-group\"><div class=\"wp-block-group__inner-container is-layout-constrained wp-block-group-is-layout-constrained\"><div class=\"wp-block-uagb-faq uagb-faq__outer-wrap uagb-block-0f363486 uagb-faq-icon-row uagb-faq-layout-accordion uagb-faq-expand-first-true uagb-faq-inactive-other-true uagb-faq__wrap uagb-buttons-layout-wrap uagb-faq-equal-height     \" data-faqtoggle=\"true\" role=\"tablist\"><div class=\"wp-block-uagb-faq-child uagb-faq-child__outer-wrap uagb-faq-item uagb-block-fd71ec7d \" role=\"tab\" tabindex=\"0\"><div class=\"uagb-faq-questions-button uagb-faq-questions\">\t\t\t<span class=\"uagb-icon uagb-faq-icon-wrap\">\n\t\t\t\t\t\t\t\t<svg xmlns=\"https:\/\/www.w3.org\/2000\/svg\" viewBox= \"0 0 448 512\"><path d=\"M432 256c0 17.69-14.33 32.01-32 32.01H256v144c0 17.69-14.33 31.99-32 31.99s-32-14.3-32-31.99v-144H48c-17.67 0-32-14.32-32-32.01s14.33-31.99 32-31.99H192v-144c0-17.69 14.33-32.01 32-32.01s32 14.32 32 32.01v144h144C417.7 224 432 238.3 432 256z\"><\/path><\/svg>\n\t\t\t\t\t\t\t<\/span>\n\t\t\t\t\t\t<span class=\"uagb-icon-active uagb-faq-icon-wrap\">\n\t\t\t\t\t\t\t\t<svg xmlns=\"https:\/\/www.w3.org\/2000\/svg\" viewBox= \"0 0 448 512\"><path d=\"M400 288h-352c-17.69 0-32-14.32-32-32.01s14.31-31.99 32-31.99h352c17.69 0 32 14.3 32 31.99S417.7 288 400 288z\"><\/path><\/svg>\n\t\t\t\t\t\t\t<\/span>\n\t\t\t<span class=\"uagb-question\">LABORATORIOTESTIPAKETTI \u201cMIESTEN VOIMA\u201d<em>\u00a050 \u20ac<\/em><\/span><\/div><div class=\"uagb-faq-content\"><p>T\u00e4m\u00e4 tutkimus on t\u00e4rke\u00e4 osa eturauhassairauksien ehk\u00e4isy\u00e4 ja n\u00e4ytt\u00e4\u00e4 my\u00f6s testosteronitason, joka on t\u00e4rke\u00e4 hormoni miehille. T\u00e4llainen diagnostiikka mahdollistaa patologisten muutosten havaitsemisen ajoissa, mik\u00e4 auttaa v\u00e4ltt\u00e4m\u00e4\u00e4n terveyshaittoja.<br>\u2713\u00a0Testosteroni<br>Testosteroni on p\u00e4\u00e4asiallinen mieshormoni, joka vastaa maskuliinisuudesta ja vaikuttaa voimakkaasti seksuaaliseen el\u00e4m\u00e4\u00e4n. Sen tason lasku voi johtaa lihasj\u00e4nteyden heikkenemiseen, lis\u00e4\u00e4ntyneeseen v\u00e4symykseen, kaljuuntumiseen ja masennukseen.<br>\u2713\u00a0Kortisoli<br>Kortisoli auttaa s\u00e4ilytt\u00e4m\u00e4\u00e4n energiaa kehossa ja osallistuu solujen entsyymien synteesiin. Sit\u00e4 kutsutaan \u201cstressihormoniksi\u201d, koska se muodostaa suojaavia reaktioita ulkoisiin uhkiin ja stressitilanteisiin.<br>\u2713\u00a0PSA<br>PSA (eturauhasen spesifinen antigeeni) on proteiini, jota eturauhanen tuottaa.<\/p><\/div><\/div><div class=\"wp-block-uagb-faq-child uagb-faq-child__outer-wrap uagb-faq-item uagb-block-30df3689 \" role=\"tab\" tabindex=\"0\"><div class=\"uagb-faq-questions-button uagb-faq-questions\">\t\t\t<span class=\"uagb-icon uagb-faq-icon-wrap\">\n\t\t\t\t\t\t\t\t<svg xmlns=\"https:\/\/www.w3.org\/2000\/svg\" viewBox= \"0 0 448 512\"><path d=\"M432 256c0 17.69-14.33 32.01-32 32.01H256v144c0 17.69-14.33 31.99-32 31.99s-32-14.3-32-31.99v-144H48c-17.67 0-32-14.32-32-32.01s14.33-31.99 32-31.99H192v-144c0-17.69 14.33-32.01 32-32.01s32 14.32 32 32.01v144h144C417.7 224 432 238.3 432 256z\"><\/path><\/svg>\n\t\t\t\t\t\t\t<\/span>\n\t\t\t\t\t\t<span class=\"uagb-icon-active uagb-faq-icon-wrap\">\n\t\t\t\t\t\t\t\t<svg xmlns=\"https:\/\/www.w3.org\/2000\/svg\" viewBox= \"0 0 448 512\"><path d=\"M400 288h-352c-17.69 0-32-14.32-32-32.01s14.31-31.99 32-31.99h352c17.69 0 32 14.3 32 31.99S417.7 288 400 288z\"><\/path><\/svg>\n\t\t\t\t\t\t\t<\/span>\n\t\t\t<span class=\"uagb-question\">LABORATORIOTESTIPAKETTI \u201cNAISEN HORMONAALINEN KOMPLEKSI\u201d <em>105 \u20ac<\/em><\/span><\/div><div class=\"uagb-faq-content\"><p>Naisen hormonaalinen tila on ratkaisevassa roolissa h\u00e4nen terveytens\u00e4 ja hyvinvointinsa yll\u00e4pit\u00e4misess\u00e4. Jokainen hormoni kehossamme suorittaa ainutlaatuisen teht\u00e4v\u00e4ns\u00e4. T\u00e4m\u00e4 tutkimus auttaa havaitsemaan mahdolliset ep\u00e4tasapainot ja mahdollistaa oikea-aikaisen puuttumisen.<br><br>\u2713 Estradioli on t\u00e4rke\u00e4 naisen lis\u00e4\u00e4ntymisj\u00e4rjestelm\u00e4n kehitykselle, varmistaa ihon kimmoisuuden, tukee luiden vahvuutta ja vaikuttaa emotionaaliseen tilaan.<br>\u2713 Progesteroni on tarpeen normaalin kuukautiskierron ja raskauden kulun yll\u00e4pit\u00e4miseksi.<br>\u2713 Testosteroni tukee energiaa, mielialaa ja seksuaalista halukkuutta.<br>\u2713 FSH (follikkelia stimuloiva hormoni) ja LH (lutropiini) toimivat yhdess\u00e4 ovulaation s\u00e4\u00e4telyss\u00e4 ja ovat t\u00e4rkeit\u00e4 lapsettomuuden diagnostiikassa.<br>\u2713 Prolaktiini vastaa imetyksest\u00e4 ja rintojen terveydest\u00e4, s\u00e4\u00e4telee aineenvaihduntaa ja immuunivasteita.<br>\u2713 Kortisoli s\u00e4\u00e4telee aineenvaihduntaa, auttaa muuttamaan rasvat, proteiinit ja hiilihydraatit solujen energiaksi, kontrolloi vesi-suolatasapainoa, taistelee tulehduksia vastaan ja osallistuu uni-valverytmin s\u00e4\u00e4telyyn.<\/p><\/div><\/div><div class=\"wp-block-uagb-faq-child uagb-faq-child__outer-wrap uagb-faq-item uagb-block-c23733a6 \" role=\"tab\" tabindex=\"0\"><div class=\"uagb-faq-questions-button uagb-faq-questions\">\t\t\t<span class=\"uagb-icon uagb-faq-icon-wrap\">\n\t\t\t\t\t\t\t\t<svg xmlns=\"https:\/\/www.w3.org\/2000\/svg\" viewBox= \"0 0 448 512\"><path d=\"M432 256c0 17.69-14.33 32.01-32 32.01H256v144c0 17.69-14.33 31.99-32 31.99s-32-14.3-32-31.99v-144H48c-17.67 0-32-14.32-32-32.01s14.33-31.99 32-31.99H192v-144c0-17.69 14.33-32.01 32-32.01s32 14.32 32 32.01v144h144C417.7 224 432 238.3 432 256z\"><\/path><\/svg>\n\t\t\t\t\t\t\t<\/span>\n\t\t\t\t\t\t<span class=\"uagb-icon-active uagb-faq-icon-wrap\">\n\t\t\t\t\t\t\t\t<svg xmlns=\"https:\/\/www.w3.org\/2000\/svg\" viewBox= \"0 0 448 512\"><path d=\"M400 288h-352c-17.69 0-32-14.32-32-32.01s14.31-31.99 32-31.99h352c17.69 0 32 14.3 32 31.99S417.7 288 400 288z\"><\/path><\/svg>\n\t\t\t\t\t\t\t<\/span>\n\t\t\t<span class=\"uagb-question\">LABORATORIOTESTIPAKETTI RASVAHAPPOJEN TASOSSA <em>150 \u20ac<\/em><\/span><\/div><div class=\"uagb-faq-content\"><p>T\u00e4m\u00e4n paketin 7 parametrin analyysin perusteella saat t\u00e4rke\u00e4\u00e4 tietoa kehosi rasvahappotasosta. Tulokset heijastavat pitk\u00e4aikaisia ruokailutottumuksiasi ja niiden mahdollisia vaikutuksia. Esimerkiksi omega-3- ja omega-6-rasvahappojen tasapaino auttaa ehk\u00e4isem\u00e4\u00e4n tulehdusta, v\u00e4hent\u00e4m\u00e4\u00e4n stressi\u00e4, suojaamaan hermostoa, ehk\u00e4isem\u00e4\u00e4n diabetesta ja vaikuttaa my\u00f6nteisesti syd\u00e4meen, kehoon ja ihoon.<br>\u00a0<br>Mit\u00e4 opit?<br>\u2713\u00a0Saatko riitt\u00e4v\u00e4sti omega-3-rasvahappoja sis\u00e4lt\u00e4vi\u00e4 ruokia?<br>\u2713\u00a0Onko sinulla kohonnut riski syd\u00e4nsairauksiin?<br>\u2713\u00a0Onko kehosi omega-3- ja omega-6-rasvahappojen tasapaino optimaalinen?<br>\u2713\u00a0Kuinka paljon erilaisia v\u00e4ltt\u00e4m\u00e4tt\u00f6mi\u00e4 ja ei-v\u00e4ltt\u00e4m\u00e4tt\u00f6mi\u00e4 rasvoja kehossasi on?<br>\u00a0<br>Pakettia suositellaan seuraavissa tapauksissa:<br>\u2713\u00a0Syd\u00e4nsairauksista k\u00e4rsiville, joilla on kohonnut riski sepelvaltimotaudin kehittymiseen ja\/tai jotka haluavat ehk\u00e4ist\u00e4 sen kehittymist\u00e4<br>\u2713\u00a0Naisille ennen raskautta tai raskauden aikana<br>\u2713\u00a0Psykiatristen sairauksien (esim. masennus) yhteydess\u00e4 ja\/tai niille, jotka haluavat ehk\u00e4ist\u00e4 t\u00e4llaisia sairauksia<br>\u2713\u00a0Kroonisen tulehduksen yhteydess\u00e4<br>\u2713\u00a0Niille, jotka haluavat ehk\u00e4ist\u00e4 Alzheimerin taudin kehittymist\u00e4<br>\u00a0<br>Lis\u00e4tietoa:<br>\u2713\u00a0\u00c4l\u00e4 sy\u00f6 tai juo 10\u201314 tuntia ennen n\u00e4ytteenottoa<br>\u2713\u00a0Tulokset saatavilla 14 p\u00e4iv\u00e4n kuluessa<\/p><\/div><\/div><div class=\"wp-block-uagb-faq-child uagb-faq-child__outer-wrap uagb-faq-item uagb-block-205581c4 \" role=\"tab\" tabindex=\"0\"><div class=\"uagb-faq-questions-button uagb-faq-questions\">\t\t\t<span class=\"uagb-icon uagb-faq-icon-wrap\">\n\t\t\t\t\t\t\t\t<svg xmlns=\"https:\/\/www.w3.org\/2000\/svg\" viewBox= \"0 0 448 512\"><path d=\"M432 256c0 17.69-14.33 32.01-32 32.01H256v144c0 17.69-14.33 31.99-32 31.99s-32-14.3-32-31.99v-144H48c-17.67 0-32-14.32-32-32.01s14.33-31.99 32-31.99H192v-144c0-17.69 14.33-32.01 32-32.01s32 14.32 32 32.01v144h144C417.7 224 432 238.3 432 256z\"><\/path><\/svg>\n\t\t\t\t\t\t\t<\/span>\n\t\t\t\t\t\t<span class=\"uagb-icon-active uagb-faq-icon-wrap\">\n\t\t\t\t\t\t\t\t<svg xmlns=\"https:\/\/www.w3.org\/2000\/svg\" viewBox= \"0 0 448 512\"><path d=\"M400 288h-352c-17.69 0-32-14.32-32-32.01s14.31-31.99 32-31.99h352c17.69 0 32 14.3 32 31.99S417.7 288 400 288z\"><\/path><\/svg>\n\t\t\t\t\t\t\t<\/span>\n\t\t\t<span class=\"uagb-question\">LABORATORIOTESTIPAKETTI \u201cPREMIUM 40+\u201d <em>125 \u20ac<\/em><\/span><\/div><div class=\"uagb-faq-content\"><p>On t\u00e4rke\u00e4\u00e4 seurata terveytt\u00e4 aina, erityisesti i\u00e4n karttuessa. Oikea-aikainen verikoe voi est\u00e4\u00e4 vakavien terveysongelmien kehittymisen.<br>T\u00e4m\u00e4 paketti on tarkoitettu arvioimaan tulehdussairauksien ja syd\u00e4n- ja verisuonisairauksien, verisuonten ateroskleroosin ja tyypin 2 diabeteksen riski\u00e4; maksaan ja munuaisiin liittyv\u00e4\u00e4 detoksifikaatiotoimintaa; mineraalien aineenvaihduntaa, mukaan lukien proteiini- ja raudavaihdunta, mahdollisten anemioiden havaitsemiseksi; sek\u00e4 kilpirauhasen toimintaan liittyv\u00e4n hormonaalisen tilan arviointia.<br><br>\u2713\u00a0T\u00e4ydellinen verenkuva (hemogrammi leukosyyttikaavion kanssa)<br>\u2713\u00a0Maksa-arvot<br>\u2713\u00a0Munuaisarvot<br>\u2713\u00a0Haima-arvot<br>\u2713\u00a0Kilpirauhasarvot<br>\u2713\u00a0Lipidiprofiili<br>\u2713\u00a0Proteiiniaineenvaihdunta<br>\u2713\u00a0Kalsium<br>\u2713\u00a0Magnesium<br>\u2713\u00a0Rauta<br>\u2713\u00a0B12-vitamiini<br>\u2713\u00a0D-vitamiini<\/p><\/div><\/div><div class=\"wp-block-uagb-faq-child uagb-faq-child__outer-wrap uagb-faq-item uagb-block-d0db23ed \" role=\"tab\" tabindex=\"0\"><div class=\"uagb-faq-questions-button uagb-faq-questions\">\t\t\t<span class=\"uagb-icon uagb-faq-icon-wrap\">\n\t\t\t\t\t\t\t\t<svg xmlns=\"https:\/\/www.w3.org\/2000\/svg\" viewBox= \"0 0 448 512\"><path d=\"M432 256c0 17.69-14.33 32.01-32 32.01H256v144c0 17.69-14.33 31.99-32 31.99s-32-14.3-32-31.99v-144H48c-17.67 0-32-14.32-32-32.01s14.33-31.99 32-31.99H192v-144c0-17.69 14.33-32.01 32-32.01s32 14.32 32 32.01v144h144C417.7 224 432 238.3 432 256z\"><\/path><\/svg>\n\t\t\t\t\t\t\t<\/span>\n\t\t\t\t\t\t<span class=\"uagb-icon-active uagb-faq-icon-wrap\">\n\t\t\t\t\t\t\t\t<svg xmlns=\"https:\/\/www.w3.org\/2000\/svg\" viewBox= \"0 0 448 512\"><path d=\"M400 288h-352c-17.69 0-32-14.32-32-32.01s14.31-31.99 32-31.99h352c17.69 0 32 14.3 32 31.99S417.7 288 400 288z\"><\/path><\/svg>\n\t\t\t\t\t\t\t<\/span>\n\t\t\t<span class=\"uagb-question\">LABORATORIOTESTIPAKETTI \u201cTERVEYSTARKASTUS\u201d<em> 90 \u20ac<\/em><\/span><\/div><div class=\"uagb-faq-content\"><p>Kattava laboratoriotutkimus, joka on suunniteltu t\u00e4rkeimpien terveysongelmien seulontaan. Tutkimus osoittaa, toimivatko syd\u00e4n- ja verisuonij\u00e4rjestelm\u00e4, ruoansulatus- ja detoksifikaatioj\u00e4rjestelm\u00e4t sek\u00e4 hormonaalinen tasapaino oikein. Esimerkiksi glukoositaso voi viitata mahdolliseen diabeteksen esiintymiseen. Yksityiskohtainen tieto tekee t\u00e4st\u00e4 testist\u00e4 yhden objektiivisimman terveyden arviointikriteerin.<br><br>\u2713\u00a0T\u00e4ydellinen verenkuva (hemogrammi leukosyyttikaavion kanssa)<br>\u2713\u00a0Glykoitunut hemoglobiini (HbA1c)<br>\u2713\u00a0Maksa-arvot<br>\u2713\u00a0Munuaisarvot<br>\u2713\u00a0Haima-arvot<br>\u2713\u00a0Kilpirauhasarvot<br>\u2713\u00a0Lipidiprofiili<br>\u2713\u00a0Veren hyytymiskoe<\/p><\/div><\/div><div class=\"wp-block-uagb-faq-child uagb-faq-child__outer-wrap uagb-faq-item uagb-block-498b9180 \" role=\"tab\" tabindex=\"0\"><div class=\"uagb-faq-questions-button uagb-faq-questions\">\t\t\t<span class=\"uagb-icon uagb-faq-icon-wrap\">\n\t\t\t\t\t\t\t\t<svg xmlns=\"https:\/\/www.w3.org\/2000\/svg\" viewBox= \"0 0 448 512\"><path d=\"M432 256c0 17.69-14.33 32.01-32 32.01H256v144c0 17.69-14.33 31.99-32 31.99s-32-14.3-32-31.99v-144H48c-17.67 0-32-14.32-32-32.01s14.33-31.99 32-31.99H192v-144c0-17.69 14.33-32.01 32-32.01s32 14.32 32 32.01v144h144C417.7 224 432 238.3 432 256z\"><\/path><\/svg>\n\t\t\t\t\t\t\t<\/span>\n\t\t\t\t\t\t<span class=\"uagb-icon-active uagb-faq-icon-wrap\">\n\t\t\t\t\t\t\t\t<svg xmlns=\"https:\/\/www.w3.org\/2000\/svg\" viewBox= \"0 0 448 512\"><path d=\"M400 288h-352c-17.69 0-32-14.32-32-32.01s14.31-31.99 32-31.99h352c17.69 0 32 14.3 32 31.99S417.7 288 400 288z\"><\/path><\/svg>\n\t\t\t\t\t\t\t<\/span>\n\t\t\t<span class=\"uagb-question\">TESTIPAKETTI \u201cTERVEYS JA KAUNEUS\u201d NAISELLE <em>90 \u20ac<\/em><\/span><\/div><div class=\"uagb-faq-content\"><p>Vitamiinit ja hivenaineet ovat v\u00e4ltt\u00e4m\u00e4tt\u00f6mi\u00e4 naisille paitsi terveyden yll\u00e4pit\u00e4miseksi my\u00f6s kauneuden ja nuorekkuuden s\u00e4ilytt\u00e4miseksi mahdollisimman pitk\u00e4\u00e4n.<br>Lis\u00e4\u00e4ntynyt v\u00e4symys, \u00e4rtyneisyys, keskittymisvaikeudet, unettomuus, haurastuneet hiukset ja kynnet, verenvuoto ikenist\u00e4 \u2013 n\u00e4m\u00e4 ovat yleisi\u00e4 ulkoisia merkkej\u00e4 vitamiinien ja hivenaineiden puutoksesta. T\u00e4llaisilta ep\u00e4miellytt\u00e4vilt\u00e4 oireilta v\u00e4ltty\u00e4ksesi suosittelemme ottamaan t\u00e4m\u00e4n paketin vierailusi aikana SPA:ssamme.<br><br>\u2713\u00a0Na \u2014 Natrium<br>\u2713\u00a0K \u2014 Kalium<br>\u2713\u00a0Ca \u2014 Kalsium<br>\u2713\u00a0Mg \u2014 Magnesium<br>\u2713\u00a0Folaatti, foolihappo<br>\u2713\u00a0Ferritiini<br>\u2713\u00a0B12-vitamiini<br>\u2713\u00a0D-vitamiini<\/p><\/div><\/div><\/div><\/div><\/div>\n\n\n<div class=\"b-block pad-top-30 pad-bottom-20\"><div class=\"p-emphasis b-part container-p0 p-emphasis--info\"><p><strong>Lis\u00e4tiedot ja varaukset:<\/strong><br \/>\n+372 35 99 523<br \/>\n+372 56 91 5042<br \/>\nilu@narvajoesuu.ee<\/p>\n<\/div><\/div>\n\n\n<p class=\"wp-el\"><\/p>\n","protected":false},"excerpt":{"rendered":"<p>Tarjoamme verin\u00e4ytteiden ottamisen mahdollisuutta.Verin\u00e4ytteiden ottaminen maanantaista perjantaihin kello 7:00 &#8211; 8:00. N\u00e4ytteiden nimikkeist\u00f6 Hinta Perusverenkuva 32 \u20ac Lipidien aineenvaihduntatestit 32&#8230;<\/p>\n","protected":false},"author":2,"featured_media":0,"parent":10722,"menu_order":530,"comment_status":"closed","ping_status":"closed","template":"","meta":{"_acf_changed":false,"_uag_custom_page_level_css":"","_monsterinsights_skip_tracking":false,"_monsterinsights_sitenote_active":false,"_monsterinsights_sitenote_note":"","_monsterinsights_sitenote_category":0,"footnotes":""},"class_list":["post-10453","page","type-page","status-publish","hentry"],"acf":[],"yoast_head":"<!-- This site is optimized with the Yoast SEO plugin v27.3 - https:\/\/yoast.com\/product\/yoast-seo-wordpress\/ -->\n<title>Verin\u00e4ytteenotto - MEDICAL SPA NARVA-J\u00d5ESUU<\/title>\n<meta name=\"robots\" content=\"index, follow, max-snippet:-1, max-image-preview:large, max-video-preview:-1\" \/>\n<link rel=\"canonical\" href=\"https:\/\/narvajoesuu.ee\/fi\/terveysloma\/verinaytteet\/\" \/>\n<meta property=\"og:locale\" content=\"fi_FI\" \/>\n<meta property=\"og:type\" content=\"article\" \/>\n<meta property=\"og:title\" content=\"Verin\u00e4ytteenotto - MEDICAL SPA NARVA-J\u00d5ESUU\" \/>\n<meta property=\"og:description\" content=\"Tarjoamme verin\u00e4ytteiden ottamisen mahdollisuutta.Verin\u00e4ytteiden ottaminen maanantaista perjantaihin kello 7:00 &#8211; 8:00. N\u00e4ytteiden nimikkeist\u00f6 Hinta Perusverenkuva 32 \u20ac Lipidien aineenvaihduntatestit 32...\" \/>\n<meta property=\"og:url\" content=\"https:\/\/narvajoesuu.ee\/fi\/terveysloma\/verinaytteet\/\" \/>\n<meta property=\"og:site_name\" content=\"MEDICAL SPA NARVA-J\u00d5ESUU\" \/>\n<meta property=\"article:modified_time\" content=\"2026-03-11T10:43:51+00:00\" \/>\n<meta property=\"og:image\" content=\"https:\/\/narvajoesuu.ee\/wp-content\/uploads\/2021\/12\/Maja-pilt.png\" \/>\n\t<meta property=\"og:image:width\" content=\"1200\" \/>\n\t<meta property=\"og:image:height\" content=\"630\" \/>\n\t<meta property=\"og:image:type\" content=\"image\/png\" \/>\n<meta name=\"twitter:card\" content=\"summary_large_image\" \/>\n<meta name=\"twitter:label1\" content=\"Arvioitu lukuaika\" \/>\n\t<meta name=\"twitter:data1\" content=\"1 minuutti\" \/>\n<script type=\"application\/ld+json\" class=\"yoast-schema-graph\">{\"@context\":\"https:\\\/\\\/schema.org\",\"@graph\":[{\"@type\":\"WebPage\",\"@id\":\"https:\\\/\\\/narvajoesuu.ee\\\/fi\\\/terveysloma\\\/verinaytteet\\\/\",\"url\":\"https:\\\/\\\/narvajoesuu.ee\\\/fi\\\/terveysloma\\\/verinaytteet\\\/\",\"name\":\"Verin\u00e4ytteenotto - MEDICAL SPA NARVA-J\u00d5ESUU\",\"isPartOf\":{\"@id\":\"https:\\\/\\\/narvajoesuu.ee\\\/#website\"},\"datePublished\":\"2021-03-15T13:23:43+00:00\",\"dateModified\":\"2026-03-11T10:43:51+00:00\",\"breadcrumb\":{\"@id\":\"https:\\\/\\\/narvajoesuu.ee\\\/fi\\\/terveysloma\\\/verinaytteet\\\/#breadcrumb\"},\"inLanguage\":\"fi\",\"potentialAction\":[{\"@type\":\"ReadAction\",\"target\":[\"https:\\\/\\\/narvajoesuu.ee\\\/fi\\\/terveysloma\\\/verinaytteet\\\/\"]}]},{\"@type\":\"BreadcrumbList\",\"@id\":\"https:\\\/\\\/narvajoesuu.ee\\\/fi\\\/terveysloma\\\/verinaytteet\\\/#breadcrumb\",\"itemListElement\":[{\"@type\":\"ListItem\",\"position\":1,\"name\":\"Home\",\"item\":\"https:\\\/\\\/narvajoesuu.ee\\\/fi\\\/\"},{\"@type\":\"ListItem\",\"position\":2,\"name\":\"Terveysloma\",\"item\":\"https:\\\/\\\/narvajoesuu.ee\\\/fi\\\/terveysloma\\\/\"},{\"@type\":\"ListItem\",\"position\":3,\"name\":\"Verin\u00e4ytteenotto\"}]},{\"@type\":\"WebSite\",\"@id\":\"https:\\\/\\\/narvajoesuu.ee\\\/#website\",\"url\":\"https:\\\/\\\/narvajoesuu.ee\\\/\",\"name\":\"MEDICAL SPA NARVA-J\u00d5ESUU\",\"description\":\"\",\"publisher\":{\"@id\":\"https:\\\/\\\/narvajoesuu.ee\\\/#organization\"},\"potentialAction\":[{\"@type\":\"SearchAction\",\"target\":{\"@type\":\"EntryPoint\",\"urlTemplate\":\"https:\\\/\\\/narvajoesuu.ee\\\/?s={search_term_string}\"},\"query-input\":{\"@type\":\"PropertyValueSpecification\",\"valueRequired\":true,\"valueName\":\"search_term_string\"}}],\"inLanguage\":\"fi\"},{\"@type\":\"Organization\",\"@id\":\"https:\\\/\\\/narvajoesuu.ee\\\/#organization\",\"name\":\"Narva-J\u00f5esuu Medical SPA\",\"url\":\"https:\\\/\\\/narvajoesuu.ee\\\/\",\"logo\":{\"@type\":\"ImageObject\",\"inLanguage\":\"fi\",\"@id\":\"https:\\\/\\\/narvajoesuu.ee\\\/#\\\/schema\\\/logo\\\/image\\\/\",\"url\":\"https:\\\/\\\/narvajoesuu.ee\\\/wp-content\\\/uploads\\\/2020\\\/10\\\/narvajoesuu-logo-small.png\",\"contentUrl\":\"https:\\\/\\\/narvajoesuu.ee\\\/wp-content\\\/uploads\\\/2020\\\/10\\\/narvajoesuu-logo-small.png\",\"width\":170,\"height\":170,\"caption\":\"Narva-J\u00f5esuu Medical SPA\"},\"image\":{\"@id\":\"https:\\\/\\\/narvajoesuu.ee\\\/#\\\/schema\\\/logo\\\/image\\\/\"}}]}<\/script>\n<!-- \/ Yoast SEO plugin. -->","yoast_head_json":{"title":"Verin\u00e4ytteenotto - MEDICAL SPA NARVA-J\u00d5ESUU","robots":{"index":"index","follow":"follow","max-snippet":"max-snippet:-1","max-image-preview":"max-image-preview:large","max-video-preview":"max-video-preview:-1"},"canonical":"https:\/\/narvajoesuu.ee\/fi\/terveysloma\/verinaytteet\/","og_locale":"fi_FI","og_type":"article","og_title":"Verin\u00e4ytteenotto - MEDICAL SPA NARVA-J\u00d5ESUU","og_description":"Tarjoamme verin\u00e4ytteiden ottamisen mahdollisuutta.Verin\u00e4ytteiden ottaminen maanantaista perjantaihin kello 7:00 &#8211; 8:00. N\u00e4ytteiden nimikkeist\u00f6 Hinta Perusverenkuva 32 \u20ac Lipidien aineenvaihduntatestit 32...","og_url":"https:\/\/narvajoesuu.ee\/fi\/terveysloma\/verinaytteet\/","og_site_name":"MEDICAL SPA NARVA-J\u00d5ESUU","article_modified_time":"2026-03-11T10:43:51+00:00","og_image":[{"width":1200,"height":630,"url":"https:\/\/narvajoesuu.ee\/wp-content\/uploads\/2021\/12\/Maja-pilt.png","type":"image\/png"}],"twitter_card":"summary_large_image","twitter_misc":{"Arvioitu lukuaika":"1 minuutti"},"schema":{"@context":"https:\/\/schema.org","@graph":[{"@type":"WebPage","@id":"https:\/\/narvajoesuu.ee\/fi\/terveysloma\/verinaytteet\/","url":"https:\/\/narvajoesuu.ee\/fi\/terveysloma\/verinaytteet\/","name":"Verin\u00e4ytteenotto - MEDICAL SPA NARVA-J\u00d5ESUU","isPartOf":{"@id":"https:\/\/narvajoesuu.ee\/#website"},"datePublished":"2021-03-15T13:23:43+00:00","dateModified":"2026-03-11T10:43:51+00:00","breadcrumb":{"@id":"https:\/\/narvajoesuu.ee\/fi\/terveysloma\/verinaytteet\/#breadcrumb"},"inLanguage":"fi","potentialAction":[{"@type":"ReadAction","target":["https:\/\/narvajoesuu.ee\/fi\/terveysloma\/verinaytteet\/"]}]},{"@type":"BreadcrumbList","@id":"https:\/\/narvajoesuu.ee\/fi\/terveysloma\/verinaytteet\/#breadcrumb","itemListElement":[{"@type":"ListItem","position":1,"name":"Home","item":"https:\/\/narvajoesuu.ee\/fi\/"},{"@type":"ListItem","position":2,"name":"Terveysloma","item":"https:\/\/narvajoesuu.ee\/fi\/terveysloma\/"},{"@type":"ListItem","position":3,"name":"Verin\u00e4ytteenotto"}]},{"@type":"WebSite","@id":"https:\/\/narvajoesuu.ee\/#website","url":"https:\/\/narvajoesuu.ee\/","name":"MEDICAL SPA NARVA-J\u00d5ESUU","description":"","publisher":{"@id":"https:\/\/narvajoesuu.ee\/#organization"},"potentialAction":[{"@type":"SearchAction","target":{"@type":"EntryPoint","urlTemplate":"https:\/\/narvajoesuu.ee\/?s={search_term_string}"},"query-input":{"@type":"PropertyValueSpecification","valueRequired":true,"valueName":"search_term_string"}}],"inLanguage":"fi"},{"@type":"Organization","@id":"https:\/\/narvajoesuu.ee\/#organization","name":"Narva-J\u00f5esuu Medical SPA","url":"https:\/\/narvajoesuu.ee\/","logo":{"@type":"ImageObject","inLanguage":"fi","@id":"https:\/\/narvajoesuu.ee\/#\/schema\/logo\/image\/","url":"https:\/\/narvajoesuu.ee\/wp-content\/uploads\/2020\/10\/narvajoesuu-logo-small.png","contentUrl":"https:\/\/narvajoesuu.ee\/wp-content\/uploads\/2020\/10\/narvajoesuu-logo-small.png","width":170,"height":170,"caption":"Narva-J\u00f5esuu Medical SPA"},"image":{"@id":"https:\/\/narvajoesuu.ee\/#\/schema\/logo\/image\/"}}]}},"uagb_featured_image_src":{"full":false,"thumbnail":false,"medium":false,"medium_large":false,"large":false,"1536x1536":false,"2048x2048":false,"img-1920x550":false,"img-1920x320":false,"img-1920x200":false,"img-670x480":false,"img-570x280":false,"img-507":false,"img-370x240":false,"img-400x250":false,"img-370x175":false,"img-370x120":false,"img-300":false,"img-170":false},"uagb_author_info":{"display_name":"Darja","author_link":"https:\/\/narvajoesuu.ee\/fi\/author\/darja\/"},"uagb_comment_info":0,"uagb_excerpt":"Tarjoamme verin\u00e4ytteiden ottamisen mahdollisuutta.Verin\u00e4ytteiden ottaminen maanantaista perjantaihin kello 7:00 &#8211; 8:00. N\u00e4ytteiden nimikkeist\u00f6 Hinta Perusverenkuva 32 \u20ac Lipidien aineenvaihduntatestit 32...","_links":{"self":[{"href":"https:\/\/narvajoesuu.ee\/fi\/wp-json\/wp\/v2\/pages\/10453","targetHints":{"allow":["GET"]}}],"collection":[{"href":"https:\/\/narvajoesuu.ee\/fi\/wp-json\/wp\/v2\/pages"}],"about":[{"href":"https:\/\/narvajoesuu.ee\/fi\/wp-json\/wp\/v2\/types\/page"}],"author":[{"embeddable":true,"href":"https:\/\/narvajoesuu.ee\/fi\/wp-json\/wp\/v2\/users\/2"}],"replies":[{"embeddable":true,"href":"https:\/\/narvajoesuu.ee\/fi\/wp-json\/wp\/v2\/comments?post=10453"}],"version-history":[{"count":11,"href":"https:\/\/narvajoesuu.ee\/fi\/wp-json\/wp\/v2\/pages\/10453\/revisions"}],"predecessor-version":[{"id":23796,"href":"https:\/\/narvajoesuu.ee\/fi\/wp-json\/wp\/v2\/pages\/10453\/revisions\/23796"}],"up":[{"embeddable":true,"href":"https:\/\/narvajoesuu.ee\/fi\/wp-json\/wp\/v2\/pages\/10722"}],"wp:attachment":[{"href":"https:\/\/narvajoesuu.ee\/fi\/wp-json\/wp\/v2\/media?parent=10453"}],"curies":[{"name":"wp","href":"https:\/\/api.w.org\/{rel}","templated":true}]}}