{"id":10451,"date":"2021-03-16T12:52:30","date_gmt":"2021-03-16T10:52:30","guid":{"rendered":"https:\/\/narvajoesuu.ee\/tervisepakett-lastele\/"},"modified":"2026-01-16T15:57:17","modified_gmt":"2026-01-16T13:57:17","slug":"terveyspaketti-lapsille-vahintaan-4-paivaa-lapsen-elimiston-vahvistamiseks","status":"publish","type":"page","link":"https:\/\/narvajoesuu.ee\/fi\/terveysloma\/hoidot-lapsille\/terveyspaketti-lapsille-vahintaan-4-paivaa-lapsen-elimiston-vahvistamiseks\/","title":{"rendered":"&#8221;TERVEYSPAKETTI&#8221; lapsille (v\u00e4hint\u00e4\u00e4n 4 p\u00e4iv\u00e4\u00e4) &#8211; lasten elimist\u00f6n vahvuuteen!"},"content":{"rendered":"\n<h3 class=\"wp-block-heading wp-el\">Pakettiin kuuluu:&nbsp;&nbsp;<\/h3>\n\n\n\n<ul class=\"wp-block-list wp-el\">\n<li> Terveydenhuollon ammattihenkil\u00f6n konsultointi(15 min). <em>Sopiva hoito m\u00e4\u00e4ritell\u00e4\u00e4n vastaanottok\u00e4ynilla.<\/em><\/li>\n<\/ul>\n\n\n\n<h6 class=\"wp-block-heading has-medium-font-size wp-el\">Hoitop\u00e4iv\u00e4 sis\u00e4lt\u00e4\u00e4 3 asiakkaan valitsemaa hoitoa:<\/h6>\n\n\n\n<div class=\"wp-block-columns is-layout-flex wp-container-core-columns-is-layout-9d6595d7 wp-block-columns-is-layout-flex\">\n<div class=\"wp-block-column is-layout-flow wp-block-column-is-layout-flow\">\n<div class=\"wp-block-group\"><div class=\"wp-block-group__inner-container is-layout-flow wp-block-group-is-layout-flow\">\n<ul class=\"wp-block-list wp-el\">\n<li>Perinteinen hieronta&nbsp;(15&nbsp;min) \u2013&nbsp;hoito voidaan valita joka toinen p\u00e4iv\u00e4<\/li>\n\n\n\n<li>Hierontakylpy arteesisella vedell\u00e4 ja yrtti\u00f6ljyll\u00e4<\/li>\n\n\n\n<li>Kromoterapia Himalayan Cube suolakammiossa (20&nbsp;min)<\/li>\n<\/ul>\n<\/div><\/div>\n<\/div>\n\n\n\n<div class=\"wp-block-column is-layout-flow wp-block-column-is-layout-flow\">\n<ul class=\"wp-block-list wp-el\">\n<li>Inhalaatio<\/li>\n\n\n\n<li>Happihoito<\/li>\n\n\n\n<li>Biostimuloiva valoterapia uuden sukupolven Hydrosun-laitteella<\/li>\n<\/ul>\n<\/div>\n<\/div>\n\n\n\n<h3 class=\"wp-block-heading wp-el\">Hoitojen lis\u00e4ksi pakettiin kuuluu:<\/h3>\n\n\n\n<ul class=\"wp-block-list wp-el\">\n<li>Majoitus vanhemman kanssa (<strong>saapuminen<\/strong>:&nbsp;16:00, <strong>l\u00e4ht\u00f6:<\/strong> 14:00)<\/li>\n\n\n\n<li>Buffet-aamiaiset, -p\u00e4iv\u00e4lliset ja \u2013illalliset&nbsp;&nbsp;&nbsp;<\/li>\n\n\n\n<li><a href=\"https:\/\/narvajoesuu.ee\/fi\/kylpylaloma\/saunakeskus\/galleria\/\">Saunakeskuksen<\/a>, uima-altaan ja kuntosalin rajoittamaton k\u00e4ytt\u00f6 (joka p\u00e4iv\u00e4 aukioloaikoina)<\/li>\n\n\n\n<li><a href=\"https:\/\/narvajoesuu.ee\/fi\/kylpylaloma\/arteesisella-vedella-taytetty-lammitetty-ulkoallas-ja-poreallas-aurinkoterassilla\/\">L\u00e4mmitetyn ulkoaltaan ja porealtaan k\u00e4ytt\u00f6<\/a> &nbsp;(veden l\u00e4mp\u00f6tila on kylm\u00e4ll\u00e4 s\u00e4\u00e4ll\u00e4kin 30\u00b0\u0421) \/ auki huhtikuusta lokakuuhun)<\/li>\n<\/ul>\n\n\n\n<h3 class=\"wp-block-heading wp-el\">HINTA 30.12.25 ASTI<\/h3>\n\n\n\n<figure class=\"wp-block-table is-style-stripes\"><table class=\"has-fixed-layout\"><thead><tr><th class=\"has-text-align-left\" data-align=\"left\">Huonetyyppi<\/th><th class=\"has-text-align-left\" data-align=\"left\">Tavahinta<br><strong>01.06.26-31.08.26\/<\/strong><br><strong>23.12.26-03.01.27\/<\/strong><\/th><th class=\"has-text-align-left\" data-align=\"left\"><strong>Erikoishinta voimassa <\/strong><br><strong><strong><strong><strong>12.01.26-31.05.26\/<br>01.09.26-22.12.26\/<\/strong><\/strong><\/strong><\/strong><\/th><\/tr><\/thead><tbody><tr><td class=\"has-text-align-left\" data-align=\"left\"><strong>\u00bd TWIN<\/strong><\/td><td class=\"has-text-align-left\" data-align=\"left\">89 \u20ac \/ hoitop\u00e4iv\u00e4<\/td><td class=\"has-text-align-left\" data-align=\"left\"><em><strong>51 \u20ac<\/strong> \/ <\/em>hoitop\u00e4iv\u00e4<\/td><\/tr><\/tbody><tfoot><tr><td class=\"has-text-align-left\" data-align=\"left\"><\/td><td class=\"has-text-align-left\" data-align=\"left\"><\/td><td class=\"has-text-align-left\" data-align=\"left\"><em> Erikoishinta on voimassa asiakaskortilla!<\/em><\/td><\/tr><\/tfoot><\/table><\/figure>\n\n\n\n<ul class=\"wp-block-list wp-el\">\n<li><a href=\"https:\/\/narvajoesuu.ee\/fi\/hotelli\/huoneet\/lisamaksu-majoituksesta-paketin-ostaneille\/\">Lis\u00e4maksu paketin ostaneille asiakkaille<\/a><\/li>\n\n\n\n<li><a href=\"https:\/\/narvajoesuu.ee\/fi\/hotelli\/asiakaskortti\/\">Asiakaskortti<\/a><\/li>\n\n\n\n<li><a href=\"https:\/\/narvajoesuu.ee\/fi\/hotelli\/varausehdot\/\">Pakettien varausehdot<\/a><\/li>\n<\/ul>\n\n\n<div class=\"b-block pad-top-30 pad-bottom-20\"><div class=\"p-emphasis b-part container-p0 p-emphasis--warn\"><p>Huomio! Kylpyl\u00e4 pid\u00e4tt\u00e4\u00e4 itselleen oikeuden hinnanmuutoksiin ilman etuk\u00e4teen ilmoittamatta. Asiakkaille ei palauteta ennakkoa palveluista, jotka ovat j\u00e4\u00e4neet k\u00e4ytt\u00e4m\u00e4tt\u00e4 Narva-J\u00f5esuun kylpyl\u00e4st\u00e4 riippumattomista syist\u00e4.<\/p>\n<\/div><\/div>","protected":false},"excerpt":{"rendered":"<p>Pakettiin kuuluu:&nbsp;&nbsp; Hoitop\u00e4iv\u00e4 sis\u00e4lt\u00e4\u00e4 3 asiakkaan valitsemaa hoitoa: Hoitojen lis\u00e4ksi pakettiin kuuluu: HINTA 30.12.25 ASTI Huonetyyppi Tavahinta01.06.26-31.08.26\/23.12.26-03.01.27\/ Erikoishinta voimassa 12.01.26-31.05.26\/01.09.26-22.12.26\/&#8230;<\/p>\n","protected":false},"author":2,"featured_media":0,"parent":10466,"menu_order":525,"comment_status":"closed","ping_status":"closed","template":"","meta":{"_acf_changed":false,"_uag_custom_page_level_css":"","_monsterinsights_skip_tracking":false,"_monsterinsights_sitenote_active":false,"_monsterinsights_sitenote_note":"","_monsterinsights_sitenote_category":0,"footnotes":""},"class_list":["post-10451","page","type-page","status-publish","hentry"],"acf":[],"yoast_head":"<!-- This site is optimized with the Yoast SEO plugin v27.3 - https:\/\/yoast.com\/product\/yoast-seo-wordpress\/ -->\n<title>&quot;TERVEYSPAKETTI&quot; lapsille (v\u00e4hint\u00e4\u00e4n 4 p\u00e4iv\u00e4\u00e4) - lasten elimist\u00f6n vahvuuteen! - MEDICAL SPA NARVA-J\u00d5ESUU<\/title>\n<meta name=\"robots\" content=\"index, follow, max-snippet:-1, max-image-preview:large, max-video-preview:-1\" \/>\n<link rel=\"canonical\" href=\"https:\/\/narvajoesuu.ee\/fi\/terveysloma\/hoidot-lapsille\/terveyspaketti-lapsille-vahintaan-4-paivaa-lapsen-elimiston-vahvistamiseks\/\" \/>\n<meta property=\"og:locale\" content=\"fi_FI\" \/>\n<meta property=\"og:type\" content=\"article\" \/>\n<meta property=\"og:title\" content=\"&quot;TERVEYSPAKETTI&quot; lapsille (v\u00e4hint\u00e4\u00e4n 4 p\u00e4iv\u00e4\u00e4) - lasten elimist\u00f6n vahvuuteen! - MEDICAL SPA NARVA-J\u00d5ESUU\" \/>\n<meta property=\"og:description\" content=\"Pakettiin kuuluu:&nbsp;&nbsp; Hoitop\u00e4iv\u00e4 sis\u00e4lt\u00e4\u00e4 3 asiakkaan valitsemaa hoitoa: Hoitojen lis\u00e4ksi pakettiin kuuluu: HINTA 30.12.25 ASTI Huonetyyppi Tavahinta01.06.26-31.08.26\/23.12.26-03.01.27\/ Erikoishinta voimassa 12.01.26-31.05.26\/01.09.26-22.12.26\/...\" \/>\n<meta property=\"og:url\" content=\"https:\/\/narvajoesuu.ee\/fi\/terveysloma\/hoidot-lapsille\/terveyspaketti-lapsille-vahintaan-4-paivaa-lapsen-elimiston-vahvistamiseks\/\" \/>\n<meta property=\"og:site_name\" content=\"MEDICAL SPA NARVA-J\u00d5ESUU\" \/>\n<meta property=\"article:modified_time\" content=\"2026-01-16T13:57:17+00:00\" \/>\n<meta property=\"og:image\" content=\"https:\/\/narvajoesuu.ee\/wp-content\/uploads\/2021\/12\/Maja-pilt.png\" \/>\n\t<meta property=\"og:image:width\" content=\"1200\" \/>\n\t<meta property=\"og:image:height\" content=\"630\" \/>\n\t<meta property=\"og:image:type\" content=\"image\/png\" \/>\n<meta name=\"twitter:card\" content=\"summary_large_image\" \/>\n<meta name=\"twitter:label1\" content=\"Arvioitu lukuaika\" \/>\n\t<meta name=\"twitter:data1\" content=\"1 minuutti\" \/>\n<script type=\"application\/ld+json\" class=\"yoast-schema-graph\">{\"@context\":\"https:\\\/\\\/schema.org\",\"@graph\":[{\"@type\":\"WebPage\",\"@id\":\"https:\\\/\\\/narvajoesuu.ee\\\/fi\\\/terveysloma\\\/hoidot-lapsille\\\/terveyspaketti-lapsille-vahintaan-4-paivaa-lapsen-elimiston-vahvistamiseks\\\/\",\"url\":\"https:\\\/\\\/narvajoesuu.ee\\\/fi\\\/terveysloma\\\/hoidot-lapsille\\\/terveyspaketti-lapsille-vahintaan-4-paivaa-lapsen-elimiston-vahvistamiseks\\\/\",\"name\":\"\\\"TERVEYSPAKETTI\\\" lapsille (v\u00e4hint\u00e4\u00e4n 4 p\u00e4iv\u00e4\u00e4) - lasten elimist\u00f6n vahvuuteen! - MEDICAL SPA NARVA-J\u00d5ESUU\",\"isPartOf\":{\"@id\":\"https:\\\/\\\/narvajoesuu.ee\\\/#website\"},\"datePublished\":\"2021-03-16T10:52:30+00:00\",\"dateModified\":\"2026-01-16T13:57:17+00:00\",\"breadcrumb\":{\"@id\":\"https:\\\/\\\/narvajoesuu.ee\\\/fi\\\/terveysloma\\\/hoidot-lapsille\\\/terveyspaketti-lapsille-vahintaan-4-paivaa-lapsen-elimiston-vahvistamiseks\\\/#breadcrumb\"},\"inLanguage\":\"fi\",\"potentialAction\":[{\"@type\":\"ReadAction\",\"target\":[\"https:\\\/\\\/narvajoesuu.ee\\\/fi\\\/terveysloma\\\/hoidot-lapsille\\\/terveyspaketti-lapsille-vahintaan-4-paivaa-lapsen-elimiston-vahvistamiseks\\\/\"]}]},{\"@type\":\"BreadcrumbList\",\"@id\":\"https:\\\/\\\/narvajoesuu.ee\\\/fi\\\/terveysloma\\\/hoidot-lapsille\\\/terveyspaketti-lapsille-vahintaan-4-paivaa-lapsen-elimiston-vahvistamiseks\\\/#breadcrumb\",\"itemListElement\":[{\"@type\":\"ListItem\",\"position\":1,\"name\":\"Home\",\"item\":\"https:\\\/\\\/narvajoesuu.ee\\\/fi\\\/\"},{\"@type\":\"ListItem\",\"position\":2,\"name\":\"Terveysloma\",\"item\":\"https:\\\/\\\/narvajoesuu.ee\\\/fi\\\/terveysloma\\\/\"},{\"@type\":\"ListItem\",\"position\":3,\"name\":\"Hoidot lapsille\",\"item\":\"https:\\\/\\\/narvajoesuu.ee\\\/fi\\\/terveysloma\\\/hoidot-lapsille\\\/\"},{\"@type\":\"ListItem\",\"position\":4,\"name\":\"&#171;TERVEYSPAKETTI&#187; lapsille (v\u00e4hint\u00e4\u00e4n 4 p\u00e4iv\u00e4\u00e4) &#8212; lasten elimist\u00f6n vahvuuteen!\"}]},{\"@type\":\"WebSite\",\"@id\":\"https:\\\/\\\/narvajoesuu.ee\\\/#website\",\"url\":\"https:\\\/\\\/narvajoesuu.ee\\\/\",\"name\":\"MEDICAL SPA NARVA-J\u00d5ESUU\",\"description\":\"\",\"publisher\":{\"@id\":\"https:\\\/\\\/narvajoesuu.ee\\\/#organization\"},\"potentialAction\":[{\"@type\":\"SearchAction\",\"target\":{\"@type\":\"EntryPoint\",\"urlTemplate\":\"https:\\\/\\\/narvajoesuu.ee\\\/?s={search_term_string}\"},\"query-input\":{\"@type\":\"PropertyValueSpecification\",\"valueRequired\":true,\"valueName\":\"search_term_string\"}}],\"inLanguage\":\"fi\"},{\"@type\":\"Organization\",\"@id\":\"https:\\\/\\\/narvajoesuu.ee\\\/#organization\",\"name\":\"Narva-J\u00f5esuu Medical SPA\",\"url\":\"https:\\\/\\\/narvajoesuu.ee\\\/\",\"logo\":{\"@type\":\"ImageObject\",\"inLanguage\":\"fi\",\"@id\":\"https:\\\/\\\/narvajoesuu.ee\\\/#\\\/schema\\\/logo\\\/image\\\/\",\"url\":\"https:\\\/\\\/narvajoesuu.ee\\\/wp-content\\\/uploads\\\/2020\\\/10\\\/narvajoesuu-logo-small.png\",\"contentUrl\":\"https:\\\/\\\/narvajoesuu.ee\\\/wp-content\\\/uploads\\\/2020\\\/10\\\/narvajoesuu-logo-small.png\",\"width\":170,\"height\":170,\"caption\":\"Narva-J\u00f5esuu Medical SPA\"},\"image\":{\"@id\":\"https:\\\/\\\/narvajoesuu.ee\\\/#\\\/schema\\\/logo\\\/image\\\/\"}}]}<\/script>\n<!-- \/ Yoast SEO plugin. -->","yoast_head_json":{"title":"\"TERVEYSPAKETTI\" lapsille (v\u00e4hint\u00e4\u00e4n 4 p\u00e4iv\u00e4\u00e4) - lasten elimist\u00f6n vahvuuteen! - MEDICAL SPA NARVA-J\u00d5ESUU","robots":{"index":"index","follow":"follow","max-snippet":"max-snippet:-1","max-image-preview":"max-image-preview:large","max-video-preview":"max-video-preview:-1"},"canonical":"https:\/\/narvajoesuu.ee\/fi\/terveysloma\/hoidot-lapsille\/terveyspaketti-lapsille-vahintaan-4-paivaa-lapsen-elimiston-vahvistamiseks\/","og_locale":"fi_FI","og_type":"article","og_title":"\"TERVEYSPAKETTI\" lapsille (v\u00e4hint\u00e4\u00e4n 4 p\u00e4iv\u00e4\u00e4) - lasten elimist\u00f6n vahvuuteen! - MEDICAL SPA NARVA-J\u00d5ESUU","og_description":"Pakettiin kuuluu:&nbsp;&nbsp; Hoitop\u00e4iv\u00e4 sis\u00e4lt\u00e4\u00e4 3 asiakkaan valitsemaa hoitoa: Hoitojen lis\u00e4ksi pakettiin kuuluu: HINTA 30.12.25 ASTI Huonetyyppi Tavahinta01.06.26-31.08.26\/23.12.26-03.01.27\/ Erikoishinta voimassa 12.01.26-31.05.26\/01.09.26-22.12.26\/...","og_url":"https:\/\/narvajoesuu.ee\/fi\/terveysloma\/hoidot-lapsille\/terveyspaketti-lapsille-vahintaan-4-paivaa-lapsen-elimiston-vahvistamiseks\/","og_site_name":"MEDICAL SPA NARVA-J\u00d5ESUU","article_modified_time":"2026-01-16T13:57:17+00:00","og_image":[{"width":1200,"height":630,"url":"https:\/\/narvajoesuu.ee\/wp-content\/uploads\/2021\/12\/Maja-pilt.png","type":"image\/png"}],"twitter_card":"summary_large_image","twitter_misc":{"Arvioitu lukuaika":"1 minuutti"},"schema":{"@context":"https:\/\/schema.org","@graph":[{"@type":"WebPage","@id":"https:\/\/narvajoesuu.ee\/fi\/terveysloma\/hoidot-lapsille\/terveyspaketti-lapsille-vahintaan-4-paivaa-lapsen-elimiston-vahvistamiseks\/","url":"https:\/\/narvajoesuu.ee\/fi\/terveysloma\/hoidot-lapsille\/terveyspaketti-lapsille-vahintaan-4-paivaa-lapsen-elimiston-vahvistamiseks\/","name":"\"TERVEYSPAKETTI\" lapsille (v\u00e4hint\u00e4\u00e4n 4 p\u00e4iv\u00e4\u00e4) - lasten elimist\u00f6n vahvuuteen! - MEDICAL SPA NARVA-J\u00d5ESUU","isPartOf":{"@id":"https:\/\/narvajoesuu.ee\/#website"},"datePublished":"2021-03-16T10:52:30+00:00","dateModified":"2026-01-16T13:57:17+00:00","breadcrumb":{"@id":"https:\/\/narvajoesuu.ee\/fi\/terveysloma\/hoidot-lapsille\/terveyspaketti-lapsille-vahintaan-4-paivaa-lapsen-elimiston-vahvistamiseks\/#breadcrumb"},"inLanguage":"fi","potentialAction":[{"@type":"ReadAction","target":["https:\/\/narvajoesuu.ee\/fi\/terveysloma\/hoidot-lapsille\/terveyspaketti-lapsille-vahintaan-4-paivaa-lapsen-elimiston-vahvistamiseks\/"]}]},{"@type":"BreadcrumbList","@id":"https:\/\/narvajoesuu.ee\/fi\/terveysloma\/hoidot-lapsille\/terveyspaketti-lapsille-vahintaan-4-paivaa-lapsen-elimiston-vahvistamiseks\/#breadcrumb","itemListElement":[{"@type":"ListItem","position":1,"name":"Home","item":"https:\/\/narvajoesuu.ee\/fi\/"},{"@type":"ListItem","position":2,"name":"Terveysloma","item":"https:\/\/narvajoesuu.ee\/fi\/terveysloma\/"},{"@type":"ListItem","position":3,"name":"Hoidot lapsille","item":"https:\/\/narvajoesuu.ee\/fi\/terveysloma\/hoidot-lapsille\/"},{"@type":"ListItem","position":4,"name":"&#171;TERVEYSPAKETTI&#187; lapsille (v\u00e4hint\u00e4\u00e4n 4 p\u00e4iv\u00e4\u00e4) &#8212; lasten elimist\u00f6n vahvuuteen!"}]},{"@type":"WebSite","@id":"https:\/\/narvajoesuu.ee\/#website","url":"https:\/\/narvajoesuu.ee\/","name":"MEDICAL SPA NARVA-J\u00d5ESUU","description":"","publisher":{"@id":"https:\/\/narvajoesuu.ee\/#organization"},"potentialAction":[{"@type":"SearchAction","target":{"@type":"EntryPoint","urlTemplate":"https:\/\/narvajoesuu.ee\/?s={search_term_string}"},"query-input":{"@type":"PropertyValueSpecification","valueRequired":true,"valueName":"search_term_string"}}],"inLanguage":"fi"},{"@type":"Organization","@id":"https:\/\/narvajoesuu.ee\/#organization","name":"Narva-J\u00f5esuu Medical SPA","url":"https:\/\/narvajoesuu.ee\/","logo":{"@type":"ImageObject","inLanguage":"fi","@id":"https:\/\/narvajoesuu.ee\/#\/schema\/logo\/image\/","url":"https:\/\/narvajoesuu.ee\/wp-content\/uploads\/2020\/10\/narvajoesuu-logo-small.png","contentUrl":"https:\/\/narvajoesuu.ee\/wp-content\/uploads\/2020\/10\/narvajoesuu-logo-small.png","width":170,"height":170,"caption":"Narva-J\u00f5esuu Medical SPA"},"image":{"@id":"https:\/\/narvajoesuu.ee\/#\/schema\/logo\/image\/"}}]}},"uagb_featured_image_src":{"full":false,"thumbnail":false,"medium":false,"medium_large":false,"large":false,"1536x1536":false,"2048x2048":false,"img-1920x550":false,"img-1920x320":false,"img-1920x200":false,"img-670x480":false,"img-570x280":false,"img-507":false,"img-370x240":false,"img-400x250":false,"img-370x175":false,"img-370x120":false,"img-300":false,"img-170":false},"uagb_author_info":{"display_name":"Darja","author_link":"https:\/\/narvajoesuu.ee\/fi\/author\/darja\/"},"uagb_comment_info":0,"uagb_excerpt":"Pakettiin kuuluu:&nbsp;&nbsp; Hoitop\u00e4iv\u00e4 sis\u00e4lt\u00e4\u00e4 3 asiakkaan valitsemaa hoitoa: Hoitojen lis\u00e4ksi pakettiin kuuluu: HINTA 30.12.25 ASTI Huonetyyppi Tavahinta01.06.26-31.08.26\/23.12.26-03.01.27\/ Erikoishinta voimassa 12.01.26-31.05.26\/01.09.26-22.12.26\/...","_links":{"self":[{"href":"https:\/\/narvajoesuu.ee\/fi\/wp-json\/wp\/v2\/pages\/10451","targetHints":{"allow":["GET"]}}],"collection":[{"href":"https:\/\/narvajoesuu.ee\/fi\/wp-json\/wp\/v2\/pages"}],"about":[{"href":"https:\/\/narvajoesuu.ee\/fi\/wp-json\/wp\/v2\/types\/page"}],"author":[{"embeddable":true,"href":"https:\/\/narvajoesuu.ee\/fi\/wp-json\/wp\/v2\/users\/2"}],"replies":[{"embeddable":true,"href":"https:\/\/narvajoesuu.ee\/fi\/wp-json\/wp\/v2\/comments?post=10451"}],"version-history":[{"count":35,"href":"https:\/\/narvajoesuu.ee\/fi\/wp-json\/wp\/v2\/pages\/10451\/revisions"}],"predecessor-version":[{"id":23321,"href":"https:\/\/narvajoesuu.ee\/fi\/wp-json\/wp\/v2\/pages\/10451\/revisions\/23321"}],"up":[{"embeddable":true,"href":"https:\/\/narvajoesuu.ee\/fi\/wp-json\/wp\/v2\/pages\/10466"}],"wp:attachment":[{"href":"https:\/\/narvajoesuu.ee\/fi\/wp-json\/wp\/v2\/media?parent=10451"}],"curies":[{"name":"wp","href":"https:\/\/api.w.org\/{rel}","templated":true}]}}