{"id":10434,"date":"2021-03-16T13:25:05","date_gmt":"2021-03-16T11:25:05","guid":{"rendered":"https:\/\/narvajoesuu.ee\/raviprotseduurid-lastele\/"},"modified":"2024-05-15T11:38:53","modified_gmt":"2024-05-15T08:38:53","slug":"hoidot-lapsille","status":"publish","type":"page","link":"https:\/\/narvajoesuu.ee\/fi\/terveysloma\/hoidot\/hoidot-lapsille\/","title":{"rendered":"Hoidot lapsille"},"content":{"rendered":"\n<p class=\"wp-el\">Jokaiselle \u00e4idille tuottaa eniten iloa terve lapsi. Meid\u00e4n keskuksen valikoimassa on useampia parantavia hoitoja 4\u201316 vuoden ik\u00e4isille lapsille.<\/p>\n\n\n<div class=\"wp-block-uagb-faq uagb-faq__outer-wrap uagb-block-661976f2 uagb-faq-icon-row uagb-faq-layout-accordion uagb-faq-expand-first-false uagb-faq-inactive-other-true uagb-faq__wrap uagb-buttons-layout-wrap uagb-faq-equal-height     \" data-faqtoggle=\"true\" role=\"tablist\"><div class=\"wp-block-uagb-faq-child uagb-faq-child__outer-wrap uagb-faq-item uagb-block-7786a4cd \" role=\"tab\" tabindex=\"0\"><div class=\"uagb-faq-questions-button uagb-faq-questions\">\t\t\t<span class=\"uagb-icon uagb-faq-icon-wrap\">\n\t\t\t\t\t\t\t\t<svg xmlns=\"https:\/\/www.w3.org\/2000\/svg\" viewBox= \"0 0 448 512\"><path d=\"M432 256c0 17.69-14.33 32.01-32 32.01H256v144c0 17.69-14.33 31.99-32 31.99s-32-14.3-32-31.99v-144H48c-17.67 0-32-14.32-32-32.01s14.33-31.99 32-31.99H192v-144c0-17.69 14.33-32.01 32-32.01s32 14.32 32 32.01v144h144C417.7 224 432 238.3 432 256z\"><\/path><\/svg>\n\t\t\t\t\t\t\t<\/span>\n\t\t\t\t\t\t<span class=\"uagb-icon-active uagb-faq-icon-wrap\">\n\t\t\t\t\t\t\t\t<svg xmlns=\"https:\/\/www.w3.org\/2000\/svg\" viewBox= \"0 0 448 512\"><path d=\"M400 288h-352c-17.69 0-32-14.32-32-32.01s14.31-31.99 32-31.99h352c17.69 0 32 14.3 32 31.99S417.7 288 400 288z\"><\/path><\/svg>\n\t\t\t\t\t\t\t<\/span>\n\t\t\t<span class=\"uagb-question\">Perinteinen hieronta\u00a0lapsille\u00a0 (15 min)\u00a0<em>25 \u20ac<\/em><\/span><\/div><div class=\"uagb-faq-content\"><p><\/p><\/div><\/div><div class=\"wp-block-uagb-faq-child uagb-faq-child__outer-wrap uagb-faq-item uagb-block-bfb63251 \" role=\"tab\" tabindex=\"0\"><div class=\"uagb-faq-questions-button uagb-faq-questions\">\t\t\t<span class=\"uagb-icon uagb-faq-icon-wrap\">\n\t\t\t\t\t\t\t\t<svg xmlns=\"https:\/\/www.w3.org\/2000\/svg\" viewBox= \"0 0 448 512\"><path d=\"M432 256c0 17.69-14.33 32.01-32 32.01H256v144c0 17.69-14.33 31.99-32 31.99s-32-14.3-32-31.99v-144H48c-17.67 0-32-14.32-32-32.01s14.33-31.99 32-31.99H192v-144c0-17.69 14.33-32.01 32-32.01s32 14.32 32 32.01v144h144C417.7 224 432 238.3 432 256z\"><\/path><\/svg>\n\t\t\t\t\t\t\t<\/span>\n\t\t\t\t\t\t<span class=\"uagb-icon-active uagb-faq-icon-wrap\">\n\t\t\t\t\t\t\t\t<svg xmlns=\"https:\/\/www.w3.org\/2000\/svg\" viewBox= \"0 0 448 512\"><path d=\"M400 288h-352c-17.69 0-32-14.32-32-32.01s14.31-31.99 32-31.99h352c17.69 0 32 14.3 32 31.99S417.7 288 400 288z\"><\/path><\/svg>\n\t\t\t\t\t\t\t<\/span>\n\t\t\t<span class=\"uagb-question\">Hierontakylpy arteesisella vedell\u00e4 ja yrtti\u00f6ljyll\u00e4 (jalokuusi-, valeriaana-, eukalypti-, mentooli-, ruohokasvien, laventeri-, hevoskastanjan, rosmariini- tai geranium\u00f6ljy) (10 min)\u00a0<em>17 \u20ac<\/em><\/span><\/div><div class=\"uagb-faq-content\"><p><\/p><\/div><\/div><div class=\"wp-block-uagb-faq-child uagb-faq-child__outer-wrap uagb-faq-item uagb-block-67c1bd9e \" role=\"tab\" tabindex=\"0\"><div class=\"uagb-faq-questions-button uagb-faq-questions\">\t\t\t<span class=\"uagb-icon uagb-faq-icon-wrap\">\n\t\t\t\t\t\t\t\t<svg xmlns=\"https:\/\/www.w3.org\/2000\/svg\" viewBox= \"0 0 448 512\"><path d=\"M432 256c0 17.69-14.33 32.01-32 32.01H256v144c0 17.69-14.33 31.99-32 31.99s-32-14.3-32-31.99v-144H48c-17.67 0-32-14.32-32-32.01s14.33-31.99 32-31.99H192v-144c0-17.69 14.33-32.01 32-32.01s32 14.32 32 32.01v144h144C417.7 224 432 238.3 432 256z\"><\/path><\/svg>\n\t\t\t\t\t\t\t<\/span>\n\t\t\t\t\t\t<span class=\"uagb-icon-active uagb-faq-icon-wrap\">\n\t\t\t\t\t\t\t\t<svg xmlns=\"https:\/\/www.w3.org\/2000\/svg\" viewBox= \"0 0 448 512\"><path d=\"M400 288h-352c-17.69 0-32-14.32-32-32.01s14.31-31.99 32-31.99h352c17.69 0 32 14.3 32 31.99S417.7 288 400 288z\"><\/path><\/svg>\n\t\t\t\t\t\t\t<\/span>\n\t\t\t<span class=\"uagb-question\">Kromoterapia Himalayan Cube suolakammiossa (20 min)\u00a0<em>10 \u20ac<\/em><br><em><em>Kuuri\u00a0\u2013 5 k<\/em>ertaa erikoishinnalla <em><em><em>40 \u20ac<\/em> <\/em><\/em> \u00a0<\/em><br><em><em>Kuuri\u00a0(\u00e4iti + lapsi)\u00a0\u2013 5 k<\/em>ertaa erikoishinnalla<\/em>\u00a0<em>100 \u20ac<\/em><\/span><\/div><div class=\"uagb-faq-content\"><p><\/p><\/div><\/div><div class=\"wp-block-uagb-faq-child uagb-faq-child__outer-wrap uagb-faq-item uagb-block-f9b1e114 \" role=\"tab\" tabindex=\"0\"><div class=\"uagb-faq-questions-button uagb-faq-questions\">\t\t\t<span class=\"uagb-icon uagb-faq-icon-wrap\">\n\t\t\t\t\t\t\t\t<svg xmlns=\"https:\/\/www.w3.org\/2000\/svg\" viewBox= \"0 0 448 512\"><path d=\"M432 256c0 17.69-14.33 32.01-32 32.01H256v144c0 17.69-14.33 31.99-32 31.99s-32-14.3-32-31.99v-144H48c-17.67 0-32-14.32-32-32.01s14.33-31.99 32-31.99H192v-144c0-17.69 14.33-32.01 32-32.01s32 14.32 32 32.01v144h144C417.7 224 432 238.3 432 256z\"><\/path><\/svg>\n\t\t\t\t\t\t\t<\/span>\n\t\t\t\t\t\t<span class=\"uagb-icon-active uagb-faq-icon-wrap\">\n\t\t\t\t\t\t\t\t<svg xmlns=\"https:\/\/www.w3.org\/2000\/svg\" viewBox= \"0 0 448 512\"><path d=\"M400 288h-352c-17.69 0-32-14.32-32-32.01s14.31-31.99 32-31.99h352c17.69 0 32 14.3 32 31.99S417.7 288 400 288z\"><\/path><\/svg>\n\t\t\t\t\t\t\t<\/span>\n\t\t\t<span class=\"uagb-question\">Biostimuloiva valoterapia uuden sukupolven Hydrosun-laitteella (7 min)\u00a0<em>14 \u20ac<\/em><br><em>Kuuri \u2013 5 kertaa erikoishinnalla 60 \u20ac<\/em><\/span><\/div><div class=\"uagb-faq-content\"><p><\/p><\/div><\/div><div class=\"wp-block-uagb-faq-child uagb-faq-child__outer-wrap uagb-faq-item uagb-block-a48a7d8a \" role=\"tab\" tabindex=\"0\"><div class=\"uagb-faq-questions-button uagb-faq-questions\">\t\t\t<span class=\"uagb-icon uagb-faq-icon-wrap\">\n\t\t\t\t\t\t\t\t<svg xmlns=\"https:\/\/www.w3.org\/2000\/svg\" viewBox= \"0 0 448 512\"><path d=\"M432 256c0 17.69-14.33 32.01-32 32.01H256v144c0 17.69-14.33 31.99-32 31.99s-32-14.3-32-31.99v-144H48c-17.67 0-32-14.32-32-32.01s14.33-31.99 32-31.99H192v-144c0-17.69 14.33-32.01 32-32.01s32 14.32 32 32.01v144h144C417.7 224 432 238.3 432 256z\"><\/path><\/svg>\n\t\t\t\t\t\t\t<\/span>\n\t\t\t\t\t\t<span class=\"uagb-icon-active uagb-faq-icon-wrap\">\n\t\t\t\t\t\t\t\t<svg xmlns=\"https:\/\/www.w3.org\/2000\/svg\" viewBox= \"0 0 448 512\"><path d=\"M400 288h-352c-17.69 0-32-14.32-32-32.01s14.31-31.99 32-31.99h352c17.69 0 32 14.3 32 31.99S417.7 288 400 288z\"><\/path><\/svg>\n\t\t\t\t\t\t\t<\/span>\n\t\t\t<span class=\"uagb-question\">Inhalaatio (10 min)\u00a0<em>15 \u20ac<\/em><\/span><\/div><div class=\"uagb-faq-content\"><p><\/p><\/div><\/div><div class=\"wp-block-uagb-faq-child uagb-faq-child__outer-wrap uagb-faq-item uagb-block-7ab4106d \" role=\"tab\" tabindex=\"0\"><div class=\"uagb-faq-questions-button uagb-faq-questions\">\t\t\t<span class=\"uagb-icon uagb-faq-icon-wrap\">\n\t\t\t\t\t\t\t\t<svg xmlns=\"https:\/\/www.w3.org\/2000\/svg\" viewBox= \"0 0 448 512\"><path d=\"M432 256c0 17.69-14.33 32.01-32 32.01H256v144c0 17.69-14.33 31.99-32 31.99s-32-14.3-32-31.99v-144H48c-17.67 0-32-14.32-32-32.01s14.33-31.99 32-31.99H192v-144c0-17.69 14.33-32.01 32-32.01s32 14.32 32 32.01v144h144C417.7 224 432 238.3 432 256z\"><\/path><\/svg>\n\t\t\t\t\t\t\t<\/span>\n\t\t\t\t\t\t<span class=\"uagb-icon-active uagb-faq-icon-wrap\">\n\t\t\t\t\t\t\t\t<svg xmlns=\"https:\/\/www.w3.org\/2000\/svg\" viewBox= \"0 0 448 512\"><path d=\"M400 288h-352c-17.69 0-32-14.32-32-32.01s14.31-31.99 32-31.99h352c17.69 0 32 14.3 32 31.99S417.7 288 400 288z\"><\/path><\/svg>\n\t\t\t\t\t\t\t<\/span>\n\t\t\t<span class=\"uagb-question\">Happihoito (5 min)\u00a0<em>11 \u20ac<\/em><br><em>Kuuri \u2013 5 kertaa erikoishinnalla 40 \u20ac<\/em><\/span><\/div><div class=\"uagb-faq-content\"><p><\/p><\/div><\/div><\/div>\n\n<div class=\"b-block pad-top-30 pad-bottom-20\"><div class=\"p-emphasis b-part container-p0 p-emphasis--warn\"><p>Hoitojen valintaan suosittelemme l\u00e4\u00e4k\u00e4rin terveysneuvontaa, joka suosittelee sopivia hoitoja ja<br \/>\ntekee lapselle henkil\u00f6kohtaisen hoitosuunnitelman.<\/p>\n<p>Kun lis\u00e4hoidot on ostettu ilman terveysneuvontaa, ei ota kylpyl\u00e4 vastuuta terveystilan<br \/>\nhuonontumisesta hoitojen seurauksena.<\/p>\n<\/div><\/div>\n\n\n<p class=\"wp-el\">L\u00e4\u00e4k\u00e4rin vastaanotto (ensimm\u00e4inen kerta)&nbsp;<strong>40 \u20ac<\/strong><\/p>\n\n\n<div class=\"b-block pad-top-30 pad-bottom-20\"><div class=\"p-emphasis b-part container-p0 p-emphasis--info\"><p><strong>Lis\u00e4tiedot ja varaukset:<\/strong><br \/>\n+372 35 99 523<br \/>\nilu@narvajoesuu.ee<\/p>\n<\/div><\/div>","protected":false},"excerpt":{"rendered":"<p>Jokaiselle \u00e4idille tuottaa eniten iloa terve lapsi. Meid\u00e4n keskuksen valikoimassa on useampia parantavia hoitoja 4\u201316 vuoden ik\u00e4isille lapsille. L\u00e4\u00e4k\u00e4rin vastaanotto&#8230;<\/p>\n","protected":false},"author":2,"featured_media":0,"parent":10462,"menu_order":552,"comment_status":"closed","ping_status":"closed","template":"","meta":{"_acf_changed":false,"_uag_custom_page_level_css":"","_monsterinsights_skip_tracking":false,"_monsterinsights_sitenote_active":false,"_monsterinsights_sitenote_note":"","_monsterinsights_sitenote_category":0,"footnotes":""},"class_list":["post-10434","page","type-page","status-publish","hentry"],"acf":[],"yoast_head":"<!-- This site is optimized with the Yoast SEO plugin v27.3 - https:\/\/yoast.com\/product\/yoast-seo-wordpress\/ -->\n<title>Hoidot lapsille - MEDICAL SPA NARVA-J\u00d5ESUU<\/title>\n<meta name=\"robots\" content=\"index, follow, max-snippet:-1, max-image-preview:large, max-video-preview:-1\" \/>\n<link rel=\"canonical\" href=\"https:\/\/narvajoesuu.ee\/fi\/terveysloma\/hoidot\/hoidot-lapsille\/\" \/>\n<meta property=\"og:locale\" content=\"fi_FI\" \/>\n<meta property=\"og:type\" content=\"article\" \/>\n<meta property=\"og:title\" content=\"Hoidot lapsille - MEDICAL SPA NARVA-J\u00d5ESUU\" \/>\n<meta property=\"og:description\" content=\"Jokaiselle \u00e4idille tuottaa eniten iloa terve lapsi. Meid\u00e4n keskuksen valikoimassa on useampia parantavia hoitoja 4\u201316 vuoden ik\u00e4isille lapsille. L\u00e4\u00e4k\u00e4rin vastaanotto...\" \/>\n<meta property=\"og:url\" content=\"https:\/\/narvajoesuu.ee\/fi\/terveysloma\/hoidot\/hoidot-lapsille\/\" \/>\n<meta property=\"og:site_name\" content=\"MEDICAL SPA NARVA-J\u00d5ESUU\" \/>\n<meta property=\"article:modified_time\" content=\"2024-05-15T08:38:53+00:00\" \/>\n<meta property=\"og:image\" content=\"https:\/\/narvajoesuu.ee\/wp-content\/uploads\/2021\/12\/Maja-pilt.png\" \/>\n\t<meta property=\"og:image:width\" content=\"1200\" \/>\n\t<meta property=\"og:image:height\" content=\"630\" \/>\n\t<meta property=\"og:image:type\" content=\"image\/png\" \/>\n<meta name=\"twitter:card\" content=\"summary_large_image\" \/>\n<meta name=\"twitter:label1\" content=\"Arvioitu lukuaika\" \/>\n\t<meta name=\"twitter:data1\" content=\"3 minuuttia\" \/>\n<script type=\"application\/ld+json\" class=\"yoast-schema-graph\">{\"@context\":\"https:\\\/\\\/schema.org\",\"@graph\":[{\"@type\":\"WebPage\",\"@id\":\"https:\\\/\\\/narvajoesuu.ee\\\/fi\\\/terveysloma\\\/hoidot\\\/hoidot-lapsille\\\/\",\"url\":\"https:\\\/\\\/narvajoesuu.ee\\\/fi\\\/terveysloma\\\/hoidot\\\/hoidot-lapsille\\\/\",\"name\":\"Hoidot lapsille - MEDICAL SPA NARVA-J\u00d5ESUU\",\"isPartOf\":{\"@id\":\"https:\\\/\\\/narvajoesuu.ee\\\/#website\"},\"datePublished\":\"2021-03-16T11:25:05+00:00\",\"dateModified\":\"2024-05-15T08:38:53+00:00\",\"breadcrumb\":{\"@id\":\"https:\\\/\\\/narvajoesuu.ee\\\/fi\\\/terveysloma\\\/hoidot\\\/hoidot-lapsille\\\/#breadcrumb\"},\"inLanguage\":\"fi\",\"potentialAction\":[{\"@type\":\"ReadAction\",\"target\":[\"https:\\\/\\\/narvajoesuu.ee\\\/fi\\\/terveysloma\\\/hoidot\\\/hoidot-lapsille\\\/\"]}]},{\"@type\":\"BreadcrumbList\",\"@id\":\"https:\\\/\\\/narvajoesuu.ee\\\/fi\\\/terveysloma\\\/hoidot\\\/hoidot-lapsille\\\/#breadcrumb\",\"itemListElement\":[{\"@type\":\"ListItem\",\"position\":1,\"name\":\"Home\",\"item\":\"https:\\\/\\\/narvajoesuu.ee\\\/fi\\\/\"},{\"@type\":\"ListItem\",\"position\":2,\"name\":\"Terveysloma\",\"item\":\"https:\\\/\\\/narvajoesuu.ee\\\/fi\\\/terveysloma\\\/\"},{\"@type\":\"ListItem\",\"position\":3,\"name\":\"Hoidot\",\"item\":\"https:\\\/\\\/narvajoesuu.ee\\\/fi\\\/terveysloma\\\/hoidot\\\/\"},{\"@type\":\"ListItem\",\"position\":4,\"name\":\"Hoidot lapsille\"}]},{\"@type\":\"WebSite\",\"@id\":\"https:\\\/\\\/narvajoesuu.ee\\\/#website\",\"url\":\"https:\\\/\\\/narvajoesuu.ee\\\/\",\"name\":\"MEDICAL SPA NARVA-J\u00d5ESUU\",\"description\":\"\",\"publisher\":{\"@id\":\"https:\\\/\\\/narvajoesuu.ee\\\/#organization\"},\"potentialAction\":[{\"@type\":\"SearchAction\",\"target\":{\"@type\":\"EntryPoint\",\"urlTemplate\":\"https:\\\/\\\/narvajoesuu.ee\\\/?s={search_term_string}\"},\"query-input\":{\"@type\":\"PropertyValueSpecification\",\"valueRequired\":true,\"valueName\":\"search_term_string\"}}],\"inLanguage\":\"fi\"},{\"@type\":\"Organization\",\"@id\":\"https:\\\/\\\/narvajoesuu.ee\\\/#organization\",\"name\":\"Narva-J\u00f5esuu Medical SPA\",\"url\":\"https:\\\/\\\/narvajoesuu.ee\\\/\",\"logo\":{\"@type\":\"ImageObject\",\"inLanguage\":\"fi\",\"@id\":\"https:\\\/\\\/narvajoesuu.ee\\\/#\\\/schema\\\/logo\\\/image\\\/\",\"url\":\"https:\\\/\\\/narvajoesuu.ee\\\/wp-content\\\/uploads\\\/2020\\\/10\\\/narvajoesuu-logo-small.png\",\"contentUrl\":\"https:\\\/\\\/narvajoesuu.ee\\\/wp-content\\\/uploads\\\/2020\\\/10\\\/narvajoesuu-logo-small.png\",\"width\":170,\"height\":170,\"caption\":\"Narva-J\u00f5esuu Medical SPA\"},\"image\":{\"@id\":\"https:\\\/\\\/narvajoesuu.ee\\\/#\\\/schema\\\/logo\\\/image\\\/\"}}]}<\/script>\n<!-- \/ Yoast SEO plugin. -->","yoast_head_json":{"title":"Hoidot lapsille - MEDICAL SPA NARVA-J\u00d5ESUU","robots":{"index":"index","follow":"follow","max-snippet":"max-snippet:-1","max-image-preview":"max-image-preview:large","max-video-preview":"max-video-preview:-1"},"canonical":"https:\/\/narvajoesuu.ee\/fi\/terveysloma\/hoidot\/hoidot-lapsille\/","og_locale":"fi_FI","og_type":"article","og_title":"Hoidot lapsille - MEDICAL SPA NARVA-J\u00d5ESUU","og_description":"Jokaiselle \u00e4idille tuottaa eniten iloa terve lapsi. Meid\u00e4n keskuksen valikoimassa on useampia parantavia hoitoja 4\u201316 vuoden ik\u00e4isille lapsille. L\u00e4\u00e4k\u00e4rin vastaanotto...","og_url":"https:\/\/narvajoesuu.ee\/fi\/terveysloma\/hoidot\/hoidot-lapsille\/","og_site_name":"MEDICAL SPA NARVA-J\u00d5ESUU","article_modified_time":"2024-05-15T08:38:53+00:00","og_image":[{"width":1200,"height":630,"url":"https:\/\/narvajoesuu.ee\/wp-content\/uploads\/2021\/12\/Maja-pilt.png","type":"image\/png"}],"twitter_card":"summary_large_image","twitter_misc":{"Arvioitu lukuaika":"3 minuuttia"},"schema":{"@context":"https:\/\/schema.org","@graph":[{"@type":"WebPage","@id":"https:\/\/narvajoesuu.ee\/fi\/terveysloma\/hoidot\/hoidot-lapsille\/","url":"https:\/\/narvajoesuu.ee\/fi\/terveysloma\/hoidot\/hoidot-lapsille\/","name":"Hoidot lapsille - MEDICAL SPA NARVA-J\u00d5ESUU","isPartOf":{"@id":"https:\/\/narvajoesuu.ee\/#website"},"datePublished":"2021-03-16T11:25:05+00:00","dateModified":"2024-05-15T08:38:53+00:00","breadcrumb":{"@id":"https:\/\/narvajoesuu.ee\/fi\/terveysloma\/hoidot\/hoidot-lapsille\/#breadcrumb"},"inLanguage":"fi","potentialAction":[{"@type":"ReadAction","target":["https:\/\/narvajoesuu.ee\/fi\/terveysloma\/hoidot\/hoidot-lapsille\/"]}]},{"@type":"BreadcrumbList","@id":"https:\/\/narvajoesuu.ee\/fi\/terveysloma\/hoidot\/hoidot-lapsille\/#breadcrumb","itemListElement":[{"@type":"ListItem","position":1,"name":"Home","item":"https:\/\/narvajoesuu.ee\/fi\/"},{"@type":"ListItem","position":2,"name":"Terveysloma","item":"https:\/\/narvajoesuu.ee\/fi\/terveysloma\/"},{"@type":"ListItem","position":3,"name":"Hoidot","item":"https:\/\/narvajoesuu.ee\/fi\/terveysloma\/hoidot\/"},{"@type":"ListItem","position":4,"name":"Hoidot lapsille"}]},{"@type":"WebSite","@id":"https:\/\/narvajoesuu.ee\/#website","url":"https:\/\/narvajoesuu.ee\/","name":"MEDICAL SPA NARVA-J\u00d5ESUU","description":"","publisher":{"@id":"https:\/\/narvajoesuu.ee\/#organization"},"potentialAction":[{"@type":"SearchAction","target":{"@type":"EntryPoint","urlTemplate":"https:\/\/narvajoesuu.ee\/?s={search_term_string}"},"query-input":{"@type":"PropertyValueSpecification","valueRequired":true,"valueName":"search_term_string"}}],"inLanguage":"fi"},{"@type":"Organization","@id":"https:\/\/narvajoesuu.ee\/#organization","name":"Narva-J\u00f5esuu Medical SPA","url":"https:\/\/narvajoesuu.ee\/","logo":{"@type":"ImageObject","inLanguage":"fi","@id":"https:\/\/narvajoesuu.ee\/#\/schema\/logo\/image\/","url":"https:\/\/narvajoesuu.ee\/wp-content\/uploads\/2020\/10\/narvajoesuu-logo-small.png","contentUrl":"https:\/\/narvajoesuu.ee\/wp-content\/uploads\/2020\/10\/narvajoesuu-logo-small.png","width":170,"height":170,"caption":"Narva-J\u00f5esuu Medical SPA"},"image":{"@id":"https:\/\/narvajoesuu.ee\/#\/schema\/logo\/image\/"}}]}},"uagb_featured_image_src":{"full":false,"thumbnail":false,"medium":false,"medium_large":false,"large":false,"1536x1536":false,"2048x2048":false,"img-1920x550":false,"img-1920x320":false,"img-1920x200":false,"img-670x480":false,"img-570x280":false,"img-507":false,"img-370x240":false,"img-400x250":false,"img-370x175":false,"img-370x120":false,"img-300":false,"img-170":false},"uagb_author_info":{"display_name":"Darja","author_link":"https:\/\/narvajoesuu.ee\/fi\/author\/darja\/"},"uagb_comment_info":0,"uagb_excerpt":"Jokaiselle \u00e4idille tuottaa eniten iloa terve lapsi. Meid\u00e4n keskuksen valikoimassa on useampia parantavia hoitoja 4\u201316 vuoden ik\u00e4isille lapsille. L\u00e4\u00e4k\u00e4rin vastaanotto...","_links":{"self":[{"href":"https:\/\/narvajoesuu.ee\/fi\/wp-json\/wp\/v2\/pages\/10434","targetHints":{"allow":["GET"]}}],"collection":[{"href":"https:\/\/narvajoesuu.ee\/fi\/wp-json\/wp\/v2\/pages"}],"about":[{"href":"https:\/\/narvajoesuu.ee\/fi\/wp-json\/wp\/v2\/types\/page"}],"author":[{"embeddable":true,"href":"https:\/\/narvajoesuu.ee\/fi\/wp-json\/wp\/v2\/users\/2"}],"replies":[{"embeddable":true,"href":"https:\/\/narvajoesuu.ee\/fi\/wp-json\/wp\/v2\/comments?post=10434"}],"version-history":[{"count":18,"href":"https:\/\/narvajoesuu.ee\/fi\/wp-json\/wp\/v2\/pages\/10434\/revisions"}],"predecessor-version":[{"id":19003,"href":"https:\/\/narvajoesuu.ee\/fi\/wp-json\/wp\/v2\/pages\/10434\/revisions\/19003"}],"up":[{"embeddable":true,"href":"https:\/\/narvajoesuu.ee\/fi\/wp-json\/wp\/v2\/pages\/10462"}],"wp:attachment":[{"href":"https:\/\/narvajoesuu.ee\/fi\/wp-json\/wp\/v2\/media?parent=10434"}],"curies":[{"name":"wp","href":"https:\/\/api.w.org\/{rel}","templated":true}]}}