{"id":10429,"date":"2021-03-16T14:37:54","date_gmt":"2021-03-16T12:37:54","guid":{"rendered":"https:\/\/narvajoesuu.ee\/ravivannid-ja-muud-veeprotseduurid\/"},"modified":"2025-07-10T16:49:01","modified_gmt":"2025-07-10T13:49:01","slug":"hoitokylvyt-ja-muut-vesihoidot","status":"publish","type":"page","link":"https:\/\/narvajoesuu.ee\/fi\/terveysloma\/hoidot\/aikuisille-tarkoitetut-hoidot\/hoitokylvyt-ja-muut-vesihoidot\/","title":{"rendered":"Hoitokylvyt ja muut vesihoidot"},"content":{"rendered":"<div class=\"wp-block-uagb-faq uagb-faq__outer-wrap uagb-block-0db75c1e uagb-faq-icon-row uagb-faq-layout-accordion uagb-faq-expand-first-false uagb-faq-inactive-other-true uagb-faq__wrap uagb-buttons-layout-wrap uagb-faq-equal-height     \" data-faqtoggle=\"true\" role=\"tablist\"><div class=\"wp-block-uagb-faq-child uagb-faq-child__outer-wrap uagb-faq-item uagb-block-13fcaa58 \" role=\"tab\" tabindex=\"0\"><div class=\"uagb-faq-questions-button uagb-faq-questions\">\t\t\t<span class=\"uagb-icon uagb-faq-icon-wrap\">\n\t\t\t\t\t\t\t\t<svg xmlns=\"https:\/\/www.w3.org\/2000\/svg\" viewBox= \"0 0 448 512\"><path d=\"M432 256c0 17.69-14.33 32.01-32 32.01H256v144c0 17.69-14.33 31.99-32 31.99s-32-14.3-32-31.99v-144H48c-17.67 0-32-14.32-32-32.01s14.33-31.99 32-31.99H192v-144c0-17.69 14.33-32.01 32-32.01s32 14.32 32 32.01v144h144C417.7 224 432 238.3 432 256z\"><\/path><\/svg>\n\t\t\t\t\t\t\t<\/span>\n\t\t\t\t\t\t<span class=\"uagb-icon-active uagb-faq-icon-wrap\">\n\t\t\t\t\t\t\t\t<svg xmlns=\"https:\/\/www.w3.org\/2000\/svg\" viewBox= \"0 0 448 512\"><path d=\"M400 288h-352c-17.69 0-32-14.32-32-32.01s14.31-31.99 32-31.99h352c17.69 0 32 14.3 32 31.99S417.7 288 400 288z\"><\/path><\/svg>\n\t\t\t\t\t\t\t<\/span>\n\t\t\t<span class=\"uagb-question\">Hierontakylpy arteesisella vedell\u00e4 ja yrtti\u00f6ljyll\u00e4 (m\u00e4nty-, valeriaana-, eukalypti-<br>mentooli-, ruohokasvien, laventeri-, hevoskastanjan, rosmariini- tai geranium\u00f6ljy) (10 min)\u00a0<em>17 \u20ac<\/em><\/span><\/div><div class=\"uagb-faq-content\"><p>Yrtti-hierontakylvyt ovat l\u00e4mpimi\u00e4 vesikylpyj\u00e4, joissa kylpyveteen lis\u00e4t\u00e4\u00e4n erilaisia kasviper\u00e4isi\u00e4 tiivisteit\u00e4  ja hyvin hienoja poreita ja hierovia vesiry\u00f6ppyj\u00e4. L\u00e4mpim\u00e4n veden ja yrttiuutteen yhteisvaikutus on rentouttava ja stressi\u00e4 laukaiseva, hermosto tasapainottuu, unenlaatu paranee, k\u00e4sien ja jalkojen verenkierto paranee ja ihosta tulee pehme\u00e4mpi, kimmoisampi ja sile\u00e4mpi.<\/p><\/div><\/div><div class=\"wp-block-uagb-faq-child uagb-faq-child__outer-wrap uagb-faq-item uagb-block-9ab77dea \" role=\"tab\" tabindex=\"0\"><div class=\"uagb-faq-questions-button uagb-faq-questions\">\t\t\t<span class=\"uagb-icon uagb-faq-icon-wrap\">\n\t\t\t\t\t\t\t\t<svg xmlns=\"https:\/\/www.w3.org\/2000\/svg\" viewBox= \"0 0 448 512\"><path d=\"M432 256c0 17.69-14.33 32.01-32 32.01H256v144c0 17.69-14.33 31.99-32 31.99s-32-14.3-32-31.99v-144H48c-17.67 0-32-14.32-32-32.01s14.33-31.99 32-31.99H192v-144c0-17.69 14.33-32.01 32-32.01s32 14.32 32 32.01v144h144C417.7 224 432 238.3 432 256z\"><\/path><\/svg>\n\t\t\t\t\t\t\t<\/span>\n\t\t\t\t\t\t<span class=\"uagb-icon-active uagb-faq-icon-wrap\">\n\t\t\t\t\t\t\t\t<svg xmlns=\"https:\/\/www.w3.org\/2000\/svg\" viewBox= \"0 0 448 512\"><path d=\"M400 288h-352c-17.69 0-32-14.32-32-32.01s14.31-31.99 32-31.99h352c17.69 0 32 14.3 32 31.99S417.7 288 400 288z\"><\/path><\/svg>\n\t\t\t\t\t\t\t<\/span>\n\t\t\t<span class=\"uagb-question\">Hoitokylpy bishofitilla (10 min)\u00a0<em>20 \u20ac<\/em><\/span><\/div><div class=\"uagb-faq-content\"><p>Bishofiti\u00a0imeytyy helposti ihon l\u00e4pi ja poistaa tehokkaasti myrkkyj\u00e4 soluista ja kudoksista. Kylpy lievitt\u00e4\u00e4 kipuja ja lihasj\u00e4nnityst\u00e4, on hy\u00f6dyllist\u00e4 syd\u00e4melle, hermostolle ja luille. Lis\u00e4ksi se parantaa unen laatua ja ja poistaa kroonista v\u00e4symyst\u00e4.<\/p><\/div><\/div><div class=\"wp-block-uagb-faq-child uagb-faq-child__outer-wrap uagb-faq-item uagb-block-578a58bf \" role=\"tab\" tabindex=\"0\"><div class=\"uagb-faq-questions-button uagb-faq-questions\">\t\t\t<span class=\"uagb-icon uagb-faq-icon-wrap\">\n\t\t\t\t\t\t\t\t<svg xmlns=\"https:\/\/www.w3.org\/2000\/svg\" viewBox= \"0 0 448 512\"><path d=\"M432 256c0 17.69-14.33 32.01-32 32.01H256v144c0 17.69-14.33 31.99-32 31.99s-32-14.3-32-31.99v-144H48c-17.67 0-32-14.32-32-32.01s14.33-31.99 32-31.99H192v-144c0-17.69 14.33-32.01 32-32.01s32 14.32 32 32.01v144h144C417.7 224 432 238.3 432 256z\"><\/path><\/svg>\n\t\t\t\t\t\t\t<\/span>\n\t\t\t\t\t\t<span class=\"uagb-icon-active uagb-faq-icon-wrap\">\n\t\t\t\t\t\t\t\t<svg xmlns=\"https:\/\/www.w3.org\/2000\/svg\" viewBox= \"0 0 448 512\"><path d=\"M400 288h-352c-17.69 0-32-14.32-32-32.01s14.31-31.99 32-31.99h352c17.69 0 32 14.3 32 31.99S417.7 288 400 288z\"><\/path><\/svg>\n\t\t\t\t\t\t\t<\/span>\n\t\t\t<span class=\"uagb-question\">Magnesiumkylpy (10 min)\u00a0<em>20 \u20ac<\/em><\/span><\/div><div class=\"uagb-faq-content\"><p>Magnesium on yksi kehon t\u00e4rkemmist\u00e4 kinenn\u00e4isainesta. Sit\u00e4 tarvitaan elimist\u00f6n normaalin toimintaan. Magnesium imeytyy tehokkaimmin ihon kautta k\u00e4ytt\u00e4m\u00e4ll\u00e4 tiivistetty\u00e4 magnesiumkloridiliuosta. Magnesiumkylvyst\u00e4 on apua seuravissa tapauksissa kun syd\u00e4nsairaudet, p\u00e4\u00e4ns\u00e4rky, masentuneisuus, lihaskipu, hermostuneisuus ja \u00e4rttyvyys, unettomuus, korkea verenpaine, j\u00e4tkuva v\u00e4symyys. <\/p><\/div><\/div><div class=\"wp-block-uagb-faq-child uagb-faq-child__outer-wrap uagb-faq-item uagb-block-eb2f42ac \" role=\"tab\" tabindex=\"0\"><div class=\"uagb-faq-questions-button uagb-faq-questions\">\t\t\t<span class=\"uagb-icon uagb-faq-icon-wrap\">\n\t\t\t\t\t\t\t\t<svg xmlns=\"https:\/\/www.w3.org\/2000\/svg\" viewBox= \"0 0 448 512\"><path d=\"M432 256c0 17.69-14.33 32.01-32 32.01H256v144c0 17.69-14.33 31.99-32 31.99s-32-14.3-32-31.99v-144H48c-17.67 0-32-14.32-32-32.01s14.33-31.99 32-31.99H192v-144c0-17.69 14.33-32.01 32-32.01s32 14.32 32 32.01v144h144C417.7 224 432 238.3 432 256z\"><\/path><\/svg>\n\t\t\t\t\t\t\t<\/span>\n\t\t\t\t\t\t<span class=\"uagb-icon-active uagb-faq-icon-wrap\">\n\t\t\t\t\t\t\t\t<svg xmlns=\"https:\/\/www.w3.org\/2000\/svg\" viewBox= \"0 0 448 512\"><path d=\"M400 288h-352c-17.69 0-32-14.32-32-32.01s14.31-31.99 32-31.99h352c17.69 0 32 14.3 32 31.99S417.7 288 400 288z\"><\/path><\/svg>\n\t\t\t\t\t\t\t<\/span>\n\t\t\t<span class=\"uagb-question\">Kuiva otsonikylpy (10 min)\u00a0<em>22 \u20ac<\/em><br><em>Kuuri \u2013 3 kertaa erikoishinnalla 55 \u20ac<\/em><\/span><\/div><div class=\"uagb-faq-content\"><p>Otsoni desinfioi ja sopii erinomaisesti tukihoidoksi erilaisten iho-ongelmien, kuten haavojen, varvasv\u00e4lihautumien, kynsivallintulehdusten ja jalkasilsan hoidossa.\u00a0 Se sopii verenkiertoa vilkastuttavan vaikutuksensa ansiosta my\u00f6s tueksi turvotusten hoidossa.\u00a0<\/p><\/div><\/div><div class=\"wp-block-uagb-faq-child uagb-faq-child__outer-wrap uagb-faq-item uagb-block-b05eb32c \" role=\"tab\" tabindex=\"0\"><div class=\"uagb-faq-questions-button uagb-faq-questions\">\t\t\t<span class=\"uagb-icon uagb-faq-icon-wrap\">\n\t\t\t\t\t\t\t\t<svg xmlns=\"https:\/\/www.w3.org\/2000\/svg\" viewBox= \"0 0 448 512\"><path d=\"M432 256c0 17.69-14.33 32.01-32 32.01H256v144c0 17.69-14.33 31.99-32 31.99s-32-14.3-32-31.99v-144H48c-17.67 0-32-14.32-32-32.01s14.33-31.99 32-31.99H192v-144c0-17.69 14.33-32.01 32-32.01s32 14.32 32 32.01v144h144C417.7 224 432 238.3 432 256z\"><\/path><\/svg>\n\t\t\t\t\t\t\t<\/span>\n\t\t\t\t\t\t<span class=\"uagb-icon-active uagb-faq-icon-wrap\">\n\t\t\t\t\t\t\t\t<svg xmlns=\"https:\/\/www.w3.org\/2000\/svg\" viewBox= \"0 0 448 512\"><path d=\"M400 288h-352c-17.69 0-32-14.32-32-32.01s14.31-31.99 32-31.99h352c17.69 0 32 14.3 32 31.99S417.7 288 400 288z\"><\/path><\/svg>\n\t\t\t\t\t\t\t<\/span>\n\t\t\t<span class=\"uagb-question\">Kuiva hiilihappokylpy (10 min)<em>\u00a027 \u20ac<\/em><br><em>Kuuri \u2013 3 kertaa erikoishinnalla 70 \u20ac<\/em><\/span><\/div><div class=\"uagb-faq-content\"><p>Verenkiertoa ja aineenvaihduntaa stimuloiva kylpy. \u00a0Sopii hyvin i\u00e4kk\u00e4\u00e4mmille asiakkaille, joilla on vakavampi syd\u00e4nsairaus tai muu syy, jolloin ei voi suositella helmikylpy\u00e4. Parantaa syd\u00e4ntoimintaa, laskee korkeata verenpainetta, normalisoi hiilihydraatien aineenvaihduntaa, parantaa munuaisten toimintaa ja diureesia.<\/p><\/div><\/div><div class=\"wp-block-uagb-faq-child uagb-faq-child__outer-wrap uagb-faq-item uagb-block-51c0b4c0 \" role=\"tab\" tabindex=\"0\"><div class=\"uagb-faq-questions-button uagb-faq-questions\">\t\t\t<span class=\"uagb-icon uagb-faq-icon-wrap\">\n\t\t\t\t\t\t\t\t<svg xmlns=\"https:\/\/www.w3.org\/2000\/svg\" viewBox= \"0 0 448 512\"><path d=\"M432 256c0 17.69-14.33 32.01-32 32.01H256v144c0 17.69-14.33 31.99-32 31.99s-32-14.3-32-31.99v-144H48c-17.67 0-32-14.32-32-32.01s14.33-31.99 32-31.99H192v-144c0-17.69 14.33-32.01 32-32.01s32 14.32 32 32.01v144h144C417.7 224 432 238.3 432 256z\"><\/path><\/svg>\n\t\t\t\t\t\t\t<\/span>\n\t\t\t\t\t\t<span class=\"uagb-icon-active uagb-faq-icon-wrap\">\n\t\t\t\t\t\t\t\t<svg xmlns=\"https:\/\/www.w3.org\/2000\/svg\" viewBox= \"0 0 448 512\"><path d=\"M400 288h-352c-17.69 0-32-14.32-32-32.01s14.31-31.99 32-31.99h352c17.69 0 32 14.3 32 31.99S417.7 288 400 288z\"><\/path><\/svg>\n\t\t\t\t\t\t\t<\/span>\n\t\t\t<span class=\"uagb-question\">CHARCOT suihku (ry\u00f6ppysuihku)(5-7 min)\u00a0<em>15 \u20ac<\/em><br><em><em>Kuuri \u2013 5 k<\/em>ertaa\u00a0<em>eri<\/em>koishinnalla\u00a065 \u20ac<\/em><\/span><\/div><div class=\"uagb-faq-content\"><p>Voimakas, kiihdytt\u00e4v\u00e4 ja yleisesti j\u00e4ntev\u00f6itt\u00e4v\u00e4 hoito, parantaa ihon ja ihonalaisen kudoksen verenkiertoa,<br>erinomaista selluliittihierontaa. Sopii hyvin istuvasta el\u00e4m\u00e4ntyylist\u00e4 aiheutuviin hartia- ja alansel\u00e4n vaivoihin, <br>ruokavalioon ja voimisteluun yhdistettyn\u00e4 sopii hyvin niille, jotka haluavat laihtua (ihoa ja ihonalaista kudosta kiinteytt\u00e4v\u00e4 vaikutus)<\/p><\/div><\/div><div class=\"wp-block-uagb-faq-child uagb-faq-child__outer-wrap uagb-faq-item uagb-block-e447db7d \" role=\"tab\" tabindex=\"0\"><div class=\"uagb-faq-questions-button uagb-faq-questions\">\t\t\t<span class=\"uagb-icon uagb-faq-icon-wrap\">\n\t\t\t\t\t\t\t\t<svg xmlns=\"https:\/\/www.w3.org\/2000\/svg\" viewBox= \"0 0 448 512\"><path d=\"M432 256c0 17.69-14.33 32.01-32 32.01H256v144c0 17.69-14.33 31.99-32 31.99s-32-14.3-32-31.99v-144H48c-17.67 0-32-14.32-32-32.01s14.33-31.99 32-31.99H192v-144c0-17.69 14.33-32.01 32-32.01s32 14.32 32 32.01v144h144C417.7 224 432 238.3 432 256z\"><\/path><\/svg>\n\t\t\t\t\t\t\t<\/span>\n\t\t\t\t\t\t<span class=\"uagb-icon-active uagb-faq-icon-wrap\">\n\t\t\t\t\t\t\t\t<svg xmlns=\"https:\/\/www.w3.org\/2000\/svg\" viewBox= \"0 0 448 512\"><path d=\"M400 288h-352c-17.69 0-32-14.32-32-32.01s14.31-31.99 32-31.99h352c17.69 0 32 14.3 32 31.99S417.7 288 400 288z\"><\/path><\/svg>\n\t\t\t\t\t\t\t<\/span>\n\t\t\t<span class=\"uagb-question\">Detox setri-tynnyrihoito (10 min) <em>17 \u20ac<\/em><br><em><em>Kuuri \u2013 3 k<\/em>ertaa erikoishinnalla\u00a045 \u20ac<\/em><\/span><\/div><div class=\"uagb-faq-content\"><p>Setri-tynnyrihoidolla\u00a0on useita positiivisia ominaisuuksia.\u00a0<br>Hoito muun muassa puhdistaa kehoa, voi lievitt\u00e4\u00e4 kroonisen v\u00e4symysoireryhm\u00e4n oireita, parantaa verenkiertoa ja auttaa lihaksia rentoutumaan.\u00a0<br>Sill\u00e4 on my\u00f6s selluliittia tasoittava vaikutus.\u00a0<br>Hoito v\u00e4hent\u00e4\u00e4 ylim\u00e4\u00e4r\u00e4ist\u00e4 vett\u00e4 ja suolaa kehosta.<\/p><\/div><\/div><\/div>\n\n<div class=\"b-block pad-top-30 pad-bottom-20\"><div class=\"p-emphasis b-part container-p0 p-emphasis--warn\"><p>Huomio! Kylpyl\u00e4 pid\u00e4tt\u00e4\u00e4 itselleen oikeuden hinnanmuutoksiin ilman etuk\u00e4teen ilmoittamatta. Asiakkaille ei palauteta ennakkoa palveluista, jotka ovat j\u00e4\u00e4neet k\u00e4ytt\u00e4m\u00e4tt\u00e4 Narva-J\u00f5esuun kylpyl\u00e4st\u00e4 riippumattomista syist\u00e4.<\/p>\n<\/div><\/div>","protected":false},"excerpt":{"rendered":"","protected":false},"author":2,"featured_media":0,"parent":10436,"menu_order":569,"comment_status":"closed","ping_status":"closed","template":"","meta":{"_acf_changed":false,"_uag_custom_page_level_css":"","_monsterinsights_skip_tracking":false,"_monsterinsights_sitenote_active":false,"_monsterinsights_sitenote_note":"","_monsterinsights_sitenote_category":0,"footnotes":""},"class_list":["post-10429","page","type-page","status-publish","hentry"],"acf":[],"yoast_head":"<!-- This site is optimized with the Yoast SEO plugin v27.3 - https:\/\/yoast.com\/product\/yoast-seo-wordpress\/ -->\n<title>Hoitokylvyt ja muut vesihoidot - MEDICAL SPA NARVA-J\u00d5ESUU<\/title>\n<meta name=\"robots\" content=\"index, follow, max-snippet:-1, max-image-preview:large, max-video-preview:-1\" \/>\n<link rel=\"canonical\" href=\"https:\/\/narvajoesuu.ee\/fi\/terveysloma\/hoidot\/aikuisille-tarkoitetut-hoidot\/hoitokylvyt-ja-muut-vesihoidot\/\" \/>\n<meta property=\"og:locale\" content=\"fi_FI\" \/>\n<meta property=\"og:type\" content=\"article\" \/>\n<meta property=\"og:title\" content=\"Hoitokylvyt ja muut vesihoidot - MEDICAL SPA NARVA-J\u00d5ESUU\" \/>\n<meta property=\"og:url\" content=\"https:\/\/narvajoesuu.ee\/fi\/terveysloma\/hoidot\/aikuisille-tarkoitetut-hoidot\/hoitokylvyt-ja-muut-vesihoidot\/\" \/>\n<meta property=\"og:site_name\" content=\"MEDICAL SPA NARVA-J\u00d5ESUU\" \/>\n<meta property=\"article:modified_time\" content=\"2025-07-10T13:49:01+00:00\" \/>\n<meta property=\"og:image\" content=\"https:\/\/narvajoesuu.ee\/wp-content\/uploads\/2021\/12\/Maja-pilt.png\" \/>\n\t<meta property=\"og:image:width\" content=\"1200\" \/>\n\t<meta property=\"og:image:height\" content=\"630\" \/>\n\t<meta property=\"og:image:type\" content=\"image\/png\" \/>\n<meta name=\"twitter:card\" content=\"summary_large_image\" \/>\n<meta name=\"twitter:label1\" content=\"Arvioitu lukuaika\" \/>\n\t<meta name=\"twitter:data1\" content=\"4 minuuttia\" \/>\n<script type=\"application\/ld+json\" class=\"yoast-schema-graph\">{\"@context\":\"https:\\\/\\\/schema.org\",\"@graph\":[{\"@type\":\"WebPage\",\"@id\":\"https:\\\/\\\/narvajoesuu.ee\\\/fi\\\/terveysloma\\\/hoidot\\\/aikuisille-tarkoitetut-hoidot\\\/hoitokylvyt-ja-muut-vesihoidot\\\/\",\"url\":\"https:\\\/\\\/narvajoesuu.ee\\\/fi\\\/terveysloma\\\/hoidot\\\/aikuisille-tarkoitetut-hoidot\\\/hoitokylvyt-ja-muut-vesihoidot\\\/\",\"name\":\"Hoitokylvyt ja muut vesihoidot - MEDICAL SPA NARVA-J\u00d5ESUU\",\"isPartOf\":{\"@id\":\"https:\\\/\\\/narvajoesuu.ee\\\/#website\"},\"datePublished\":\"2021-03-16T12:37:54+00:00\",\"dateModified\":\"2025-07-10T13:49:01+00:00\",\"breadcrumb\":{\"@id\":\"https:\\\/\\\/narvajoesuu.ee\\\/fi\\\/terveysloma\\\/hoidot\\\/aikuisille-tarkoitetut-hoidot\\\/hoitokylvyt-ja-muut-vesihoidot\\\/#breadcrumb\"},\"inLanguage\":\"fi\",\"potentialAction\":[{\"@type\":\"ReadAction\",\"target\":[\"https:\\\/\\\/narvajoesuu.ee\\\/fi\\\/terveysloma\\\/hoidot\\\/aikuisille-tarkoitetut-hoidot\\\/hoitokylvyt-ja-muut-vesihoidot\\\/\"]}]},{\"@type\":\"BreadcrumbList\",\"@id\":\"https:\\\/\\\/narvajoesuu.ee\\\/fi\\\/terveysloma\\\/hoidot\\\/aikuisille-tarkoitetut-hoidot\\\/hoitokylvyt-ja-muut-vesihoidot\\\/#breadcrumb\",\"itemListElement\":[{\"@type\":\"ListItem\",\"position\":1,\"name\":\"Home\",\"item\":\"https:\\\/\\\/narvajoesuu.ee\\\/fi\\\/\"},{\"@type\":\"ListItem\",\"position\":2,\"name\":\"Terveysloma\",\"item\":\"https:\\\/\\\/narvajoesuu.ee\\\/fi\\\/terveysloma\\\/\"},{\"@type\":\"ListItem\",\"position\":3,\"name\":\"Hoidot\",\"item\":\"https:\\\/\\\/narvajoesuu.ee\\\/fi\\\/terveysloma\\\/hoidot\\\/\"},{\"@type\":\"ListItem\",\"position\":4,\"name\":\"Hoidot aikuisille\",\"item\":\"https:\\\/\\\/narvajoesuu.ee\\\/fi\\\/terveysloma\\\/hoidot\\\/aikuisille-tarkoitetut-hoidot\\\/\"},{\"@type\":\"ListItem\",\"position\":5,\"name\":\"Hoitokylvyt ja muut vesihoidot\"}]},{\"@type\":\"WebSite\",\"@id\":\"https:\\\/\\\/narvajoesuu.ee\\\/#website\",\"url\":\"https:\\\/\\\/narvajoesuu.ee\\\/\",\"name\":\"MEDICAL SPA NARVA-J\u00d5ESUU\",\"description\":\"\",\"publisher\":{\"@id\":\"https:\\\/\\\/narvajoesuu.ee\\\/#organization\"},\"potentialAction\":[{\"@type\":\"SearchAction\",\"target\":{\"@type\":\"EntryPoint\",\"urlTemplate\":\"https:\\\/\\\/narvajoesuu.ee\\\/?s={search_term_string}\"},\"query-input\":{\"@type\":\"PropertyValueSpecification\",\"valueRequired\":true,\"valueName\":\"search_term_string\"}}],\"inLanguage\":\"fi\"},{\"@type\":\"Organization\",\"@id\":\"https:\\\/\\\/narvajoesuu.ee\\\/#organization\",\"name\":\"Narva-J\u00f5esuu Medical SPA\",\"url\":\"https:\\\/\\\/narvajoesuu.ee\\\/\",\"logo\":{\"@type\":\"ImageObject\",\"inLanguage\":\"fi\",\"@id\":\"https:\\\/\\\/narvajoesuu.ee\\\/#\\\/schema\\\/logo\\\/image\\\/\",\"url\":\"https:\\\/\\\/narvajoesuu.ee\\\/wp-content\\\/uploads\\\/2020\\\/10\\\/narvajoesuu-logo-small.png\",\"contentUrl\":\"https:\\\/\\\/narvajoesuu.ee\\\/wp-content\\\/uploads\\\/2020\\\/10\\\/narvajoesuu-logo-small.png\",\"width\":170,\"height\":170,\"caption\":\"Narva-J\u00f5esuu Medical SPA\"},\"image\":{\"@id\":\"https:\\\/\\\/narvajoesuu.ee\\\/#\\\/schema\\\/logo\\\/image\\\/\"}}]}<\/script>\n<!-- \/ Yoast SEO plugin. -->","yoast_head_json":{"title":"Hoitokylvyt ja muut vesihoidot - MEDICAL SPA NARVA-J\u00d5ESUU","robots":{"index":"index","follow":"follow","max-snippet":"max-snippet:-1","max-image-preview":"max-image-preview:large","max-video-preview":"max-video-preview:-1"},"canonical":"https:\/\/narvajoesuu.ee\/fi\/terveysloma\/hoidot\/aikuisille-tarkoitetut-hoidot\/hoitokylvyt-ja-muut-vesihoidot\/","og_locale":"fi_FI","og_type":"article","og_title":"Hoitokylvyt ja muut vesihoidot - MEDICAL SPA NARVA-J\u00d5ESUU","og_url":"https:\/\/narvajoesuu.ee\/fi\/terveysloma\/hoidot\/aikuisille-tarkoitetut-hoidot\/hoitokylvyt-ja-muut-vesihoidot\/","og_site_name":"MEDICAL SPA NARVA-J\u00d5ESUU","article_modified_time":"2025-07-10T13:49:01+00:00","og_image":[{"width":1200,"height":630,"url":"https:\/\/narvajoesuu.ee\/wp-content\/uploads\/2021\/12\/Maja-pilt.png","type":"image\/png"}],"twitter_card":"summary_large_image","twitter_misc":{"Arvioitu lukuaika":"4 minuuttia"},"schema":{"@context":"https:\/\/schema.org","@graph":[{"@type":"WebPage","@id":"https:\/\/narvajoesuu.ee\/fi\/terveysloma\/hoidot\/aikuisille-tarkoitetut-hoidot\/hoitokylvyt-ja-muut-vesihoidot\/","url":"https:\/\/narvajoesuu.ee\/fi\/terveysloma\/hoidot\/aikuisille-tarkoitetut-hoidot\/hoitokylvyt-ja-muut-vesihoidot\/","name":"Hoitokylvyt ja muut vesihoidot - MEDICAL SPA NARVA-J\u00d5ESUU","isPartOf":{"@id":"https:\/\/narvajoesuu.ee\/#website"},"datePublished":"2021-03-16T12:37:54+00:00","dateModified":"2025-07-10T13:49:01+00:00","breadcrumb":{"@id":"https:\/\/narvajoesuu.ee\/fi\/terveysloma\/hoidot\/aikuisille-tarkoitetut-hoidot\/hoitokylvyt-ja-muut-vesihoidot\/#breadcrumb"},"inLanguage":"fi","potentialAction":[{"@type":"ReadAction","target":["https:\/\/narvajoesuu.ee\/fi\/terveysloma\/hoidot\/aikuisille-tarkoitetut-hoidot\/hoitokylvyt-ja-muut-vesihoidot\/"]}]},{"@type":"BreadcrumbList","@id":"https:\/\/narvajoesuu.ee\/fi\/terveysloma\/hoidot\/aikuisille-tarkoitetut-hoidot\/hoitokylvyt-ja-muut-vesihoidot\/#breadcrumb","itemListElement":[{"@type":"ListItem","position":1,"name":"Home","item":"https:\/\/narvajoesuu.ee\/fi\/"},{"@type":"ListItem","position":2,"name":"Terveysloma","item":"https:\/\/narvajoesuu.ee\/fi\/terveysloma\/"},{"@type":"ListItem","position":3,"name":"Hoidot","item":"https:\/\/narvajoesuu.ee\/fi\/terveysloma\/hoidot\/"},{"@type":"ListItem","position":4,"name":"Hoidot aikuisille","item":"https:\/\/narvajoesuu.ee\/fi\/terveysloma\/hoidot\/aikuisille-tarkoitetut-hoidot\/"},{"@type":"ListItem","position":5,"name":"Hoitokylvyt ja muut vesihoidot"}]},{"@type":"WebSite","@id":"https:\/\/narvajoesuu.ee\/#website","url":"https:\/\/narvajoesuu.ee\/","name":"MEDICAL SPA NARVA-J\u00d5ESUU","description":"","publisher":{"@id":"https:\/\/narvajoesuu.ee\/#organization"},"potentialAction":[{"@type":"SearchAction","target":{"@type":"EntryPoint","urlTemplate":"https:\/\/narvajoesuu.ee\/?s={search_term_string}"},"query-input":{"@type":"PropertyValueSpecification","valueRequired":true,"valueName":"search_term_string"}}],"inLanguage":"fi"},{"@type":"Organization","@id":"https:\/\/narvajoesuu.ee\/#organization","name":"Narva-J\u00f5esuu Medical SPA","url":"https:\/\/narvajoesuu.ee\/","logo":{"@type":"ImageObject","inLanguage":"fi","@id":"https:\/\/narvajoesuu.ee\/#\/schema\/logo\/image\/","url":"https:\/\/narvajoesuu.ee\/wp-content\/uploads\/2020\/10\/narvajoesuu-logo-small.png","contentUrl":"https:\/\/narvajoesuu.ee\/wp-content\/uploads\/2020\/10\/narvajoesuu-logo-small.png","width":170,"height":170,"caption":"Narva-J\u00f5esuu Medical SPA"},"image":{"@id":"https:\/\/narvajoesuu.ee\/#\/schema\/logo\/image\/"}}]}},"uagb_featured_image_src":{"full":false,"thumbnail":false,"medium":false,"medium_large":false,"large":false,"1536x1536":false,"2048x2048":false,"img-1920x550":false,"img-1920x320":false,"img-1920x200":false,"img-670x480":false,"img-570x280":false,"img-507":false,"img-370x240":false,"img-400x250":false,"img-370x175":false,"img-370x120":false,"img-300":false,"img-170":false},"uagb_author_info":{"display_name":"Darja","author_link":"https:\/\/narvajoesuu.ee\/fi\/author\/darja\/"},"uagb_comment_info":0,"uagb_excerpt":null,"_links":{"self":[{"href":"https:\/\/narvajoesuu.ee\/fi\/wp-json\/wp\/v2\/pages\/10429","targetHints":{"allow":["GET"]}}],"collection":[{"href":"https:\/\/narvajoesuu.ee\/fi\/wp-json\/wp\/v2\/pages"}],"about":[{"href":"https:\/\/narvajoesuu.ee\/fi\/wp-json\/wp\/v2\/types\/page"}],"author":[{"embeddable":true,"href":"https:\/\/narvajoesuu.ee\/fi\/wp-json\/wp\/v2\/users\/2"}],"replies":[{"embeddable":true,"href":"https:\/\/narvajoesuu.ee\/fi\/wp-json\/wp\/v2\/comments?post=10429"}],"version-history":[{"count":32,"href":"https:\/\/narvajoesuu.ee\/fi\/wp-json\/wp\/v2\/pages\/10429\/revisions"}],"predecessor-version":[{"id":21206,"href":"https:\/\/narvajoesuu.ee\/fi\/wp-json\/wp\/v2\/pages\/10429\/revisions\/21206"}],"up":[{"embeddable":true,"href":"https:\/\/narvajoesuu.ee\/fi\/wp-json\/wp\/v2\/pages\/10436"}],"wp:attachment":[{"href":"https:\/\/narvajoesuu.ee\/fi\/wp-json\/wp\/v2\/media?parent=10429"}],"curies":[{"name":"wp","href":"https:\/\/api.w.org\/{rel}","templated":true}]}}