{"id":10422,"date":"2021-03-16T14:52:39","date_gmt":"2021-03-16T12:52:39","guid":{"rendered":"https:\/\/narvajoesuu.ee\/muud-ravid-ja-teenused\/"},"modified":"2025-06-10T09:49:42","modified_gmt":"2025-06-10T06:49:42","slug":"muud-ravid-ja-teenused","status":"publish","type":"page","link":"https:\/\/narvajoesuu.ee\/fi\/terveysloma\/hoidot\/aikuisille-tarkoitetut-hoidot\/muud-ravid-ja-teenused\/","title":{"rendered":"Muut hoidot ja palvelut"},"content":{"rendered":"<div class=\"wp-block-uagb-faq uagb-faq__outer-wrap uagb-block-07dccb68 uagb-faq-icon-row uagb-faq-layout-accordion uagb-faq-expand-first-false uagb-faq-inactive-other-true uagb-faq__wrap uagb-buttons-layout-wrap uagb-faq-equal-height     \" data-faqtoggle=\"true\" role=\"tablist\"><div class=\"wp-block-uagb-faq-child uagb-faq-child__outer-wrap uagb-faq-item uagb-block-73a22788 \" role=\"tab\" tabindex=\"0\"><div class=\"uagb-faq-questions-button uagb-faq-questions\">\t\t\t<span class=\"uagb-icon uagb-faq-icon-wrap\">\n\t\t\t\t\t\t\t\t<svg xmlns=\"https:\/\/www.w3.org\/2000\/svg\" viewBox= \"0 0 448 512\"><path d=\"M432 256c0 17.69-14.33 32.01-32 32.01H256v144c0 17.69-14.33 31.99-32 31.99s-32-14.3-32-31.99v-144H48c-17.67 0-32-14.32-32-32.01s14.33-31.99 32-31.99H192v-144c0-17.69 14.33-32.01 32-32.01s32 14.32 32 32.01v144h144C417.7 224 432 238.3 432 256z\"><\/path><\/svg>\n\t\t\t\t\t\t\t<\/span>\n\t\t\t\t\t\t<span class=\"uagb-icon-active uagb-faq-icon-wrap\">\n\t\t\t\t\t\t\t\t<svg xmlns=\"https:\/\/www.w3.org\/2000\/svg\" viewBox= \"0 0 448 512\"><path d=\"M400 288h-352c-17.69 0-32-14.32-32-32.01s14.31-31.99 32-31.99h352c17.69 0 32 14.3 32 31.99S417.7 288 400 288z\"><\/path><\/svg>\n\t\t\t\t\t\t\t<\/span>\n\t\t\t<span class=\"uagb-question\">Vartalon karboksiterapia (selk\u00e4, lapaluun alue, olkap\u00e4\u00e4t, polvet, kyyn\u00e4rp\u00e4\u00e4t,<br>lonkkanivelet, vatsa, jalat, k\u00e4det, pakarat)\u00a0<em>30 \u20ac<\/em>  <br><em><em>Kuuri \u2013 3 kertaa\u00a075 \u20ac<\/em><\/em><\/span><\/div><div class=\"uagb-faq-content\"><p>Karpoksiterapia on hoitomenetelm\u00e4, jonka aikana hiilidioksidikaasu co2 infusoituu ihoon.  Hiilidioksidi tunkeutuu syv\u00e4lle ihon kerroksiin, kiihdytt\u00e4\u00e4 verenkiertoa, aktivoi aineenvaihduntaa, laajentaa verisuonia, poistaa kuona-aineita ja edist\u00e4\u00e4 proteiinisynteesi\u00e4<br><br><em>*Hoitojen lukum\u00e4\u00e4r\u00e4 m\u00e4\u00e4r\u00e4ytyy vain l\u00e4\u00e4k\u00e4rin vastaanotolla ja l\u00e4\u00e4k\u00e4rin m\u00e4\u00e4r\u00e4yksen mukaan<\/em><\/p><\/div><\/div><div class=\"wp-block-uagb-faq-child uagb-faq-child__outer-wrap uagb-faq-item uagb-block-dde7fe7d \" role=\"tab\" tabindex=\"0\"><div class=\"uagb-faq-questions-button uagb-faq-questions\">\t\t\t<span class=\"uagb-icon uagb-faq-icon-wrap\">\n\t\t\t\t\t\t\t\t<svg xmlns=\"https:\/\/www.w3.org\/2000\/svg\" viewBox= \"0 0 448 512\"><path d=\"M432 256c0 17.69-14.33 32.01-32 32.01H256v144c0 17.69-14.33 31.99-32 31.99s-32-14.3-32-31.99v-144H48c-17.67 0-32-14.32-32-32.01s14.33-31.99 32-31.99H192v-144c0-17.69 14.33-32.01 32-32.01s32 14.32 32 32.01v144h144C417.7 224 432 238.3 432 256z\"><\/path><\/svg>\n\t\t\t\t\t\t\t<\/span>\n\t\t\t\t\t\t<span class=\"uagb-icon-active uagb-faq-icon-wrap\">\n\t\t\t\t\t\t\t\t<svg xmlns=\"https:\/\/www.w3.org\/2000\/svg\" viewBox= \"0 0 448 512\"><path d=\"M400 288h-352c-17.69 0-32-14.32-32-32.01s14.31-31.99 32-31.99h352c17.69 0 32 14.3 32 31.99S417.7 288 400 288z\"><\/path><\/svg>\n\t\t\t\t\t\t\t<\/span>\n\t\t\t<span class=\"uagb-question\">Esteettinen karboksiterapia\u00a0<em>80 \u20ac<\/em><\/span><\/div><div class=\"uagb-faq-content\"><p>Ik\u00e4\u00e4ntymisen merkkien ennaltaehk\u00e4isy ja hoito, tasoittaa ihon pintaa ja parantaa merkitt\u00e4v\u00e4sti ihon tekstuuria, erilaisten iho-ongelmien hoito; akne, hyperpigmentaatio, rypyt ja ihon veltostuminen<br><br><em>*Hoitojen lukum\u00e4\u00e4r\u00e4 m\u00e4\u00e4r\u00e4ytyy vain l\u00e4\u00e4k\u00e4rin vastaanotolla ja l\u00e4\u00e4k\u00e4rin m\u00e4\u00e4r\u00e4yksen mukaan<\/em><\/p><\/div><\/div><div class=\"wp-block-uagb-faq-child uagb-faq-child__outer-wrap uagb-faq-item uagb-block-7ff95fd8 \" role=\"tab\" tabindex=\"0\"><div class=\"uagb-faq-questions-button uagb-faq-questions\">\t\t\t<span class=\"uagb-icon uagb-faq-icon-wrap\">\n\t\t\t\t\t\t\t\t<svg xmlns=\"https:\/\/www.w3.org\/2000\/svg\" viewBox= \"0 0 448 512\"><path d=\"M432 256c0 17.69-14.33 32.01-32 32.01H256v144c0 17.69-14.33 31.99-32 31.99s-32-14.3-32-31.99v-144H48c-17.67 0-32-14.32-32-32.01s14.33-31.99 32-31.99H192v-144c0-17.69 14.33-32.01 32-32.01s32 14.32 32 32.01v144h144C417.7 224 432 238.3 432 256z\"><\/path><\/svg>\n\t\t\t\t\t\t\t<\/span>\n\t\t\t\t\t\t<span class=\"uagb-icon-active uagb-faq-icon-wrap\">\n\t\t\t\t\t\t\t\t<svg xmlns=\"https:\/\/www.w3.org\/2000\/svg\" viewBox= \"0 0 448 512\"><path d=\"M400 288h-352c-17.69 0-32-14.32-32-32.01s14.31-31.99 32-31.99h352c17.69 0 32 14.3 32 31.99S417.7 288 400 288z\"><\/path><\/svg>\n\t\t\t\t\t\t\t<\/span>\n\t\t\t<span class=\"uagb-question\">Akupunktiohoito\u00a0<em>30 \u20ac<\/em><\/span><\/div><div class=\"uagb-faq-content\"><p>Akupunktuuri on\u00a0vanha kiinalainen hoitomenetelm\u00e4, jossa potilasta k\u00e4sitell\u00e4\u00e4n neuloilla (alun perin ter\u00e4vill\u00e4 kivill\u00e4) tarkoin m\u00e4\u00e4ritellyist\u00e4 ihon pisteist\u00e4. Kiinalaisen perinteen mukaan akupunktuuripisteet m\u00e4\u00e4r\u00e4ytyv\u00e4t kehon elimi\u00e4 kuvaavien meridiaanien mukaan. Akupunktiohoidoissa kehon akupisteit\u00e4 stimuloidaan ohuilla, kertak\u00e4ytt\u00f6isill\u00e4 ja steriileill\u00e4 neuloilla. Akupunktiosta voi olla apua melkein kaikkeen kivun hoidosta, p\u00e4\u00e4ns\u00e4rkyihin, migreeneihin, vatsavaivoihin, stressin ja unettomuuden hoitoon sek\u00e4 naisten ja miesten vaivoihin.<\/p><\/div><\/div><div class=\"wp-block-uagb-faq-child uagb-faq-child__outer-wrap uagb-faq-item uagb-block-1ebd8c62 \" role=\"tab\" tabindex=\"0\"><div class=\"uagb-faq-questions-button uagb-faq-questions\">\t\t\t<span class=\"uagb-icon uagb-faq-icon-wrap\">\n\t\t\t\t\t\t\t\t<svg xmlns=\"https:\/\/www.w3.org\/2000\/svg\" viewBox= \"0 0 448 512\"><path d=\"M432 256c0 17.69-14.33 32.01-32 32.01H256v144c0 17.69-14.33 31.99-32 31.99s-32-14.3-32-31.99v-144H48c-17.67 0-32-14.32-32-32.01s14.33-31.99 32-31.99H192v-144c0-17.69 14.33-32.01 32-32.01s32 14.32 32 32.01v144h144C417.7 224 432 238.3 432 256z\"><\/path><\/svg>\n\t\t\t\t\t\t\t<\/span>\n\t\t\t\t\t\t<span class=\"uagb-icon-active uagb-faq-icon-wrap\">\n\t\t\t\t\t\t\t\t<svg xmlns=\"https:\/\/www.w3.org\/2000\/svg\" viewBox= \"0 0 448 512\"><path d=\"M400 288h-352c-17.69 0-32-14.32-32-32.01s14.31-31.99 32-31.99h352c17.69 0 32 14.3 32 31.99S417.7 288 400 288z\"><\/path><\/svg>\n\t\t\t\t\t\t\t<\/span>\n\t\t\t<span class=\"uagb-question\">Kromoterapia Himalayan Cube suolakammiossa (20 min) aikuinen\u00a0<em>16 \u20ac, lapsi\u00a010 \u20ac<\/em><br><em><em>Kuur<\/em>i aikuisille<\/em> <em><em>\u2013 5 kertaa erikoishintaan\u00a0<\/em> 70 \u20ac  \/  lapsille 40 \u20ac <\/em><br><em><em><em>Kuuri <em><em>(\u00e4iti + lapsi)<\/em><\/em> \u2013 5 kertaa eri<\/em><\/em>koishintaan 100 \u20ac <\/em> <\/span><\/div><div class=\"uagb-faq-content\"><p>Suolahoito on luonnon oma hoitokeino. Hoidon aikana oleskellaan suolakammiossa ja hengitet\u00e4\u00e4n kuivaa suola-aerosolia. Hoito on sek\u00e4 tehokasta ett\u00e4 vaaratonta, \u00a0mutta my\u00f6s miellytt\u00e4v\u00e4\u00e4: sen aikana voi rentoutua ja kuunnella rauhallista musiikkia. T\u00e4m\u00e4 v\u00e4hent\u00e4\u00e4 hengitysteiden kouristuksia ja helpottaa hengitt\u00e4mist\u00e4, tekee keuhkoputkissa olevasta eritteest\u00e4 juoksevampaa ja helpommin yskitt\u00e4v\u00e4\u00e4, lis\u00e4\u00e4 elimist\u00f6n immunologista puolustuskyky\u00e4, v\u00e4hent\u00e4\u00e4 allergisia reaktioita sek\u00e4 sairastumista tulehdussairauksiin, rauhoittaa hermostoa<\/p><\/div><\/div><div class=\"wp-block-uagb-faq-child uagb-faq-child__outer-wrap uagb-faq-item uagb-block-e87abf68 \" role=\"tab\" tabindex=\"0\"><div class=\"uagb-faq-questions-button uagb-faq-questions\">\t\t\t<span class=\"uagb-icon uagb-faq-icon-wrap\">\n\t\t\t\t\t\t\t\t<svg xmlns=\"https:\/\/www.w3.org\/2000\/svg\" viewBox= \"0 0 448 512\"><path d=\"M432 256c0 17.69-14.33 32.01-32 32.01H256v144c0 17.69-14.33 31.99-32 31.99s-32-14.3-32-31.99v-144H48c-17.67 0-32-14.32-32-32.01s14.33-31.99 32-31.99H192v-144c0-17.69 14.33-32.01 32-32.01s32 14.32 32 32.01v144h144C417.7 224 432 238.3 432 256z\"><\/path><\/svg>\n\t\t\t\t\t\t\t<\/span>\n\t\t\t\t\t\t<span class=\"uagb-icon-active uagb-faq-icon-wrap\">\n\t\t\t\t\t\t\t\t<svg xmlns=\"https:\/\/www.w3.org\/2000\/svg\" viewBox= \"0 0 448 512\"><path d=\"M400 288h-352c-17.69 0-32-14.32-32-32.01s14.31-31.99 32-31.99h352c17.69 0 32 14.3 32 31.99S417.7 288 400 288z\"><\/path><\/svg>\n\t\t\t\t\t\t\t<\/span>\n\t\t\t<span class=\"uagb-question\">Kehonkoostumusmittaus\u00a025 \u20ac<\/span><\/div><div class=\"uagb-faq-content\"><p><\/p><\/div><\/div><\/div>\n\n<div class=\"b-block pad-top-30 pad-bottom-20\"><div class=\"p-emphasis b-part container-p0 p-emphasis--warn\"><p>Huomio! Kylpyl\u00e4 pid\u00e4tt\u00e4\u00e4 itselleen oikeuden hinnanmuutoksiin ilman etuk\u00e4teen<br \/>\nilmoittamatta. Asiakkaille ei palauteta ennakkoa palveluista, jotka ovat j\u00e4\u00e4neet<br \/>\nk\u00e4ytt\u00e4m\u00e4tt\u00e4 Narva-J\u00f5esuun kylpyl\u00e4st\u00e4 riippumattomista syist\u00e4.<\/p>\n<\/div><\/div>","protected":false},"excerpt":{"rendered":"","protected":false},"author":2,"featured_media":0,"parent":10436,"menu_order":586,"comment_status":"closed","ping_status":"closed","template":"","meta":{"_acf_changed":false,"_uag_custom_page_level_css":"","_monsterinsights_skip_tracking":false,"_monsterinsights_sitenote_active":false,"_monsterinsights_sitenote_note":"","_monsterinsights_sitenote_category":0,"footnotes":""},"class_list":["post-10422","page","type-page","status-publish","hentry"],"acf":[],"yoast_head":"<!-- This site is optimized with the Yoast SEO plugin v27.3 - https:\/\/yoast.com\/product\/yoast-seo-wordpress\/ -->\n<title>Muut hoidot ja palvelut - MEDICAL SPA NARVA-J\u00d5ESUU<\/title>\n<meta name=\"robots\" content=\"index, follow, max-snippet:-1, max-image-preview:large, max-video-preview:-1\" \/>\n<link rel=\"canonical\" href=\"https:\/\/narvajoesuu.ee\/fi\/terveysloma\/hoidot\/aikuisille-tarkoitetut-hoidot\/muud-ravid-ja-teenused\/\" \/>\n<meta property=\"og:locale\" content=\"fi_FI\" \/>\n<meta property=\"og:type\" content=\"article\" \/>\n<meta property=\"og:title\" content=\"Muut hoidot ja palvelut - MEDICAL SPA NARVA-J\u00d5ESUU\" \/>\n<meta property=\"og:url\" content=\"https:\/\/narvajoesuu.ee\/fi\/terveysloma\/hoidot\/aikuisille-tarkoitetut-hoidot\/muud-ravid-ja-teenused\/\" \/>\n<meta property=\"og:site_name\" content=\"MEDICAL SPA NARVA-J\u00d5ESUU\" \/>\n<meta property=\"article:modified_time\" content=\"2025-06-10T06:49:42+00:00\" \/>\n<meta property=\"og:image\" content=\"https:\/\/narvajoesuu.ee\/wp-content\/uploads\/2021\/12\/Maja-pilt.png\" \/>\n\t<meta property=\"og:image:width\" content=\"1200\" \/>\n\t<meta property=\"og:image:height\" content=\"630\" \/>\n\t<meta property=\"og:image:type\" content=\"image\/png\" \/>\n<meta name=\"twitter:card\" content=\"summary_large_image\" \/>\n<meta name=\"twitter:label1\" content=\"Arvioitu lukuaika\" \/>\n\t<meta name=\"twitter:data1\" content=\"3 minuuttia\" \/>\n<script type=\"application\/ld+json\" class=\"yoast-schema-graph\">{\"@context\":\"https:\\\/\\\/schema.org\",\"@graph\":[{\"@type\":\"WebPage\",\"@id\":\"https:\\\/\\\/narvajoesuu.ee\\\/fi\\\/terveysloma\\\/hoidot\\\/aikuisille-tarkoitetut-hoidot\\\/muud-ravid-ja-teenused\\\/\",\"url\":\"https:\\\/\\\/narvajoesuu.ee\\\/fi\\\/terveysloma\\\/hoidot\\\/aikuisille-tarkoitetut-hoidot\\\/muud-ravid-ja-teenused\\\/\",\"name\":\"Muut hoidot ja palvelut - MEDICAL SPA NARVA-J\u00d5ESUU\",\"isPartOf\":{\"@id\":\"https:\\\/\\\/narvajoesuu.ee\\\/#website\"},\"datePublished\":\"2021-03-16T12:52:39+00:00\",\"dateModified\":\"2025-06-10T06:49:42+00:00\",\"breadcrumb\":{\"@id\":\"https:\\\/\\\/narvajoesuu.ee\\\/fi\\\/terveysloma\\\/hoidot\\\/aikuisille-tarkoitetut-hoidot\\\/muud-ravid-ja-teenused\\\/#breadcrumb\"},\"inLanguage\":\"fi\",\"potentialAction\":[{\"@type\":\"ReadAction\",\"target\":[\"https:\\\/\\\/narvajoesuu.ee\\\/fi\\\/terveysloma\\\/hoidot\\\/aikuisille-tarkoitetut-hoidot\\\/muud-ravid-ja-teenused\\\/\"]}]},{\"@type\":\"BreadcrumbList\",\"@id\":\"https:\\\/\\\/narvajoesuu.ee\\\/fi\\\/terveysloma\\\/hoidot\\\/aikuisille-tarkoitetut-hoidot\\\/muud-ravid-ja-teenused\\\/#breadcrumb\",\"itemListElement\":[{\"@type\":\"ListItem\",\"position\":1,\"name\":\"Home\",\"item\":\"https:\\\/\\\/narvajoesuu.ee\\\/fi\\\/\"},{\"@type\":\"ListItem\",\"position\":2,\"name\":\"Terveysloma\",\"item\":\"https:\\\/\\\/narvajoesuu.ee\\\/fi\\\/terveysloma\\\/\"},{\"@type\":\"ListItem\",\"position\":3,\"name\":\"Hoidot\",\"item\":\"https:\\\/\\\/narvajoesuu.ee\\\/fi\\\/terveysloma\\\/hoidot\\\/\"},{\"@type\":\"ListItem\",\"position\":4,\"name\":\"Hoidot aikuisille\",\"item\":\"https:\\\/\\\/narvajoesuu.ee\\\/fi\\\/terveysloma\\\/hoidot\\\/aikuisille-tarkoitetut-hoidot\\\/\"},{\"@type\":\"ListItem\",\"position\":5,\"name\":\"Muut hoidot ja palvelut\"}]},{\"@type\":\"WebSite\",\"@id\":\"https:\\\/\\\/narvajoesuu.ee\\\/#website\",\"url\":\"https:\\\/\\\/narvajoesuu.ee\\\/\",\"name\":\"MEDICAL SPA NARVA-J\u00d5ESUU\",\"description\":\"\",\"publisher\":{\"@id\":\"https:\\\/\\\/narvajoesuu.ee\\\/#organization\"},\"potentialAction\":[{\"@type\":\"SearchAction\",\"target\":{\"@type\":\"EntryPoint\",\"urlTemplate\":\"https:\\\/\\\/narvajoesuu.ee\\\/?s={search_term_string}\"},\"query-input\":{\"@type\":\"PropertyValueSpecification\",\"valueRequired\":true,\"valueName\":\"search_term_string\"}}],\"inLanguage\":\"fi\"},{\"@type\":\"Organization\",\"@id\":\"https:\\\/\\\/narvajoesuu.ee\\\/#organization\",\"name\":\"Narva-J\u00f5esuu Medical SPA\",\"url\":\"https:\\\/\\\/narvajoesuu.ee\\\/\",\"logo\":{\"@type\":\"ImageObject\",\"inLanguage\":\"fi\",\"@id\":\"https:\\\/\\\/narvajoesuu.ee\\\/#\\\/schema\\\/logo\\\/image\\\/\",\"url\":\"https:\\\/\\\/narvajoesuu.ee\\\/wp-content\\\/uploads\\\/2020\\\/10\\\/narvajoesuu-logo-small.png\",\"contentUrl\":\"https:\\\/\\\/narvajoesuu.ee\\\/wp-content\\\/uploads\\\/2020\\\/10\\\/narvajoesuu-logo-small.png\",\"width\":170,\"height\":170,\"caption\":\"Narva-J\u00f5esuu Medical SPA\"},\"image\":{\"@id\":\"https:\\\/\\\/narvajoesuu.ee\\\/#\\\/schema\\\/logo\\\/image\\\/\"}}]}<\/script>\n<!-- \/ Yoast SEO plugin. -->","yoast_head_json":{"title":"Muut hoidot ja palvelut - MEDICAL SPA NARVA-J\u00d5ESUU","robots":{"index":"index","follow":"follow","max-snippet":"max-snippet:-1","max-image-preview":"max-image-preview:large","max-video-preview":"max-video-preview:-1"},"canonical":"https:\/\/narvajoesuu.ee\/fi\/terveysloma\/hoidot\/aikuisille-tarkoitetut-hoidot\/muud-ravid-ja-teenused\/","og_locale":"fi_FI","og_type":"article","og_title":"Muut hoidot ja palvelut - MEDICAL SPA NARVA-J\u00d5ESUU","og_url":"https:\/\/narvajoesuu.ee\/fi\/terveysloma\/hoidot\/aikuisille-tarkoitetut-hoidot\/muud-ravid-ja-teenused\/","og_site_name":"MEDICAL SPA NARVA-J\u00d5ESUU","article_modified_time":"2025-06-10T06:49:42+00:00","og_image":[{"width":1200,"height":630,"url":"https:\/\/narvajoesuu.ee\/wp-content\/uploads\/2021\/12\/Maja-pilt.png","type":"image\/png"}],"twitter_card":"summary_large_image","twitter_misc":{"Arvioitu lukuaika":"3 minuuttia"},"schema":{"@context":"https:\/\/schema.org","@graph":[{"@type":"WebPage","@id":"https:\/\/narvajoesuu.ee\/fi\/terveysloma\/hoidot\/aikuisille-tarkoitetut-hoidot\/muud-ravid-ja-teenused\/","url":"https:\/\/narvajoesuu.ee\/fi\/terveysloma\/hoidot\/aikuisille-tarkoitetut-hoidot\/muud-ravid-ja-teenused\/","name":"Muut hoidot ja palvelut - MEDICAL SPA NARVA-J\u00d5ESUU","isPartOf":{"@id":"https:\/\/narvajoesuu.ee\/#website"},"datePublished":"2021-03-16T12:52:39+00:00","dateModified":"2025-06-10T06:49:42+00:00","breadcrumb":{"@id":"https:\/\/narvajoesuu.ee\/fi\/terveysloma\/hoidot\/aikuisille-tarkoitetut-hoidot\/muud-ravid-ja-teenused\/#breadcrumb"},"inLanguage":"fi","potentialAction":[{"@type":"ReadAction","target":["https:\/\/narvajoesuu.ee\/fi\/terveysloma\/hoidot\/aikuisille-tarkoitetut-hoidot\/muud-ravid-ja-teenused\/"]}]},{"@type":"BreadcrumbList","@id":"https:\/\/narvajoesuu.ee\/fi\/terveysloma\/hoidot\/aikuisille-tarkoitetut-hoidot\/muud-ravid-ja-teenused\/#breadcrumb","itemListElement":[{"@type":"ListItem","position":1,"name":"Home","item":"https:\/\/narvajoesuu.ee\/fi\/"},{"@type":"ListItem","position":2,"name":"Terveysloma","item":"https:\/\/narvajoesuu.ee\/fi\/terveysloma\/"},{"@type":"ListItem","position":3,"name":"Hoidot","item":"https:\/\/narvajoesuu.ee\/fi\/terveysloma\/hoidot\/"},{"@type":"ListItem","position":4,"name":"Hoidot aikuisille","item":"https:\/\/narvajoesuu.ee\/fi\/terveysloma\/hoidot\/aikuisille-tarkoitetut-hoidot\/"},{"@type":"ListItem","position":5,"name":"Muut hoidot ja palvelut"}]},{"@type":"WebSite","@id":"https:\/\/narvajoesuu.ee\/#website","url":"https:\/\/narvajoesuu.ee\/","name":"MEDICAL SPA NARVA-J\u00d5ESUU","description":"","publisher":{"@id":"https:\/\/narvajoesuu.ee\/#organization"},"potentialAction":[{"@type":"SearchAction","target":{"@type":"EntryPoint","urlTemplate":"https:\/\/narvajoesuu.ee\/?s={search_term_string}"},"query-input":{"@type":"PropertyValueSpecification","valueRequired":true,"valueName":"search_term_string"}}],"inLanguage":"fi"},{"@type":"Organization","@id":"https:\/\/narvajoesuu.ee\/#organization","name":"Narva-J\u00f5esuu Medical SPA","url":"https:\/\/narvajoesuu.ee\/","logo":{"@type":"ImageObject","inLanguage":"fi","@id":"https:\/\/narvajoesuu.ee\/#\/schema\/logo\/image\/","url":"https:\/\/narvajoesuu.ee\/wp-content\/uploads\/2020\/10\/narvajoesuu-logo-small.png","contentUrl":"https:\/\/narvajoesuu.ee\/wp-content\/uploads\/2020\/10\/narvajoesuu-logo-small.png","width":170,"height":170,"caption":"Narva-J\u00f5esuu Medical SPA"},"image":{"@id":"https:\/\/narvajoesuu.ee\/#\/schema\/logo\/image\/"}}]}},"uagb_featured_image_src":{"full":false,"thumbnail":false,"medium":false,"medium_large":false,"large":false,"1536x1536":false,"2048x2048":false,"img-1920x550":false,"img-1920x320":false,"img-1920x200":false,"img-670x480":false,"img-570x280":false,"img-507":false,"img-370x240":false,"img-400x250":false,"img-370x175":false,"img-370x120":false,"img-300":false,"img-170":false},"uagb_author_info":{"display_name":"Darja","author_link":"https:\/\/narvajoesuu.ee\/fi\/author\/darja\/"},"uagb_comment_info":0,"uagb_excerpt":null,"_links":{"self":[{"href":"https:\/\/narvajoesuu.ee\/fi\/wp-json\/wp\/v2\/pages\/10422","targetHints":{"allow":["GET"]}}],"collection":[{"href":"https:\/\/narvajoesuu.ee\/fi\/wp-json\/wp\/v2\/pages"}],"about":[{"href":"https:\/\/narvajoesuu.ee\/fi\/wp-json\/wp\/v2\/types\/page"}],"author":[{"embeddable":true,"href":"https:\/\/narvajoesuu.ee\/fi\/wp-json\/wp\/v2\/users\/2"}],"replies":[{"embeddable":true,"href":"https:\/\/narvajoesuu.ee\/fi\/wp-json\/wp\/v2\/comments?post=10422"}],"version-history":[{"count":21,"href":"https:\/\/narvajoesuu.ee\/fi\/wp-json\/wp\/v2\/pages\/10422\/revisions"}],"predecessor-version":[{"id":20880,"href":"https:\/\/narvajoesuu.ee\/fi\/wp-json\/wp\/v2\/pages\/10422\/revisions\/20880"}],"up":[{"embeddable":true,"href":"https:\/\/narvajoesuu.ee\/fi\/wp-json\/wp\/v2\/pages\/10436"}],"wp:attachment":[{"href":"https:\/\/narvajoesuu.ee\/fi\/wp-json\/wp\/v2\/media?parent=10422"}],"curies":[{"name":"wp","href":"https:\/\/api.w.org\/{rel}","templated":true}]}}