{"id":10420,"date":"2021-03-18T11:42:53","date_gmt":"2021-03-18T09:42:53","guid":{"rendered":"https:\/\/narvajoesuu.ee\/koik-kontaktid\/"},"modified":"2026-02-04T14:29:28","modified_gmt":"2026-02-04T12:29:28","slug":"kaikki-yhteystiedot","status":"publish","type":"page","link":"https:\/\/narvajoesuu.ee\/fi\/hotell\/kaikki-yhteystiedot\/","title":{"rendered":"Kaikki yhteystiedot"},"content":{"rendered":"\n<figure class=\"wp-block-table is-style-regular\"><table><tbody><tr><td><strong>Yhteystiedot Viron asiakkaille:<\/strong><br><em><strong>AS Narva-J\u00f5esuu Sanatoorium<\/strong><\/em><br>Aia 3, 29023 Narva-J\u00f5esuu, EESTI<br>Swedbank<br>IBAN&nbsp;EE182200001120251026<br>SWIFT&nbsp;HABAEE2\u0425<br><strong>Y-tunnus: 10228767<\/strong><br><strong>KMR kood: EE100416714<\/strong><\/td><td><strong>Yhteystiedot ulkomaan asiakkaille:<\/strong><br><strong><em>AS Narva-J\u00f5esuu Sanatoorium<\/em><\/strong><br>Aia 3, 29023 Narva-J\u00f5esuu, EESTI<br>SWEDBANK AS Liivalaia 8, 15040 Tallinn<br>IBAN EE182200001120251026<br>SWIFT HABAEE2X<br>Y-tunnus: 10228767<br>alv-tunnus: EE100416714<\/td><\/tr><tr><td><strong>Hotellin vastaanotto (24h)<\/strong><br>+372 35 99 521<br>+372 53 44 7779<\/td><td><strong>Terveyskeskus ja saunakeskus<\/strong><br>Iga p\u00e4ev&nbsp;9:00-21:00<br>+372 56 91 5042<br>+372 35 99&nbsp;523<br><a href=\"mailto:ilu@narvajoesuu.ee\">ilu@narvajoesuu.ee<\/a><\/td><\/tr><tr><td><strong>Varaus (24h)<\/strong><br>+372 35 99 521<br>+372 53 44 7779<br><a href=\"mailto:info@narvajoesuu.ee\">info@narvajoesuu.ee<\/a><\/td><td><strong><strong>Detox&nbsp;keskus <\/strong><br><\/strong>Iga p\u00e4ev&nbsp;9:00-21:00<br>+372 56 91 5042<br>+372 35 99&nbsp;523<br><a href=\"mailto:ilu@narvajoesuu.ee\">ilu@narvajoesuu.ee<\/a><\/td><\/tr><tr><td><strong>Myyntiavustaja<\/strong><br>Ma-Pe 8:30-16:30<br>+372 58 25 99 19<br>+372 35 99\u00a0529<br><a href=\"mailto:info@narvajoesuu.ee\">sales@narvajoesuu.ee<\/a><\/td><td><strong><strong>Ateriapalvelu<\/strong><br><\/strong>+372 53 031&nbsp;742<br>+372 35 99 526<br><a href=\"mailto:peakokk@narvajoesuu.ee\">peakokk@narvajoesuu.ee<\/a><\/td><\/tr><tr><td><strong>Konferenssikeskus<\/strong><br>Ma-Pe 8:30-16:30<br>+372 58 25 99 19<br>+372 53 44 7779<br>+372 35 99\u00a0529<br><a href=\"mailto:info@narvajoesuu.ee\">sales@narvajoesuu.ee<\/a><\/td><td><strong>Kirjanpito-osasto<img loading=\"lazy\" decoding=\"async\" height=\"16\" width=\"16\" src=\"data:image\/png;base64,iVBORw0KGgoAAAANSUhEUgAAABQAAAAUCAQAAAAngNWGAAABDUlEQVR4AYXRgUZDYRjH4TegFTKgpEqiFJgoWAoMEQGBgBboChaaAKxLKAhAhQqAdAmpBIQolkCFqp2nITvNKXuA7+\/Hhzey5OWjE4Nq3rzY1f9\/NGHPB549492+8Ww060iCS2XdctZdI3GsECmb+HJoIX6x6EgDm+lURTH+YB7V9nAqE5WNme4YKuOiY6iMe6PaQxUUIuTbswgFVNJwA8sO3Bn6yR6bWZMSNtJwDtuWfHpQxaPx9C9zadil7jrCigbq6UXceNIVKTWUIqypm2ytJdTiNyNeXclF6GttOVfeDEc7qzjR23r3OMFqZKng1kw0mXGLrfibHTScOZWgGv9TdC6ROFeMTgwYiIxvJzMRWQbeGZUAAAAASUVORK5CYII=\" alt=\"\u0417\u043d\u0430\u0447\u043e\u043a &quot;\u041f\u0440\u043e\u0432\u0435\u0440\u0435\u043d\u043e \u0441\u043e\u043e\u0431\u0449\u0435\u0441\u0442\u0432\u043e\u043c&quot;\"><\/strong><br>E-R 8:00-16:00<br>+372 35 99 522<br><a href=\"mailto:raamatupidamine@narvajoesuu.ee\">raamatupidamine@narvajoesuu.ee<\/a><\/td><\/tr><\/tbody><\/table><figcaption class=\"wp-element-caption\"><br><\/figcaption><\/figure>\n","protected":false},"excerpt":{"rendered":"<p>Yhteystiedot Viron asiakkaille:AS Narva-J\u00f5esuu SanatooriumAia 3, 29023 Narva-J\u00f5esuu, EESTISwedbankIBAN&nbsp;EE182200001120251026SWIFT&nbsp;HABAEE2\u0425Y-tunnus: 10228767KMR kood: EE100416714 Yhteystiedot ulkomaan asiakkaille:AS Narva-J\u00f5esuu SanatooriumAia 3, 29023 Narva-J\u00f5esuu,&#8230;<\/p>\n","protected":false},"author":2,"featured_media":0,"parent":10729,"menu_order":391,"comment_status":"closed","ping_status":"closed","template":"","meta":{"_acf_changed":false,"_uag_custom_page_level_css":"","_monsterinsights_skip_tracking":false,"_monsterinsights_sitenote_active":false,"_monsterinsights_sitenote_note":"","_monsterinsights_sitenote_category":0,"footnotes":""},"class_list":["post-10420","page","type-page","status-publish","hentry"],"acf":[],"yoast_head":"<!-- This site is optimized with the Yoast SEO plugin v27.3 - https:\/\/yoast.com\/product\/yoast-seo-wordpress\/ -->\n<title>Kaikki yhteystiedot - MEDICAL SPA NARVA-J\u00d5ESUU<\/title>\n<meta name=\"robots\" content=\"index, follow, max-snippet:-1, max-image-preview:large, max-video-preview:-1\" \/>\n<link rel=\"canonical\" href=\"https:\/\/narvajoesuu.ee\/fi\/hotell\/kaikki-yhteystiedot\/\" \/>\n<meta property=\"og:locale\" content=\"fi_FI\" \/>\n<meta property=\"og:type\" content=\"article\" \/>\n<meta property=\"og:title\" content=\"Kaikki yhteystiedot - MEDICAL SPA NARVA-J\u00d5ESUU\" \/>\n<meta property=\"og:description\" content=\"Yhteystiedot Viron asiakkaille:AS Narva-J\u00f5esuu SanatooriumAia 3, 29023 Narva-J\u00f5esuu, EESTISwedbankIBAN&nbsp;EE182200001120251026SWIFT&nbsp;HABAEE2\u0425Y-tunnus: 10228767KMR kood: EE100416714 Yhteystiedot ulkomaan asiakkaille:AS Narva-J\u00f5esuu SanatooriumAia 3, 29023 Narva-J\u00f5esuu,...\" \/>\n<meta property=\"og:url\" content=\"https:\/\/narvajoesuu.ee\/fi\/hotell\/kaikki-yhteystiedot\/\" \/>\n<meta property=\"og:site_name\" content=\"MEDICAL SPA NARVA-J\u00d5ESUU\" \/>\n<meta property=\"article:modified_time\" content=\"2026-02-04T12:29:28+00:00\" \/>\n<meta property=\"og:image\" content=\"https:\/\/narvajoesuu.ee\/wp-content\/uploads\/2021\/12\/Maja-pilt.png\" \/>\n\t<meta property=\"og:image:width\" content=\"1200\" \/>\n\t<meta property=\"og:image:height\" content=\"630\" \/>\n\t<meta property=\"og:image:type\" content=\"image\/png\" \/>\n<meta name=\"twitter:card\" content=\"summary_large_image\" \/>\n<meta name=\"twitter:label1\" content=\"Arvioitu lukuaika\" \/>\n\t<meta name=\"twitter:data1\" content=\"1 minuutti\" \/>\n<script type=\"application\/ld+json\" class=\"yoast-schema-graph\">{\"@context\":\"https:\\\/\\\/schema.org\",\"@graph\":[{\"@type\":\"WebPage\",\"@id\":\"https:\\\/\\\/narvajoesuu.ee\\\/fi\\\/hotell\\\/kaikki-yhteystiedot\\\/\",\"url\":\"https:\\\/\\\/narvajoesuu.ee\\\/fi\\\/hotell\\\/kaikki-yhteystiedot\\\/\",\"name\":\"Kaikki yhteystiedot - MEDICAL SPA NARVA-J\u00d5ESUU\",\"isPartOf\":{\"@id\":\"https:\\\/\\\/narvajoesuu.ee\\\/#website\"},\"datePublished\":\"2021-03-18T09:42:53+00:00\",\"dateModified\":\"2026-02-04T12:29:28+00:00\",\"breadcrumb\":{\"@id\":\"https:\\\/\\\/narvajoesuu.ee\\\/fi\\\/hotell\\\/kaikki-yhteystiedot\\\/#breadcrumb\"},\"inLanguage\":\"fi\",\"potentialAction\":[{\"@type\":\"ReadAction\",\"target\":[\"https:\\\/\\\/narvajoesuu.ee\\\/fi\\\/hotell\\\/kaikki-yhteystiedot\\\/\"]}]},{\"@type\":\"BreadcrumbList\",\"@id\":\"https:\\\/\\\/narvajoesuu.ee\\\/fi\\\/hotell\\\/kaikki-yhteystiedot\\\/#breadcrumb\",\"itemListElement\":[{\"@type\":\"ListItem\",\"position\":1,\"name\":\"Home\",\"item\":\"https:\\\/\\\/narvajoesuu.ee\\\/fi\\\/\"},{\"@type\":\"ListItem\",\"position\":2,\"name\":\"Hotell\",\"item\":\"https:\\\/\\\/narvajoesuu.ee\\\/fi\\\/hotell\\\/\"},{\"@type\":\"ListItem\",\"position\":3,\"name\":\"Kaikki yhteystiedot\"}]},{\"@type\":\"WebSite\",\"@id\":\"https:\\\/\\\/narvajoesuu.ee\\\/#website\",\"url\":\"https:\\\/\\\/narvajoesuu.ee\\\/\",\"name\":\"MEDICAL SPA NARVA-J\u00d5ESUU\",\"description\":\"\",\"publisher\":{\"@id\":\"https:\\\/\\\/narvajoesuu.ee\\\/#organization\"},\"potentialAction\":[{\"@type\":\"SearchAction\",\"target\":{\"@type\":\"EntryPoint\",\"urlTemplate\":\"https:\\\/\\\/narvajoesuu.ee\\\/?s={search_term_string}\"},\"query-input\":{\"@type\":\"PropertyValueSpecification\",\"valueRequired\":true,\"valueName\":\"search_term_string\"}}],\"inLanguage\":\"fi\"},{\"@type\":\"Organization\",\"@id\":\"https:\\\/\\\/narvajoesuu.ee\\\/#organization\",\"name\":\"Narva-J\u00f5esuu Medical SPA\",\"url\":\"https:\\\/\\\/narvajoesuu.ee\\\/\",\"logo\":{\"@type\":\"ImageObject\",\"inLanguage\":\"fi\",\"@id\":\"https:\\\/\\\/narvajoesuu.ee\\\/#\\\/schema\\\/logo\\\/image\\\/\",\"url\":\"https:\\\/\\\/narvajoesuu.ee\\\/wp-content\\\/uploads\\\/2020\\\/10\\\/narvajoesuu-logo-small.png\",\"contentUrl\":\"https:\\\/\\\/narvajoesuu.ee\\\/wp-content\\\/uploads\\\/2020\\\/10\\\/narvajoesuu-logo-small.png\",\"width\":170,\"height\":170,\"caption\":\"Narva-J\u00f5esuu Medical SPA\"},\"image\":{\"@id\":\"https:\\\/\\\/narvajoesuu.ee\\\/#\\\/schema\\\/logo\\\/image\\\/\"}}]}<\/script>\n<!-- \/ Yoast SEO plugin. -->","yoast_head_json":{"title":"Kaikki yhteystiedot - MEDICAL SPA NARVA-J\u00d5ESUU","robots":{"index":"index","follow":"follow","max-snippet":"max-snippet:-1","max-image-preview":"max-image-preview:large","max-video-preview":"max-video-preview:-1"},"canonical":"https:\/\/narvajoesuu.ee\/fi\/hotell\/kaikki-yhteystiedot\/","og_locale":"fi_FI","og_type":"article","og_title":"Kaikki yhteystiedot - MEDICAL SPA NARVA-J\u00d5ESUU","og_description":"Yhteystiedot Viron asiakkaille:AS Narva-J\u00f5esuu SanatooriumAia 3, 29023 Narva-J\u00f5esuu, EESTISwedbankIBAN&nbsp;EE182200001120251026SWIFT&nbsp;HABAEE2\u0425Y-tunnus: 10228767KMR kood: EE100416714 Yhteystiedot ulkomaan asiakkaille:AS Narva-J\u00f5esuu SanatooriumAia 3, 29023 Narva-J\u00f5esuu,...","og_url":"https:\/\/narvajoesuu.ee\/fi\/hotell\/kaikki-yhteystiedot\/","og_site_name":"MEDICAL SPA NARVA-J\u00d5ESUU","article_modified_time":"2026-02-04T12:29:28+00:00","og_image":[{"width":1200,"height":630,"url":"https:\/\/narvajoesuu.ee\/wp-content\/uploads\/2021\/12\/Maja-pilt.png","type":"image\/png"}],"twitter_card":"summary_large_image","twitter_misc":{"Arvioitu lukuaika":"1 minuutti"},"schema":{"@context":"https:\/\/schema.org","@graph":[{"@type":"WebPage","@id":"https:\/\/narvajoesuu.ee\/fi\/hotell\/kaikki-yhteystiedot\/","url":"https:\/\/narvajoesuu.ee\/fi\/hotell\/kaikki-yhteystiedot\/","name":"Kaikki yhteystiedot - MEDICAL SPA NARVA-J\u00d5ESUU","isPartOf":{"@id":"https:\/\/narvajoesuu.ee\/#website"},"datePublished":"2021-03-18T09:42:53+00:00","dateModified":"2026-02-04T12:29:28+00:00","breadcrumb":{"@id":"https:\/\/narvajoesuu.ee\/fi\/hotell\/kaikki-yhteystiedot\/#breadcrumb"},"inLanguage":"fi","potentialAction":[{"@type":"ReadAction","target":["https:\/\/narvajoesuu.ee\/fi\/hotell\/kaikki-yhteystiedot\/"]}]},{"@type":"BreadcrumbList","@id":"https:\/\/narvajoesuu.ee\/fi\/hotell\/kaikki-yhteystiedot\/#breadcrumb","itemListElement":[{"@type":"ListItem","position":1,"name":"Home","item":"https:\/\/narvajoesuu.ee\/fi\/"},{"@type":"ListItem","position":2,"name":"Hotell","item":"https:\/\/narvajoesuu.ee\/fi\/hotell\/"},{"@type":"ListItem","position":3,"name":"Kaikki yhteystiedot"}]},{"@type":"WebSite","@id":"https:\/\/narvajoesuu.ee\/#website","url":"https:\/\/narvajoesuu.ee\/","name":"MEDICAL SPA NARVA-J\u00d5ESUU","description":"","publisher":{"@id":"https:\/\/narvajoesuu.ee\/#organization"},"potentialAction":[{"@type":"SearchAction","target":{"@type":"EntryPoint","urlTemplate":"https:\/\/narvajoesuu.ee\/?s={search_term_string}"},"query-input":{"@type":"PropertyValueSpecification","valueRequired":true,"valueName":"search_term_string"}}],"inLanguage":"fi"},{"@type":"Organization","@id":"https:\/\/narvajoesuu.ee\/#organization","name":"Narva-J\u00f5esuu Medical SPA","url":"https:\/\/narvajoesuu.ee\/","logo":{"@type":"ImageObject","inLanguage":"fi","@id":"https:\/\/narvajoesuu.ee\/#\/schema\/logo\/image\/","url":"https:\/\/narvajoesuu.ee\/wp-content\/uploads\/2020\/10\/narvajoesuu-logo-small.png","contentUrl":"https:\/\/narvajoesuu.ee\/wp-content\/uploads\/2020\/10\/narvajoesuu-logo-small.png","width":170,"height":170,"caption":"Narva-J\u00f5esuu Medical SPA"},"image":{"@id":"https:\/\/narvajoesuu.ee\/#\/schema\/logo\/image\/"}}]}},"uagb_featured_image_src":{"full":false,"thumbnail":false,"medium":false,"medium_large":false,"large":false,"1536x1536":false,"2048x2048":false,"img-1920x550":false,"img-1920x320":false,"img-1920x200":false,"img-670x480":false,"img-570x280":false,"img-507":false,"img-370x240":false,"img-400x250":false,"img-370x175":false,"img-370x120":false,"img-300":false,"img-170":false},"uagb_author_info":{"display_name":"Darja","author_link":"https:\/\/narvajoesuu.ee\/fi\/author\/darja\/"},"uagb_comment_info":0,"uagb_excerpt":"Yhteystiedot Viron asiakkaille:AS Narva-J\u00f5esuu SanatooriumAia 3, 29023 Narva-J\u00f5esuu, EESTISwedbankIBAN&nbsp;EE182200001120251026SWIFT&nbsp;HABAEE2\u0425Y-tunnus: 10228767KMR kood: EE100416714 Yhteystiedot ulkomaan asiakkaille:AS Narva-J\u00f5esuu SanatooriumAia 3, 29023 Narva-J\u00f5esuu,...","_links":{"self":[{"href":"https:\/\/narvajoesuu.ee\/fi\/wp-json\/wp\/v2\/pages\/10420","targetHints":{"allow":["GET"]}}],"collection":[{"href":"https:\/\/narvajoesuu.ee\/fi\/wp-json\/wp\/v2\/pages"}],"about":[{"href":"https:\/\/narvajoesuu.ee\/fi\/wp-json\/wp\/v2\/types\/page"}],"author":[{"embeddable":true,"href":"https:\/\/narvajoesuu.ee\/fi\/wp-json\/wp\/v2\/users\/2"}],"replies":[{"embeddable":true,"href":"https:\/\/narvajoesuu.ee\/fi\/wp-json\/wp\/v2\/comments?post=10420"}],"version-history":[{"count":7,"href":"https:\/\/narvajoesuu.ee\/fi\/wp-json\/wp\/v2\/pages\/10420\/revisions"}],"predecessor-version":[{"id":23513,"href":"https:\/\/narvajoesuu.ee\/fi\/wp-json\/wp\/v2\/pages\/10420\/revisions\/23513"}],"up":[{"embeddable":true,"href":"https:\/\/narvajoesuu.ee\/fi\/wp-json\/wp\/v2\/pages\/10729"}],"wp:attachment":[{"href":"https:\/\/narvajoesuu.ee\/fi\/wp-json\/wp\/v2\/media?parent=10420"}],"curies":[{"name":"wp","href":"https:\/\/api.w.org\/{rel}","templated":true}]}}