{"id":10392,"date":"2021-03-19T17:00:56","date_gmt":"2021-03-19T15:00:56","guid":{"rendered":"https:\/\/narvajoesuu.ee\/kohvipausid\/"},"modified":"2026-01-30T14:23:56","modified_gmt":"2026-01-30T12:23:56","slug":"kahvitauot","status":"publish","type":"page","link":"https:\/\/narvajoesuu.ee\/fi\/konferenssikeskus\/kahvitauot\/","title":{"rendered":"Kahvitauot"},"content":{"rendered":"\n<p class=\"wp-el\">Kahvitauot konferenssin aikana on hyv\u00e4 mahdollisuus virkisty\u00e4 ja rentoutua ty\u00f6st\u00e4 aiheutuneista j\u00e4nnitteist\u00e4.<\/p>\n\n\n<div class=\"b-block pad-top-30 pad-bottom-20\"><div class=\"p-txtmedia b-part container\"><div id=\"tm69f9a06d705da\" class=\"p-txtmedia__media swiper-container\"><div class=\"p-txtmedia__media-wrapper swiper-wrapper\"><a class=\"p-txtmedia__link swiper-slide\" href=\"https:\/\/narvajoesuu.ee\/wp-content\/uploads\/2026\/01\/e8bd8292-8fd8-4873-8938-53d36f5f0dae-2.png\"><img loading=\"lazy\" decoding=\"async\" width=\"507\" height=\"507\" src=\"https:\/\/narvajoesuu.ee\/wp-content\/uploads\/2026\/01\/e8bd8292-8fd8-4873-8938-53d36f5f0dae-2-507x507.png\" class=\"p-txtmedia__media-image\" alt=\"\" srcset=\"https:\/\/narvajoesuu.ee\/wp-content\/uploads\/2026\/01\/e8bd8292-8fd8-4873-8938-53d36f5f0dae-2-507x507.png 507w, https:\/\/narvajoesuu.ee\/wp-content\/uploads\/2026\/01\/e8bd8292-8fd8-4873-8938-53d36f5f0dae-2-150x150.png 150w, https:\/\/narvajoesuu.ee\/wp-content\/uploads\/2026\/01\/e8bd8292-8fd8-4873-8938-53d36f5f0dae-2-300x300.png 300w, https:\/\/narvajoesuu.ee\/wp-content\/uploads\/2026\/01\/e8bd8292-8fd8-4873-8938-53d36f5f0dae-2-170x170.png 170w\" sizes=\"auto, (max-width: 507px) 100vw, 507px\" \/><\/a><a class=\"p-txtmedia__link swiper-slide\" href=\"https:\/\/narvajoesuu.ee\/wp-content\/uploads\/2026\/01\/29d21559-5ae7-4544-87e3-cd989ff1d600-3.png\"><img loading=\"lazy\" decoding=\"async\" width=\"507\" height=\"507\" src=\"https:\/\/narvajoesuu.ee\/wp-content\/uploads\/2026\/01\/29d21559-5ae7-4544-87e3-cd989ff1d600-3-507x507.png\" class=\"p-txtmedia__media-image\" alt=\"\" srcset=\"https:\/\/narvajoesuu.ee\/wp-content\/uploads\/2026\/01\/29d21559-5ae7-4544-87e3-cd989ff1d600-3-507x507.png 507w, https:\/\/narvajoesuu.ee\/wp-content\/uploads\/2026\/01\/29d21559-5ae7-4544-87e3-cd989ff1d600-3-150x150.png 150w, https:\/\/narvajoesuu.ee\/wp-content\/uploads\/2026\/01\/29d21559-5ae7-4544-87e3-cd989ff1d600-3-300x300.png 300w, https:\/\/narvajoesuu.ee\/wp-content\/uploads\/2026\/01\/29d21559-5ae7-4544-87e3-cd989ff1d600-3-170x170.png 170w\" sizes=\"auto, (max-width: 507px) 100vw, 507px\" \/><\/a><a class=\"p-txtmedia__link swiper-slide\" href=\"https:\/\/narvajoesuu.ee\/wp-content\/uploads\/2026\/01\/photo_2026-01-30_13-15-39-2.jpg\"><img loading=\"lazy\" decoding=\"async\" width=\"507\" height=\"507\" src=\"https:\/\/narvajoesuu.ee\/wp-content\/uploads\/2026\/01\/photo_2026-01-30_13-15-39-2-507x507.jpg\" class=\"p-txtmedia__media-image\" alt=\"\" srcset=\"https:\/\/narvajoesuu.ee\/wp-content\/uploads\/2026\/01\/photo_2026-01-30_13-15-39-2-507x507.jpg 507w, https:\/\/narvajoesuu.ee\/wp-content\/uploads\/2026\/01\/photo_2026-01-30_13-15-39-2-150x150.jpg 150w, https:\/\/narvajoesuu.ee\/wp-content\/uploads\/2026\/01\/photo_2026-01-30_13-15-39-2-300x300.jpg 300w, https:\/\/narvajoesuu.ee\/wp-content\/uploads\/2026\/01\/photo_2026-01-30_13-15-39-2-170x170.jpg 170w\" sizes=\"auto, (max-width: 507px) 100vw, 507px\" \/><\/a><\/div><div id=\"tm69f9a06d705dap\" class=\"p-txtmedia__prev swiper-prev-sm\"><\/div><div id=\"tm69f9a06d705dan\" class=\"p-txtmedia__next swiper-next-sm\"><\/div><\/div><div class=\"p-txtmedia__content editor-content p-txtmedia__content--regular\"><h3 class=\"p-txtmedia__title\">Kahvitauot on tilattava etuk\u00e4teen<\/h3><div class=\"p-txtmedia__text\"><ul>\n<li>Hinnat on laskettu per henkil\u00f6.<\/li>\n<li>Minimitilaus viidelle henkil\u00f6lle.<\/li>\n<li>Tilaukseen voi tehd\u00e4 muutoksia viimeist\u00e4\u00e4n kolme ty\u00f6p\u00e4iv\u00e4\u00e4 ennen tilaisuuden ajankohtaa.<\/li>\n<\/ul>\n<\/div><\/div><\/div><\/div>\n\n\n<figure class=\"wp-block-table is-style-stripes\"><table class=\"has-fixed-layout\"><tbody><tr><td><strong>Kahvitauko 1<\/strong><\/td><td>Tee, kahvi, kerma, sokeri, sitruuna, vesi<\/td><td><em>3 \u20ac<\/em><\/td><\/tr><tr><td><strong><strong>Kahvitauko 2<\/strong><\/strong><\/td><td>Tee, kahvi, kerma, sokeri, sitruuna, vesi keksit 60 gr<\/td><td><em>4.50 \u20ac<\/em><\/td><\/tr><tr><td><strong>Kahvitauko 3<\/strong><\/td><td>Tee, kahvi, kerma, sokeri, sitruuna, vesi, sesongin hedelm\u00e4- tai vihannesvalikko kastikkeella 50 gr<\/td><td><em>6 \u20ac<\/em><\/td><\/tr><tr><td><strong><strong>Kahvitauko 4<\/strong><\/strong><\/td><td>Tee, kahvi, kerma, sokeri, sitruuna, vesi, makea pulla (1 kpl) tai v\u00e4lipala lihasalaatilla (1 kpl)<\/td><td><em>6 \u20ac<\/em><\/td><\/tr><tr><td><strong>Kahvitauko 5<\/strong><\/td><td>Tee, kahvi, kerma, sokeri, sitruuna, vesi, voileip\u00e4 lohella ja tuorejuustolla tai kinkulla ja kurkulla<\/td><td><em>7 \u20ac<\/em><\/td><\/tr><\/tbody><\/table><\/figure>\n\n\n<div class=\"b-block pad-top-0 pad-bottom-20\"><div class=\"p-emphasis b-part container-p0 p-emphasis--info\"><p><strong>Lis\u00e4tiedot ja varaukset:<\/strong><br \/>\nMa-Pe 8.30-16.30<br \/>\nPuhelin: +372 53 44 7779<br \/>\nS\u00e4hk\u00f6posti: info@narvajoesuu.ee<\/p>\n<\/div><\/div>","protected":false},"excerpt":{"rendered":"<p>Kahvitauot konferenssin aikana on hyv\u00e4 mahdollisuus virkisty\u00e4 ja rentoutua ty\u00f6st\u00e4 aiheutuneista j\u00e4nnitteist\u00e4. Kahvitauko 1 Tee, kahvi, kerma, sokeri, sitruuna, vesi&#8230;<\/p>\n","protected":false},"author":2,"featured_media":0,"parent":10711,"menu_order":611,"comment_status":"closed","ping_status":"closed","template":"","meta":{"_acf_changed":false,"_uag_custom_page_level_css":"","_monsterinsights_skip_tracking":false,"_monsterinsights_sitenote_active":false,"_monsterinsights_sitenote_note":"","_monsterinsights_sitenote_category":0,"footnotes":""},"class_list":["post-10392","page","type-page","status-publish","hentry"],"acf":[],"yoast_head":"<!-- This site is optimized with the Yoast SEO plugin v27.5 - https:\/\/yoast.com\/product\/yoast-seo-wordpress\/ -->\n<title>Kahvitauot - MEDICAL SPA NARVA-J\u00d5ESUU<\/title>\n<meta name=\"robots\" content=\"index, follow, max-snippet:-1, max-image-preview:large, max-video-preview:-1\" \/>\n<link rel=\"canonical\" href=\"https:\/\/narvajoesuu.ee\/fi\/konferenssikeskus\/kahvitauot\/\" \/>\n<meta property=\"og:locale\" content=\"fi_FI\" \/>\n<meta property=\"og:type\" content=\"article\" \/>\n<meta property=\"og:title\" content=\"Kahvitauot - MEDICAL SPA NARVA-J\u00d5ESUU\" \/>\n<meta property=\"og:description\" content=\"Kahvitauot konferenssin aikana on hyv\u00e4 mahdollisuus virkisty\u00e4 ja rentoutua ty\u00f6st\u00e4 aiheutuneista j\u00e4nnitteist\u00e4. Kahvitauko 1 Tee, kahvi, kerma, sokeri, sitruuna, vesi...\" \/>\n<meta property=\"og:url\" content=\"https:\/\/narvajoesuu.ee\/fi\/konferenssikeskus\/kahvitauot\/\" \/>\n<meta property=\"og:site_name\" content=\"MEDICAL SPA NARVA-J\u00d5ESUU\" \/>\n<meta property=\"article:modified_time\" content=\"2026-01-30T12:23:56+00:00\" \/>\n<meta property=\"og:image\" content=\"https:\/\/narvajoesuu.ee\/wp-content\/uploads\/2021\/12\/Maja-pilt.png\" \/>\n\t<meta property=\"og:image:width\" content=\"1200\" \/>\n\t<meta property=\"og:image:height\" content=\"630\" \/>\n\t<meta property=\"og:image:type\" content=\"image\/png\" \/>\n<meta name=\"twitter:card\" content=\"summary_large_image\" \/>\n<meta name=\"twitter:label1\" content=\"Arvioitu lukuaika\" \/>\n\t<meta name=\"twitter:data1\" content=\"1 minuutti\" \/>\n<script type=\"application\/ld+json\" class=\"yoast-schema-graph\">{\"@context\":\"https:\\\/\\\/schema.org\",\"@graph\":[{\"@type\":\"WebPage\",\"@id\":\"https:\\\/\\\/narvajoesuu.ee\\\/fi\\\/konferenssikeskus\\\/kahvitauot\\\/\",\"url\":\"https:\\\/\\\/narvajoesuu.ee\\\/fi\\\/konferenssikeskus\\\/kahvitauot\\\/\",\"name\":\"Kahvitauot - MEDICAL SPA NARVA-J\u00d5ESUU\",\"isPartOf\":{\"@id\":\"https:\\\/\\\/narvajoesuu.ee\\\/#website\"},\"datePublished\":\"2021-03-19T15:00:56+00:00\",\"dateModified\":\"2026-01-30T12:23:56+00:00\",\"breadcrumb\":{\"@id\":\"https:\\\/\\\/narvajoesuu.ee\\\/fi\\\/konferenssikeskus\\\/kahvitauot\\\/#breadcrumb\"},\"inLanguage\":\"fi\",\"potentialAction\":[{\"@type\":\"ReadAction\",\"target\":[\"https:\\\/\\\/narvajoesuu.ee\\\/fi\\\/konferenssikeskus\\\/kahvitauot\\\/\"]}]},{\"@type\":\"BreadcrumbList\",\"@id\":\"https:\\\/\\\/narvajoesuu.ee\\\/fi\\\/konferenssikeskus\\\/kahvitauot\\\/#breadcrumb\",\"itemListElement\":[{\"@type\":\"ListItem\",\"position\":1,\"name\":\"Home\",\"item\":\"https:\\\/\\\/narvajoesuu.ee\\\/fi\\\/\"},{\"@type\":\"ListItem\",\"position\":2,\"name\":\"Konferenssikeskus\",\"item\":\"https:\\\/\\\/narvajoesuu.ee\\\/fi\\\/konferenssikeskus\\\/\"},{\"@type\":\"ListItem\",\"position\":3,\"name\":\"Kahvitauot\"}]},{\"@type\":\"WebSite\",\"@id\":\"https:\\\/\\\/narvajoesuu.ee\\\/#website\",\"url\":\"https:\\\/\\\/narvajoesuu.ee\\\/\",\"name\":\"MEDICAL SPA NARVA-J\u00d5ESUU\",\"description\":\"\",\"publisher\":{\"@id\":\"https:\\\/\\\/narvajoesuu.ee\\\/#organization\"},\"potentialAction\":[{\"@type\":\"SearchAction\",\"target\":{\"@type\":\"EntryPoint\",\"urlTemplate\":\"https:\\\/\\\/narvajoesuu.ee\\\/?s={search_term_string}\"},\"query-input\":{\"@type\":\"PropertyValueSpecification\",\"valueRequired\":true,\"valueName\":\"search_term_string\"}}],\"inLanguage\":\"fi\"},{\"@type\":\"Organization\",\"@id\":\"https:\\\/\\\/narvajoesuu.ee\\\/#organization\",\"name\":\"Narva-J\u00f5esuu Medical SPA\",\"url\":\"https:\\\/\\\/narvajoesuu.ee\\\/\",\"logo\":{\"@type\":\"ImageObject\",\"inLanguage\":\"fi\",\"@id\":\"https:\\\/\\\/narvajoesuu.ee\\\/#\\\/schema\\\/logo\\\/image\\\/\",\"url\":\"https:\\\/\\\/narvajoesuu.ee\\\/wp-content\\\/uploads\\\/2020\\\/10\\\/narvajoesuu-logo-small.png\",\"contentUrl\":\"https:\\\/\\\/narvajoesuu.ee\\\/wp-content\\\/uploads\\\/2020\\\/10\\\/narvajoesuu-logo-small.png\",\"width\":170,\"height\":170,\"caption\":\"Narva-J\u00f5esuu Medical SPA\"},\"image\":{\"@id\":\"https:\\\/\\\/narvajoesuu.ee\\\/#\\\/schema\\\/logo\\\/image\\\/\"}}]}<\/script>\n<!-- \/ Yoast SEO plugin. -->","yoast_head_json":{"title":"Kahvitauot - MEDICAL SPA NARVA-J\u00d5ESUU","robots":{"index":"index","follow":"follow","max-snippet":"max-snippet:-1","max-image-preview":"max-image-preview:large","max-video-preview":"max-video-preview:-1"},"canonical":"https:\/\/narvajoesuu.ee\/fi\/konferenssikeskus\/kahvitauot\/","og_locale":"fi_FI","og_type":"article","og_title":"Kahvitauot - MEDICAL SPA NARVA-J\u00d5ESUU","og_description":"Kahvitauot konferenssin aikana on hyv\u00e4 mahdollisuus virkisty\u00e4 ja rentoutua ty\u00f6st\u00e4 aiheutuneista j\u00e4nnitteist\u00e4. Kahvitauko 1 Tee, kahvi, kerma, sokeri, sitruuna, vesi...","og_url":"https:\/\/narvajoesuu.ee\/fi\/konferenssikeskus\/kahvitauot\/","og_site_name":"MEDICAL SPA NARVA-J\u00d5ESUU","article_modified_time":"2026-01-30T12:23:56+00:00","og_image":[{"width":1200,"height":630,"url":"https:\/\/narvajoesuu.ee\/wp-content\/uploads\/2021\/12\/Maja-pilt.png","type":"image\/png"}],"twitter_card":"summary_large_image","twitter_misc":{"Arvioitu lukuaika":"1 minuutti"},"schema":{"@context":"https:\/\/schema.org","@graph":[{"@type":"WebPage","@id":"https:\/\/narvajoesuu.ee\/fi\/konferenssikeskus\/kahvitauot\/","url":"https:\/\/narvajoesuu.ee\/fi\/konferenssikeskus\/kahvitauot\/","name":"Kahvitauot - MEDICAL SPA NARVA-J\u00d5ESUU","isPartOf":{"@id":"https:\/\/narvajoesuu.ee\/#website"},"datePublished":"2021-03-19T15:00:56+00:00","dateModified":"2026-01-30T12:23:56+00:00","breadcrumb":{"@id":"https:\/\/narvajoesuu.ee\/fi\/konferenssikeskus\/kahvitauot\/#breadcrumb"},"inLanguage":"fi","potentialAction":[{"@type":"ReadAction","target":["https:\/\/narvajoesuu.ee\/fi\/konferenssikeskus\/kahvitauot\/"]}]},{"@type":"BreadcrumbList","@id":"https:\/\/narvajoesuu.ee\/fi\/konferenssikeskus\/kahvitauot\/#breadcrumb","itemListElement":[{"@type":"ListItem","position":1,"name":"Home","item":"https:\/\/narvajoesuu.ee\/fi\/"},{"@type":"ListItem","position":2,"name":"Konferenssikeskus","item":"https:\/\/narvajoesuu.ee\/fi\/konferenssikeskus\/"},{"@type":"ListItem","position":3,"name":"Kahvitauot"}]},{"@type":"WebSite","@id":"https:\/\/narvajoesuu.ee\/#website","url":"https:\/\/narvajoesuu.ee\/","name":"MEDICAL SPA NARVA-J\u00d5ESUU","description":"","publisher":{"@id":"https:\/\/narvajoesuu.ee\/#organization"},"potentialAction":[{"@type":"SearchAction","target":{"@type":"EntryPoint","urlTemplate":"https:\/\/narvajoesuu.ee\/?s={search_term_string}"},"query-input":{"@type":"PropertyValueSpecification","valueRequired":true,"valueName":"search_term_string"}}],"inLanguage":"fi"},{"@type":"Organization","@id":"https:\/\/narvajoesuu.ee\/#organization","name":"Narva-J\u00f5esuu Medical SPA","url":"https:\/\/narvajoesuu.ee\/","logo":{"@type":"ImageObject","inLanguage":"fi","@id":"https:\/\/narvajoesuu.ee\/#\/schema\/logo\/image\/","url":"https:\/\/narvajoesuu.ee\/wp-content\/uploads\/2020\/10\/narvajoesuu-logo-small.png","contentUrl":"https:\/\/narvajoesuu.ee\/wp-content\/uploads\/2020\/10\/narvajoesuu-logo-small.png","width":170,"height":170,"caption":"Narva-J\u00f5esuu Medical SPA"},"image":{"@id":"https:\/\/narvajoesuu.ee\/#\/schema\/logo\/image\/"}}]}},"uagb_featured_image_src":{"full":false,"thumbnail":false,"medium":false,"medium_large":false,"large":false,"1536x1536":false,"2048x2048":false,"img-1920x550":false,"img-1920x320":false,"img-1920x200":false,"img-670x480":false,"img-570x280":false,"img-507":false,"img-370x240":false,"img-400x250":false,"img-370x175":false,"img-370x120":false,"img-300":false,"img-170":false},"uagb_author_info":{"display_name":"Darja","author_link":"https:\/\/narvajoesuu.ee\/fi\/author\/darja\/"},"uagb_comment_info":0,"uagb_excerpt":"Kahvitauot konferenssin aikana on hyv\u00e4 mahdollisuus virkisty\u00e4 ja rentoutua ty\u00f6st\u00e4 aiheutuneista j\u00e4nnitteist\u00e4. Kahvitauko 1 Tee, kahvi, kerma, sokeri, sitruuna, vesi...","_links":{"self":[{"href":"https:\/\/narvajoesuu.ee\/fi\/wp-json\/wp\/v2\/pages\/10392","targetHints":{"allow":["GET"]}}],"collection":[{"href":"https:\/\/narvajoesuu.ee\/fi\/wp-json\/wp\/v2\/pages"}],"about":[{"href":"https:\/\/narvajoesuu.ee\/fi\/wp-json\/wp\/v2\/types\/page"}],"author":[{"embeddable":true,"href":"https:\/\/narvajoesuu.ee\/fi\/wp-json\/wp\/v2\/users\/2"}],"replies":[{"embeddable":true,"href":"https:\/\/narvajoesuu.ee\/fi\/wp-json\/wp\/v2\/comments?post=10392"}],"version-history":[{"count":8,"href":"https:\/\/narvajoesuu.ee\/fi\/wp-json\/wp\/v2\/pages\/10392\/revisions"}],"predecessor-version":[{"id":23463,"href":"https:\/\/narvajoesuu.ee\/fi\/wp-json\/wp\/v2\/pages\/10392\/revisions\/23463"}],"up":[{"embeddable":true,"href":"https:\/\/narvajoesuu.ee\/fi\/wp-json\/wp\/v2\/pages\/10711"}],"wp:attachment":[{"href":"https:\/\/narvajoesuu.ee\/fi\/wp-json\/wp\/v2\/media?parent=10392"}],"curies":[{"name":"wp","href":"https:\/\/api.w.org\/{rel}","templated":true}]}}