{"id":10367,"date":"2021-03-29T11:56:12","date_gmt":"2021-03-29T08:56:12","guid":{"rendered":"https:\/\/narvajoesuu.ee\/detox-keskuse-programmid\/"},"modified":"2026-03-24T15:14:18","modified_gmt":"2026-03-24T13:14:18","slug":"detox-ohjelmat","status":"publish","type":"page","link":"https:\/\/narvajoesuu.ee\/fi\/detox-keskus\/detox-ohjelmat\/","title":{"rendered":"DETOX ja painonpudotuskeskus"},"content":{"rendered":"\n<p class=\"wp-el\">Jotta voisit tuntea olosi kevyemm\u00e4ksi, sinun ei tarvitse n\u00e4hd\u00e4 n\u00e4lk\u00e4\u00e4. Meill\u00e4 voit p\u00e4\u00e4st\u00e4 eroon ylim\u00e4\u00e4r\u00e4isist\u00e4 kiloista ja stressist\u00e4 maukkaasti ja miellytt\u00e4v\u00e4sti. Tarjoamme gourmet-tasoisia ruokia, jotka tukevat terveytt\u00e4si ja hyvinvointiasi. Detox- ja antistressikeskuksessamme k\u00e4yt\u00e4mme erityisi\u00e4 erikoismenuja, joissa raaka-aineiden korkea laatu ja nautinnolliset makuel\u00e4mykset ovat syy siihen, miksi asiakkaat palaavat luoksemme yh\u00e4 uudelleen.<\/p>\n\n\n\n<p class=\"wp-el\">Valikoimassamme on sek\u00e4 <strong>DETOX<\/strong> eli ruokavalioon perustuva paasto ett\u00e4 <strong>Fitlap-menu.<\/strong><\/p>\n\n\n\n<p class=\"wp-el\">Ravitsemusterapeutin erityisesti Narva-J\u00f5esuu Medical SPA:lle laatima<a href=\"https:\/\/narvajoesuu.ee\/fi\/detox-keskus\/ruokailu\/detox-ruokailujarjestelma\/\" type=\"link\" id=\"https:\/\/narvajoesuu.ee\/fi\/detox-keskus\/ruokailu\/detox-ruokailujarjestelma\/\"> DETOX-menu <\/a>on runsas vitamiinien, kivenn\u00e4isaineiden, antioksidanttien ja hy\u00f6dyllisten rasvojen l\u00e4hde. Jokainen annos on huolellisesti suunniteltu tukemaan maksan toimintaa, parantamaan ruoansulatusta sek\u00e4 auttamaan kehon luonnollisia puhdistusprosesseja toimimaan tasapainoisemmin ja tehokkaammin.<\/p>\n\n\n\n<p class=\"wp-el\"><a href=\"https:\/\/narvajoesuu.ee\/fi\/detox-keskus\/ruokailu\/dieet-ruokailujarjestelma\/\" type=\"link\" id=\"https:\/\/narvajoesuu.ee\/fi\/detox-keskus\/ruokailu\/dieet-ruokailujarjestelma\/\">Fitlap<\/a> on kokonaisvaltainen ravinto-ohjelma, joka auttaa luomaan pysyvi\u00e4 ja terveellisi\u00e4 ruokailutottumuksia. Se tarjoaa monipuolisen, maukkaan ja joustavan menun, joka perustuu tasapainoisen ruokavalion periaatteisiin. Fitlapin l\u00e4hestymistapa auttaa ymm\u00e4rt\u00e4m\u00e4\u00e4n, ett\u00e4 terveellinen ruokavalio ei ole v\u00e4liaikainen dieetti, vaan el\u00e4m\u00e4ntapa, jota on helppo ja miellytt\u00e4v\u00e4 noudattaa p\u00e4ivitt\u00e4in.<\/p>\n\n\n\n<p class=\"wp-el\">Ohjelmamme eiv\u00e4t tarkoita tiukkaa dieetti\u00e4 \u2013 ne ovat pikemminkin miellytt\u00e4v\u00e4 lahja itsellesi. Mahdollisuus kokea, kuinka kehostasi tulee p\u00e4iv\u00e4 p\u00e4iv\u00e4lt\u00e4 energisempi, kevyempi ja elinvoimaisempi.<\/p>\n\n\n<div class=\"b-block pad-top-0 pad-bottom-0\"><div class=\"p-imglinks b-part container\"><div class=\"p-imglinks__row\"><a class=\"p-imglinks__item p-imglinks--compact\" href=\"http:\/\/****\"><div class=\"p-imglinks__image-compact\"><img loading=\"lazy\" decoding=\"async\" width=\"370\" height=\"175\" src=\"https:\/\/narvajoesuu.ee\/wp-content\/uploads\/2023\/09\/\u0414\u0438\u0437\u0430\u0439\u043d-\u0431\u0435\u0437-\u043d\u0430\u0437\u0432\u0430\u043d\u0438\u044f-2023-09-01T103942.039-370x175.png\" class=\"p-imglinks__image\" alt=\"\" \/><\/div><span class=\"p-imglinks__title\">DETOX-ruokalista <\/span><\/a><a class=\"p-imglinks__item p-imglinks--compact\" href=\"http:\/\/****\"><div class=\"p-imglinks__image-compact\"><img loading=\"lazy\" decoding=\"async\" width=\"370\" height=\"175\" src=\"https:\/\/narvajoesuu.ee\/wp-content\/uploads\/2023\/09\/\u0414\u0438\u0437\u0430\u0439\u043d-\u0431\u0435\u0437-\u043d\u0430\u0437\u0432\u0430\u043d\u0438\u044f-2023-09-01T103636.050-370x175.png\" class=\"p-imglinks__image\" alt=\"\" \/><\/div><span class=\"p-imglinks__title\">Fitlap-ruokalista<\/span><\/a><\/div><\/div><\/div>\n\n\n<hr class=\"wp-block-separator has-alpha-channel-opacity\"\/>\n\n\n\n<h4 class=\"wp-block-heading wp-el\">Detox- ja painonpudotuskeskuksen ohjelmat<\/h4>\n\n\n<div class=\"b-block pad-top-0 pad-bottom-0\"><div class=\"p-imglinks b-part container\"><div class=\"p-imglinks__row\"><a class=\"p-imglinks__item p-imglinks--compact\" href=\"https:\/\/narvajoesuu.ee\/fi\/detox-keskus\/detox-ohjelmat\/express-detox-ohjelma-alkaen-2-yosta\/\"><div class=\"p-imglinks__image-compact\"><img loading=\"lazy\" decoding=\"async\" width=\"370\" height=\"175\" src=\"https:\/\/narvajoesuu.ee\/wp-content\/uploads\/2026\/03\/\u0414\u0438\u0437\u0430\u0439\u043d-\u0431\u0435\u0437-\u043d\u0430\u0437\u0432\u0430\u043d\u0438\u044f-2026-03-23T101352.867-370x175.png\" class=\"p-imglinks__image\" alt=\"\" \/><\/div><span class=\"p-imglinks__title\">Ohjelma \u00abExpress Detox\u00bb alkaen 2 y\u00f6st\u00e4<\/span><\/a><a class=\"p-imglinks__item p-imglinks--compact\" href=\"https:\/\/narvajoesuu.ee\/fi\/detox-keskus\/detox-ohjelmat\/figuurisober-ruokavalio-ohjelma-5-paivaa\/\"><div class=\"p-imglinks__image-compact\"><img loading=\"lazy\" decoding=\"async\" width=\"370\" height=\"175\" src=\"https:\/\/narvajoesuu.ee\/wp-content\/uploads\/2026\/03\/\u0414\u0438\u0437\u0430\u0439\u043d-\u0431\u0435\u0437-\u043d\u0430\u0437\u0432\u0430\u043d\u0438\u044f-2026-03-23T102003.832-370x175.png\" class=\"p-imglinks__image\" alt=\"\" \/><\/div><span class=\"p-imglinks__title\">Eksklusiivinen painonpudotuksen \u2013 ohjelma, jossa FITLAP-ruokavalio (5 y\u00f6t\u00e4)<\/span><\/a><a class=\"p-imglinks__item p-imglinks--compact\" href=\"https:\/\/narvajoesuu.ee\/fi\/detox-keskus\/detox-ohjelmat\/hahmoa-korjaava-detox-ohjelma-7-paivaa\/\"><div class=\"p-imglinks__image-compact\"><img loading=\"lazy\" decoding=\"async\" width=\"370\" height=\"175\" src=\"https:\/\/narvajoesuu.ee\/wp-content\/uploads\/2026\/03\/\u0414\u0438\u0437\u0430\u0439\u043d-\u0431\u0435\u0437-\u043d\u0430\u0437\u0432\u0430\u043d\u0438\u044f-96-370x175.png\" class=\"p-imglinks__image\" alt=\"\" \/><\/div><span class=\"p-imglinks__title\">Vartalon muotoileva Detox-ohjelma (7 y\u00f6t\u00e4)<\/span><\/a><a class=\"p-imglinks__item p-imglinks--compact\" href=\"https:\/\/narvajoesuu.ee\/fi\/detox-keskus\/detox-ohjelmat\/antiage-ohjelma-7-yota\/\"><div class=\"p-imglinks__image-compact\"><img loading=\"lazy\" decoding=\"async\" width=\"370\" height=\"175\" src=\"https:\/\/narvajoesuu.ee\/wp-content\/uploads\/2026\/03\/\u0414\u0438\u0437\u0430\u0439\u043d-\u0431\u0435\u0437-\u043d\u0430\u0437\u0432\u0430\u043d\u0438\u044f-100-370x175.png\" class=\"p-imglinks__image\" alt=\"\" \/><\/div><span class=\"p-imglinks__title\">ANTIAGE-ohjelma (7 y\u00f6t\u00e4)<\/span><\/a><\/div><\/div><\/div>\n\n\n<hr class=\"wp-block-separator has-alpha-channel-opacity\"\/>\n\n\n\n<h3 class=\"wp-block-heading wp-el\"><strong>OHJELMIEN TULOKSET:<\/strong><\/h3>\n\n\n\n<figure class=\"wp-block-table is-style-stripes\"><table><tbody><tr><td>Painonpudotus<\/td><\/tr><tr><td>Parempi ruoansulatus<\/td><\/tr><tr><td>Hehkuvampi ja puhtaampi kasvojen iho<\/td><\/tr><tr><td>Kapeampi vy\u00f6t\u00e4r\u00f6 ja kauniimpi ryhti<\/td><\/tr><tr><td>Parem uni ja v\u00e4ljapuhanud tunne<\/td><\/tr><tr><td>Rauhallisempi ja iloisempi sin\u00e4<\/td><\/tr><tr><td>V\u00e4hemm\u00e4n huolia ja ahdistusta<\/td><\/tr><\/tbody><\/table><figcaption class=\"wp-element-caption\"><em>Erikoisruokavalioiden lis\u00e4ksi k\u00e4yt\u00e4mme detox- ja antistressiohjelmissa ainutlaatuisia innovatiivisia laitteita ja menetelmi\u00e4, jotka tukevat tavoitteiden saavuttamista. Ohjelmaan sis\u00e4ltyy my\u00f6s vuosikymmenten aikana testattuja ja toimiviksi todettuja hoitosuunnitelmia.*<\/em><\/figcaption><\/figure>\n\n\n\n<ul class=\"wp-block-list wp-el\">\n<li><\/li>\n<\/ul>\n","protected":false},"excerpt":{"rendered":"<p>Jotta voisit tuntea olosi kevyemm\u00e4ksi, sinun ei tarvitse n\u00e4hd\u00e4 n\u00e4lk\u00e4\u00e4. Meill\u00e4 voit p\u00e4\u00e4st\u00e4 eroon ylim\u00e4\u00e4r\u00e4isist\u00e4 kiloista ja stressist\u00e4 maukkaasti ja&#8230;<\/p>\n","protected":false},"author":2,"featured_media":0,"parent":10716,"menu_order":700,"comment_status":"closed","ping_status":"closed","template":"","meta":{"_acf_changed":false,"_uag_custom_page_level_css":"","_monsterinsights_skip_tracking":false,"_monsterinsights_sitenote_active":false,"_monsterinsights_sitenote_note":"","_monsterinsights_sitenote_category":0,"footnotes":""},"class_list":["post-10367","page","type-page","status-publish","hentry"],"acf":[],"yoast_head":"<!-- This site is optimized with the Yoast SEO plugin v27.3 - https:\/\/yoast.com\/product\/yoast-seo-wordpress\/ -->\n<title>DETOX ja painonpudotuskeskus - MEDICAL SPA NARVA-J\u00d5ESUU<\/title>\n<meta name=\"robots\" content=\"index, follow, max-snippet:-1, max-image-preview:large, max-video-preview:-1\" \/>\n<link rel=\"canonical\" href=\"https:\/\/narvajoesuu.ee\/fi\/detox-keskus\/detox-ohjelmat\/\" \/>\n<meta property=\"og:locale\" content=\"fi_FI\" \/>\n<meta property=\"og:type\" content=\"article\" \/>\n<meta property=\"og:title\" content=\"DETOX ja painonpudotuskeskus - MEDICAL SPA NARVA-J\u00d5ESUU\" \/>\n<meta property=\"og:description\" content=\"Jotta voisit tuntea olosi kevyemm\u00e4ksi, sinun ei tarvitse n\u00e4hd\u00e4 n\u00e4lk\u00e4\u00e4. Meill\u00e4 voit p\u00e4\u00e4st\u00e4 eroon ylim\u00e4\u00e4r\u00e4isist\u00e4 kiloista ja stressist\u00e4 maukkaasti ja...\" \/>\n<meta property=\"og:url\" content=\"https:\/\/narvajoesuu.ee\/fi\/detox-keskus\/detox-ohjelmat\/\" \/>\n<meta property=\"og:site_name\" content=\"MEDICAL SPA NARVA-J\u00d5ESUU\" \/>\n<meta property=\"article:modified_time\" content=\"2026-03-24T13:14:18+00:00\" \/>\n<meta property=\"og:image\" content=\"https:\/\/narvajoesuu.ee\/wp-content\/uploads\/2021\/12\/Maja-pilt.png\" \/>\n\t<meta property=\"og:image:width\" content=\"1200\" \/>\n\t<meta property=\"og:image:height\" content=\"630\" \/>\n\t<meta property=\"og:image:type\" content=\"image\/png\" \/>\n<meta name=\"twitter:card\" content=\"summary_large_image\" \/>\n<meta name=\"twitter:label1\" content=\"Arvioitu lukuaika\" \/>\n\t<meta name=\"twitter:data1\" content=\"1 minuutti\" \/>\n<script type=\"application\/ld+json\" class=\"yoast-schema-graph\">{\"@context\":\"https:\\\/\\\/schema.org\",\"@graph\":[{\"@type\":\"WebPage\",\"@id\":\"https:\\\/\\\/narvajoesuu.ee\\\/fi\\\/detox-keskus\\\/detox-ohjelmat\\\/\",\"url\":\"https:\\\/\\\/narvajoesuu.ee\\\/fi\\\/detox-keskus\\\/detox-ohjelmat\\\/\",\"name\":\"DETOX ja painonpudotuskeskus - MEDICAL SPA NARVA-J\u00d5ESUU\",\"isPartOf\":{\"@id\":\"https:\\\/\\\/narvajoesuu.ee\\\/#website\"},\"datePublished\":\"2021-03-29T08:56:12+00:00\",\"dateModified\":\"2026-03-24T13:14:18+00:00\",\"breadcrumb\":{\"@id\":\"https:\\\/\\\/narvajoesuu.ee\\\/fi\\\/detox-keskus\\\/detox-ohjelmat\\\/#breadcrumb\"},\"inLanguage\":\"fi\",\"potentialAction\":[{\"@type\":\"ReadAction\",\"target\":[\"https:\\\/\\\/narvajoesuu.ee\\\/fi\\\/detox-keskus\\\/detox-ohjelmat\\\/\"]}]},{\"@type\":\"BreadcrumbList\",\"@id\":\"https:\\\/\\\/narvajoesuu.ee\\\/fi\\\/detox-keskus\\\/detox-ohjelmat\\\/#breadcrumb\",\"itemListElement\":[{\"@type\":\"ListItem\",\"position\":1,\"name\":\"Home\",\"item\":\"https:\\\/\\\/narvajoesuu.ee\\\/fi\\\/\"},{\"@type\":\"ListItem\",\"position\":2,\"name\":\"Detox &#038; Antistress keskus\",\"item\":\"https:\\\/\\\/narvajoesuu.ee\\\/fi\\\/detox-keskus\\\/\"},{\"@type\":\"ListItem\",\"position\":3,\"name\":\"DETOX ja painonpudotuskeskus\"}]},{\"@type\":\"WebSite\",\"@id\":\"https:\\\/\\\/narvajoesuu.ee\\\/#website\",\"url\":\"https:\\\/\\\/narvajoesuu.ee\\\/\",\"name\":\"MEDICAL SPA NARVA-J\u00d5ESUU\",\"description\":\"\",\"publisher\":{\"@id\":\"https:\\\/\\\/narvajoesuu.ee\\\/#organization\"},\"potentialAction\":[{\"@type\":\"SearchAction\",\"target\":{\"@type\":\"EntryPoint\",\"urlTemplate\":\"https:\\\/\\\/narvajoesuu.ee\\\/?s={search_term_string}\"},\"query-input\":{\"@type\":\"PropertyValueSpecification\",\"valueRequired\":true,\"valueName\":\"search_term_string\"}}],\"inLanguage\":\"fi\"},{\"@type\":\"Organization\",\"@id\":\"https:\\\/\\\/narvajoesuu.ee\\\/#organization\",\"name\":\"Narva-J\u00f5esuu Medical SPA\",\"url\":\"https:\\\/\\\/narvajoesuu.ee\\\/\",\"logo\":{\"@type\":\"ImageObject\",\"inLanguage\":\"fi\",\"@id\":\"https:\\\/\\\/narvajoesuu.ee\\\/#\\\/schema\\\/logo\\\/image\\\/\",\"url\":\"https:\\\/\\\/narvajoesuu.ee\\\/wp-content\\\/uploads\\\/2020\\\/10\\\/narvajoesuu-logo-small.png\",\"contentUrl\":\"https:\\\/\\\/narvajoesuu.ee\\\/wp-content\\\/uploads\\\/2020\\\/10\\\/narvajoesuu-logo-small.png\",\"width\":170,\"height\":170,\"caption\":\"Narva-J\u00f5esuu Medical SPA\"},\"image\":{\"@id\":\"https:\\\/\\\/narvajoesuu.ee\\\/#\\\/schema\\\/logo\\\/image\\\/\"}}]}<\/script>\n<!-- \/ Yoast SEO plugin. -->","yoast_head_json":{"title":"DETOX ja painonpudotuskeskus - MEDICAL SPA NARVA-J\u00d5ESUU","robots":{"index":"index","follow":"follow","max-snippet":"max-snippet:-1","max-image-preview":"max-image-preview:large","max-video-preview":"max-video-preview:-1"},"canonical":"https:\/\/narvajoesuu.ee\/fi\/detox-keskus\/detox-ohjelmat\/","og_locale":"fi_FI","og_type":"article","og_title":"DETOX ja painonpudotuskeskus - MEDICAL SPA NARVA-J\u00d5ESUU","og_description":"Jotta voisit tuntea olosi kevyemm\u00e4ksi, sinun ei tarvitse n\u00e4hd\u00e4 n\u00e4lk\u00e4\u00e4. Meill\u00e4 voit p\u00e4\u00e4st\u00e4 eroon ylim\u00e4\u00e4r\u00e4isist\u00e4 kiloista ja stressist\u00e4 maukkaasti ja...","og_url":"https:\/\/narvajoesuu.ee\/fi\/detox-keskus\/detox-ohjelmat\/","og_site_name":"MEDICAL SPA NARVA-J\u00d5ESUU","article_modified_time":"2026-03-24T13:14:18+00:00","og_image":[{"width":1200,"height":630,"url":"https:\/\/narvajoesuu.ee\/wp-content\/uploads\/2021\/12\/Maja-pilt.png","type":"image\/png"}],"twitter_card":"summary_large_image","twitter_misc":{"Arvioitu lukuaika":"1 minuutti"},"schema":{"@context":"https:\/\/schema.org","@graph":[{"@type":"WebPage","@id":"https:\/\/narvajoesuu.ee\/fi\/detox-keskus\/detox-ohjelmat\/","url":"https:\/\/narvajoesuu.ee\/fi\/detox-keskus\/detox-ohjelmat\/","name":"DETOX ja painonpudotuskeskus - MEDICAL SPA NARVA-J\u00d5ESUU","isPartOf":{"@id":"https:\/\/narvajoesuu.ee\/#website"},"datePublished":"2021-03-29T08:56:12+00:00","dateModified":"2026-03-24T13:14:18+00:00","breadcrumb":{"@id":"https:\/\/narvajoesuu.ee\/fi\/detox-keskus\/detox-ohjelmat\/#breadcrumb"},"inLanguage":"fi","potentialAction":[{"@type":"ReadAction","target":["https:\/\/narvajoesuu.ee\/fi\/detox-keskus\/detox-ohjelmat\/"]}]},{"@type":"BreadcrumbList","@id":"https:\/\/narvajoesuu.ee\/fi\/detox-keskus\/detox-ohjelmat\/#breadcrumb","itemListElement":[{"@type":"ListItem","position":1,"name":"Home","item":"https:\/\/narvajoesuu.ee\/fi\/"},{"@type":"ListItem","position":2,"name":"Detox &#038; Antistress keskus","item":"https:\/\/narvajoesuu.ee\/fi\/detox-keskus\/"},{"@type":"ListItem","position":3,"name":"DETOX ja painonpudotuskeskus"}]},{"@type":"WebSite","@id":"https:\/\/narvajoesuu.ee\/#website","url":"https:\/\/narvajoesuu.ee\/","name":"MEDICAL SPA NARVA-J\u00d5ESUU","description":"","publisher":{"@id":"https:\/\/narvajoesuu.ee\/#organization"},"potentialAction":[{"@type":"SearchAction","target":{"@type":"EntryPoint","urlTemplate":"https:\/\/narvajoesuu.ee\/?s={search_term_string}"},"query-input":{"@type":"PropertyValueSpecification","valueRequired":true,"valueName":"search_term_string"}}],"inLanguage":"fi"},{"@type":"Organization","@id":"https:\/\/narvajoesuu.ee\/#organization","name":"Narva-J\u00f5esuu Medical SPA","url":"https:\/\/narvajoesuu.ee\/","logo":{"@type":"ImageObject","inLanguage":"fi","@id":"https:\/\/narvajoesuu.ee\/#\/schema\/logo\/image\/","url":"https:\/\/narvajoesuu.ee\/wp-content\/uploads\/2020\/10\/narvajoesuu-logo-small.png","contentUrl":"https:\/\/narvajoesuu.ee\/wp-content\/uploads\/2020\/10\/narvajoesuu-logo-small.png","width":170,"height":170,"caption":"Narva-J\u00f5esuu Medical SPA"},"image":{"@id":"https:\/\/narvajoesuu.ee\/#\/schema\/logo\/image\/"}}]}},"uagb_featured_image_src":{"full":false,"thumbnail":false,"medium":false,"medium_large":false,"large":false,"1536x1536":false,"2048x2048":false,"img-1920x550":false,"img-1920x320":false,"img-1920x200":false,"img-670x480":false,"img-570x280":false,"img-507":false,"img-370x240":false,"img-400x250":false,"img-370x175":false,"img-370x120":false,"img-300":false,"img-170":false},"uagb_author_info":{"display_name":"Darja","author_link":"https:\/\/narvajoesuu.ee\/fi\/author\/darja\/"},"uagb_comment_info":0,"uagb_excerpt":"Jotta voisit tuntea olosi kevyemm\u00e4ksi, sinun ei tarvitse n\u00e4hd\u00e4 n\u00e4lk\u00e4\u00e4. Meill\u00e4 voit p\u00e4\u00e4st\u00e4 eroon ylim\u00e4\u00e4r\u00e4isist\u00e4 kiloista ja stressist\u00e4 maukkaasti ja...","_links":{"self":[{"href":"https:\/\/narvajoesuu.ee\/fi\/wp-json\/wp\/v2\/pages\/10367","targetHints":{"allow":["GET"]}}],"collection":[{"href":"https:\/\/narvajoesuu.ee\/fi\/wp-json\/wp\/v2\/pages"}],"about":[{"href":"https:\/\/narvajoesuu.ee\/fi\/wp-json\/wp\/v2\/types\/page"}],"author":[{"embeddable":true,"href":"https:\/\/narvajoesuu.ee\/fi\/wp-json\/wp\/v2\/users\/2"}],"replies":[{"embeddable":true,"href":"https:\/\/narvajoesuu.ee\/fi\/wp-json\/wp\/v2\/comments?post=10367"}],"version-history":[{"count":21,"href":"https:\/\/narvajoesuu.ee\/fi\/wp-json\/wp\/v2\/pages\/10367\/revisions"}],"predecessor-version":[{"id":23997,"href":"https:\/\/narvajoesuu.ee\/fi\/wp-json\/wp\/v2\/pages\/10367\/revisions\/23997"}],"up":[{"embeddable":true,"href":"https:\/\/narvajoesuu.ee\/fi\/wp-json\/wp\/v2\/pages\/10716"}],"wp:attachment":[{"href":"https:\/\/narvajoesuu.ee\/fi\/wp-json\/wp\/v2\/media?parent=10367"}],"curies":[{"name":"wp","href":"https:\/\/api.w.org\/{rel}","templated":true}]}}