{"id":10362,"date":"2021-03-29T12:41:12","date_gmt":"2021-03-29T09:41:12","guid":{"rendered":"https:\/\/narvajoesuu.ee\/uudne-tehnoloogia\/"},"modified":"2023-09-20T16:20:02","modified_gmt":"2023-09-20T13:20:02","slug":"uudistuksellinen-teknologia","status":"publish","type":"page","link":"https:\/\/narvajoesuu.ee\/fi\/detox-keskus\/uudistuksellinen-teknologia\/","title":{"rendered":"Kosmeettisia ja l\u00e4\u00e4ketieteellisi\u00e4 uutuuksia nuoruuden, laihdutuksen, kauneuden ja terveyden tukemiseksi"},"content":{"rendered":"\n<p class=\"wp-el\">Kauneus alkaa sis\u00e4lt\u00e4. Siksi kiinnit\u00e4mme suurta huomiota kosmeettisiin innovaatioihin, mutta suosittelemme kiinnitt\u00e4m\u00e4\u00e4n huomiota my\u00f6s koko elimist\u00f6n palautumiseen. Kauneus- ja terveyskeskuksessa on monia laitteita, joita ei l\u00f6ydy muualta Virosta eik\u00e4 edes mist\u00e4\u00e4n Baltian maasta. T\u00e4m\u00e4 johtuu siit\u00e4, ett\u00e4 kylpyl\u00e4hoidon perinteit\u00e4 kunnioittaen haluamme tarjota asiakkaillemme parhaimmiston globaaleista innovaatioista. Kauneus, terveys, solakkuus, nuoruus ja rentoutuminen ovat kauneus- ja terveyskeskuksemme konseptin perusta.<\/p>\n\n\n<div class=\"b-block pad-top-30 pad-bottom-20\"><div class=\"p-emphasis b-part container-p0 p-emphasis--info\"><div><b>LIS\u00c4TIEDOT JA VARAUS:<\/b><\/div>\n<div>Tel:\u00a0+372 35 99 523<br \/>\nE-mail:\u00a0ilu@narvajoesuu.ee<\/div>\n<div><\/div>\n<\/div><\/div>\n\n<div class=\"b-block pad-top-30 pad-bottom-20\"><div class=\"p-imglinks b-part container\"><div class=\"p-imglinks__row\"><a class=\"p-imglinks__item p-imglinks__item-lg\" href=\"https:\/\/narvajoesuu.ee\/fi\/kylpylaloma\/tehokkaat-ja-ainutlaatuiset-laitehoidot-kasvoille-ja-vartalolle\/trooppinen-huone-syva-rentoutuminen-ja-taydellinen-mielenrauha\/\"><img loading=\"lazy\" decoding=\"async\" width=\"570\" height=\"280\" src=\"https:\/\/narvajoesuu.ee\/wp-content\/uploads\/2023\/08\/troopikatuba-1-570x280.png\" class=\"p-imglinks__image fill-bg\" alt=\"\" \/><div class=\"p-imglinks__content\"><span class=\"p-imglinks__title\">Trooppinen huone<\/span><div class=\"p-imglinks__text\">Jossa rentoutusterapiaa tunne- ja lihasj\u00e4nnityksen lievitt\u00e4miseen<\/div><\/div><\/a><a class=\"p-imglinks__item p-imglinks__item-lg\" href=\"https:\/\/narvajoesuu.ee\/fi\/kylpylaloma\/tehokkaat-ja-ainutlaatuiset-laitehoidot-kasvoille-ja-vartalolle\/vr-kokemus\/\"><img loading=\"lazy\" decoding=\"async\" width=\"570\" height=\"280\" src=\"https:\/\/narvajoesuu.ee\/wp-content\/uploads\/2023\/08\/VR-elamus-570x280.png\" class=\"p-imglinks__image fill-bg\" alt=\"\" \/><div class=\"p-imglinks__content\"><span class=\"p-imglinks__title\">VR-kokemus<\/span><\/div><\/a><a class=\"p-imglinks__item p-imglinks__item-lg\" href=\"https:\/\/narvajoesuu.ee\/fi\/kylpylaloma\/tehokkaat-ja-ainutlaatuiset-laitehoidot-kasvoille-ja-vartalolle\/aurinkoinen-hiekkahuone-rentoutusmenetelma-relaksointiin-ja-nuorentumiseen\/\"><img loading=\"lazy\" decoding=\"async\" width=\"570\" height=\"280\" src=\"https:\/\/narvajoesuu.ee\/wp-content\/uploads\/2023\/07\/\u0414\u0438\u0437\u0430\u0439\u043d-\u0431\u0435\u0437-\u043d\u0430\u0437\u0432\u0430\u043d\u0438\u044f-2023-07-15T135534.252-570x280.png\" class=\"p-imglinks__image fill-bg\" alt=\"\" \/><div class=\"p-imglinks__content\"><span class=\"p-imglinks__title\">Aurinkoinen hiekkahuone<\/span><div class=\"p-imglinks__text\">Rentoutusmenetelm\u00e4 relaksaatioon ja nuorentumiseen<\/div><\/div><\/a><a class=\"p-imglinks__item p-imglinks__item-lg\" href=\"https:\/\/narvajoesuu.ee\/fi\/kylpylaloma\/tehokkaat-ja-ainutlaatuiset-laitehoidot-kasvoille-ja-vartalolle\/rentoutumishuone\/\"><img loading=\"lazy\" decoding=\"async\" width=\"570\" height=\"280\" src=\"https:\/\/narvajoesuu.ee\/wp-content\/uploads\/2023\/07\/\u0414\u0438\u0437\u0430\u0439\u043d-\u0431\u0435\u0437-\u043d\u0430\u0437\u0432\u0430\u043d\u0438\u044f-96-570x280.png\" class=\"p-imglinks__image fill-bg\" alt=\"\" \/><div class=\"p-imglinks__content\"><span class=\"p-imglinks__title\">Rentoutumishuone<\/span><div class=\"p-imglinks__text\">Tehokas menetelm\u00e4 syv\u00e4\u00e4n rentoutumiseen<\/div><\/div><\/a><a class=\"p-imglinks__item p-imglinks__item-lg\" href=\"https:\/\/narvajoesuu.ee\/fi\/kylpylaloma\/tehokkaat-ja-ainutlaatuiset-laitehoidot-kasvoille-ja-vartalolle\/anti-age-valohoito-omega-light-laitteella\/\"><img loading=\"lazy\" decoding=\"async\" width=\"570\" height=\"280\" src=\"https:\/\/narvajoesuu.ee\/wp-content\/uploads\/2023\/07\/\u0414\u0438\u0437\u0430\u0439\u043d-\u0431\u0435\u0437-\u043d\u0430\u0437\u0432\u0430\u043d\u0438\u044f-2023-07-15T133922.276-570x280.png\" class=\"p-imglinks__image fill-bg\" alt=\"\" \/><div class=\"p-imglinks__content\"><span class=\"p-imglinks__title\">Omega Light<\/span><div class=\"p-imglinks__text\">LED-rentoutushoitoja Omega Light -laitteella<\/div><\/div><\/a><a class=\"p-imglinks__item p-imglinks__item-lg\" href=\"https:\/\/narvajoesuu.ee\/fi\/kylpylaloma\/tehokkaat-ja-ainutlaatuiset-laitehoidot-kasvoille-ja-vartalolle\/cryovac-kryolipolyysi-ei-invasiivinen-rasvaimu\/\"><img loading=\"lazy\" decoding=\"async\" width=\"570\" height=\"280\" src=\"https:\/\/narvajoesuu.ee\/wp-content\/uploads\/2023\/07\/\u0414\u0438\u0437\u0430\u0439\u043d-\u0431\u0435\u0437-\u043d\u0430\u0437\u0432\u0430\u043d\u0438\u044f-2023-07-15T133822.250-570x280.png\" class=\"p-imglinks__image fill-bg\" alt=\"\" \/><div class=\"p-imglinks__content\"><span class=\"p-imglinks__title\">CryoVAC (kriolipolyys) <\/span><div class=\"p-imglinks__text\">Rasvaimu ilman leikkausta<\/div><\/div><\/a><a class=\"p-imglinks__item p-imglinks__item-lg\" href=\"https:\/\/narvajoesuu.ee\/fi\/kylpylaloma\/tehokkaat-ja-ainutlaatuiset-laitehoidot-kasvoille-ja-vartalolle\/hifem-high-intensity-focused-electromagnetic-teknologiaa-kayttava-skulptor-one-s-vartalon-tehokkaaseen-muotoiluun\/\"><img loading=\"lazy\" decoding=\"async\" width=\"570\" height=\"280\" src=\"https:\/\/narvajoesuu.ee\/wp-content\/uploads\/2023\/07\/\u0414\u0438\u0437\u0430\u0439\u043d-\u0431\u0435\u0437-\u043d\u0430\u0437\u0432\u0430\u043d\u0438\u044f-2023-07-15T134058.268-570x280.png\" class=\"p-imglinks__image fill-bg\" alt=\"\" \/><div class=\"p-imglinks__content\"><span class=\"p-imglinks__title\">Skulptor One S <\/span><div class=\"p-imglinks__text\">Tehokkaan vartalon muotoiluun<\/div><\/div><\/a><a class=\"p-imglinks__item p-imglinks__item-lg\" href=\"https:\/\/narvajoesuu.ee\/fi\/kylpylaloma\/tehokkaat-ja-ainutlaatuiset-laitehoidot-kasvoille-ja-vartalolle\/vacuslim-48-innovatiivinen-lahestymistapa-kiinteytyshoitoon\/\"><img loading=\"lazy\" decoding=\"async\" width=\"570\" height=\"280\" src=\"https:\/\/narvajoesuu.ee\/wp-content\/uploads\/2023\/07\/\u0414\u0438\u0437\u0430\u0439\u043d-\u0431\u0435\u0437-\u043d\u0430\u0437\u0432\u0430\u043d\u0438\u044f-2023-07-15T132026.250-570x280.png\" class=\"p-imglinks__image fill-bg\" alt=\"\" \/><div class=\"p-imglinks__content\"><span class=\"p-imglinks__title\">\u00abVacuslim 48\u00bb<\/span><div class=\"p-imglinks__text\">Innovatiivinen l\u00e4hestymistapa kiinteytyshoitoon!<\/div><\/div><\/a><a class=\"p-imglinks__item p-imglinks__item-lg\" href=\"https:\/\/narvajoesuu.ee\/fi\/kylpylaloma\/tehokkaat-ja-ainutlaatuiset-laitehoidot-kasvoille-ja-vartalolle\/kromoterapia-himalayan-cube-suolakammiossa\/\"><img loading=\"lazy\" decoding=\"async\" width=\"570\" height=\"280\" src=\"https:\/\/narvajoesuu.ee\/wp-content\/uploads\/2023\/07\/\u0414\u0438\u0437\u0430\u0439\u043d-\u0431\u0435\u0437-\u043d\u0430\u0437\u0432\u0430\u043d\u0438\u044f-2023-07-15T134240.316-570x280.png\" class=\"p-imglinks__image fill-bg\" alt=\"\" \/><div class=\"p-imglinks__content\"><span class=\"p-imglinks__title\">Kromoterapia Himalayan Cube suolakammiossa<\/span><div class=\"p-imglinks__text\">Immuunsuse tugevdamiseks <\/div><\/div><\/a><a class=\"p-imglinks__item p-imglinks__item-lg\" href=\"https:\/\/narvajoesuu.ee\/fi\/kylpylaloma\/tehokkaat-ja-ainutlaatuiset-laitehoidot-kasvoille-ja-vartalolle\/rentoutuva-hieronta-quattromano-vesihierontasangylla\/\"><img loading=\"lazy\" decoding=\"async\" width=\"570\" height=\"280\" src=\"https:\/\/narvajoesuu.ee\/wp-content\/uploads\/2023\/07\/\u0414\u0438\u0437\u0430\u0439\u043d-\u0431\u0435\u0437-\u043d\u0430\u0437\u0432\u0430\u043d\u0438\u044f-2023-07-15T132355.243-570x280.png\" class=\"p-imglinks__image fill-bg\" alt=\"\" \/><div class=\"p-imglinks__content\"><span class=\"p-imglinks__title\">Rentouttava ja tehokas hieronta QUATTROMANO vesis\u00e4ngyll\u00e4 <\/span><\/div><\/a><a class=\"p-imglinks__item p-imglinks__item-lg\" href=\"https:\/\/narvajoesuu.ee\/fi\/kylpylaloma\/tehokkaat-ja-ainutlaatuiset-laitehoidot-kasvoille-ja-vartalolle\/tehokas-selkahieronta-stimawell-relax-laitteella\/\"><img loading=\"lazy\" decoding=\"async\" width=\"570\" height=\"280\" src=\"https:\/\/narvajoesuu.ee\/wp-content\/uploads\/2023\/07\/\u0414\u0438\u0437\u0430\u0439\u043d-\u0431\u0435\u0437-\u043d\u0430\u0437\u0432\u0430\u043d\u0438\u044f-2023-07-15T135009.279-570x280.png\" class=\"p-imglinks__image fill-bg\" alt=\"\" \/><div class=\"p-imglinks__content\"><span class=\"p-imglinks__title\">Stimawell Relax<\/span><div class=\"p-imglinks__text\">Tehokas selk\u00e4hieronta Stimawell Relax-laitteella<\/div><\/div><\/a><a class=\"p-imglinks__item p-imglinks__item-lg\" href=\"https:\/\/narvajoesuu.ee\/fi\/kylpylaloma\/tehokkaat-ja-ainutlaatuiset-laitehoidot-kasvoille-ja-vartalolle\/n-o-logy-stendo-pulsewave-laitehoito-uudistuksellinen-pneumokompressiomenetelma\/\"><img loading=\"lazy\" decoding=\"async\" width=\"570\" height=\"280\" src=\"https:\/\/narvajoesuu.ee\/wp-content\/uploads\/2023\/07\/\u0414\u0438\u0437\u0430\u0439\u043d-\u0431\u0435\u0437-\u043d\u0430\u0437\u0432\u0430\u043d\u0438\u044f-2023-07-15T133037.251-570x280.png\" class=\"p-imglinks__image fill-bg\" alt=\"\" \/><div class=\"p-imglinks__content\"><span class=\"p-imglinks__title\">N.O.logy\u00ae Stendo Pulsewav <\/span><div class=\"p-imglinks__text\">Uudistuksellinen pneumokompressiomenetelm\u00e4<\/div><\/div><\/a><a class=\"p-imglinks__item p-imglinks__item-lg\" href=\"https:\/\/narvajoesuu.ee\/fi\/kylpylaloma\/tehokkaat-ja-ainutlaatuiset-laitehoidot-kasvoille-ja-vartalolle\/kuiva-otsonikylpy-kuiva-hiilihappokylpy\/\"><img loading=\"lazy\" decoding=\"async\" width=\"570\" height=\"280\" src=\"https:\/\/narvajoesuu.ee\/wp-content\/uploads\/2023\/07\/\u0414\u0438\u0437\u0430\u0439\u043d-\u0431\u0435\u0437-\u043d\u0430\u0437\u0432\u0430\u043d\u0438\u044f-2023-07-15T135237.233-570x280.png\" class=\"p-imglinks__image fill-bg\" alt=\"\" \/><div class=\"p-imglinks__content\"><span class=\"p-imglinks__title\">Kuiva otsonikylpy \/ Kuiva hiilihappokylpy<\/span><\/div><\/a><\/div><\/div><\/div>\n\n<div class=\"b-block pad-top-30 pad-bottom-20\"><div class=\"p-emphasis b-part container-p0 p-emphasis--warn\"><p>Huomio! Kylpyl\u00e4 pid\u00e4tt\u00e4\u00e4 itselleen oikeuden hinnanmuutoksiin ilman etuk\u00e4teen ilmoittamatta. Asiakkaille ei palauteta ennakkoa palveluista, jotka ovat j\u00e4\u00e4neet k\u00e4ytt\u00e4m\u00e4tt\u00e4 Narva-J\u00f5esuun kylpyl\u00e4st\u00e4 riippumattomista syist\u00e4.<\/p>\n<\/div><\/div>\n\n\n<p class=\"wp-el\"><\/p>\n","protected":false},"excerpt":{"rendered":"<p>Kauneus alkaa sis\u00e4lt\u00e4. Siksi kiinnit\u00e4mme suurta huomiota kosmeettisiin innovaatioihin, mutta suosittelemme kiinnitt\u00e4m\u00e4\u00e4n huomiota my\u00f6s koko elimist\u00f6n palautumiseen. Kauneus- ja terveyskeskuksessa&#8230;<\/p>\n","protected":false},"author":2,"featured_media":0,"parent":10716,"menu_order":698,"comment_status":"closed","ping_status":"closed","template":"","meta":{"_acf_changed":false,"_uag_custom_page_level_css":"","_monsterinsights_skip_tracking":false,"_monsterinsights_sitenote_active":false,"_monsterinsights_sitenote_note":"","_monsterinsights_sitenote_category":0,"footnotes":""},"class_list":["post-10362","page","type-page","status-publish","hentry"],"acf":[],"yoast_head":"<!-- This site is optimized with the Yoast SEO plugin v27.3 - https:\/\/yoast.com\/product\/yoast-seo-wordpress\/ -->\n<title>Kosmeettisia ja l\u00e4\u00e4ketieteellisi\u00e4 uutuuksia nuoruuden, laihdutuksen, kauneuden ja terveyden tukemiseksi - MEDICAL SPA NARVA-J\u00d5ESUU<\/title>\n<meta name=\"robots\" content=\"index, follow, max-snippet:-1, max-image-preview:large, max-video-preview:-1\" \/>\n<link rel=\"canonical\" href=\"https:\/\/narvajoesuu.ee\/fi\/detox-keskus\/uudistuksellinen-teknologia\/\" \/>\n<meta property=\"og:locale\" content=\"fi_FI\" \/>\n<meta property=\"og:type\" content=\"article\" \/>\n<meta property=\"og:title\" content=\"Kosmeettisia ja l\u00e4\u00e4ketieteellisi\u00e4 uutuuksia nuoruuden, laihdutuksen, kauneuden ja terveyden tukemiseksi - MEDICAL SPA NARVA-J\u00d5ESUU\" \/>\n<meta property=\"og:description\" content=\"Kauneus alkaa sis\u00e4lt\u00e4. Siksi kiinnit\u00e4mme suurta huomiota kosmeettisiin innovaatioihin, mutta suosittelemme kiinnitt\u00e4m\u00e4\u00e4n huomiota my\u00f6s koko elimist\u00f6n palautumiseen. Kauneus- ja terveyskeskuksessa...\" \/>\n<meta property=\"og:url\" content=\"https:\/\/narvajoesuu.ee\/fi\/detox-keskus\/uudistuksellinen-teknologia\/\" \/>\n<meta property=\"og:site_name\" content=\"MEDICAL SPA NARVA-J\u00d5ESUU\" \/>\n<meta property=\"article:modified_time\" content=\"2023-09-20T13:20:02+00:00\" \/>\n<meta property=\"og:image\" content=\"https:\/\/narvajoesuu.ee\/wp-content\/uploads\/2021\/12\/Maja-pilt.png\" \/>\n\t<meta property=\"og:image:width\" content=\"1200\" \/>\n\t<meta property=\"og:image:height\" content=\"630\" \/>\n\t<meta property=\"og:image:type\" content=\"image\/png\" \/>\n<meta name=\"twitter:card\" content=\"summary_large_image\" \/>\n<meta name=\"twitter:label1\" content=\"Arvioitu lukuaika\" \/>\n\t<meta name=\"twitter:data1\" content=\"9 minuuttia\" \/>\n<script type=\"application\/ld+json\" class=\"yoast-schema-graph\">{\"@context\":\"https:\\\/\\\/schema.org\",\"@graph\":[{\"@type\":\"WebPage\",\"@id\":\"https:\\\/\\\/narvajoesuu.ee\\\/fi\\\/detox-keskus\\\/uudistuksellinen-teknologia\\\/\",\"url\":\"https:\\\/\\\/narvajoesuu.ee\\\/fi\\\/detox-keskus\\\/uudistuksellinen-teknologia\\\/\",\"name\":\"Kosmeettisia ja l\u00e4\u00e4ketieteellisi\u00e4 uutuuksia nuoruuden, laihdutuksen, kauneuden ja terveyden tukemiseksi - MEDICAL SPA NARVA-J\u00d5ESUU\",\"isPartOf\":{\"@id\":\"https:\\\/\\\/narvajoesuu.ee\\\/#website\"},\"datePublished\":\"2021-03-29T09:41:12+00:00\",\"dateModified\":\"2023-09-20T13:20:02+00:00\",\"breadcrumb\":{\"@id\":\"https:\\\/\\\/narvajoesuu.ee\\\/fi\\\/detox-keskus\\\/uudistuksellinen-teknologia\\\/#breadcrumb\"},\"inLanguage\":\"fi\",\"potentialAction\":[{\"@type\":\"ReadAction\",\"target\":[\"https:\\\/\\\/narvajoesuu.ee\\\/fi\\\/detox-keskus\\\/uudistuksellinen-teknologia\\\/\"]}]},{\"@type\":\"BreadcrumbList\",\"@id\":\"https:\\\/\\\/narvajoesuu.ee\\\/fi\\\/detox-keskus\\\/uudistuksellinen-teknologia\\\/#breadcrumb\",\"itemListElement\":[{\"@type\":\"ListItem\",\"position\":1,\"name\":\"Home\",\"item\":\"https:\\\/\\\/narvajoesuu.ee\\\/fi\\\/\"},{\"@type\":\"ListItem\",\"position\":2,\"name\":\"Detox &#038; Antistress keskus\",\"item\":\"https:\\\/\\\/narvajoesuu.ee\\\/fi\\\/detox-keskus\\\/\"},{\"@type\":\"ListItem\",\"position\":3,\"name\":\"Kosmeettisia ja l\u00e4\u00e4ketieteellisi\u00e4 uutuuksia nuoruuden, laihdutuksen, kauneuden ja terveyden tukemiseksi\"}]},{\"@type\":\"WebSite\",\"@id\":\"https:\\\/\\\/narvajoesuu.ee\\\/#website\",\"url\":\"https:\\\/\\\/narvajoesuu.ee\\\/\",\"name\":\"MEDICAL SPA NARVA-J\u00d5ESUU\",\"description\":\"\",\"publisher\":{\"@id\":\"https:\\\/\\\/narvajoesuu.ee\\\/#organization\"},\"potentialAction\":[{\"@type\":\"SearchAction\",\"target\":{\"@type\":\"EntryPoint\",\"urlTemplate\":\"https:\\\/\\\/narvajoesuu.ee\\\/?s={search_term_string}\"},\"query-input\":{\"@type\":\"PropertyValueSpecification\",\"valueRequired\":true,\"valueName\":\"search_term_string\"}}],\"inLanguage\":\"fi\"},{\"@type\":\"Organization\",\"@id\":\"https:\\\/\\\/narvajoesuu.ee\\\/#organization\",\"name\":\"Narva-J\u00f5esuu Medical SPA\",\"url\":\"https:\\\/\\\/narvajoesuu.ee\\\/\",\"logo\":{\"@type\":\"ImageObject\",\"inLanguage\":\"fi\",\"@id\":\"https:\\\/\\\/narvajoesuu.ee\\\/#\\\/schema\\\/logo\\\/image\\\/\",\"url\":\"https:\\\/\\\/narvajoesuu.ee\\\/wp-content\\\/uploads\\\/2020\\\/10\\\/narvajoesuu-logo-small.png\",\"contentUrl\":\"https:\\\/\\\/narvajoesuu.ee\\\/wp-content\\\/uploads\\\/2020\\\/10\\\/narvajoesuu-logo-small.png\",\"width\":170,\"height\":170,\"caption\":\"Narva-J\u00f5esuu Medical SPA\"},\"image\":{\"@id\":\"https:\\\/\\\/narvajoesuu.ee\\\/#\\\/schema\\\/logo\\\/image\\\/\"}}]}<\/script>\n<!-- \/ Yoast SEO plugin. -->","yoast_head_json":{"title":"Kosmeettisia ja l\u00e4\u00e4ketieteellisi\u00e4 uutuuksia nuoruuden, laihdutuksen, kauneuden ja terveyden tukemiseksi - MEDICAL SPA NARVA-J\u00d5ESUU","robots":{"index":"index","follow":"follow","max-snippet":"max-snippet:-1","max-image-preview":"max-image-preview:large","max-video-preview":"max-video-preview:-1"},"canonical":"https:\/\/narvajoesuu.ee\/fi\/detox-keskus\/uudistuksellinen-teknologia\/","og_locale":"fi_FI","og_type":"article","og_title":"Kosmeettisia ja l\u00e4\u00e4ketieteellisi\u00e4 uutuuksia nuoruuden, laihdutuksen, kauneuden ja terveyden tukemiseksi - MEDICAL SPA NARVA-J\u00d5ESUU","og_description":"Kauneus alkaa sis\u00e4lt\u00e4. Siksi kiinnit\u00e4mme suurta huomiota kosmeettisiin innovaatioihin, mutta suosittelemme kiinnitt\u00e4m\u00e4\u00e4n huomiota my\u00f6s koko elimist\u00f6n palautumiseen. Kauneus- ja terveyskeskuksessa...","og_url":"https:\/\/narvajoesuu.ee\/fi\/detox-keskus\/uudistuksellinen-teknologia\/","og_site_name":"MEDICAL SPA NARVA-J\u00d5ESUU","article_modified_time":"2023-09-20T13:20:02+00:00","og_image":[{"width":1200,"height":630,"url":"https:\/\/narvajoesuu.ee\/wp-content\/uploads\/2021\/12\/Maja-pilt.png","type":"image\/png"}],"twitter_card":"summary_large_image","twitter_misc":{"Arvioitu lukuaika":"9 minuuttia"},"schema":{"@context":"https:\/\/schema.org","@graph":[{"@type":"WebPage","@id":"https:\/\/narvajoesuu.ee\/fi\/detox-keskus\/uudistuksellinen-teknologia\/","url":"https:\/\/narvajoesuu.ee\/fi\/detox-keskus\/uudistuksellinen-teknologia\/","name":"Kosmeettisia ja l\u00e4\u00e4ketieteellisi\u00e4 uutuuksia nuoruuden, laihdutuksen, kauneuden ja terveyden tukemiseksi - MEDICAL SPA NARVA-J\u00d5ESUU","isPartOf":{"@id":"https:\/\/narvajoesuu.ee\/#website"},"datePublished":"2021-03-29T09:41:12+00:00","dateModified":"2023-09-20T13:20:02+00:00","breadcrumb":{"@id":"https:\/\/narvajoesuu.ee\/fi\/detox-keskus\/uudistuksellinen-teknologia\/#breadcrumb"},"inLanguage":"fi","potentialAction":[{"@type":"ReadAction","target":["https:\/\/narvajoesuu.ee\/fi\/detox-keskus\/uudistuksellinen-teknologia\/"]}]},{"@type":"BreadcrumbList","@id":"https:\/\/narvajoesuu.ee\/fi\/detox-keskus\/uudistuksellinen-teknologia\/#breadcrumb","itemListElement":[{"@type":"ListItem","position":1,"name":"Home","item":"https:\/\/narvajoesuu.ee\/fi\/"},{"@type":"ListItem","position":2,"name":"Detox &#038; Antistress keskus","item":"https:\/\/narvajoesuu.ee\/fi\/detox-keskus\/"},{"@type":"ListItem","position":3,"name":"Kosmeettisia ja l\u00e4\u00e4ketieteellisi\u00e4 uutuuksia nuoruuden, laihdutuksen, kauneuden ja terveyden tukemiseksi"}]},{"@type":"WebSite","@id":"https:\/\/narvajoesuu.ee\/#website","url":"https:\/\/narvajoesuu.ee\/","name":"MEDICAL SPA NARVA-J\u00d5ESUU","description":"","publisher":{"@id":"https:\/\/narvajoesuu.ee\/#organization"},"potentialAction":[{"@type":"SearchAction","target":{"@type":"EntryPoint","urlTemplate":"https:\/\/narvajoesuu.ee\/?s={search_term_string}"},"query-input":{"@type":"PropertyValueSpecification","valueRequired":true,"valueName":"search_term_string"}}],"inLanguage":"fi"},{"@type":"Organization","@id":"https:\/\/narvajoesuu.ee\/#organization","name":"Narva-J\u00f5esuu Medical SPA","url":"https:\/\/narvajoesuu.ee\/","logo":{"@type":"ImageObject","inLanguage":"fi","@id":"https:\/\/narvajoesuu.ee\/#\/schema\/logo\/image\/","url":"https:\/\/narvajoesuu.ee\/wp-content\/uploads\/2020\/10\/narvajoesuu-logo-small.png","contentUrl":"https:\/\/narvajoesuu.ee\/wp-content\/uploads\/2020\/10\/narvajoesuu-logo-small.png","width":170,"height":170,"caption":"Narva-J\u00f5esuu Medical SPA"},"image":{"@id":"https:\/\/narvajoesuu.ee\/#\/schema\/logo\/image\/"}}]}},"uagb_featured_image_src":{"full":false,"thumbnail":false,"medium":false,"medium_large":false,"large":false,"1536x1536":false,"2048x2048":false,"img-1920x550":false,"img-1920x320":false,"img-1920x200":false,"img-670x480":false,"img-570x280":false,"img-507":false,"img-370x240":false,"img-400x250":false,"img-370x175":false,"img-370x120":false,"img-300":false,"img-170":false},"uagb_author_info":{"display_name":"Darja","author_link":"https:\/\/narvajoesuu.ee\/fi\/author\/darja\/"},"uagb_comment_info":0,"uagb_excerpt":"Kauneus alkaa sis\u00e4lt\u00e4. Siksi kiinnit\u00e4mme suurta huomiota kosmeettisiin innovaatioihin, mutta suosittelemme kiinnitt\u00e4m\u00e4\u00e4n huomiota my\u00f6s koko elimist\u00f6n palautumiseen. Kauneus- ja terveyskeskuksessa...","_links":{"self":[{"href":"https:\/\/narvajoesuu.ee\/fi\/wp-json\/wp\/v2\/pages\/10362","targetHints":{"allow":["GET"]}}],"collection":[{"href":"https:\/\/narvajoesuu.ee\/fi\/wp-json\/wp\/v2\/pages"}],"about":[{"href":"https:\/\/narvajoesuu.ee\/fi\/wp-json\/wp\/v2\/types\/page"}],"author":[{"embeddable":true,"href":"https:\/\/narvajoesuu.ee\/fi\/wp-json\/wp\/v2\/users\/2"}],"replies":[{"embeddable":true,"href":"https:\/\/narvajoesuu.ee\/fi\/wp-json\/wp\/v2\/comments?post=10362"}],"version-history":[{"count":15,"href":"https:\/\/narvajoesuu.ee\/fi\/wp-json\/wp\/v2\/pages\/10362\/revisions"}],"predecessor-version":[{"id":17541,"href":"https:\/\/narvajoesuu.ee\/fi\/wp-json\/wp\/v2\/pages\/10362\/revisions\/17541"}],"up":[{"embeddable":true,"href":"https:\/\/narvajoesuu.ee\/fi\/wp-json\/wp\/v2\/pages\/10716"}],"wp:attachment":[{"href":"https:\/\/narvajoesuu.ee\/fi\/wp-json\/wp\/v2\/media?parent=10362"}],"curies":[{"name":"wp","href":"https:\/\/api.w.org\/{rel}","templated":true}]}}