{"id":10351,"date":"2021-03-29T12:42:28","date_gmt":"2021-03-29T09:42:28","guid":{"rendered":"https:\/\/narvajoesuu.ee\/meie-klientide-saavutatud-tulemused\/"},"modified":"2023-09-13T13:11:41","modified_gmt":"2023-09-13T10:11:41","slug":"ennen-ja-jalkeen","status":"publish","type":"page","link":"https:\/\/narvajoesuu.ee\/fi\/detox-keskus\/ennen-ja-jalkeen\/","title":{"rendered":"Meid\u00e4n filosofia"},"content":{"rendered":"\n<p class=\"wp-el\"><strong>Unohda n\u00e4lk\u00e4<\/strong><\/p>\n\n\n\n<p class=\"wp-el\">Meid\u00e4n kehitetty ruokavalio varmistaa etenemisen asetettua tavoitetta kohti ja sit\u00e4 ilman stressi\u00e4 ja ilman halua kiirehti\u00e4 l\u00e4himp\u00e4\u00e4n ruokakauppaan.<\/p>\n\n\n\n<p class=\"wp-el\"><strong>Apua ravintokuidusta<\/strong><\/p>\n\n\n\n<p class=\"wp-el\">Ravintokuitu auttaa pudottamaan painoa ja parantaa terveytt\u00e4. Ruokaan sis\u00e4ltyv\u00e4t kuidut ovat jokap\u00e4iv\u00e4isen ravintomme oleellisena komponenttina. Ravintokuitu k\u00e4sitell\u00e4\u00e4n elimist\u00f6ss\u00e4 hyvien suolistobakteerien toimesta ja se saa aineenvaihdunnan tasapainoon.<\/p>\n\n\n\n<p class=\"wp-el\"><strong>Arteesisesta kaivosta tuleva vesi<\/strong><\/p>\n\n\n\n<p class=\"wp-el\">Ihmisen keho koostuu 60% vedest\u00e4 (t\u00e4m\u00e4 prosentti voi vaihdella i\u00e4n, nesteensaannin tms. mukaan). Elimist\u00f6 tarvitsee puhdasta vett\u00e4 ja juuri sit\u00e4 me tarjoamme, koska Narva-J\u00f5esuun kylpyl\u00e4n DETOX-keskuksessa valmistetaan kaikki ruoka ja juomat puhtaimmalla arteesisella vedell\u00e4, joka on per\u00e4isin syv\u00e4st\u00e4 maanalaisesta j\u00e4rvest\u00e4. P\u00e4\u00e4sy sen veden luokse on vain Narva-J\u00f5esuun kylpyl\u00e4ll\u00e4.<\/p>\n\n\n\n<p class=\"wp-el\"><strong>Aikaa itsellesi<\/strong><\/p>\n\n\n\n<p class=\"wp-el\">Ota itsellesi aikaa ja laita ylim\u00e4\u00e4r\u00e4inen meteli pois. Viet\u00e4 aikaa meid\u00e4n arteesisella vedell\u00e4 t\u00e4ytetyiss\u00e4 hierontakylvyiss\u00e4, nauti saunomisesta ja rentoudu niiden hoitojen aikana. Tunne el\u00e4m\u00e4n ilo ja energian tulva.<\/p>\n\n\n\n<p class=\"wp-el\"><strong>Normaali ruoka<\/strong><\/p>\n\n\n\n<p class=\"wp-el\">Erilaisten smoothien ja soseiden lis\u00e4ksi tarjoamme kevytt\u00e4 ja terveellist\u00e4 ruokaa, joka sis\u00e4lt\u00e4\u00e4 vitamiineja sek\u00e4 runsaasti makro- ja mikroelementtej\u00e4. Ruokavaliosta on j\u00e4tetty kokonaan pois jauho, lis\u00e4tty sokeri, hiilihapotetut juomat, rasvaiset ruoat, puolivalmisteet jms.<\/p>\n","protected":false},"excerpt":{"rendered":"<p>Unohda n\u00e4lk\u00e4 Meid\u00e4n kehitetty ruokavalio varmistaa etenemisen asetettua tavoitetta kohti ja sit\u00e4 ilman stressi\u00e4 ja ilman halua kiirehti\u00e4 l\u00e4himp\u00e4\u00e4n ruokakauppaan&#8230;.<\/p>\n","protected":false},"author":2,"featured_media":0,"parent":10716,"menu_order":661,"comment_status":"closed","ping_status":"closed","template":"","meta":{"_acf_changed":false,"_uag_custom_page_level_css":"","_monsterinsights_skip_tracking":false,"_monsterinsights_sitenote_active":false,"_monsterinsights_sitenote_note":"","_monsterinsights_sitenote_category":0,"footnotes":""},"class_list":["post-10351","page","type-page","status-publish","hentry"],"acf":[],"yoast_head":"<!-- This site is optimized with the Yoast SEO plugin v27.4 - https:\/\/yoast.com\/product\/yoast-seo-wordpress\/ -->\n<title>Meid\u00e4n filosofia - MEDICAL SPA NARVA-J\u00d5ESUU<\/title>\n<meta name=\"robots\" content=\"index, follow, max-snippet:-1, max-image-preview:large, max-video-preview:-1\" \/>\n<link rel=\"canonical\" href=\"https:\/\/narvajoesuu.ee\/fi\/detox-keskus\/ennen-ja-jalkeen\/\" \/>\n<meta property=\"og:locale\" content=\"fi_FI\" \/>\n<meta property=\"og:type\" content=\"article\" \/>\n<meta property=\"og:title\" content=\"Meid\u00e4n filosofia - MEDICAL SPA NARVA-J\u00d5ESUU\" \/>\n<meta property=\"og:description\" content=\"Unohda n\u00e4lk\u00e4 Meid\u00e4n kehitetty ruokavalio varmistaa etenemisen asetettua tavoitetta kohti ja sit\u00e4 ilman stressi\u00e4 ja ilman halua kiirehti\u00e4 l\u00e4himp\u00e4\u00e4n ruokakauppaan....\" \/>\n<meta property=\"og:url\" content=\"https:\/\/narvajoesuu.ee\/fi\/detox-keskus\/ennen-ja-jalkeen\/\" \/>\n<meta property=\"og:site_name\" content=\"MEDICAL SPA NARVA-J\u00d5ESUU\" \/>\n<meta property=\"article:modified_time\" content=\"2023-09-13T10:11:41+00:00\" \/>\n<meta property=\"og:image\" content=\"https:\/\/narvajoesuu.ee\/wp-content\/uploads\/2021\/12\/Maja-pilt.png\" \/>\n\t<meta property=\"og:image:width\" content=\"1200\" \/>\n\t<meta property=\"og:image:height\" content=\"630\" \/>\n\t<meta property=\"og:image:type\" content=\"image\/png\" \/>\n<meta name=\"twitter:card\" content=\"summary_large_image\" \/>\n<script type=\"application\/ld+json\" class=\"yoast-schema-graph\">{\"@context\":\"https:\\\/\\\/schema.org\",\"@graph\":[{\"@type\":\"WebPage\",\"@id\":\"https:\\\/\\\/narvajoesuu.ee\\\/fi\\\/detox-keskus\\\/ennen-ja-jalkeen\\\/\",\"url\":\"https:\\\/\\\/narvajoesuu.ee\\\/fi\\\/detox-keskus\\\/ennen-ja-jalkeen\\\/\",\"name\":\"Meid\u00e4n filosofia - MEDICAL SPA NARVA-J\u00d5ESUU\",\"isPartOf\":{\"@id\":\"https:\\\/\\\/narvajoesuu.ee\\\/#website\"},\"datePublished\":\"2021-03-29T09:42:28+00:00\",\"dateModified\":\"2023-09-13T10:11:41+00:00\",\"breadcrumb\":{\"@id\":\"https:\\\/\\\/narvajoesuu.ee\\\/fi\\\/detox-keskus\\\/ennen-ja-jalkeen\\\/#breadcrumb\"},\"inLanguage\":\"fi\",\"potentialAction\":[{\"@type\":\"ReadAction\",\"target\":[\"https:\\\/\\\/narvajoesuu.ee\\\/fi\\\/detox-keskus\\\/ennen-ja-jalkeen\\\/\"]}]},{\"@type\":\"BreadcrumbList\",\"@id\":\"https:\\\/\\\/narvajoesuu.ee\\\/fi\\\/detox-keskus\\\/ennen-ja-jalkeen\\\/#breadcrumb\",\"itemListElement\":[{\"@type\":\"ListItem\",\"position\":1,\"name\":\"Home\",\"item\":\"https:\\\/\\\/narvajoesuu.ee\\\/fi\\\/\"},{\"@type\":\"ListItem\",\"position\":2,\"name\":\"Detox &#038; Antistress keskus\",\"item\":\"https:\\\/\\\/narvajoesuu.ee\\\/fi\\\/detox-keskus\\\/\"},{\"@type\":\"ListItem\",\"position\":3,\"name\":\"Meid\u00e4n filosofia\"}]},{\"@type\":\"WebSite\",\"@id\":\"https:\\\/\\\/narvajoesuu.ee\\\/#website\",\"url\":\"https:\\\/\\\/narvajoesuu.ee\\\/\",\"name\":\"MEDICAL SPA NARVA-J\u00d5ESUU\",\"description\":\"\",\"publisher\":{\"@id\":\"https:\\\/\\\/narvajoesuu.ee\\\/#organization\"},\"potentialAction\":[{\"@type\":\"SearchAction\",\"target\":{\"@type\":\"EntryPoint\",\"urlTemplate\":\"https:\\\/\\\/narvajoesuu.ee\\\/?s={search_term_string}\"},\"query-input\":{\"@type\":\"PropertyValueSpecification\",\"valueRequired\":true,\"valueName\":\"search_term_string\"}}],\"inLanguage\":\"fi\"},{\"@type\":\"Organization\",\"@id\":\"https:\\\/\\\/narvajoesuu.ee\\\/#organization\",\"name\":\"Narva-J\u00f5esuu Medical SPA\",\"url\":\"https:\\\/\\\/narvajoesuu.ee\\\/\",\"logo\":{\"@type\":\"ImageObject\",\"inLanguage\":\"fi\",\"@id\":\"https:\\\/\\\/narvajoesuu.ee\\\/#\\\/schema\\\/logo\\\/image\\\/\",\"url\":\"https:\\\/\\\/narvajoesuu.ee\\\/wp-content\\\/uploads\\\/2020\\\/10\\\/narvajoesuu-logo-small.png\",\"contentUrl\":\"https:\\\/\\\/narvajoesuu.ee\\\/wp-content\\\/uploads\\\/2020\\\/10\\\/narvajoesuu-logo-small.png\",\"width\":170,\"height\":170,\"caption\":\"Narva-J\u00f5esuu Medical SPA\"},\"image\":{\"@id\":\"https:\\\/\\\/narvajoesuu.ee\\\/#\\\/schema\\\/logo\\\/image\\\/\"}}]}<\/script>\n<!-- \/ Yoast SEO plugin. -->","yoast_head_json":{"title":"Meid\u00e4n filosofia - MEDICAL SPA NARVA-J\u00d5ESUU","robots":{"index":"index","follow":"follow","max-snippet":"max-snippet:-1","max-image-preview":"max-image-preview:large","max-video-preview":"max-video-preview:-1"},"canonical":"https:\/\/narvajoesuu.ee\/fi\/detox-keskus\/ennen-ja-jalkeen\/","og_locale":"fi_FI","og_type":"article","og_title":"Meid\u00e4n filosofia - MEDICAL SPA NARVA-J\u00d5ESUU","og_description":"Unohda n\u00e4lk\u00e4 Meid\u00e4n kehitetty ruokavalio varmistaa etenemisen asetettua tavoitetta kohti ja sit\u00e4 ilman stressi\u00e4 ja ilman halua kiirehti\u00e4 l\u00e4himp\u00e4\u00e4n ruokakauppaan....","og_url":"https:\/\/narvajoesuu.ee\/fi\/detox-keskus\/ennen-ja-jalkeen\/","og_site_name":"MEDICAL SPA NARVA-J\u00d5ESUU","article_modified_time":"2023-09-13T10:11:41+00:00","og_image":[{"width":1200,"height":630,"url":"https:\/\/narvajoesuu.ee\/wp-content\/uploads\/2021\/12\/Maja-pilt.png","type":"image\/png"}],"twitter_card":"summary_large_image","schema":{"@context":"https:\/\/schema.org","@graph":[{"@type":"WebPage","@id":"https:\/\/narvajoesuu.ee\/fi\/detox-keskus\/ennen-ja-jalkeen\/","url":"https:\/\/narvajoesuu.ee\/fi\/detox-keskus\/ennen-ja-jalkeen\/","name":"Meid\u00e4n filosofia - MEDICAL SPA NARVA-J\u00d5ESUU","isPartOf":{"@id":"https:\/\/narvajoesuu.ee\/#website"},"datePublished":"2021-03-29T09:42:28+00:00","dateModified":"2023-09-13T10:11:41+00:00","breadcrumb":{"@id":"https:\/\/narvajoesuu.ee\/fi\/detox-keskus\/ennen-ja-jalkeen\/#breadcrumb"},"inLanguage":"fi","potentialAction":[{"@type":"ReadAction","target":["https:\/\/narvajoesuu.ee\/fi\/detox-keskus\/ennen-ja-jalkeen\/"]}]},{"@type":"BreadcrumbList","@id":"https:\/\/narvajoesuu.ee\/fi\/detox-keskus\/ennen-ja-jalkeen\/#breadcrumb","itemListElement":[{"@type":"ListItem","position":1,"name":"Home","item":"https:\/\/narvajoesuu.ee\/fi\/"},{"@type":"ListItem","position":2,"name":"Detox &#038; Antistress keskus","item":"https:\/\/narvajoesuu.ee\/fi\/detox-keskus\/"},{"@type":"ListItem","position":3,"name":"Meid\u00e4n filosofia"}]},{"@type":"WebSite","@id":"https:\/\/narvajoesuu.ee\/#website","url":"https:\/\/narvajoesuu.ee\/","name":"MEDICAL SPA NARVA-J\u00d5ESUU","description":"","publisher":{"@id":"https:\/\/narvajoesuu.ee\/#organization"},"potentialAction":[{"@type":"SearchAction","target":{"@type":"EntryPoint","urlTemplate":"https:\/\/narvajoesuu.ee\/?s={search_term_string}"},"query-input":{"@type":"PropertyValueSpecification","valueRequired":true,"valueName":"search_term_string"}}],"inLanguage":"fi"},{"@type":"Organization","@id":"https:\/\/narvajoesuu.ee\/#organization","name":"Narva-J\u00f5esuu Medical SPA","url":"https:\/\/narvajoesuu.ee\/","logo":{"@type":"ImageObject","inLanguage":"fi","@id":"https:\/\/narvajoesuu.ee\/#\/schema\/logo\/image\/","url":"https:\/\/narvajoesuu.ee\/wp-content\/uploads\/2020\/10\/narvajoesuu-logo-small.png","contentUrl":"https:\/\/narvajoesuu.ee\/wp-content\/uploads\/2020\/10\/narvajoesuu-logo-small.png","width":170,"height":170,"caption":"Narva-J\u00f5esuu Medical SPA"},"image":{"@id":"https:\/\/narvajoesuu.ee\/#\/schema\/logo\/image\/"}}]}},"uagb_featured_image_src":{"full":false,"thumbnail":false,"medium":false,"medium_large":false,"large":false,"1536x1536":false,"2048x2048":false,"img-1920x550":false,"img-1920x320":false,"img-1920x200":false,"img-670x480":false,"img-570x280":false,"img-507":false,"img-370x240":false,"img-400x250":false,"img-370x175":false,"img-370x120":false,"img-300":false,"img-170":false},"uagb_author_info":{"display_name":"Darja","author_link":"https:\/\/narvajoesuu.ee\/fi\/author\/darja\/"},"uagb_comment_info":0,"uagb_excerpt":"Unohda n\u00e4lk\u00e4 Meid\u00e4n kehitetty ruokavalio varmistaa etenemisen asetettua tavoitetta kohti ja sit\u00e4 ilman stressi\u00e4 ja ilman halua kiirehti\u00e4 l\u00e4himp\u00e4\u00e4n ruokakauppaan....","_links":{"self":[{"href":"https:\/\/narvajoesuu.ee\/fi\/wp-json\/wp\/v2\/pages\/10351","targetHints":{"allow":["GET"]}}],"collection":[{"href":"https:\/\/narvajoesuu.ee\/fi\/wp-json\/wp\/v2\/pages"}],"about":[{"href":"https:\/\/narvajoesuu.ee\/fi\/wp-json\/wp\/v2\/types\/page"}],"author":[{"embeddable":true,"href":"https:\/\/narvajoesuu.ee\/fi\/wp-json\/wp\/v2\/users\/2"}],"replies":[{"embeddable":true,"href":"https:\/\/narvajoesuu.ee\/fi\/wp-json\/wp\/v2\/comments?post=10351"}],"version-history":[{"count":4,"href":"https:\/\/narvajoesuu.ee\/fi\/wp-json\/wp\/v2\/pages\/10351\/revisions"}],"predecessor-version":[{"id":16863,"href":"https:\/\/narvajoesuu.ee\/fi\/wp-json\/wp\/v2\/pages\/10351\/revisions\/16863"}],"up":[{"embeddable":true,"href":"https:\/\/narvajoesuu.ee\/fi\/wp-json\/wp\/v2\/pages\/10716"}],"wp:attachment":[{"href":"https:\/\/narvajoesuu.ee\/fi\/wp-json\/wp\/v2\/media?parent=10351"}],"curies":[{"name":"wp","href":"https:\/\/api.w.org\/{rel}","templated":true}]}}