{"id":10321,"date":"2021-04-30T18:11:31","date_gmt":"2021-04-30T15:11:31","guid":{"rendered":"https:\/\/narvajoesuu.ee\/esita-oma-kusimus\/"},"modified":"2026-02-26T13:37:03","modified_gmt":"2026-02-26T11:37:03","slug":"esita-oma-kusimus","status":"publish","type":"page","link":"https:\/\/narvajoesuu.ee\/fi\/detox-keskus\/detox-ohjelmat\/esita-oma-kusimus\/","title":{"rendered":"Esita oma k\u00fcsimus"},"content":{"rendered":"\n<div class=\"wp-block-contact-form-7-contact-form-selector\">\n<div class=\"wpcf7 no-js\" id=\"wpcf7-f3652-o1\" lang=\"et\" dir=\"ltr\" data-wpcf7-id=\"3652\">\n<div class=\"screen-reader-response\"><p role=\"status\" aria-live=\"polite\" aria-atomic=\"true\"><\/p> <ul><\/ul><\/div>\n<form action=\"\/fi\/wp-json\/wp\/v2\/pages\/10321#wpcf7-f3652-o1\" method=\"post\" class=\"wpcf7-form init\" aria-label=\"Contact form\" novalidate=\"novalidate\" data-status=\"init\">\n<fieldset class=\"hidden-fields-container\"><input type=\"hidden\" name=\"_wpcf7\" value=\"3652\" \/><input type=\"hidden\" name=\"_wpcf7_version\" value=\"6.1.5\" \/><input type=\"hidden\" name=\"_wpcf7_locale\" value=\"et\" \/><input type=\"hidden\" name=\"_wpcf7_unit_tag\" value=\"wpcf7-f3652-o1\" \/><input type=\"hidden\" name=\"_wpcf7_container_post\" value=\"0\" \/><input type=\"hidden\" name=\"_wpcf7_posted_data_hash\" value=\"\" \/>\n<\/fieldset>\n<div id=\"cf7\">\n\t<div class=\"grid-container\">\n\t\t<div class=\"grid-row\">\n\t\t\t<div class=\"col-md-12\">\n\t\t\t\t<p><em>T\u00e4rniga * m\u00e4rgitud v\u00e4ljad on kohustuslikud.<\/em>\n\t\t\t\t<\/p>\n\t\t\t<\/div>\n\t\t\t<div class=\"col-md-6\">\n\t\t\t\t<p><label>Nimi * <span class=\"wpcf7-form-control-wrap\" data-name=\"client-name\"><input size=\"40\" maxlength=\"400\" class=\"wpcf7-form-control wpcf7-text wpcf7-validates-as-required\" aria-required=\"true\" aria-invalid=\"false\" value=\"\" type=\"text\" name=\"client-name\" \/><\/span><\/label>\n\t\t\t\t<\/p>\n\t\t\t<\/div>\n\t\t\t<div class=\"col-md-6\">\n\t\t\t\t<p><label>E-post * <span class=\"wpcf7-form-control-wrap\" data-name=\"client-email\"><input size=\"40\" maxlength=\"400\" class=\"wpcf7-form-control wpcf7-email wpcf7-validates-as-required wpcf7-text wpcf7-validates-as-email\" aria-required=\"true\" aria-invalid=\"false\" value=\"\" type=\"email\" name=\"client-email\" \/><\/span><\/label>\n\t\t\t\t<\/p>\n\t\t\t<\/div>\n\t\t\t<div class=\"col-12\">\n\t\t\t\t<p><label>S\u00f5num * <span class=\"wpcf7-form-control-wrap\" data-name=\"client-message\"><textarea cols=\"40\" rows=\"10\" maxlength=\"2000\" class=\"wpcf7-form-control wpcf7-textarea wpcf7-validates-as-required\" aria-required=\"true\" aria-invalid=\"false\" name=\"client-message\"><\/textarea><\/span><\/label>\n\t\t\t\t<\/p>\n\t\t\t<\/div>\n\t\t\t<div class=\"col-12\">\n\t\t\t\t<div class=\"text-center pt-3\">\n\t\t\t\t<div class=\"wpcf7-response-output\" aria-hidden=\"true\"><\/div>\n\t\t\t\t\t<p><input class=\"wpcf7-form-control wpcf7-submit has-spinner btn btn-primary\" type=\"submit\" value=\"Saada\" \/>\n\t\t\t\t\t<\/p>\n\t\t\t\t<\/div>\n\t\t\t<\/div>\n\t\t<\/div>\n\t<\/div>\n<\/div>\n<\/form>\n<\/div>\n<\/div>\n","protected":false},"excerpt":{"rendered":"","protected":false},"author":3,"featured_media":0,"parent":10367,"menu_order":707,"comment_status":"closed","ping_status":"closed","template":"","meta":{"_acf_changed":false,"_uag_custom_page_level_css":"","_monsterinsights_skip_tracking":false,"_monsterinsights_sitenote_active":false,"_monsterinsights_sitenote_note":"","_monsterinsights_sitenote_category":0,"footnotes":""},"class_list":["post-10321","page","type-page","status-publish","hentry"],"acf":[],"yoast_head":"<!-- This site is optimized with the Yoast SEO plugin v27.4 - https:\/\/yoast.com\/product\/yoast-seo-wordpress\/ -->\n<title>Esita oma k\u00fcsimus - MEDICAL SPA NARVA-J\u00d5ESUU<\/title>\n<meta name=\"robots\" content=\"index, follow, max-snippet:-1, max-image-preview:large, max-video-preview:-1\" \/>\n<link rel=\"canonical\" href=\"https:\/\/narvajoesuu.ee\/fi\/detox-keskus\/detox-ohjelmat\/esita-oma-kusimus\/\" \/>\n<meta property=\"og:locale\" content=\"fi_FI\" \/>\n<meta property=\"og:type\" content=\"article\" \/>\n<meta property=\"og:title\" content=\"Esita oma k\u00fcsimus - MEDICAL SPA NARVA-J\u00d5ESUU\" \/>\n<meta property=\"og:url\" content=\"https:\/\/narvajoesuu.ee\/fi\/detox-keskus\/detox-ohjelmat\/esita-oma-kusimus\/\" \/>\n<meta property=\"og:site_name\" content=\"MEDICAL SPA NARVA-J\u00d5ESUU\" \/>\n<meta property=\"article:modified_time\" content=\"2026-02-26T11:37:03+00:00\" \/>\n<meta property=\"og:image\" content=\"https:\/\/narvajoesuu.ee\/wp-content\/uploads\/2021\/12\/Maja-pilt.png\" \/>\n\t<meta property=\"og:image:width\" content=\"1200\" \/>\n\t<meta property=\"og:image:height\" content=\"630\" \/>\n\t<meta property=\"og:image:type\" content=\"image\/png\" \/>\n<meta name=\"twitter:card\" content=\"summary_large_image\" \/>\n<meta name=\"twitter:label1\" content=\"Arvioitu lukuaika\" \/>\n\t<meta name=\"twitter:data1\" content=\"1 minuutti\" \/>\n<script type=\"application\/ld+json\" class=\"yoast-schema-graph\">{\"@context\":\"https:\\\/\\\/schema.org\",\"@graph\":[{\"@type\":\"WebPage\",\"@id\":\"https:\\\/\\\/narvajoesuu.ee\\\/fi\\\/detox-keskus\\\/detox-ohjelmat\\\/esita-oma-kusimus\\\/\",\"url\":\"https:\\\/\\\/narvajoesuu.ee\\\/fi\\\/detox-keskus\\\/detox-ohjelmat\\\/esita-oma-kusimus\\\/\",\"name\":\"Esita oma k\u00fcsimus - MEDICAL SPA NARVA-J\u00d5ESUU\",\"isPartOf\":{\"@id\":\"https:\\\/\\\/narvajoesuu.ee\\\/#website\"},\"datePublished\":\"2021-04-30T15:11:31+00:00\",\"dateModified\":\"2026-02-26T11:37:03+00:00\",\"breadcrumb\":{\"@id\":\"https:\\\/\\\/narvajoesuu.ee\\\/fi\\\/detox-keskus\\\/detox-ohjelmat\\\/esita-oma-kusimus\\\/#breadcrumb\"},\"inLanguage\":\"fi\",\"potentialAction\":[{\"@type\":\"ReadAction\",\"target\":[\"https:\\\/\\\/narvajoesuu.ee\\\/fi\\\/detox-keskus\\\/detox-ohjelmat\\\/esita-oma-kusimus\\\/\"]}]},{\"@type\":\"BreadcrumbList\",\"@id\":\"https:\\\/\\\/narvajoesuu.ee\\\/fi\\\/detox-keskus\\\/detox-ohjelmat\\\/esita-oma-kusimus\\\/#breadcrumb\",\"itemListElement\":[{\"@type\":\"ListItem\",\"position\":1,\"name\":\"Home\",\"item\":\"https:\\\/\\\/narvajoesuu.ee\\\/fi\\\/\"},{\"@type\":\"ListItem\",\"position\":2,\"name\":\"Detox &#038; Antistress keskus\",\"item\":\"https:\\\/\\\/narvajoesuu.ee\\\/fi\\\/detox-keskus\\\/\"},{\"@type\":\"ListItem\",\"position\":3,\"name\":\"DETOX ja painonpudotuskeskus\",\"item\":\"https:\\\/\\\/narvajoesuu.ee\\\/fi\\\/detox-keskus\\\/detox-ohjelmat\\\/\"},{\"@type\":\"ListItem\",\"position\":4,\"name\":\"Esita oma k\u00fcsimus\"}]},{\"@type\":\"WebSite\",\"@id\":\"https:\\\/\\\/narvajoesuu.ee\\\/#website\",\"url\":\"https:\\\/\\\/narvajoesuu.ee\\\/\",\"name\":\"MEDICAL SPA NARVA-J\u00d5ESUU\",\"description\":\"\",\"publisher\":{\"@id\":\"https:\\\/\\\/narvajoesuu.ee\\\/#organization\"},\"potentialAction\":[{\"@type\":\"SearchAction\",\"target\":{\"@type\":\"EntryPoint\",\"urlTemplate\":\"https:\\\/\\\/narvajoesuu.ee\\\/?s={search_term_string}\"},\"query-input\":{\"@type\":\"PropertyValueSpecification\",\"valueRequired\":true,\"valueName\":\"search_term_string\"}}],\"inLanguage\":\"fi\"},{\"@type\":\"Organization\",\"@id\":\"https:\\\/\\\/narvajoesuu.ee\\\/#organization\",\"name\":\"Narva-J\u00f5esuu Medical SPA\",\"url\":\"https:\\\/\\\/narvajoesuu.ee\\\/\",\"logo\":{\"@type\":\"ImageObject\",\"inLanguage\":\"fi\",\"@id\":\"https:\\\/\\\/narvajoesuu.ee\\\/#\\\/schema\\\/logo\\\/image\\\/\",\"url\":\"https:\\\/\\\/narvajoesuu.ee\\\/wp-content\\\/uploads\\\/2020\\\/10\\\/narvajoesuu-logo-small.png\",\"contentUrl\":\"https:\\\/\\\/narvajoesuu.ee\\\/wp-content\\\/uploads\\\/2020\\\/10\\\/narvajoesuu-logo-small.png\",\"width\":170,\"height\":170,\"caption\":\"Narva-J\u00f5esuu Medical SPA\"},\"image\":{\"@id\":\"https:\\\/\\\/narvajoesuu.ee\\\/#\\\/schema\\\/logo\\\/image\\\/\"}}]}<\/script>\n<!-- \/ Yoast SEO plugin. -->","yoast_head_json":{"title":"Esita oma k\u00fcsimus - MEDICAL SPA NARVA-J\u00d5ESUU","robots":{"index":"index","follow":"follow","max-snippet":"max-snippet:-1","max-image-preview":"max-image-preview:large","max-video-preview":"max-video-preview:-1"},"canonical":"https:\/\/narvajoesuu.ee\/fi\/detox-keskus\/detox-ohjelmat\/esita-oma-kusimus\/","og_locale":"fi_FI","og_type":"article","og_title":"Esita oma k\u00fcsimus - MEDICAL SPA NARVA-J\u00d5ESUU","og_url":"https:\/\/narvajoesuu.ee\/fi\/detox-keskus\/detox-ohjelmat\/esita-oma-kusimus\/","og_site_name":"MEDICAL SPA NARVA-J\u00d5ESUU","article_modified_time":"2026-02-26T11:37:03+00:00","og_image":[{"width":1200,"height":630,"url":"https:\/\/narvajoesuu.ee\/wp-content\/uploads\/2021\/12\/Maja-pilt.png","type":"image\/png"}],"twitter_card":"summary_large_image","twitter_misc":{"Arvioitu lukuaika":"1 minuutti"},"schema":{"@context":"https:\/\/schema.org","@graph":[{"@type":"WebPage","@id":"https:\/\/narvajoesuu.ee\/fi\/detox-keskus\/detox-ohjelmat\/esita-oma-kusimus\/","url":"https:\/\/narvajoesuu.ee\/fi\/detox-keskus\/detox-ohjelmat\/esita-oma-kusimus\/","name":"Esita oma k\u00fcsimus - MEDICAL SPA NARVA-J\u00d5ESUU","isPartOf":{"@id":"https:\/\/narvajoesuu.ee\/#website"},"datePublished":"2021-04-30T15:11:31+00:00","dateModified":"2026-02-26T11:37:03+00:00","breadcrumb":{"@id":"https:\/\/narvajoesuu.ee\/fi\/detox-keskus\/detox-ohjelmat\/esita-oma-kusimus\/#breadcrumb"},"inLanguage":"fi","potentialAction":[{"@type":"ReadAction","target":["https:\/\/narvajoesuu.ee\/fi\/detox-keskus\/detox-ohjelmat\/esita-oma-kusimus\/"]}]},{"@type":"BreadcrumbList","@id":"https:\/\/narvajoesuu.ee\/fi\/detox-keskus\/detox-ohjelmat\/esita-oma-kusimus\/#breadcrumb","itemListElement":[{"@type":"ListItem","position":1,"name":"Home","item":"https:\/\/narvajoesuu.ee\/fi\/"},{"@type":"ListItem","position":2,"name":"Detox &#038; Antistress keskus","item":"https:\/\/narvajoesuu.ee\/fi\/detox-keskus\/"},{"@type":"ListItem","position":3,"name":"DETOX ja painonpudotuskeskus","item":"https:\/\/narvajoesuu.ee\/fi\/detox-keskus\/detox-ohjelmat\/"},{"@type":"ListItem","position":4,"name":"Esita oma k\u00fcsimus"}]},{"@type":"WebSite","@id":"https:\/\/narvajoesuu.ee\/#website","url":"https:\/\/narvajoesuu.ee\/","name":"MEDICAL SPA NARVA-J\u00d5ESUU","description":"","publisher":{"@id":"https:\/\/narvajoesuu.ee\/#organization"},"potentialAction":[{"@type":"SearchAction","target":{"@type":"EntryPoint","urlTemplate":"https:\/\/narvajoesuu.ee\/?s={search_term_string}"},"query-input":{"@type":"PropertyValueSpecification","valueRequired":true,"valueName":"search_term_string"}}],"inLanguage":"fi"},{"@type":"Organization","@id":"https:\/\/narvajoesuu.ee\/#organization","name":"Narva-J\u00f5esuu Medical SPA","url":"https:\/\/narvajoesuu.ee\/","logo":{"@type":"ImageObject","inLanguage":"fi","@id":"https:\/\/narvajoesuu.ee\/#\/schema\/logo\/image\/","url":"https:\/\/narvajoesuu.ee\/wp-content\/uploads\/2020\/10\/narvajoesuu-logo-small.png","contentUrl":"https:\/\/narvajoesuu.ee\/wp-content\/uploads\/2020\/10\/narvajoesuu-logo-small.png","width":170,"height":170,"caption":"Narva-J\u00f5esuu Medical SPA"},"image":{"@id":"https:\/\/narvajoesuu.ee\/#\/schema\/logo\/image\/"}}]}},"uagb_featured_image_src":{"full":false,"thumbnail":false,"medium":false,"medium_large":false,"large":false,"1536x1536":false,"2048x2048":false,"img-1920x550":false,"img-1920x320":false,"img-1920x200":false,"img-670x480":false,"img-570x280":false,"img-507":false,"img-370x240":false,"img-400x250":false,"img-370x175":false,"img-370x120":false,"img-300":false,"img-170":false},"uagb_author_info":{"display_name":"Maksim Mitrofanov","author_link":"https:\/\/narvajoesuu.ee\/fi\/author\/maksim\/"},"uagb_comment_info":0,"uagb_excerpt":null,"_links":{"self":[{"href":"https:\/\/narvajoesuu.ee\/fi\/wp-json\/wp\/v2\/pages\/10321","targetHints":{"allow":["GET"]}}],"collection":[{"href":"https:\/\/narvajoesuu.ee\/fi\/wp-json\/wp\/v2\/pages"}],"about":[{"href":"https:\/\/narvajoesuu.ee\/fi\/wp-json\/wp\/v2\/types\/page"}],"author":[{"embeddable":true,"href":"https:\/\/narvajoesuu.ee\/fi\/wp-json\/wp\/v2\/users\/3"}],"replies":[{"embeddable":true,"href":"https:\/\/narvajoesuu.ee\/fi\/wp-json\/wp\/v2\/comments?post=10321"}],"version-history":[{"count":1,"href":"https:\/\/narvajoesuu.ee\/fi\/wp-json\/wp\/v2\/pages\/10321\/revisions"}],"predecessor-version":[{"id":12306,"href":"https:\/\/narvajoesuu.ee\/fi\/wp-json\/wp\/v2\/pages\/10321\/revisions\/12306"}],"up":[{"embeddable":true,"href":"https:\/\/narvajoesuu.ee\/fi\/wp-json\/wp\/v2\/pages\/10367"}],"wp:attachment":[{"href":"https:\/\/narvajoesuu.ee\/fi\/wp-json\/wp\/v2\/media?parent=10321"}],"curies":[{"name":"wp","href":"https:\/\/api.w.org\/{rel}","templated":true}]}}